{"id":20,"date":"2022-01-25T21:20:28","date_gmt":"2022-01-25T21:20:28","guid":{"rendered":"https:\/\/suyana.shop\/allgemeine_geschaeftsbedingungen"},"modified":"2025-03-24T17:30:12","modified_gmt":"2025-03-24T16:30:12","slug":"general-terms-and-conditions-of-business","status":"publish","type":"page","link":"https:\/\/suyana.shop\/en\/allgemeine_geschaeftsbedingungen","title":{"rendered":"General terms and conditions"},"content":{"rendered":"<div data-elementor-type=\"wp-page\" data-elementor-id=\"20\" class=\"elementor elementor-20\" data-elementor-post-type=\"page\">\n\t\t\t\t\t\t<section class=\"elementor-section elementor-top-section elementor-element elementor-element-4f3dfea4 elementor-section-boxed elementor-section-height-default elementor-section-height-default\" data-id=\"4f3dfea4\" data-element_type=\"section\" data-e-type=\"section\">\n\t\t\t\t\t\t<div class=\"elementor-container elementor-column-gap-default\">\n\t\t\t\t\t<div class=\"elementor-column elementor-col-100 elementor-top-column elementor-element elementor-element-77bd943\" data-id=\"77bd943\" data-element_type=\"column\" data-e-type=\"column\">\n\t\t\t<div class=\"elementor-widget-wrap elementor-element-populated\">\n\t\t\t\t\t\t<div class=\"elementor-element elementor-element-51ada0eb elementor-widget elementor-widget-text-editor\" data-id=\"51ada0eb\" data-element_type=\"widget\" data-e-type=\"widget\" data-widget_type=\"text-editor.default\">\n\t\t\t\t<div class=\"elementor-widget-container\">\n\t\t\t\t\t\t\t\t\t<h1>General terms and conditions<\/h1><p><img class=\"\" src=\"\/wp-content\/uploads\/2022\/07\/suyana-squiggle.svg\" alt=\"\" width=\"103\" height=\"35\" \/><\/p><div><p style=\"text-align: left;\"><strong>General Terms and Conditions with Customer Information<\/strong><\/p><p style=\"text-align: left;\">1. Area of Application<br \/>2. Offers and service descriptions<br \/>3. Order process and conclusion of contract<br \/>4. Prices and shipping costs<br \/>5. Delivery, availability of goods<br \/>6. Payment modalities<br \/>7. Reservation of proprietary rights<br \/>8. Warranty for material defects and guarantee<br \/>9. Liability<br \/>10. Storage of the contract text<br \/>11. Final provisions<\/p><p>General Terms and Conditions of Suyana GmbH<\/p><p>1. Area of Application<br \/>1.1 The business relationship between Suyana GmbH, Luxemburger Stra\u00dfe 124, 50939 Cologne, Germany, represented by the managing partners Elias El Gharbaoui &amp; Cem Gemici (hereinafter \"Seller\") and the customer (hereinafter \"Customer\") shall be governed exclusively by the following General Terms and Conditions in the version valid at the time of the order.<\/p><p>1.2 You can reach our customer service for questions, complaints and objections on weekdays from 14:00 to 20:00 on the telephone number +49 177 6852817 and by e-mail at office@suyana.shop.<\/p><p>1.3 A consumer within the meaning of these GTC is any natural person who concludes a legal transaction for a purpose that cannot be attributed primarily to their commercial or independent professional activity (Section 13 BGB).<\/p><p>1.4 Deviating terms and conditions of the customer are not recognized unless the seller expressly agrees to their validity.<\/p><p>2. Offers and service descriptions<br \/>The presentation of the products in the online store does not constitute a legally binding offer, but an invitation to place an order. Service descriptions in catalogs as well as on the websites of the seller do not have the character of an assurance or guarantee.<\/p><p>3. Order process and conclusion of contract<br \/>3.1 The customer can select products from the seller's range without obligation and collect them in a so-called shopping basket using the \"Add to basket\" button. The product selection can be changed or deleted within the shopping basket. The customer can then proceed to complete the order process within the shopping basket by clicking on the \"Continue to checkout\" button.<\/p><p>3.2 The customer submits a binding request to purchase the goods in the shopping basket by clicking on the \"Order with obligation to pay\" button. Before submitting the order, the customer can change and view the data at any time and use the \"back\" browser function to return to the shopping basket or cancel the order process altogether.<\/p><p>3.3 The seller then sends the customer an automatic confirmation of receipt by email, which lists the customer's order again. The confirmation merely documents receipt of the order and does not constitute acceptance of the offer. The purchase contract is only concluded when the seller dispatches or hands over the ordered product within two days or confirms the dispatch within two days with an express order confirmation or sending of the invoice.<\/p><p>4. Prices and shipping costs<br \/>4.1 All prices on the seller's website include the applicable statutory value added tax.<\/p><p>4.2 In addition to the stated prices, the seller charges shipping costs for delivery, which are displayed to the buyer during the ordering process.<\/p><p>5. Delivery, availability of goods<br \/>5.1 If advance payment has been agreed, delivery will be made after receipt of payment.<\/p><p>5.2 Should the delivery of the goods fail through the fault of the buyer despite three delivery attempts, the seller may withdraw from the contract. Payments made will be refunded to the customer immediately.<\/p><p>5.3 If an ordered product is not available because the seller is not supplied through no fault of its own, the seller may withdraw from the contract. The customer will be informed immediately and any payments already made will be refunded.<\/p><p>6. Payment modalities<br \/>6.1 The customer can choose from the available payment methods.<\/p><p>6.2 If payment by invoice is possible, payment must be made within 30 days of receipt of the goods and invoice. For all other payment methods, payment must be made in advance without deduction.<\/p><p>6.3 If third-party providers are commissioned to process payments (e.g. PayPal), their general terms and conditions apply.<\/p><p>7. Reservation of proprietary rights<br \/>The delivered goods remain the property of the seller until full payment has been received.<\/p><p>8. Warranty for material defects and guarantee<br \/>8.1 The warranty shall be governed by the statutory provisions.<\/p><p>8.2 A guarantee only exists if it has been expressly given.<\/p><p>9. Liability<br \/>9.1 The Seller shall be liable without limitation in the event of intent or gross negligence.<\/p><p>9.2 In the event of slightly negligent breaches of material obligations, the Seller shall only be liable for foreseeable damage typical of the contract.<\/p><p>9.3 The limitations of liability shall not apply in the event of injury to life, limb or health, for defects following the assumption of a guarantee or in the event of fraudulently concealed defects. Liability under the Product Liability Act remains unaffected.<\/p><p>10. Storage of the contract text<br \/>10.1 The customer can print out the text of the contract before placing the order.<\/p><p>10.2 The seller sends the customer an order confirmation with all order data by e-mail. The text of the contract is saved, but cannot be retrieved online.<\/p><p>11. Final provisions<br \/>11.1 The place of jurisdiction and place of fulfilment is Cologne if the customer is a merchant or a legal entity under public law.<\/p><p>11.2 The language of the contract shall be German.<\/p><p>11.3 The seller is not willing and not obliged to participate in a dispute settlement procedure before a consumer arbitration board.<\/p><\/div>\t\t\t\t\t\t\t\t<\/div>\n\t\t\t\t<\/div>\n\t\t\t\t\t<\/div>\n\t\t<\/div>\n\t\t\t\t\t<\/div>\n\t\t<\/section>\n\t\t\t\t<\/div>","protected":false},"excerpt":{"rendered":"<p>Allgemeine Gesch\u00e4ftsbedingungen Allgemeine [&hellip;]<\/p>\n","protected":false},"author":1,"featured_media":0,"parent":0,"menu_order":0,"comment_status":"closed","ping_status":"closed","template":"","meta":{"site-sidebar-layout":"default","site-content-layout":"","ast-site-content-layout":"default","site-content-style":"default","site-sidebar-style":"default","ast-global-header-display":"","ast-banner-title-visibility":"","ast-main-header-display":"","ast-hfb-above-header-display":"","ast-hfb-below-header-display":"","ast-hfb-mobile-header-display":"","site-post-title":"","ast-breadcrumbs-content":"","ast-featured-img":"","footer-sml-layout":"","ast-disable-related-posts":"","theme-transparent-header-meta":"","adv-header-id-meta":"","stick-header-meta":"","header-above-stick-meta":"","header-main-stick-meta":"","header-below-stick-meta":"","astra-migrate-meta-layouts":"default","ast-page-background-enabled":"default","ast-page-background-meta":{"desktop":{"background-color":"var(--ast-global-color-4)","background-image":"","background-repeat":"repeat","background-position":"center center","background-size":"auto","background-attachment":"scroll","background-type":"","background-media":"","overlay-type":"","overlay-color":"","overlay-opacity":"","overlay-gradient":""},"tablet":{"background-color":"","background-image":"","background-repeat":"repeat","background-position":"center center","background-size":"auto","background-attachment":"scroll","background-type":"","background-media":"","overlay-type":"","overlay-color":"","overlay-opacity":"","overlay-gradient":""},"mobile":{"background-color":"","background-image":"","background-repeat":"repeat","background-position":"center center","background-size":"auto","background-attachment":"scroll","background-type":"","background-media":"","overlay-type":"","overlay-color":"","overlay-opacity":"","overlay-gradient":""}},"ast-content-background-meta":{"desktop":{"background-color":"var(--ast-global-color-5)","background-image":"","background-repeat":"repeat","background-position":"center center","background-size":"auto","background-attachment":"scroll","background-type":"","background-media":"","overlay-type":"","overlay-color":"","overlay-opacity":"","overlay-gradient":""},"tablet":{"background-color":"var(--ast-global-color-5)","background-image":"","background-repeat":"repeat","background-position":"center center","background-size":"auto","background-attachment":"scroll","background-type":"","background-media":"","overlay-type":"","overlay-color":"","overlay-opacity":"","overlay-gradient":""},"mobile":{"background-color":"var(--ast-global-color-5)","background-image":"","background-repeat":"repeat","background-position":"center center","background-size":"auto","background-attachment":"scroll","background-type":"","background-media":"","overlay-type":"","overlay-color":"","overlay-opacity":"","overlay-gradient":""}},"footnotes":""},"class_list":["post-20","page","type-page","status-publish","hentry"],"yoast_head":"<!-- This site is optimized with the Yoast SEO Premium plugin v24.0 (Yoast SEO v26.9) - https:\/\/yoast.com\/product\/yoast-seo-premium-wordpress\/ -->\n<title>Zeremonieller Kakao &amp; R\u00e4ucherwerk und spirituelle Tiefe | Suyana &#183; Allgemeine Gesch\u00e4ftsbedingungen<\/title>\n<meta name=\"description\" content=\"Allgemeine Gesch\u00e4ftsbedingungen mit KundInneninformationenAlles f\u00fcr deine Zeremonie \u2661 Zeremonieller Kakao \u25e6 R\u00e4ucherwerk &amp; Heilpflanzen \u25e6 Gew\u00fcrze \u25e6 verantwortungsvoller Online-Shop \u25e6 lift your spirit!\" \/>\n<meta name=\"robots\" content=\"index, follow, max-snippet:-1, max-image-preview:large, max-video-preview:-1\" \/>\n<link rel=\"canonical\" href=\"https:\/\/suyana.shop\/en\/general-terms-and-conditions-of-business\" \/>\n<meta property=\"og:locale\" content=\"en_GB\" \/>\n<meta property=\"og:type\" content=\"article\" \/>\n<meta property=\"og:title\" content=\"Allgemeine Gesch\u00e4ftsbedingungen\" \/>\n<meta property=\"og:description\" content=\"Allgemeine Gesch\u00e4ftsbedingungen mit KundInneninformationenAlles f\u00fcr deine Zeremonie \u2661 Zeremonieller Kakao \u25e6 R\u00e4ucherwerk &amp; Heilpflanzen \u25e6 Gew\u00fcrze \u25e6 verantwortungsvoller Online-Shop \u25e6 lift your spirit!\" \/>\n<meta property=\"og:url\" content=\"https:\/\/suyana.shop\/en\/general-terms-and-conditions-of-business\" \/>\n<meta property=\"og:site_name\" content=\"Zeremonieller Kakao &amp; R\u00e4ucherwerk und spirituelle Tiefe | Suyana\" \/>\n<meta property=\"article:modified_time\" content=\"2025-03-24T16:30:12+00:00\" \/>\n<meta name=\"twitter:card\" content=\"summary_large_image\" \/>\n<meta name=\"twitter:label1\" content=\"Estimated reading time\" \/>\n\t<meta name=\"twitter:data1\" content=\"5 minutes\" \/>\n<script type=\"application\/ld+json\" class=\"yoast-schema-graph\">{\"@context\":\"https:\/\/schema.org\",\"@graph\":[{\"@type\":\"WebPage\",\"@id\":\"https:\/\/suyana.shop\/en\/allgemeine_geschaeftsbedingungen\",\"url\":\"https:\/\/suyana.shop\/en\/allgemeine_geschaeftsbedingungen\",\"name\":\"Zeremonieller Kakao &amp; R\u00e4ucherwerk und spirituelle Tiefe | Suyana &#183; Allgemeine Gesch\u00e4ftsbedingungen\",\"isPartOf\":{\"@id\":\"\/#website\"},\"datePublished\":\"2022-01-25T21:20:28+00:00\",\"dateModified\":\"2025-03-24T16:30:12+00:00\",\"description\":\"Allgemeine Gesch\u00e4ftsbedingungen mit KundInneninformationenAlles f\u00fcr deine Zeremonie \u2661 Zeremonieller Kakao \u25e6 R\u00e4ucherwerk & Heilpflanzen \u25e6 Gew\u00fcrze \u25e6 verantwortungsvoller Online-Shop \u25e6 lift your spirit!\",\"breadcrumb\":{\"@id\":\"https:\/\/suyana.shop\/en\/allgemeine_geschaeftsbedingungen#breadcrumb\"},\"inLanguage\":\"en-GB\",\"potentialAction\":[{\"@type\":\"ReadAction\",\"target\":[\"https:\/\/suyana.shop\/en\/allgemeine_geschaeftsbedingungen\"]}]},{\"@type\":\"BreadcrumbList\",\"@id\":\"https:\/\/suyana.shop\/en\/allgemeine_geschaeftsbedingungen#breadcrumb\",\"itemListElement\":[{\"@type\":\"ListItem\",\"position\":1,\"name\":\"Startseite\",\"item\":\"https:\/\/suyana.shop\/it\/\"},{\"@type\":\"ListItem\",\"position\":2,\"name\":\"Allgemeine Gesch\u00e4ftsbedingungen\"}]},{\"@type\":\"WebSite\",\"@id\":\"\/#website\",\"url\":\"\/\",\"name\":\"Zeremonieller Kakao &amp; R\u00e4ucherwerk und spirituelle Tiefe | Suyana\",\"description\":\"Zeremonieller Kakao &amp; Kakaozeremonien\",\"publisher\":{\"@id\":\"\/#organization\"},\"potentialAction\":[{\"@type\":\"SearchAction\",\"target\":{\"@type\":\"EntryPoint\",\"urlTemplate\":\"\/?s={search_term_string}\"},\"query-input\":{\"@type\":\"PropertyValueSpecification\",\"valueRequired\":true,\"valueName\":\"search_term_string\"}}],\"inLanguage\":\"en-GB\"},{\"@type\":\"Organization\",\"@id\":\"\/#organization\",\"name\":\"Suyana\",\"url\":\"\/\",\"logo\":{\"@type\":\"ImageObject\",\"inLanguage\":\"en-GB\",\"@id\":\"\/#\/schema\/logo\/image\/\",\"url\":\"https:\/\/suyana.shop\/wp-content\/uploads\/2022\/05\/suyana-logo-brown-small.png\",\"contentUrl\":\"https:\/\/suyana.shop\/wp-content\/uploads\/2022\/05\/suyana-logo-brown-small.png\",\"width\":1387,\"height\":300,\"caption\":\"Suyana\"},\"image\":{\"@id\":\"\/#\/schema\/logo\/image\/\"},\"sameAs\":[\"https:\/\/instagram.com\/suyana.spirit\"]}]}<\/script>\n<!-- \/ Yoast SEO Premium plugin. -->","yoast_head_json":{"title":"Ceremonial cocoa &amp; incense and spiritual depth | Suyana - General terms and conditions","description":"General terms and conditions with customer informationEverything for your ceremony \u2661 Ceremonial cocoa \u25e6 Incense &amp; medicinal plants \u25e6 Spices \u25e6 responsible online shop \u25e6 lift your spirit!","robots":{"index":"index","follow":"follow","max-snippet":"max-snippet:-1","max-image-preview":"max-image-preview:large","max-video-preview":"max-video-preview:-1"},"canonical":"https:\/\/suyana.shop\/en\/general-terms-and-conditions-of-business","og_locale":"en_GB","og_type":"article","og_title":"Allgemeine Gesch\u00e4ftsbedingungen","og_description":"Allgemeine Gesch\u00e4ftsbedingungen mit KundInneninformationenAlles f\u00fcr deine Zeremonie \u2661 Zeremonieller Kakao \u25e6 R\u00e4ucherwerk & Heilpflanzen \u25e6 Gew\u00fcrze \u25e6 verantwortungsvoller Online-Shop \u25e6 lift your spirit!","og_url":"https:\/\/suyana.shop\/en\/general-terms-and-conditions-of-business","og_site_name":"Zeremonieller Kakao &amp; R\u00e4ucherwerk und spirituelle Tiefe | Suyana","article_modified_time":"2025-03-24T16:30:12+00:00","twitter_card":"summary_large_image","twitter_misc":{"Estimated reading time":"5 minutes"},"schema":{"@context":"https:\/\/schema.org","@graph":[{"@type":"WebPage","@id":"https:\/\/suyana.shop\/en\/allgemeine_geschaeftsbedingungen","url":"https:\/\/suyana.shop\/en\/allgemeine_geschaeftsbedingungen","name":"Ceremonial cocoa &amp; incense and spiritual depth | Suyana - General terms and conditions","isPartOf":{"@id":"\/#website"},"datePublished":"2022-01-25T21:20:28+00:00","dateModified":"2025-03-24T16:30:12+00:00","description":"General terms and conditions with customer informationEverything for your ceremony \u2661 Ceremonial cocoa \u25e6 Incense &amp; medicinal plants \u25e6 Spices \u25e6 responsible online shop \u25e6 lift your spirit!","breadcrumb":{"@id":"https:\/\/suyana.shop\/en\/allgemeine_geschaeftsbedingungen#breadcrumb"},"inLanguage":"en-GB","potentialAction":[{"@type":"ReadAction","target":["https:\/\/suyana.shop\/en\/allgemeine_geschaeftsbedingungen"]}]},{"@type":"BreadcrumbList","@id":"https:\/\/suyana.shop\/en\/allgemeine_geschaeftsbedingungen#breadcrumb","itemListElement":[{"@type":"ListItem","position":1,"name":"Startseite","item":"https:\/\/suyana.shop\/it\/"},{"@type":"ListItem","position":2,"name":"Allgemeine Gesch\u00e4ftsbedingungen"}]},{"@type":"WebSite","@id":"\/#website","url":"\/","name":"Ceremonial cacao &amp; incense, and spiritual depth | Suyana","description":"Ceremonial Cacao &amp; Cacao Ceremonies","publisher":{"@id":"\/#organization"},"potentialAction":[{"@type":"SearchAction","target":{"@type":"EntryPoint","urlTemplate":"\/?s={search_term_string}"},"query-input":{"@type":"PropertyValueSpecification","valueRequired":true,"valueName":"search_term_string"}}],"inLanguage":"en-GB"},{"@type":"Organization","@id":"\/#organization","name":"Suyana","url":"\/","logo":{"@type":"ImageObject","inLanguage":"en-GB","@id":"\/#\/schema\/logo\/image\/","url":"https:\/\/suyana.shop\/wp-content\/uploads\/2022\/05\/suyana-logo-brown-small.png","contentUrl":"https:\/\/suyana.shop\/wp-content\/uploads\/2022\/05\/suyana-logo-brown-small.png","width":1387,"height":300,"caption":"Suyana"},"image":{"@id":"\/#\/schema\/logo\/image\/"},"sameAs":["https:\/\/instagram.com\/suyana.spirit"]}]}},"_links":{"self":[{"href":"https:\/\/suyana.shop\/en\/wp-json\/wp\/v2\/pages\/20","targetHints":{"allow":["GET"]}}],"collection":[{"href":"https:\/\/suyana.shop\/en\/wp-json\/wp\/v2\/pages"}],"about":[{"href":"https:\/\/suyana.shop\/en\/wp-json\/wp\/v2\/types\/page"}],"author":[{"embeddable":true,"href":"https:\/\/suyana.shop\/en\/wp-json\/wp\/v2\/users\/1"}],"replies":[{"embeddable":true,"href":"https:\/\/suyana.shop\/en\/wp-json\/wp\/v2\/comments?post=20"}],"version-history":[{"count":0,"href":"https:\/\/suyana.shop\/en\/wp-json\/wp\/v2\/pages\/20\/revisions"}],"wp:attachment":[{"href":"https:\/\/suyana.shop\/en\/wp-json\/wp\/v2\/media?parent=20"}],"curies":[{"name":"wp","href":"https:\/\/api.w.org\/{rel}","templated":true}]}}