{"id":33338,"date":"2022-12-14T08:21:00","date_gmt":"2022-12-14T08:21:00","guid":{"rendered":"https:\/\/suyana.shop\/?post_type=product&#038;p=33338"},"modified":"2026-03-30T09:49:58","modified_gmt":"2026-03-30T08:49:58","slug":"dragon-blood","status":"publish","type":"product","link":"https:\/\/suyana.shop\/en\/produkt\/drachenblut","title":{"rendered":"<b>Dragon blood <\/b> <br> (Sangre de Drago) from Rio Napo, Ecuador"},"content":{"rendered":"<div data-elementor-type=\"product-post\" data-elementor-id=\"33338\" class=\"elementor elementor-33338\" data-elementor-post-type=\"product\">\n\t\t\t\t\t\t<section class=\"elementor-section elementor-top-section elementor-element elementor-element-168955ec elementor-section-boxed elementor-section-height-default elementor-section-height-default\" data-id=\"168955ec\" data-element_type=\"section\" data-e-type=\"section\">\n\t\t\t\t\t\t<div class=\"elementor-container elementor-column-gap-default\">\n\t\t\t\t\t<div class=\"elementor-column elementor-col-100 elementor-top-column elementor-element elementor-element-45661742\" data-id=\"45661742\" data-element_type=\"column\" data-e-type=\"column\">\n\t\t\t<div class=\"elementor-widget-wrap elementor-element-populated\">\n\t\t\t\t\t\t<div class=\"elementor-element elementor-element-5aa3434c elementor-widget elementor-widget-text-editor\" data-id=\"5aa3434c\" data-element_type=\"widget\" data-e-type=\"widget\" data-widget_type=\"text-editor.default\">\n\t\t\t\t<div class=\"elementor-widget-container\">\n\t\t\t\t\t\t\t\t\t<p>\u00a0<\/p><p><img class=\"aligncenter\" src=\"\/wp-content\/uploads\/2022\/07\/suyana-squiggle.svg\" alt=\"\" width=\"123\" height=\"25\" \/><\/p><h2 style=\"text-align: center;\">Dragon blood<\/h2><h4 style=\"text-align: center;\">(Sangre de Drago) from Rio Napo, Ecuador<\/h4><div><p data-path-to-node=\"3\">Sangre de Drago blickt auf eine jahrtausendealte Geschichte als gesch\u00e4tztes <b data-path-to-node=\"3\" data-index-in-node=\"76\">rituelles R\u00e4ucherwerk<\/b> im Amazonasbecken zur\u00fcck. Das tiefrote Harz des Drachenblutbaumes (<i data-path-to-node=\"3\" data-index-in-node=\"165\">Croton lechleri<\/i>) wird in der ethnobotanischen Tradition S\u00fcdamerikas f\u00fcr seine au\u00dfergew\u00f6hnliche energetische Signatur verehrt und zur atmosph\u00e4rischen Kl\u00e4rung genutzt.<\/p><p data-path-to-node=\"4\">Unser Drachenblut wird in enger Verbundenheit direkt von den indigenen Quechua in Ecuador bezogen. Dabei steht der Erhalt des \u00d6kosystems im Vordergrund: Das Harz wird nach \u00fcberlieferter Methode h\u00e4ndisch durch sanftes Anritzen gewonnen, sodass die B\u00e4ume erhalten bleiben und regenerieren k\u00f6nnen. Durch diese faire Direktabnahme unterst\u00fctzen wir die Autonomie und nachhaltige Lebensweise der lokalen Gemeinschaften.<\/p><p data-path-to-node=\"5\">In seiner unverf\u00e4lschten Reinheit besticht Suyana Sangre de Drago durch einen technisch herausragenden OPC-Gehalt (Oligomere Proanthocyanidine) von \u00fcber 90 %. Dieser <b data-path-to-node=\"5\" data-index-in-node=\"166\">botanische Rohstoff<\/b> wird ohne jegliche Zusatzstoffe abgef\u00fcllt, um die volle Intensit\u00e4t der nat\u00fcrlichen Pflanzenstoffe f\u00fcr die <b data-path-to-node=\"5\" data-index-in-node=\"292\">energetische Raumbeduftung<\/b> in ihrer urspr\u00fcnglichen Form zu bewahren.<\/p><\/div><div>\u00a0<\/div><p><img src=\"\/wp-content\/uploads\/2022\/12\/shop_drachenblut_bg_01.jpg\" alt=\"\" \/><\/p><p><img class=\"\" src=\"\/wp-content\/uploads\/2022\/07\/suyana-squiggle.svg\" alt=\"\" width=\"128\" height=\"26\" \/><\/p><div><h3 data-path-to-node=\"3\">Herkunft &amp; Traditionelle Gewinnung des R\u00e4ucherharzes<\/h3><p data-path-to-node=\"4\">Der Drachenblutbaum ist im unber\u00fchrten Amazonasgebiet S\u00fcdamerikas beheimatet. Sein Name \u201eSangre de Drago\u201c leitet sich von dem tiefroten, kostbaren Baumharz ab, das im Inneren des Stammes flie\u00dft. Der Baum selbst ist eine imposante Erscheinung: Mit seiner pilzartigen Krone, den herzf\u00f6rmigen Bl\u00e4ttern und den leuchtenden bernsteinroten Bl\u00fcten pr\u00e4gt er das markante Bild des Regenwaldes.<\/p><p data-path-to-node=\"5\"><b data-path-to-node=\"5\" data-index-in-node=\"0\">Nachhaltigkeit statt Raubbau<\/b> Zur Gewinnung dieses gesch\u00e4tzten R\u00e4ucherstoffes wurden die B\u00e4ume in der Vergangenheit oftmals gef\u00e4llt, damit das Harz in gro\u00dfe Wannen abflie\u00dfen konnte. Da ein solches Vorgehen aufgrund fehlender Nachhaltigkeit stark kritisiert wurde, haben lokale Regierungen diesen Raubbau inzwischen weitestgehend einged\u00e4mmt. Ein verantwortungsbewusster Bezug und eine schonende Gewinnung sind auf dem Weltmarkt f\u00fcr diesen Rohstoff jedoch noch keine Selbstverst\u00e4ndlichkeit; auch heute existieren noch Monokultur-Plantagen. Aus diesen Gr\u00fcnden legen wir ein besonderes Augenmerk auf die lokalen Umst\u00e4nde und die traditionelle Vorgehensweise der Ernte.<\/p><p data-path-to-node=\"6\"><b data-path-to-node=\"6\" data-index-in-node=\"0\">Schonende Wildsammlung in Ecuador<\/b> Das Drachenblut f\u00fcr unser R\u00e4ucherwerk stammt aus einer nachhaltigen Wildsammlung aus Rio Napo in Ecuador. In einer H\u00f6henlage von \u00fcber 1.000 m \u2013 fernab von industrieller Landwirtschaft oder Stra\u00dfennetzen \u2013 sammeln Mitglieder einer lokalen Initiative das Harz von wild wachsenden B\u00e4umen. F\u00fcr die Gewinnung werden die B\u00e4ume lediglich minimal auf traditionelle Weise in Form eines \u201eV\u201c angeritzt. Ein kleiner Beh\u00e4lter unter der Schnittstelle f\u00e4ngt die austretende Fl\u00fcssigkeit verlustfrei auf. Um dem Baum gen\u00fcgend Regenerationszeit bis zur n\u00e4chsten Ernte zu geben, wird die Stelle anschlie\u00dfend mit nat\u00fcrlichen Mitteln verschlossen und der Baum markiert. Dieses Vorgehen stellt einen respektvollen Umgang sowie die langfristige Erhaltung der wilden Best\u00e4nde sicher.<\/p><p data-path-to-node=\"7\"><b data-path-to-node=\"7\" data-index-in-node=\"0\">Soziale Verantwortung &amp; faire Partnerschaft<\/b> Durch eine angemessene Entlohnung der einheimischen Sammler, die \u00fcber 30 % \u00fcber dem regionalen Marktpreis liegt, wird nicht nur die \u00f6kologische Ernte gef\u00f6rdert, sondern es werden auch lokale Entwicklungsvorhaben der Quechua-Mitglieder unterst\u00fctzt. Diese Vorhaben werden von den BewohnerInnen selbst initiiert, sodass sie unabh\u00e4ngig von externen Einfl\u00fcssen ihre eigenen kulturellen Schwerpunkte setzen k\u00f6nnen. Eines der letzten Projekte war beispielsweise der Bau eines Brunnens zur autonomen Wasserversorgung der Gemeinschaft.<\/p><p><img class=\"\" style=\"font-style: inherit; font-weight: inherit;\" src=\"\/wp-content\/uploads\/2022\/07\/Zeichenfla%CC%88che-11100.svg\" alt=\"\" width=\"231\" height=\"25\" \/><\/p><\/div><h3>Highest quality and purity<\/h3><div><p data-path-to-node=\"3\">Herk\u00f6mmliches Drachenblut wird auf dem Markt oftmals mit Alkohol oder anderen L\u00f6sungsmitteln verd\u00fcnnt, um die Ergiebigkeit zu erh\u00f6hen. Suyanas Sangre de Drago hingegen ist ein konsequent hochwertiges, <b data-path-to-node=\"3\" data-index-in-node=\"201\">100 % reines Naturprodukt<\/b>, das als R\u00e4ucherharz ohne jegliches Tr\u00e4germaterial, Konservierungsstoffe oder k\u00fcnstliche Zus\u00e4tze auskommt.<\/p><p data-path-to-node=\"4\"><b data-path-to-node=\"4\" data-index-in-node=\"0\">Der authentische Qualit\u00e4tstest<\/b> Um die Reinheit des Harzes f\u00fcr deine rituellen Anwendungen zu pr\u00fcfen, gibt es einen einfachen Tipp: Du kannst den Qualit\u00e4tstest ganz leicht selbst durchf\u00fchren, indem du einen Tropfen des Saftes zwischen deinen Fingern verreibst. Wenn durch die nat\u00fcrliche Reibung ein leicht milchiger Schaum entsteht, ist dies ein sicheres Zeichen f\u00fcr die unverf\u00e4lschte Reinheit und den hohen Gehalt an nat\u00fcrlichen Saponinen. Dieser Test best\u00e4tigt, dass das Harz in seiner urspr\u00fcnglichen, kraftvollen Konsistenz bei dir ankommt.<\/p><p data-path-to-node=\"5\"><b data-path-to-node=\"5\" data-index-in-node=\"0\">Herausragender Gehalt an botanischen Inhaltsstoffen<\/b> Eine weitere Besonderheit unseres Drachenblutes ist der technisch herausragende <b data-path-to-node=\"5\" data-index-in-node=\"132\">OPC-Gehalt von \u00fcber 90 %<\/b>. OPC steht f\u00fcr Oligomere Proanthocyanidine, eine Gruppe sekund\u00e4rer Pflanzenstoffe, die den Polyphenolen zuzuordnen sind. W\u00e4hrend OPC vielen Menschen bereits aus anderen Kontexten bekannt ist, \u00fcbersteigt der nat\u00fcrliche Anteil im reinen Drachenblut-Harz diese Mengen in der Regel erheblich.<\/p><p data-path-to-node=\"6\">Diese au\u00dfergew\u00f6hnliche Reinheit ist entscheidend f\u00fcr die Qualit\u00e4t. Sie erm\u00f6glicht es, dass die botanischen Inhaltsstoffe ihre charakteristische Pr\u00e4senz beim Verglimmen in ihrer urspr\u00fcnglichen Form voll entfalten k\u00f6nnen und eine unverf\u00e4lschte atmosph\u00e4rische Erfahrung bieten.<\/p><h3 data-path-to-node=\"3\">Vielseitige Verwendung als rituelles R\u00e4ucherharz<\/h3><p data-path-to-node=\"4\">Die M\u00f6glichkeiten zur Nutzung des Drachenblutes sind historisch gewachsen und tief in der Ethnobotanik verwurzelt. Als traditionelles <b data-path-to-node=\"4\" data-index-in-node=\"134\">fl\u00fcssiges R\u00e4ucherwerk<\/b> entfaltet es beim Verglimmen auf R\u00e4ucherkohle eine kl\u00e4rende Atmosph\u00e4re und findet seit jeher in zeremoniellen Kontexten Anwendung. Auch in der \u00fcberlieferten Naturkunde S\u00fcdamerikas sowie in den Schriften der TCM (Traditionelle Chinesische Medizin) gilt dieses rote Baumharz als bew\u00e4hrter Begleiter und wird dort als ethnobotanischer Schatz f\u00fcr energetische Anwendungen gesch\u00e4tzt.<\/p><p data-path-to-node=\"5\">In der rituellen Anwendung wird das Harz prim\u00e4r aufgrund seiner besonderen <b data-path-to-node=\"5\" data-index-in-node=\"75\">filmbildenden Eigenschaften<\/b> genutzt. Bereits wenige Tropfen gen\u00fcgen, damit sich nach dem Auftragen auf Oberfl\u00e4chen oder rituellen Gegenst\u00e4nden ein hauchd\u00fcnner, elastischer Film bilden kann. Das Harz trocknet an der Luft sehr schnell und dient so als nat\u00fcrlicher Schutzfilm, der die behandelte Stelle gegen\u00fcber \u00e4u\u00dferen Einfl\u00fcssen abschirmt. Diese physikalische Eigenschaft wird in der Naturkunde gesch\u00e4tzt, um eine sch\u00fctzende Barriere zu visualisieren und die nat\u00fcrliche Beschaffenheit der Oberfl\u00e4che zu bewahren.<\/p><p data-path-to-node=\"7\"><b data-path-to-node=\"7\" data-index-in-node=\"0\">Wichtige Hinweise zur Handhabung:<\/b> Aufgrund der intensiven, nat\u00fcrlichen Pigmentierung sollte der direkte Kontakt mit Kleidung oder empfindlichen Oberfl\u00e4chen unbedingt vermieden werden, da das Harz extrem stark und dauerhaft f\u00e4rbt. F\u00fcr eine optimale Erhaltung der Qualit\u00e4t bewahre dein Fl\u00e4schchen bitte stets stehend, lichtgesch\u00fctzt und an einem k\u00fchlen Ort auf.<\/p><\/div><div><h4>\u00a0<\/h4><h4>Your interest is piqued and you want to learn more about the spiritual world?<br \/>Visit us on Instagram: <a href=\"https:\/\/www.instagram.com\/suyana.spirit\/\">suyana.spirit<\/a><\/h4><h4>\u00a0<\/h4><h4>You want to try a cocoa ceremony? Just do it! Quite simply with our <a href=\"https:\/\/suyana.shop\/produkt\/die-roh-kakao-entdecker-box\">Explorer Box<\/a><\/h4><\/div>\t\t\t\t\t\t\t\t<\/div>\n\t\t\t\t<\/div>\n\t\t\t\t\t<\/div>\n\t\t<\/div>\n\t\t\t\t\t<\/div>\n\t\t<\/section>\n\t\t\t\t<\/div>","protected":false},"excerpt":{"rendered":"<ul>\n<li><em>100% pure, undiluted resin of the dragon's blood tree<\/em><\/li>\n<li><em>from sustainable wild collection (no felling of trees)<\/em><\/li>\n<li><em>hand harvesting according to the method of the indigenous Quechua from Ecuador<\/em><\/li>\n<li><em>fair trade &amp; direct purchase<\/em><\/li>\n<li><em>Very high OPC content (&gt;90%)<\/em><\/li>\n<li><em>Traditioneller Rohstoff: Vielf\u00e4ltige ethnobotanische Anwendungsm\u00f6glichkeiten<\/em><\/li>\n<\/ul>","protected":false},"featured_media":568633,"comment_status":"open","ping_status":"closed","template":"","meta":{"site-sidebar-layout":"default","site-content-layout":"","ast-site-content-layout":"default","site-content-style":"default","site-sidebar-style":"default","ast-global-header-display":"","ast-banner-title-visibility":"","ast-main-header-display":"","ast-hfb-above-header-display":"","ast-hfb-below-header-display":"","ast-hfb-mobile-header-display":"","site-post-title":"","ast-breadcrumbs-content":"","ast-featured-img":"","footer-sml-layout":"","ast-disable-related-posts":"","theme-transparent-header-meta":"default","adv-header-id-meta":"","stick-header-meta":"default","header-above-stick-meta":"","header-main-stick-meta":"","header-below-stick-meta":"","astra-migrate-meta-layouts":"set","ast-page-background-enabled":"default","ast-page-background-meta":{"desktop":{"background-color":"var(--ast-global-color-4)","background-image":"","background-repeat":"repeat","background-position":"center center","background-size":"auto","background-attachment":"scroll","background-type":"","background-media":"","overlay-type":"","overlay-color":"","overlay-opacity":"","overlay-gradient":""},"tablet":{"background-color":"","background-image":"","background-repeat":"repeat","background-position":"center center","background-size":"auto","background-attachment":"scroll","background-type":"","background-media":"","overlay-type":"","overlay-color":"","overlay-opacity":"","overlay-gradient":""},"mobile":{"background-color":"","background-image":"","background-repeat":"repeat","background-position":"center center","background-size":"auto","background-attachment":"scroll","background-type":"","background-media":"","overlay-type":"","overlay-color":"","overlay-opacity":"","overlay-gradient":""}},"ast-content-background-meta":{"desktop":{"background-color":"var(--ast-global-color-5)","background-image":"","background-repeat":"repeat","background-position":"center center","background-size":"auto","background-attachment":"scroll","background-type":"","background-media":"","overlay-type":"","overlay-color":"","overlay-opacity":"","overlay-gradient":""},"tablet":{"background-color":"var(--ast-global-color-5)","background-image":"","background-repeat":"repeat","background-position":"center center","background-size":"auto","background-attachment":"scroll","background-type":"","background-media":"","overlay-type":"","overlay-color":"","overlay-opacity":"","overlay-gradient":""},"mobile":{"background-color":"var(--ast-global-color-5)","background-image":"","background-repeat":"repeat","background-position":"center center","background-size":"auto","background-attachment":"scroll","background-type":"","background-media":"","overlay-type":"","overlay-color":"","overlay-opacity":"","overlay-gradient":""}}},"product_brand":[],"product_cat":[15,188],"product_tag":[],"class_list":{"0":"post-33338","1":"product","2":"type-product","3":"status-publish","4":"has-post-thumbnail","6":"product_cat-alle-produkte","7":"product_cat-heilpflanzen","8":"desktop-align-left","9":"tablet-align-left","10":"mobile-align-left","11":"ast-product-gallery-layout-horizontal-slider","12":"ast-product-single-variable","13":"ast-product-tabs-layout-horizontal","15":"first","16":"instock","17":"taxable","18":"shipping-taxable","19":"purchasable","20":"product-type-variable"},"bundled_by":["574678"],"bundle_stock_status":"instock","bundle_stock_quantity":184,"bundle_virtual":false,"bundle_layout":"","bundle_add_to_cart_form_location":"","bundle_editable_in_cart":false,"bundle_sold_individually_context":"","bundle_item_grouping":"","bundle_min_size":"","bundle_max_size":"","bundle_price":[],"bundled_items":[],"bundle_sell_ids":[],"yoast_head":"<!-- This site is optimized with the Yoast SEO Premium plugin v24.0 (Yoast SEO v26.9) - https:\/\/yoast.com\/product\/yoast-seo-premium-wordpress\/ -->\n<title>Zeremonieller Kakao &amp; R\u00e4ucherwerk und spirituelle Tiefe | Suyana &#183; Drachenblut   (Sangre de Drago) aus Rio Napo, Ecuador<\/title>\n<meta name=\"description\" content=\"In unserem Online-Shop findest du alles f\u00fcr deine Zeremonie &#183; Das Drachenblut nimmt dich mit auf eine Reise der Spiritualit\u00e4t und Energie.\" \/>\n<meta name=\"robots\" content=\"index, follow, max-snippet:-1, max-image-preview:large, max-video-preview:-1\" \/>\n<link rel=\"canonical\" href=\"https:\/\/suyana.shop\/en\/product-2\/dragon-blood\/\" \/>\n<meta property=\"og:locale\" content=\"en_GB\" \/>\n<meta property=\"og:type\" content=\"article\" \/>\n<meta property=\"og:title\" content=\"Drachenblut   (Sangre de Drago) aus Rio Napo, Ecuador\" \/>\n<meta property=\"og:description\" content=\"In unserem Online-Shop findest du alles f\u00fcr deine Zeremonie &#183; Das Drachenblut nimmt dich mit auf eine Reise der Spiritualit\u00e4t und Energie.\" \/>\n<meta property=\"og:url\" content=\"https:\/\/suyana.shop\/en\/product-2\/dragon-blood\/\" \/>\n<meta property=\"og:site_name\" content=\"Zeremonieller Kakao &amp; R\u00e4ucherwerk und spirituelle Tiefe | Suyana\" \/>\n<meta property=\"article:modified_time\" content=\"2026-03-30T08:49:58+00:00\" \/>\n<meta property=\"og:image\" content=\"https:\/\/suyana.shop\/wp-content\/uploads\/2022\/12\/Suyana-x-Elimba-DSC00297-Bearbeitet-scaled-e1744116325351.jpg\" \/>\n\t<meta property=\"og:image:width\" content=\"1818\" \/>\n\t<meta property=\"og:image:height\" content=\"1212\" \/>\n\t<meta property=\"og:image:type\" content=\"image\/jpeg\" \/>\n<meta name=\"twitter:card\" content=\"summary_large_image\" \/>\n<script type=\"application\/ld+json\" class=\"yoast-schema-graph\">{\"@context\":\"https:\/\/schema.org\",\"@graph\":[{\"@type\":\"WebPage\",\"@id\":\"https:\/\/suyana.shop\/fr\/produit\/sang-de-dragon\",\"url\":\"https:\/\/suyana.shop\/fr\/produit\/sang-de-dragon\",\"name\":\"Zeremonieller Kakao &amp; R\u00e4ucherwerk und spirituelle Tiefe | Suyana &#183; Drachenblut (Sangre de Drago) aus Rio Napo, Ecuador\",\"isPartOf\":{\"@id\":\"\/#website\"},\"primaryImageOfPage\":{\"@id\":\"https:\/\/suyana.shop\/fr\/produit\/sang-de-dragon#primaryimage\"},\"image\":{\"@id\":\"https:\/\/suyana.shop\/fr\/produit\/sang-de-dragon#primaryimage\"},\"thumbnailUrl\":\"https:\/\/suyana.shop\/wp-content\/uploads\/2022\/12\/Suyana-x-Elimba-DSC00297-Bearbeitet-scaled-e1744116325351.jpg?wsr\",\"datePublished\":\"2022-12-14T08:21:00+00:00\",\"dateModified\":\"2026-03-30T08:49:58+00:00\",\"description\":\"In unserem Online-Shop findest du alles f\u00fcr deine Zeremonie &#183; Das Drachenblut nimmt dich mit auf eine Reise der Spiritualit\u00e4t und Energie.\",\"breadcrumb\":{\"@id\":\"https:\/\/suyana.shop\/fr\/produit\/sang-de-dragon#breadcrumb\"},\"inLanguage\":\"en-GB\",\"potentialAction\":[{\"@type\":\"ReadAction\",\"target\":[\"https:\/\/suyana.shop\/fr\/produit\/sang-de-dragon\"]}]},{\"@type\":\"ImageObject\",\"inLanguage\":\"en-GB\",\"@id\":\"https:\/\/suyana.shop\/fr\/produit\/sang-de-dragon#primaryimage\",\"url\":\"https:\/\/suyana.shop\/wp-content\/uploads\/2022\/12\/Suyana-x-Elimba-DSC00297-Bearbeitet-scaled-e1744116325351.jpg?wsr\",\"contentUrl\":\"https:\/\/suyana.shop\/wp-content\/uploads\/2022\/12\/Suyana-x-Elimba-DSC00297-Bearbeitet-scaled-e1744116325351.jpg?wsr\",\"width\":1818,\"height\":1212},{\"@type\":\"BreadcrumbList\",\"@id\":\"https:\/\/suyana.shop\/fr\/produit\/sang-de-dragon#breadcrumb\",\"itemListElement\":[{\"@type\":\"ListItem\",\"position\":1,\"name\":\"Startseite\",\"item\":\"https:\/\/suyana.shop\/fr\/\"},{\"@type\":\"ListItem\",\"position\":2,\"name\":\"Drachenblut (Sangre de Drago) aus Rio Napo, Ecuador\"}]},{\"@type\":\"WebSite\",\"@id\":\"\/#website\",\"url\":\"\/\",\"name\":\"Zeremonieller Kakao &amp; R\u00e4ucherwerk und spirituelle Tiefe | Suyana\",\"description\":\"Zeremonieller Kakao &amp; Kakaozeremonien\",\"publisher\":{\"@id\":\"\/#organization\"},\"potentialAction\":[{\"@type\":\"SearchAction\",\"target\":{\"@type\":\"EntryPoint\",\"urlTemplate\":\"\/?s={search_term_string}\"},\"query-input\":{\"@type\":\"PropertyValueSpecification\",\"valueRequired\":true,\"valueName\":\"search_term_string\"}}],\"inLanguage\":\"en-GB\"},{\"@type\":\"Organization\",\"@id\":\"\/#organization\",\"name\":\"Suyana\",\"url\":\"\/\",\"logo\":{\"@type\":\"ImageObject\",\"inLanguage\":\"en-GB\",\"@id\":\"\/#\/schema\/logo\/image\/\",\"url\":\"https:\/\/suyana.shop\/wp-content\/uploads\/2022\/05\/suyana-logo-brown-small.png\",\"contentUrl\":\"https:\/\/suyana.shop\/wp-content\/uploads\/2022\/05\/suyana-logo-brown-small.png\",\"width\":1387,\"height\":300,\"caption\":\"Suyana\"},\"image\":{\"@id\":\"\/#\/schema\/logo\/image\/\"},\"sameAs\":[\"https:\/\/instagram.com\/suyana.spirit\"]}]}<\/script>\n<!-- \/ Yoast SEO Premium plugin. -->","yoast_head_json":{"title":"Ceremonial cocoa &amp; incense and spiritual depth | Suyana - Dragon's blood (Sangre de Drago) from Rio Napo, Ecuador","description":"In our online shop you will find everything for your ceremony \u00b7 The Dragon&#039;s Blood takes you on a journey of spirituality and energy.","robots":{"index":"index","follow":"follow","max-snippet":"max-snippet:-1","max-image-preview":"max-image-preview:large","max-video-preview":"max-video-preview:-1"},"canonical":"https:\/\/suyana.shop\/en\/product-2\/dragon-blood\/","og_locale":"en_GB","og_type":"article","og_title":"Drachenblut   (Sangre de Drago) aus Rio Napo, Ecuador","og_description":"In unserem Online-Shop findest du alles f\u00fcr deine Zeremonie &#183; Das Drachenblut nimmt dich mit auf eine Reise der Spiritualit\u00e4t und Energie.","og_url":"https:\/\/suyana.shop\/en\/product-2\/dragon-blood\/","og_site_name":"Zeremonieller Kakao &amp; R\u00e4ucherwerk und spirituelle Tiefe | Suyana","article_modified_time":"2026-03-30T08:49:58+00:00","og_image":[{"width":1818,"height":1212,"url":"https:\/\/suyana.shop\/wp-content\/uploads\/2022\/12\/Suyana-x-Elimba-DSC00297-Bearbeitet-scaled-e1744116325351.jpg","type":"image\/jpeg"}],"twitter_card":"summary_large_image","schema":{"@context":"https:\/\/schema.org","@graph":[{"@type":"WebPage","@id":"https:\/\/suyana.shop\/fr\/produit\/sang-de-dragon","url":"https:\/\/suyana.shop\/fr\/produit\/sang-de-dragon","name":"Ceremonial cocoa &amp; incense and spiritual depth | Suyana - Dragon's blood (Sangre de Drago) from Rio Napo, Ecuador","isPartOf":{"@id":"\/#website"},"primaryImageOfPage":{"@id":"https:\/\/suyana.shop\/fr\/produit\/sang-de-dragon#primaryimage"},"image":{"@id":"https:\/\/suyana.shop\/fr\/produit\/sang-de-dragon#primaryimage"},"thumbnailUrl":"https:\/\/suyana.shop\/wp-content\/uploads\/2022\/12\/Suyana-x-Elimba-DSC00297-Bearbeitet-scaled-e1744116325351.jpg?wsr","datePublished":"2022-12-14T08:21:00+00:00","dateModified":"2026-03-30T08:49:58+00:00","description":"In our online shop you will find everything for your ceremony \u00b7 The Dragon&#039;s Blood takes you on a journey of spirituality and energy.","breadcrumb":{"@id":"https:\/\/suyana.shop\/fr\/produit\/sang-de-dragon#breadcrumb"},"inLanguage":"en-GB","potentialAction":[{"@type":"ReadAction","target":["https:\/\/suyana.shop\/fr\/produit\/sang-de-dragon"]}]},{"@type":"ImageObject","inLanguage":"en-GB","@id":"https:\/\/suyana.shop\/fr\/produit\/sang-de-dragon#primaryimage","url":"https:\/\/suyana.shop\/wp-content\/uploads\/2022\/12\/Suyana-x-Elimba-DSC00297-Bearbeitet-scaled-e1744116325351.jpg?wsr","contentUrl":"https:\/\/suyana.shop\/wp-content\/uploads\/2022\/12\/Suyana-x-Elimba-DSC00297-Bearbeitet-scaled-e1744116325351.jpg?wsr","width":1818,"height":1212},{"@type":"BreadcrumbList","@id":"https:\/\/suyana.shop\/fr\/produit\/sang-de-dragon#breadcrumb","itemListElement":[{"@type":"ListItem","position":1,"name":"Startseite","item":"https:\/\/suyana.shop\/fr\/"},{"@type":"ListItem","position":2,"name":"Drachenblut (Sangre de Drago) aus Rio Napo, Ecuador"}]},{"@type":"WebSite","@id":"\/#website","url":"\/","name":"Ceremonial cacao &amp; incense, and spiritual depth | Suyana","description":"Ceremonial Cacao &amp; Cacao Ceremonies","publisher":{"@id":"\/#organization"},"potentialAction":[{"@type":"SearchAction","target":{"@type":"EntryPoint","urlTemplate":"\/?s={search_term_string}"},"query-input":{"@type":"PropertyValueSpecification","valueRequired":true,"valueName":"search_term_string"}}],"inLanguage":"en-GB"},{"@type":"Organization","@id":"\/#organization","name":"Suyana","url":"\/","logo":{"@type":"ImageObject","inLanguage":"en-GB","@id":"\/#\/schema\/logo\/image\/","url":"https:\/\/suyana.shop\/wp-content\/uploads\/2022\/05\/suyana-logo-brown-small.png","contentUrl":"https:\/\/suyana.shop\/wp-content\/uploads\/2022\/05\/suyana-logo-brown-small.png","width":1387,"height":300,"caption":"Suyana"},"image":{"@id":"\/#\/schema\/logo\/image\/"},"sameAs":["https:\/\/instagram.com\/suyana.spirit"]}]}},"_links":{"self":[{"href":"https:\/\/suyana.shop\/en\/wp-json\/wp\/v2\/product\/33338","targetHints":{"allow":["GET"]}}],"collection":[{"href":"https:\/\/suyana.shop\/en\/wp-json\/wp\/v2\/product"}],"about":[{"href":"https:\/\/suyana.shop\/en\/wp-json\/wp\/v2\/types\/product"}],"replies":[{"embeddable":true,"href":"https:\/\/suyana.shop\/en\/wp-json\/wp\/v2\/comments?post=33338"}],"version-history":[{"count":42,"href":"https:\/\/suyana.shop\/en\/wp-json\/wp\/v2\/product\/33338\/revisions"}],"predecessor-version":[{"id":577496,"href":"https:\/\/suyana.shop\/en\/wp-json\/wp\/v2\/product\/33338\/revisions\/577496"}],"wp:featuredmedia":[{"embeddable":true,"href":"https:\/\/suyana.shop\/en\/wp-json\/wp\/v2\/media\/568633"}],"wp:attachment":[{"href":"https:\/\/suyana.shop\/en\/wp-json\/wp\/v2\/media?parent=33338"}],"wp:term":[{"taxonomy":"product_brand","embeddable":true,"href":"https:\/\/suyana.shop\/en\/wp-json\/wp\/v2\/product_brand?post=33338"},{"taxonomy":"product_cat","embeddable":true,"href":"https:\/\/suyana.shop\/en\/wp-json\/wp\/v2\/product_cat?post=33338"},{"taxonomy":"product_tag","embeddable":true,"href":"https:\/\/suyana.shop\/en\/wp-json\/wp\/v2\/product_tag?post=33338"}],"curies":[{"name":"wp","href":"https:\/\/api.w.org\/{rel}","templated":true}]}}