{"id":38,"date":"2022-01-25T21:27:27","date_gmt":"2022-01-25T21:27:27","guid":{"rendered":"https:\/\/suyana.shop\/?post_type=product&#038;p=38"},"modified":"2026-02-25T11:16:10","modified_gmt":"2026-02-25T10:16:10","slug":"palo-santo-incense-wood","status":"publish","type":"product","link":"https:\/\/suyana.shop\/en\/produkt\/palo-santo-raeucherholz","title":{"rendered":"<b> Palo Santo incense <\/b>  From Piura, Peru"},"content":{"rendered":"<p>&nbsp;<\/p>\n<p><img class=\"aligncenter\" src=\"\/wp-content\/uploads\/2022\/07\/Zeichenfla%CC%88che-5100.svg\" alt=\"\" width=\"203\" height=\"28\" \/><\/p>\n<h2 style=\"text-align: center;\">Suyana&#039;s Palo Santo de Piura<\/h2>\n<h4 style=\"text-align: center;\">Palo Santo incense wood caresses the heart &amp; soul, it calms &amp; inspires the mind<\/h4>\n<div>\n<p>&nbsp;<\/p>\n<p style=\"text-align: center;\">This Palo Santo incense wood is pure nature and has won our hearts straight away. Thanks to its pleasantly enveloping, velvety-soft smoke - with slightly fruity fragrances - our Palo Santo is present without being intrusive. It caresses the heart &amp; soul, it calms &amp; inspires the mind: it tells you a story, its story.<\/p>\n<p style=\"text-align: center;\">It is a very old story, because the smoking of resins and woods, as well as the burning of medicinal herbs has a long tradition worldwide: beneficial scents that simply do you good; smoke that creates a connection between the inside &amp; outside, that bridges the gap between nature &amp; man and brings you closer to the gods. Driving away negative thoughts &amp; energies or even demons is part of smoking. But not only religious, but also concrete medical purposes are pursued with incense.<\/p>\n<p style=\"text-align: center;\">Since pre-Columbian times, Palo Santo incense wood has been said to have healing powers that have a positive effect on colds, stomach upsets, skin diseases, headaches, asthma, stress and depression. The balsam tree is said to have cleansing, anti-inflammatory, pain-relieving and even antibiotic effects.<\/p>\n<p>&nbsp;<\/p>\n<\/div>\n<p><img src=\"\/wp-content\/uploads\/2022\/07\/shop_palo_bg_05.jpg\" alt=\"\" \/><\/p>\n<p>&nbsp;<\/p>\n<p><img class=\"\" src=\"\/wp-content\/uploads\/2022\/07\/Zeichenfla%CC%88che-11100.svg\" alt=\"\" width=\"203\" height=\"22\" \/><\/p>\n<h3>Growth &amp; collection of our sacred Palo Santo incense wood<\/h3>\n<div>\n<p>Bursera graveolens, its Latin name, occurs naturally in parts of North, Central &amp; South America. Our Palo Santo comes exclusively from natural stocks of the dry forests along the coast of Peru from the Piura region and is protected there. Here Palo Santo is not planted, felled and cut down, but is allowed to live its \"tree life\" in a natural way in the cycle of nature. A Palo Santo tree lives for about 100 years until it reaches its \"biological age\". Wood, sticks &amp; branches fall off, the tree finally lays down on the ground to completely surrender to the cycle of nature. Only now on the ground, the Palo Santo gains maturity, its strong resin content and its individual, unmistakable intense fragrance.<\/p>\n<p>Fallen wood as well as the tree itself sometimes remain lying for up to 4-5 years until they are finally collected by local peasant collectives. The Peruvian forestry company (SERFOR) pays attention to the amount of wood that is picked up and then determines the compensation area that must be reforested.<\/p>\n<p>We have chosen exactly this Palo Santo because it meets our demands for product quality, sustainability, mindfulness &amp; appreciation as well as fairness. The traditional indigenous heritage of this Palo Santo is honored, its naturalness is carefully preserved within its life cycle and the future of the Palo Santo forests as well as the local communities and their inhabitants is preserved.<\/p>\n<p>Ignite Suyana's Palo Santo de Piura and surrender to its magical effect and life story. Esp\u00edritu Nativo de Palo Santo para t\u00ed.<\/p>\n<p>Here is more incense to discover: <a href=\"https:\/\/suyana.shop\/produkt\/weisser-salbei-raeucherbuendel-aus-kalifornien-der-heimat-des-salvia-apiana\">White sage incense bundle<\/a><\/p>\n<\/div>","protected":false},"excerpt":{"rendered":"<ul class=\"uk-list uk-margin-medium uk-width-xlarge\">\n<li class=\"el-item\">\n<div class=\"uk-grid-small uk-child-width-expand uk-flex-nowrap uk-grid\">\n<div>\n<div class=\"el-content uk-panel\"><em>Ideal for smoking &amp; ceremonies<\/em><\/div>\n<\/div>\n<\/div>\n<\/li>\n<li class=\"el-item\">\n<div class=\"uk-grid-small uk-child-width-expand uk-flex-nowrap uk-grid\">\n<div>\n<div class=\"el-content uk-panel\"><em>strong resin content, rich in essential oils<\/em><\/div>\n<\/div>\n<\/div>\n<\/li>\n<li class=\"el-item\">\n<div class=\"uk-grid-small uk-child-width-expand uk-flex-nowrap uk-grid\">\n<div>\n<div class=\"el-content uk-panel\"><em>Pine, coconut, citrus &amp; mint fragrance notes<\/em><\/div>\n<\/div>\n<\/div>\n<\/li>\n<li class=\"el-item\">\n<div class=\"uk-grid-small uk-child-width-expand uk-flex-nowrap uk-grid\">\n<div>\n<div class=\"el-content uk-panel\"><em>inspiring, calming &amp; cleansing<\/em><\/div>\n<\/div>\n<\/div>\n<\/li>\n<li class=\"el-item\">\n<div class=\"uk-grid-small uk-child-width-expand uk-flex-nowrap uk-grid\">\n<div>\n<div class=\"el-content uk-panel\"><em>untreated, exclusively natural stock without deforestation!<\/em><\/div>\n<\/div>\n<\/div>\n<\/li>\n<li class=\"el-item\">\n<div class=\"uk-grid-small uk-child-width-expand uk-flex-nowrap uk-grid\">\n<div>\n<div class=\"el-content uk-panel\"><em>fair direct trade with local communities &amp; collectives<\/em><\/div>\n<\/div>\n<\/div>\n<\/li>\n<li class=\"el-item\">\n<div class=\"uk-grid-small uk-child-width-expand uk-flex-nowrap uk-grid\">\n<div>\n<div class=\"el-content uk-panel\">\n<p><em>Palo Santo smoking wood\u00a0<\/em><\/p>\n<\/div>\n<\/div>\n<\/div>\n<\/li>\n<\/ul>","protected":false},"featured_media":572086,"comment_status":"closed","ping_status":"closed","template":"","meta":{"site-sidebar-layout":"default","site-content-layout":"","ast-site-content-layout":"default","site-content-style":"default","site-sidebar-style":"default","ast-global-header-display":"","ast-banner-title-visibility":"","ast-main-header-display":"","ast-hfb-above-header-display":"","ast-hfb-below-header-display":"","ast-hfb-mobile-header-display":"","site-post-title":"","ast-breadcrumbs-content":"","ast-featured-img":"","footer-sml-layout":"","ast-disable-related-posts":"","theme-transparent-header-meta":"default","adv-header-id-meta":"","stick-header-meta":"default","header-above-stick-meta":"","header-main-stick-meta":"","header-below-stick-meta":"","astra-migrate-meta-layouts":"set","ast-page-background-enabled":"default","ast-page-background-meta":{"desktop":{"background-color":"var(--ast-global-color-4)","background-image":"","background-repeat":"repeat","background-position":"center center","background-size":"auto","background-attachment":"scroll","background-type":"","background-media":"","overlay-type":"","overlay-color":"","overlay-opacity":"","overlay-gradient":""},"tablet":{"background-color":"","background-image":"","background-repeat":"repeat","background-position":"center center","background-size":"auto","background-attachment":"scroll","background-type":"","background-media":"","overlay-type":"","overlay-color":"","overlay-opacity":"","overlay-gradient":""},"mobile":{"background-color":"","background-image":"","background-repeat":"repeat","background-position":"center center","background-size":"auto","background-attachment":"scroll","background-type":"","background-media":"","overlay-type":"","overlay-color":"","overlay-opacity":"","overlay-gradient":""}},"ast-content-background-meta":{"desktop":{"background-color":"var(--ast-global-color-5)","background-image":"","background-repeat":"repeat","background-position":"center center","background-size":"auto","background-attachment":"scroll","background-type":"","background-media":"","overlay-type":"","overlay-color":"","overlay-opacity":"","overlay-gradient":""},"tablet":{"background-color":"var(--ast-global-color-5)","background-image":"","background-repeat":"repeat","background-position":"center center","background-size":"auto","background-attachment":"scroll","background-type":"","background-media":"","overlay-type":"","overlay-color":"","overlay-opacity":"","overlay-gradient":""},"mobile":{"background-color":"var(--ast-global-color-5)","background-image":"","background-repeat":"repeat","background-position":"center center","background-size":"auto","background-attachment":"scroll","background-type":"","background-media":"","overlay-type":"","overlay-color":"","overlay-opacity":"","overlay-gradient":""}}},"product_brand":[],"product_cat":[15,167],"product_tag":[],"class_list":{"0":"post-38","1":"product","2":"type-product","3":"status-publish","4":"has-post-thumbnail","6":"product_cat-alle-produkte","7":"product_cat-raeucherwerk","8":"desktop-align-left","9":"tablet-align-left","10":"mobile-align-left","11":"ast-product-gallery-layout-horizontal-slider","12":"ast-product-single-variable","13":"ast-product-tabs-layout-horizontal","15":"first","16":"instock","17":"taxable","18":"shipping-taxable","19":"purchasable","20":"product-type-variable"},"bundled_by":[],"bundle_stock_status":"instock","bundle_stock_quantity":null,"bundle_virtual":false,"bundle_layout":"","bundle_add_to_cart_form_location":"","bundle_editable_in_cart":false,"bundle_sold_individually_context":"","bundle_item_grouping":"","bundle_min_size":"","bundle_max_size":"","bundle_price":[],"bundled_items":[],"bundle_sell_ids":[],"yoast_head":"<!-- This site is optimized with the Yoast SEO Premium plugin v24.0 (Yoast SEO v26.9) - https:\/\/yoast.com\/product\/yoast-seo-premium-wordpress\/ -->\n<title>Suyana &#183; Palo Santo R\u00e4ucherholz aus Piura, Peru<\/title>\n<meta name=\"description\" content=\"In unserem Online-Shop findest du alles f\u00fcr deine Zeremonie &#183; Lass dich mitnehmen auf eine Reise in die Welt des Palo Santo R\u00e4ucherholz.\" \/>\n<meta name=\"robots\" content=\"index, follow, max-snippet:-1, max-image-preview:large, max-video-preview:-1\" \/>\n<link rel=\"canonical\" href=\"https:\/\/suyana.shop\/en\/product-2\/palo-santo-incense-wood\/\" \/>\n<meta property=\"og:locale\" content=\"en_GB\" \/>\n<meta property=\"og:type\" content=\"article\" \/>\n<meta property=\"og:title\" content=\"Palo Santo R\u00e4ucherh\u00f6lzer  aus Piura, Peru\" \/>\n<meta property=\"og:description\" content=\"In unserem Online-Shop findest du alles f\u00fcr deine Zeremonie &#183; Lass dich mitnehmen auf eine Reise in die Welt des Palo Santo R\u00e4ucherholz.\" \/>\n<meta property=\"og:url\" content=\"https:\/\/suyana.shop\/en\/product-2\/palo-santo-incense-wood\/\" \/>\n<meta property=\"og:site_name\" content=\"Zeremonieller Kakao &amp; R\u00e4ucherwerk und spirituelle Tiefe | Suyana\" \/>\n<meta property=\"article:modified_time\" content=\"2026-02-25T10:16:10+00:00\" \/>\n<meta property=\"og:image\" content=\"https:\/\/suyana.shop\/wp-content\/uploads\/2022\/01\/DSC07682-scaled.jpg\" \/>\n\t<meta property=\"og:image:width\" content=\"2560\" \/>\n\t<meta property=\"og:image:height\" content=\"1707\" \/>\n\t<meta property=\"og:image:type\" content=\"image\/jpeg\" \/>\n<meta name=\"twitter:card\" content=\"summary_large_image\" \/>\n<meta name=\"twitter:label1\" content=\"Estimated reading time\" \/>\n\t<meta name=\"twitter:data1\" content=\"4 minutes\" \/>\n<script type=\"application\/ld+json\" class=\"yoast-schema-graph\">{\"@context\":\"https:\/\/schema.org\",\"@graph\":[{\"@type\":\"WebPage\",\"@id\":\"https:\/\/suyana.shop\/produkt\/palo-santo-raeucherholz\",\"url\":\"https:\/\/suyana.shop\/produkt\/palo-santo-raeucherholz\",\"name\":\"Suyana &#183; Palo Santo R\u00e4ucherholz aus Piura, Peru\",\"isPartOf\":{\"@id\":\"\/#website\"},\"primaryImageOfPage\":{\"@id\":\"https:\/\/suyana.shop\/produkt\/palo-santo-raeucherholz#primaryimage\"},\"image\":{\"@id\":\"https:\/\/suyana.shop\/produkt\/palo-santo-raeucherholz#primaryimage\"},\"thumbnailUrl\":\"https:\/\/suyana.shop\/wp-content\/uploads\/2022\/01\/DSC07682-scaled.jpg?wsr\",\"datePublished\":\"2022-01-25T21:27:27+00:00\",\"dateModified\":\"2026-02-25T10:16:10+00:00\",\"description\":\"In unserem Online-Shop findest du alles f\u00fcr deine Zeremonie &#183; Lass dich mitnehmen auf eine Reise in die Welt des Palo Santo R\u00e4ucherholz.\",\"breadcrumb\":{\"@id\":\"https:\/\/suyana.shop\/produkt\/palo-santo-raeucherholz#breadcrumb\"},\"inLanguage\":\"en-GB\",\"potentialAction\":[{\"@type\":\"ReadAction\",\"target\":[\"https:\/\/suyana.shop\/produkt\/palo-santo-raeucherholz\"]}]},{\"@type\":\"ImageObject\",\"inLanguage\":\"en-GB\",\"@id\":\"https:\/\/suyana.shop\/produkt\/palo-santo-raeucherholz#primaryimage\",\"url\":\"https:\/\/suyana.shop\/wp-content\/uploads\/2022\/01\/DSC07682-scaled.jpg?wsr\",\"contentUrl\":\"https:\/\/suyana.shop\/wp-content\/uploads\/2022\/01\/DSC07682-scaled.jpg?wsr\",\"width\":2560,\"height\":1707},{\"@type\":\"BreadcrumbList\",\"@id\":\"https:\/\/suyana.shop\/produkt\/palo-santo-raeucherholz#breadcrumb\",\"itemListElement\":[{\"@type\":\"ListItem\",\"position\":1,\"name\":\"Startseite\",\"item\":\"https:\/\/suyana.shop\/fr\/\"},{\"@type\":\"ListItem\",\"position\":2,\"name\":\"Palo Santo R\u00e4ucherh\u00f6lzer aus Piura, Peru\"}]},{\"@type\":\"WebSite\",\"@id\":\"\/#website\",\"url\":\"\/\",\"name\":\"Zeremonieller Kakao &amp; R\u00e4ucherwerk und spirituelle Tiefe | Suyana\",\"description\":\"Zeremonieller Kakao &amp; Kakaozeremonien\",\"publisher\":{\"@id\":\"\/#organization\"},\"potentialAction\":[{\"@type\":\"SearchAction\",\"target\":{\"@type\":\"EntryPoint\",\"urlTemplate\":\"\/?s={search_term_string}\"},\"query-input\":{\"@type\":\"PropertyValueSpecification\",\"valueRequired\":true,\"valueName\":\"search_term_string\"}}],\"inLanguage\":\"en-GB\"},{\"@type\":\"Organization\",\"@id\":\"\/#organization\",\"name\":\"Suyana\",\"url\":\"\/\",\"logo\":{\"@type\":\"ImageObject\",\"inLanguage\":\"en-GB\",\"@id\":\"\/#\/schema\/logo\/image\/\",\"url\":\"https:\/\/suyana.shop\/wp-content\/uploads\/2022\/05\/suyana-logo-brown-small.png\",\"contentUrl\":\"https:\/\/suyana.shop\/wp-content\/uploads\/2022\/05\/suyana-logo-brown-small.png\",\"width\":1387,\"height\":300,\"caption\":\"Suyana\"},\"image\":{\"@id\":\"\/#\/schema\/logo\/image\/\"},\"sameAs\":[\"https:\/\/instagram.com\/suyana.spirit\"]}]}<\/script>\n<!-- \/ Yoast SEO Premium plugin. -->","yoast_head_json":{"title":"Suyana \u00b7 Palo Santo incense wood from Piura, Peru","description":"In our online shop you will find everything for your ceremony. Let us take you on a journey into the world of Palo Santo incense wood.","robots":{"index":"index","follow":"follow","max-snippet":"max-snippet:-1","max-image-preview":"max-image-preview:large","max-video-preview":"max-video-preview:-1"},"canonical":"https:\/\/suyana.shop\/en\/product-2\/palo-santo-incense-wood\/","og_locale":"en_GB","og_type":"article","og_title":"Palo Santo R\u00e4ucherh\u00f6lzer  aus Piura, Peru","og_description":"In unserem Online-Shop findest du alles f\u00fcr deine Zeremonie &#183; Lass dich mitnehmen auf eine Reise in die Welt des Palo Santo R\u00e4ucherholz.","og_url":"https:\/\/suyana.shop\/en\/product-2\/palo-santo-incense-wood\/","og_site_name":"Zeremonieller Kakao &amp; R\u00e4ucherwerk und spirituelle Tiefe | Suyana","article_modified_time":"2026-02-25T10:16:10+00:00","og_image":[{"width":2560,"height":1707,"url":"https:\/\/suyana.shop\/wp-content\/uploads\/2022\/01\/DSC07682-scaled.jpg","type":"image\/jpeg"}],"twitter_card":"summary_large_image","twitter_misc":{"Estimated reading time":"4 minutes"},"schema":{"@context":"https:\/\/schema.org","@graph":[{"@type":"WebPage","@id":"https:\/\/suyana.shop\/produkt\/palo-santo-raeucherholz","url":"https:\/\/suyana.shop\/produkt\/palo-santo-raeucherholz","name":"Suyana \u00b7 Palo Santo incense wood from Piura, Peru","isPartOf":{"@id":"\/#website"},"primaryImageOfPage":{"@id":"https:\/\/suyana.shop\/produkt\/palo-santo-raeucherholz#primaryimage"},"image":{"@id":"https:\/\/suyana.shop\/produkt\/palo-santo-raeucherholz#primaryimage"},"thumbnailUrl":"https:\/\/suyana.shop\/wp-content\/uploads\/2022\/01\/DSC07682-scaled.jpg?wsr","datePublished":"2022-01-25T21:27:27+00:00","dateModified":"2026-02-25T10:16:10+00:00","description":"In our online shop you will find everything for your ceremony. Let us take you on a journey into the world of Palo Santo incense wood.","breadcrumb":{"@id":"https:\/\/suyana.shop\/produkt\/palo-santo-raeucherholz#breadcrumb"},"inLanguage":"en-GB","potentialAction":[{"@type":"ReadAction","target":["https:\/\/suyana.shop\/produkt\/palo-santo-raeucherholz"]}]},{"@type":"ImageObject","inLanguage":"en-GB","@id":"https:\/\/suyana.shop\/produkt\/palo-santo-raeucherholz#primaryimage","url":"https:\/\/suyana.shop\/wp-content\/uploads\/2022\/01\/DSC07682-scaled.jpg?wsr","contentUrl":"https:\/\/suyana.shop\/wp-content\/uploads\/2022\/01\/DSC07682-scaled.jpg?wsr","width":2560,"height":1707},{"@type":"BreadcrumbList","@id":"https:\/\/suyana.shop\/produkt\/palo-santo-raeucherholz#breadcrumb","itemListElement":[{"@type":"ListItem","position":1,"name":"Startseite","item":"https:\/\/suyana.shop\/fr\/"},{"@type":"ListItem","position":2,"name":"Palo Santo R\u00e4ucherh\u00f6lzer aus Piura, Peru"}]},{"@type":"WebSite","@id":"\/#website","url":"\/","name":"Ceremonial cacao &amp; incense, and spiritual depth | Suyana","description":"Ceremonial Cacao &amp; Cacao Ceremonies","publisher":{"@id":"\/#organization"},"potentialAction":[{"@type":"SearchAction","target":{"@type":"EntryPoint","urlTemplate":"\/?s={search_term_string}"},"query-input":{"@type":"PropertyValueSpecification","valueRequired":true,"valueName":"search_term_string"}}],"inLanguage":"en-GB"},{"@type":"Organization","@id":"\/#organization","name":"Suyana","url":"\/","logo":{"@type":"ImageObject","inLanguage":"en-GB","@id":"\/#\/schema\/logo\/image\/","url":"https:\/\/suyana.shop\/wp-content\/uploads\/2022\/05\/suyana-logo-brown-small.png","contentUrl":"https:\/\/suyana.shop\/wp-content\/uploads\/2022\/05\/suyana-logo-brown-small.png","width":1387,"height":300,"caption":"Suyana"},"image":{"@id":"\/#\/schema\/logo\/image\/"},"sameAs":["https:\/\/instagram.com\/suyana.spirit"]}]}},"_links":{"self":[{"href":"https:\/\/suyana.shop\/en\/wp-json\/wp\/v2\/product\/38","targetHints":{"allow":["GET"]}}],"collection":[{"href":"https:\/\/suyana.shop\/en\/wp-json\/wp\/v2\/product"}],"about":[{"href":"https:\/\/suyana.shop\/en\/wp-json\/wp\/v2\/types\/product"}],"replies":[{"embeddable":true,"href":"https:\/\/suyana.shop\/en\/wp-json\/wp\/v2\/comments?post=38"}],"version-history":[{"count":0,"href":"https:\/\/suyana.shop\/en\/wp-json\/wp\/v2\/product\/38\/revisions"}],"wp:featuredmedia":[{"embeddable":true,"href":"https:\/\/suyana.shop\/en\/wp-json\/wp\/v2\/media\/572086"}],"wp:attachment":[{"href":"https:\/\/suyana.shop\/en\/wp-json\/wp\/v2\/media?parent=38"}],"wp:term":[{"taxonomy":"product_brand","embeddable":true,"href":"https:\/\/suyana.shop\/en\/wp-json\/wp\/v2\/product_brand?post=38"},{"taxonomy":"product_cat","embeddable":true,"href":"https:\/\/suyana.shop\/en\/wp-json\/wp\/v2\/product_cat?post=38"},{"taxonomy":"product_tag","embeddable":true,"href":"https:\/\/suyana.shop\/en\/wp-json\/wp\/v2\/product_tag?post=38"}],"curies":[{"name":"wp","href":"https:\/\/api.w.org\/{rel}","templated":true}]}}