{"id":15,"date":"2022-01-25T21:20:28","date_gmt":"2022-01-25T21:20:28","guid":{"rendered":"https:\/\/suyana.shop\/widerruf"},"modified":"2025-07-21T15:18:12","modified_gmt":"2025-07-21T14:18:12","slug":"revocacion","status":"publish","type":"page","link":"https:\/\/suyana.shop\/es\/widerruf","title":{"rendered":"Revocaci\u00f3n"},"content":{"rendered":"<div data-elementor-type=\"wp-page\" data-elementor-id=\"15\" class=\"elementor elementor-15\" data-elementor-post-type=\"page\">\n\t\t\t\t\t\t<section class=\"elementor-section elementor-top-section elementor-element elementor-element-6713513c elementor-section-boxed elementor-section-height-default elementor-section-height-default\" data-id=\"6713513c\" data-element_type=\"section\" data-e-type=\"section\">\n\t\t\t\t\t\t<div class=\"elementor-container elementor-column-gap-default\">\n\t\t\t\t\t<div class=\"elementor-column elementor-col-100 elementor-top-column elementor-element elementor-element-18ac149c\" data-id=\"18ac149c\" data-element_type=\"column\" data-e-type=\"column\">\n\t\t\t<div class=\"elementor-widget-wrap elementor-element-populated\">\n\t\t\t\t\t\t<div class=\"elementor-element elementor-element-2cfe00c9 elementor-widget elementor-widget-text-editor\" data-id=\"2cfe00c9\" data-element_type=\"widget\" data-e-type=\"widget\" data-widget_type=\"text-editor.default\">\n\t\t\t\t<div class=\"elementor-widget-container\">\n\t\t\t\t\t\t\t\t\t<h1>Pol\u00edtica de cancelaci\u00f3n<\/h1>\n<p><img class=\"\" src=\"\/wp-content\/uploads\/2022\/07\/Zeichenfla%CC%88che-5100.svg\" alt=\"\" width=\"105\" height=\"26\"\/><\/p>\n<div>\n<p><strong>Pol\u00edtica de cancelaci\u00f3n para consumidores en un contrato en el que los bienes se entregan en una \u00fanica entrega<\/strong><\/p>\n<h3>Pol\u00edtica de cancelaci\u00f3n<\/h3>\n<p>Un consumidor es toda persona f\u00edsica que celebra un negocio jur\u00eddico con fines predominantemente ajenos a su actividad comercial, empresarial o profesional.<\/p>\n<h3>Derecho de cancelaci\u00f3n<\/h3>\n<p>Tienes derecho a desistir del presente contrato en un plazo de catorce d\u00edas sin necesidad de justificaci\u00f3n. El plazo de cancelaci\u00f3n es de catorce d\u00edas a partir del d\u00eda en que t\u00fa o un tercero nombrado por ti, que no sea el transportista, tom\u00f3 posesi\u00f3n de los bienes. Para ejercer tu derecho de desistimiento, debes informarnos (insertar: Nombre\/empresa, direcci\u00f3n, n\u00famero de tel\u00e9fono, direcci\u00f3n de correo electr\u00f3nico y, si est\u00e1 disponible, el n\u00famero de fax.) mediante una declaraci\u00f3n clara (por ejemplo, una carta enviada por correo postal, fax o correo electr\u00f3nico) de tu decisi\u00f3n de cancelar este contrato. Puedes utilizar el modelo de formulario de cancelaci\u00f3n adjunto, pero no es obligatorio. Para cumplir el plazo de cancelaci\u00f3n, basta con que env\u00edes tu notificaci\u00f3n de ejercicio del derecho de cancelaci\u00f3n antes de que expire el plazo de cancelaci\u00f3n.<\/p>\n<h3>Consecuencias de la cancelaci\u00f3n<\/h3>\n<p>Si desistes del presente contrato, te reembolsaremos todos los pagos que hayamos recibido de ti, incluidos los gastos de entrega (con la excepci\u00f3n de los gastos suplementarios resultantes de tu elecci\u00f3n de un tipo de entrega distinto del tipo menos costoso de entrega est\u00e1ndar que ofrezcamos), sin ninguna demora indebida y, en cualquier caso, a m\u00e1s tardar 14 d\u00edas a partir del d\u00eda en que se nos informe de tu decisi\u00f3n de desistir del presente contrato. Para este reembolso, utilizaremos el mismo medio de pago que utilizaste para la transacci\u00f3n original, a menos que se acuerde expresamente otra cosa contigo; en ning\u00fan caso se te cobrar\u00e1n comisiones por este reembolso. Podremos retener el reembolso hasta que hayamos recibido los bienes de vuelta o hasta que hayas presentado una prueba de haberlos devuelto, seg\u00fan qu\u00e9 condici\u00f3n se cumpla primero. Debes devolvernos o entregarnos los bienes inmediatamente y, en cualquier caso, en un plazo m\u00e1ximo de catorce d\u00edas a partir del d\u00eda en que nos comuniques la rescisi\u00f3n del presente contrato. El plazo se cumple si env\u00edas los bienes antes de que haya expirado el plazo de catorce d\u00edas.<br \/>T\u00fa asumes los costes directos de devoluci\u00f3n de la mercanc\u00eda.<br \/>S\u00f3lo tendr\u00e1s que pagar por la p\u00e9rdida de valor de los bienes si dicha p\u00e9rdida de valor se debe a una manipulaci\u00f3n de los bienes que no sea necesaria para comprobar su estado, propiedades y funcionalidad.<\/p>\n<h3>Modelo de formulario de cancelaci\u00f3n<\/h3>\n<p>(Si deseas cancelar el contrato, rellena y devuelve este formulario).<br \/>\u2013 An: <\/p>\n<p><span style=\"font-size: 16px;\">c\/o Milian Logistics GmbH , c\/o Suyana<br \/><\/span><span style=\"font-size: 16px;\">Rudolf Diesel Stra\u00dfe 11<\/span> <br \/><span style=\"font-size: 16px;\">68169 Mannheim<\/span><\/p><p><span style=\"font-size: 16px;\">office@suyana.shop<\/span><\/p>\n<p>- Yo\/nosotros (*) rescindimos el contrato celebrado por m\u00ed\/nosotros (*) para la compra de los siguientes bienes (*)\/la prestaci\u00f3n del siguiente servicio (*)<br \/>- Pedido el (*)\/recibido el (*)<br \/>- Nombre del consumidor o consumidores<br \/>- Direcci\u00f3n del consumidor o consumidores<br \/>- Firma del consumidor o consumidores (s\u00f3lo para notificaciones en papel)<br \/>- fecha<br \/>-------------<br \/>(*) T\u00e1chese lo que no proceda.<\/p>\n<p><em>Exclusi\u00f3n o extinci\u00f3n prematura del derecho de desistimiento<\/em><br \/>El derecho de rescisi\u00f3n no se aplica a los contratos<br \/>para la entrega de bienes que no sean prefabricados y para cuya fabricaci\u00f3n sea decisiva una selecci\u00f3n o determinaci\u00f3n individual por parte del consumidor o que est\u00e9n claramente adaptados a las necesidades personales del consumidor;<br \/>para la entrega de mercanc\u00edas que pueden estropearse r\u00e1pidamente o cuya fecha de caducidad se superar\u00eda r\u00e1pidamente;<br \/>para la entrega de bebidas alcoh\u00f3licas cuyo precio se acord\u00f3 al celebrar el contrato, pero que pueden entregarse no antes de 30 d\u00edas tras la celebraci\u00f3n del contrato y cuyo valor actual depende de las fluctuaciones del mercado sobre las que el empresario no tiene influencia;<br \/>para la entrega de diarios, revistas o publicaciones peri\u00f3dicas, a excepci\u00f3n de los contratos de suscripci\u00f3n.<br \/>El derecho de rescisi\u00f3n expira prematuramente para los contratos<br \/>para la entrega de mercanc\u00edas precintadas que no sean aptas para ser devueltas por razones de protecci\u00f3n de la salud o de higiene, si su precinto ha sido retirado despu\u00e9s de la entrega;<br \/>para la entrega de mercanc\u00edas si \u00e9stas se han mezclado inseparablemente con otras mercanc\u00edas despu\u00e9s de la entrega debido a su naturaleza;<\/p>\n<\/div>\n<p><\/p><\/div><\/div><\/div><\/div><\/div><\/section><\/div> ...<p class=\"ast-the-content-more-link\"> <a class=\"\" href=\"https:\/\/suyana.shop\/es\/widerruf\"> <span class=\"screen-reader-text\">Revocaci\u00f3n<\/span>Vaciar m\u00e1s \"<\/a><\/p>","protected":false},"excerpt":{"rendered":"<p>Widerrufsbelehrung Widerrufsbelehrung f\u00fcr [&hellip;]<\/p>\n","protected":false},"author":1,"featured_media":0,"parent":0,"menu_order":0,"comment_status":"closed","ping_status":"closed","template":"","meta":{"site-sidebar-layout":"default","site-content-layout":"","ast-site-content-layout":"default","site-content-style":"default","site-sidebar-style":"default","ast-global-header-display":"","ast-banner-title-visibility":"","ast-main-header-display":"","ast-hfb-above-header-display":"","ast-hfb-below-header-display":"","ast-hfb-mobile-header-display":"","site-post-title":"","ast-breadcrumbs-content":"","ast-featured-img":"","footer-sml-layout":"","ast-disable-related-posts":"","theme-transparent-header-meta":"","adv-header-id-meta":"","stick-header-meta":"","header-above-stick-meta":"","header-main-stick-meta":"","header-below-stick-meta":"","astra-migrate-meta-layouts":"default","ast-page-background-enabled":"default","ast-page-background-meta":{"desktop":{"background-color":"var(--ast-global-color-4)","background-image":"","background-repeat":"repeat","background-position":"center center","background-size":"auto","background-attachment":"scroll","background-type":"","background-media":"","overlay-type":"","overlay-color":"","overlay-opacity":"","overlay-gradient":""},"tablet":{"background-color":"","background-image":"","background-repeat":"repeat","background-position":"center center","background-size":"auto","background-attachment":"scroll","background-type":"","background-media":"","overlay-type":"","overlay-color":"","overlay-opacity":"","overlay-gradient":""},"mobile":{"background-color":"","background-image":"","background-repeat":"repeat","background-position":"center center","background-size":"auto","background-attachment":"scroll","background-type":"","background-media":"","overlay-type":"","overlay-color":"","overlay-opacity":"","overlay-gradient":""}},"ast-content-background-meta":{"desktop":{"background-color":"var(--ast-global-color-5)","background-image":"","background-repeat":"repeat","background-position":"center center","background-size":"auto","background-attachment":"scroll","background-type":"","background-media":"","overlay-type":"","overlay-color":"","overlay-opacity":"","overlay-gradient":""},"tablet":{"background-color":"var(--ast-global-color-5)","background-image":"","background-repeat":"repeat","background-position":"center center","background-size":"auto","background-attachment":"scroll","background-type":"","background-media":"","overlay-type":"","overlay-color":"","overlay-opacity":"","overlay-gradient":""},"mobile":{"background-color":"var(--ast-global-color-5)","background-image":"","background-repeat":"repeat","background-position":"center center","background-size":"auto","background-attachment":"scroll","background-type":"","background-media":"","overlay-type":"","overlay-color":"","overlay-opacity":"","overlay-gradient":""}},"footnotes":""},"class_list":["post-15","page","type-page","status-publish","hentry"],"yoast_head":"<!-- This site is optimized with the Yoast SEO Premium plugin v24.0 (Yoast SEO v26.9) - https:\/\/yoast.com\/product\/yoast-seo-premium-wordpress\/ -->\n<title>Zeremonieller Kakao &amp; R\u00e4ucherwerk und spirituelle Tiefe | Suyana &#183; Widerruf<\/title>\n<meta name=\"description\" content=\"Alles f\u00fcr deine Zeremonie \u2661 Zeremonieller Kakao \u25e6 R\u00e4ucherwerk &amp; Heilpflanzen \u25e6 Gew\u00fcrze \u25e6 verantwortungsvoller Online-Shop \u25e6 lift your spirit!\" \/>\n<meta name=\"robots\" content=\"index, follow, max-snippet:-1, max-image-preview:large, max-video-preview:-1\" \/>\n<link rel=\"canonical\" href=\"https:\/\/suyana.shop\/es\/revocacion\/\" \/>\n<meta property=\"og:locale\" content=\"es_ES\" \/>\n<meta property=\"og:type\" content=\"article\" \/>\n<meta property=\"og:title\" content=\"Widerruf\" \/>\n<meta property=\"og:description\" content=\"Alles f\u00fcr deine Zeremonie \u2661 Zeremonieller Kakao \u25e6 R\u00e4ucherwerk &amp; Heilpflanzen \u25e6 Gew\u00fcrze \u25e6 verantwortungsvoller Online-Shop \u25e6 lift your spirit!\" \/>\n<meta property=\"og:url\" content=\"https:\/\/suyana.shop\/es\/revocacion\/\" \/>\n<meta property=\"og:site_name\" content=\"Zeremonieller Kakao &amp; R\u00e4ucherwerk und spirituelle Tiefe | Suyana\" \/>\n<meta property=\"article:modified_time\" content=\"2025-07-21T14:18:12+00:00\" \/>\n<meta name=\"twitter:card\" content=\"summary_large_image\" \/>\n<meta name=\"twitter:label1\" content=\"Tiempo de lectura\" \/>\n\t<meta name=\"twitter:data1\" content=\"4 minutos\" \/>\n<script type=\"application\/ld+json\" class=\"yoast-schema-graph\">{\"@context\":\"https:\/\/schema.org\",\"@graph\":[{\"@type\":\"WebPage\",\"@id\":\"https:\/\/suyana.shop\/widerruf\",\"url\":\"https:\/\/suyana.shop\/widerruf\",\"name\":\"Zeremonieller Kakao &amp; R\u00e4ucherwerk und spirituelle Tiefe | Suyana &#183; Widerruf\",\"isPartOf\":{\"@id\":\"\/#website\"},\"datePublished\":\"2022-01-25T21:20:28+00:00\",\"dateModified\":\"2025-07-21T14:18:12+00:00\",\"description\":\"Alles f\u00fcr deine Zeremonie \u2661 Zeremonieller Kakao \u25e6 R\u00e4ucherwerk & Heilpflanzen \u25e6 Gew\u00fcrze \u25e6 verantwortungsvoller Online-Shop \u25e6 lift your spirit!\",\"breadcrumb\":{\"@id\":\"https:\/\/suyana.shop\/widerruf#breadcrumb\"},\"inLanguage\":\"es\",\"potentialAction\":[{\"@type\":\"ReadAction\",\"target\":[\"https:\/\/suyana.shop\/widerruf\"]}]},{\"@type\":\"BreadcrumbList\",\"@id\":\"https:\/\/suyana.shop\/widerruf#breadcrumb\",\"itemListElement\":[{\"@type\":\"ListItem\",\"position\":1,\"name\":\"Startseite\",\"item\":\"https:\/\/suyana.shop\/fr\/\"},{\"@type\":\"ListItem\",\"position\":2,\"name\":\"Widerruf\"}]},{\"@type\":\"WebSite\",\"@id\":\"\/#website\",\"url\":\"\/\",\"name\":\"Zeremonieller Kakao &amp; R\u00e4ucherwerk und spirituelle Tiefe | Suyana\",\"description\":\"Zeremonieller Kakao &amp; Kakaozeremonien\",\"publisher\":{\"@id\":\"\/#organization\"},\"potentialAction\":[{\"@type\":\"SearchAction\",\"target\":{\"@type\":\"EntryPoint\",\"urlTemplate\":\"\/?s={search_term_string}\"},\"query-input\":{\"@type\":\"PropertyValueSpecification\",\"valueRequired\":true,\"valueName\":\"search_term_string\"}}],\"inLanguage\":\"es\"},{\"@type\":\"Organization\",\"@id\":\"\/#organization\",\"name\":\"Suyana\",\"url\":\"\/\",\"logo\":{\"@type\":\"ImageObject\",\"inLanguage\":\"es\",\"@id\":\"\/#\/schema\/logo\/image\/\",\"url\":\"https:\/\/suyana.shop\/wp-content\/uploads\/2022\/05\/suyana-logo-brown-small.png\",\"contentUrl\":\"https:\/\/suyana.shop\/wp-content\/uploads\/2022\/05\/suyana-logo-brown-small.png\",\"width\":1387,\"height\":300,\"caption\":\"Suyana\"},\"image\":{\"@id\":\"\/#\/schema\/logo\/image\/\"},\"sameAs\":[\"https:\/\/instagram.com\/suyana.spirit\"]}]}<\/script>\n<!-- \/ Yoast SEO Premium plugin. -->","yoast_head_json":{"title":"Cacao e incienso ceremoniales y profundidad espiritual | Suyana - Revocaci\u00f3n","description":"Todo para tu ceremonia \u2661 Cacao ceremonial \u25e6 Incienso y plantas medicinales \u25e6 Especias \u25e6 Tienda online responsable \u25e6 \u00a1Levanta tu esp\u00edritu!","robots":{"index":"index","follow":"follow","max-snippet":"max-snippet:-1","max-image-preview":"max-image-preview:large","max-video-preview":"max-video-preview:-1"},"canonical":"https:\/\/suyana.shop\/es\/revocacion\/","og_locale":"es_ES","og_type":"article","og_title":"Widerruf","og_description":"Alles f\u00fcr deine Zeremonie \u2661 Zeremonieller Kakao \u25e6 R\u00e4ucherwerk & Heilpflanzen \u25e6 Gew\u00fcrze \u25e6 verantwortungsvoller Online-Shop \u25e6 lift your spirit!","og_url":"https:\/\/suyana.shop\/es\/revocacion\/","og_site_name":"Zeremonieller Kakao &amp; R\u00e4ucherwerk und spirituelle Tiefe | Suyana","article_modified_time":"2025-07-21T14:18:12+00:00","twitter_card":"summary_large_image","twitter_misc":{"Tiempo de lectura":"4 minutos"},"schema":{"@context":"https:\/\/schema.org","@graph":[{"@type":"WebPage","@id":"https:\/\/suyana.shop\/widerruf","url":"https:\/\/suyana.shop\/widerruf","name":"Cacao e incienso ceremoniales y profundidad espiritual | Suyana - Revocaci\u00f3n","isPartOf":{"@id":"\/#website"},"datePublished":"2022-01-25T21:20:28+00:00","dateModified":"2025-07-21T14:18:12+00:00","description":"Todo para tu ceremonia \u2661 Cacao ceremonial \u25e6 Incienso y plantas medicinales \u25e6 Especias \u25e6 Tienda online responsable \u25e6 \u00a1Levanta tu esp\u00edritu!","breadcrumb":{"@id":"https:\/\/suyana.shop\/widerruf#breadcrumb"},"inLanguage":"es","potentialAction":[{"@type":"ReadAction","target":["https:\/\/suyana.shop\/widerruf"]}]},{"@type":"BreadcrumbList","@id":"https:\/\/suyana.shop\/widerruf#breadcrumb","itemListElement":[{"@type":"ListItem","position":1,"name":"Startseite","item":"https:\/\/suyana.shop\/fr\/"},{"@type":"ListItem","position":2,"name":"Widerruf"}]},{"@type":"WebSite","@id":"\/#website","url":"\/","name":"Cacao e incienso ceremoniales y profundidad espiritual | Suyana","description":"Cacao ceremonial y ceremonias del cacao","publisher":{"@id":"\/#organization"},"potentialAction":[{"@type":"SearchAction","target":{"@type":"EntryPoint","urlTemplate":"\/?s={search_term_string}"},"query-input":{"@type":"PropertyValueSpecification","valueRequired":true,"valueName":"search_term_string"}}],"inLanguage":"es"},{"@type":"Organization","@id":"\/#organization","name":"Suyana","url":"\/","logo":{"@type":"ImageObject","inLanguage":"es","@id":"\/#\/schema\/logo\/image\/","url":"https:\/\/suyana.shop\/wp-content\/uploads\/2022\/05\/suyana-logo-brown-small.png","contentUrl":"https:\/\/suyana.shop\/wp-content\/uploads\/2022\/05\/suyana-logo-brown-small.png","width":1387,"height":300,"caption":"Suyana"},"image":{"@id":"\/#\/schema\/logo\/image\/"},"sameAs":["https:\/\/instagram.com\/suyana.spirit"]}]}},"_links":{"self":[{"href":"https:\/\/suyana.shop\/es\/wp-json\/wp\/v2\/pages\/15","targetHints":{"allow":["GET"]}}],"collection":[{"href":"https:\/\/suyana.shop\/es\/wp-json\/wp\/v2\/pages"}],"about":[{"href":"https:\/\/suyana.shop\/es\/wp-json\/wp\/v2\/types\/page"}],"author":[{"embeddable":true,"href":"https:\/\/suyana.shop\/es\/wp-json\/wp\/v2\/users\/1"}],"replies":[{"embeddable":true,"href":"https:\/\/suyana.shop\/es\/wp-json\/wp\/v2\/comments?post=15"}],"version-history":[{"count":0,"href":"https:\/\/suyana.shop\/es\/wp-json\/wp\/v2\/pages\/15\/revisions"}],"wp:attachment":[{"href":"https:\/\/suyana.shop\/es\/wp-json\/wp\/v2\/media?parent=15"}],"curies":[{"name":"wp","href":"https:\/\/api.w.org\/{rel}","templated":true}]}}