{"id":36390,"date":"2023-11-22T14:15:03","date_gmt":"2023-11-22T13:15:03","guid":{"rendered":"https:\/\/suyana.shop\/?page_id=36390"},"modified":"2025-07-30T08:55:48","modified_gmt":"2025-07-30T07:55:48","slug":"setas","status":"publish","type":"page","link":"https:\/\/suyana.shop\/es\/fliegenpilze","title":{"rendered":"Seta"},"content":{"rendered":"<div data-elementor-type=\"wp-page\" data-elementor-id=\"36390\" class=\"elementor elementor-36390\" data-elementor-post-type=\"page\">\n\t\t\t\t\t\t<section class=\"elementor-section elementor-top-section elementor-element elementor-element-115dda5a elementor-section-boxed elementor-section-height-default elementor-section-height-default\" data-id=\"115dda5a\" data-element_type=\"section\" data-e-type=\"section\">\n\t\t\t\t\t\t<div class=\"elementor-container elementor-column-gap-default\">\n\t\t\t\t\t<div class=\"elementor-column elementor-col-100 elementor-top-column elementor-element elementor-element-19443494\" data-id=\"19443494\" data-element_type=\"column\" data-e-type=\"column\">\n\t\t\t<div class=\"elementor-widget-wrap elementor-element-populated\">\n\t\t\t\t\t\t<div class=\"elementor-element elementor-element-4357aed elementor-widget elementor-widget-heading\" data-id=\"4357aed\" data-element_type=\"widget\" data-e-type=\"widget\" data-widget_type=\"heading.default\">\n\t\t\t\t<div class=\"elementor-widget-container\">\n\t\t\t\t\t<h1 class=\"elementor-heading-title elementor-size-default\">Seta<\/h1>\t\t\t\t<\/div>\n\t\t\t\t<\/div>\n\t\t\t\t<div class=\"elementor-element elementor-element-48c81e67 elementor-widget elementor-widget-text-editor\" data-id=\"48c81e67\" data-element_type=\"widget\" data-e-type=\"widget\" data-widget_type=\"text-editor.default\">\n\t\t\t\t<div class=\"elementor-widget-container\">\n\t\t\t\t\t\t\t\t\t<p><span style=\"font-size: 16px;\">El ag\u00e1rico de mosca (Amanita muscaria) es una notable especie de seta que se encuentra en los bosques del hemisferio norte. Con sus capuchones de color rojo vivo, a menudo moteados de puntos blancos, llama la atenci\u00f3n. Pero su aspecto exterior es s\u00f3lo la punta del iceberg. El ag\u00e1rico de mosca contiene una compleja mezcla de compuestos, entre ellos muscimol y \u00e1cido ibot\u00e9nico, que tienen efectos psicoactivos.<\/span><\/p><p><img src=\"\/wp-content\/uploads\/2023\/12\/Fliegen-Pilz-kaufen.jpg\" alt=\"Agarico de la mosca del humo\" \/><\/p><h1 class=\"product_title entry-title\"><b>Amanita Muscaria, polvo<\/b><br \/>de los bosques salvajes de Lituania<\/h1><div><ul class=\"uk-list uk-margin-medium uk-width-xlarge\" data-id=\"page#14\"><li class=\"el-item\"><div class=\"uk-grid-small uk-child-width-expand uk-flex-nowrap uk-grid\"><div><div class=\"el-content uk-panel\">100% producto natural, presencia silvestre<\/div><\/div><\/div><\/li><li class=\"el-item\"><div class=\"uk-grid-small uk-child-width-expand uk-flex-nowrap uk-grid\"><div class=\"uk-width-auto uk-first-column\"><span style=\"font-size: 16px;\">agradable olor aterciopelado y suave a champi\u00f1\u00f3n<\/span><\/div><\/div><\/li><li class=\"el-item\"><div class=\"uk-grid-small uk-child-width-expand uk-flex-nowrap uk-grid\"><div class=\"uk-width-auto uk-first-column\"><span style=\"font-size: 16px;\">para un enfoque claro, autoconfianza y fuerza interior<\/span><\/div><\/div><\/li><li class=\"el-item\"><div class=\"uk-grid-small uk-child-width-expand uk-flex-nowrap uk-grid\"><div class=\"uk-width-auto uk-first-column\"><span style=\"font-size: 16px;\">cosechadas con gran cuidado y amor por coleccionistas locales<\/span><\/div><\/div><\/li><li class=\"el-item\"><div class=\"uk-grid-small uk-child-width-expand uk-flex-nowrap uk-grid\"><div class=\"uk-width-auto uk-first-column\"><span style=\"font-size: 16px;\">Comercio directo justo y env\u00edo respetuoso con el medio ambiente<\/span><\/div><\/div><\/li><\/ul><\/div><p><a href=\"https:\/\/suyana.shop\/produkt\/amanita-muscaria\">Comprar ag\u00e1rico de mosca<\/a><\/p><ul><li><h5>100% Producto natural<\/h5><\/li><li><h5>Calidad UE<\/h5><\/li><li><h5>Fuerza interior<\/h5><\/li><\/ul><div><h3>El problema de la carest\u00eda<\/h3><div><p>La impotencia es una afecci\u00f3n muy extendida que se caracteriza por un agotamiento f\u00edsico, mental o emocional que puede afectar gravemente al bienestar general... Pero existe una soluci\u00f3n<\/p><\/div><\/div><p><img class=\"\" src=\"\/wp-content\/uploads\/2023\/12\/FliegenPilz_PNG.png\" alt=\"\" width=\"136\" height=\"136\" \/><\/p><div><h3>Soluci\u00f3n del problema<\/h3><div><p>\u00a1M\u00e1s fuerza y valor en la vida cotidiana! El ag\u00e1rico de mosca se utiliza en algunas pr\u00e1cticas cham\u00e1nicas como herramienta para expandir la conciencia, promover la comprensi\u00f3n espiritual y la curaci\u00f3n y encontrar nuevas fuerzas.\u00a0<\/p><\/div><\/div><ul><li><h3>\u00bfC\u00d3MO AFECTA EL AG\u00c1RICO DE MOSCA AL VALOR?<\/h3><div><p>El efecto del ag\u00e1rico de mosca sobre el valor tambi\u00e9n puede variar. Algunas personas informan de un aumento del valor y de una mayor sensaci\u00f3n de aventura o curiosidad, mientras que otras pueden experimentar ansiedad, confusi\u00f3n o incertidumbre. Es importante se\u00f1alar que los efectos del ag\u00e1rico de mosca pueden depender en gran medida del estado mental y las expectativas de la persona.<\/p><\/div><\/li><li><h3>\u00bfC\u00d3MO AFECTA EL AG\u00c1RICO DE MOSCA A LA DEBILIDAD?<\/h3><div><p>El efecto del ag\u00e1rico de mosca sobre la fuerza f\u00edsica y mental puede variar de una persona a otra. Algunas personas manifiestan cierta debilidad o sensaci\u00f3n de relajaci\u00f3n, mientras que otras pueden experimentar un aumento de energ\u00eda o inquietud. Es importante subrayar que los efectos f\u00edsicos del ag\u00e1rico de mosca dependen en gran medida de la dosis, la tolerancia individual y otros factores.<\/p><\/div><\/li><\/ul><p style=\"text-align: left;\"><strong>Testimonios<\/strong><\/p><div><p><img src=\"\/wp-content\/uploads\/2023\/12\/FM2.png\" alt=\"\" \/><\/p><h3>Florian Meise<\/h3><div><p style=\"text-align: left;\">\"Experiment\u00e9 la mosca ag\u00e1rica en combinaci\u00f3n con una ceremonia del cacao y luego pas\u00e9 todo el d\u00eda viajando con el coraz\u00f3n abierto, pero a\u00fan as\u00ed con plena concentraci\u00f3n y mucha energ\u00eda. Tambi\u00e9n me sent\u00ed mucho m\u00e1s motivada que la mayor\u00eda de los dem\u00e1s d\u00edas y pude alcanzar mis objetivos con total claridad\".<\/p><\/div><\/div><h1 class=\"product_title entry-title\">Polvo de ag\u00e1rico de mosca\u00a0<\/h1><div><div class=\"uk-grid-small uk-child-width-expand uk-flex-nowrap uk-grid\"><div class=\"el-content uk-panel\"><p>Nuestro ag\u00e1rico de mosca es un aut\u00e9ntico fen\u00f3meno natural, ya que no se puede domesticar ni domesticar. Se recolecta exclusivamente de los bosques donde crece y prospera de forma natural. A pesar de todos los logros de la ciencia y la tecnolog\u00eda, nadie ha conseguido a\u00fan cultivar la Amanita muscaria en condiciones artificiales. Este hecho refleja su car\u00e1cter salvaje y no adulterado de un modo casi l\u00fadico.<\/p><\/div><\/div><\/div><p><strong><a href=\"https:\/\/suyana.shop\/produkt\/amanita-muscaria\">Compra ag\u00e1rico de mosca en nuestra tienda<\/a><\/strong><\/p><p><img class=\"\" src=\"\/wp-content\/uploads\/2023\/12\/Fliegenpilz-Pulver-scaled.jpeg\" alt=\"Agarico de la mosca del humo\" width=\"193\" height=\"176\" \/><img class=\"\" src=\"\/wp-content\/uploads\/2023\/11\/FliegenPilz-2-scaled.jpeg\" alt=\"Agarico de la mosca del humo\" width=\"193\" height=\"190\" \/><\/p><h1 class=\"product_title entry-title\">Comprar ag\u00e1rico de mosca\u00a0<\/h1><div><div class=\"uk-grid-small uk-child-width-expand uk-flex-nowrap uk-grid\"><div class=\"el-content uk-panel\"><p>El ag\u00e1rico de mosca seco, tambi\u00e9n conocido como seta de la suerte u hongo gur\u00fa, es un nombre muy conocido en todo el mundo gracias a su llamativo aspecto de color rojo brillante y manchas blancas. Hay muchos mitos en torno a la Amanita muscaria y se asocia a una gran variedad de significados, a veces incluso contradictorios. Combina opuestos como la felicidad y el peligro, la vida y la muerte, y fascina con estos contrastes.<\/p><p>El car\u00e1cter de la Amanita Muscaria se define sobre todo por su naturaleza ind\u00f3mita. Inspira valor y determinaci\u00f3n para vivir el propio yo en su forma m\u00e1s original y sin filtros. Puede ser extrovertido y vocal, as\u00ed como salvaje y desorganizado. La honestidad radical caracteriza su naturaleza. Aunque en el fondo es muy sabia, tambi\u00e9n es cari\u00f1osa. Cuando se utiliza como incienso, desprende una fragancia agradablemente dulce y aterciopelada que acaricia los sentidos del usuario.<\/p><\/div><\/div><\/div><p><strong><a href=\"https:\/\/suyana.shop\/produkt\/amanita-muscaria\">Compra ag\u00e1rico de mosca en nuestra tienda<\/a><\/strong><\/p>\t\t\t\t\t\t\t\t<\/div>\n\t\t\t\t<\/div>\n\t\t\t\t\t<\/div>\n\t\t<\/div>\n\t\t\t\t\t<\/div>\n\t\t<\/section>\n\t\t\t\t<\/div>","protected":false},"excerpt":{"rendered":"<p>Fliegenpilz Fliegenpilz (Amanita [&hellip;]<\/p>\n","protected":false},"author":265,"featured_media":0,"parent":0,"menu_order":0,"comment_status":"closed","ping_status":"closed","template":"elementor_header_footer","meta":{"site-sidebar-layout":"default","site-content-layout":"","ast-site-content-layout":"default","site-content-style":"default","site-sidebar-style":"default","ast-global-header-display":"","ast-banner-title-visibility":"","ast-main-header-display":"","ast-hfb-above-header-display":"","ast-hfb-below-header-display":"","ast-hfb-mobile-header-display":"","site-post-title":"","ast-breadcrumbs-content":"","ast-featured-img":"","footer-sml-layout":"","ast-disable-related-posts":"","theme-transparent-header-meta":"","adv-header-id-meta":"","stick-header-meta":"","header-above-stick-meta":"","header-main-stick-meta":"","header-below-stick-meta":"","astra-migrate-meta-layouts":"default","ast-page-background-enabled":"default","ast-page-background-meta":{"desktop":{"background-color":"var(--ast-global-color-4)","background-image":"","background-repeat":"repeat","background-position":"center center","background-size":"auto","background-attachment":"scroll","background-type":"","background-media":"","overlay-type":"","overlay-color":"","overlay-opacity":"","overlay-gradient":""},"tablet":{"background-color":"","background-image":"","background-repeat":"repeat","background-position":"center center","background-size":"auto","background-attachment":"scroll","background-type":"","background-media":"","overlay-type":"","overlay-color":"","overlay-opacity":"","overlay-gradient":""},"mobile":{"background-color":"","background-image":"","background-repeat":"repeat","background-position":"center center","background-size":"auto","background-attachment":"scroll","background-type":"","background-media":"","overlay-type":"","overlay-color":"","overlay-opacity":"","overlay-gradient":""}},"ast-content-background-meta":{"desktop":{"background-color":"var(--ast-global-color-5)","background-image":"","background-repeat":"repeat","background-position":"center center","background-size":"auto","background-attachment":"scroll","background-type":"","background-media":"","overlay-type":"","overlay-color":"","overlay-opacity":"","overlay-gradient":""},"tablet":{"background-color":"var(--ast-global-color-5)","background-image":"","background-repeat":"repeat","background-position":"center center","background-size":"auto","background-attachment":"scroll","background-type":"","background-media":"","overlay-type":"","overlay-color":"","overlay-opacity":"","overlay-gradient":""},"mobile":{"background-color":"var(--ast-global-color-5)","background-image":"","background-repeat":"repeat","background-position":"center center","background-size":"auto","background-attachment":"scroll","background-type":"","background-media":"","overlay-type":"","overlay-color":"","overlay-opacity":"","overlay-gradient":""}},"footnotes":""},"class_list":["post-36390","page","type-page","status-publish","hentry"],"yoast_head":"<!-- This site is optimized with the Yoast SEO Premium plugin v24.0 (Yoast SEO v26.9) - https:\/\/yoast.com\/product\/yoast-seo-premium-wordpress\/ -->\n<title>Zeremonieller Kakao &amp; R\u00e4ucherwerk und spirituelle Tiefe | Suyana &#183; Fliegenpilz Amanita muscaria<\/title>\n<meta name=\"description\" content=\"Du willst den Fliegenpilz (Amanita muscaria) kaufen? Bei uns findest du die beste Qualit\u00e4t mit Liebe handgepfl\u00fcckt in Litauen in Europa!\" \/>\n<meta name=\"robots\" content=\"index, follow, max-snippet:-1, max-image-preview:large, max-video-preview:-1\" \/>\n<link rel=\"canonical\" href=\"https:\/\/suyana.shop\/es\/setas\/\" \/>\n<meta property=\"og:locale\" content=\"es_ES\" \/>\n<meta property=\"og:type\" content=\"article\" \/>\n<meta property=\"og:title\" content=\"Fliegenpilz\" \/>\n<meta property=\"og:description\" content=\"Du willst den Fliegenpilz (Amanita muscaria) kaufen? Bei uns findest du die beste Qualit\u00e4t mit Liebe handgepfl\u00fcckt in Litauen in Europa!\" \/>\n<meta property=\"og:url\" content=\"https:\/\/suyana.shop\/es\/setas\/\" \/>\n<meta property=\"og:site_name\" content=\"Zeremonieller Kakao &amp; R\u00e4ucherwerk und spirituelle Tiefe | Suyana\" \/>\n<meta property=\"article:modified_time\" content=\"2025-07-30T07:55:48+00:00\" \/>\n<meta name=\"twitter:card\" content=\"summary_large_image\" \/>\n<meta name=\"twitter:label1\" content=\"Tiempo de lectura\" \/>\n\t<meta name=\"twitter:data1\" content=\"5 minutos\" \/>\n<script type=\"application\/ld+json\" class=\"yoast-schema-graph\">{\"@context\":\"https:\/\/schema.org\",\"@graph\":[{\"@type\":\"WebPage\",\"@id\":\"https:\/\/suyana.shop\/en\/buy-fly-agaric\",\"url\":\"https:\/\/suyana.shop\/en\/buy-fly-agaric\",\"name\":\"Zeremonieller Kakao &amp; R\u00e4ucherwerk und spirituelle Tiefe | Suyana &#183; Fliegenpilz Amanita muscaria\",\"isPartOf\":{\"@id\":\"\/#website\"},\"datePublished\":\"2023-11-22T13:15:03+00:00\",\"dateModified\":\"2025-07-30T07:55:48+00:00\",\"description\":\"Du willst den Fliegenpilz (Amanita muscaria) kaufen? Bei uns findest du die beste Qualit\u00e4t mit Liebe handgepfl\u00fcckt in Litauen in Europa!\",\"breadcrumb\":{\"@id\":\"https:\/\/suyana.shop\/en\/buy-fly-agaric#breadcrumb\"},\"inLanguage\":\"es\",\"potentialAction\":[{\"@type\":\"ReadAction\",\"target\":[\"https:\/\/suyana.shop\/en\/buy-fly-agaric\"]}]},{\"@type\":\"BreadcrumbList\",\"@id\":\"https:\/\/suyana.shop\/en\/buy-fly-agaric#breadcrumb\",\"itemListElement\":[{\"@type\":\"ListItem\",\"position\":1,\"name\":\"Startseite\",\"item\":\"https:\/\/suyana.shop\/\"},{\"@type\":\"ListItem\",\"position\":2,\"name\":\"Fliegenpilz\"}]},{\"@type\":\"WebSite\",\"@id\":\"\/#website\",\"url\":\"\/\",\"name\":\"Zeremonieller Kakao &amp; R\u00e4ucherwerk und spirituelle Tiefe | Suyana\",\"description\":\"Zeremonieller Kakao &amp; Kakaozeremonien\",\"publisher\":{\"@id\":\"\/#organization\"},\"potentialAction\":[{\"@type\":\"SearchAction\",\"target\":{\"@type\":\"EntryPoint\",\"urlTemplate\":\"\/?s={search_term_string}\"},\"query-input\":{\"@type\":\"PropertyValueSpecification\",\"valueRequired\":true,\"valueName\":\"search_term_string\"}}],\"inLanguage\":\"es\"},{\"@type\":\"Organization\",\"@id\":\"\/#organization\",\"name\":\"Suyana\",\"url\":\"\/\",\"logo\":{\"@type\":\"ImageObject\",\"inLanguage\":\"es\",\"@id\":\"\/#\/schema\/logo\/image\/\",\"url\":\"https:\/\/suyana.shop\/wp-content\/uploads\/2022\/05\/suyana-logo-brown-small.png\",\"contentUrl\":\"https:\/\/suyana.shop\/wp-content\/uploads\/2022\/05\/suyana-logo-brown-small.png\",\"width\":1387,\"height\":300,\"caption\":\"Suyana\"},\"image\":{\"@id\":\"\/#\/schema\/logo\/image\/\"},\"sameAs\":[\"https:\/\/instagram.com\/suyana.spirit\"]}]}<\/script>\n<!-- \/ Yoast SEO Premium plugin. -->","yoast_head_json":{"title":"Cacao e incienso ceremonial y profundidad espiritual | Suyana - Amanita muscaria","description":"\u00bfQuieres comprar la mosca ag\u00e1rica (Amanita muscaria)? \u00a1Con nosotros encontrar\u00e1s la mejor calidad recogida a mano con amor en Lituania en Europa!","robots":{"index":"index","follow":"follow","max-snippet":"max-snippet:-1","max-image-preview":"max-image-preview:large","max-video-preview":"max-video-preview:-1"},"canonical":"https:\/\/suyana.shop\/es\/setas\/","og_locale":"es_ES","og_type":"article","og_title":"Fliegenpilz","og_description":"Du willst den Fliegenpilz (Amanita muscaria) kaufen? Bei uns findest du die beste Qualit\u00e4t mit Liebe handgepfl\u00fcckt in Litauen in Europa!","og_url":"https:\/\/suyana.shop\/es\/setas\/","og_site_name":"Zeremonieller Kakao &amp; R\u00e4ucherwerk und spirituelle Tiefe | Suyana","article_modified_time":"2025-07-30T07:55:48+00:00","twitter_card":"summary_large_image","twitter_misc":{"Tiempo de lectura":"5 minutos"},"schema":{"@context":"https:\/\/schema.org","@graph":[{"@type":"WebPage","@id":"https:\/\/suyana.shop\/en\/buy-fly-agaric","url":"https:\/\/suyana.shop\/en\/buy-fly-agaric","name":"Cacao e incienso ceremonial y profundidad espiritual | Suyana - Amanita muscaria","isPartOf":{"@id":"\/#website"},"datePublished":"2023-11-22T13:15:03+00:00","dateModified":"2025-07-30T07:55:48+00:00","description":"\u00bfQuieres comprar la mosca ag\u00e1rica (Amanita muscaria)? \u00a1Con nosotros encontrar\u00e1s la mejor calidad recogida a mano con amor en Lituania en Europa!","breadcrumb":{"@id":"https:\/\/suyana.shop\/en\/buy-fly-agaric#breadcrumb"},"inLanguage":"es","potentialAction":[{"@type":"ReadAction","target":["https:\/\/suyana.shop\/en\/buy-fly-agaric"]}]},{"@type":"BreadcrumbList","@id":"https:\/\/suyana.shop\/en\/buy-fly-agaric#breadcrumb","itemListElement":[{"@type":"ListItem","position":1,"name":"Startseite","item":"https:\/\/suyana.shop\/"},{"@type":"ListItem","position":2,"name":"Fliegenpilz"}]},{"@type":"WebSite","@id":"\/#website","url":"\/","name":"Cacao e incienso ceremoniales y profundidad espiritual | Suyana","description":"Cacao ceremonial y ceremonias del cacao","publisher":{"@id":"\/#organization"},"potentialAction":[{"@type":"SearchAction","target":{"@type":"EntryPoint","urlTemplate":"\/?s={search_term_string}"},"query-input":{"@type":"PropertyValueSpecification","valueRequired":true,"valueName":"search_term_string"}}],"inLanguage":"es"},{"@type":"Organization","@id":"\/#organization","name":"Suyana","url":"\/","logo":{"@type":"ImageObject","inLanguage":"es","@id":"\/#\/schema\/logo\/image\/","url":"https:\/\/suyana.shop\/wp-content\/uploads\/2022\/05\/suyana-logo-brown-small.png","contentUrl":"https:\/\/suyana.shop\/wp-content\/uploads\/2022\/05\/suyana-logo-brown-small.png","width":1387,"height":300,"caption":"Suyana"},"image":{"@id":"\/#\/schema\/logo\/image\/"},"sameAs":["https:\/\/instagram.com\/suyana.spirit"]}]}},"_links":{"self":[{"href":"https:\/\/suyana.shop\/es\/wp-json\/wp\/v2\/pages\/36390","targetHints":{"allow":["GET"]}}],"collection":[{"href":"https:\/\/suyana.shop\/es\/wp-json\/wp\/v2\/pages"}],"about":[{"href":"https:\/\/suyana.shop\/es\/wp-json\/wp\/v2\/types\/page"}],"author":[{"embeddable":true,"href":"https:\/\/suyana.shop\/es\/wp-json\/wp\/v2\/users\/265"}],"replies":[{"embeddable":true,"href":"https:\/\/suyana.shop\/es\/wp-json\/wp\/v2\/comments?post=36390"}],"version-history":[{"count":0,"href":"https:\/\/suyana.shop\/es\/wp-json\/wp\/v2\/pages\/36390\/revisions"}],"wp:attachment":[{"href":"https:\/\/suyana.shop\/es\/wp-json\/wp\/v2\/media?parent=36390"}],"curies":[{"name":"wp","href":"https:\/\/api.w.org\/{rel}","templated":true}]}} 