{"id":31440,"date":"2022-08-08T22:02:02","date_gmt":"2022-08-08T21:02:02","guid":{"rendered":"https:\/\/suyana.shop\/?post_type=product&#038;p=31440"},"modified":"2026-04-10T11:53:32","modified_gmt":"2026-04-10T10:53:32","slug":"pura-vida-cacao-de-costa-rica","status":"publish","type":"product","link":"https:\/\/suyana.shop\/es\/produkt\/pura-vida-kakao-aus-costa-rica","title":{"rendered":"<b>Cacao Pura Vida <\/b> <br> Cacao Trinitario de Costa Rica en forma de gota"},"content":{"rendered":"<p>&nbsp;<\/p>\n<p><img class=\"aligncenter\" src=\"\/wp-content\/uploads\/2022\/07\/Zeichenfla%CC%88che-5100.svg\" alt=\"\" width=\"189\" height=\"26\" \/><\/p>\n<h2 style=\"text-align: center;\">Cacao Pura Vida<\/h2>\n<h4 style=\"text-align: center;\">reine Lebenskraft aus dem Herzen des costaricanischen Dschungels durch unseren Pura Vida Kakao<\/h4>\n<div>\n<p>&nbsp;<\/p>\n<p style=\"text-align: center;\">Pura Vida Kakao wird inmitten des immergr\u00fcnen Dschungels nahe der Pazifikk\u00fcste, an einem mystischen Ort, wo sich einstmals ein Indianerfriedhof befand, von Bruno &amp; seinem Team mit einer Passion f\u00fcr qualitativ herausragenden Kakao angebaut. Unb\u00e4ndig &amp; wild, bunt &amp; fruchtbar, das zeichnet den costaricanischen Kakao Spirit aus &#8211; eben das pure Leben in satter F\u00fclle.<\/p>\n<p style=\"text-align: center;\">Unas condiciones geogr\u00e1ficas y bot\u00e1nicas ideales, as\u00ed como una coexistencia hol\u00edsticamente concebida y practicada del hombre y la naturaleza caracterizan el proyecto de Bruno.<\/p>\n<p>&nbsp;<\/p>\n<\/div>\n<p style=\"text-align: center;\"><a href=\"#energie\">pulsierende Energie auf seiner Farm<\/a> |\u00a0<a href=\"#land\">70ha gro\u00dfes Land<\/a> |\u00a0<a href=\"#pflege\">stetige Pflanzenpflege<\/a> |\u00a0<a href=\"#anbau\">Ganzheitlich nachhaltiger Kakaoanbau<\/a><\/p>\n<p>&nbsp;<\/p>\n<p><img src=\"\/wp-content\/uploads\/2022\/08\/shop_kakao_bg_06.jpg\" alt=\"Pura Vida Kakao Bohnen\" \/><\/p>\n<p>&nbsp;<\/p>\n<p><img class=\"\" src=\"\/wp-content\/uploads\/2022\/07\/Zeichenfla%CC%88che-5100.svg\" alt=\"\" width=\"189\" height=\"26\" \/><\/p>\n<h3>Pulsierende Energie auf der Pura Vida Kakao-Farm<\/h3>\n<div>Anders als es unsere Erwartungen erhoffen lie\u00dfen, waren wir \u00fcber Monate hinweg auf der Suche nach einem Kakao in Costa Rica, der unseren Qualit\u00e4tsanspr\u00fcchen gerecht wird. Ern\u00fcchternd stellten wir fest, dass im ganzen Land kaum organischen Kakaoanbau gibt. Doch unsere Sehnsucht blieb nicht unerh\u00f6rt. Als wir Brunos Leidenschaft und seine Fr\u00fcchte hautnah erlebten, wussten wir: hier sind wir richtig. Unmittelbar sp\u00fcrten wir die pulsierende Energie auf seiner Farm &#8211; einem ehemaligen Indianerfriedhof. Die Wurzeln der Kakaopflanzen entspringen somit wortw\u00f6rtlich jahrelangem, indigenen Wissen \u00fcber die Wunderbohne. Schon damals hatte der indigene Tribe der BriBris, deren Energie hier in der Erde wahrt, eine besondere Beziehung zum Kakao. Wie gro\u00dfartig, dass nun genau hier Kakao gedeiht und diesen kulturellen Schatz an Weisheit in seinen Fr\u00fcchten weitergeben darf. Diese M\u00f6glichkeit m\u00f6chten wir euch und uns nicht entgehen lassen!<\/div>\n<p>&nbsp;<\/p>\n<p><img class=\"\" src=\"\/wp-content\/uploads\/2022\/07\/Zeichenfla%CC%88che-11100.svg\" alt=\"\" width=\"231\" height=\"25\" \/><\/p>\n<h3>70ha gro\u00dfes Land mit rund 36.000 Kakaopflanzen<\/h3>\n<div>\n<p>Anstatt der urspr\u00fcnglichen Idee des Baus eines autonomen Dschungel-Kondominiums nachzugehen, lie\u00df sich Bruno vor bereits 30 Jahren von seiner Liebe zum Kakao leiten. Somit gedeihen heute auf seinem 70ha gro\u00dfen Land rund 36.000 Kakaopflanzen. Neben dem Kakao s\u00e4te er anfangs auch die Samen f\u00fcr zahlreiche andere Pflanzen, doch seine energetische Verbindung zu der uralten Nutzpflanze des Kakao war von Beginn an eine ganz besondere. Dass Brunos Herz voll und ganz f\u00fcr den Pura Vida Kakao schl\u00e4gt, das entgeht niemandem, wenn er einen Gedanken oder ein Wort \u00fcber ihn verliert; ein funkelndes Leuchten strahlt aus seinen Augen.<\/p>\n<\/div>\n<p>&nbsp;<\/p>\n<p><img loading=\"lazy\" class=\"\" src=\"\/wp-content\/uploads\/2022\/07\/suyana-squiggle.svg\" alt=\"\" width=\"128\" height=\"26\" \/><\/p>\n<h3>Stetige Pflanzenpflege vom Pura Vida Kakao<\/h3>\n<div>Durch den Anbau und den Handel mit Kakao tr\u00e4gt Bruno zur Schaffung lokaler Arbeitspl\u00e4tze und der sozialen Absicherung der Arbeiter bei. Arbeitspl\u00e4tze sind im S\u00fcden Costa Ricas n\u00e4mlich grunds\u00e4tzlich rar und die<\/div>\n<div>\n<p>wenigen Jobgebote als Tagel\u00f6hner bieten versicherungstechnisch keinerlei Schutz. Neben dem Anbau von Kakao sichert Bruno zudem vielen weiteren Pflanzen das Fortbestehen. Einige von ihnen sind vom Aussterben bedroht, andere werden f\u00fcr die Aufrechterhaltung eines geschlossenen \u00d6kosystems erhalten. So wird auf der Farm beispielsweise darauf geachtet, dass es gen\u00fcgend Pflanzen gibt, die den best\u00e4ubenden Insekten und solchen, die Sch\u00e4dlinge bek\u00e4mpfen, ihre Nahrung liefern. Dieses ganzheitliche Denken und Handeln zeichnet Brunos gesamten Kakaoanbau aus. Pflanzenschutz &#8211; &amp; D\u00fcngemittel werden ausschlie\u00dflich aus biologischen und prim\u00e4r auf dem Anwesen vorzufindenden Materialien hergestellt. Um eine gute Bodenqualit\u00e4t und seine Reichhaltigkeit an Mikron\u00e4hrstoffen aufrechtzuerhalten, ist der Boden stets von Gr\u00fcnschnitt und \u00fcbrigem Holzmaterial bedeckt. Doch nicht nur in \u00f6kologischer Hinsicht zeichnet sich Brunos Denken &amp; Handeln durch ein symbiotisches Gesamtverst\u00e4ndnis aus. Auch das Team begreift er als geschlossenen Organismus, in dem jeder Mensch und seine Funktion als gleichwertig angesehen werden.<\/p>\n<p>Die stetige Pflanzenpflege, die Aufrechterhaltung ihrer maximalen Gesundheit und der Fokus auf die Best\u00e4rkung &amp; Resilienz der Kakaopflanzen \u2013 das sind Brunos Erfolgsschl\u00fcssel f\u00fcr gesunde Kulturen und einen nachhaltig lobenswerten Ertrag.<\/p>\n<\/div>\n<p>&nbsp;<\/p>\n<p><img loading=\"lazy\" class=\"\" src=\"\/wp-content\/uploads\/2022\/07\/Zeichenfla%CC%88che-3100.svg\" alt=\"\" width=\"169\" height=\"26\" \/><\/p>\n<h3>Ganzheitlich nachhaltiger Pura Vida Kakao-Anbau<\/h3>\n<div>\n<p>In der Theorie sind in Costa Rica die besten Rahmenbedingungen f\u00fcr den Ausbau eines wirklich ganzheitlich nachhaltigen Kakaoanbaus vorzufinden. Nicht nur der Boden gilt hier als einer der fruchtbarsten der Welt, auch das Verst\u00e4ndnis eines Anbaus wird nirgends auf der Welt so genau genommen, wie hier. Au\u00dferdem ist seine Farm ist ein vorbildliches Praxisbeispiel, bei dem auch die soziale Infrastruktur gest\u00e4rkt wird. Dar\u00fcber hinaus zeichnet sich der gesamte Produktionsprozess durch sorgsame und liebevolle Handarbeit aus. Warmherzigkeit &amp; Leidenschaft \u2013 das gibt dem Edelkakao sein ganz besonderes Aroma. Wir freuen uns auf die Zusammenarbeit mit Bruno &amp; seinem Team. Umso mehr, wenn du ein Teil davon wirst.<\/p>\n<p>Du hast noch spezifische Fragen zu Brunos Farm und unserer Kakao-Kooperation mit ihm? Dann komm jederzeit gern auf uns zu!<\/p>\n<\/div>","protected":false},"excerpt":{"rendered":"<ul>\n<li><em>Procedencia directa, conexi\u00f3n personal - origen transparente y sin intermediarios<\/em><\/li>\n<li><em><i>Cultivo de los raros granos de Cacao Fino de Aroma en armon\u00eda con la naturaleza y las personas mediante un cuidadoso cultivo mixto a cargo de peque\u00f1os agricultores.<\/i><\/em><\/li>\n<li><em>Especialmente pr\u00e1ctico: En\u00a0<strong>Molde de gota<\/strong>\u00a0- F\u00e1cil de dosificar, sin cortar ni pesar<\/em><\/li>\n<li><i>Todos nuestros cacaos son adecuados para ceremonias - pero cada uno tiene su propio efecto y car\u00e1cter especial<\/i><\/li>\n<li><em>Einzigartig samtig-nussiger und komplex-w\u00fcrziger Geschmack mit beerigen Noten<\/em><\/li>\n<li><em>Anregend und belebend \u2013 bringt dich in F\u00fclle und auf allen Ebenen ins Hier &amp; Jetzt, f\u00fcr das pure Gef\u00fchl des Ankommens<\/em><\/li>\n<li><em>Perfekt f\u00fcr festliche Anl\u00e4sse, gemeinschaftliche Zeremonien und gr\u00f6\u00dfere Runden \u2013 ein lebendiger Begleiter f\u00fcr Musik, Tanz und geteilte Freude<\/em><\/li>\n<\/ul>\n<div class=\"product-accordion\">\n<details>\n<summary>Tabla nutricional<\/summary>\n<table>\n<tbody>\n<tr>\n<td>Energ\u00eda<\/td>\n<td>2711 kj \/ 648 kcal<\/td>\n<\/tr>\n<tr>\n<td>Grasa<\/td>\n<td>54 g<\/td>\n<\/tr>\n<tr>\n<td>de los cuales \u00e1cidos grasos saturados<\/td>\n<td>22 g<\/td>\n<\/tr>\n<tr>\n<td>Hidratos de carbono<\/td>\n<td>24 g<\/td>\n<\/tr>\n<tr>\n<td>del mismo az\u00facar<\/td>\n<td>2 g<\/td>\n<\/tr>\n<tr>\n<td>Prote\u00edna<\/td>\n<td>12 g<\/td>\n<\/tr>\n<tr>\n<td>Sal<\/td>\n<td>0,1 g<\/td>\n<\/tr>\n<\/tbody>\n<\/table>\n<\/details>\n<details>\n<summary>Contenido<\/summary>\n<p>100% Cacao en pasta<\/p>\n<\/details>\n<details>\n<summary>Almacenamiento<\/summary>\n<p>Gu\u00e1rdalo en un lugar fresco y seco. Cons\u00famelo en los 3 meses siguientes a su apertura.<\/p>\n<\/details>\n<\/div>","protected":false},"featured_media":568634,"comment_status":"open","ping_status":"closed","template":"","meta":{"site-sidebar-layout":"default","site-content-layout":"","ast-site-content-layout":"default","site-content-style":"default","site-sidebar-style":"default","ast-global-header-display":"","ast-banner-title-visibility":"","ast-main-header-display":"","ast-hfb-above-header-display":"","ast-hfb-below-header-display":"","ast-hfb-mobile-header-display":"","site-post-title":"","ast-breadcrumbs-content":"","ast-featured-img":"","footer-sml-layout":"","ast-disable-related-posts":"","theme-transparent-header-meta":"default","adv-header-id-meta":"","stick-header-meta":"default","header-above-stick-meta":"","header-main-stick-meta":"","header-below-stick-meta":"","astra-migrate-meta-layouts":"set","ast-page-background-enabled":"default","ast-page-background-meta":{"desktop":{"background-color":"var(--ast-global-color-4)","background-image":"","background-repeat":"repeat","background-position":"center center","background-size":"auto","background-attachment":"scroll","background-type":"","background-media":"","overlay-type":"","overlay-color":"","overlay-opacity":"","overlay-gradient":""},"tablet":{"background-color":"","background-image":"","background-repeat":"repeat","background-position":"center center","background-size":"auto","background-attachment":"scroll","background-type":"","background-media":"","overlay-type":"","overlay-color":"","overlay-opacity":"","overlay-gradient":""},"mobile":{"background-color":"","background-image":"","background-repeat":"repeat","background-position":"center center","background-size":"auto","background-attachment":"scroll","background-type":"","background-media":"","overlay-type":"","overlay-color":"","overlay-opacity":"","overlay-gradient":""}},"ast-content-background-meta":{"desktop":{"background-color":"var(--ast-global-color-5)","background-image":"","background-repeat":"repeat","background-position":"center center","background-size":"auto","background-attachment":"scroll","background-type":"","background-media":"","overlay-type":"","overlay-color":"","overlay-opacity":"","overlay-gradient":""},"tablet":{"background-color":"var(--ast-global-color-5)","background-image":"","background-repeat":"repeat","background-position":"center center","background-size":"auto","background-attachment":"scroll","background-type":"","background-media":"","overlay-type":"","overlay-color":"","overlay-opacity":"","overlay-gradient":""},"mobile":{"background-color":"var(--ast-global-color-5)","background-image":"","background-repeat":"repeat","background-position":"center center","background-size":"auto","background-attachment":"scroll","background-type":"","background-media":"","overlay-type":"","overlay-color":"","overlay-opacity":"","overlay-gradient":""}}},"product_brand":[],"product_cat":[15,168],"product_tag":[],"class_list":{"0":"post-31440","1":"product","2":"type-product","3":"status-publish","4":"has-post-thumbnail","6":"product_cat-alle-produkte","7":"product_cat-zeremonieller-kakao","8":"desktop-align-left","9":"tablet-align-left","10":"mobile-align-left","11":"ast-product-gallery-layout-horizontal-slider","12":"ast-product-single-variable","13":"ast-product-tabs-layout-horizontal","15":"first","16":"instock","17":"taxable","18":"shipping-taxable","19":"purchasable","20":"product-type-variable","21":"has-default-attributes"},"bundled_by":["31491","565067","574678","570647"],"bundle_stock_status":"instock","bundle_stock_quantity":null,"bundle_virtual":false,"bundle_layout":"","bundle_add_to_cart_form_location":"","bundle_editable_in_cart":false,"bundle_sold_individually_context":"","bundle_item_grouping":"","bundle_min_size":"","bundle_max_size":"","bundle_price":[],"bundled_items":[],"bundle_sell_ids":[],"yoast_head":"<!-- This site is optimized with the Yoast SEO Premium plugin v24.0 (Yoast SEO v26.9) - https:\/\/yoast.com\/product\/yoast-seo-premium-wordpress\/ -->\n<title>Pura Vida Kakao aus Uvita, Costa Rica &#183; Zeremonieller Kakao &amp; R\u00e4ucherwerk und spirituelle Tiefe | Suyana<\/title>\n<meta name=\"description\" content=\"In unserem Online-Shop findest du alles f\u00fcr deine Zeremonie &#183; Tauche jetzt mit dem Pura Vida Kakao in die spirituelle Welt der alten Indianer ein.\" \/>\n<meta name=\"robots\" content=\"index, follow, max-snippet:-1, max-image-preview:large, max-video-preview:-1\" \/>\n<link rel=\"canonical\" href=\"https:\/\/suyana.shop\/es\/producto\/pura-vida-cacao-de-costa-rica\/\" \/>\n<meta property=\"og:locale\" content=\"es_ES\" \/>\n<meta property=\"og:type\" content=\"article\" \/>\n<meta property=\"og:title\" content=\"Pura Vida Kakao   Trinitario-Kakao aus Costa Rica in Drop-Form\" \/>\n<meta property=\"og:description\" content=\"In unserem Online-Shop findest du alles f\u00fcr deine Zeremonie &#183; Tauche jetzt mit dem Pura Vida Kakao in die spirituelle Welt der alten Indianer ein.\" \/>\n<meta property=\"og:url\" content=\"https:\/\/suyana.shop\/es\/producto\/pura-vida-cacao-de-costa-rica\/\" \/>\n<meta property=\"og:site_name\" content=\"Zeremonieller Kakao &amp; R\u00e4ucherwerk und spirituelle Tiefe | Suyana\" \/>\n<meta property=\"article:modified_time\" content=\"2026-04-10T10:53:32+00:00\" \/>\n<meta property=\"og:image\" content=\"https:\/\/suyana.shop\/wp-content\/uploads\/2022\/08\/Suyana-x-Elimba-DSC00231-Bearbeitet-scaled-e1744116580839.jpg\" \/>\n\t<meta property=\"og:image:width\" content=\"2027\" \/>\n\t<meta property=\"og:image:height\" content=\"1348\" \/>\n\t<meta property=\"og:image:type\" content=\"image\/jpeg\" \/>\n<meta name=\"twitter:card\" content=\"summary_large_image\" \/>\n<meta name=\"twitter:label1\" content=\"Tiempo de lectura\" \/>\n\t<meta name=\"twitter:data1\" content=\"6 minutos\" \/>\n<script type=\"application\/ld+json\" class=\"yoast-schema-graph\">{\"@context\":\"https:\/\/schema.org\",\"@graph\":[{\"@type\":\"WebPage\",\"@id\":\"https:\/\/suyana.shop\/produkt\/pura-vida-kakao-aus-costa-rica\",\"url\":\"https:\/\/suyana.shop\/produkt\/pura-vida-kakao-aus-costa-rica\",\"name\":\"Pura Vida Kakao aus Uvita, Costa Rica &#183; Zeremonieller Kakao &amp; R\u00e4ucherwerk und spirituelle Tiefe | Suyana\",\"isPartOf\":{\"@id\":\"\/#website\"},\"primaryImageOfPage\":{\"@id\":\"https:\/\/suyana.shop\/produkt\/pura-vida-kakao-aus-costa-rica#primaryimage\"},\"image\":{\"@id\":\"https:\/\/suyana.shop\/produkt\/pura-vida-kakao-aus-costa-rica#primaryimage\"},\"thumbnailUrl\":\"https:\/\/suyana.shop\/wp-content\/uploads\/2022\/08\/Suyana-x-Elimba-DSC00231-Bearbeitet-scaled-e1744116580839.jpg?wsr\",\"datePublished\":\"2022-08-08T21:02:02+00:00\",\"dateModified\":\"2026-04-10T10:53:32+00:00\",\"description\":\"In unserem Online-Shop findest du alles f\u00fcr deine Zeremonie &#183; Tauche jetzt mit dem Pura Vida Kakao in die spirituelle Welt der alten Indianer ein.\",\"breadcrumb\":{\"@id\":\"https:\/\/suyana.shop\/produkt\/pura-vida-kakao-aus-costa-rica#breadcrumb\"},\"inLanguage\":\"es\",\"potentialAction\":[{\"@type\":\"ReadAction\",\"target\":[\"https:\/\/suyana.shop\/produkt\/pura-vida-kakao-aus-costa-rica\"]}]},{\"@type\":\"ImageObject\",\"inLanguage\":\"es\",\"@id\":\"https:\/\/suyana.shop\/produkt\/pura-vida-kakao-aus-costa-rica#primaryimage\",\"url\":\"https:\/\/suyana.shop\/wp-content\/uploads\/2022\/08\/Suyana-x-Elimba-DSC00231-Bearbeitet-scaled-e1744116580839.jpg?wsr\",\"contentUrl\":\"https:\/\/suyana.shop\/wp-content\/uploads\/2022\/08\/Suyana-x-Elimba-DSC00231-Bearbeitet-scaled-e1744116580839.jpg?wsr\",\"width\":2027,\"height\":1348},{\"@type\":\"BreadcrumbList\",\"@id\":\"https:\/\/suyana.shop\/produkt\/pura-vida-kakao-aus-costa-rica#breadcrumb\",\"itemListElement\":[{\"@type\":\"ListItem\",\"position\":1,\"name\":\"Startseite\",\"item\":\"https:\/\/suyana.shop\/\"},{\"@type\":\"ListItem\",\"position\":2,\"name\":\"Pura Vida Kakao Trinitario-Kakao aus Costa Rica in Drop-Form\"}]},{\"@type\":\"WebSite\",\"@id\":\"\/#website\",\"url\":\"\/\",\"name\":\"Zeremonieller Kakao &amp; R\u00e4ucherwerk und spirituelle Tiefe | Suyana\",\"description\":\"Zeremonieller Kakao &amp; Kakaozeremonien\",\"publisher\":{\"@id\":\"\/#organization\"},\"potentialAction\":[{\"@type\":\"SearchAction\",\"target\":{\"@type\":\"EntryPoint\",\"urlTemplate\":\"\/?s={search_term_string}\"},\"query-input\":{\"@type\":\"PropertyValueSpecification\",\"valueRequired\":true,\"valueName\":\"search_term_string\"}}],\"inLanguage\":\"es\"},{\"@type\":\"Organization\",\"@id\":\"\/#organization\",\"name\":\"Suyana\",\"url\":\"\/\",\"logo\":{\"@type\":\"ImageObject\",\"inLanguage\":\"es\",\"@id\":\"\/#\/schema\/logo\/image\/\",\"url\":\"https:\/\/suyana.shop\/wp-content\/uploads\/2022\/05\/suyana-logo-brown-small.png\",\"contentUrl\":\"https:\/\/suyana.shop\/wp-content\/uploads\/2022\/05\/suyana-logo-brown-small.png\",\"width\":1387,\"height\":300,\"caption\":\"Suyana\"},\"image\":{\"@id\":\"\/#\/schema\/logo\/image\/\"},\"sameAs\":[\"https:\/\/instagram.com\/suyana.spirit\"]}]}<\/script>\n<!-- \/ Yoast SEO Premium plugin. -->","yoast_head_json":{"title":"Cacao Pura Vida de Uvita, Costa Rica - Cacao ceremonial e incienso y profundidad espiritual | Suyana","description":"Puedes encontrar todo lo que necesitas para tu ceremonia en nuestra tienda online: sum\u00e9rgete en el mundo espiritual de los antiguos indios con el cacao Pura Vida.","robots":{"index":"index","follow":"follow","max-snippet":"max-snippet:-1","max-image-preview":"max-image-preview:large","max-video-preview":"max-video-preview:-1"},"canonical":"https:\/\/suyana.shop\/es\/producto\/pura-vida-cacao-de-costa-rica\/","og_locale":"es_ES","og_type":"article","og_title":"Pura Vida Kakao   Trinitario-Kakao aus Costa Rica in Drop-Form","og_description":"In unserem Online-Shop findest du alles f\u00fcr deine Zeremonie &#183; Tauche jetzt mit dem Pura Vida Kakao in die spirituelle Welt der alten Indianer ein.","og_url":"https:\/\/suyana.shop\/es\/producto\/pura-vida-cacao-de-costa-rica\/","og_site_name":"Zeremonieller Kakao &amp; R\u00e4ucherwerk und spirituelle Tiefe | Suyana","article_modified_time":"2026-04-10T10:53:32+00:00","og_image":[{"width":2027,"height":1348,"url":"https:\/\/suyana.shop\/wp-content\/uploads\/2022\/08\/Suyana-x-Elimba-DSC00231-Bearbeitet-scaled-e1744116580839.jpg","type":"image\/jpeg"}],"twitter_card":"summary_large_image","twitter_misc":{"Tiempo de lectura":"6 minutos"},"schema":{"@context":"https:\/\/schema.org","@graph":[{"@type":"WebPage","@id":"https:\/\/suyana.shop\/produkt\/pura-vida-kakao-aus-costa-rica","url":"https:\/\/suyana.shop\/produkt\/pura-vida-kakao-aus-costa-rica","name":"Cacao Pura Vida de Uvita, Costa Rica - Cacao ceremonial e incienso y profundidad espiritual | Suyana","isPartOf":{"@id":"\/#website"},"primaryImageOfPage":{"@id":"https:\/\/suyana.shop\/produkt\/pura-vida-kakao-aus-costa-rica#primaryimage"},"image":{"@id":"https:\/\/suyana.shop\/produkt\/pura-vida-kakao-aus-costa-rica#primaryimage"},"thumbnailUrl":"https:\/\/suyana.shop\/wp-content\/uploads\/2022\/08\/Suyana-x-Elimba-DSC00231-Bearbeitet-scaled-e1744116580839.jpg?wsr","datePublished":"2022-08-08T21:02:02+00:00","dateModified":"2026-04-10T10:53:32+00:00","description":"Puedes encontrar todo lo que necesitas para tu ceremonia en nuestra tienda online: sum\u00e9rgete en el mundo espiritual de los antiguos indios con el cacao Pura Vida.","breadcrumb":{"@id":"https:\/\/suyana.shop\/produkt\/pura-vida-kakao-aus-costa-rica#breadcrumb"},"inLanguage":"es","potentialAction":[{"@type":"ReadAction","target":["https:\/\/suyana.shop\/produkt\/pura-vida-kakao-aus-costa-rica"]}]},{"@type":"ImageObject","inLanguage":"es","@id":"https:\/\/suyana.shop\/produkt\/pura-vida-kakao-aus-costa-rica#primaryimage","url":"https:\/\/suyana.shop\/wp-content\/uploads\/2022\/08\/Suyana-x-Elimba-DSC00231-Bearbeitet-scaled-e1744116580839.jpg?wsr","contentUrl":"https:\/\/suyana.shop\/wp-content\/uploads\/2022\/08\/Suyana-x-Elimba-DSC00231-Bearbeitet-scaled-e1744116580839.jpg?wsr","width":2027,"height":1348},{"@type":"BreadcrumbList","@id":"https:\/\/suyana.shop\/produkt\/pura-vida-kakao-aus-costa-rica#breadcrumb","itemListElement":[{"@type":"ListItem","position":1,"name":"Startseite","item":"https:\/\/suyana.shop\/"},{"@type":"ListItem","position":2,"name":"Pura Vida Kakao Trinitario-Kakao aus Costa Rica in Drop-Form"}]},{"@type":"WebSite","@id":"\/#website","url":"\/","name":"Cacao e incienso ceremoniales y profundidad espiritual | Suyana","description":"Cacao ceremonial y ceremonias del cacao","publisher":{"@id":"\/#organization"},"potentialAction":[{"@type":"SearchAction","target":{"@type":"EntryPoint","urlTemplate":"\/?s={search_term_string}"},"query-input":{"@type":"PropertyValueSpecification","valueRequired":true,"valueName":"search_term_string"}}],"inLanguage":"es"},{"@type":"Organization","@id":"\/#organization","name":"Suyana","url":"\/","logo":{"@type":"ImageObject","inLanguage":"es","@id":"\/#\/schema\/logo\/image\/","url":"https:\/\/suyana.shop\/wp-content\/uploads\/2022\/05\/suyana-logo-brown-small.png","contentUrl":"https:\/\/suyana.shop\/wp-content\/uploads\/2022\/05\/suyana-logo-brown-small.png","width":1387,"height":300,"caption":"Suyana"},"image":{"@id":"\/#\/schema\/logo\/image\/"},"sameAs":["https:\/\/instagram.com\/suyana.spirit"]}]}},"_links":{"self":[{"href":"https:\/\/suyana.shop\/es\/wp-json\/wp\/v2\/product\/31440","targetHints":{"allow":["GET"]}}],"collection":[{"href":"https:\/\/suyana.shop\/es\/wp-json\/wp\/v2\/product"}],"about":[{"href":"https:\/\/suyana.shop\/es\/wp-json\/wp\/v2\/types\/product"}],"replies":[{"embeddable":true,"href":"https:\/\/suyana.shop\/es\/wp-json\/wp\/v2\/comments?post=31440"}],"version-history":[{"count":4,"href":"https:\/\/suyana.shop\/es\/wp-json\/wp\/v2\/product\/31440\/revisions"}],"predecessor-version":[{"id":573381,"href":"https:\/\/suyana.shop\/es\/wp-json\/wp\/v2\/product\/31440\/revisions\/573381"}],"wp:featuredmedia":[{"embeddable":true,"href":"https:\/\/suyana.shop\/es\/wp-json\/wp\/v2\/media\/568634"}],"wp:attachment":[{"href":"https:\/\/suyana.shop\/es\/wp-json\/wp\/v2\/media?parent=31440"}],"wp:term":[{"taxonomy":"product_brand","embeddable":true,"href":"https:\/\/suyana.shop\/es\/wp-json\/wp\/v2\/product_brand?post=31440"},{"taxonomy":"product_cat","embeddable":true,"href":"https:\/\/suyana.shop\/es\/wp-json\/wp\/v2\/product_cat?post=31440"},{"taxonomy":"product_tag","embeddable":true,"href":"https:\/\/suyana.shop\/es\/wp-json\/wp\/v2\/product_tag?post=31440"}],"curies":[{"name":"wp","href":"https:\/\/api.w.org\/{rel}","templated":true}]}}