{"id":31455,"date":"2022-06-13T04:57:32","date_gmt":"2022-06-13T04:57:32","guid":{"rendered":"https:\/\/suyana.shop\/?post_type=product&#038;p=31455"},"modified":"2025-08-29T12:41:32","modified_gmt":"2025-08-29T11:41:32","slug":"incienso-de-salvia-blanca-de-california-el-hogar-de-la-salvia-apiana","status":"publish","type":"product","link":"https:\/\/suyana.shop\/es\/produkt\/weisser-salbei-raeucherbuendel-aus-kalifornien-der-heimat-des-salvia-apiana","title":{"rendered":"<b> Manojo de incienso de salvia blanca <\/b>  Desde California, el hogar de la salvia apiana"},"content":{"rendered":"<p>&nbsp;<\/p>\n<p><img class=\"aligncenter\" src=\"\/wp-content\/uploads\/2022\/07\/Zeichenfla%CC%88che-5100.svg\" alt=\"\" width=\"203\" height=\"28\" \/><\/p>\n<h2 style=\"text-align: center;\">Paquete de incienso de salvia blanca Suyana<\/h2>\n<h3 style=\"text-align: center;\">desde la soleada y dorada California<\/h3>\n<div><\/div>\n<div style=\"text-align: center;\">La enorme fuerza, el sabor resinoso pero delicado y la original historia tradicional de esta salvia blanca nos cautivaron de inmediato e hicieron que se nos iluminaran los ojos. En la tradici\u00f3n de las culturas ind\u00edgenas, las plantas de nuestra salvia blanca reciben un grado extraordinario de respeto, cuidado y amor. La naturaleza armoniosa y ben\u00e9vola de esta planta la convierte en algo muy especial y te invita a saborear su sabidur\u00eda centenaria.<\/div>\n<div><\/div>\n<div style=\"text-align: center;\"><a href=\"#wirkung\">Modos de acci\u00f3n<\/a> |\u00a0<a href=\"#vorkommen\">Ocurrencia y crecimiento<\/a> |\u00a0<a href=\"#sammlung\">Recogida y encuadernaci\u00f3n tradicional<\/a> |\u00a0<a href=\"#verwendung\">Utilizaci\u00f3n<\/a><\/div>\n<p>&nbsp;<\/p>\n<p><img src=\"\/wp-content\/uploads\/2022\/07\/shop_salbei_trenner.jpg\" alt=\"Manojo de incienso de salvia blanca\" \/><\/p>\n<p>&nbsp;<\/p>\n<p><img class=\"\" src=\"\/wp-content\/uploads\/2022\/07\/Zeichenfla%CC%88che-11100.svg\" alt=\"\" width=\"203\" height=\"22\" \/><\/p>\n<h3>Efectos del manojo de incienso de salvia<\/h3>\n<div>\n<p>Como una de las plantas de incienso m\u00e1s populares, la salvia blanca tiene una larga tradici\u00f3n en las culturas cham\u00e1nicas e ind\u00edgenas americanas. Es, con raz\u00f3n, uno de LOS remedios para el incienso. El t\u00e9rmino salvia deriva de la palabra \"salvare\", que significa \"curar\" y ya indica sus propiedades beneficiosas para la salud. Las tribus ind\u00edgenas de la costa del Pac\u00edfico utilizaban la salvia como planta alimenticia y medicinal. A\u00fan hoy se utiliza para aliviar resfriados y enfermedades respiratorias. Adem\u00e1s de su efecto sobre el cuerpo, su efecto energizante y limpiador la hace ideal para uso ritual. Al exponerte al humo intenso y envolvente de la salvia blanca, se desencadenan procesos de limpieza interior y exterior. Tanto tu propia aura como tu espacio f\u00edsico se purifican. Los ind\u00edgenas de California consideran la planta de salvia blanca como un ser vivo con esp\u00edritu y alma. Ya entonces, quemar la planta era una forma de comunicarse con el mundo espiritual y conectar con el esp\u00edritu de la planta y de la tierra. Durante la quema dirigida, piden al esp\u00edritu de la salvia que canalice su energ\u00eda purificadora y protectora en la habitaci\u00f3n, en su cuerpo, en su campo energ\u00e9tico y en su propio esp\u00edritu.<\/p>\n<p>A nivel mental, la salvia blanca tiene un efecto clarificador; te ayuda a centrarte en lo esencial. Su naturaleza protectora y envolvente crea un espacio seguro para la realizaci\u00f3n personal y la sanaci\u00f3n. Esto te facilita alcanzar niveles superiores de conciencia e intensificar las conexiones espirituales. La salvia blanca mejora el estado de \u00e1nimo y aporta alegr\u00eda y ligereza a quienes celebran con ella.<\/p>\n<p>S\u00edguenos en Instagram para saber m\u00e1s sobre los efectos, consecuencias, etc. de nuestros productos: <a href=\"https:\/\/www.instagram.com\/suyana.spirit\/\">esp\u00edritu.suyana<\/a><\/p>\n<\/div>\n<p>&nbsp;<\/p>\n<p><img class=\"\" src=\"\/wp-content\/uploads\/2022\/07\/Zeichenfla%CC%88che-5100.svg\" alt=\"\" width=\"203\" height=\"28\" \/><\/p>\n<h3>Ocurrencia y crecimiento<\/h3>\n<div>\n<p>La planta herb\u00e1cea perenne salvia apiana crece hasta un metro de altura y desarrolla hojas de cuatro a ocho cent\u00edmetros de largo. \u00c9stas est\u00e1n cubiertas de pelos blancos, que dan nombre a la planta. La salvia blanca pertenece al mismo g\u00e9nero que la salvia com\u00fan (salvia officinalis), pero se distingue por su mayor contenido en resina y su fragancia m\u00e1s intensa.<\/p>\n<p>Nuestra salvia blanca es originaria de la soleada y dorada California, el Estado Dorado. Aqu\u00ed es donde se originaron el flower power y el movimiento hippie en los a\u00f1os 60, y donde el esp\u00edritu de una nueva era se expresa a\u00fan hoy en diversidad, colorido y variedad art\u00edstica, as\u00ed como en riqueza natural. Verdes bosques con gigantescas secuoyas, imponentes cadenas monta\u00f1osas, volcanes hirvientes, desiertos extremos, extensas costas con playas de arena blanca e islas en el fresco azul del Pac\u00edfico: el estado suroccidental de California se caracteriza por una diversidad inconmensurable tanto paisaj\u00edstica como clim\u00e1tica. Verdadera hija del sol, la Salvia Blanca prefiere las regiones monta\u00f1osas secas y c\u00e1lidas de toda la costa del estado. Los habitantes nativos conocen los lugares sagrados donde la salvia blanca se ha instalado. Aqu\u00ed todos la tratan con gran gratitud, aprecio y cuidado. Puedes sentirlo cuando la fumas.<\/p>\n<\/div>\n<p>&nbsp;<\/p>\n<p><img loading=\"lazy\" class=\"\" src=\"\/wp-content\/uploads\/2022\/07\/Zeichenfla%CC%88che-3100.svg\" alt=\"\" width=\"202\" height=\"31\" \/><\/p>\n<h3>Recogida y encuadernaci\u00f3n tradicional de nuestros fardos de incienso de salvia<\/h3>\n<div>\n<p>Los descendientes de los nativos californianos recogen cuidadosamente las hojas de nuestros fardos de incienso de salvia blanca en las monta\u00f1as y las regiones costeras, las secan y luego las atan a mano con gran cuidado. Como todos nuestros socios tienen ra\u00edces nativas, tratan las plantas, el suelo y la naturaleza circundante con especial respeto. El concepto de sostenibilidad siempre ha sido un pilar en la vida y la visi\u00f3n del mundo de los nativos americanos.<\/p>\n<p>Parte de nuestra salvia blanca crece de forma silvestre en zonas autorizadas p\u00fablicamente, mientras que otra parte tambi\u00e9n se cultiva en terrenos privados. Para garantizar una cosecha duradera y en crecimiento, durante la recolecci\u00f3n s\u00f3lo se eliminan los brotes superiores. Esto favorece el crecimiento org\u00e1nico de las plantas. Como todos nuestros productos, la salvia blanca es un producto 100% natural y, por tanto, libre de cualquier tratamiento qu\u00edmico.<\/p>\n<p>El cultivo natural, la elaboraci\u00f3n tradicional y original, as\u00ed como la alta calidad del producto, nos han convencido para incluir conscientemente estas barritas de salvia en nuestra selecta gama.<\/p>\n<\/div>\n<p>&nbsp;<\/p>\n<p><img loading=\"lazy\" class=\"\" src=\"\/wp-content\/uploads\/2022\/07\/suyana-squiggle.svg\" alt=\"\" width=\"202\" height=\"41\" \/><\/p>\n<h3>Paquete de incienso de salvia - Utilizaci\u00f3n<\/h3>\n<div>\n<p>Para aprovechar las propiedades curativas de la salvia, se prende fuego a la punta del bast\u00f3n. Cuando algunas de las puntas de las hojas se hayan encendido, se apaga el fuego con cuidado para que la varilla s\u00f3lo humee. Para que el humo se desarrolle de forma \u00f3ptima y se distribuya con precisi\u00f3n, es \u00fatil abanicar la varilla con una pluma o un objeto similar. Para que las brasas se desplacen a lo largo del tallo de la hoja, debes soplar suavemente en las puntas. Como las peque\u00f1as part\u00edculas incandescentes siempre se desprenden y caen al fumar, debes llevar siempre un cuenco ign\u00edfugo o uno lleno de arena debajo de la varilla. El incienso puede moverse libremente por la habitaci\u00f3n seg\u00fan se desee. Por ejemplo, se pueden dibujar contornos f\u00edsicos o ba\u00f1ar bebidas rituales con una nube de humo. El potente humo que produce la salvia blanca permite decorar el aire con bellos dibujos: \u00a1no hay l\u00edmites para tu creatividad! Es especialmente emocionante prestar atenci\u00f3n al movimiento del humo, ya que refleja las energ\u00edas de la habitaci\u00f3n. Mientras que el humo se mueve libremente y casi baila en las frecuencias energ\u00e9ticas m\u00e1s altas, se arremolina inquieto o incluso desaparece en las vibraciones m\u00e1s bajas. En este caso, hay que prestar especial atenci\u00f3n a estas zonas. Si se utiliza salvia blanca para la limpieza espacial, es aconsejable ventilar bien la habitaci\u00f3n despu\u00e9s del ritual para dejar marchar lo viejo y crear espacio para lo nuevo. Despierta al hermoso Ni\u00f1o Sol.<\/p>\n<p>Otra cosa que sin duda deber\u00edas probar: <a href=\"https:\/\/suyana.shop\/produkt\/camu-camu\">Camu Camu<\/a><\/p>\n<\/div>","protected":false},"excerpt":{"rendered":"<ul>\n<li><em>Especialmente adecuado para la limpieza energ\u00e9tica en un contexto ritual\/espacio ceremonial<\/em><\/li>\n<li><em>Fragancia intensa, equilibrada y duradera<\/em><\/li>\n<li><em>aroma resinoso-dulce y limpiador-fresco<\/em><\/li>\n<li><em>rico en resina y aceite esencial<\/em><\/li>\n<li><em>Desarrollo de humo denso<\/em><\/li>\n<li><em>mejora el estado de \u00e1nimo, favorece la conciencia y la concentraci\u00f3n<\/em><\/li>\n<li><em>Producto natural; cultivo sin productos qu\u00edmicos<\/em><\/li>\n<\/ul>","protected":false},"featured_media":572081,"comment_status":"open","ping_status":"closed","template":"","meta":{"site-sidebar-layout":"default","site-content-layout":"","ast-site-content-layout":"default","site-content-style":"default","site-sidebar-style":"default","ast-global-header-display":"","ast-banner-title-visibility":"","ast-main-header-display":"","ast-hfb-above-header-display":"","ast-hfb-below-header-display":"","ast-hfb-mobile-header-display":"","site-post-title":"","ast-breadcrumbs-content":"","ast-featured-img":"","footer-sml-layout":"","ast-disable-related-posts":"","theme-transparent-header-meta":"default","adv-header-id-meta":"","stick-header-meta":"default","header-above-stick-meta":"","header-main-stick-meta":"","header-below-stick-meta":"","astra-migrate-meta-layouts":"set","ast-page-background-enabled":"default","ast-page-background-meta":{"desktop":{"background-color":"var(--ast-global-color-4)","background-image":"","background-repeat":"repeat","background-position":"center center","background-size":"auto","background-attachment":"scroll","background-type":"","background-media":"","overlay-type":"","overlay-color":"","overlay-opacity":"","overlay-gradient":""},"tablet":{"background-color":"","background-image":"","background-repeat":"repeat","background-position":"center center","background-size":"auto","background-attachment":"scroll","background-type":"","background-media":"","overlay-type":"","overlay-color":"","overlay-opacity":"","overlay-gradient":""},"mobile":{"background-color":"","background-image":"","background-repeat":"repeat","background-position":"center center","background-size":"auto","background-attachment":"scroll","background-type":"","background-media":"","overlay-type":"","overlay-color":"","overlay-opacity":"","overlay-gradient":""}},"ast-content-background-meta":{"desktop":{"background-color":"var(--ast-global-color-5)","background-image":"","background-repeat":"repeat","background-position":"center center","background-size":"auto","background-attachment":"scroll","background-type":"","background-media":"","overlay-type":"","overlay-color":"","overlay-opacity":"","overlay-gradient":""},"tablet":{"background-color":"var(--ast-global-color-5)","background-image":"","background-repeat":"repeat","background-position":"center center","background-size":"auto","background-attachment":"scroll","background-type":"","background-media":"","overlay-type":"","overlay-color":"","overlay-opacity":"","overlay-gradient":""},"mobile":{"background-color":"var(--ast-global-color-5)","background-image":"","background-repeat":"repeat","background-position":"center center","background-size":"auto","background-attachment":"scroll","background-type":"","background-media":"","overlay-type":"","overlay-color":"","overlay-opacity":"","overlay-gradient":""}}},"product_brand":[],"product_cat":[15,167,390],"product_tag":[],"class_list":{"0":"post-31455","1":"product","2":"type-product","3":"status-publish","4":"has-post-thumbnail","6":"product_cat-alle-produkte","7":"product_cat-raeucherwerk","8":"product_cat-weisser-salbei","9":"desktop-align-left","10":"tablet-align-left","11":"mobile-align-left","12":"ast-product-gallery-layout-horizontal-slider","13":"ast-product-single-variable","14":"ast-product-tabs-layout-horizontal","16":"first","17":"instock","18":"taxable","19":"shipping-taxable","20":"purchasable","21":"product-type-variable"},"bundled_by":[],"bundle_stock_status":"instock","bundle_stock_quantity":null,"bundle_virtual":false,"bundle_layout":"","bundle_add_to_cart_form_location":"","bundle_editable_in_cart":false,"bundle_sold_individually_context":"","bundle_item_grouping":"","bundle_min_size":"","bundle_max_size":"","bundle_price":[],"bundled_items":[],"bundle_sell_ids":[],"yoast_head":"<!-- This site is optimized with the Yoast SEO Premium plugin v24.0 (Yoast SEO v26.9) - https:\/\/yoast.com\/product\/yoast-seo-premium-wordpress\/ -->\n<title>Salbei R\u00e4ucherb\u00fcndel aus Kalifornien&#183; Zeremonieller Kakao &amp; R\u00e4ucherwerk und spirituelle Tiefe | Suyana<\/title>\n<meta name=\"description\" content=\"Wei\u00dfer Salbei R\u00e4ucherb\u00fcndel aus Kalifornien, der Heimat des Salvia Apiana. Langanhaltender &amp; ausgewogen-intensiver Duft. Naturprodukt, frei von Chemikalien.\" \/>\n<meta name=\"robots\" content=\"index, follow, max-snippet:-1, max-image-preview:large, max-video-preview:-1\" \/>\n<link rel=\"canonical\" href=\"https:\/\/suyana.shop\/es\/producto\/incienso-de-salvia-blanca-de-california-el-hogar-de-la-salvia-apiana\" \/>\n<meta property=\"og:locale\" content=\"es_ES\" \/>\n<meta property=\"og:type\" content=\"article\" \/>\n<meta property=\"og:title\" content=\"Wei\u00dfer Salbei R\u00e4ucherb\u00fcndel  Aus Kalifornien, der Heimat des salvia apiana\" \/>\n<meta property=\"og:description\" content=\"Wei\u00dfer Salbei R\u00e4ucherb\u00fcndel aus Kalifornien, der Heimat des Salvia Apiana. Langanhaltender &amp; ausgewogen-intensiver Duft. Naturprodukt, frei von Chemikalien.\" \/>\n<meta property=\"og:url\" content=\"https:\/\/suyana.shop\/es\/producto\/incienso-de-salvia-blanca-de-california-el-hogar-de-la-salvia-apiana\" \/>\n<meta property=\"og:site_name\" content=\"Zeremonieller Kakao &amp; R\u00e4ucherwerk und spirituelle Tiefe | Suyana\" \/>\n<meta property=\"article:modified_time\" content=\"2025-08-29T11:41:32+00:00\" \/>\n<meta property=\"og:image\" content=\"https:\/\/suyana.shop\/wp-content\/uploads\/2022\/06\/Rape-Starter-Kit-3-scaled.jpg\" \/>\n\t<meta property=\"og:image:width\" content=\"2560\" \/>\n\t<meta property=\"og:image:height\" content=\"1829\" \/>\n\t<meta property=\"og:image:type\" content=\"image\/jpeg\" \/>\n<meta name=\"twitter:card\" content=\"summary_large_image\" \/>\n<meta name=\"twitter:label1\" content=\"Tiempo de lectura\" \/>\n\t<meta name=\"twitter:data1\" content=\"7 minutos\" \/>\n<script type=\"application\/ld+json\" class=\"yoast-schema-graph\">{\"@context\":\"https:\/\/schema.org\",\"@graph\":[{\"@type\":\"WebPage\",\"@id\":\"https:\/\/suyana.shop\/es\/producto\/incienso-de-salvia-blanca-de-california-el-hogar-de-la-salvia-apiana\",\"url\":\"https:\/\/suyana.shop\/es\/producto\/incienso-de-salvia-blanca-de-california-el-hogar-de-la-salvia-apiana\",\"name\":\"Salbei R\u00e4ucherb\u00fcndel aus Kalifornien&#183; Zeremonieller Kakao &amp; R\u00e4ucherwerk und spirituelle Tiefe | Suyana\",\"isPartOf\":{\"@id\":\"\/#website\"},\"primaryImageOfPage\":{\"@id\":\"https:\/\/suyana.shop\/es\/producto\/incienso-de-salvia-blanca-de-california-el-hogar-de-la-salvia-apiana#primaryimage\"},\"image\":{\"@id\":\"https:\/\/suyana.shop\/es\/producto\/incienso-de-salvia-blanca-de-california-el-hogar-de-la-salvia-apiana#primaryimage\"},\"thumbnailUrl\":\"https:\/\/suyana.shop\/wp-content\/uploads\/2022\/06\/Rape-Starter-Kit-3-scaled.jpg?wsr\",\"datePublished\":\"2022-06-13T04:57:32+00:00\",\"dateModified\":\"2025-08-29T11:41:32+00:00\",\"description\":\"Wei\u00dfer Salbei R\u00e4ucherb\u00fcndel aus Kalifornien, der Heimat des Salvia Apiana. Langanhaltender & ausgewogen-intensiver Duft. Naturprodukt, frei von Chemikalien.\",\"breadcrumb\":{\"@id\":\"https:\/\/suyana.shop\/es\/producto\/incienso-de-salvia-blanca-de-california-el-hogar-de-la-salvia-apiana#breadcrumb\"},\"inLanguage\":\"es\",\"potentialAction\":[{\"@type\":\"ReadAction\",\"target\":[\"https:\/\/suyana.shop\/es\/producto\/incienso-de-salvia-blanca-de-california-el-hogar-de-la-salvia-apiana\"]}]},{\"@type\":\"ImageObject\",\"inLanguage\":\"es\",\"@id\":\"https:\/\/suyana.shop\/es\/producto\/incienso-de-salvia-blanca-de-california-el-hogar-de-la-salvia-apiana#primaryimage\",\"url\":\"https:\/\/suyana.shop\/wp-content\/uploads\/2022\/06\/Rape-Starter-Kit-3-scaled.jpg?wsr\",\"contentUrl\":\"https:\/\/suyana.shop\/wp-content\/uploads\/2022\/06\/Rape-Starter-Kit-3-scaled.jpg?wsr\",\"width\":2560,\"height\":1829},{\"@type\":\"BreadcrumbList\",\"@id\":\"https:\/\/suyana.shop\/es\/producto\/incienso-de-salvia-blanca-de-california-el-hogar-de-la-salvia-apiana#breadcrumb\",\"itemListElement\":[{\"@type\":\"ListItem\",\"position\":1,\"name\":\"Startseite\",\"item\":\"https:\/\/suyana.shop\/it\/\"},{\"@type\":\"ListItem\",\"position\":2,\"name\":\"Wei\u00dfer Salbei R\u00e4ucherb\u00fcndel Aus Kalifornien, der Heimat des salvia apiana\"}]},{\"@type\":\"WebSite\",\"@id\":\"\/#website\",\"url\":\"\/\",\"name\":\"Zeremonieller Kakao &amp; R\u00e4ucherwerk und spirituelle Tiefe | Suyana\",\"description\":\"Zeremonieller Kakao &amp; Kakaozeremonien\",\"publisher\":{\"@id\":\"\/#organization\"},\"potentialAction\":[{\"@type\":\"SearchAction\",\"target\":{\"@type\":\"EntryPoint\",\"urlTemplate\":\"\/?s={search_term_string}\"},\"query-input\":{\"@type\":\"PropertyValueSpecification\",\"valueRequired\":true,\"valueName\":\"search_term_string\"}}],\"inLanguage\":\"es\"},{\"@type\":\"Organization\",\"@id\":\"\/#organization\",\"name\":\"Suyana\",\"url\":\"\/\",\"logo\":{\"@type\":\"ImageObject\",\"inLanguage\":\"es\",\"@id\":\"\/#\/schema\/logo\/image\/\",\"url\":\"https:\/\/suyana.shop\/wp-content\/uploads\/2022\/05\/suyana-logo-brown-small.png\",\"contentUrl\":\"https:\/\/suyana.shop\/wp-content\/uploads\/2022\/05\/suyana-logo-brown-small.png\",\"width\":1387,\"height\":300,\"caption\":\"Suyana\"},\"image\":{\"@id\":\"\/#\/schema\/logo\/image\/\"},\"sameAs\":[\"https:\/\/instagram.com\/suyana.spirit\"]}]}<\/script>\n<!-- \/ Yoast SEO Premium plugin. -->","yoast_head_json":{"title":"Paquete de incienso de salvia de California- Cacao e incienso ceremonial y profundidad espiritual | Suyana","description":"Manojo de incienso de salvia blanca de California, patria de la Salvia Apiana. Fragancia intensa, duradera y equilibrada. Producto natural, sin productos qu\u00edmicos.","robots":{"index":"index","follow":"follow","max-snippet":"max-snippet:-1","max-image-preview":"max-image-preview:large","max-video-preview":"max-video-preview:-1"},"canonical":"https:\/\/suyana.shop\/es\/producto\/incienso-de-salvia-blanca-de-california-el-hogar-de-la-salvia-apiana","og_locale":"es_ES","og_type":"article","og_title":"Wei\u00dfer Salbei R\u00e4ucherb\u00fcndel  Aus Kalifornien, der Heimat des salvia apiana","og_description":"Wei\u00dfer Salbei R\u00e4ucherb\u00fcndel aus Kalifornien, der Heimat des Salvia Apiana. Langanhaltender & ausgewogen-intensiver Duft. Naturprodukt, frei von Chemikalien.","og_url":"https:\/\/suyana.shop\/es\/producto\/incienso-de-salvia-blanca-de-california-el-hogar-de-la-salvia-apiana","og_site_name":"Zeremonieller Kakao &amp; R\u00e4ucherwerk und spirituelle Tiefe | Suyana","article_modified_time":"2025-08-29T11:41:32+00:00","og_image":[{"width":2560,"height":1829,"url":"https:\/\/suyana.shop\/wp-content\/uploads\/2022\/06\/Rape-Starter-Kit-3-scaled.jpg","type":"image\/jpeg"}],"twitter_card":"summary_large_image","twitter_misc":{"Tiempo de lectura":"7 minutos"},"schema":{"@context":"https:\/\/schema.org","@graph":[{"@type":"WebPage","@id":"https:\/\/suyana.shop\/es\/producto\/incienso-de-salvia-blanca-de-california-el-hogar-de-la-salvia-apiana","url":"https:\/\/suyana.shop\/es\/producto\/incienso-de-salvia-blanca-de-california-el-hogar-de-la-salvia-apiana","name":"Paquete de incienso de salvia de California- Cacao e incienso ceremonial y profundidad espiritual | Suyana","isPartOf":{"@id":"\/#website"},"primaryImageOfPage":{"@id":"https:\/\/suyana.shop\/es\/producto\/incienso-de-salvia-blanca-de-california-el-hogar-de-la-salvia-apiana#primaryimage"},"image":{"@id":"https:\/\/suyana.shop\/es\/producto\/incienso-de-salvia-blanca-de-california-el-hogar-de-la-salvia-apiana#primaryimage"},"thumbnailUrl":"https:\/\/suyana.shop\/wp-content\/uploads\/2022\/06\/Rape-Starter-Kit-3-scaled.jpg?wsr","datePublished":"2022-06-13T04:57:32+00:00","dateModified":"2025-08-29T11:41:32+00:00","description":"Manojo de incienso de salvia blanca de California, patria de la Salvia Apiana. Fragancia intensa, duradera y equilibrada. Producto natural, sin productos qu\u00edmicos.","breadcrumb":{"@id":"https:\/\/suyana.shop\/es\/producto\/incienso-de-salvia-blanca-de-california-el-hogar-de-la-salvia-apiana#breadcrumb"},"inLanguage":"es","potentialAction":[{"@type":"ReadAction","target":["https:\/\/suyana.shop\/es\/producto\/incienso-de-salvia-blanca-de-california-el-hogar-de-la-salvia-apiana"]}]},{"@type":"ImageObject","inLanguage":"es","@id":"https:\/\/suyana.shop\/es\/producto\/incienso-de-salvia-blanca-de-california-el-hogar-de-la-salvia-apiana#primaryimage","url":"https:\/\/suyana.shop\/wp-content\/uploads\/2022\/06\/Rape-Starter-Kit-3-scaled.jpg?wsr","contentUrl":"https:\/\/suyana.shop\/wp-content\/uploads\/2022\/06\/Rape-Starter-Kit-3-scaled.jpg?wsr","width":2560,"height":1829},{"@type":"BreadcrumbList","@id":"https:\/\/suyana.shop\/es\/producto\/incienso-de-salvia-blanca-de-california-el-hogar-de-la-salvia-apiana#breadcrumb","itemListElement":[{"@type":"ListItem","position":1,"name":"Startseite","item":"https:\/\/suyana.shop\/it\/"},{"@type":"ListItem","position":2,"name":"Wei\u00dfer Salbei R\u00e4ucherb\u00fcndel Aus Kalifornien, der Heimat des salvia apiana"}]},{"@type":"WebSite","@id":"\/#website","url":"\/","name":"Cacao e incienso ceremoniales y profundidad espiritual | Suyana","description":"Cacao ceremonial y ceremonias del cacao","publisher":{"@id":"\/#organization"},"potentialAction":[{"@type":"SearchAction","target":{"@type":"EntryPoint","urlTemplate":"\/?s={search_term_string}"},"query-input":{"@type":"PropertyValueSpecification","valueRequired":true,"valueName":"search_term_string"}}],"inLanguage":"es"},{"@type":"Organization","@id":"\/#organization","name":"Suyana","url":"\/","logo":{"@type":"ImageObject","inLanguage":"es","@id":"\/#\/schema\/logo\/image\/","url":"https:\/\/suyana.shop\/wp-content\/uploads\/2022\/05\/suyana-logo-brown-small.png","contentUrl":"https:\/\/suyana.shop\/wp-content\/uploads\/2022\/05\/suyana-logo-brown-small.png","width":1387,"height":300,"caption":"Suyana"},"image":{"@id":"\/#\/schema\/logo\/image\/"},"sameAs":["https:\/\/instagram.com\/suyana.spirit"]}]}},"_links":{"self":[{"href":"https:\/\/suyana.shop\/es\/wp-json\/wp\/v2\/product\/31455","targetHints":{"allow":["GET"]}}],"collection":[{"href":"https:\/\/suyana.shop\/es\/wp-json\/wp\/v2\/product"}],"about":[{"href":"https:\/\/suyana.shop\/es\/wp-json\/wp\/v2\/types\/product"}],"replies":[{"embeddable":true,"href":"https:\/\/suyana.shop\/es\/wp-json\/wp\/v2\/comments?post=31455"}],"version-history":[{"count":0,"href":"https:\/\/suyana.shop\/es\/wp-json\/wp\/v2\/product\/31455\/revisions"}],"wp:featuredmedia":[{"embeddable":true,"href":"https:\/\/suyana.shop\/es\/wp-json\/wp\/v2\/media\/572081"}],"wp:attachment":[{"href":"https:\/\/suyana.shop\/es\/wp-json\/wp\/v2\/media?parent=31455"}],"wp:term":[{"taxonomy":"product_brand","embeddable":true,"href":"https:\/\/suyana.shop\/es\/wp-json\/wp\/v2\/product_brand?post=31455"},{"taxonomy":"product_cat","embeddable":true,"href":"https:\/\/suyana.shop\/es\/wp-json\/wp\/v2\/product_cat?post=31455"},{"taxonomy":"product_tag","embeddable":true,"href":"https:\/\/suyana.shop\/es\/wp-json\/wp\/v2\/product_tag?post=31455"}],"curies":[{"name":"wp","href":"https:\/\/api.w.org\/{rel}","templated":true}]}}