{"id":33976,"date":"2023-03-02T15:59:07","date_gmt":"2023-03-02T14:59:07","guid":{"rendered":"https:\/\/suyana.shop\/?post_type=product&#038;p=33976"},"modified":"2026-04-04T17:25:59","modified_gmt":"2026-04-04T16:25:59","slug":"ahumador-suyanas-ahumador-paquete-2","status":"publish","type":"product","link":"https:\/\/suyana.shop\/es\/produkt\/raeucherwerk-suyanas-raeucherbundle-2","title":{"rendered":"<b>El fardo humeante de Suyana<\/b>"},"content":{"rendered":"<p><img class=\"aligncenter\" src=\"\/wp-content\/uploads\/2022\/07\/Zeichenfla%CC%88che-5100.svg\" alt=\"\" width=\"181\" height=\"25\" \/><\/p>\n<h2 style=\"text-align: center;\">Salvia blanca y palo santo<\/h2>\n<h3 style=\"text-align: center;\">Un d\u00fao a juego que armoniza perfectamente entre s\u00ed en el proceso de ahumado<\/h3>\n<div>\n<p style=\"text-align: center;\">Con nuestro paquete de incienso Suyana, puedes experimentar dos de nuestros inciensos a la vez. La salvia blanca y el Palo Santo armonizan perfectamente entre s\u00ed en el proceso del incienso: ser\u00eda dif\u00edcil encontrar un d\u00fao m\u00e1s adecuado. Despu\u00e9s de que la salvia blanca limpie la habitaci\u00f3n y a nosotros energ\u00e9ticamente a todos los niveles, el Palo Santo invita al bienestar, la relajaci\u00f3n y la serenidad.<\/p>\n<p style=\"text-align: center;\">Te espera un paquete con 4 manojos de incienso de salvia blanca y 15 maderas de Palo Santo que s\u00f3lo necesitas encender t\u00fa.<\/p>\n<p style=\"text-align: center;\">Aqu\u00ed encontrar\u00e1s una breve descripci\u00f3n de nuestros inciensos. En la p\u00e1gina del producto correspondiente tambi\u00e9n encontrar\u00e1s informaci\u00f3n detallada sobre el origen, las condiciones de cultivo y las caracter\u00edsticas especiales de las dos plantas.<\/p>\n<h3 style=\"text-align: center;\"><\/h3>\n<h3 style=\"text-align: center;\">Manojo de incienso de salvia blanca<\/h3>\n<p style=\"text-align: center;\">La enorme fuerza, el sabor resinoso pero sutil y la original historia tradicional de este <a href=\"https:\/\/suyana.shop\/produkt\/weisser-salbei-raeucherbuendel-aus-kalifornien-der-heimat-des-salvia-apiana\">Salvia blanca<\/a> nos han cautivado directamente. A nivel mental, la salvia blanca tiene un efecto clarificador; te ayuda a centrarte en lo esencial. Su naturaleza protectora y envolvente crea un espacio seguro para la realizaci\u00f3n personal y la curaci\u00f3n. Al exponerte al humo intenso y envolvente de la salvia blanca, se desencadenan procesos de limpieza interior y exterior. Tu propia aura y tu espacio f\u00edsico se purifican. Esto te facilita alcanzar niveles superiores de conciencia e intensificar las conexiones espirituales. La salvia blanca mejora el estado de \u00e1nimo y nos proporciona alegr\u00eda y ligereza.<\/p>\n<h3 style=\"text-align: center;\"><\/h3>\n<h3 style=\"text-align: center;\">Madera de Palo Santo para ahumar<\/h3>\n<p style=\"text-align: center;\">Nuestra <a href=\"https:\/\/suyana.shop\/produkt\/palo-santo\">Incienso de Palo Santo<\/a> es pura naturaleza y conquista de nuevo nuestros corazones con cada uso. Gracias a su humo agradablemente envolvente y aterciopelado, con fragancias ligeramente afrutadas, nuestro Palo Santo est\u00e1 presente sin ser intrusivo. Acaricia el coraz\u00f3n y el alma, y calma e inspira la mente. Esto lo convierte en el compa\u00f1ero perfecto para la vida cotidiana, los procesos creativos y las ocasiones ceremoniales. Se dice que la planta del \u00e1rbol del b\u00e1lsamo tiene efectos purificadores, antiinflamatorios, analg\u00e9sicos e incluso antibi\u00f3ticos. Enciende el Palo Santo de Piura de Suyana y del\u00e9itate con sus efectos m\u00e1gicos y su historia de vida \u00fanica. Esp\u00edritu Nativo de Palo Santo para ti.<\/p>\n<\/div>\n<p style=\"text-align: center;\"><a href=\"\/produkt\/weisser-salbei-raeucherbuendel-aus-kalifornien-der-heimat-des-salvia-apiana\">Manojo de incienso de salvia blanca<\/a> |\u00a0<a href=\"\/produkt\/palo-santo\">Madera de Palo Santo para ahumar<\/a><\/p>\n<p><img src=\"\/wp-content\/uploads\/2022\/07\/shop_palo_bg_05.jpg\" alt=\"\" \/><\/p>\n<div>\n<h3><\/h3>\n<h3>Descubre m\u00e1s sobre nosotros en Instagram:<br \/>\n<a href=\"https:\/\/www.instagram.com\/suyana.spirit\/\">esp\u00edritu.suyana<\/a><\/h3>\n<\/div>","protected":false},"excerpt":{"rendered":"<ul>\n<li><em>4 fardos de incienso de salvia blanca y 15 maderas de Palo Santo<\/em><\/li>\n<li><em>Ideal para la limpieza y armonizaci\u00f3n energ\u00e9tica en un contexto ritual y en la vida cotidiana<\/em><\/li>\n<li><em>Desarrollo de humo denso<\/em><\/li>\n<li><em>fragancia intensa, duradera y equilibrada con matices especiales<\/em><\/li>\n<li><em>Efecto rompecorazones con acentos individuales para cada ocasi\u00f3n<\/em><\/li>\n<li><em>abastecimiento exclusivo en diversas regiones de cultivo de todo el mundo con un alto grado de fertilidad y riqueza<\/em><\/li>\n<li><em>Cultivo por peque\u00f1os agricultores y empresas familiares locales<\/em><\/li>\n<li><em>Altas normas \u00e9ticas y transparencia a lo largo de toda la cadena de producci\u00f3n<\/em><\/li>\n<li><em>Comercio directo justo y env\u00edo respetuoso con el medio ambiente<\/em><\/li>\n<\/ul>","protected":false},"featured_media":572085,"comment_status":"closed","ping_status":"closed","template":"","meta":{"site-sidebar-layout":"default","site-content-layout":"","ast-site-content-layout":"default","site-content-style":"default","site-sidebar-style":"default","ast-global-header-display":"","ast-banner-title-visibility":"","ast-main-header-display":"","ast-hfb-above-header-display":"","ast-hfb-below-header-display":"","ast-hfb-mobile-header-display":"","site-post-title":"","ast-breadcrumbs-content":"","ast-featured-img":"","footer-sml-layout":"","ast-disable-related-posts":"","theme-transparent-header-meta":"default","adv-header-id-meta":"","stick-header-meta":"default","header-above-stick-meta":"","header-main-stick-meta":"","header-below-stick-meta":"","astra-migrate-meta-layouts":"set","ast-page-background-enabled":"default","ast-page-background-meta":{"desktop":{"background-color":"var(--ast-global-color-4)","background-image":"","background-repeat":"repeat","background-position":"center center","background-size":"auto","background-attachment":"scroll","background-type":"","background-media":"","overlay-type":"","overlay-color":"","overlay-opacity":"","overlay-gradient":""},"tablet":{"background-color":"","background-image":"","background-repeat":"repeat","background-position":"center center","background-size":"auto","background-attachment":"scroll","background-type":"","background-media":"","overlay-type":"","overlay-color":"","overlay-opacity":"","overlay-gradient":""},"mobile":{"background-color":"","background-image":"","background-repeat":"repeat","background-position":"center center","background-size":"auto","background-attachment":"scroll","background-type":"","background-media":"","overlay-type":"","overlay-color":"","overlay-opacity":"","overlay-gradient":""}},"ast-content-background-meta":{"desktop":{"background-color":"var(--ast-global-color-5)","background-image":"","background-repeat":"repeat","background-position":"center center","background-size":"auto","background-attachment":"scroll","background-type":"","background-media":"","overlay-type":"","overlay-color":"","overlay-opacity":"","overlay-gradient":""},"tablet":{"background-color":"var(--ast-global-color-5)","background-image":"","background-repeat":"repeat","background-position":"center center","background-size":"auto","background-attachment":"scroll","background-type":"","background-media":"","overlay-type":"","overlay-color":"","overlay-opacity":"","overlay-gradient":""},"mobile":{"background-color":"var(--ast-global-color-5)","background-image":"","background-repeat":"repeat","background-position":"center center","background-size":"auto","background-attachment":"scroll","background-type":"","background-media":"","overlay-type":"","overlay-color":"","overlay-opacity":"","overlay-gradient":""}}},"product_brand":[],"product_cat":[15,167,221,390],"product_tag":[],"class_list":{"0":"post-33976","1":"product","2":"type-product","3":"status-publish","4":"has-post-thumbnail","6":"product_cat-alle-produkte","7":"product_cat-raeucherwerk","8":"product_cat-bundles","9":"product_cat-weisser-salbei","10":"desktop-align-left","11":"tablet-align-left","12":"mobile-align-left","13":"ast-product-gallery-layout-horizontal-slider","14":"ast-product-tabs-layout-horizontal","16":"first","17":"instock","18":"taxable","19":"shipping-taxable","20":"purchasable","21":"product-type-simple"},"bundled_by":[],"bundle_stock_status":"instock","bundle_stock_quantity":22,"bundle_virtual":false,"bundle_layout":"","bundle_add_to_cart_form_location":"","bundle_editable_in_cart":false,"bundle_sold_individually_context":"","bundle_item_grouping":"","bundle_min_size":"","bundle_max_size":"","bundle_price":[],"bundled_items":[],"bundle_sell_ids":[],"yoast_head":"<!-- This site is optimized with the Yoast SEO Premium plugin v24.0 (Yoast SEO v26.9) - https:\/\/yoast.com\/product\/yoast-seo-premium-wordpress\/ -->\n<title>R\u00e4ucherwerk &#183; Suyanas R\u00e4ucherbundle &#183; Zeremonieller Kakao &amp; R\u00e4ucherwerk und spirituelle Tiefe | Suyana<\/title>\n<meta name=\"description\" content=\"In unserem Online-Shop findest du alles f\u00fcr deine Zeremonie &#183; Unser R\u00e4ucherwerk zeigt dir die Vielfalt und Besonderheiten der Welt des zeremoniellen.\" \/>\n<meta name=\"robots\" content=\"index, follow, max-snippet:-1, max-image-preview:large, max-video-preview:-1\" \/>\n<link rel=\"canonical\" href=\"https:\/\/suyana.shop\/es\/producto\/ahumador-suyanas-ahumador-paquete-2\" \/>\n<meta property=\"og:locale\" content=\"es_ES\" \/>\n<meta property=\"og:type\" content=\"article\" \/>\n<meta property=\"og:title\" content=\"Suyanas R\u00e4ucherbundle\" \/>\n<meta property=\"og:description\" content=\"In unserem Online-Shop findest du alles f\u00fcr deine Zeremonie &#183; Unser R\u00e4ucherwerk zeigt dir die Vielfalt und Besonderheiten der Welt des zeremoniellen.\" \/>\n<meta property=\"og:url\" content=\"https:\/\/suyana.shop\/es\/producto\/ahumador-suyanas-ahumador-paquete-2\" \/>\n<meta property=\"og:site_name\" content=\"Zeremonieller Kakao &amp; R\u00e4ucherwerk und spirituelle Tiefe | Suyana\" \/>\n<meta property=\"article:modified_time\" content=\"2026-04-04T16:25:59+00:00\" \/>\n<meta property=\"og:image\" content=\"https:\/\/suyana.shop\/wp-content\/uploads\/2023\/03\/DSC07678-scaled.jpg\" \/>\n\t<meta property=\"og:image:width\" content=\"2560\" \/>\n\t<meta property=\"og:image:height\" content=\"1707\" \/>\n\t<meta property=\"og:image:type\" content=\"image\/jpeg\" \/>\n<meta name=\"twitter:card\" content=\"summary_large_image\" \/>\n<meta name=\"twitter:label1\" content=\"Tiempo de lectura\" \/>\n\t<meta name=\"twitter:data1\" content=\"3 minutos\" \/>\n<script type=\"application\/ld+json\" class=\"yoast-schema-graph\">{\"@context\":\"https:\/\/schema.org\",\"@graph\":[{\"@type\":\"WebPage\",\"@id\":\"https:\/\/suyana.shop\/es\/producto\/ahumador-suyanas-ahumador-paquete-2\",\"url\":\"https:\/\/suyana.shop\/es\/producto\/ahumador-suyanas-ahumador-paquete-2\",\"name\":\"R\u00e4ucherwerk &#183; Suyanas R\u00e4ucherbundle &#183; Zeremonieller Kakao &amp; R\u00e4ucherwerk und spirituelle Tiefe | Suyana\",\"isPartOf\":{\"@id\":\"\/#website\"},\"primaryImageOfPage\":{\"@id\":\"https:\/\/suyana.shop\/es\/producto\/ahumador-suyanas-ahumador-paquete-2#primaryimage\"},\"image\":{\"@id\":\"https:\/\/suyana.shop\/es\/producto\/ahumador-suyanas-ahumador-paquete-2#primaryimage\"},\"thumbnailUrl\":\"https:\/\/suyana.shop\/wp-content\/uploads\/2023\/03\/DSC07678-scaled.jpg?wsr\",\"datePublished\":\"2023-03-02T14:59:07+00:00\",\"dateModified\":\"2026-04-04T16:25:59+00:00\",\"description\":\"In unserem Online-Shop findest du alles f\u00fcr deine Zeremonie &#183; Unser R\u00e4ucherwerk zeigt dir die Vielfalt und Besonderheiten der Welt des zeremoniellen.\",\"breadcrumb\":{\"@id\":\"https:\/\/suyana.shop\/es\/producto\/ahumador-suyanas-ahumador-paquete-2#breadcrumb\"},\"inLanguage\":\"es\",\"potentialAction\":[{\"@type\":\"ReadAction\",\"target\":[\"https:\/\/suyana.shop\/es\/producto\/ahumador-suyanas-ahumador-paquete-2\"]}]},{\"@type\":\"ImageObject\",\"inLanguage\":\"es\",\"@id\":\"https:\/\/suyana.shop\/es\/producto\/ahumador-suyanas-ahumador-paquete-2#primaryimage\",\"url\":\"https:\/\/suyana.shop\/wp-content\/uploads\/2023\/03\/DSC07678-scaled.jpg?wsr\",\"contentUrl\":\"https:\/\/suyana.shop\/wp-content\/uploads\/2023\/03\/DSC07678-scaled.jpg?wsr\",\"width\":2560,\"height\":1707},{\"@type\":\"BreadcrumbList\",\"@id\":\"https:\/\/suyana.shop\/es\/producto\/ahumador-suyanas-ahumador-paquete-2#breadcrumb\",\"itemListElement\":[{\"@type\":\"ListItem\",\"position\":1,\"name\":\"Startseite\",\"item\":\"https:\/\/suyana.shop\/\"},{\"@type\":\"ListItem\",\"position\":2,\"name\":\"Suyanas R\u00e4ucherbundle\"}]},{\"@type\":\"WebSite\",\"@id\":\"\/#website\",\"url\":\"\/\",\"name\":\"Zeremonieller Kakao &amp; R\u00e4ucherwerk und spirituelle Tiefe | Suyana\",\"description\":\"Zeremonieller Kakao &amp; Kakaozeremonien\",\"publisher\":{\"@id\":\"\/#organization\"},\"potentialAction\":[{\"@type\":\"SearchAction\",\"target\":{\"@type\":\"EntryPoint\",\"urlTemplate\":\"\/?s={search_term_string}\"},\"query-input\":{\"@type\":\"PropertyValueSpecification\",\"valueRequired\":true,\"valueName\":\"search_term_string\"}}],\"inLanguage\":\"es\"},{\"@type\":\"Organization\",\"@id\":\"\/#organization\",\"name\":\"Suyana\",\"url\":\"\/\",\"logo\":{\"@type\":\"ImageObject\",\"inLanguage\":\"es\",\"@id\":\"\/#\/schema\/logo\/image\/\",\"url\":\"https:\/\/suyana.shop\/wp-content\/uploads\/2022\/05\/suyana-logo-brown-small.png\",\"contentUrl\":\"https:\/\/suyana.shop\/wp-content\/uploads\/2022\/05\/suyana-logo-brown-small.png\",\"width\":1387,\"height\":300,\"caption\":\"Suyana\"},\"image\":{\"@id\":\"\/#\/schema\/logo\/image\/\"},\"sameAs\":[\"https:\/\/instagram.com\/suyana.spirit\"]}]}<\/script>\n<!-- \/ Yoast SEO Premium plugin. -->","yoast_head_json":{"title":"Incienso - Paquete de Incienso Suyana - Cacao e Incienso Ceremonial y Profundidad Espiritual | Suyana","description":"En nuestra tienda online encontrar\u00e1s todo lo que necesitas para tu ceremonia: nuestros inciensos te muestran la variedad y las especialidades del mundo ceremonial.","robots":{"index":"index","follow":"follow","max-snippet":"max-snippet:-1","max-image-preview":"max-image-preview:large","max-video-preview":"max-video-preview:-1"},"canonical":"https:\/\/suyana.shop\/es\/producto\/ahumador-suyanas-ahumador-paquete-2","og_locale":"es_ES","og_type":"article","og_title":"Suyanas R\u00e4ucherbundle","og_description":"In unserem Online-Shop findest du alles f\u00fcr deine Zeremonie &#183; Unser R\u00e4ucherwerk zeigt dir die Vielfalt und Besonderheiten der Welt des zeremoniellen.","og_url":"https:\/\/suyana.shop\/es\/producto\/ahumador-suyanas-ahumador-paquete-2","og_site_name":"Zeremonieller Kakao &amp; R\u00e4ucherwerk und spirituelle Tiefe | Suyana","article_modified_time":"2026-04-04T16:25:59+00:00","og_image":[{"width":2560,"height":1707,"url":"https:\/\/suyana.shop\/wp-content\/uploads\/2023\/03\/DSC07678-scaled.jpg","type":"image\/jpeg"}],"twitter_card":"summary_large_image","twitter_misc":{"Tiempo de lectura":"3 minutos"},"schema":{"@context":"https:\/\/schema.org","@graph":[{"@type":"WebPage","@id":"https:\/\/suyana.shop\/es\/producto\/ahumador-suyanas-ahumador-paquete-2","url":"https:\/\/suyana.shop\/es\/producto\/ahumador-suyanas-ahumador-paquete-2","name":"Incienso - Paquete de Incienso Suyana - Cacao e Incienso Ceremonial y Profundidad Espiritual | Suyana","isPartOf":{"@id":"\/#website"},"primaryImageOfPage":{"@id":"https:\/\/suyana.shop\/es\/producto\/ahumador-suyanas-ahumador-paquete-2#primaryimage"},"image":{"@id":"https:\/\/suyana.shop\/es\/producto\/ahumador-suyanas-ahumador-paquete-2#primaryimage"},"thumbnailUrl":"https:\/\/suyana.shop\/wp-content\/uploads\/2023\/03\/DSC07678-scaled.jpg?wsr","datePublished":"2023-03-02T14:59:07+00:00","dateModified":"2026-04-04T16:25:59+00:00","description":"En nuestra tienda online encontrar\u00e1s todo lo que necesitas para tu ceremonia: nuestros inciensos te muestran la variedad y las especialidades del mundo ceremonial.","breadcrumb":{"@id":"https:\/\/suyana.shop\/es\/producto\/ahumador-suyanas-ahumador-paquete-2#breadcrumb"},"inLanguage":"es","potentialAction":[{"@type":"ReadAction","target":["https:\/\/suyana.shop\/es\/producto\/ahumador-suyanas-ahumador-paquete-2"]}]},{"@type":"ImageObject","inLanguage":"es","@id":"https:\/\/suyana.shop\/es\/producto\/ahumador-suyanas-ahumador-paquete-2#primaryimage","url":"https:\/\/suyana.shop\/wp-content\/uploads\/2023\/03\/DSC07678-scaled.jpg?wsr","contentUrl":"https:\/\/suyana.shop\/wp-content\/uploads\/2023\/03\/DSC07678-scaled.jpg?wsr","width":2560,"height":1707},{"@type":"BreadcrumbList","@id":"https:\/\/suyana.shop\/es\/producto\/ahumador-suyanas-ahumador-paquete-2#breadcrumb","itemListElement":[{"@type":"ListItem","position":1,"name":"Startseite","item":"https:\/\/suyana.shop\/"},{"@type":"ListItem","position":2,"name":"Suyanas R\u00e4ucherbundle"}]},{"@type":"WebSite","@id":"\/#website","url":"\/","name":"Cacao e incienso ceremoniales y profundidad espiritual | Suyana","description":"Cacao ceremonial y ceremonias del cacao","publisher":{"@id":"\/#organization"},"potentialAction":[{"@type":"SearchAction","target":{"@type":"EntryPoint","urlTemplate":"\/?s={search_term_string}"},"query-input":{"@type":"PropertyValueSpecification","valueRequired":true,"valueName":"search_term_string"}}],"inLanguage":"es"},{"@type":"Organization","@id":"\/#organization","name":"Suyana","url":"\/","logo":{"@type":"ImageObject","inLanguage":"es","@id":"\/#\/schema\/logo\/image\/","url":"https:\/\/suyana.shop\/wp-content\/uploads\/2022\/05\/suyana-logo-brown-small.png","contentUrl":"https:\/\/suyana.shop\/wp-content\/uploads\/2022\/05\/suyana-logo-brown-small.png","width":1387,"height":300,"caption":"Suyana"},"image":{"@id":"\/#\/schema\/logo\/image\/"},"sameAs":["https:\/\/instagram.com\/suyana.spirit"]}]}},"_links":{"self":[{"href":"https:\/\/suyana.shop\/es\/wp-json\/wp\/v2\/product\/33976","targetHints":{"allow":["GET"]}}],"collection":[{"href":"https:\/\/suyana.shop\/es\/wp-json\/wp\/v2\/product"}],"about":[{"href":"https:\/\/suyana.shop\/es\/wp-json\/wp\/v2\/types\/product"}],"replies":[{"embeddable":true,"href":"https:\/\/suyana.shop\/es\/wp-json\/wp\/v2\/comments?post=33976"}],"version-history":[{"count":1,"href":"https:\/\/suyana.shop\/es\/wp-json\/wp\/v2\/product\/33976\/revisions"}],"predecessor-version":[{"id":576198,"href":"https:\/\/suyana.shop\/es\/wp-json\/wp\/v2\/product\/33976\/revisions\/576198"}],"wp:featuredmedia":[{"embeddable":true,"href":"https:\/\/suyana.shop\/es\/wp-json\/wp\/v2\/media\/572085"}],"wp:attachment":[{"href":"https:\/\/suyana.shop\/es\/wp-json\/wp\/v2\/media?parent=33976"}],"wp:term":[{"taxonomy":"product_brand","embeddable":true,"href":"https:\/\/suyana.shop\/es\/wp-json\/wp\/v2\/product_brand?post=33976"},{"taxonomy":"product_cat","embeddable":true,"href":"https:\/\/suyana.shop\/es\/wp-json\/wp\/v2\/product_cat?post=33976"},{"taxonomy":"product_tag","embeddable":true,"href":"https:\/\/suyana.shop\/es\/wp-json\/wp\/v2\/product_tag?post=33976"}],"curies":[{"name":"wp","href":"https:\/\/api.w.org\/{rel}","templated":true}]}}