{"id":38,"date":"2022-01-25T21:27:27","date_gmt":"2022-01-25T21:27:27","guid":{"rendered":"https:\/\/suyana.shop\/?post_type=product&#038;p=38"},"modified":"2026-02-25T11:16:10","modified_gmt":"2026-02-25T10:16:10","slug":"madera-de-incienso-palo-santo-2","status":"publish","type":"product","link":"https:\/\/suyana.shop\/es\/produkt\/palo-santo-raeucherholz","title":{"rendered":"<b> Madera de Palo Santo para ahumar <\/b>  de Piura, Per\u00fa"},"content":{"rendered":"<p>&nbsp;<\/p>\n<p><img class=\"aligncenter\" src=\"\/wp-content\/uploads\/2022\/07\/Zeichenfla%CC%88che-5100.svg\" alt=\"\" width=\"203\" height=\"28\" \/><\/p>\n<h2 style=\"text-align: center;\">Suyanas Palo Santo de Piura<\/h2>\n<h4 style=\"text-align: center;\">La madera de incienso de Palo Santo acaricia el coraz\u00f3n y el alma, calma e inspira la mente<\/h4>\n<div>\n<p>&nbsp;<\/p>\n<p style=\"text-align: center;\">Esta madera de incienso de Palo Santo es pura naturaleza y nos ha conquistado enseguida. Gracias a su humo agradablemente envolvente y aterciopelado -con fragancias ligeramente afrutadas-, nuestro Palo Santo est\u00e1 presente sin ser intrusivo. Acaricia el coraz\u00f3n y el alma, calma e inspira la mente: te cuenta una historia, su historia.<\/p>\n<p style=\"text-align: center;\">Es una historia muy antigua, porque la quema de resinas y maderas, as\u00ed como la de hierbas medicinales, tiene una larga tradici\u00f3n en todo el mundo: aromas relajantes que simplemente te hacen bien; humo que crea una conexi\u00f3n entre el interior y el exterior, que tiende un puente entre la naturaleza y el hombre y te acerca a los dioses. Disipar pensamientos y energ\u00edas negativas o incluso demonios forma parte de la quema de incienso. Sin embargo, el incienso no s\u00f3lo se utiliza con fines religiosos, sino tambi\u00e9n con fines medicinales espec\u00edficos.<\/p>\n<p style=\"text-align: center;\">Desde la \u00e9poca precolombina, se atribuye a la madera de incienso de Palo Santo poderes curativos que tienen un efecto positivo en los resfriados, los trastornos estomacales, las enfermedades cut\u00e1neas, los dolores de cabeza, el asma, el estr\u00e9s y la depresi\u00f3n. Se dice que el \u00e1rbol del b\u00e1lsamo tiene efectos purificadores, antiinflamatorios, analg\u00e9sicos e incluso antibi\u00f3ticos.<\/p>\n<p>&nbsp;<\/p>\n<\/div>\n<p><img src=\"\/wp-content\/uploads\/2022\/07\/shop_palo_bg_05.jpg\" alt=\"\" \/><\/p>\n<p>&nbsp;<\/p>\n<p><img class=\"\" src=\"\/wp-content\/uploads\/2022\/07\/Zeichenfla%CC%88che-11100.svg\" alt=\"\" width=\"203\" height=\"22\" \/><\/p>\n<h3>Crecimiento y recolecci\u00f3n de nuestra madera sagrada de incienso de Palo Santo<\/h3>\n<div>\n<p>La Bursera graveolens, como se conoce en lat\u00edn, se da de forma natural en partes de Norteam\u00e9rica, Centroam\u00e9rica y Sudam\u00e9rica. Nuestro Palo Santo procede exclusivamente de rodales naturales de los bosques secos de la costa de Per\u00fa, en la regi\u00f3n de Piura, donde es una especie protegida. Aqu\u00ed, el Palo Santo no se planta, tala ni corta, sino que se le permite vivir su \"vida de \u00e1rbol\" de forma natural en el ciclo de la naturaleza. Un \u00e1rbol de Palo Santo vive unos 100 a\u00f1os hasta que alcanza su \"edad biol\u00f3gica\". La madera, los palos y las ramas se caen y el \u00e1rbol finalmente se tumba en el suelo para entregarse por completo al ciclo de la naturaleza. S\u00f3lo ahora, en el suelo, el Palo Santo adquiere madurez, su fuerte contenido en resina y su fragancia individual, inconfundible e intensa.<\/p>\n<p>La madera ca\u00edda y el propio \u00e1rbol a veces permanecen tirados hasta 4 \u00f3 5 a\u00f1os hasta que finalmente son recogidos por colectivos de agricultores locales. La empresa forestal peruana (SERFOR) controla la cantidad de madera que se recoge y luego determina la superficie de compensaci\u00f3n que debe reforestarse.<\/p>\n<p>Elegimos este Palo Santo en concreto porque cumple nuestros requisitos en cuanto a calidad del producto, sostenibilidad, conciencia y aprecio y equidad. Se honra el patrimonio ind\u00edgena tradicional de este Palo Santo, se preserva cuidadosamente su naturalidad dentro de su ciclo de vida y se preserva el futuro de los bosques de Palo Santo, as\u00ed como de las comunidades locales y sus habitantes.<\/p>\n<p>Enciende el Palo Santo de Piura de Suyana y r\u00edndete a su efecto m\u00e1gico y a su historia de vida. Esp\u00edritu Nativo de Palo Santo para ti.<\/p>\n<p>Aqu\u00ed hay m\u00e1s incienso por descubrir: <a href=\"https:\/\/suyana.shop\/produkt\/weisser-salbei-raeucherbuendel-aus-kalifornien-der-heimat-des-salvia-apiana\">Manojo de incienso de salvia blanca<\/a><\/p>\n<\/div>","protected":false},"excerpt":{"rendered":"<ul class=\"uk-list uk-margin-medium uk-width-xlarge\">\n<li class=\"el-item\">\n<div class=\"uk-grid-small uk-child-width-expand uk-flex-nowrap uk-grid\">\n<div>\n<div class=\"el-content uk-panel\"><em>Ideal para fumar y ceremonias<\/em><\/div>\n<\/div>\n<\/div>\n<\/li>\n<li class=\"el-item\">\n<div class=\"uk-grid-small uk-child-width-expand uk-flex-nowrap uk-grid\">\n<div>\n<div class=\"el-content uk-panel\"><em>alto contenido en resina, rica en aceites esenciales<\/em><\/div>\n<\/div>\n<\/div>\n<\/li>\n<li class=\"el-item\">\n<div class=\"uk-grid-small uk-child-width-expand uk-flex-nowrap uk-grid\">\n<div>\n<div class=\"el-content uk-panel\"><em>Notas de fragancia de pino, coco, c\u00edtricos y menta<\/em><\/div>\n<\/div>\n<\/div>\n<\/li>\n<li class=\"el-item\">\n<div class=\"uk-grid-small uk-child-width-expand uk-flex-nowrap uk-grid\">\n<div>\n<div class=\"el-content uk-panel\"><em>inspirador, calmante y limpiador<\/em><\/div>\n<\/div>\n<\/div>\n<\/li>\n<li class=\"el-item\">\n<div class=\"uk-grid-small uk-child-width-expand uk-flex-nowrap uk-grid\">\n<div>\n<div class=\"el-content uk-panel\"><em>rodales no tratados, exclusivamente naturales \u00a1sin desbrozar!<\/em><\/div>\n<\/div>\n<\/div>\n<\/li>\n<li class=\"el-item\">\n<div class=\"uk-grid-small uk-child-width-expand uk-flex-nowrap uk-grid\">\n<div>\n<div class=\"el-content uk-panel\"><em>comercio justo directo con comunidades y colectivos locales<\/em><\/div>\n<\/div>\n<\/div>\n<\/li>\n<li class=\"el-item\">\n<div class=\"uk-grid-small uk-child-width-expand uk-flex-nowrap uk-grid\">\n<div>\n<div class=\"el-content uk-panel\">\n<p><em>Madera de Palo Santo para ahumar\u00a0<\/em><\/p>\n<\/div>\n<\/div>\n<\/div>\n<\/li>\n<\/ul>","protected":false},"featured_media":572086,"comment_status":"closed","ping_status":"closed","template":"","meta":{"site-sidebar-layout":"default","site-content-layout":"","ast-site-content-layout":"default","site-content-style":"default","site-sidebar-style":"default","ast-global-header-display":"","ast-banner-title-visibility":"","ast-main-header-display":"","ast-hfb-above-header-display":"","ast-hfb-below-header-display":"","ast-hfb-mobile-header-display":"","site-post-title":"","ast-breadcrumbs-content":"","ast-featured-img":"","footer-sml-layout":"","ast-disable-related-posts":"","theme-transparent-header-meta":"default","adv-header-id-meta":"","stick-header-meta":"default","header-above-stick-meta":"","header-main-stick-meta":"","header-below-stick-meta":"","astra-migrate-meta-layouts":"set","ast-page-background-enabled":"default","ast-page-background-meta":{"desktop":{"background-color":"var(--ast-global-color-4)","background-image":"","background-repeat":"repeat","background-position":"center center","background-size":"auto","background-attachment":"scroll","background-type":"","background-media":"","overlay-type":"","overlay-color":"","overlay-opacity":"","overlay-gradient":""},"tablet":{"background-color":"","background-image":"","background-repeat":"repeat","background-position":"center center","background-size":"auto","background-attachment":"scroll","background-type":"","background-media":"","overlay-type":"","overlay-color":"","overlay-opacity":"","overlay-gradient":""},"mobile":{"background-color":"","background-image":"","background-repeat":"repeat","background-position":"center center","background-size":"auto","background-attachment":"scroll","background-type":"","background-media":"","overlay-type":"","overlay-color":"","overlay-opacity":"","overlay-gradient":""}},"ast-content-background-meta":{"desktop":{"background-color":"var(--ast-global-color-5)","background-image":"","background-repeat":"repeat","background-position":"center center","background-size":"auto","background-attachment":"scroll","background-type":"","background-media":"","overlay-type":"","overlay-color":"","overlay-opacity":"","overlay-gradient":""},"tablet":{"background-color":"var(--ast-global-color-5)","background-image":"","background-repeat":"repeat","background-position":"center center","background-size":"auto","background-attachment":"scroll","background-type":"","background-media":"","overlay-type":"","overlay-color":"","overlay-opacity":"","overlay-gradient":""},"mobile":{"background-color":"var(--ast-global-color-5)","background-image":"","background-repeat":"repeat","background-position":"center center","background-size":"auto","background-attachment":"scroll","background-type":"","background-media":"","overlay-type":"","overlay-color":"","overlay-opacity":"","overlay-gradient":""}}},"product_brand":[],"product_cat":[15,167],"product_tag":[],"class_list":{"0":"post-38","1":"product","2":"type-product","3":"status-publish","4":"has-post-thumbnail","6":"product_cat-alle-produkte","7":"product_cat-raeucherwerk","8":"desktop-align-left","9":"tablet-align-left","10":"mobile-align-left","11":"ast-product-gallery-layout-horizontal-slider","12":"ast-product-single-variable","13":"ast-product-tabs-layout-horizontal","15":"first","16":"instock","17":"taxable","18":"shipping-taxable","19":"purchasable","20":"product-type-variable"},"bundled_by":[],"bundle_stock_status":"instock","bundle_stock_quantity":null,"bundle_virtual":false,"bundle_layout":"","bundle_add_to_cart_form_location":"","bundle_editable_in_cart":false,"bundle_sold_individually_context":"","bundle_item_grouping":"","bundle_min_size":"","bundle_max_size":"","bundle_price":[],"bundled_items":[],"bundle_sell_ids":[],"yoast_head":"<!-- This site is optimized with the Yoast SEO Premium plugin v24.0 (Yoast SEO v26.9) - https:\/\/yoast.com\/product\/yoast-seo-premium-wordpress\/ -->\n<title>Suyana &#183; Palo Santo R\u00e4ucherholz aus Piura, Peru<\/title>\n<meta name=\"description\" content=\"In unserem Online-Shop findest du alles f\u00fcr deine Zeremonie &#183; Lass dich mitnehmen auf eine Reise in die Welt des Palo Santo R\u00e4ucherholz.\" \/>\n<meta name=\"robots\" content=\"index, follow, max-snippet:-1, max-image-preview:large, max-video-preview:-1\" \/>\n<link rel=\"canonical\" href=\"https:\/\/suyana.shop\/es\/producto\/madera-de-incienso-palo-santo-2\/\" \/>\n<meta property=\"og:locale\" content=\"es_ES\" \/>\n<meta property=\"og:type\" content=\"article\" \/>\n<meta property=\"og:title\" content=\"Palo Santo R\u00e4ucherh\u00f6lzer  aus Piura, Peru\" \/>\n<meta property=\"og:description\" content=\"In unserem Online-Shop findest du alles f\u00fcr deine Zeremonie &#183; Lass dich mitnehmen auf eine Reise in die Welt des Palo Santo R\u00e4ucherholz.\" \/>\n<meta property=\"og:url\" content=\"https:\/\/suyana.shop\/es\/producto\/madera-de-incienso-palo-santo-2\/\" \/>\n<meta property=\"og:site_name\" content=\"Zeremonieller Kakao &amp; R\u00e4ucherwerk und spirituelle Tiefe | Suyana\" \/>\n<meta property=\"article:modified_time\" content=\"2026-02-25T10:16:10+00:00\" \/>\n<meta property=\"og:image\" content=\"https:\/\/suyana.shop\/wp-content\/uploads\/2022\/01\/DSC07682-scaled.jpg?wsr\" \/>\n\t<meta property=\"og:image:width\" content=\"2560\" \/>\n\t<meta property=\"og:image:height\" content=\"1707\" \/>\n\t<meta property=\"og:image:type\" content=\"image\/jpeg\" \/>\n<meta name=\"twitter:card\" content=\"summary_large_image\" \/>\n<meta name=\"twitter:label1\" content=\"Tiempo de lectura\" \/>\n\t<meta name=\"twitter:data1\" content=\"4 minutos\" \/>\n<script type=\"application\/ld+json\" class=\"yoast-schema-graph\">{\"@context\":\"https:\/\/schema.org\",\"@graph\":[{\"@type\":\"WebPage\",\"@id\":\"https:\/\/suyana.shop\/produkt\/palo-santo-raeucherholz\",\"url\":\"https:\/\/suyana.shop\/produkt\/palo-santo-raeucherholz\",\"name\":\"Suyana &#183; Palo Santo R\u00e4ucherholz aus Piura, Peru\",\"isPartOf\":{\"@id\":\"\/#website\"},\"primaryImageOfPage\":{\"@id\":\"https:\/\/suyana.shop\/produkt\/palo-santo-raeucherholz#primaryimage\"},\"image\":{\"@id\":\"https:\/\/suyana.shop\/produkt\/palo-santo-raeucherholz#primaryimage\"},\"thumbnailUrl\":\"https:\/\/suyana.shop\/wp-content\/uploads\/2022\/01\/DSC07682-scaled.jpg?wsr\",\"datePublished\":\"2022-01-25T21:27:27+00:00\",\"dateModified\":\"2026-02-25T10:16:10+00:00\",\"description\":\"In unserem Online-Shop findest du alles f\u00fcr deine Zeremonie &#183; Lass dich mitnehmen auf eine Reise in die Welt des Palo Santo R\u00e4ucherholz.\",\"breadcrumb\":{\"@id\":\"https:\/\/suyana.shop\/produkt\/palo-santo-raeucherholz#breadcrumb\"},\"inLanguage\":\"es\",\"potentialAction\":[{\"@type\":\"ReadAction\",\"target\":[\"https:\/\/suyana.shop\/produkt\/palo-santo-raeucherholz\"]}]},{\"@type\":\"ImageObject\",\"inLanguage\":\"es\",\"@id\":\"https:\/\/suyana.shop\/produkt\/palo-santo-raeucherholz#primaryimage\",\"url\":\"https:\/\/suyana.shop\/wp-content\/uploads\/2022\/01\/DSC07682-scaled.jpg?wsr\",\"contentUrl\":\"https:\/\/suyana.shop\/wp-content\/uploads\/2022\/01\/DSC07682-scaled.jpg?wsr\",\"width\":2560,\"height\":1707},{\"@type\":\"BreadcrumbList\",\"@id\":\"https:\/\/suyana.shop\/produkt\/palo-santo-raeucherholz#breadcrumb\",\"itemListElement\":[{\"@type\":\"ListItem\",\"position\":1,\"name\":\"Startseite\",\"item\":\"https:\/\/suyana.shop\/\"},{\"@type\":\"ListItem\",\"position\":2,\"name\":\"Palo Santo R\u00e4ucherh\u00f6lzer aus Piura, Peru\"}]},{\"@type\":\"WebSite\",\"@id\":\"\/#website\",\"url\":\"\/\",\"name\":\"Zeremonieller Kakao &amp; R\u00e4ucherwerk und spirituelle Tiefe | Suyana\",\"description\":\"Zeremonieller Kakao &amp; Kakaozeremonien\",\"publisher\":{\"@id\":\"\/#organization\"},\"potentialAction\":[{\"@type\":\"SearchAction\",\"target\":{\"@type\":\"EntryPoint\",\"urlTemplate\":\"\/?s={search_term_string}\"},\"query-input\":{\"@type\":\"PropertyValueSpecification\",\"valueRequired\":true,\"valueName\":\"search_term_string\"}}],\"inLanguage\":\"es\"},{\"@type\":\"Organization\",\"@id\":\"\/#organization\",\"name\":\"Suyana\",\"url\":\"\/\",\"logo\":{\"@type\":\"ImageObject\",\"inLanguage\":\"es\",\"@id\":\"\/#\/schema\/logo\/image\/\",\"url\":\"https:\/\/suyana.shop\/wp-content\/uploads\/2022\/05\/suyana-logo-brown-small.png\",\"contentUrl\":\"https:\/\/suyana.shop\/wp-content\/uploads\/2022\/05\/suyana-logo-brown-small.png\",\"width\":1387,\"height\":300,\"caption\":\"Suyana\"},\"image\":{\"@id\":\"\/#\/schema\/logo\/image\/\"},\"sameAs\":[\"https:\/\/instagram.com\/suyana.spirit\"]}]}<\/script>\n<!-- \/ Yoast SEO Premium plugin. -->","yoast_head_json":{"title":"Suyana - Madera de incienso de Palo Santo de Piura, Per\u00fa","description":"En nuestra tienda online encontrar\u00e1s todo lo que necesitas para tu ceremonia - d\u00e9janos llevarte en un viaje al mundo de la madera de incienso de Palo Santo.","robots":{"index":"index","follow":"follow","max-snippet":"max-snippet:-1","max-image-preview":"max-image-preview:large","max-video-preview":"max-video-preview:-1"},"canonical":"https:\/\/suyana.shop\/es\/producto\/madera-de-incienso-palo-santo-2\/","og_locale":"es_ES","og_type":"article","og_title":"Palo Santo R\u00e4ucherh\u00f6lzer  aus Piura, Peru","og_description":"In unserem Online-Shop findest du alles f\u00fcr deine Zeremonie &#183; Lass dich mitnehmen auf eine Reise in die Welt des Palo Santo R\u00e4ucherholz.","og_url":"https:\/\/suyana.shop\/es\/producto\/madera-de-incienso-palo-santo-2\/","og_site_name":"Zeremonieller Kakao &amp; R\u00e4ucherwerk und spirituelle Tiefe | Suyana","article_modified_time":"2026-02-25T10:16:10+00:00","og_image":[{"width":2560,"height":1707,"url":"https:\/\/suyana.shop\/wp-content\/uploads\/2022\/01\/DSC07682-scaled.jpg?wsr","type":"image\/jpeg"}],"twitter_card":"summary_large_image","twitter_misc":{"Tiempo de lectura":"4 minutos"},"schema":{"@context":"https:\/\/schema.org","@graph":[{"@type":"WebPage","@id":"https:\/\/suyana.shop\/produkt\/palo-santo-raeucherholz","url":"https:\/\/suyana.shop\/produkt\/palo-santo-raeucherholz","name":"Suyana - Madera de incienso de Palo Santo de Piura, Per\u00fa","isPartOf":{"@id":"\/#website"},"primaryImageOfPage":{"@id":"https:\/\/suyana.shop\/produkt\/palo-santo-raeucherholz#primaryimage"},"image":{"@id":"https:\/\/suyana.shop\/produkt\/palo-santo-raeucherholz#primaryimage"},"thumbnailUrl":"https:\/\/suyana.shop\/wp-content\/uploads\/2022\/01\/DSC07682-scaled.jpg?wsr","datePublished":"2022-01-25T21:27:27+00:00","dateModified":"2026-02-25T10:16:10+00:00","description":"En nuestra tienda online encontrar\u00e1s todo lo que necesitas para tu ceremonia - d\u00e9janos llevarte en un viaje al mundo de la madera de incienso de Palo Santo.","breadcrumb":{"@id":"https:\/\/suyana.shop\/produkt\/palo-santo-raeucherholz#breadcrumb"},"inLanguage":"es","potentialAction":[{"@type":"ReadAction","target":["https:\/\/suyana.shop\/produkt\/palo-santo-raeucherholz"]}]},{"@type":"ImageObject","inLanguage":"es","@id":"https:\/\/suyana.shop\/produkt\/palo-santo-raeucherholz#primaryimage","url":"https:\/\/suyana.shop\/wp-content\/uploads\/2022\/01\/DSC07682-scaled.jpg?wsr","contentUrl":"https:\/\/suyana.shop\/wp-content\/uploads\/2022\/01\/DSC07682-scaled.jpg?wsr","width":2560,"height":1707},{"@type":"BreadcrumbList","@id":"https:\/\/suyana.shop\/produkt\/palo-santo-raeucherholz#breadcrumb","itemListElement":[{"@type":"ListItem","position":1,"name":"Startseite","item":"https:\/\/suyana.shop\/"},{"@type":"ListItem","position":2,"name":"Palo Santo R\u00e4ucherh\u00f6lzer aus Piura, Peru"}]},{"@type":"WebSite","@id":"\/#website","url":"\/","name":"Cacao e incienso ceremoniales y profundidad espiritual | Suyana","description":"Cacao ceremonial y ceremonias del cacao","publisher":{"@id":"\/#organization"},"potentialAction":[{"@type":"SearchAction","target":{"@type":"EntryPoint","urlTemplate":"\/?s={search_term_string}"},"query-input":{"@type":"PropertyValueSpecification","valueRequired":true,"valueName":"search_term_string"}}],"inLanguage":"es"},{"@type":"Organization","@id":"\/#organization","name":"Suyana","url":"\/","logo":{"@type":"ImageObject","inLanguage":"es","@id":"\/#\/schema\/logo\/image\/","url":"https:\/\/suyana.shop\/wp-content\/uploads\/2022\/05\/suyana-logo-brown-small.png","contentUrl":"https:\/\/suyana.shop\/wp-content\/uploads\/2022\/05\/suyana-logo-brown-small.png","width":1387,"height":300,"caption":"Suyana"},"image":{"@id":"\/#\/schema\/logo\/image\/"},"sameAs":["https:\/\/instagram.com\/suyana.spirit"]}]}},"_links":{"self":[{"href":"https:\/\/suyana.shop\/es\/wp-json\/wp\/v2\/product\/38","targetHints":{"allow":["GET"]}}],"collection":[{"href":"https:\/\/suyana.shop\/es\/wp-json\/wp\/v2\/product"}],"about":[{"href":"https:\/\/suyana.shop\/es\/wp-json\/wp\/v2\/types\/product"}],"replies":[{"embeddable":true,"href":"https:\/\/suyana.shop\/es\/wp-json\/wp\/v2\/comments?post=38"}],"version-history":[{"count":0,"href":"https:\/\/suyana.shop\/es\/wp-json\/wp\/v2\/product\/38\/revisions"}],"wp:featuredmedia":[{"embeddable":true,"href":"https:\/\/suyana.shop\/es\/wp-json\/wp\/v2\/media\/572086"}],"wp:attachment":[{"href":"https:\/\/suyana.shop\/es\/wp-json\/wp\/v2\/media?parent=38"}],"wp:term":[{"taxonomy":"product_brand","embeddable":true,"href":"https:\/\/suyana.shop\/es\/wp-json\/wp\/v2\/product_brand?post=38"},{"taxonomy":"product_cat","embeddable":true,"href":"https:\/\/suyana.shop\/es\/wp-json\/wp\/v2\/product_cat?post=38"},{"taxonomy":"product_tag","embeddable":true,"href":"https:\/\/suyana.shop\/es\/wp-json\/wp\/v2\/product_tag?post=38"}],"curies":[{"name":"wp","href":"https:\/\/api.w.org\/{rel}","templated":true}]}}