{"id":14,"date":"2022-01-25T21:20:28","date_gmt":"2022-01-25T21:20:28","guid":{"rendered":"https:\/\/suyana.shop\/versand__lieferung"},"modified":"2024-11-14T16:53:32","modified_gmt":"2024-11-14T15:53:32","slug":"expedition","status":"publish","type":"page","link":"https:\/\/suyana.shop\/fr\/versand__lieferung","title":{"rendered":"Exp\u00e9dition &amp; Livraison"},"content":{"rendered":"<div data-elementor-type=\"wp-page\" data-elementor-id=\"14\" class=\"elementor elementor-14\" data-elementor-post-type=\"page\">\n\t\t\t\t\t\t<section class=\"elementor-section elementor-top-section elementor-element elementor-element-695118d elementor-section-boxed elementor-section-height-default elementor-section-height-default\" data-id=\"695118d\" data-element_type=\"section\" data-e-type=\"section\">\n\t\t\t\t\t\t<div class=\"elementor-container elementor-column-gap-default\">\n\t\t\t\t\t<div class=\"elementor-column elementor-col-100 elementor-top-column elementor-element elementor-element-308ca439\" data-id=\"308ca439\" data-element_type=\"column\" data-e-type=\"column\">\n\t\t\t<div class=\"elementor-widget-wrap elementor-element-populated\">\n\t\t\t\t\t\t<div class=\"elementor-element elementor-element-473a42af elementor-widget elementor-widget-text-editor\" data-id=\"473a42af\" data-element_type=\"widget\" data-e-type=\"widget\" data-widget_type=\"text-editor.default\">\n\t\t\t\t<div class=\"elementor-widget-container\">\n\t\t\t\t\t\t\t\t\t<h1>exp\u00e9dition<\/h1><p>\u00a0<\/p><div><p><strong>Prix, frais d&#039;exp\u00e9dition et informations de livraison<\/strong><\/p><p>Nous exp\u00e9dions dans un colis assur\u00e9\u00a0<strong>DHL<\/strong>.<\/p><p><strong>Allemagne: <\/strong>Gratuit \u00e0 partir de 60 \u20ac, sinon 6,55 \u20ac<\/p><p><strong>Belgique, France, Luxembourg, Pays-Bas, Autriche, Pologne\u00a0:\u00a0<\/strong>15,90 \u20ac<\/p><p><strong>Suisse:\u00a0<\/strong>30,00 \u20ac<\/p><p>Les frais de port vous seront clairement communiqu\u00e9s dans le syst\u00e8me de panier et sur la page de commande.<\/p><\/div><p><\/p><\/div><\/div><\/div><\/div><\/div><\/section><\/div> ...<p class=\"ast-the-content-more-link\"> <a class=\"\" href=\"https:\/\/suyana.shop\/fr\/versand__lieferung\"> <span class=\"screen-reader-text\">Exp\u00e9dition &amp; Livraison<\/span>Lire la suite \"<\/a><\/p>","protected":false},"excerpt":{"rendered":"<p>Versand &amp; Lieferung [&hellip;]<\/p>\n","protected":false},"author":1,"featured_media":0,"parent":0,"menu_order":0,"comment_status":"closed","ping_status":"closed","template":"","meta":{"site-sidebar-layout":"default","site-content-layout":"","ast-site-content-layout":"default","site-content-style":"default","site-sidebar-style":"default","ast-global-header-display":"","ast-banner-title-visibility":"","ast-main-header-display":"","ast-hfb-above-header-display":"","ast-hfb-below-header-display":"","ast-hfb-mobile-header-display":"","site-post-title":"","ast-breadcrumbs-content":"","ast-featured-img":"","footer-sml-layout":"","ast-disable-related-posts":"","theme-transparent-header-meta":"","adv-header-id-meta":"","stick-header-meta":"","header-above-stick-meta":"","header-main-stick-meta":"","header-below-stick-meta":"","astra-migrate-meta-layouts":"default","ast-page-background-enabled":"default","ast-page-background-meta":{"desktop":{"background-color":"var(--ast-global-color-4)","background-image":"","background-repeat":"repeat","background-position":"center center","background-size":"auto","background-attachment":"scroll","background-type":"","background-media":"","overlay-type":"","overlay-color":"","overlay-opacity":"","overlay-gradient":""},"tablet":{"background-color":"","background-image":"","background-repeat":"repeat","background-position":"center center","background-size":"auto","background-attachment":"scroll","background-type":"","background-media":"","overlay-type":"","overlay-color":"","overlay-opacity":"","overlay-gradient":""},"mobile":{"background-color":"","background-image":"","background-repeat":"repeat","background-position":"center center","background-size":"auto","background-attachment":"scroll","background-type":"","background-media":"","overlay-type":"","overlay-color":"","overlay-opacity":"","overlay-gradient":""}},"ast-content-background-meta":{"desktop":{"background-color":"var(--ast-global-color-5)","background-image":"","background-repeat":"repeat","background-position":"center center","background-size":"auto","background-attachment":"scroll","background-type":"","background-media":"","overlay-type":"","overlay-color":"","overlay-opacity":"","overlay-gradient":""},"tablet":{"background-color":"var(--ast-global-color-5)","background-image":"","background-repeat":"repeat","background-position":"center center","background-size":"auto","background-attachment":"scroll","background-type":"","background-media":"","overlay-type":"","overlay-color":"","overlay-opacity":"","overlay-gradient":""},"mobile":{"background-color":"var(--ast-global-color-5)","background-image":"","background-repeat":"repeat","background-position":"center center","background-size":"auto","background-attachment":"scroll","background-type":"","background-media":"","overlay-type":"","overlay-color":"","overlay-opacity":"","overlay-gradient":""}},"footnotes":""},"class_list":["post-14","page","type-page","status-publish","hentry"],"yoast_head":"<!-- This site is optimized with the Yoast SEO Premium plugin v24.0 (Yoast SEO v26.9) - https:\/\/yoast.com\/product\/yoast-seo-premium-wordpress\/ -->\n<title>Zeremonieller Kakao &amp; R\u00e4ucherwerk und spirituelle Tiefe | Suyana &#183; Versand &amp; Lieferung<\/title>\n<meta name=\"description\" content=\"Wir versenden europaweit &#183; Kostenloser Versand innerhalb Deutschlands\" \/>\n<meta name=\"robots\" content=\"index, follow, max-snippet:-1, max-image-preview:large, max-video-preview:-1\" \/>\n<link rel=\"canonical\" href=\"https:\/\/suyana.shop\/fr\/expedition\" \/>\n<meta property=\"og:locale\" content=\"fr_FR\" \/>\n<meta property=\"og:type\" content=\"article\" \/>\n<meta property=\"og:title\" content=\"Versand &amp; Lieferung\" \/>\n<meta property=\"og:description\" content=\"Wir versenden europaweit &#183; Kostenloser Versand innerhalb Deutschlands\" \/>\n<meta property=\"og:url\" content=\"https:\/\/suyana.shop\/fr\/expedition\" \/>\n<meta property=\"og:site_name\" content=\"Zeremonieller Kakao &amp; R\u00e4ucherwerk und spirituelle Tiefe | Suyana\" \/>\n<meta property=\"article:modified_time\" content=\"2024-11-14T15:53:32+00:00\" \/>\n<meta name=\"twitter:card\" content=\"summary_large_image\" \/>\n<meta name=\"twitter:label1\" content=\"Dur\u00e9e de lecture estim\u00e9e\" \/>\n\t<meta name=\"twitter:data1\" content=\"1 minute\" \/>\n<script type=\"application\/ld+json\" class=\"yoast-schema-graph\">{\"@context\":\"https:\/\/schema.org\",\"@graph\":[{\"@type\":\"WebPage\",\"@id\":\"https:\/\/suyana.shop\/fr\/versand__lieferung\",\"url\":\"https:\/\/suyana.shop\/fr\/versand__lieferung\",\"name\":\"Zeremonieller Kakao &amp; R\u00e4ucherwerk und spirituelle Tiefe | Suyana &#183; Versand & Lieferung\",\"isPartOf\":{\"@id\":\"\/#website\"},\"datePublished\":\"2022-01-25T21:20:28+00:00\",\"dateModified\":\"2024-11-14T15:53:32+00:00\",\"description\":\"Wir versenden europaweit &#183; Kostenloser Versand innerhalb Deutschlands\",\"breadcrumb\":{\"@id\":\"https:\/\/suyana.shop\/fr\/versand__lieferung#breadcrumb\"},\"inLanguage\":\"fr-FR\",\"potentialAction\":[{\"@type\":\"ReadAction\",\"target\":[\"https:\/\/suyana.shop\/fr\/versand__lieferung\"]}]},{\"@type\":\"BreadcrumbList\",\"@id\":\"https:\/\/suyana.shop\/fr\/versand__lieferung#breadcrumb\",\"itemListElement\":[{\"@type\":\"ListItem\",\"position\":1,\"name\":\"Startseite\",\"item\":\"https:\/\/suyana.shop\/\"},{\"@type\":\"ListItem\",\"position\":2,\"name\":\"Versand &#038; Lieferung\"}]},{\"@type\":\"WebSite\",\"@id\":\"\/#website\",\"url\":\"\/\",\"name\":\"Zeremonieller Kakao &amp; R\u00e4ucherwerk und spirituelle Tiefe | Suyana\",\"description\":\"Zeremonieller Kakao &amp; Kakaozeremonien\",\"publisher\":{\"@id\":\"\/#organization\"},\"potentialAction\":[{\"@type\":\"SearchAction\",\"target\":{\"@type\":\"EntryPoint\",\"urlTemplate\":\"\/?s={search_term_string}\"},\"query-input\":{\"@type\":\"PropertyValueSpecification\",\"valueRequired\":true,\"valueName\":\"search_term_string\"}}],\"inLanguage\":\"fr-FR\"},{\"@type\":\"Organization\",\"@id\":\"\/#organization\",\"name\":\"Suyana\",\"url\":\"\/\",\"logo\":{\"@type\":\"ImageObject\",\"inLanguage\":\"fr-FR\",\"@id\":\"\/#\/schema\/logo\/image\/\",\"url\":\"https:\/\/suyana.shop\/wp-content\/uploads\/2022\/05\/suyana-logo-brown-small.png\",\"contentUrl\":\"https:\/\/suyana.shop\/wp-content\/uploads\/2022\/05\/suyana-logo-brown-small.png\",\"width\":1387,\"height\":300,\"caption\":\"Suyana\"},\"image\":{\"@id\":\"\/#\/schema\/logo\/image\/\"},\"sameAs\":[\"https:\/\/instagram.com\/suyana.spirit\"]}]}<\/script>\n<!-- \/ Yoast SEO Premium plugin. -->","yoast_head_json":{"title":"Cacao c\u00e9r\u00e9monial &amp; encens et profondeur spirituelle | Suyana - Exp\u00e9dition &amp; retours","description":"Nous exp\u00e9dions dans toute l&#039;Europe - Livraison gratuite en Allemagne","robots":{"index":"index","follow":"follow","max-snippet":"max-snippet:-1","max-image-preview":"max-image-preview:large","max-video-preview":"max-video-preview:-1"},"canonical":"https:\/\/suyana.shop\/fr\/expedition","og_locale":"fr_FR","og_type":"article","og_title":"Versand & Lieferung","og_description":"Wir versenden europaweit &#183; Kostenloser Versand innerhalb Deutschlands","og_url":"https:\/\/suyana.shop\/fr\/expedition","og_site_name":"Zeremonieller Kakao &amp; R\u00e4ucherwerk und spirituelle Tiefe | Suyana","article_modified_time":"2024-11-14T15:53:32+00:00","twitter_card":"summary_large_image","twitter_misc":{"Dur\u00e9e de lecture estim\u00e9e":"1 minute"},"schema":{"@context":"https:\/\/schema.org","@graph":[{"@type":"WebPage","@id":"https:\/\/suyana.shop\/fr\/versand__lieferung","url":"https:\/\/suyana.shop\/fr\/versand__lieferung","name":"Cacao c\u00e9r\u00e9monial &amp; encens et profondeur spirituelle | Suyana - Exp\u00e9dition &amp; retours","isPartOf":{"@id":"\/#website"},"datePublished":"2022-01-25T21:20:28+00:00","dateModified":"2024-11-14T15:53:32+00:00","description":"Nous exp\u00e9dions dans toute l&#039;Europe - Livraison gratuite en Allemagne","breadcrumb":{"@id":"https:\/\/suyana.shop\/fr\/versand__lieferung#breadcrumb"},"inLanguage":"fr-FR","potentialAction":[{"@type":"ReadAction","target":["https:\/\/suyana.shop\/fr\/versand__lieferung"]}]},{"@type":"BreadcrumbList","@id":"https:\/\/suyana.shop\/fr\/versand__lieferung#breadcrumb","itemListElement":[{"@type":"ListItem","position":1,"name":"Startseite","item":"https:\/\/suyana.shop\/"},{"@type":"ListItem","position":2,"name":"Versand &#038; Lieferung"}]},{"@type":"WebSite","@id":"\/#website","url":"\/","name":"Des c\u00e9r\u00e9monies de Cacao et br\u00fbler de l&#039;Encens et de la Profondeur spirituelle | Suyana","description":"Des C\u00e9r\u00e9monies De Cacao &amp; Kakaozeremonien","publisher":{"@id":"\/#organization"},"potentialAction":[{"@type":"SearchAction","target":{"@type":"EntryPoint","urlTemplate":"\/?s={search_term_string}"},"query-input":{"@type":"PropertyValueSpecification","valueRequired":true,"valueName":"search_term_string"}}],"inLanguage":"fr-FR"},{"@type":"Organization","@id":"\/#organization","name":"Suyana","url":"\/","logo":{"@type":"ImageObject","inLanguage":"fr-FR","@id":"\/#\/schema\/logo\/image\/","url":"https:\/\/suyana.shop\/wp-content\/uploads\/2022\/05\/suyana-logo-brown-small.png","contentUrl":"https:\/\/suyana.shop\/wp-content\/uploads\/2022\/05\/suyana-logo-brown-small.png","width":1387,"height":300,"caption":"Suyana"},"image":{"@id":"\/#\/schema\/logo\/image\/"},"sameAs":["https:\/\/instagram.com\/suyana.spirit"]}]}},"_links":{"self":[{"href":"https:\/\/suyana.shop\/fr\/wp-json\/wp\/v2\/pages\/14","targetHints":{"allow":["GET"]}}],"collection":[{"href":"https:\/\/suyana.shop\/fr\/wp-json\/wp\/v2\/pages"}],"about":[{"href":"https:\/\/suyana.shop\/fr\/wp-json\/wp\/v2\/types\/page"}],"author":[{"embeddable":true,"href":"https:\/\/suyana.shop\/fr\/wp-json\/wp\/v2\/users\/1"}],"replies":[{"embeddable":true,"href":"https:\/\/suyana.shop\/fr\/wp-json\/wp\/v2\/comments?post=14"}],"version-history":[{"count":0,"href":"https:\/\/suyana.shop\/fr\/wp-json\/wp\/v2\/pages\/14\/revisions"}],"wp:attachment":[{"href":"https:\/\/suyana.shop\/fr\/wp-json\/wp\/v2\/media?parent=14"}],"curies":[{"name":"wp","href":"https:\/\/api.w.org\/{rel}","templated":true}]}} 