{"id":31158,"date":"2022-07-18T14:11:44","date_gmt":"2022-07-18T14:11:44","guid":{"rendered":"https:\/\/suyana.shop\/?page_id=31158"},"modified":"2025-03-21T17:25:05","modified_gmt":"2025-03-21T16:25:05","slug":"la-ceremonie-du-cacao","status":"publish","type":"page","link":"https:\/\/suyana.shop\/fr\/die-kakaozeremonie","title":{"rendered":"Kakaozeremonie"},"content":{"rendered":"<div data-elementor-type=\"wp-page\" data-elementor-id=\"31158\" class=\"elementor elementor-31158\" data-elementor-post-type=\"page\">\n\t\t\t\t\t\t<section class=\"elementor-section elementor-top-section elementor-element elementor-element-5db8351 elementor-section-boxed elementor-section-height-default elementor-section-height-default\" data-id=\"5db8351\" data-element_type=\"section\" data-e-type=\"section\">\n\t\t\t\t\t\t<div class=\"elementor-container elementor-column-gap-default\">\n\t\t\t\t\t<div class=\"elementor-column elementor-col-100 elementor-top-column elementor-element elementor-element-8c5b1b4\" data-id=\"8c5b1b4\" data-element_type=\"column\" data-e-type=\"column\">\n\t\t\t<div class=\"elementor-widget-wrap elementor-element-populated\">\n\t\t\t\t\t\t<div class=\"elementor-element elementor-element-837a32f elementor-widget elementor-widget-spacer\" data-id=\"837a32f\" data-element_type=\"widget\" data-e-type=\"widget\" data-widget_type=\"spacer.default\">\n\t\t\t\t<div class=\"elementor-widget-container\">\n\t\t\t\t\t\t\t<div class=\"elementor-spacer\">\n\t\t\t<div class=\"elementor-spacer-inner\"><\/div>\n\t\t<\/div>\n\t\t\t\t\t\t<\/div>\n\t\t\t\t<\/div>\n\t\t\t\t<div class=\"elementor-element elementor-element-6ea5e9e elementor-widget elementor-widget-heading\" data-id=\"6ea5e9e\" data-element_type=\"widget\" data-e-type=\"widget\" data-widget_type=\"heading.default\">\n\t\t\t\t<div class=\"elementor-widget-container\">\n\t\t\t\t\t<h1 class=\"elementor-heading-title elementor-size-default\">Kakao - zwischen Mythos, Wissenschaft &amp; Ritual<\/h1>\t\t\t\t<\/div>\n\t\t\t\t<\/div>\n\t\t\t\t<div class=\"elementor-element elementor-element-d8dda80 elementor-widget elementor-widget-spacer\" data-id=\"d8dda80\" data-element_type=\"widget\" data-e-type=\"widget\" data-widget_type=\"spacer.default\">\n\t\t\t\t<div class=\"elementor-widget-container\">\n\t\t\t\t\t\t\t<div class=\"elementor-spacer\">\n\t\t\t<div class=\"elementor-spacer-inner\"><\/div>\n\t\t<\/div>\n\t\t\t\t\t\t<\/div>\n\t\t\t\t<\/div>\n\t\t\t\t\t<\/div>\n\t\t<\/div>\n\t\t\t\t\t<\/div>\n\t\t<\/section>\n\t\t\t\t<section class=\"elementor-section elementor-top-section elementor-element elementor-element-13619eb elementor-section-boxed elementor-section-height-default elementor-section-height-default\" data-id=\"13619eb\" data-element_type=\"section\" data-e-type=\"section\">\n\t\t\t\t\t\t<div class=\"elementor-container elementor-column-gap-default\">\n\t\t\t\t\t<div class=\"elementor-column elementor-col-50 elementor-top-column elementor-element elementor-element-a25c6f5\" data-id=\"a25c6f5\" data-element_type=\"column\" data-e-type=\"column\">\n\t\t\t<div class=\"elementor-widget-wrap elementor-element-populated\">\n\t\t\t\t\t\t<div class=\"elementor-element elementor-element-a971ada elementor-widget elementor-widget-heading\" data-id=\"a971ada\" data-element_type=\"widget\" data-e-type=\"widget\" data-widget_type=\"heading.default\">\n\t\t\t\t<div class=\"elementor-widget-container\">\n\t\t\t\t\t<h2 class=\"elementor-heading-title elementor-size-default\">Mythologie du cacao<\/h2>\t\t\t\t<\/div>\n\t\t\t\t<\/div>\n\t\t\t\t<div class=\"elementor-element elementor-element-e34b25b elementor-widget elementor-widget-heading\" data-id=\"e34b25b\" data-element_type=\"widget\" data-e-type=\"widget\" data-widget_type=\"heading.default\">\n\t\t\t\t<div class=\"elementor-widget-container\">\n\t\t\t\t\t<h3 class=\"elementor-heading-title elementor-size-default\">Comment Quetzalcoatl a introduit le cacao dans le monde\n<\/h3>\t\t\t\t<\/div>\n\t\t\t\t<\/div>\n\t\t\t\t<div class=\"elementor-element elementor-element-d436f17 elementor-widget elementor-widget-text-editor\" data-id=\"d436f17\" data-element_type=\"widget\" data-e-type=\"widget\" data-widget_type=\"text-editor.default\">\n\t\t\t\t<div class=\"elementor-widget-container\">\n\t\t\t\t\t\t\t\t\t<h3><span style=\"color: var( --e-global-color-text ); font-family: var( --e-global-typography-text-font-family ), Sans-serif; font-weight: 400; font-size: 16px; letter-spacing: 0px;\">De nombreux mythes am\u00e9ricains anciens entourent l'origine du cacaoyer et la fa\u00e7on dont le cacao a \u00e9t\u00e9 cultiv\u00e9. <\/span><span style=\"color: var( --e-global-color-text ); font-family: var( --e-global-typography-text-font-family ), Sans-serif; font-weight: 400; font-size: 16px; letter-spacing: 0px;\">ou du chocolat est venu au monde. <\/span><span style=\"color: var( --e-global-color-text ); font-family: var( --e-global-typography-text-font-family ), Sans-serif; font-weight: 400; font-size: 16px; letter-spacing: 0px;\">Le cacao vient de \"<\/span><span style=\"color: var( --e-global-color-text ); font-family: var( --e-global-typography-text-font-family ), Sans-serif; font-weight: 400; font-size: 16px; letter-spacing: 0px;\">cacahuatl\" <\/span><span style=\"color: var( --e-global-color-text ); font-family: var( --e-global-typography-text-font-family ), Sans-serif; font-weight: 400; font-size: 16px; letter-spacing: 0px;\">et peut \u00eatre utilis\u00e9 avec<\/span><span style=\"color: var( --e-global-color-text ); font-family: var( --e-global-typography-text-font-family ), Sans-serif; font-weight: 400; font-size: 16px; letter-spacing: 0px;\"> Traduire \"f\u00e8ve de cacao\" ; <\/span><span style=\"color: var( --e-global-color-text ); font-family: var( --e-global-typography-text-font-family ), Sans-serif; font-weight: 400; font-size: 16px; letter-spacing: 0px;\">Le chocolat vient de \"xoc\u00f3atl\" et signifie <\/span><span style=\"color: var( --e-global-color-text ); font-family: var( --e-global-typography-text-font-family ), Sans-serif; font-weight: 400; font-size: 16px; letter-spacing: 0px;\">\"eau am\u00e8re\"<\/span><span style=\"color: var( --e-global-color-text ); font-family: var( --e-global-typography-text-font-family ), Sans-serif; font-weight: 400; font-size: 16px; letter-spacing: 0px;\">. Les deux termes sont azt\u00e8ques et proviennent de la langue nahuatl - une langue encore utilis\u00e9e aujourd'hui par environ 1,5 million de personnes en Am\u00e9rique centrale.\u00a0 <\/span><span style=\"color: var( --e-global-color-text ); font-family: var( --e-global-typography-text-font-family ), Sans-serif; font-weight: 400; font-size: 16px; letter-spacing: 0px;\">est parl\u00e9.<\/span><\/h3><p><span style=\"font-weight: 400;\">Un mythe raconte comment <\/span><span style=\"font-weight: 400;\">Quetzalcoatl<\/span><span style=\"font-weight: 400;\"> (\"serpent \u00e0 plumes \u00e0 queue lumineuse\"), une <\/span><span style=\"font-weight: 400;\">Divinit\u00e9 <\/span><span style=\"font-weight: 400;\">des Tolt\u00e8ques, des Azt\u00e8ques et des Mayas, a perdu sa princesse bien-aim\u00e9e lors d'une attaque ennemie. Elle fut tu\u00e9e parce qu'elle ne voulait pas r\u00e9v\u00e9ler \u00e0 l'ennemi un tr\u00e9sor que Quetzalcoatl lui avait confi\u00e9. Son sang impr\u00e9gna et fertilisa la terre o\u00f9 elle \u00e9tait morte. Quetzalcoatl y fit na\u00eetre le cacaoyer, dont le fruit \u00e9tait amer comme la souffrance que sa femme avait endur\u00e9e par amour, fort comme la vertu qu'elle avait montr\u00e9e dans l'adversit\u00e9, et rouge\u00e2tre comme le sang qu'elle avait vers\u00e9.\u00a0<\/span><\/p><p><span style=\"font-weight: 400;\">Un mythe qui, d\u00e9j\u00e0 au niveau linguistique, illustre de mani\u00e8re impressionnante le go\u00fbt amer du chocolat \u00e0 l'origine, la couleur rouge sang du fruit du cacaoyer et la proximit\u00e9 du <\/span><i><span style=\"font-weight: 400;\">Theobrama cacao<\/span><\/i><span style=\"font-weight: 400;\"> aux dieux pr\u00e9colombiens. Le mythe nous parle aussi de l'amour sans limites - au-del\u00e0 de la mort &amp; repr\u00e9sent\u00e9 par le cacao. ...\u00a0<\/span><\/p><p>\u00a0<\/p>\t\t\t\t\t\t\t\t<\/div>\n\t\t\t\t<\/div>\n\t\t\t\t\t<\/div>\n\t\t<\/div>\n\t\t\t\t<div class=\"elementor-column elementor-col-50 elementor-top-column elementor-element elementor-element-2c96753\" data-id=\"2c96753\" data-element_type=\"column\" data-e-type=\"column\">\n\t\t\t<div class=\"elementor-widget-wrap elementor-element-populated\">\n\t\t\t\t\t\t<div class=\"elementor-element elementor-element-f371661 elementor-widget elementor-widget-image\" data-id=\"f371661\" data-element_type=\"widget\" data-e-type=\"widget\" data-widget_type=\"image.default\">\n\t\t\t\t<div class=\"elementor-widget-container\">\n\t\t\t\t\t\t\t\t\t\t\t\t\t\t\t<img fetchpriority=\"high\" width=\"899\" height=\"560\" src=\"https:\/\/suyana.shop\/wp-content\/uploads\/2024\/10\/home_zeremonie-a73f3d5f.webp\" class=\"attachment-large size-large wp-image-65401\" alt=\"C\u00e9r\u00e9monie du cacao avec cacao c\u00e9r\u00e9monial et beaucoup d&#039;amis\" srcset=\"https:\/\/suyana.shop\/wp-content\/uploads\/2024\/10\/home_zeremonie-a73f3d5f.webp 899w, https:\/\/suyana.shop\/wp-content\/uploads\/2024\/10\/home_zeremonie-a73f3d5f-600x374.webp 600w, https:\/\/suyana.shop\/wp-content\/uploads\/2024\/10\/home_zeremonie-a73f3d5f-300x187.webp 300w, https:\/\/suyana.shop\/wp-content\/uploads\/2024\/10\/home_zeremonie-a73f3d5f-768x478.webp 768w, https:\/\/suyana.shop\/wp-content\/uploads\/2024\/10\/home_zeremonie-a73f3d5f-18x12.webp 18w\" sizes=\"(max-width: 899px) 100vw, 899px\" \/>\t\t\t\t\t\t\t\t\t\t\t\t\t\t\t<\/div>\n\t\t\t\t<\/div>\n\t\t\t\t\t<\/div>\n\t\t<\/div>\n\t\t\t\t\t<\/div>\n\t\t<\/section>\n\t\t\t\t<section class=\"elementor-section elementor-top-section elementor-element elementor-element-42fd941 elementor-section-boxed elementor-section-height-default elementor-section-height-default\" data-id=\"42fd941\" data-element_type=\"section\" data-e-type=\"section\">\n\t\t\t\t\t\t<div class=\"elementor-container elementor-column-gap-default\">\n\t\t\t\t\t<div class=\"elementor-column elementor-col-50 elementor-top-column elementor-element elementor-element-d34466b\" data-id=\"d34466b\" data-element_type=\"column\" data-e-type=\"column\">\n\t\t\t<div class=\"elementor-widget-wrap elementor-element-populated\">\n\t\t\t\t\t\t<div class=\"elementor-element elementor-element-9213ead elementor-widget elementor-widget-heading\" data-id=\"9213ead\" data-element_type=\"widget\" data-e-type=\"widget\" data-widget_type=\"heading.default\">\n\t\t\t\t<div class=\"elementor-widget-container\">\n\t\t\t\t\t<h2 class=\"elementor-heading-title elementor-size-default\">C\u00e9r\u00e9monie du cacao\u00a0<\/h2>\t\t\t\t<\/div>\n\t\t\t\t<\/div>\n\t\t\t\t<div class=\"elementor-element elementor-element-21a7ee2 elementor-widget elementor-widget-heading\" data-id=\"21a7ee2\" data-element_type=\"widget\" data-e-type=\"widget\" data-widget_type=\"heading.default\">\n\t\t\t\t<div class=\"elementor-widget-container\">\n\t\t\t\t\t<h3 class=\"elementor-heading-title elementor-size-default\">Retrouvez-vous dans la c\u00e9r\u00e9monie du cacao\n<\/h3>\t\t\t\t<\/div>\n\t\t\t\t<\/div>\n\t\t\t\t<div class=\"elementor-element elementor-element-7858fa5 elementor-widget elementor-widget-text-editor\" data-id=\"7858fa5\" data-element_type=\"widget\" data-e-type=\"widget\" data-widget_type=\"text-editor.default\">\n\t\t\t\t<div class=\"elementor-widget-container\">\n\t\t\t\t\t\t\t\t\t<h3><span style=\"color: var( --e-global-color-text ); font-family: var( --e-global-typography-text-font-family ), Sans-serif; font-weight: var( --e-global-typography-text-font-weight ); font-size: 16px; letter-spacing: 0px;\">Depuis des milliers d'ann\u00e9es, les anciennes cultures d'Am\u00e9rique du Sud utilisent <a href=\"https:\/\/suyana.shop\/\">C\u00e9r\u00e9monie du cacao<\/a>Le th\u00e9 est un moyen de se rapprocher des dieux, d'obtenir de la force physique et spirituelle, de se d\u00e9barrasser de ses peurs et de trouver une orientation dans la vie. L'esprit est lib\u00e9r\u00e9 par le cacao, nous nous ouvrons et laissons parler notre voix int\u00e9rieure \u00e0 travers le cacao : Une voix qui te guide sur ton chemin et te permet de t'exprimer dans la puret\u00e9 &amp; la v\u00e9rit\u00e9 et d'\u00eatre ce que tu es vraiment. Comme nous l'enseigne le mythe de Quetzalcoatl et la naissance du cacaoyer : de l'amertume de la souffrance na\u00eet la douceur de la vie. Dans le cacao, tu retrouves l'espoir ; tu \u00e9prouves de la gratitude pour les belles choses et les \u00e9v\u00e9nements de la vie. Un amour pour la vie et pour toi-m\u00eame ; un amour qui te (re)connecte \u00e0 l'univers, \u00e0 la totalit\u00e9 et \u00e0 l'unit\u00e9 de tout ce qui a \u00e9t\u00e9, est et sera. ...<\/span><\/h3>\t\t\t\t\t\t\t\t<\/div>\n\t\t\t\t<\/div>\n\t\t\t\t\t<\/div>\n\t\t<\/div>\n\t\t\t\t<div class=\"elementor-column elementor-col-50 elementor-top-column elementor-element elementor-element-a0f07aa\" data-id=\"a0f07aa\" data-element_type=\"column\" data-e-type=\"column\">\n\t\t\t<div class=\"elementor-widget-wrap elementor-element-populated\">\n\t\t\t\t\t\t<div class=\"elementor-element elementor-element-930c9c5 elementor-widget elementor-widget-image\" data-id=\"930c9c5\" data-element_type=\"widget\" data-e-type=\"widget\" data-widget_type=\"image.default\">\n\t\t\t\t<div class=\"elementor-widget-container\">\n\t\t\t\t\t\t\t\t\t\t\t\t\t\t\t<img src=\"https:\/\/suyana.shop\/wp-content\/uploads\/2022\/03\/DSC_0024-scaled.jpg\" title=\"\" alt=\"\" loading=\"lazy\" \/>\t\t\t\t\t\t\t\t\t\t\t\t\t\t\t<\/div>\n\t\t\t\t<\/div>\n\t\t\t\t\t<\/div>\n\t\t<\/div>\n\t\t\t\t\t<\/div>\n\t\t<\/section>\n\t\t\t\t<section class=\"elementor-section elementor-top-section elementor-element elementor-element-39bdd83 elementor-section-full_width elementor-section-height-default elementor-section-height-default\" data-id=\"39bdd83\" data-element_type=\"section\" data-e-type=\"section\">\n\t\t\t\t\t\t<div class=\"elementor-container elementor-column-gap-default\">\n\t\t\t\t\t<div class=\"elementor-column elementor-col-100 elementor-top-column elementor-element elementor-element-588cecc\" data-id=\"588cecc\" data-element_type=\"column\" data-e-type=\"column\">\n\t\t\t<div class=\"elementor-widget-wrap elementor-element-populated\">\n\t\t\t\t\t\t<div class=\"elementor-element elementor-element-3e79629 elementor-widget elementor-widget-spacer\" data-id=\"3e79629\" data-element_type=\"widget\" data-e-type=\"widget\" data-widget_type=\"spacer.default\">\n\t\t\t\t<div class=\"elementor-widget-container\">\n\t\t\t\t\t\t\t<div class=\"elementor-spacer\">\n\t\t\t<div class=\"elementor-spacer-inner\"><\/div>\n\t\t<\/div>\n\t\t\t\t\t\t<\/div>\n\t\t\t\t<\/div>\n\t\t\t\t\t<\/div>\n\t\t<\/div>\n\t\t\t\t\t<\/div>\n\t\t<\/section>\n\t\t\t\t<\/div>","protected":false},"excerpt":{"rendered":"<p>Kakao &#8211; zwischen [&hellip;]<\/p>\n","protected":false},"author":1,"featured_media":0,"parent":0,"menu_order":0,"comment_status":"closed","ping_status":"closed","template":"","meta":{"site-sidebar-layout":"default","site-content-layout":"","ast-site-content-layout":"default","site-content-style":"default","site-sidebar-style":"default","ast-global-header-display":"","ast-banner-title-visibility":"","ast-main-header-display":"","ast-hfb-above-header-display":"","ast-hfb-below-header-display":"","ast-hfb-mobile-header-display":"","site-post-title":"","ast-breadcrumbs-content":"","ast-featured-img":"","footer-sml-layout":"","ast-disable-related-posts":"","theme-transparent-header-meta":"","adv-header-id-meta":"","stick-header-meta":"","header-above-stick-meta":"","header-main-stick-meta":"","header-below-stick-meta":"","astra-migrate-meta-layouts":"default","ast-page-background-enabled":"default","ast-page-background-meta":{"desktop":{"background-color":"var(--ast-global-color-4)","background-image":"","background-repeat":"repeat","background-position":"center center","background-size":"auto","background-attachment":"scroll","background-type":"","background-media":"","overlay-type":"","overlay-color":"","overlay-opacity":"","overlay-gradient":""},"tablet":{"background-color":"","background-image":"","background-repeat":"repeat","background-position":"center center","background-size":"auto","background-attachment":"scroll","background-type":"","background-media":"","overlay-type":"","overlay-color":"","overlay-opacity":"","overlay-gradient":""},"mobile":{"background-color":"","background-image":"","background-repeat":"repeat","background-position":"center center","background-size":"auto","background-attachment":"scroll","background-type":"","background-media":"","overlay-type":"","overlay-color":"","overlay-opacity":"","overlay-gradient":""}},"ast-content-background-meta":{"desktop":{"background-color":"var(--ast-global-color-5)","background-image":"","background-repeat":"repeat","background-position":"center center","background-size":"auto","background-attachment":"scroll","background-type":"","background-media":"","overlay-type":"","overlay-color":"","overlay-opacity":"","overlay-gradient":""},"tablet":{"background-color":"var(--ast-global-color-5)","background-image":"","background-repeat":"repeat","background-position":"center center","background-size":"auto","background-attachment":"scroll","background-type":"","background-media":"","overlay-type":"","overlay-color":"","overlay-opacity":"","overlay-gradient":""},"mobile":{"background-color":"var(--ast-global-color-5)","background-image":"","background-repeat":"repeat","background-position":"center center","background-size":"auto","background-attachment":"scroll","background-type":"","background-media":"","overlay-type":"","overlay-color":"","overlay-opacity":"","overlay-gradient":""}},"footnotes":""},"class_list":["post-31158","page","type-page","status-publish","hentry"],"yoast_head":"<!-- This site is optimized with the Yoast SEO Premium plugin v24.0 (Yoast SEO v26.9) - https:\/\/yoast.com\/product\/yoast-seo-premium-wordpress\/ -->\n<title>Kakaozeremonie &#183; Zeremonieller Kakao &amp; R\u00e4ucherwerk und spirituelle Tiefe | Suyana<\/title>\n<meta name=\"description\" content=\"Was ist eine Kakaozeremonie &amp; wie l\u00e4uft sie ab? Wie wirkt zeremonieller Kakao? Alle Infos zum schamanischen Brauch gibt&#039;s hier!\" \/>\n<meta name=\"robots\" content=\"index, follow, max-snippet:-1, max-image-preview:large, max-video-preview:-1\" \/>\n<link rel=\"canonical\" href=\"https:\/\/suyana.shop\/fr\/la-ceremonie-du-cacao\" \/>\n<meta property=\"og:locale\" content=\"fr_FR\" \/>\n<meta property=\"og:type\" content=\"article\" \/>\n<meta property=\"og:title\" content=\"Kakaozeremonie\" \/>\n<meta property=\"og:description\" content=\"Was ist eine Kakaozeremonie &amp; wie l\u00e4uft sie ab? Wie wirkt zeremonieller Kakao? Alle Infos zum schamanischen Brauch gibt&#039;s hier!\" \/>\n<meta property=\"og:url\" content=\"https:\/\/suyana.shop\/fr\/la-ceremonie-du-cacao\" \/>\n<meta property=\"og:site_name\" content=\"Zeremonieller Kakao &amp; R\u00e4ucherwerk und spirituelle Tiefe | Suyana\" \/>\n<meta property=\"article:modified_time\" content=\"2025-03-21T16:25:05+00:00\" \/>\n<meta property=\"og:image\" content=\"https:\/\/suyana.shop\/wp-content\/uploads\/2024\/10\/home_zeremonie-a73f3d5f.webp\" \/>\n<meta name=\"twitter:card\" content=\"summary_large_image\" \/>\n<meta name=\"twitter:label1\" content=\"Dur\u00e9e de lecture estim\u00e9e\" \/>\n\t<meta name=\"twitter:data1\" content=\"3 minutes\" \/>\n<script type=\"application\/ld+json\" class=\"yoast-schema-graph\">{\"@context\":\"https:\/\/schema.org\",\"@graph\":[{\"@type\":\"WebPage\",\"@id\":\"https:\/\/suyana.shop\/fr\/la-ceremonie-du-cacao\",\"url\":\"https:\/\/suyana.shop\/fr\/la-ceremonie-du-cacao\",\"name\":\"Kakaozeremonie &#183; Zeremonieller Kakao &amp; R\u00e4ucherwerk und spirituelle Tiefe | Suyana\",\"isPartOf\":{\"@id\":\"\/#website\"},\"primaryImageOfPage\":{\"@id\":\"https:\/\/suyana.shop\/fr\/la-ceremonie-du-cacao#primaryimage\"},\"image\":{\"@id\":\"https:\/\/suyana.shop\/fr\/la-ceremonie-du-cacao#primaryimage\"},\"thumbnailUrl\":\"https:\/\/suyana.shop\/wp-content\/uploads\/2024\/10\/home_zeremonie-a73f3d5f.webp\",\"datePublished\":\"2022-07-18T14:11:44+00:00\",\"dateModified\":\"2025-03-21T16:25:05+00:00\",\"description\":\"Was ist eine Kakaozeremonie & wie l\u00e4uft sie ab? Wie wirkt zeremonieller Kakao? Alle Infos zum schamanischen Brauch gibt's hier!\",\"breadcrumb\":{\"@id\":\"https:\/\/suyana.shop\/fr\/la-ceremonie-du-cacao#breadcrumb\"},\"inLanguage\":\"fr-FR\",\"potentialAction\":[{\"@type\":\"ReadAction\",\"target\":[\"https:\/\/suyana.shop\/fr\/la-ceremonie-du-cacao\"]}]},{\"@type\":\"ImageObject\",\"inLanguage\":\"fr-FR\",\"@id\":\"https:\/\/suyana.shop\/fr\/la-ceremonie-du-cacao#primaryimage\",\"url\":\"https:\/\/suyana.shop\/wp-content\/uploads\/2024\/10\/home_zeremonie-a73f3d5f.webp\",\"contentUrl\":\"https:\/\/suyana.shop\/wp-content\/uploads\/2024\/10\/home_zeremonie-a73f3d5f.webp\"},{\"@type\":\"BreadcrumbList\",\"@id\":\"https:\/\/suyana.shop\/fr\/la-ceremonie-du-cacao#breadcrumb\",\"itemListElement\":[{\"@type\":\"ListItem\",\"position\":1,\"name\":\"Startseite\",\"item\":\"https:\/\/suyana.shop\/fr\/\"},{\"@type\":\"ListItem\",\"position\":2,\"name\":\"Kakaozeremonie\"}]},{\"@type\":\"WebSite\",\"@id\":\"\/#website\",\"url\":\"\/\",\"name\":\"Zeremonieller Kakao &amp; R\u00e4ucherwerk und spirituelle Tiefe | Suyana\",\"description\":\"Zeremonieller Kakao &amp; Kakaozeremonien\",\"publisher\":{\"@id\":\"\/#organization\"},\"potentialAction\":[{\"@type\":\"SearchAction\",\"target\":{\"@type\":\"EntryPoint\",\"urlTemplate\":\"\/?s={search_term_string}\"},\"query-input\":{\"@type\":\"PropertyValueSpecification\",\"valueRequired\":true,\"valueName\":\"search_term_string\"}}],\"inLanguage\":\"fr-FR\"},{\"@type\":\"Organization\",\"@id\":\"\/#organization\",\"name\":\"Suyana\",\"url\":\"\/\",\"logo\":{\"@type\":\"ImageObject\",\"inLanguage\":\"fr-FR\",\"@id\":\"\/#\/schema\/logo\/image\/\",\"url\":\"https:\/\/suyana.shop\/wp-content\/uploads\/2022\/05\/suyana-logo-brown-small.png\",\"contentUrl\":\"https:\/\/suyana.shop\/wp-content\/uploads\/2022\/05\/suyana-logo-brown-small.png\",\"width\":1387,\"height\":300,\"caption\":\"Suyana\"},\"image\":{\"@id\":\"\/#\/schema\/logo\/image\/\"},\"sameAs\":[\"https:\/\/instagram.com\/suyana.spirit\"]}]}<\/script>\n<!-- \/ Yoast SEO Premium plugin. -->","yoast_head_json":{"title":"C\u00e9r\u00e9monie du cacao - Cacao c\u00e9r\u00e9moniel &amp; encens et profondeur spirituelle | Suyana","description":"Qu&#039;est-ce qu&#039;une c\u00e9r\u00e9monie du cacao et comment \u00e7a marche ? Comment fonctionne le cacao de c\u00e9r\u00e9monie ? Toutes les informations sur la coutume chamanique se trouvent ici !","robots":{"index":"index","follow":"follow","max-snippet":"max-snippet:-1","max-image-preview":"max-image-preview:large","max-video-preview":"max-video-preview:-1"},"canonical":"https:\/\/suyana.shop\/fr\/la-ceremonie-du-cacao","og_locale":"fr_FR","og_type":"article","og_title":"Kakaozeremonie","og_description":"Was ist eine Kakaozeremonie & wie l\u00e4uft sie ab? Wie wirkt zeremonieller Kakao? Alle Infos zum schamanischen Brauch gibt's hier!","og_url":"https:\/\/suyana.shop\/fr\/la-ceremonie-du-cacao","og_site_name":"Zeremonieller Kakao &amp; R\u00e4ucherwerk und spirituelle Tiefe | Suyana","article_modified_time":"2025-03-21T16:25:05+00:00","og_image":[{"url":"https:\/\/suyana.shop\/wp-content\/uploads\/2024\/10\/home_zeremonie-a73f3d5f.webp","type":"","width":"","height":""}],"twitter_card":"summary_large_image","twitter_misc":{"Dur\u00e9e de lecture estim\u00e9e":"3 minutes"},"schema":{"@context":"https:\/\/schema.org","@graph":[{"@type":"WebPage","@id":"https:\/\/suyana.shop\/fr\/la-ceremonie-du-cacao","url":"https:\/\/suyana.shop\/fr\/la-ceremonie-du-cacao","name":"C\u00e9r\u00e9monie du cacao - Cacao c\u00e9r\u00e9moniel &amp; encens et profondeur spirituelle | Suyana","isPartOf":{"@id":"\/#website"},"primaryImageOfPage":{"@id":"https:\/\/suyana.shop\/fr\/la-ceremonie-du-cacao#primaryimage"},"image":{"@id":"https:\/\/suyana.shop\/fr\/la-ceremonie-du-cacao#primaryimage"},"thumbnailUrl":"https:\/\/suyana.shop\/wp-content\/uploads\/2024\/10\/home_zeremonie-a73f3d5f.webp","datePublished":"2022-07-18T14:11:44+00:00","dateModified":"2025-03-21T16:25:05+00:00","description":"Qu&#039;est-ce qu&#039;une c\u00e9r\u00e9monie du cacao et comment \u00e7a marche ? Comment fonctionne le cacao de c\u00e9r\u00e9monie ? Toutes les informations sur la coutume chamanique se trouvent ici !","breadcrumb":{"@id":"https:\/\/suyana.shop\/fr\/la-ceremonie-du-cacao#breadcrumb"},"inLanguage":"fr-FR","potentialAction":[{"@type":"ReadAction","target":["https:\/\/suyana.shop\/fr\/la-ceremonie-du-cacao"]}]},{"@type":"ImageObject","inLanguage":"fr-FR","@id":"https:\/\/suyana.shop\/fr\/la-ceremonie-du-cacao#primaryimage","url":"https:\/\/suyana.shop\/wp-content\/uploads\/2024\/10\/home_zeremonie-a73f3d5f.webp","contentUrl":"https:\/\/suyana.shop\/wp-content\/uploads\/2024\/10\/home_zeremonie-a73f3d5f.webp"},{"@type":"BreadcrumbList","@id":"https:\/\/suyana.shop\/fr\/la-ceremonie-du-cacao#breadcrumb","itemListElement":[{"@type":"ListItem","position":1,"name":"Startseite","item":"https:\/\/suyana.shop\/fr\/"},{"@type":"ListItem","position":2,"name":"Kakaozeremonie"}]},{"@type":"WebSite","@id":"\/#website","url":"\/","name":"Des c\u00e9r\u00e9monies de Cacao et br\u00fbler de l&#039;Encens et de la Profondeur spirituelle | Suyana","description":"Des C\u00e9r\u00e9monies De Cacao &amp; Kakaozeremonien","publisher":{"@id":"\/#organization"},"potentialAction":[{"@type":"SearchAction","target":{"@type":"EntryPoint","urlTemplate":"\/?s={search_term_string}"},"query-input":{"@type":"PropertyValueSpecification","valueRequired":true,"valueName":"search_term_string"}}],"inLanguage":"fr-FR"},{"@type":"Organization","@id":"\/#organization","name":"Suyana","url":"\/","logo":{"@type":"ImageObject","inLanguage":"fr-FR","@id":"\/#\/schema\/logo\/image\/","url":"https:\/\/suyana.shop\/wp-content\/uploads\/2022\/05\/suyana-logo-brown-small.png","contentUrl":"https:\/\/suyana.shop\/wp-content\/uploads\/2022\/05\/suyana-logo-brown-small.png","width":1387,"height":300,"caption":"Suyana"},"image":{"@id":"\/#\/schema\/logo\/image\/"},"sameAs":["https:\/\/instagram.com\/suyana.spirit"]}]}},"_links":{"self":[{"href":"https:\/\/suyana.shop\/fr\/wp-json\/wp\/v2\/pages\/31158","targetHints":{"allow":["GET"]}}],"collection":[{"href":"https:\/\/suyana.shop\/fr\/wp-json\/wp\/v2\/pages"}],"about":[{"href":"https:\/\/suyana.shop\/fr\/wp-json\/wp\/v2\/types\/page"}],"author":[{"embeddable":true,"href":"https:\/\/suyana.shop\/fr\/wp-json\/wp\/v2\/users\/1"}],"replies":[{"embeddable":true,"href":"https:\/\/suyana.shop\/fr\/wp-json\/wp\/v2\/comments?post=31158"}],"version-history":[{"count":0,"href":"https:\/\/suyana.shop\/fr\/wp-json\/wp\/v2\/pages\/31158\/revisions"}],"wp:attachment":[{"href":"https:\/\/suyana.shop\/fr\/wp-json\/wp\/v2\/media?parent=31158"}],"curies":[{"name":"wp","href":"https:\/\/api.w.org\/{rel}","templated":true}]}} 