{"id":36390,"date":"2023-11-22T14:15:03","date_gmt":"2023-11-22T13:15:03","guid":{"rendered":"https:\/\/suyana.shop\/?page_id=36390"},"modified":"2025-07-30T08:55:48","modified_gmt":"2025-07-30T07:55:48","slug":"acheter-de-lagaric-mouche","status":"publish","type":"page","link":"https:\/\/suyana.shop\/fr\/fliegenpilze","title":{"rendered":"amanite mouche"},"content":{"rendered":"<div data-elementor-type=\"wp-page\" data-elementor-id=\"36390\" class=\"elementor elementor-36390\" data-elementor-post-type=\"page\">\n\t\t\t\t\t\t<section class=\"elementor-section elementor-top-section elementor-element elementor-element-115dda5a elementor-section-boxed elementor-section-height-default elementor-section-height-default\" data-id=\"115dda5a\" data-element_type=\"section\" data-e-type=\"section\">\n\t\t\t\t\t\t<div class=\"elementor-container elementor-column-gap-default\">\n\t\t\t\t\t<div class=\"elementor-column elementor-col-100 elementor-top-column elementor-element elementor-element-19443494\" data-id=\"19443494\" data-element_type=\"column\" data-e-type=\"column\">\n\t\t\t<div class=\"elementor-widget-wrap elementor-element-populated\">\n\t\t\t\t\t\t<div class=\"elementor-element elementor-element-4357aed elementor-widget elementor-widget-heading\" data-id=\"4357aed\" data-element_type=\"widget\" data-e-type=\"widget\" data-widget_type=\"heading.default\">\n\t\t\t\t<div class=\"elementor-widget-container\">\n\t\t\t\t\t<h1 class=\"elementor-heading-title elementor-size-default\">amanite mouche<\/h1>\t\t\t\t<\/div>\n\t\t\t\t<\/div>\n\t\t\t\t<div class=\"elementor-element elementor-element-48c81e67 elementor-widget elementor-widget-text-editor\" data-id=\"48c81e67\" data-element_type=\"widget\" data-e-type=\"widget\" data-widget_type=\"text-editor.default\">\n\t\t\t\t<div class=\"elementor-widget-container\">\n\t\t\t\t\t\t\t\t\t<p><span style=\"font-size: 16px;\">L&#039;agaric mouche (Amanita muscaria) est une esp\u00e8ce remarquable de champignon trouv\u00e9e dans les for\u00eats de l&#039;h\u00e9misph\u00e8re nord. Il attire l\u2019attention avec sa calotte rouge vif, souvent tachet\u00e9e de taches blanches. Mais l\u2019apparence ext\u00e9rieure n\u2019est que la pointe de l\u2019iceberg. L&#039;agaric mouche contient un m\u00e9lange complexe de compos\u00e9s, dont le muscimol et l&#039;acide ibot\u00e9nique, qui pr\u00e9sentent des effets psychoactifs.<\/span><\/p><p><img src=\"\/wp-content\/uploads\/2023\/12\/Fliegen-Pilz-kaufen.jpg\" alt=\"Amanite mouche fumante\" \/><\/p><h1 class=\"product_title entry-title\"><b>Amanite muscaria, poudre<\/b><br \/>des for\u00eats sauvages de Lituanie<\/h1><div><ul class=\"uk-list uk-margin-medium uk-width-xlarge\" data-id=\"page#14\"><li class=\"el-item\"><div class=\"uk-grid-small uk-child-width-expand uk-flex-nowrap uk-grid\"><div><div class=\"el-content uk-panel\">100% produit naturel, occurrence sauvage<\/div><\/div><\/div><\/li><li class=\"el-item\"><div class=\"uk-grid-small uk-child-width-expand uk-flex-nowrap uk-grid\"><div class=\"uk-width-auto uk-first-column\"><span style=\"font-size: 16px;\">odeur de champignon agr\u00e9able, velout\u00e9e et douce<\/span><\/div><\/div><\/li><li class=\"el-item\"><div class=\"uk-grid-small uk-child-width-expand uk-flex-nowrap uk-grid\"><div class=\"uk-width-auto uk-first-column\"><span style=\"font-size: 16px;\">pour une direction claire, de la confiance en soi et de la force int\u00e9rieure<\/span><\/div><\/div><\/li><li class=\"el-item\"><div class=\"uk-grid-small uk-child-width-expand uk-flex-nowrap uk-grid\"><div class=\"uk-width-auto uk-first-column\"><span style=\"font-size: 16px;\">r\u00e9colt\u00e9 avec beaucoup de soin et d&#039;amour par des collectionneurs locaux<\/span><\/div><\/div><\/li><li class=\"el-item\"><div class=\"uk-grid-small uk-child-width-expand uk-flex-nowrap uk-grid\"><div class=\"uk-width-auto uk-first-column\"><span style=\"font-size: 16px;\">commerce direct \u00e9quitable et exp\u00e9dition respectueuse de l&#039;environnement<\/span><\/div><\/div><\/li><\/ul><\/div><p><a href=\"https:\/\/suyana.shop\/produkt\/amanita-muscaria\">Acheter de l&#039;agaric mouche<\/a><\/p><ul><li><h5>100% produit naturel<\/h5><\/li><li><h5>Qualit\u00e9 europ\u00e9enne<\/h5><\/li><li><h5>Force int\u00e9rieure<\/h5><\/li><\/ul><div><h3>Probl\u00e8me d&#039;incapacit\u00e9 de travail<\/h3><div><p>Le manque d&#039;\u00e9nergie est une condition courante caract\u00e9ris\u00e9e par un \u00e9puisement physique, mental ou \u00e9motionnel qui peut avoir de graves cons\u00e9quences sur le bien-\u00eatre g\u00e9n\u00e9ral... Mais il existe une solution.<\/p><\/div><\/div><p><img class=\"\" src=\"\/wp-content\/uploads\/2023\/12\/FliegenPilz_PNG.png\" alt=\"\" width=\"136\" height=\"136\" \/><\/p><div><h3>la solution du probl\u00e8me<\/h3><div><p>Plus de force et de courage au quotidien ! L&#039;agaric mouche est utilis\u00e9 dans certaines pratiques chamaniques comme outil pour \u00e9largir la conscience, promouvoir la compr\u00e9hension spirituelle et la gu\u00e9rison et trouver une nouvelle force.\u00a0<\/p><\/div><\/div><ul><li><h3>COMMENT FLY ASHIRT AFFECTE-T-IL LE COURAGE\u00a0?<\/h3><div><p>L&#039;effet de l&#039;agaric mouche sur le courage peut \u00e9galement varier. Certaines personnes signalent un courage accru et un sens accru de l\u2019aventure ou de la curiosit\u00e9, tandis que d\u2019autres peuvent ressentir de l\u2019anxi\u00e9t\u00e9, de la confusion ou de l\u2019incertitude. Il est important de noter que les effets de l\u2019agaric mouche peuvent d\u00e9pendre grandement de l\u2019\u00e9tat psychologique et des attentes de la personne.<\/p><\/div><\/li><li><h3>COMMENT LES CHAMPIGNONS MOUCHES AFFECTENT-ILS LE POIDS\u00a0?<\/h3><div><p>L&#039;effet de l&#039;agaric mouche sur la force physique et mentale peut varier d&#039;une personne \u00e0 l&#039;autre. Certaines personnes signalent une certaine faiblesse ou une sensation de relaxation, tandis que d&#039;autres peuvent ressentir une augmentation de l&#039;\u00e9nergie ou de l&#039;agitation. Il est important de souligner que les effets physiques de l\u2019agaric mouche d\u00e9pendent fortement du dosage, de la tol\u00e9rance individuelle et d\u2019autres facteurs.<\/p><\/div><\/li><\/ul><p style=\"text-align: left;\"><strong>T\u00e9moignages<\/strong><\/p><div><p><img src=\"\/wp-content\/uploads\/2023\/12\/FM2.png\" alt=\"\" \/><\/p><h3>Florian Meise<\/h3><div><p style=\"text-align: left;\">\u00ab J&#039;ai exp\u00e9riment\u00e9 l&#039;agaric mouche en combinaison avec une c\u00e9r\u00e9monie du cacao, puis j&#039;ai pass\u00e9 toute la journ\u00e9e \u00e0 c\u0153ur ouvert, mais toujours avec une concentration et une \u00e9nergie \u00e9lev\u00e9es. J\u2019\u00e9tais \u00e9galement beaucoup plus motiv\u00e9 que la plupart des autres jours et j\u2019ai pu atteindre mes objectifs en toute clart\u00e9.\u201d<\/p><\/div><\/div><h1 class=\"product_title entry-title\">Poudre d&#039;agaric mouche\u00a0<\/h1><div><div class=\"uk-grid-small uk-child-width-expand uk-flex-nowrap uk-grid\"><div class=\"el-content uk-panel\"><p>Notre agaric mouche se pr\u00e9sente comme un v\u00e9ritable ph\u00e9nom\u00e8ne naturel car il ne peut \u00eatre ni apprivois\u00e9 ni domestiqu\u00e9. Il est r\u00e9colt\u00e9 exclusivement dans les for\u00eats o\u00f9 il pousse et prosp\u00e8re naturellement. Malgr\u00e9 toutes les avanc\u00e9es scientifiques et technologiques, personne n\u2019a encore r\u00e9ussi \u00e0 cultiver l\u2019Amanita Muscaria dans des conditions artificielles. Cela refl\u00e8te son caract\u00e8re sauvage et authentique d&#039;une mani\u00e8re presque ludique.<\/p><\/div><\/div><\/div><p><strong><a href=\"https:\/\/suyana.shop\/produkt\/amanita-muscaria\">Acheter l'amanite tue-mouches dans notre boutique<\/a><\/strong><\/p><p><img class=\"\" src=\"\/wp-content\/uploads\/2023\/12\/Fliegenpilz-Pulver-scaled.jpeg\" alt=\"Amanite mouche fumante\" width=\"193\" height=\"176\" \/><img class=\"\" src=\"\/wp-content\/uploads\/2023\/11\/FliegenPilz-2-scaled.jpeg\" alt=\"Amanite mouche fumante\" width=\"193\" height=\"190\" \/><\/p><h1 class=\"product_title entry-title\">Acheter de l&#039;agaric mouche\u00a0<\/h1><div><div class=\"uk-grid-small uk-child-width-expand uk-flex-nowrap uk-grid\"><div class=\"el-content uk-panel\"><p>L&#039;agaric mouche s\u00e9ch\u00e9, \u00e9galement connu sous le nom de champignon porte-bonheur ou champignon gourou, est connu dans le monde entier pour son aspect frappant avec sa couleur rouge vif et ses taches blanches. Il existe une vari\u00e9t\u00e9 de mythes autour de l\u2019Amanita Muscaria et elle est associ\u00e9e \u00e0 une grande vari\u00e9t\u00e9 de significations, parfois m\u00eame contradictoires. Il combine des oppos\u00e9s comme le bonheur et le danger, la vie et la mort et fascine par ces contrastes.<\/p><p>Le caract\u00e8re de l\u2019Amanita Muscaria se d\u00e9finit avant tout par son caract\u00e8re sauvage. Il vous incite \u00e0 faire preuve de courage et de d\u00e9termination pour vivre vous-m\u00eame sous sa forme la plus originale et la plus non filtr\u00e9e. Il peut \u00eatre extraverti et bruyant aussi bien que sauvage et d\u00e9sordonn\u00e9. Une honn\u00eatet\u00e9 radicale caract\u00e9rise son caract\u00e8re. Bien qu\u2019il soit tr\u00e8s sage de c\u0153ur, il se montre n\u00e9anmoins aimant. Lorsqu&#039;il est utilis\u00e9 comme encens, il d\u00e9gage un parfum agr\u00e9ablement doux et velout\u00e9 qui caresse les sens de l&#039;utilisateur.<\/p><\/div><\/div><\/div><p><strong><a href=\"https:\/\/suyana.shop\/produkt\/amanita-muscaria\">Acheter l'amanite tue-mouches dans notre boutique<\/a><\/strong><\/p>\t\t\t\t\t\t\t\t<\/div>\n\t\t\t\t<\/div>\n\t\t\t\t\t<\/div>\n\t\t<\/div>\n\t\t\t\t\t<\/div>\n\t\t<\/section>\n\t\t\t\t<\/div>","protected":false},"excerpt":{"rendered":"<p>Fliegenpilz Fliegenpilz (Amanita [&hellip;]<\/p>\n","protected":false},"author":265,"featured_media":0,"parent":0,"menu_order":0,"comment_status":"closed","ping_status":"closed","template":"elementor_header_footer","meta":{"site-sidebar-layout":"default","site-content-layout":"","ast-site-content-layout":"default","site-content-style":"default","site-sidebar-style":"default","ast-global-header-display":"","ast-banner-title-visibility":"","ast-main-header-display":"","ast-hfb-above-header-display":"","ast-hfb-below-header-display":"","ast-hfb-mobile-header-display":"","site-post-title":"","ast-breadcrumbs-content":"","ast-featured-img":"","footer-sml-layout":"","ast-disable-related-posts":"","theme-transparent-header-meta":"","adv-header-id-meta":"","stick-header-meta":"","header-above-stick-meta":"","header-main-stick-meta":"","header-below-stick-meta":"","astra-migrate-meta-layouts":"default","ast-page-background-enabled":"default","ast-page-background-meta":{"desktop":{"background-color":"var(--ast-global-color-4)","background-image":"","background-repeat":"repeat","background-position":"center center","background-size":"auto","background-attachment":"scroll","background-type":"","background-media":"","overlay-type":"","overlay-color":"","overlay-opacity":"","overlay-gradient":""},"tablet":{"background-color":"","background-image":"","background-repeat":"repeat","background-position":"center center","background-size":"auto","background-attachment":"scroll","background-type":"","background-media":"","overlay-type":"","overlay-color":"","overlay-opacity":"","overlay-gradient":""},"mobile":{"background-color":"","background-image":"","background-repeat":"repeat","background-position":"center center","background-size":"auto","background-attachment":"scroll","background-type":"","background-media":"","overlay-type":"","overlay-color":"","overlay-opacity":"","overlay-gradient":""}},"ast-content-background-meta":{"desktop":{"background-color":"var(--ast-global-color-5)","background-image":"","background-repeat":"repeat","background-position":"center center","background-size":"auto","background-attachment":"scroll","background-type":"","background-media":"","overlay-type":"","overlay-color":"","overlay-opacity":"","overlay-gradient":""},"tablet":{"background-color":"var(--ast-global-color-5)","background-image":"","background-repeat":"repeat","background-position":"center center","background-size":"auto","background-attachment":"scroll","background-type":"","background-media":"","overlay-type":"","overlay-color":"","overlay-opacity":"","overlay-gradient":""},"mobile":{"background-color":"var(--ast-global-color-5)","background-image":"","background-repeat":"repeat","background-position":"center center","background-size":"auto","background-attachment":"scroll","background-type":"","background-media":"","overlay-type":"","overlay-color":"","overlay-opacity":"","overlay-gradient":""}},"footnotes":""},"class_list":["post-36390","page","type-page","status-publish","hentry"],"yoast_head":"<!-- This site is optimized with the Yoast SEO Premium plugin v24.0 (Yoast SEO v26.9) - https:\/\/yoast.com\/product\/yoast-seo-premium-wordpress\/ -->\n<title>Zeremonieller Kakao &amp; R\u00e4ucherwerk und spirituelle Tiefe | Suyana &#183; Fliegenpilz Amanita muscaria<\/title>\n<meta name=\"description\" content=\"Du willst den Fliegenpilz (Amanita muscaria) kaufen? Bei uns findest du die beste Qualit\u00e4t mit Liebe handgepfl\u00fcckt in Litauen in Europa!\" \/>\n<meta name=\"robots\" content=\"index, follow, max-snippet:-1, max-image-preview:large, max-video-preview:-1\" \/>\n<link rel=\"canonical\" href=\"https:\/\/suyana.shop\/fr\/acheter-de-lagaric-mouche\/\" \/>\n<meta property=\"og:locale\" content=\"fr_FR\" \/>\n<meta property=\"og:type\" content=\"article\" \/>\n<meta property=\"og:title\" content=\"Fliegenpilz\" \/>\n<meta property=\"og:description\" content=\"Du willst den Fliegenpilz (Amanita muscaria) kaufen? Bei uns findest du die beste Qualit\u00e4t mit Liebe handgepfl\u00fcckt in Litauen in Europa!\" \/>\n<meta property=\"og:url\" content=\"https:\/\/suyana.shop\/fr\/acheter-de-lagaric-mouche\/\" \/>\n<meta property=\"og:site_name\" content=\"Zeremonieller Kakao &amp; R\u00e4ucherwerk und spirituelle Tiefe | Suyana\" \/>\n<meta property=\"article:modified_time\" content=\"2025-07-30T07:55:48+00:00\" \/>\n<meta name=\"twitter:card\" content=\"summary_large_image\" \/>\n<meta name=\"twitter:label1\" content=\"Dur\u00e9e de lecture estim\u00e9e\" \/>\n\t<meta name=\"twitter:data1\" content=\"5 minutes\" \/>\n<script type=\"application\/ld+json\" class=\"yoast-schema-graph\">{\"@context\":\"https:\/\/schema.org\",\"@graph\":[{\"@type\":\"WebPage\",\"@id\":\"https:\/\/suyana.shop\/en\/buy-fly-agaric\",\"url\":\"https:\/\/suyana.shop\/en\/buy-fly-agaric\",\"name\":\"Zeremonieller Kakao &amp; R\u00e4ucherwerk und spirituelle Tiefe | Suyana &#183; Fliegenpilz Amanita muscaria\",\"isPartOf\":{\"@id\":\"\/#website\"},\"datePublished\":\"2023-11-22T13:15:03+00:00\",\"dateModified\":\"2025-07-30T07:55:48+00:00\",\"description\":\"Du willst den Fliegenpilz (Amanita muscaria) kaufen? Bei uns findest du die beste Qualit\u00e4t mit Liebe handgepfl\u00fcckt in Litauen in Europa!\",\"breadcrumb\":{\"@id\":\"https:\/\/suyana.shop\/en\/buy-fly-agaric#breadcrumb\"},\"inLanguage\":\"fr-FR\",\"potentialAction\":[{\"@type\":\"ReadAction\",\"target\":[\"https:\/\/suyana.shop\/en\/buy-fly-agaric\"]}]},{\"@type\":\"BreadcrumbList\",\"@id\":\"https:\/\/suyana.shop\/en\/buy-fly-agaric#breadcrumb\",\"itemListElement\":[{\"@type\":\"ListItem\",\"position\":1,\"name\":\"Startseite\",\"item\":\"https:\/\/suyana.shop\/\"},{\"@type\":\"ListItem\",\"position\":2,\"name\":\"Fliegenpilz\"}]},{\"@type\":\"WebSite\",\"@id\":\"\/#website\",\"url\":\"\/\",\"name\":\"Zeremonieller Kakao &amp; R\u00e4ucherwerk und spirituelle Tiefe | Suyana\",\"description\":\"Zeremonieller Kakao &amp; Kakaozeremonien\",\"publisher\":{\"@id\":\"\/#organization\"},\"potentialAction\":[{\"@type\":\"SearchAction\",\"target\":{\"@type\":\"EntryPoint\",\"urlTemplate\":\"\/?s={search_term_string}\"},\"query-input\":{\"@type\":\"PropertyValueSpecification\",\"valueRequired\":true,\"valueName\":\"search_term_string\"}}],\"inLanguage\":\"fr-FR\"},{\"@type\":\"Organization\",\"@id\":\"\/#organization\",\"name\":\"Suyana\",\"url\":\"\/\",\"logo\":{\"@type\":\"ImageObject\",\"inLanguage\":\"fr-FR\",\"@id\":\"\/#\/schema\/logo\/image\/\",\"url\":\"https:\/\/suyana.shop\/wp-content\/uploads\/2022\/05\/suyana-logo-brown-small.png\",\"contentUrl\":\"https:\/\/suyana.shop\/wp-content\/uploads\/2022\/05\/suyana-logo-brown-small.png\",\"width\":1387,\"height\":300,\"caption\":\"Suyana\"},\"image\":{\"@id\":\"\/#\/schema\/logo\/image\/\"},\"sameAs\":[\"https:\/\/instagram.com\/suyana.spirit\"]}]}<\/script>\n<!-- \/ Yoast SEO Premium plugin. -->","yoast_head_json":{"title":"Cacao c\u00e9r\u00e9moniel &amp; encens et profondeur spirituelle | Suyana - Amanite tue-mouches Amanita muscaria","description":"Voulez-vous acheter de l&#039;agaric mouche (Amanita muscaria) ? Chez nous, vous trouverez la meilleure qualit\u00e9 tri\u00e9e sur le volet avec amour en Lituanie en Europe !","robots":{"index":"index","follow":"follow","max-snippet":"max-snippet:-1","max-image-preview":"max-image-preview:large","max-video-preview":"max-video-preview:-1"},"canonical":"https:\/\/suyana.shop\/fr\/acheter-de-lagaric-mouche\/","og_locale":"fr_FR","og_type":"article","og_title":"Fliegenpilz","og_description":"Du willst den Fliegenpilz (Amanita muscaria) kaufen? Bei uns findest du die beste Qualit\u00e4t mit Liebe handgepfl\u00fcckt in Litauen in Europa!","og_url":"https:\/\/suyana.shop\/fr\/acheter-de-lagaric-mouche\/","og_site_name":"Zeremonieller Kakao &amp; R\u00e4ucherwerk und spirituelle Tiefe | Suyana","article_modified_time":"2025-07-30T07:55:48+00:00","twitter_card":"summary_large_image","twitter_misc":{"Dur\u00e9e de lecture estim\u00e9e":"5 minutes"},"schema":{"@context":"https:\/\/schema.org","@graph":[{"@type":"WebPage","@id":"https:\/\/suyana.shop\/en\/buy-fly-agaric","url":"https:\/\/suyana.shop\/en\/buy-fly-agaric","name":"Cacao c\u00e9r\u00e9moniel &amp; encens et profondeur spirituelle | Suyana - Amanite tue-mouches Amanita muscaria","isPartOf":{"@id":"\/#website"},"datePublished":"2023-11-22T13:15:03+00:00","dateModified":"2025-07-30T07:55:48+00:00","description":"Voulez-vous acheter de l&#039;agaric mouche (Amanita muscaria) ? Chez nous, vous trouverez la meilleure qualit\u00e9 tri\u00e9e sur le volet avec amour en Lituanie en Europe !","breadcrumb":{"@id":"https:\/\/suyana.shop\/en\/buy-fly-agaric#breadcrumb"},"inLanguage":"fr-FR","potentialAction":[{"@type":"ReadAction","target":["https:\/\/suyana.shop\/en\/buy-fly-agaric"]}]},{"@type":"BreadcrumbList","@id":"https:\/\/suyana.shop\/en\/buy-fly-agaric#breadcrumb","itemListElement":[{"@type":"ListItem","position":1,"name":"Startseite","item":"https:\/\/suyana.shop\/"},{"@type":"ListItem","position":2,"name":"Fliegenpilz"}]},{"@type":"WebSite","@id":"\/#website","url":"\/","name":"Des c\u00e9r\u00e9monies de Cacao et br\u00fbler de l&#039;Encens et de la Profondeur spirituelle | Suyana","description":"Des C\u00e9r\u00e9monies De Cacao &amp; Kakaozeremonien","publisher":{"@id":"\/#organization"},"potentialAction":[{"@type":"SearchAction","target":{"@type":"EntryPoint","urlTemplate":"\/?s={search_term_string}"},"query-input":{"@type":"PropertyValueSpecification","valueRequired":true,"valueName":"search_term_string"}}],"inLanguage":"fr-FR"},{"@type":"Organization","@id":"\/#organization","name":"Suyana","url":"\/","logo":{"@type":"ImageObject","inLanguage":"fr-FR","@id":"\/#\/schema\/logo\/image\/","url":"https:\/\/suyana.shop\/wp-content\/uploads\/2022\/05\/suyana-logo-brown-small.png","contentUrl":"https:\/\/suyana.shop\/wp-content\/uploads\/2022\/05\/suyana-logo-brown-small.png","width":1387,"height":300,"caption":"Suyana"},"image":{"@id":"\/#\/schema\/logo\/image\/"},"sameAs":["https:\/\/instagram.com\/suyana.spirit"]}]}},"_links":{"self":[{"href":"https:\/\/suyana.shop\/fr\/wp-json\/wp\/v2\/pages\/36390","targetHints":{"allow":["GET"]}}],"collection":[{"href":"https:\/\/suyana.shop\/fr\/wp-json\/wp\/v2\/pages"}],"about":[{"href":"https:\/\/suyana.shop\/fr\/wp-json\/wp\/v2\/types\/page"}],"author":[{"embeddable":true,"href":"https:\/\/suyana.shop\/fr\/wp-json\/wp\/v2\/users\/265"}],"replies":[{"embeddable":true,"href":"https:\/\/suyana.shop\/fr\/wp-json\/wp\/v2\/comments?post=36390"}],"version-history":[{"count":0,"href":"https:\/\/suyana.shop\/fr\/wp-json\/wp\/v2\/pages\/36390\/revisions"}],"wp:attachment":[{"href":"https:\/\/suyana.shop\/fr\/wp-json\/wp\/v2\/media?parent=36390"}],"curies":[{"name":"wp","href":"https:\/\/api.w.org\/{rel}","templated":true}]}}