{"id":31440,"date":"2022-08-08T22:02:02","date_gmt":"2022-08-08T21:02:02","guid":{"rendered":"https:\/\/suyana.shop\/?post_type=product&#038;p=31440"},"modified":"2026-04-07T18:55:20","modified_gmt":"2026-04-07T17:55:20","slug":"cacao-pura-vida-du-costa-rica","status":"publish","type":"product","link":"https:\/\/suyana.shop\/fr\/produkt\/pura-vida-kakao-aus-costa-rica","title":{"rendered":"<b>Pura Vida Cacao <\/b> <br> Cacao Trinitario du Costa Rica sous forme de drop"},"content":{"rendered":"<p>&nbsp;<\/p>\n<p><img class=\"aligncenter\" src=\"\/wp-content\/uploads\/2022\/07\/Zeichenfla%CC%88che-5100.svg\" alt=\"\" width=\"189\" height=\"26\" \/><\/p>\n<h2 style=\"text-align: center;\">Pura Vida Cacao<\/h2>\n<h4 style=\"text-align: center;\">pure force vitale du c\u0153ur de la jungle du Costa Rica \u00e0 travers notre cacao Pura Vida<\/h4>\n<div>\n<p>&nbsp;<\/p>\n<p style=\"text-align: center;\">Le cacao Pura Vida est cultiv\u00e9 au milieu de la jungle toujours verte pr\u00e8s de la c\u00f4te pacifique, dans un lieu mystique o\u00f9 se trouvait autrefois un cimeti\u00e8re indien, par Bruno et son \u00e9quipe, avec une passion pour un cacao de qualit\u00e9 exceptionnelle. Indomptable &amp; sauvage, color\u00e9 &amp; fertile, c'est ce qui caract\u00e9rise l'esprit du cacao costaricain - la vie pure et abondante.<\/p>\n<p style=\"text-align: center;\">Le projet de Bruno se caract\u00e9rise par des conditions g\u00e9ographiques et botaniques id\u00e9ales, ainsi que par une coexistence holistique de l&#039;homme et de la nature.<\/p>\n<p>&nbsp;<\/p>\n<\/div>\n<p style=\"text-align: center;\"><a href=\"#energie\">une \u00e9nergie vibrante dans sa ferme<\/a> |\u00a0<a href=\"#land\">Terrain de 70ha<\/a> |\u00a0<a href=\"#pflege\">soin constant des plantes<\/a> |\u00a0<a href=\"#anbau\">Culture de cacao holistiquement durable<\/a><\/p>\n<p>&nbsp;<\/p>\n<p><img src=\"\/wp-content\/uploads\/2022\/08\/shop_kakao_bg_06.jpg\" alt=\"F\u00e8ves de cacao Pura Vida\" \/><\/p>\n<p>&nbsp;<\/p>\n<p><img class=\"\" src=\"\/wp-content\/uploads\/2022\/07\/Zeichenfla%CC%88che-5100.svg\" alt=\"\" width=\"189\" height=\"26\" \/><\/p>\n<h3>Une \u00e9nergie vibrante \u00e0 la ferme de cacao Pura Vida<\/h3>\n<div>Contrairement \u00e0 ce que nous esp\u00e9rions, nous avons pass\u00e9 des mois \u00e0 chercher un cacao au Costa Rica qui r\u00e9ponde \u00e0 nos exigences de qualit\u00e9. Nous avons \u00e9t\u00e9 d\u00e9\u00e7us de constater qu'il n'y avait pratiquement pas de culture organique de cacao dans tout le pays. Mais notre d\u00e9sir n'est pas rest\u00e9 sans r\u00e9ponse. Lorsque nous avons vu de pr\u00e8s la passion de Bruno et ses fruits, nous avons su que nous \u00e9tions au bon endroit. Nous avons imm\u00e9diatement ressenti l'\u00e9nergie vibrante de sa ferme - un ancien cimeti\u00e8re indien. Les racines des plants de cacao proviennent donc litt\u00e9ralement d'ann\u00e9es de connaissances indig\u00e8nes sur la f\u00e8ve miracle. D\u00e9j\u00e0 \u00e0 l'\u00e9poque, la tribu indig\u00e8ne des BriBris, dont l'\u00e9nergie est conserv\u00e9e ici dans la terre, avait une relation particuli\u00e8re avec le cacao. C'est formidable que le cacao puisse pousser ici et transmettre ce tr\u00e9sor culturel de sagesse dans ses fruits. C'est une opportunit\u00e9 que nous ne voulons pas laisser passer, ni toi ni nous !<\/div>\n<p>&nbsp;<\/p>\n<p><img class=\"\" src=\"\/wp-content\/uploads\/2022\/07\/Zeichenfla%CC%88che-11100.svg\" alt=\"\" width=\"231\" height=\"25\" \/><\/p>\n<h3>70ha de terrain avec environ 36 000 plants de cacaoyers<\/h3>\n<div>\n<p>Au lieu de poursuivre l\u2019id\u00e9e originale de construire une copropri\u00e9t\u00e9 autonome dans la jungle, Bruno s\u2019est laiss\u00e9 guider par son amour pour le cacao il y a 30 ans. Aujourd&#039;hui, environ 36 000 plants de cacao prosp\u00e8rent sur ses 70 hectares de terres. En plus du cacao, il a d&#039;abord sem\u00e9 les graines de nombreuses autres plantes, mais son lien \u00e9nerg\u00e9tique avec l&#039;ancienne culture du cacao \u00e9tait d\u00e8s le d\u00e9part tr\u00e8s particulier. Personne n&#039;oublie que le c\u0153ur de Bruno bat compl\u00e8tement pour le cacao Pura Vida lorsqu&#039;il exprime une pens\u00e9e ou un mot \u00e0 ce sujet ; une lumi\u00e8re \u00e9tincelante brille de ses yeux.<\/p>\n<\/div>\n<p>&nbsp;<\/p>\n<p><img loading=\"lazy\" class=\"\" src=\"\/wp-content\/uploads\/2022\/07\/suyana-squiggle.svg\" alt=\"\" width=\"128\" height=\"26\" \/><\/p>\n<h3>Entretien constant des plantes gr\u00e2ce au cacao Pura Vida<\/h3>\n<div>En cultivant et en commercialisant du cacao, Bruno contribue \u00e0 la cr\u00e9ation d&#039;emplois locaux et \u00e0 la s\u00e9curit\u00e9 sociale des travailleurs. Les emplois sont g\u00e9n\u00e9ralement rares dans le sud du Costa Rica<\/div>\n<div>\n<p>Peu d'offres d'emploi en tant que travailleur journalier n'offrent aucune protection en termes d'assurance. En plus de la culture du cacao, Bruno assure la survie de nombreuses autres plantes. Certaines d'entre elles sont menac\u00e9es d'extinction, d'autres sont pr\u00e9serv\u00e9es pour maintenir un \u00e9cosyst\u00e8me ferm\u00e9. Par exemple, la ferme veille \u00e0 ce qu'il y ait suffisamment de plantes qui fournissent de la nourriture aux insectes pollinisateurs et \u00e0 ceux qui combattent les parasites. Cette pens\u00e9e et cette action globales caract\u00e9risent l'ensemble de la culture du cacao de Bruno. Les produits phytosanitaires et les engrais sont fabriqu\u00e9s exclusivement \u00e0 partir de mat\u00e9riaux biologiques et principalement pr\u00e9sents sur la propri\u00e9t\u00e9. Pour maintenir une bonne qualit\u00e9 de sol et sa richesse en micronutriments, le sol est toujours recouvert de d\u00e9chets verts et de bois. Mais la pens\u00e9e et l'action de Bruno ne se caract\u00e9risent pas seulement par une compr\u00e9hension globale symbiotique du point de vue \u00e9cologique. Il consid\u00e8re \u00e9galement l'\u00e9quipe comme un organisme ferm\u00e9, dans lequel chaque personne et sa fonction sont consid\u00e9r\u00e9es comme \u00e9gales.<\/p>\n<p>Un soin constant des plantes, le maintien d&#039;une sant\u00e9 maximale et l&#039;accent mis sur le renforcement et la r\u00e9silience des plants de cacao - telles sont les cl\u00e9s du succ\u00e8s de Bruno pour des cultures saines et un rendement durable et louable.<\/p>\n<\/div>\n<p>&nbsp;<\/p>\n<p><img loading=\"lazy\" class=\"\" src=\"\/wp-content\/uploads\/2022\/07\/Zeichenfla%CC%88che-3100.svg\" alt=\"\" width=\"169\" height=\"26\" \/><\/p>\n<h3>Culture holistiquement durable du cacao Pura Vida<\/h3>\n<div>\n<p>En th\u00e9orie, le Costa Rica offre les meilleures conditions pour le d\u00e9veloppement d'une culture du cacao v\u00e9ritablement durable. Non seulement le sol y est consid\u00e9r\u00e9 comme l'un des plus fertiles du monde, mais la compr\u00e9hension de la culture n'est nulle part ailleurs aussi pr\u00e9cise qu'ici. De plus, sa ferme est un exemple de pratique exemplaire qui renforce \u00e9galement l'infrastructure sociale. En outre, l'ensemble du processus de production se caract\u00e9rise par un travail manuel soigneux et affectueux. Chaleur et passion - c'est ce qui donne au cacao noble son ar\u00f4me si particulier. Nous sommes impatients de travailler avec Bruno et son \u00e9quipe. D'autant plus si tu en fais partie.<\/p>\n<p>Avez-vous des questions sp\u00e9cifiques sur la ferme de Bruno et notre coop\u00e9ration cacaoy\u00e8re avec lui ? Alors n&#039;h\u00e9sitez pas \u00e0 nous contacter \u00e0 tout moment !<\/p>\n<\/div>","protected":false},"excerpt":{"rendered":"<ul>\n<li><em>Achet\u00e9 directement, li\u00e9 personnellement - origine transparente &amp; pas d'interm\u00e9diaires<\/em><\/li>\n<li><em><i>Culture des rares f\u00e8ves de cacao fino de Aroma en harmonie avec la nature et l'homme gr\u00e2ce \u00e0 la polyculture soigneuse des petits agriculteurs<\/i><\/em><\/li>\n<li><em>Particuli\u00e8rement pratique : dans\u00a0<strong>Drop-forme<\/strong>\u00a0- facile \u00e0 doser, sans couper ni peser<\/em><\/li>\n<li><i>Tous nos cacaos sont adapt\u00e9s aux c\u00e9r\u00e9monies - mais chacun a son propre effet et son propre caract\u00e8re.<\/i><\/li>\n<li><em>Go\u00fbt unique, velout\u00e9 et \u00e9pic\u00e9 avec des notes de baies.<\/em><\/li>\n<li><em>Stimulant et revigorant - t'am\u00e8ne en pl\u00e9nitude et \u00e0 tous les niveaux dans l'ici et maintenant, pour une pure sensation d'arriv\u00e9e.<\/em><\/li>\n<li><em>Parfait pour les occasions festives, les c\u00e9r\u00e9monies collectives et les grandes r\u00e9unions - un compagnon vivant pour la musique, la danse et la joie partag\u00e9e.<\/em><\/li>\n<\/ul>\n<div class=\"product-accordion\">\n<details>\n<summary>Tableau des valeurs nutritives<\/summary>\n<table>\n<tbody>\n<tr>\n<td>\u00c9nergie<\/td>\n<td>2711 kj \/ 648 kcal<\/td>\n<\/tr>\n<tr>\n<td>Graisse<\/td>\n<td>54 g<\/td>\n<\/tr>\n<tr>\n<td>dont acides gras satur\u00e9s<\/td>\n<td>22 g<\/td>\n<\/tr>\n<tr>\n<td>les glucides<\/td>\n<td>24 g<\/td>\n<\/tr>\n<tr>\n<td>dont sucre<\/td>\n<td>2 g<\/td>\n<\/tr>\n<tr>\n<td>prot\u00e9ine<\/td>\n<td>12 g<\/td>\n<\/tr>\n<tr>\n<td>Sel<\/td>\n<td>0,1 g<\/td>\n<\/tr>\n<\/tbody>\n<\/table>\n<\/details>\n<details>\n<summary>Contenu<\/summary>\n<p>100% P\u00e2te de cacao<\/p>\n<\/details>\n<details>\n<summary>Stockage<\/summary>\n<p>Conserver au frais et au sec. Apr\u00e8s ouverture, consommer dans les 3 mois.<\/p>\n<\/details>\n<\/div>","protected":false},"featured_media":568634,"comment_status":"open","ping_status":"closed","template":"","meta":{"site-sidebar-layout":"default","site-content-layout":"","ast-site-content-layout":"default","site-content-style":"default","site-sidebar-style":"default","ast-global-header-display":"","ast-banner-title-visibility":"","ast-main-header-display":"","ast-hfb-above-header-display":"","ast-hfb-below-header-display":"","ast-hfb-mobile-header-display":"","site-post-title":"","ast-breadcrumbs-content":"","ast-featured-img":"","footer-sml-layout":"","ast-disable-related-posts":"","theme-transparent-header-meta":"default","adv-header-id-meta":"","stick-header-meta":"default","header-above-stick-meta":"","header-main-stick-meta":"","header-below-stick-meta":"","astra-migrate-meta-layouts":"set","ast-page-background-enabled":"default","ast-page-background-meta":{"desktop":{"background-color":"var(--ast-global-color-4)","background-image":"","background-repeat":"repeat","background-position":"center center","background-size":"auto","background-attachment":"scroll","background-type":"","background-media":"","overlay-type":"","overlay-color":"","overlay-opacity":"","overlay-gradient":""},"tablet":{"background-color":"","background-image":"","background-repeat":"repeat","background-position":"center center","background-size":"auto","background-attachment":"scroll","background-type":"","background-media":"","overlay-type":"","overlay-color":"","overlay-opacity":"","overlay-gradient":""},"mobile":{"background-color":"","background-image":"","background-repeat":"repeat","background-position":"center center","background-size":"auto","background-attachment":"scroll","background-type":"","background-media":"","overlay-type":"","overlay-color":"","overlay-opacity":"","overlay-gradient":""}},"ast-content-background-meta":{"desktop":{"background-color":"var(--ast-global-color-5)","background-image":"","background-repeat":"repeat","background-position":"center center","background-size":"auto","background-attachment":"scroll","background-type":"","background-media":"","overlay-type":"","overlay-color":"","overlay-opacity":"","overlay-gradient":""},"tablet":{"background-color":"var(--ast-global-color-5)","background-image":"","background-repeat":"repeat","background-position":"center center","background-size":"auto","background-attachment":"scroll","background-type":"","background-media":"","overlay-type":"","overlay-color":"","overlay-opacity":"","overlay-gradient":""},"mobile":{"background-color":"var(--ast-global-color-5)","background-image":"","background-repeat":"repeat","background-position":"center center","background-size":"auto","background-attachment":"scroll","background-type":"","background-media":"","overlay-type":"","overlay-color":"","overlay-opacity":"","overlay-gradient":""}}},"product_brand":[],"product_cat":[15,168],"product_tag":[],"class_list":{"0":"post-31440","1":"product","2":"type-product","3":"status-publish","4":"has-post-thumbnail","6":"product_cat-alle-produkte","7":"product_cat-zeremonieller-kakao","8":"desktop-align-left","9":"tablet-align-left","10":"mobile-align-left","11":"ast-product-gallery-layout-horizontal-slider","12":"ast-product-single-variable","13":"ast-product-tabs-layout-horizontal","15":"first","16":"instock","17":"taxable","18":"shipping-taxable","19":"purchasable","20":"product-type-variable","21":"has-default-attributes"},"bundled_by":["31491","565067","574678","570647"],"bundle_stock_status":"instock","bundle_stock_quantity":null,"bundle_virtual":false,"bundle_layout":"","bundle_add_to_cart_form_location":"","bundle_editable_in_cart":false,"bundle_sold_individually_context":"","bundle_item_grouping":"","bundle_min_size":"","bundle_max_size":"","bundle_price":[],"bundled_items":[],"bundle_sell_ids":[],"yoast_head":"<!-- This site is optimized with the Yoast SEO Premium plugin v24.0 (Yoast SEO v26.9) - https:\/\/yoast.com\/product\/yoast-seo-premium-wordpress\/ -->\n<title>Pura Vida Kakao aus Uvita, Costa Rica &#183; Zeremonieller Kakao &amp; R\u00e4ucherwerk und spirituelle Tiefe | Suyana<\/title>\n<meta name=\"description\" content=\"In unserem Online-Shop findest du alles f\u00fcr deine Zeremonie &#183; Tauche jetzt mit dem Pura Vida Kakao in die spirituelle Welt der alten Indianer ein.\" \/>\n<meta name=\"robots\" content=\"index, follow, max-snippet:-1, max-image-preview:large, max-video-preview:-1\" \/>\n<link rel=\"canonical\" href=\"https:\/\/suyana.shop\/fr\/produit\/cacao-pura-vida-du-costa-rica\/\" \/>\n<meta property=\"og:locale\" content=\"fr_FR\" \/>\n<meta property=\"og:type\" content=\"article\" \/>\n<meta property=\"og:title\" content=\"Pura Vida Kakao   Trinitario-Kakao aus Costa Rica in Drop-Form\" \/>\n<meta property=\"og:description\" content=\"In unserem Online-Shop findest du alles f\u00fcr deine Zeremonie &#183; Tauche jetzt mit dem Pura Vida Kakao in die spirituelle Welt der alten Indianer ein.\" \/>\n<meta property=\"og:url\" content=\"https:\/\/suyana.shop\/fr\/produit\/cacao-pura-vida-du-costa-rica\/\" \/>\n<meta property=\"og:site_name\" content=\"Zeremonieller Kakao &amp; R\u00e4ucherwerk und spirituelle Tiefe | Suyana\" \/>\n<meta property=\"article:modified_time\" content=\"2026-04-07T17:55:20+00:00\" \/>\n<meta property=\"og:image\" content=\"https:\/\/suyana.shop\/wp-content\/uploads\/2022\/08\/Suyana-x-Elimba-DSC00231-Bearbeitet-scaled-e1744116580839.jpg\" \/>\n\t<meta property=\"og:image:width\" content=\"2027\" \/>\n\t<meta property=\"og:image:height\" content=\"1348\" \/>\n\t<meta property=\"og:image:type\" content=\"image\/jpeg\" \/>\n<meta name=\"twitter:card\" content=\"summary_large_image\" \/>\n<meta name=\"twitter:label1\" content=\"Dur\u00e9e de lecture estim\u00e9e\" \/>\n\t<meta name=\"twitter:data1\" content=\"6 minutes\" \/>\n<script type=\"application\/ld+json\" class=\"yoast-schema-graph\">{\"@context\":\"https:\/\/schema.org\",\"@graph\":[{\"@type\":\"WebPage\",\"@id\":\"https:\/\/suyana.shop\/en\/product-2\/pura-vida-cocoa-from-costa-rica\",\"url\":\"https:\/\/suyana.shop\/en\/product-2\/pura-vida-cocoa-from-costa-rica\",\"name\":\"Pura Vida Kakao aus Uvita, Costa Rica &#183; Zeremonieller Kakao &amp; R\u00e4ucherwerk und spirituelle Tiefe | Suyana\",\"isPartOf\":{\"@id\":\"\/#website\"},\"primaryImageOfPage\":{\"@id\":\"https:\/\/suyana.shop\/en\/product-2\/pura-vida-cocoa-from-costa-rica#primaryimage\"},\"image\":{\"@id\":\"https:\/\/suyana.shop\/en\/product-2\/pura-vida-cocoa-from-costa-rica#primaryimage\"},\"thumbnailUrl\":\"https:\/\/suyana.shop\/wp-content\/uploads\/2022\/08\/Suyana-x-Elimba-DSC00231-Bearbeitet-scaled-e1744116580839.jpg?wsr\",\"datePublished\":\"2022-08-08T21:02:02+00:00\",\"dateModified\":\"2026-04-07T17:55:20+00:00\",\"description\":\"In unserem Online-Shop findest du alles f\u00fcr deine Zeremonie &#183; Tauche jetzt mit dem Pura Vida Kakao in die spirituelle Welt der alten Indianer ein.\",\"breadcrumb\":{\"@id\":\"https:\/\/suyana.shop\/en\/product-2\/pura-vida-cocoa-from-costa-rica#breadcrumb\"},\"inLanguage\":\"fr-FR\",\"potentialAction\":[{\"@type\":\"ReadAction\",\"target\":[\"https:\/\/suyana.shop\/en\/product-2\/pura-vida-cocoa-from-costa-rica\"]}]},{\"@type\":\"ImageObject\",\"inLanguage\":\"fr-FR\",\"@id\":\"https:\/\/suyana.shop\/en\/product-2\/pura-vida-cocoa-from-costa-rica#primaryimage\",\"url\":\"https:\/\/suyana.shop\/wp-content\/uploads\/2022\/08\/Suyana-x-Elimba-DSC00231-Bearbeitet-scaled-e1744116580839.jpg?wsr\",\"contentUrl\":\"https:\/\/suyana.shop\/wp-content\/uploads\/2022\/08\/Suyana-x-Elimba-DSC00231-Bearbeitet-scaled-e1744116580839.jpg?wsr\",\"width\":2027,\"height\":1348},{\"@type\":\"BreadcrumbList\",\"@id\":\"https:\/\/suyana.shop\/en\/product-2\/pura-vida-cocoa-from-costa-rica#breadcrumb\",\"itemListElement\":[{\"@type\":\"ListItem\",\"position\":1,\"name\":\"Startseite\",\"item\":\"https:\/\/suyana.shop\/\"},{\"@type\":\"ListItem\",\"position\":2,\"name\":\"Pura Vida Kakao Trinitario-Kakao aus Costa Rica in Drop-Form\"}]},{\"@type\":\"WebSite\",\"@id\":\"\/#website\",\"url\":\"\/\",\"name\":\"Zeremonieller Kakao &amp; R\u00e4ucherwerk und spirituelle Tiefe | Suyana\",\"description\":\"Zeremonieller Kakao &amp; Kakaozeremonien\",\"publisher\":{\"@id\":\"\/#organization\"},\"potentialAction\":[{\"@type\":\"SearchAction\",\"target\":{\"@type\":\"EntryPoint\",\"urlTemplate\":\"\/?s={search_term_string}\"},\"query-input\":{\"@type\":\"PropertyValueSpecification\",\"valueRequired\":true,\"valueName\":\"search_term_string\"}}],\"inLanguage\":\"fr-FR\"},{\"@type\":\"Organization\",\"@id\":\"\/#organization\",\"name\":\"Suyana\",\"url\":\"\/\",\"logo\":{\"@type\":\"ImageObject\",\"inLanguage\":\"fr-FR\",\"@id\":\"\/#\/schema\/logo\/image\/\",\"url\":\"https:\/\/suyana.shop\/wp-content\/uploads\/2022\/05\/suyana-logo-brown-small.png\",\"contentUrl\":\"https:\/\/suyana.shop\/wp-content\/uploads\/2022\/05\/suyana-logo-brown-small.png\",\"width\":1387,\"height\":300,\"caption\":\"Suyana\"},\"image\":{\"@id\":\"\/#\/schema\/logo\/image\/\"},\"sameAs\":[\"https:\/\/instagram.com\/suyana.spirit\"]}]}<\/script>\n<!-- \/ Yoast SEO Premium plugin. -->","yoast_head_json":{"title":"Cacao Pura Vida d'Uvita, Costa Rica - Cacao c\u00e9r\u00e9moniel &amp; encens et profondeur spirituelle | Suyana","description":"Dans notre boutique en ligne, vous trouverez tout ce dont vous avez besoin pour votre c\u00e9r\u00e9monie. \u00b7 Plongez-vous d\u00e8s maintenant dans le monde spirituel des anciens Indiens avec Pura Vida Cocoa.","robots":{"index":"index","follow":"follow","max-snippet":"max-snippet:-1","max-image-preview":"max-image-preview:large","max-video-preview":"max-video-preview:-1"},"canonical":"https:\/\/suyana.shop\/fr\/produit\/cacao-pura-vida-du-costa-rica\/","og_locale":"fr_FR","og_type":"article","og_title":"Pura Vida Kakao   Trinitario-Kakao aus Costa Rica in Drop-Form","og_description":"In unserem Online-Shop findest du alles f\u00fcr deine Zeremonie &#183; Tauche jetzt mit dem Pura Vida Kakao in die spirituelle Welt der alten Indianer ein.","og_url":"https:\/\/suyana.shop\/fr\/produit\/cacao-pura-vida-du-costa-rica\/","og_site_name":"Zeremonieller Kakao &amp; R\u00e4ucherwerk und spirituelle Tiefe | Suyana","article_modified_time":"2026-04-07T17:55:20+00:00","og_image":[{"width":2027,"height":1348,"url":"https:\/\/suyana.shop\/wp-content\/uploads\/2022\/08\/Suyana-x-Elimba-DSC00231-Bearbeitet-scaled-e1744116580839.jpg","type":"image\/jpeg"}],"twitter_card":"summary_large_image","twitter_misc":{"Dur\u00e9e de lecture estim\u00e9e":"6 minutes"},"schema":{"@context":"https:\/\/schema.org","@graph":[{"@type":"WebPage","@id":"https:\/\/suyana.shop\/en\/product-2\/pura-vida-cocoa-from-costa-rica","url":"https:\/\/suyana.shop\/en\/product-2\/pura-vida-cocoa-from-costa-rica","name":"Cacao Pura Vida d'Uvita, Costa Rica - Cacao c\u00e9r\u00e9moniel &amp; encens et profondeur spirituelle | Suyana","isPartOf":{"@id":"\/#website"},"primaryImageOfPage":{"@id":"https:\/\/suyana.shop\/en\/product-2\/pura-vida-cocoa-from-costa-rica#primaryimage"},"image":{"@id":"https:\/\/suyana.shop\/en\/product-2\/pura-vida-cocoa-from-costa-rica#primaryimage"},"thumbnailUrl":"https:\/\/suyana.shop\/wp-content\/uploads\/2022\/08\/Suyana-x-Elimba-DSC00231-Bearbeitet-scaled-e1744116580839.jpg?wsr","datePublished":"2022-08-08T21:02:02+00:00","dateModified":"2026-04-07T17:55:20+00:00","description":"Dans notre boutique en ligne, vous trouverez tout ce dont vous avez besoin pour votre c\u00e9r\u00e9monie. \u00b7 Plongez-vous d\u00e8s maintenant dans le monde spirituel des anciens Indiens avec Pura Vida Cocoa.","breadcrumb":{"@id":"https:\/\/suyana.shop\/en\/product-2\/pura-vida-cocoa-from-costa-rica#breadcrumb"},"inLanguage":"fr-FR","potentialAction":[{"@type":"ReadAction","target":["https:\/\/suyana.shop\/en\/product-2\/pura-vida-cocoa-from-costa-rica"]}]},{"@type":"ImageObject","inLanguage":"fr-FR","@id":"https:\/\/suyana.shop\/en\/product-2\/pura-vida-cocoa-from-costa-rica#primaryimage","url":"https:\/\/suyana.shop\/wp-content\/uploads\/2022\/08\/Suyana-x-Elimba-DSC00231-Bearbeitet-scaled-e1744116580839.jpg?wsr","contentUrl":"https:\/\/suyana.shop\/wp-content\/uploads\/2022\/08\/Suyana-x-Elimba-DSC00231-Bearbeitet-scaled-e1744116580839.jpg?wsr","width":2027,"height":1348},{"@type":"BreadcrumbList","@id":"https:\/\/suyana.shop\/en\/product-2\/pura-vida-cocoa-from-costa-rica#breadcrumb","itemListElement":[{"@type":"ListItem","position":1,"name":"Startseite","item":"https:\/\/suyana.shop\/"},{"@type":"ListItem","position":2,"name":"Pura Vida Kakao Trinitario-Kakao aus Costa Rica in Drop-Form"}]},{"@type":"WebSite","@id":"\/#website","url":"\/","name":"Des c\u00e9r\u00e9monies de Cacao et br\u00fbler de l&#039;Encens et de la Profondeur spirituelle | Suyana","description":"Des C\u00e9r\u00e9monies De Cacao &amp; Kakaozeremonien","publisher":{"@id":"\/#organization"},"potentialAction":[{"@type":"SearchAction","target":{"@type":"EntryPoint","urlTemplate":"\/?s={search_term_string}"},"query-input":{"@type":"PropertyValueSpecification","valueRequired":true,"valueName":"search_term_string"}}],"inLanguage":"fr-FR"},{"@type":"Organization","@id":"\/#organization","name":"Suyana","url":"\/","logo":{"@type":"ImageObject","inLanguage":"fr-FR","@id":"\/#\/schema\/logo\/image\/","url":"https:\/\/suyana.shop\/wp-content\/uploads\/2022\/05\/suyana-logo-brown-small.png","contentUrl":"https:\/\/suyana.shop\/wp-content\/uploads\/2022\/05\/suyana-logo-brown-small.png","width":1387,"height":300,"caption":"Suyana"},"image":{"@id":"\/#\/schema\/logo\/image\/"},"sameAs":["https:\/\/instagram.com\/suyana.spirit"]}]}},"_links":{"self":[{"href":"https:\/\/suyana.shop\/fr\/wp-json\/wp\/v2\/product\/31440","targetHints":{"allow":["GET"]}}],"collection":[{"href":"https:\/\/suyana.shop\/fr\/wp-json\/wp\/v2\/product"}],"about":[{"href":"https:\/\/suyana.shop\/fr\/wp-json\/wp\/v2\/types\/product"}],"replies":[{"embeddable":true,"href":"https:\/\/suyana.shop\/fr\/wp-json\/wp\/v2\/comments?post=31440"}],"version-history":[{"count":4,"href":"https:\/\/suyana.shop\/fr\/wp-json\/wp\/v2\/product\/31440\/revisions"}],"predecessor-version":[{"id":573381,"href":"https:\/\/suyana.shop\/fr\/wp-json\/wp\/v2\/product\/31440\/revisions\/573381"}],"wp:featuredmedia":[{"embeddable":true,"href":"https:\/\/suyana.shop\/fr\/wp-json\/wp\/v2\/media\/568634"}],"wp:attachment":[{"href":"https:\/\/suyana.shop\/fr\/wp-json\/wp\/v2\/media?parent=31440"}],"wp:term":[{"taxonomy":"product_brand","embeddable":true,"href":"https:\/\/suyana.shop\/fr\/wp-json\/wp\/v2\/product_brand?post=31440"},{"taxonomy":"product_cat","embeddable":true,"href":"https:\/\/suyana.shop\/fr\/wp-json\/wp\/v2\/product_cat?post=31440"},{"taxonomy":"product_tag","embeddable":true,"href":"https:\/\/suyana.shop\/fr\/wp-json\/wp\/v2\/product_tag?post=31440"}],"curies":[{"name":"wp","href":"https:\/\/api.w.org\/{rel}","templated":true}]}}