{"id":31455,"date":"2022-06-13T04:57:32","date_gmt":"2022-06-13T04:57:32","guid":{"rendered":"https:\/\/suyana.shop\/?post_type=product&#038;p=31455"},"modified":"2025-08-29T12:41:32","modified_gmt":"2025-08-29T11:41:32","slug":"lot-dencens-a-la-sauge-blanche-de-californie-patrie-de-la-salvia-apiana","status":"publish","type":"product","link":"https:\/\/suyana.shop\/fr\/produkt\/weisser-salbei-raeucherbuendel-aus-kalifornien-der-heimat-des-salvia-apiana","title":{"rendered":"<b> Lot d&#039;encens sauge blanche <\/b>  De Californie, patrie de la salvia apiana"},"content":{"rendered":"<p>&nbsp;<\/p>\n<p><img class=\"aligncenter\" src=\"\/wp-content\/uploads\/2022\/07\/Zeichenfla%CC%88che-5100.svg\" alt=\"\" width=\"203\" height=\"28\" \/><\/p>\n<h2 style=\"text-align: center;\">Lot d&#039;encens \u00e0 la sauge blanche de Suyana<\/h2>\n<h3 style=\"text-align: center;\">de la Californie ensoleill\u00e9e et dor\u00e9e<\/h3>\n<div><\/div>\n<div style=\"text-align: center;\">L'\u00e9norme puissance, l'ar\u00f4me r\u00e9sineux mais d\u00e9licat et l'histoire traditionnelle de cette sauge blanche nous ont directement captiv\u00e9s et ont fait briller nos yeux. Dans la tradition des cultures indig\u00e8nes, les plantes de notre sauge blanche font l'objet d'un respect, d'une attention et d'un amour exceptionnels. L'esprit harmonieux et bienveillant de cette plante la rend tr\u00e8s sp\u00e9ciale et t'invite \u00e0 go\u00fbter \u00e0 sa sagesse s\u00e9culaire.<\/div>\n<div><\/div>\n<div style=\"text-align: center;\"><a href=\"#wirkung\">Modes d&#039;action<\/a> |\u00a0<a href=\"#vorkommen\">Pr\u00e9sence et croissance<\/a> |\u00a0<a href=\"#sammlung\">Collection traditionnelle &amp; reliure<\/a> |\u00a0<a href=\"#verwendung\">utiliser<\/a><\/div>\n<p>&nbsp;<\/p>\n<p><img src=\"\/wp-content\/uploads\/2022\/07\/shop_salbei_trenner.jpg\" alt=\"Lot d&#039;encens sauge blanche\" \/><\/p>\n<p>&nbsp;<\/p>\n<p><img class=\"\" src=\"\/wp-content\/uploads\/2022\/07\/Zeichenfla%CC%88che-11100.svg\" alt=\"\" width=\"203\" height=\"22\" \/><\/p>\n<h3>Effets du bouquet d&#039;encens sauge<\/h3>\n<div>\n<p>En tant que l\u2019une des plantes \u00e0 encens les plus populaires, la sauge blanche a une longue tradition dans les cultures chamaniques et indig\u00e8nes des Am\u00e9riques. C&#039;est \u00e0 juste titre l&#039;un des encens de tous. Le terme sauge est d\u00e9riv\u00e9 du mot \u00ab salvare \u00bb, qui signifie \u00ab gu\u00e9rir \u00bb et indique d\u00e9j\u00e0 ses propri\u00e9t\u00e9s b\u00e9n\u00e9fiques pour la sant\u00e9. La sauge \u00e9tait utilis\u00e9e comme plante alimentaire et m\u00e9dicinale par les tribus indig\u00e8nes de la c\u00f4te Pacifique. On l\u2019utilise encore aujourd\u2019hui pour soulager les rhumes et les maladies respiratoires. En plus de son effet sur le plan physique, il est id\u00e9al pour une utilisation rituelle gr\u00e2ce \u00e0 son effet nettoyant \u00e9nerg\u00e9tique. En vous exposant \u00e0 la fum\u00e9e intense et nourrissante de la sauge blanche, des processus de nettoyage internes et externes sont d\u00e9clench\u00e9s. Votre propre aura et votre espace physique sont nettoy\u00e9s. Les indig\u00e8nes de Californie consid\u00e8rent la sauge blanche comme un \u00eatre vivant dot\u00e9 d\u2019un esprit et d\u2019une \u00e2me. M\u00eame \u00e0 cette \u00e9poque, br\u00fbler la plante \u00e9tait un moyen de communiquer avec le monde spirituel et de se connecter avec l\u2019esprit de la plante et de la terre. Lors de la combustion cibl\u00e9e, vous demandez \u00e0 l&#039;esprit du sage de diriger son \u00e9nergie nettoyante et protectrice dans la pi\u00e8ce, dans votre corps, dans votre champ \u00e9nerg\u00e9tique et dans votre propre esprit.<\/p>\n<p>Sur le plan mental, la sauge blanche a un effet clarifiant ; cela vous aide \u00e0 vous concentrer sur ce qui est important. Sa nature protectrice et enveloppante cr\u00e9e un espace s\u00fbr de d\u00e9veloppement personnel et de gu\u00e9rison. Cela vous permet d\u2019avancer plus facilement vers des niveaux de conscience plus \u00e9lev\u00e9s et d\u2019intensifier les connexions spirituelles. La sauge blanche est un rehausseur d&#039;humeur qui donne aux personnes qui le c\u00e9l\u00e8brent joie et l\u00e9g\u00e8ret\u00e9.<\/p>\n<p>Suivez-nous sur Instagram pour en savoir plus sur les effets, les cons\u00e9quences, etc. de nos produits : <a href=\"https:\/\/www.instagram.com\/suyana.spirit\/\">suyana.spirit<\/a><\/p>\n<\/div>\n<p>&nbsp;<\/p>\n<p><img class=\"\" src=\"\/wp-content\/uploads\/2022\/07\/Zeichenfla%CC%88che-5100.svg\" alt=\"\" width=\"203\" height=\"28\" \/><\/p>\n<h3>Pr\u00e9sence et croissance<\/h3>\n<div>\n<p>La plante herbac\u00e9e \u00e0 feuilles persistantes Salvia apiana atteint un m\u00e8tre de haut et d\u00e9veloppe des feuilles de quatre \u00e0 huit centim\u00e8tres de long. Celles-ci sont couvertes de poils blancs, qui donnent son nom \u00e0 la plante. La sauge blanche appartient au m\u00eame genre que la sauge commune (salvia officinalis), mais se distingue par sa teneur plus \u00e9lev\u00e9e en r\u00e9sine et son parfum plus intense.<\/p>\n<p>Notre sauge blanche est originaire de la Californie ensoleill\u00e9e et dor\u00e9e - le Golden State. C'est l\u00e0 que le flower power et le mouvement hippie ont pris naissance dans les ann\u00e9es 1960 et que l'esprit d'un changement d'\u00e9poque s'exprime encore aujourd'hui dans la diversit\u00e9, la couleur et la diversit\u00e9 artistique ainsi que dans la richesse naturelle. Des for\u00eats vertes avec des s\u00e9quoias g\u00e9ants, d'immenses cha\u00eenes de montagnes, des volcans bouillonnants, des d\u00e9serts extr\u00eames, de vastes c\u00f4tes avec des plages de sable blanc et des \u00eeles dans le bleu frais de l'oc\u00e9an Pacifique - l'\u00e9tat de Californie, situ\u00e9 au sud-ouest, se caract\u00e9rise par une immense diversit\u00e9 de paysages et de climats. V\u00e9ritable enfant du soleil, la sauge blanche pr\u00e9f\u00e8re les r\u00e9gions de collines chaudes et s\u00e8ches le long de toute la c\u00f4te de l'\u00e9tat. Les habitants natifs connaissent bien les lieux sacr\u00e9s o\u00f9 la sauge blanche s'est install\u00e9e confortablement. Tout le monde la traite avec beaucoup de gratitude, d'estime et de soin. Tu peux le sentir en fumant.<\/p>\n<\/div>\n<p>&nbsp;<\/p>\n<p><img loading=\"lazy\" class=\"\" src=\"\/wp-content\/uploads\/2022\/07\/Zeichenfla%CC%88che-3100.svg\" alt=\"\" width=\"202\" height=\"31\" \/><\/p>\n<h3>Collection traditionnelle &amp; reliure de nos paquets d&#039;encens \u00e0 la sauge<\/h3>\n<div>\n<p>Les feuilles de nos paquets d&#039;encens de sauge blanche sont soigneusement r\u00e9colt\u00e9es par les descendants des autochtones de Californie dans les montagnes et les r\u00e9gions c\u00f4ti\u00e8res, s\u00e9ch\u00e9es puis mises en paquets \u00e0 la main avec le plus grand soin. Puisque tous nos partenaires locaux ont des racines indig\u00e8nes, ils traitent les plantes, le sol et toute la nature qui les entoure avec un respect particulier. L&#039;id\u00e9e de durabilit\u00e9 a toujours \u00e9t\u00e9 un pilier dans la vie et la vision du monde des Am\u00e9rindiens.<\/p>\n<p>Une partie de notre sauge blanche pousse \u00e0 l\u2019\u00e9tat sauvage dans des zones approuv\u00e9es par le public et une partie est \u00e9galement cultiv\u00e9e sur des propri\u00e9t\u00e9s priv\u00e9es. Pour garantir une r\u00e9colte durable et en croissance, seules les pousses sup\u00e9rieures sont enlev\u00e9es lors de la r\u00e9colte. Cela stimule la croissance et le d\u00e9veloppement organique des plantes. Comme tous nos produits, la sauge blanche est un produit naturel 100% et donc exempte de tout traitement chimique.<\/p>\n<p>La culture naturelle, la transformation traditionnelle et originale ainsi que la haute qualit\u00e9 des produits nous ont convaincus d&#039;inclure consciemment ces b\u00e2tons de sauge dans notre gamme s\u00e9lectionn\u00e9e. Son efficacit\u00e9 devrait \u00e9galement vous inspirer, vous et votre c\u00e9r\u00e9monie.<\/p>\n<\/div>\n<p>&nbsp;<\/p>\n<p><img loading=\"lazy\" class=\"\" src=\"\/wp-content\/uploads\/2022\/07\/suyana-squiggle.svg\" alt=\"\" width=\"202\" height=\"41\" \/><\/p>\n<h3>Paquets d&#039;encens de sauge \u2013 Utilisation<\/h3>\n<div>\n<p>Pour b\u00e9n\u00e9ficier des propri\u00e9t\u00e9s curatives de la sauge, la pointe du b\u00e2tonnet est allum\u00e9e. Lorsque certaines extr\u00e9mit\u00e9s des feuilles sont en feu, le feu est soigneusement \u00e9teint afin que le b\u00e2ton ne fasse que couver. Pour un d\u00e9veloppement optimal de la fum\u00e9e et sa r\u00e9partition cibl\u00e9e, une plume ou un objet similaire est utile pour ventiler le b\u00e2ton avec de l&#039;air. Pour que les braises continuent de voyager le long de la tige des feuilles, vous devez souffler doucement sur les pointes. \u00c9tant donn\u00e9 que de petites particules incandescentes sont toujours lib\u00e9r\u00e9es et tombent lorsque vous fumez, vous devez toujours avoir un bol ignifuge rempli de sable sous le b\u00e2ton. L&#039;encens peut \u00eatre d\u00e9plac\u00e9 librement dans la pi\u00e8ce \u00e0 volont\u00e9. Par exemple, des contours physiques peuvent \u00eatre dessin\u00e9s ou des boissons rituelles peuvent \u00eatre baign\u00e9es dans un nuage de fum\u00e9e. La puissante fum\u00e9e produite par la sauge blanche permet de d\u00e9corer l&#039;air de beaux motifs - il n&#039;y a pas de limites \u00e0 votre cr\u00e9ativit\u00e9 ! Il est particuli\u00e8rement excitant de pr\u00eater attention au mouvement de la fum\u00e9e car elle refl\u00e8te les \u00e9nergies de la pi\u00e8ce. Alors qu&#039;\u00e0 des fr\u00e9quences \u00e9nerg\u00e9tiques plus \u00e9lev\u00e9es, la fum\u00e9e se d\u00e9place librement, sans soucis et presque dansante, \u00e0 des vibrations plus basses, elle tourbillonne sans cesse ou dispara\u00eet m\u00eame. Dans ce cas, une attention particuli\u00e8re doit \u00eatre port\u00e9e \u00e0 ces domaines. Si la sauge blanche est utilis\u00e9e pour le nettoyage spatial, il est conseill\u00e9 de bien a\u00e9rer apr\u00e8s le rituel afin de laisser partir l&#039;ancien et de cr\u00e9er de l&#039;espace pour le nouveau. R\u00e9veillez-vous, beau Sun Child.<\/p>\n<p>Ce que vous devriez absolument essayer\u00a0: <a href=\"https:\/\/suyana.shop\/produkt\/camu-camu\">Camu-Camu<\/a><\/p>\n<\/div>","protected":false},"excerpt":{"rendered":"<ul>\n<li><em>particuli\u00e8rement adapt\u00e9 au nettoyage \u00e9nerg\u00e9tique dans un contexte rituel\/espace c\u00e9r\u00e9monial<\/em><\/li>\n<li><em>parfum durable &amp; \u00e9quilibr\u00e9-intense<\/em><\/li>\n<li><em>ar\u00f4me doux et r\u00e9sineux &amp; frais et purifiant<\/em><\/li>\n<li><em>riche en r\u00e9sine &amp; en huile essentielle<\/em><\/li>\n<li><em>fort d\u00e9veloppement de fum\u00e9e<\/em><\/li>\n<li><em>am\u00e9liore l'humeur, la conscience et la concentration<\/em><\/li>\n<li><em>produit naturel; Culture sans produits chimiques<\/em><\/li>\n<\/ul>","protected":false},"featured_media":572081,"comment_status":"open","ping_status":"closed","template":"","meta":{"site-sidebar-layout":"default","site-content-layout":"","ast-site-content-layout":"default","site-content-style":"default","site-sidebar-style":"default","ast-global-header-display":"","ast-banner-title-visibility":"","ast-main-header-display":"","ast-hfb-above-header-display":"","ast-hfb-below-header-display":"","ast-hfb-mobile-header-display":"","site-post-title":"","ast-breadcrumbs-content":"","ast-featured-img":"","footer-sml-layout":"","ast-disable-related-posts":"","theme-transparent-header-meta":"default","adv-header-id-meta":"","stick-header-meta":"default","header-above-stick-meta":"","header-main-stick-meta":"","header-below-stick-meta":"","astra-migrate-meta-layouts":"set","ast-page-background-enabled":"default","ast-page-background-meta":{"desktop":{"background-color":"var(--ast-global-color-4)","background-image":"","background-repeat":"repeat","background-position":"center center","background-size":"auto","background-attachment":"scroll","background-type":"","background-media":"","overlay-type":"","overlay-color":"","overlay-opacity":"","overlay-gradient":""},"tablet":{"background-color":"","background-image":"","background-repeat":"repeat","background-position":"center center","background-size":"auto","background-attachment":"scroll","background-type":"","background-media":"","overlay-type":"","overlay-color":"","overlay-opacity":"","overlay-gradient":""},"mobile":{"background-color":"","background-image":"","background-repeat":"repeat","background-position":"center center","background-size":"auto","background-attachment":"scroll","background-type":"","background-media":"","overlay-type":"","overlay-color":"","overlay-opacity":"","overlay-gradient":""}},"ast-content-background-meta":{"desktop":{"background-color":"var(--ast-global-color-5)","background-image":"","background-repeat":"repeat","background-position":"center center","background-size":"auto","background-attachment":"scroll","background-type":"","background-media":"","overlay-type":"","overlay-color":"","overlay-opacity":"","overlay-gradient":""},"tablet":{"background-color":"var(--ast-global-color-5)","background-image":"","background-repeat":"repeat","background-position":"center center","background-size":"auto","background-attachment":"scroll","background-type":"","background-media":"","overlay-type":"","overlay-color":"","overlay-opacity":"","overlay-gradient":""},"mobile":{"background-color":"var(--ast-global-color-5)","background-image":"","background-repeat":"repeat","background-position":"center center","background-size":"auto","background-attachment":"scroll","background-type":"","background-media":"","overlay-type":"","overlay-color":"","overlay-opacity":"","overlay-gradient":""}}},"product_brand":[],"product_cat":[15,167,390],"product_tag":[],"class_list":{"0":"post-31455","1":"product","2":"type-product","3":"status-publish","4":"has-post-thumbnail","6":"product_cat-alle-produkte","7":"product_cat-raeucherwerk","8":"product_cat-weisser-salbei","9":"desktop-align-left","10":"tablet-align-left","11":"mobile-align-left","12":"ast-product-gallery-layout-horizontal-slider","13":"ast-product-single-variable","14":"ast-product-tabs-layout-horizontal","16":"first","17":"instock","18":"taxable","19":"shipping-taxable","20":"purchasable","21":"product-type-variable"},"bundled_by":[],"bundle_stock_status":"instock","bundle_stock_quantity":null,"bundle_virtual":false,"bundle_layout":"","bundle_add_to_cart_form_location":"","bundle_editable_in_cart":false,"bundle_sold_individually_context":"","bundle_item_grouping":"","bundle_min_size":"","bundle_max_size":"","bundle_price":[],"bundled_items":[],"bundle_sell_ids":[],"yoast_head":"<!-- This site is optimized with the Yoast SEO Premium plugin v24.0 (Yoast SEO v26.9) - https:\/\/yoast.com\/product\/yoast-seo-premium-wordpress\/ -->\n<title>Salbei R\u00e4ucherb\u00fcndel aus Kalifornien&#183; Zeremonieller Kakao &amp; R\u00e4ucherwerk und spirituelle Tiefe | Suyana<\/title>\n<meta name=\"description\" content=\"Wei\u00dfer Salbei R\u00e4ucherb\u00fcndel aus Kalifornien, der Heimat des Salvia Apiana. Langanhaltender &amp; ausgewogen-intensiver Duft. Naturprodukt, frei von Chemikalien.\" \/>\n<meta name=\"robots\" content=\"index, follow, max-snippet:-1, max-image-preview:large, max-video-preview:-1\" \/>\n<link rel=\"canonical\" href=\"https:\/\/suyana.shop\/fr\/produit\/lot-dencens-a-la-sauge-blanche-de-californie-patrie-de-la-salvia-apiana\/\" \/>\n<meta property=\"og:locale\" content=\"fr_FR\" \/>\n<meta property=\"og:type\" content=\"article\" \/>\n<meta property=\"og:title\" content=\"Wei\u00dfer Salbei R\u00e4ucherb\u00fcndel  Aus Kalifornien, der Heimat des salvia apiana\" \/>\n<meta property=\"og:description\" content=\"Wei\u00dfer Salbei R\u00e4ucherb\u00fcndel aus Kalifornien, der Heimat des Salvia Apiana. Langanhaltender &amp; ausgewogen-intensiver Duft. Naturprodukt, frei von Chemikalien.\" \/>\n<meta property=\"og:url\" content=\"https:\/\/suyana.shop\/fr\/produit\/lot-dencens-a-la-sauge-blanche-de-californie-patrie-de-la-salvia-apiana\/\" \/>\n<meta property=\"og:site_name\" content=\"Zeremonieller Kakao &amp; R\u00e4ucherwerk und spirituelle Tiefe | Suyana\" \/>\n<meta property=\"article:modified_time\" content=\"2025-08-29T11:41:32+00:00\" \/>\n<meta property=\"og:image\" content=\"https:\/\/suyana.shop\/wp-content\/uploads\/2022\/06\/Rape-Starter-Kit-3-scaled.jpg\" \/>\n\t<meta property=\"og:image:width\" content=\"2560\" \/>\n\t<meta property=\"og:image:height\" content=\"1829\" \/>\n\t<meta property=\"og:image:type\" content=\"image\/jpeg\" \/>\n<meta name=\"twitter:card\" content=\"summary_large_image\" \/>\n<meta name=\"twitter:label1\" content=\"Dur\u00e9e de lecture estim\u00e9e\" \/>\n\t<meta name=\"twitter:data1\" content=\"7 minutes\" \/>\n<script type=\"application\/ld+json\" class=\"yoast-schema-graph\">{\"@context\":\"https:\/\/schema.org\",\"@graph\":[{\"@type\":\"WebPage\",\"@id\":\"https:\/\/suyana.shop\/produkt\/weisser-salbei-raeucherbuendel-aus-kalifornien-der-heimat-des-salvia-apiana\",\"url\":\"https:\/\/suyana.shop\/produkt\/weisser-salbei-raeucherbuendel-aus-kalifornien-der-heimat-des-salvia-apiana\",\"name\":\"Salbei R\u00e4ucherb\u00fcndel aus Kalifornien&#183; Zeremonieller Kakao &amp; R\u00e4ucherwerk und spirituelle Tiefe | Suyana\",\"isPartOf\":{\"@id\":\"\/#website\"},\"primaryImageOfPage\":{\"@id\":\"https:\/\/suyana.shop\/produkt\/weisser-salbei-raeucherbuendel-aus-kalifornien-der-heimat-des-salvia-apiana#primaryimage\"},\"image\":{\"@id\":\"https:\/\/suyana.shop\/produkt\/weisser-salbei-raeucherbuendel-aus-kalifornien-der-heimat-des-salvia-apiana#primaryimage\"},\"thumbnailUrl\":\"https:\/\/suyana.shop\/wp-content\/uploads\/2022\/06\/Rape-Starter-Kit-3-scaled.jpg?wsr\",\"datePublished\":\"2022-06-13T04:57:32+00:00\",\"dateModified\":\"2025-08-29T11:41:32+00:00\",\"description\":\"Wei\u00dfer Salbei R\u00e4ucherb\u00fcndel aus Kalifornien, der Heimat des Salvia Apiana. Langanhaltender & ausgewogen-intensiver Duft. Naturprodukt, frei von Chemikalien.\",\"breadcrumb\":{\"@id\":\"https:\/\/suyana.shop\/produkt\/weisser-salbei-raeucherbuendel-aus-kalifornien-der-heimat-des-salvia-apiana#breadcrumb\"},\"inLanguage\":\"fr-FR\",\"potentialAction\":[{\"@type\":\"ReadAction\",\"target\":[\"https:\/\/suyana.shop\/produkt\/weisser-salbei-raeucherbuendel-aus-kalifornien-der-heimat-des-salvia-apiana\"]}]},{\"@type\":\"ImageObject\",\"inLanguage\":\"fr-FR\",\"@id\":\"https:\/\/suyana.shop\/produkt\/weisser-salbei-raeucherbuendel-aus-kalifornien-der-heimat-des-salvia-apiana#primaryimage\",\"url\":\"https:\/\/suyana.shop\/wp-content\/uploads\/2022\/06\/Rape-Starter-Kit-3-scaled.jpg?wsr\",\"contentUrl\":\"https:\/\/suyana.shop\/wp-content\/uploads\/2022\/06\/Rape-Starter-Kit-3-scaled.jpg?wsr\",\"width\":2560,\"height\":1829},{\"@type\":\"BreadcrumbList\",\"@id\":\"https:\/\/suyana.shop\/produkt\/weisser-salbei-raeucherbuendel-aus-kalifornien-der-heimat-des-salvia-apiana#breadcrumb\",\"itemListElement\":[{\"@type\":\"ListItem\",\"position\":1,\"name\":\"Startseite\",\"item\":\"https:\/\/suyana.shop\/\"},{\"@type\":\"ListItem\",\"position\":2,\"name\":\"Wei\u00dfer Salbei R\u00e4ucherb\u00fcndel Aus Kalifornien, der Heimat des salvia apiana\"}]},{\"@type\":\"WebSite\",\"@id\":\"\/#website\",\"url\":\"\/\",\"name\":\"Zeremonieller Kakao &amp; R\u00e4ucherwerk und spirituelle Tiefe | Suyana\",\"description\":\"Zeremonieller Kakao &amp; Kakaozeremonien\",\"publisher\":{\"@id\":\"\/#organization\"},\"potentialAction\":[{\"@type\":\"SearchAction\",\"target\":{\"@type\":\"EntryPoint\",\"urlTemplate\":\"\/?s={search_term_string}\"},\"query-input\":{\"@type\":\"PropertyValueSpecification\",\"valueRequired\":true,\"valueName\":\"search_term_string\"}}],\"inLanguage\":\"fr-FR\"},{\"@type\":\"Organization\",\"@id\":\"\/#organization\",\"name\":\"Suyana\",\"url\":\"\/\",\"logo\":{\"@type\":\"ImageObject\",\"inLanguage\":\"fr-FR\",\"@id\":\"\/#\/schema\/logo\/image\/\",\"url\":\"https:\/\/suyana.shop\/wp-content\/uploads\/2022\/05\/suyana-logo-brown-small.png\",\"contentUrl\":\"https:\/\/suyana.shop\/wp-content\/uploads\/2022\/05\/suyana-logo-brown-small.png\",\"width\":1387,\"height\":300,\"caption\":\"Suyana\"},\"image\":{\"@id\":\"\/#\/schema\/logo\/image\/\"},\"sameAs\":[\"https:\/\/instagram.com\/suyana.spirit\"]}]}<\/script>\n<!-- \/ Yoast SEO Premium plugin. -->","yoast_head_json":{"title":"Bouquet d'encens de sauge de Californie- Cacao c\u00e9r\u00e9monial &amp; encens et profondeur spirituelle | Suyana","description":"Faisceaux d&#039;encens \u00e0 la sauge blanche de Californie, pays de la Salvia Apiana. Parfum intense, \u00e9quilibr\u00e9 et durable. Produit naturel, sans produits chimiques.","robots":{"index":"index","follow":"follow","max-snippet":"max-snippet:-1","max-image-preview":"max-image-preview:large","max-video-preview":"max-video-preview:-1"},"canonical":"https:\/\/suyana.shop\/fr\/produit\/lot-dencens-a-la-sauge-blanche-de-californie-patrie-de-la-salvia-apiana\/","og_locale":"fr_FR","og_type":"article","og_title":"Wei\u00dfer Salbei R\u00e4ucherb\u00fcndel  Aus Kalifornien, der Heimat des salvia apiana","og_description":"Wei\u00dfer Salbei R\u00e4ucherb\u00fcndel aus Kalifornien, der Heimat des Salvia Apiana. Langanhaltender & ausgewogen-intensiver Duft. Naturprodukt, frei von Chemikalien.","og_url":"https:\/\/suyana.shop\/fr\/produit\/lot-dencens-a-la-sauge-blanche-de-californie-patrie-de-la-salvia-apiana\/","og_site_name":"Zeremonieller Kakao &amp; R\u00e4ucherwerk und spirituelle Tiefe | Suyana","article_modified_time":"2025-08-29T11:41:32+00:00","og_image":[{"width":2560,"height":1829,"url":"https:\/\/suyana.shop\/wp-content\/uploads\/2022\/06\/Rape-Starter-Kit-3-scaled.jpg","type":"image\/jpeg"}],"twitter_card":"summary_large_image","twitter_misc":{"Dur\u00e9e de lecture estim\u00e9e":"7 minutes"},"schema":{"@context":"https:\/\/schema.org","@graph":[{"@type":"WebPage","@id":"https:\/\/suyana.shop\/produkt\/weisser-salbei-raeucherbuendel-aus-kalifornien-der-heimat-des-salvia-apiana","url":"https:\/\/suyana.shop\/produkt\/weisser-salbei-raeucherbuendel-aus-kalifornien-der-heimat-des-salvia-apiana","name":"Bouquet d'encens de sauge de Californie- Cacao c\u00e9r\u00e9monial &amp; encens et profondeur spirituelle | Suyana","isPartOf":{"@id":"\/#website"},"primaryImageOfPage":{"@id":"https:\/\/suyana.shop\/produkt\/weisser-salbei-raeucherbuendel-aus-kalifornien-der-heimat-des-salvia-apiana#primaryimage"},"image":{"@id":"https:\/\/suyana.shop\/produkt\/weisser-salbei-raeucherbuendel-aus-kalifornien-der-heimat-des-salvia-apiana#primaryimage"},"thumbnailUrl":"https:\/\/suyana.shop\/wp-content\/uploads\/2022\/06\/Rape-Starter-Kit-3-scaled.jpg?wsr","datePublished":"2022-06-13T04:57:32+00:00","dateModified":"2025-08-29T11:41:32+00:00","description":"Faisceaux d&#039;encens \u00e0 la sauge blanche de Californie, pays de la Salvia Apiana. Parfum intense, \u00e9quilibr\u00e9 et durable. Produit naturel, sans produits chimiques.","breadcrumb":{"@id":"https:\/\/suyana.shop\/produkt\/weisser-salbei-raeucherbuendel-aus-kalifornien-der-heimat-des-salvia-apiana#breadcrumb"},"inLanguage":"fr-FR","potentialAction":[{"@type":"ReadAction","target":["https:\/\/suyana.shop\/produkt\/weisser-salbei-raeucherbuendel-aus-kalifornien-der-heimat-des-salvia-apiana"]}]},{"@type":"ImageObject","inLanguage":"fr-FR","@id":"https:\/\/suyana.shop\/produkt\/weisser-salbei-raeucherbuendel-aus-kalifornien-der-heimat-des-salvia-apiana#primaryimage","url":"https:\/\/suyana.shop\/wp-content\/uploads\/2022\/06\/Rape-Starter-Kit-3-scaled.jpg?wsr","contentUrl":"https:\/\/suyana.shop\/wp-content\/uploads\/2022\/06\/Rape-Starter-Kit-3-scaled.jpg?wsr","width":2560,"height":1829},{"@type":"BreadcrumbList","@id":"https:\/\/suyana.shop\/produkt\/weisser-salbei-raeucherbuendel-aus-kalifornien-der-heimat-des-salvia-apiana#breadcrumb","itemListElement":[{"@type":"ListItem","position":1,"name":"Startseite","item":"https:\/\/suyana.shop\/"},{"@type":"ListItem","position":2,"name":"Wei\u00dfer Salbei R\u00e4ucherb\u00fcndel Aus Kalifornien, der Heimat des salvia apiana"}]},{"@type":"WebSite","@id":"\/#website","url":"\/","name":"Des c\u00e9r\u00e9monies de Cacao et br\u00fbler de l&#039;Encens et de la Profondeur spirituelle | Suyana","description":"Des C\u00e9r\u00e9monies De Cacao &amp; Kakaozeremonien","publisher":{"@id":"\/#organization"},"potentialAction":[{"@type":"SearchAction","target":{"@type":"EntryPoint","urlTemplate":"\/?s={search_term_string}"},"query-input":{"@type":"PropertyValueSpecification","valueRequired":true,"valueName":"search_term_string"}}],"inLanguage":"fr-FR"},{"@type":"Organization","@id":"\/#organization","name":"Suyana","url":"\/","logo":{"@type":"ImageObject","inLanguage":"fr-FR","@id":"\/#\/schema\/logo\/image\/","url":"https:\/\/suyana.shop\/wp-content\/uploads\/2022\/05\/suyana-logo-brown-small.png","contentUrl":"https:\/\/suyana.shop\/wp-content\/uploads\/2022\/05\/suyana-logo-brown-small.png","width":1387,"height":300,"caption":"Suyana"},"image":{"@id":"\/#\/schema\/logo\/image\/"},"sameAs":["https:\/\/instagram.com\/suyana.spirit"]}]}},"_links":{"self":[{"href":"https:\/\/suyana.shop\/fr\/wp-json\/wp\/v2\/product\/31455","targetHints":{"allow":["GET"]}}],"collection":[{"href":"https:\/\/suyana.shop\/fr\/wp-json\/wp\/v2\/product"}],"about":[{"href":"https:\/\/suyana.shop\/fr\/wp-json\/wp\/v2\/types\/product"}],"replies":[{"embeddable":true,"href":"https:\/\/suyana.shop\/fr\/wp-json\/wp\/v2\/comments?post=31455"}],"version-history":[{"count":0,"href":"https:\/\/suyana.shop\/fr\/wp-json\/wp\/v2\/product\/31455\/revisions"}],"wp:featuredmedia":[{"embeddable":true,"href":"https:\/\/suyana.shop\/fr\/wp-json\/wp\/v2\/media\/572081"}],"wp:attachment":[{"href":"https:\/\/suyana.shop\/fr\/wp-json\/wp\/v2\/media?parent=31455"}],"wp:term":[{"taxonomy":"product_brand","embeddable":true,"href":"https:\/\/suyana.shop\/fr\/wp-json\/wp\/v2\/product_brand?post=31455"},{"taxonomy":"product_cat","embeddable":true,"href":"https:\/\/suyana.shop\/fr\/wp-json\/wp\/v2\/product_cat?post=31455"},{"taxonomy":"product_tag","embeddable":true,"href":"https:\/\/suyana.shop\/fr\/wp-json\/wp\/v2\/product_tag?post=31455"}],"curies":[{"name":"wp","href":"https:\/\/api.w.org\/{rel}","templated":true}]}}