{"id":33976,"date":"2023-03-02T15:59:07","date_gmt":"2023-03-02T14:59:07","guid":{"rendered":"https:\/\/suyana.shop\/?post_type=product&#038;p=33976"},"modified":"2026-04-04T17:25:59","modified_gmt":"2026-04-04T16:25:59","slug":"raeucherwerk-suyanas-raeucherbundle","status":"publish","type":"product","link":"https:\/\/suyana.shop\/fr\/produkt\/raeucherwerk-suyanas-raeucherbundle-2","title":{"rendered":"<b>Le paquet d&#039;encens de Suyana<\/b>"},"content":{"rendered":"<p><img class=\"aligncenter\" src=\"\/wp-content\/uploads\/2022\/07\/Zeichenfla%CC%88che-5100.svg\" alt=\"\" width=\"181\" height=\"25\" \/><\/p>\n<h2 style=\"text-align: center;\">Sauge Blanche et Palo Santo<\/h2>\n<h3 style=\"text-align: center;\">Un duo assorti qui s&#039;harmonise parfaitement dans le processus de fumage<\/h3>\n<div>\n<p style=\"text-align: center;\">Avec notre lot d&#039;encens Suyana, vous pouvez d\u00e9couvrir deux de nos encens \u00e0 la fois. La sauge blanche et le Palo Santo s&#039;harmonisent parfaitement dans le processus de fumage - il est difficile de trouver un duo plus appropri\u00e9. Apr\u00e8s que la sauge blanche nettoie la pi\u00e8ce et nous nettoie \u00e9nerg\u00e9tiquement \u00e0 tous les niveaux, Palo Santo invite au bien-\u00eatre, \u00e0 la d\u00e9tente et \u00e0 la s\u00e9r\u00e9nit\u00e9.<\/p>\n<p style=\"text-align: center;\">Un colis vous attend avec 4 faisceaux d&#039;encens de sauge blanche et 15 bois de Palo Santo qu&#039;il ne reste plus qu&#039;\u00e0 allumer par vos soins.<\/p>\n<p style=\"text-align: center;\">Ici vous pouvez obtenir un bref aper\u00e7u de nos encens. Sur la page produit respective, vous trouverez \u00e9galement des informations d\u00e9taill\u00e9es sur l&#039;origine, les conditions de croissance et les particularit\u00e9s des deux plantes.<\/p>\n<h3 style=\"text-align: center;\"><\/h3>\n<h3 style=\"text-align: center;\">Lot d&#039;encens sauge blanche<\/h3>\n<p style=\"text-align: center;\">L&#039;\u00e9norme puissance, l&#039;ar\u00f4me r\u00e9sineux mais fin ainsi que l&#039;histoire originale et traditionnelle de ce <a href=\"https:\/\/suyana.shop\/produkt\/weisser-salbei-raeucherbuendel-aus-kalifornien-der-heimat-des-salvia-apiana\">Sauge blanche<\/a> nous a tout de suite captiv\u00e9. Sur le plan mental, la sauge blanche a un effet clarifiant ; cela vous aide \u00e0 vous concentrer sur ce qui est important. Sa nature protectrice et enveloppante cr\u00e9e un espace s\u00fbr de d\u00e9veloppement personnel et de gu\u00e9rison. En vous exposant \u00e0 la fum\u00e9e intense et nourrissante de la sauge blanche, des processus de nettoyage internes et externes sont d\u00e9clench\u00e9s. Votre propre aura et votre espace physique sont nettoy\u00e9s. Cela vous permet d\u2019avancer plus facilement vers des niveaux de conscience plus \u00e9lev\u00e9s et d\u2019intensifier les connexions spirituelles. La sauge blanche est un stimulant de l&#039;humeur qui nous apporte joie et l\u00e9g\u00e8ret\u00e9.<\/p>\n<h3 style=\"text-align: center;\"><\/h3>\n<h3 style=\"text-align: center;\">Bois d&#039;encens Palo Santo<\/h3>\n<p style=\"text-align: center;\">Notre <a href=\"https:\/\/suyana.shop\/produkt\/palo-santo\">Encens Palo Santo<\/a> est pure nature et conquiert \u00e0 nouveau nos c\u0153urs \u00e0 chaque utilisation. Gr\u00e2ce \u00e0 sa fum\u00e9e agr\u00e9ablement enveloppante et velout\u00e9e - aux senteurs l\u00e9g\u00e8rement fruit\u00e9es - notre Palo Santo est pr\u00e9sent sans \u00eatre intrusif. Il caresse le c\u0153ur et l\u2019\u00e2me, apaise et inspire l\u2019esprit. Cela en fait le compagnon id\u00e9al pour vous au quotidien, lors des processus cr\u00e9atifs ainsi que lors des c\u00e9r\u00e9monies. On dit que la plante du baumier a des effets nettoyants, anti-inflammatoires et analg\u00e9siques, voire antibiotiques. Allumez le Palo Santo de Piura de Suyana et abandonnez-vous \u00e0 ses effets magiques et \u00e0 son histoire de vie unique. Espiritu Nativo de Palo Santo pour toi.<\/p>\n<\/div>\n<p style=\"text-align: center;\"><a href=\"\/produkt\/weisser-salbei-raeucherbuendel-aus-kalifornien-der-heimat-des-salvia-apiana\">Lot d&#039;encens sauge blanche<\/a> |\u00a0<a href=\"\/produkt\/palo-santo\">Bois d&#039;encens Palo Santo<\/a><\/p>\n<p><img src=\"\/wp-content\/uploads\/2022\/07\/shop_palo_bg_05.jpg\" alt=\"\" \/><\/p>\n<div>\n<h3><\/h3>\n<h3>Vous pouvez en savoir plus sur nous sur Instagram\u00a0:<br \/>\n<a href=\"https:\/\/www.instagram.com\/suyana.spirit\/\">suyana.spirit<\/a><\/h3>\n<\/div>","protected":false},"excerpt":{"rendered":"<ul>\n<li><em>4 x paquets d&#039;encens de sauge blanche et 15 x bois de Palo Santo<\/em><\/li>\n<li><em>id\u00e9al pour le nettoyage et l&#039;harmonisation \u00e9nerg\u00e9tiques dans les contextes rituels et dans la vie quotidienne<\/em><\/li>\n<li><em>fort d\u00e9veloppement de fum\u00e9e<\/em><\/li>\n<li><em>parfum durable &amp; \u00e9quilibr\u00e9-intense avec des nuances sp\u00e9ciales<\/em><\/li>\n<li><em>effet r\u00e9v\u00e9lateur avec des accents individuels pour chaque occasion<\/em><\/li>\n<li><em>Source exclusive provenant de diverses r\u00e9gions de culture du monde entier avec un niveau \u00e9lev\u00e9 de fertilit\u00e9 et de richesse<\/em><\/li>\n<li><em>Cultiv\u00e9 par des petits agriculteurs et des entreprises familiales locales<\/em><\/li>\n<li><em>normes \u00e9thiques \u00e9lev\u00e9es et transparence tout au long de la cha\u00eene de production<\/em><\/li>\n<li><em>commerce direct \u00e9quitable et exp\u00e9dition respectueuse de l&#039;environnement<\/em><\/li>\n<\/ul>","protected":false},"featured_media":572085,"comment_status":"closed","ping_status":"closed","template":"","meta":{"site-sidebar-layout":"default","site-content-layout":"","ast-site-content-layout":"default","site-content-style":"default","site-sidebar-style":"default","ast-global-header-display":"","ast-banner-title-visibility":"","ast-main-header-display":"","ast-hfb-above-header-display":"","ast-hfb-below-header-display":"","ast-hfb-mobile-header-display":"","site-post-title":"","ast-breadcrumbs-content":"","ast-featured-img":"","footer-sml-layout":"","ast-disable-related-posts":"","theme-transparent-header-meta":"default","adv-header-id-meta":"","stick-header-meta":"default","header-above-stick-meta":"","header-main-stick-meta":"","header-below-stick-meta":"","astra-migrate-meta-layouts":"set","ast-page-background-enabled":"default","ast-page-background-meta":{"desktop":{"background-color":"var(--ast-global-color-4)","background-image":"","background-repeat":"repeat","background-position":"center center","background-size":"auto","background-attachment":"scroll","background-type":"","background-media":"","overlay-type":"","overlay-color":"","overlay-opacity":"","overlay-gradient":""},"tablet":{"background-color":"","background-image":"","background-repeat":"repeat","background-position":"center center","background-size":"auto","background-attachment":"scroll","background-type":"","background-media":"","overlay-type":"","overlay-color":"","overlay-opacity":"","overlay-gradient":""},"mobile":{"background-color":"","background-image":"","background-repeat":"repeat","background-position":"center center","background-size":"auto","background-attachment":"scroll","background-type":"","background-media":"","overlay-type":"","overlay-color":"","overlay-opacity":"","overlay-gradient":""}},"ast-content-background-meta":{"desktop":{"background-color":"var(--ast-global-color-5)","background-image":"","background-repeat":"repeat","background-position":"center center","background-size":"auto","background-attachment":"scroll","background-type":"","background-media":"","overlay-type":"","overlay-color":"","overlay-opacity":"","overlay-gradient":""},"tablet":{"background-color":"var(--ast-global-color-5)","background-image":"","background-repeat":"repeat","background-position":"center center","background-size":"auto","background-attachment":"scroll","background-type":"","background-media":"","overlay-type":"","overlay-color":"","overlay-opacity":"","overlay-gradient":""},"mobile":{"background-color":"var(--ast-global-color-5)","background-image":"","background-repeat":"repeat","background-position":"center center","background-size":"auto","background-attachment":"scroll","background-type":"","background-media":"","overlay-type":"","overlay-color":"","overlay-opacity":"","overlay-gradient":""}}},"product_brand":[],"product_cat":[15,167,221,390],"product_tag":[],"class_list":{"0":"post-33976","1":"product","2":"type-product","3":"status-publish","4":"has-post-thumbnail","6":"product_cat-alle-produkte","7":"product_cat-raeucherwerk","8":"product_cat-bundles","9":"product_cat-weisser-salbei","10":"desktop-align-left","11":"tablet-align-left","12":"mobile-align-left","13":"ast-product-gallery-layout-horizontal-slider","14":"ast-product-tabs-layout-horizontal","16":"first","17":"instock","18":"taxable","19":"shipping-taxable","20":"purchasable","21":"product-type-simple"},"bundled_by":[],"bundle_stock_status":"instock","bundle_stock_quantity":22,"bundle_virtual":false,"bundle_layout":"","bundle_add_to_cart_form_location":"","bundle_editable_in_cart":false,"bundle_sold_individually_context":"","bundle_item_grouping":"","bundle_min_size":"","bundle_max_size":"","bundle_price":[],"bundled_items":[],"bundle_sell_ids":[],"yoast_head":"<!-- This site is optimized with the Yoast SEO Premium plugin v24.0 (Yoast SEO v26.9) - https:\/\/yoast.com\/product\/yoast-seo-premium-wordpress\/ -->\n<title>R\u00e4ucherwerk &#183; Suyanas R\u00e4ucherbundle &#183; Zeremonieller Kakao &amp; R\u00e4ucherwerk und spirituelle Tiefe | Suyana<\/title>\n<meta name=\"description\" content=\"In unserem Online-Shop findest du alles f\u00fcr deine Zeremonie &#183; Unser R\u00e4ucherwerk zeigt dir die Vielfalt und Besonderheiten der Welt des zeremoniellen.\" \/>\n<meta name=\"robots\" content=\"index, follow, max-snippet:-1, max-image-preview:large, max-video-preview:-1\" \/>\n<link rel=\"canonical\" href=\"https:\/\/suyana.shop\/fr\/produit\/raeucherwerk-suyanas-raeucherbundle\/\" \/>\n<meta property=\"og:locale\" content=\"fr_FR\" \/>\n<meta property=\"og:type\" content=\"article\" \/>\n<meta property=\"og:title\" content=\"Suyanas R\u00e4ucherbundle\" \/>\n<meta property=\"og:description\" content=\"In unserem Online-Shop findest du alles f\u00fcr deine Zeremonie &#183; Unser R\u00e4ucherwerk zeigt dir die Vielfalt und Besonderheiten der Welt des zeremoniellen.\" \/>\n<meta property=\"og:url\" content=\"https:\/\/suyana.shop\/fr\/produit\/raeucherwerk-suyanas-raeucherbundle\/\" \/>\n<meta property=\"og:site_name\" content=\"Zeremonieller Kakao &amp; R\u00e4ucherwerk und spirituelle Tiefe | Suyana\" \/>\n<meta property=\"article:modified_time\" content=\"2026-04-04T16:25:59+00:00\" \/>\n<meta property=\"og:image\" content=\"https:\/\/suyana.shop\/wp-content\/uploads\/2023\/03\/DSC07678-scaled.jpg\" \/>\n\t<meta property=\"og:image:width\" content=\"2560\" \/>\n\t<meta property=\"og:image:height\" content=\"1707\" \/>\n\t<meta property=\"og:image:type\" content=\"image\/jpeg\" \/>\n<meta name=\"twitter:card\" content=\"summary_large_image\" \/>\n<meta name=\"twitter:label1\" content=\"Dur\u00e9e de lecture estim\u00e9e\" \/>\n\t<meta name=\"twitter:data1\" content=\"3 minutes\" \/>\n<script type=\"application\/ld+json\" class=\"yoast-schema-graph\">{\"@context\":\"https:\/\/schema.org\",\"@graph\":[{\"@type\":\"WebPage\",\"@id\":\"https:\/\/suyana.shop\/it\/prodotto\/raeucherwerk-suyanas-raeucherbundle\",\"url\":\"https:\/\/suyana.shop\/it\/prodotto\/raeucherwerk-suyanas-raeucherbundle\",\"name\":\"R\u00e4ucherwerk &#183; Suyanas R\u00e4ucherbundle &#183; Zeremonieller Kakao &amp; R\u00e4ucherwerk und spirituelle Tiefe | Suyana\",\"isPartOf\":{\"@id\":\"\/#website\"},\"primaryImageOfPage\":{\"@id\":\"https:\/\/suyana.shop\/it\/prodotto\/raeucherwerk-suyanas-raeucherbundle#primaryimage\"},\"image\":{\"@id\":\"https:\/\/suyana.shop\/it\/prodotto\/raeucherwerk-suyanas-raeucherbundle#primaryimage\"},\"thumbnailUrl\":\"https:\/\/suyana.shop\/wp-content\/uploads\/2023\/03\/DSC07678-scaled.jpg?wsr\",\"datePublished\":\"2023-03-02T14:59:07+00:00\",\"dateModified\":\"2026-04-04T16:25:59+00:00\",\"description\":\"In unserem Online-Shop findest du alles f\u00fcr deine Zeremonie &#183; Unser R\u00e4ucherwerk zeigt dir die Vielfalt und Besonderheiten der Welt des zeremoniellen.\",\"breadcrumb\":{\"@id\":\"https:\/\/suyana.shop\/it\/prodotto\/raeucherwerk-suyanas-raeucherbundle#breadcrumb\"},\"inLanguage\":\"fr-FR\",\"potentialAction\":[{\"@type\":\"ReadAction\",\"target\":[\"https:\/\/suyana.shop\/it\/prodotto\/raeucherwerk-suyanas-raeucherbundle\"]}]},{\"@type\":\"ImageObject\",\"inLanguage\":\"fr-FR\",\"@id\":\"https:\/\/suyana.shop\/it\/prodotto\/raeucherwerk-suyanas-raeucherbundle#primaryimage\",\"url\":\"https:\/\/suyana.shop\/wp-content\/uploads\/2023\/03\/DSC07678-scaled.jpg?wsr\",\"contentUrl\":\"https:\/\/suyana.shop\/wp-content\/uploads\/2023\/03\/DSC07678-scaled.jpg?wsr\",\"width\":2560,\"height\":1707},{\"@type\":\"BreadcrumbList\",\"@id\":\"https:\/\/suyana.shop\/it\/prodotto\/raeucherwerk-suyanas-raeucherbundle#breadcrumb\",\"itemListElement\":[{\"@type\":\"ListItem\",\"position\":1,\"name\":\"Startseite\",\"item\":\"https:\/\/suyana.shop\/it\/\"},{\"@type\":\"ListItem\",\"position\":2,\"name\":\"Suyanas R\u00e4ucherbundle\"}]},{\"@type\":\"WebSite\",\"@id\":\"\/#website\",\"url\":\"\/\",\"name\":\"Zeremonieller Kakao &amp; R\u00e4ucherwerk und spirituelle Tiefe | Suyana\",\"description\":\"Zeremonieller Kakao &amp; Kakaozeremonien\",\"publisher\":{\"@id\":\"\/#organization\"},\"potentialAction\":[{\"@type\":\"SearchAction\",\"target\":{\"@type\":\"EntryPoint\",\"urlTemplate\":\"\/?s={search_term_string}\"},\"query-input\":{\"@type\":\"PropertyValueSpecification\",\"valueRequired\":true,\"valueName\":\"search_term_string\"}}],\"inLanguage\":\"fr-FR\"},{\"@type\":\"Organization\",\"@id\":\"\/#organization\",\"name\":\"Suyana\",\"url\":\"\/\",\"logo\":{\"@type\":\"ImageObject\",\"inLanguage\":\"fr-FR\",\"@id\":\"\/#\/schema\/logo\/image\/\",\"url\":\"https:\/\/suyana.shop\/wp-content\/uploads\/2022\/05\/suyana-logo-brown-small.png\",\"contentUrl\":\"https:\/\/suyana.shop\/wp-content\/uploads\/2022\/05\/suyana-logo-brown-small.png\",\"width\":1387,\"height\":300,\"caption\":\"Suyana\"},\"image\":{\"@id\":\"\/#\/schema\/logo\/image\/\"},\"sameAs\":[\"https:\/\/instagram.com\/suyana.spirit\"]}]}<\/script>\n<!-- \/ Yoast SEO Premium plugin. -->","yoast_head_json":{"title":"Encens - Bundle d'encens de Suyanas - Cacao c\u00e9r\u00e9moniel &amp; encens et profondeur spirituelle | Suyana","description":"Dans notre boutique en ligne, vous trouverez tout ce dont vous avez besoin pour votre c\u00e9r\u00e9monie. Nos encens vous font d\u00e9couvrir la diversit\u00e9 et les particularit\u00e9s du monde du c\u00e9r\u00e9monial.","robots":{"index":"index","follow":"follow","max-snippet":"max-snippet:-1","max-image-preview":"max-image-preview:large","max-video-preview":"max-video-preview:-1"},"canonical":"https:\/\/suyana.shop\/fr\/produit\/raeucherwerk-suyanas-raeucherbundle\/","og_locale":"fr_FR","og_type":"article","og_title":"Suyanas R\u00e4ucherbundle","og_description":"In unserem Online-Shop findest du alles f\u00fcr deine Zeremonie &#183; Unser R\u00e4ucherwerk zeigt dir die Vielfalt und Besonderheiten der Welt des zeremoniellen.","og_url":"https:\/\/suyana.shop\/fr\/produit\/raeucherwerk-suyanas-raeucherbundle\/","og_site_name":"Zeremonieller Kakao &amp; R\u00e4ucherwerk und spirituelle Tiefe | Suyana","article_modified_time":"2026-04-04T16:25:59+00:00","og_image":[{"width":2560,"height":1707,"url":"https:\/\/suyana.shop\/wp-content\/uploads\/2023\/03\/DSC07678-scaled.jpg","type":"image\/jpeg"}],"twitter_card":"summary_large_image","twitter_misc":{"Dur\u00e9e de lecture estim\u00e9e":"3 minutes"},"schema":{"@context":"https:\/\/schema.org","@graph":[{"@type":"WebPage","@id":"https:\/\/suyana.shop\/it\/prodotto\/raeucherwerk-suyanas-raeucherbundle","url":"https:\/\/suyana.shop\/it\/prodotto\/raeucherwerk-suyanas-raeucherbundle","name":"Encens - Bundle d'encens de Suyanas - Cacao c\u00e9r\u00e9moniel &amp; encens et profondeur spirituelle | Suyana","isPartOf":{"@id":"\/#website"},"primaryImageOfPage":{"@id":"https:\/\/suyana.shop\/it\/prodotto\/raeucherwerk-suyanas-raeucherbundle#primaryimage"},"image":{"@id":"https:\/\/suyana.shop\/it\/prodotto\/raeucherwerk-suyanas-raeucherbundle#primaryimage"},"thumbnailUrl":"https:\/\/suyana.shop\/wp-content\/uploads\/2023\/03\/DSC07678-scaled.jpg?wsr","datePublished":"2023-03-02T14:59:07+00:00","dateModified":"2026-04-04T16:25:59+00:00","description":"Dans notre boutique en ligne, vous trouverez tout ce dont vous avez besoin pour votre c\u00e9r\u00e9monie. Nos encens vous font d\u00e9couvrir la diversit\u00e9 et les particularit\u00e9s du monde du c\u00e9r\u00e9monial.","breadcrumb":{"@id":"https:\/\/suyana.shop\/it\/prodotto\/raeucherwerk-suyanas-raeucherbundle#breadcrumb"},"inLanguage":"fr-FR","potentialAction":[{"@type":"ReadAction","target":["https:\/\/suyana.shop\/it\/prodotto\/raeucherwerk-suyanas-raeucherbundle"]}]},{"@type":"ImageObject","inLanguage":"fr-FR","@id":"https:\/\/suyana.shop\/it\/prodotto\/raeucherwerk-suyanas-raeucherbundle#primaryimage","url":"https:\/\/suyana.shop\/wp-content\/uploads\/2023\/03\/DSC07678-scaled.jpg?wsr","contentUrl":"https:\/\/suyana.shop\/wp-content\/uploads\/2023\/03\/DSC07678-scaled.jpg?wsr","width":2560,"height":1707},{"@type":"BreadcrumbList","@id":"https:\/\/suyana.shop\/it\/prodotto\/raeucherwerk-suyanas-raeucherbundle#breadcrumb","itemListElement":[{"@type":"ListItem","position":1,"name":"Startseite","item":"https:\/\/suyana.shop\/it\/"},{"@type":"ListItem","position":2,"name":"Suyanas R\u00e4ucherbundle"}]},{"@type":"WebSite","@id":"\/#website","url":"\/","name":"Des c\u00e9r\u00e9monies de Cacao et br\u00fbler de l&#039;Encens et de la Profondeur spirituelle | Suyana","description":"Des C\u00e9r\u00e9monies De Cacao &amp; Kakaozeremonien","publisher":{"@id":"\/#organization"},"potentialAction":[{"@type":"SearchAction","target":{"@type":"EntryPoint","urlTemplate":"\/?s={search_term_string}"},"query-input":{"@type":"PropertyValueSpecification","valueRequired":true,"valueName":"search_term_string"}}],"inLanguage":"fr-FR"},{"@type":"Organization","@id":"\/#organization","name":"Suyana","url":"\/","logo":{"@type":"ImageObject","inLanguage":"fr-FR","@id":"\/#\/schema\/logo\/image\/","url":"https:\/\/suyana.shop\/wp-content\/uploads\/2022\/05\/suyana-logo-brown-small.png","contentUrl":"https:\/\/suyana.shop\/wp-content\/uploads\/2022\/05\/suyana-logo-brown-small.png","width":1387,"height":300,"caption":"Suyana"},"image":{"@id":"\/#\/schema\/logo\/image\/"},"sameAs":["https:\/\/instagram.com\/suyana.spirit"]}]}},"_links":{"self":[{"href":"https:\/\/suyana.shop\/fr\/wp-json\/wp\/v2\/product\/33976","targetHints":{"allow":["GET"]}}],"collection":[{"href":"https:\/\/suyana.shop\/fr\/wp-json\/wp\/v2\/product"}],"about":[{"href":"https:\/\/suyana.shop\/fr\/wp-json\/wp\/v2\/types\/product"}],"replies":[{"embeddable":true,"href":"https:\/\/suyana.shop\/fr\/wp-json\/wp\/v2\/comments?post=33976"}],"version-history":[{"count":1,"href":"https:\/\/suyana.shop\/fr\/wp-json\/wp\/v2\/product\/33976\/revisions"}],"predecessor-version":[{"id":576198,"href":"https:\/\/suyana.shop\/fr\/wp-json\/wp\/v2\/product\/33976\/revisions\/576198"}],"wp:featuredmedia":[{"embeddable":true,"href":"https:\/\/suyana.shop\/fr\/wp-json\/wp\/v2\/media\/572085"}],"wp:attachment":[{"href":"https:\/\/suyana.shop\/fr\/wp-json\/wp\/v2\/media?parent=33976"}],"wp:term":[{"taxonomy":"product_brand","embeddable":true,"href":"https:\/\/suyana.shop\/fr\/wp-json\/wp\/v2\/product_brand?post=33976"},{"taxonomy":"product_cat","embeddable":true,"href":"https:\/\/suyana.shop\/fr\/wp-json\/wp\/v2\/product_cat?post=33976"},{"taxonomy":"product_tag","embeddable":true,"href":"https:\/\/suyana.shop\/fr\/wp-json\/wp\/v2\/product_tag?post=33976"}],"curies":[{"name":"wp","href":"https:\/\/api.w.org\/{rel}","templated":true}]}} 