{"id":34455,"date":"2023-05-23T11:05:22","date_gmt":"2023-05-23T10:05:22","guid":{"rendered":"https:\/\/suyana.shop\/?post_type=product&#038;p=34455"},"modified":"2026-04-08T13:05:35","modified_gmt":"2026-04-08T12:05:35","slug":"sel-de-flocon-de-soleil-indien","status":"publish","type":"product","link":"https:\/\/suyana.shop\/fr\/produkt\/indisches-sonnenflockensalz","title":{"rendered":"<b>Sel flocon de soleil indien<\/b>"},"content":{"rendered":"<p>&nbsp;<\/p>\n<p><img class=\"aligncenter\" src=\"\/wp-content\/uploads\/2022\/07\/Zeichenfla%CC%88che-5100.svg\" alt=\"\" width=\"181\" height=\"25\" \/><\/p>\n<h2 style=\"text-align: center;\">Sel flocon de soleil indien<\/h2>\n<h3 style=\"text-align: center;\">Chaque pinc\u00e9e de ces pr\u00e9cieux flocons de sel donne \u00e0 vos plats une touche d&#039;exclusivit\u00e9<\/h3>\n<div>\n<p>&nbsp;<\/p>\n<p style=\"text-align: center;\">Notre sel indien en forme de flocon de soleil est soigneusement cueilli \u00e0 la main dans une grotte de sel marin unique au nord-est de l&#039;Inde.<\/p>\n<p style=\"text-align: center;\">Dans cette grotte myst\u00e9rieuse, l\u2019eau de mer s\u2019\u00e9vapore, laissant derri\u00e8re elle une fine couche de sel qui ressemble \u00e0 de d\u00e9licats cristaux de glace. Les cristaux de sel se cristallisent en petites pyramides creuses qui d\u00e9veloppent un d\u00e9licieux croquant lorsque vous les mordez.<\/p>\n<p style=\"text-align: center;\">D\u00e9couvrez le compl\u00e9ment parfait \u00e0 votre voyage culinaire avec notre sel flocon de soleil indien, qui se marie \u00e9galement harmonieusement avec notre d\u00e9licieux cacao brut. Telle une danse d&#039;ar\u00f4mes, ce sel allie les nuances gustatives intenses du cacao brut \u00e0 une d\u00e9licate note de sel qui enchantera vos sens.<\/p>\n<p style=\"text-align: center;\">Dans l\u2019art de la pr\u00e9paration du cacao brut, diverses \u00e9pices jouent un r\u00f4le crucial dans le d\u00e9veloppement de tout l\u2019ar\u00f4me et de la profondeur de l\u2019exp\u00e9rience cacaot\u00e9e. De la douceur de la vanille \u00e0 la chaleur \u00e9pic\u00e9e du piment \u2013 et bien s\u00fbr la touche \u00e9quilibr\u00e9e de sel.<\/p>\n<p style=\"text-align: center;\">Notre sel indien Sunflake donne au cacao brut un \u00e9clat de sel qui met en valeur les autres saveurs et compl\u00e8te le go\u00fbt.<\/p>\n<p style=\"text-align: center;\">\n<\/div>\n<div>\n<h3 style=\"text-align: center;\">Vous pouvez nous voir davantage sur Instgram\u00a0!<\/h3>\n<h3 style=\"text-align: center;\"><a href=\"https:\/\/www.instagram.com\/suyana.spirit\/\">suyana.spirit<\/a><\/h3>\n<h3 style=\"text-align: center;\">N&#039;h\u00e9sitez pas \u00e0 essayer nos autres \u00e9pices !<\/h3>\n<h3 style=\"text-align: center;\"><a href=\"https:\/\/suyana.shop\/produkt\/kokosbluetenzucker\">Sucre de fleur de coco<\/a><\/h3>\n<\/div>\n<p>&nbsp;<\/p>\n<p><img src=\"\/wp-content\/uploads\/2023\/05\/shop_salz_bg.jpg\" alt=\"\" \/><\/p>","protected":false},"excerpt":{"rendered":"<ul>\n<li><em>Provenant d&#039;une grotte de sel marin unique au nord-est de l&#039;Inde<\/em><\/li>\n<li><em>Compl\u00e9ment parfait \u00e0 votre rituel de cacao<\/em><\/li>\n<li><em>D\u00e9licieux croquant<\/em><\/li>\n<li><em>Presque aucune humidit\u00e9 r\u00e9siduelle<\/em><\/li>\n<li><em>Enrichit tes cr\u00e9ations culinaires<\/em><\/li>\n<\/ul>","protected":false},"featured_media":568627,"comment_status":"closed","ping_status":"closed","template":"","meta":{"site-sidebar-layout":"default","site-content-layout":"","ast-site-content-layout":"default","site-content-style":"default","site-sidebar-style":"default","ast-global-header-display":"","ast-banner-title-visibility":"","ast-main-header-display":"","ast-hfb-above-header-display":"","ast-hfb-below-header-display":"","ast-hfb-mobile-header-display":"","site-post-title":"","ast-breadcrumbs-content":"","ast-featured-img":"","footer-sml-layout":"","ast-disable-related-posts":"","theme-transparent-header-meta":"default","adv-header-id-meta":"","stick-header-meta":"default","header-above-stick-meta":"","header-main-stick-meta":"","header-below-stick-meta":"","astra-migrate-meta-layouts":"set","ast-page-background-enabled":"default","ast-page-background-meta":{"desktop":{"background-color":"var(--ast-global-color-4)","background-image":"","background-repeat":"repeat","background-position":"center center","background-size":"auto","background-attachment":"scroll","background-type":"","background-media":"","overlay-type":"","overlay-color":"","overlay-opacity":"","overlay-gradient":""},"tablet":{"background-color":"","background-image":"","background-repeat":"repeat","background-position":"center center","background-size":"auto","background-attachment":"scroll","background-type":"","background-media":"","overlay-type":"","overlay-color":"","overlay-opacity":"","overlay-gradient":""},"mobile":{"background-color":"","background-image":"","background-repeat":"repeat","background-position":"center center","background-size":"auto","background-attachment":"scroll","background-type":"","background-media":"","overlay-type":"","overlay-color":"","overlay-opacity":"","overlay-gradient":""}},"ast-content-background-meta":{"desktop":{"background-color":"var(--ast-global-color-5)","background-image":"","background-repeat":"repeat","background-position":"center center","background-size":"auto","background-attachment":"scroll","background-type":"","background-media":"","overlay-type":"","overlay-color":"","overlay-opacity":"","overlay-gradient":""},"tablet":{"background-color":"var(--ast-global-color-5)","background-image":"","background-repeat":"repeat","background-position":"center center","background-size":"auto","background-attachment":"scroll","background-type":"","background-media":"","overlay-type":"","overlay-color":"","overlay-opacity":"","overlay-gradient":""},"mobile":{"background-color":"var(--ast-global-color-5)","background-image":"","background-repeat":"repeat","background-position":"center center","background-size":"auto","background-attachment":"scroll","background-type":"","background-media":"","overlay-type":"","overlay-color":"","overlay-opacity":"","overlay-gradient":""}}},"product_brand":[],"product_cat":[15,187],"product_tag":[],"class_list":{"0":"post-34455","1":"product","2":"type-product","3":"status-publish","4":"has-post-thumbnail","6":"product_cat-alle-produkte","7":"product_cat-gewuerze","8":"desktop-align-left","9":"tablet-align-left","10":"mobile-align-left","11":"ast-product-gallery-layout-horizontal-slider","12":"ast-product-single-variable","13":"ast-product-tabs-layout-horizontal","15":"first","16":"instock","17":"taxable","18":"shipping-taxable","19":"purchasable","20":"product-type-variable"},"bundled_by":[],"bundle_stock_status":"instock","bundle_stock_quantity":null,"bundle_virtual":false,"bundle_layout":"","bundle_add_to_cart_form_location":"","bundle_editable_in_cart":false,"bundle_sold_individually_context":"","bundle_item_grouping":"","bundle_min_size":"","bundle_max_size":"","bundle_price":[],"bundled_items":[],"bundle_sell_ids":[],"yoast_head":"<!-- This site is optimized with the Yoast SEO Premium plugin v24.0 (Yoast SEO v26.9) - https:\/\/yoast.com\/product\/yoast-seo-premium-wordpress\/ -->\n<title>Indisches Sonnenflocken Salz &#183; Zeremonieller Kakao &amp; R\u00e4ucherwerk und spirituelle Tiefe | Suyana<\/title>\n<meta name=\"description\" content=\"In unserem Online-Shop findest du alles f\u00fcr deine Zeremonie &#183; Unser Sonnenflocken Salz verleiht jedem Gericht einen Hauch Exklusivit\u00e4t.\" \/>\n<meta name=\"robots\" content=\"index, follow, max-snippet:-1, max-image-preview:large, max-video-preview:-1\" \/>\n<link rel=\"canonical\" href=\"https:\/\/suyana.shop\/fr\/produit\/sel-de-flocon-de-soleil-indien\/\" \/>\n<meta property=\"og:locale\" content=\"fr_FR\" \/>\n<meta property=\"og:type\" content=\"article\" \/>\n<meta property=\"og:title\" content=\"Indisches Sonnenflockensalz\" \/>\n<meta property=\"og:description\" content=\"In unserem Online-Shop findest du alles f\u00fcr deine Zeremonie &#183; Unser Sonnenflocken Salz verleiht jedem Gericht einen Hauch Exklusivit\u00e4t.\" \/>\n<meta property=\"og:url\" content=\"https:\/\/suyana.shop\/fr\/produit\/sel-de-flocon-de-soleil-indien\/\" \/>\n<meta property=\"og:site_name\" content=\"Zeremonieller Kakao &amp; R\u00e4ucherwerk und spirituelle Tiefe | Suyana\" \/>\n<meta property=\"article:modified_time\" content=\"2026-04-08T12:05:35+00:00\" \/>\n<meta property=\"og:image\" content=\"https:\/\/suyana.shop\/wp-content\/uploads\/2023\/05\/Suyana-x-Elimba-DSC00369-Bearbeitet-scaled.jpg\" \/>\n\t<meta property=\"og:image:width\" content=\"2560\" \/>\n\t<meta property=\"og:image:height\" content=\"1707\" \/>\n\t<meta property=\"og:image:type\" content=\"image\/jpeg\" \/>\n<meta name=\"twitter:card\" content=\"summary_large_image\" \/>\n<meta name=\"twitter:label1\" content=\"Dur\u00e9e de lecture estim\u00e9e\" \/>\n\t<meta name=\"twitter:data1\" content=\"2 minutes\" \/>\n<script type=\"application\/ld+json\" class=\"yoast-schema-graph\">{\"@context\":\"https:\/\/schema.org\",\"@graph\":[{\"@type\":\"WebPage\",\"@id\":\"https:\/\/suyana.shop\/produkt\/indisches-sonnenflockensalz\",\"url\":\"https:\/\/suyana.shop\/produkt\/indisches-sonnenflockensalz\",\"name\":\"Indisches Sonnenflocken Salz &#183; Zeremonieller Kakao &amp; R\u00e4ucherwerk und spirituelle Tiefe | Suyana\",\"isPartOf\":{\"@id\":\"\/#website\"},\"primaryImageOfPage\":{\"@id\":\"https:\/\/suyana.shop\/produkt\/indisches-sonnenflockensalz#primaryimage\"},\"image\":{\"@id\":\"https:\/\/suyana.shop\/produkt\/indisches-sonnenflockensalz#primaryimage\"},\"thumbnailUrl\":\"https:\/\/suyana.shop\/wp-content\/uploads\/2023\/05\/Suyana-x-Elimba-DSC00369-Bearbeitet-scaled.jpg?wsr\",\"datePublished\":\"2023-05-23T10:05:22+00:00\",\"dateModified\":\"2026-04-08T12:05:35+00:00\",\"description\":\"In unserem Online-Shop findest du alles f\u00fcr deine Zeremonie &#183; Unser Sonnenflocken Salz verleiht jedem Gericht einen Hauch Exklusivit\u00e4t.\",\"breadcrumb\":{\"@id\":\"https:\/\/suyana.shop\/produkt\/indisches-sonnenflockensalz#breadcrumb\"},\"inLanguage\":\"fr-FR\",\"potentialAction\":[{\"@type\":\"ReadAction\",\"target\":[\"https:\/\/suyana.shop\/produkt\/indisches-sonnenflockensalz\"]}]},{\"@type\":\"ImageObject\",\"inLanguage\":\"fr-FR\",\"@id\":\"https:\/\/suyana.shop\/produkt\/indisches-sonnenflockensalz#primaryimage\",\"url\":\"https:\/\/suyana.shop\/wp-content\/uploads\/2023\/05\/Suyana-x-Elimba-DSC00369-Bearbeitet-scaled.jpg?wsr\",\"contentUrl\":\"https:\/\/suyana.shop\/wp-content\/uploads\/2023\/05\/Suyana-x-Elimba-DSC00369-Bearbeitet-scaled.jpg?wsr\",\"width\":2560,\"height\":1707},{\"@type\":\"BreadcrumbList\",\"@id\":\"https:\/\/suyana.shop\/produkt\/indisches-sonnenflockensalz#breadcrumb\",\"itemListElement\":[{\"@type\":\"ListItem\",\"position\":1,\"name\":\"Startseite\",\"item\":\"https:\/\/suyana.shop\/it\/\"},{\"@type\":\"ListItem\",\"position\":2,\"name\":\"Indisches Sonnenflockensalz\"}]},{\"@type\":\"WebSite\",\"@id\":\"\/#website\",\"url\":\"\/\",\"name\":\"Zeremonieller Kakao &amp; R\u00e4ucherwerk und spirituelle Tiefe | Suyana\",\"description\":\"Zeremonieller Kakao &amp; Kakaozeremonien\",\"publisher\":{\"@id\":\"\/#organization\"},\"potentialAction\":[{\"@type\":\"SearchAction\",\"target\":{\"@type\":\"EntryPoint\",\"urlTemplate\":\"\/?s={search_term_string}\"},\"query-input\":{\"@type\":\"PropertyValueSpecification\",\"valueRequired\":true,\"valueName\":\"search_term_string\"}}],\"inLanguage\":\"fr-FR\"},{\"@type\":\"Organization\",\"@id\":\"\/#organization\",\"name\":\"Suyana\",\"url\":\"\/\",\"logo\":{\"@type\":\"ImageObject\",\"inLanguage\":\"fr-FR\",\"@id\":\"\/#\/schema\/logo\/image\/\",\"url\":\"https:\/\/suyana.shop\/wp-content\/uploads\/2022\/05\/suyana-logo-brown-small.png\",\"contentUrl\":\"https:\/\/suyana.shop\/wp-content\/uploads\/2022\/05\/suyana-logo-brown-small.png\",\"width\":1387,\"height\":300,\"caption\":\"Suyana\"},\"image\":{\"@id\":\"\/#\/schema\/logo\/image\/\"},\"sameAs\":[\"https:\/\/instagram.com\/suyana.spirit\"]}]}<\/script>\n<!-- \/ Yoast SEO Premium plugin. -->","yoast_head_json":{"title":"Sel indien en flocons de soleil - Cacao c\u00e9r\u00e9moniel &amp; encens et profondeur spirituelle | Suyana","description":"Dans notre boutique en ligne, vous trouverez tout ce dont vous avez besoin pour votre c\u00e9r\u00e9monie. Notre sel flocon de soleil donne \u00e0 chaque plat une touche d&#039;exclusivit\u00e9.","robots":{"index":"index","follow":"follow","max-snippet":"max-snippet:-1","max-image-preview":"max-image-preview:large","max-video-preview":"max-video-preview:-1"},"canonical":"https:\/\/suyana.shop\/fr\/produit\/sel-de-flocon-de-soleil-indien\/","og_locale":"fr_FR","og_type":"article","og_title":"Indisches Sonnenflockensalz","og_description":"In unserem Online-Shop findest du alles f\u00fcr deine Zeremonie &#183; Unser Sonnenflocken Salz verleiht jedem Gericht einen Hauch Exklusivit\u00e4t.","og_url":"https:\/\/suyana.shop\/fr\/produit\/sel-de-flocon-de-soleil-indien\/","og_site_name":"Zeremonieller Kakao &amp; R\u00e4ucherwerk und spirituelle Tiefe | Suyana","article_modified_time":"2026-04-08T12:05:35+00:00","og_image":[{"width":2560,"height":1707,"url":"https:\/\/suyana.shop\/wp-content\/uploads\/2023\/05\/Suyana-x-Elimba-DSC00369-Bearbeitet-scaled.jpg","type":"image\/jpeg"}],"twitter_card":"summary_large_image","twitter_misc":{"Dur\u00e9e de lecture estim\u00e9e":"2 minutes"},"schema":{"@context":"https:\/\/schema.org","@graph":[{"@type":"WebPage","@id":"https:\/\/suyana.shop\/produkt\/indisches-sonnenflockensalz","url":"https:\/\/suyana.shop\/produkt\/indisches-sonnenflockensalz","name":"Sel indien en flocons de soleil - Cacao c\u00e9r\u00e9moniel &amp; encens et profondeur spirituelle | Suyana","isPartOf":{"@id":"\/#website"},"primaryImageOfPage":{"@id":"https:\/\/suyana.shop\/produkt\/indisches-sonnenflockensalz#primaryimage"},"image":{"@id":"https:\/\/suyana.shop\/produkt\/indisches-sonnenflockensalz#primaryimage"},"thumbnailUrl":"https:\/\/suyana.shop\/wp-content\/uploads\/2023\/05\/Suyana-x-Elimba-DSC00369-Bearbeitet-scaled.jpg?wsr","datePublished":"2023-05-23T10:05:22+00:00","dateModified":"2026-04-08T12:05:35+00:00","description":"Dans notre boutique en ligne, vous trouverez tout ce dont vous avez besoin pour votre c\u00e9r\u00e9monie. Notre sel flocon de soleil donne \u00e0 chaque plat une touche d&#039;exclusivit\u00e9.","breadcrumb":{"@id":"https:\/\/suyana.shop\/produkt\/indisches-sonnenflockensalz#breadcrumb"},"inLanguage":"fr-FR","potentialAction":[{"@type":"ReadAction","target":["https:\/\/suyana.shop\/produkt\/indisches-sonnenflockensalz"]}]},{"@type":"ImageObject","inLanguage":"fr-FR","@id":"https:\/\/suyana.shop\/produkt\/indisches-sonnenflockensalz#primaryimage","url":"https:\/\/suyana.shop\/wp-content\/uploads\/2023\/05\/Suyana-x-Elimba-DSC00369-Bearbeitet-scaled.jpg?wsr","contentUrl":"https:\/\/suyana.shop\/wp-content\/uploads\/2023\/05\/Suyana-x-Elimba-DSC00369-Bearbeitet-scaled.jpg?wsr","width":2560,"height":1707},{"@type":"BreadcrumbList","@id":"https:\/\/suyana.shop\/produkt\/indisches-sonnenflockensalz#breadcrumb","itemListElement":[{"@type":"ListItem","position":1,"name":"Startseite","item":"https:\/\/suyana.shop\/it\/"},{"@type":"ListItem","position":2,"name":"Indisches Sonnenflockensalz"}]},{"@type":"WebSite","@id":"\/#website","url":"\/","name":"Des c\u00e9r\u00e9monies de Cacao et br\u00fbler de l&#039;Encens et de la Profondeur spirituelle | Suyana","description":"Des C\u00e9r\u00e9monies De Cacao &amp; Kakaozeremonien","publisher":{"@id":"\/#organization"},"potentialAction":[{"@type":"SearchAction","target":{"@type":"EntryPoint","urlTemplate":"\/?s={search_term_string}"},"query-input":{"@type":"PropertyValueSpecification","valueRequired":true,"valueName":"search_term_string"}}],"inLanguage":"fr-FR"},{"@type":"Organization","@id":"\/#organization","name":"Suyana","url":"\/","logo":{"@type":"ImageObject","inLanguage":"fr-FR","@id":"\/#\/schema\/logo\/image\/","url":"https:\/\/suyana.shop\/wp-content\/uploads\/2022\/05\/suyana-logo-brown-small.png","contentUrl":"https:\/\/suyana.shop\/wp-content\/uploads\/2022\/05\/suyana-logo-brown-small.png","width":1387,"height":300,"caption":"Suyana"},"image":{"@id":"\/#\/schema\/logo\/image\/"},"sameAs":["https:\/\/instagram.com\/suyana.spirit"]}]}},"_links":{"self":[{"href":"https:\/\/suyana.shop\/fr\/wp-json\/wp\/v2\/product\/34455","targetHints":{"allow":["GET"]}}],"collection":[{"href":"https:\/\/suyana.shop\/fr\/wp-json\/wp\/v2\/product"}],"about":[{"href":"https:\/\/suyana.shop\/fr\/wp-json\/wp\/v2\/types\/product"}],"replies":[{"embeddable":true,"href":"https:\/\/suyana.shop\/fr\/wp-json\/wp\/v2\/comments?post=34455"}],"version-history":[{"count":2,"href":"https:\/\/suyana.shop\/fr\/wp-json\/wp\/v2\/product\/34455\/revisions"}],"predecessor-version":[{"id":573494,"href":"https:\/\/suyana.shop\/fr\/wp-json\/wp\/v2\/product\/34455\/revisions\/573494"}],"wp:featuredmedia":[{"embeddable":true,"href":"https:\/\/suyana.shop\/fr\/wp-json\/wp\/v2\/media\/568627"}],"wp:attachment":[{"href":"https:\/\/suyana.shop\/fr\/wp-json\/wp\/v2\/media?parent=34455"}],"wp:term":[{"taxonomy":"product_brand","embeddable":true,"href":"https:\/\/suyana.shop\/fr\/wp-json\/wp\/v2\/product_brand?post=34455"},{"taxonomy":"product_cat","embeddable":true,"href":"https:\/\/suyana.shop\/fr\/wp-json\/wp\/v2\/product_cat?post=34455"},{"taxonomy":"product_tag","embeddable":true,"href":"https:\/\/suyana.shop\/fr\/wp-json\/wp\/v2\/product_tag?post=34455"}],"curies":[{"name":"wp","href":"https:\/\/api.w.org\/{rel}","templated":true}]}}