{"id":34465,"date":"2023-05-23T11:42:32","date_gmt":"2023-05-23T10:42:32","guid":{"rendered":"https:\/\/suyana.shop\/?post_type=product&#038;p=34465"},"modified":"2026-04-07T17:41:51","modified_gmt":"2026-04-07T16:41:51","slug":"feves-tonka-bio","status":"publish","type":"product","link":"https:\/\/suyana.shop\/fr\/produkt\/bio-tonkabohnen","title":{"rendered":"<b>F\u00e8ves tonka moulues biologiques<\/b> Collection sauvage du Br\u00e9sil"},"content":{"rendered":"<div data-elementor-type=\"product-post\" data-elementor-id=\"34465\" class=\"elementor elementor-34465\" data-elementor-post-type=\"product\">\n\t\t\t\t\t\t<section class=\"elementor-section elementor-top-section elementor-element elementor-element-c20d2f5 elementor-section-boxed elementor-section-height-default elementor-section-height-default\" data-id=\"c20d2f5\" data-element_type=\"section\" data-e-type=\"section\">\n\t\t\t\t\t\t<div class=\"elementor-container elementor-column-gap-default\">\n\t\t\t\t\t<div class=\"elementor-column elementor-col-100 elementor-top-column elementor-element elementor-element-46724d9b\" data-id=\"46724d9b\" data-element_type=\"column\" data-e-type=\"column\">\n\t\t\t<div class=\"elementor-widget-wrap elementor-element-populated\">\n\t\t\t\t\t\t<div class=\"elementor-element elementor-element-4c7df72a elementor-widget elementor-widget-text-editor\" data-id=\"4c7df72a\" data-element_type=\"widget\" data-e-type=\"widget\" data-widget_type=\"text-editor.default\">\n\t\t\t\t<div class=\"elementor-widget-container\">\n\t\t\t\t\t\t\t\t\t<p><img class=\"aligncenter\" src=\"\/wp-content\/uploads\/2022\/07\/Zeichenfla%CC%88che-5100.svg\" alt=\"\" width=\"181\" height=\"25\" \/><\/p><h2 style=\"text-align: center;\">F\u00e8ves tonka bio<\/h2><h4 style=\"text-align: center;\">Dans votre cacao de c\u00e9r\u00e9monie, les f\u00e8ves tonka d\u00e9voilent tout leur amour et leur \u00e9nergie<\/h4><div><p>\u00a0<\/p><p style=\"text-align: center;\">Bienvenue dans le monde magique des f\u00e8ves tonka bio de Suyana ! Ces adorables petits tr\u00e9sors du Br\u00e9sil, d\u00e9j\u00e0 broy\u00e9s pour vous, sont un v\u00e9ritable tr\u00e9sor pour nos sens. Laissez-nous vous parler de leur magie et de leurs bienfaits pour votre cacao de c\u00e9r\u00e9monie.<\/p><p style=\"text-align: center;\">Nos f\u00e8ves tonka biologiques proviennent des r\u00e9gions ensoleill\u00e9es du Br\u00e9sil, o\u00f9 elles sont cultiv\u00e9es avec amour et respect de la nature. Chaque grain est soigneusement r\u00e9colt\u00e9, s\u00e9ch\u00e9 et moulu en une fine poudre pour garantir que ses saveurs et sa magie soient conserv\u00e9es.<\/p><p style=\"text-align: center;\">Dans votre cacao de c\u00e9r\u00e9monie, les f\u00e8ves tonka d\u00e9voilent tout leur amour et leur \u00e9nergie. Lorsque vous ouvrirez l&#039;emballage, votre c\u0153ur sera rempli d&#039;un merveilleux parfum qui vous entra\u00eenera dans un monde de sensualit\u00e9. Les f\u00e8ves tonka moulues ajoutent une saveur unique \u00e0 votre cacao. Son caract\u00e8re \u00e9pic\u00e9 s&#039;accompagne d&#039;une douce nuance vanill\u00e9e et amand\u00e9e. Chaque gorg\u00e9e devient une tendre lettre d&#039;amour \u00e0 vos sens.<\/p><p style=\"text-align: center;\">En tant qu&#039;entreprise Suyana, il est important pour nous de proposer des produits durables et de haute qualit\u00e9. Nos f\u00e8ves tonka biologiques du Br\u00e9sil sont un symbole de la diversit\u00e9 et des dons pr\u00e9cieux de la nature. Nous entretenons des partenariats \u00e9troits avec les agriculteurs locaux et soutenons une agriculture \u00e9quitable et \u00e9cologiquement responsable.<\/p><p style=\"text-align: center;\">Plongez dans l&#039;univers amoureux des f\u00e8ves tonka bio et savourez le go\u00fbt unique qu&#039;elles donnent \u00e0 votre cacao d&#039;apparat. Ressentez l&#039;amour et le soin que nous apportons \u00e0 chaque produit et laissez-vous enchanter par la magie des f\u00e8ves tonka. Suyana vous accompagne dans votre voyage culinaire vers le plaisir et l&#039;harmonie.<\/p><p style=\"text-align: center;\"><em>Note<\/em>: La f\u00e8ve tonka est une \u00e9pice naturelle exceptionnellement aromatique - mais c'est justement \u00e0 cause de ses composants intenses qu'il est pr\u00e9f\u00e9rable de ne pas en consommer pendant la grossesse et l'allaitement.\u00a0<\/p><\/div><div><p>\u00a0<\/p><\/div><p><img src=\"\/wp-content\/uploads\/2023\/05\/shop_tonkabohne_bg.jpg\" alt=\"\" \/><\/p>\t\t\t\t\t\t\t\t<\/div>\n\t\t\t\t<\/div>\n\t\t\t\t\t<\/div>\n\t\t<\/div>\n\t\t\t\t\t<\/div>\n\t\t<\/section>\n\t\t\t\t<\/div>","protected":false},"excerpt":{"rendered":"<ul>\n<li><em>F\u00e8ves tonka biologiques issues de r\u00e9coltes sauvages au Br\u00e9sil<\/em><\/li>\n<li><em>Parfum enivrant et go\u00fbt unique aux notes \u00e9pic\u00e9es, vanill\u00e9es et amand\u00e9es<\/em><\/li>\n<li><em>Donne \u00e0 votre cacao de c\u00e9r\u00e9monie une touche particuli\u00e8re et magique<\/em><\/li>\n<li><em>Cultiv\u00e9 de mani\u00e8re durable et \u00e9cologique pour pr\u00e9server la nature et le go\u00fbt<\/em><\/li>\n<\/ul>","protected":false},"featured_media":568625,"comment_status":"closed","ping_status":"closed","template":"","meta":{"site-sidebar-layout":"default","site-content-layout":"","ast-site-content-layout":"default","site-content-style":"default","site-sidebar-style":"default","ast-global-header-display":"","ast-banner-title-visibility":"","ast-main-header-display":"","ast-hfb-above-header-display":"","ast-hfb-below-header-display":"","ast-hfb-mobile-header-display":"","site-post-title":"","ast-breadcrumbs-content":"","ast-featured-img":"","footer-sml-layout":"","ast-disable-related-posts":"","theme-transparent-header-meta":"default","adv-header-id-meta":"","stick-header-meta":"default","header-above-stick-meta":"","header-main-stick-meta":"","header-below-stick-meta":"","astra-migrate-meta-layouts":"set","ast-page-background-enabled":"default","ast-page-background-meta":{"desktop":{"background-color":"var(--ast-global-color-4)","background-image":"","background-repeat":"repeat","background-position":"center center","background-size":"auto","background-attachment":"scroll","background-type":"","background-media":"","overlay-type":"","overlay-color":"","overlay-opacity":"","overlay-gradient":""},"tablet":{"background-color":"","background-image":"","background-repeat":"repeat","background-position":"center center","background-size":"auto","background-attachment":"scroll","background-type":"","background-media":"","overlay-type":"","overlay-color":"","overlay-opacity":"","overlay-gradient":""},"mobile":{"background-color":"","background-image":"","background-repeat":"repeat","background-position":"center center","background-size":"auto","background-attachment":"scroll","background-type":"","background-media":"","overlay-type":"","overlay-color":"","overlay-opacity":"","overlay-gradient":""}},"ast-content-background-meta":{"desktop":{"background-color":"var(--ast-global-color-5)","background-image":"","background-repeat":"repeat","background-position":"center center","background-size":"auto","background-attachment":"scroll","background-type":"","background-media":"","overlay-type":"","overlay-color":"","overlay-opacity":"","overlay-gradient":""},"tablet":{"background-color":"var(--ast-global-color-5)","background-image":"","background-repeat":"repeat","background-position":"center center","background-size":"auto","background-attachment":"scroll","background-type":"","background-media":"","overlay-type":"","overlay-color":"","overlay-opacity":"","overlay-gradient":""},"mobile":{"background-color":"var(--ast-global-color-5)","background-image":"","background-repeat":"repeat","background-position":"center center","background-size":"auto","background-attachment":"scroll","background-type":"","background-media":"","overlay-type":"","overlay-color":"","overlay-opacity":"","overlay-gradient":""}}},"product_brand":[],"product_cat":[15,187],"product_tag":[],"class_list":{"0":"post-34465","1":"product","2":"type-product","3":"status-publish","4":"has-post-thumbnail","6":"product_cat-alle-produkte","7":"product_cat-gewuerze","8":"desktop-align-left","9":"tablet-align-left","10":"mobile-align-left","11":"ast-product-gallery-layout-horizontal-slider","12":"ast-product-single-variable","13":"ast-product-tabs-layout-horizontal","15":"first","16":"instock","17":"taxable","18":"shipping-taxable","19":"purchasable","20":"product-type-variable"},"bundled_by":["574675"],"bundle_stock_status":"instock","bundle_stock_quantity":null,"bundle_virtual":false,"bundle_layout":"","bundle_add_to_cart_form_location":"","bundle_editable_in_cart":false,"bundle_sold_individually_context":"","bundle_item_grouping":"","bundle_min_size":"","bundle_max_size":"","bundle_price":[],"bundled_items":[],"bundle_sell_ids":[],"yoast_head":"<!-- This site is optimized with the Yoast SEO Premium plugin v24.0 (Yoast SEO v26.9) - https:\/\/yoast.com\/product\/yoast-seo-premium-wordpress\/ -->\n<title>Bio Tonkabohnen &#183; Zeremonieller Kakao &amp; R\u00e4ucherwerk und spirituelle Tiefe | Suyana<\/title>\n<meta name=\"description\" content=\"In unserem Online-Shop findest du alles f\u00fcr deine Zeremonie &#183; Unsere Bio Tonkabohnen erg\u00e4nzen deinen zeremoniellen Kakao mit einem au\u00dfergew\u00f6hnlichem Aroma.\" \/>\n<meta name=\"robots\" content=\"index, follow, max-snippet:-1, max-image-preview:large, max-video-preview:-1\" \/>\n<link rel=\"canonical\" href=\"https:\/\/suyana.shop\/fr\/produit\/feves-tonka-bio\" \/>\n<meta property=\"og:locale\" content=\"fr_FR\" \/>\n<meta property=\"og:type\" content=\"article\" \/>\n<meta property=\"og:title\" content=\"Bio Tonkabohnen gemahlen Wildsammlung aus Brasilien\" \/>\n<meta property=\"og:description\" content=\"In unserem Online-Shop findest du alles f\u00fcr deine Zeremonie &#183; Unsere Bio Tonkabohnen erg\u00e4nzen deinen zeremoniellen Kakao mit einem au\u00dfergew\u00f6hnlichem Aroma.\" \/>\n<meta property=\"og:url\" content=\"https:\/\/suyana.shop\/fr\/produit\/feves-tonka-bio\" \/>\n<meta property=\"og:site_name\" content=\"Zeremonieller Kakao &amp; R\u00e4ucherwerk und spirituelle Tiefe | Suyana\" \/>\n<meta property=\"article:modified_time\" content=\"2026-04-07T16:41:51+00:00\" \/>\n<meta property=\"og:image\" content=\"https:\/\/suyana.shop\/wp-content\/uploads\/2023\/05\/Suyana-x-Elimba-DSC00363-Bearbeitet-scaled-e1744114716376.jpg\" \/>\n\t<meta property=\"og:image:width\" content=\"2266\" \/>\n\t<meta property=\"og:image:height\" content=\"1510\" \/>\n\t<meta property=\"og:image:type\" content=\"image\/jpeg\" \/>\n<meta name=\"twitter:card\" content=\"summary_large_image\" \/>\n<meta name=\"twitter:label1\" content=\"Dur\u00e9e de lecture estim\u00e9e\" \/>\n\t<meta name=\"twitter:data1\" content=\"3 minutes\" \/>\n<script type=\"application\/ld+json\" class=\"yoast-schema-graph\">{\"@context\":\"https:\/\/schema.org\",\"@graph\":[{\"@type\":\"WebPage\",\"@id\":\"https:\/\/suyana.shop\/fr\/produit\/feves-tonka-bio\",\"url\":\"https:\/\/suyana.shop\/fr\/produit\/feves-tonka-bio\",\"name\":\"Bio Tonkabohnen &#183; Zeremonieller Kakao &amp; R\u00e4ucherwerk und spirituelle Tiefe | Suyana\",\"isPartOf\":{\"@id\":\"\/#website\"},\"primaryImageOfPage\":{\"@id\":\"https:\/\/suyana.shop\/fr\/produit\/feves-tonka-bio#primaryimage\"},\"image\":{\"@id\":\"https:\/\/suyana.shop\/fr\/produit\/feves-tonka-bio#primaryimage\"},\"thumbnailUrl\":\"https:\/\/suyana.shop\/wp-content\/uploads\/2023\/05\/Suyana-x-Elimba-DSC00363-Bearbeitet-scaled-e1744114716376.jpg?wsr\",\"datePublished\":\"2023-05-23T10:42:32+00:00\",\"dateModified\":\"2026-04-07T16:41:51+00:00\",\"description\":\"In unserem Online-Shop findest du alles f\u00fcr deine Zeremonie &#183; Unsere Bio Tonkabohnen erg\u00e4nzen deinen zeremoniellen Kakao mit einem au\u00dfergew\u00f6hnlichem Aroma.\",\"breadcrumb\":{\"@id\":\"https:\/\/suyana.shop\/fr\/produit\/feves-tonka-bio#breadcrumb\"},\"inLanguage\":\"fr-FR\",\"potentialAction\":[{\"@type\":\"ReadAction\",\"target\":[\"https:\/\/suyana.shop\/fr\/produit\/feves-tonka-bio\"]}]},{\"@type\":\"ImageObject\",\"inLanguage\":\"fr-FR\",\"@id\":\"https:\/\/suyana.shop\/fr\/produit\/feves-tonka-bio#primaryimage\",\"url\":\"https:\/\/suyana.shop\/wp-content\/uploads\/2023\/05\/Suyana-x-Elimba-DSC00363-Bearbeitet-scaled-e1744114716376.jpg?wsr\",\"contentUrl\":\"https:\/\/suyana.shop\/wp-content\/uploads\/2023\/05\/Suyana-x-Elimba-DSC00363-Bearbeitet-scaled-e1744114716376.jpg?wsr\",\"width\":2266,\"height\":1510},{\"@type\":\"BreadcrumbList\",\"@id\":\"https:\/\/suyana.shop\/fr\/produit\/feves-tonka-bio#breadcrumb\",\"itemListElement\":[{\"@type\":\"ListItem\",\"position\":1,\"name\":\"Startseite\",\"item\":\"https:\/\/suyana.shop\/\"},{\"@type\":\"ListItem\",\"position\":2,\"name\":\"Bio Tonkabohnen gemahlen Wildsammlung aus Brasilien\"}]},{\"@type\":\"WebSite\",\"@id\":\"\/#website\",\"url\":\"\/\",\"name\":\"Zeremonieller Kakao &amp; R\u00e4ucherwerk und spirituelle Tiefe | Suyana\",\"description\":\"Zeremonieller Kakao &amp; Kakaozeremonien\",\"publisher\":{\"@id\":\"\/#organization\"},\"potentialAction\":[{\"@type\":\"SearchAction\",\"target\":{\"@type\":\"EntryPoint\",\"urlTemplate\":\"\/?s={search_term_string}\"},\"query-input\":{\"@type\":\"PropertyValueSpecification\",\"valueRequired\":true,\"valueName\":\"search_term_string\"}}],\"inLanguage\":\"fr-FR\"},{\"@type\":\"Organization\",\"@id\":\"\/#organization\",\"name\":\"Suyana\",\"url\":\"\/\",\"logo\":{\"@type\":\"ImageObject\",\"inLanguage\":\"fr-FR\",\"@id\":\"\/#\/schema\/logo\/image\/\",\"url\":\"https:\/\/suyana.shop\/wp-content\/uploads\/2022\/05\/suyana-logo-brown-small.png\",\"contentUrl\":\"https:\/\/suyana.shop\/wp-content\/uploads\/2022\/05\/suyana-logo-brown-small.png\",\"width\":1387,\"height\":300,\"caption\":\"Suyana\"},\"image\":{\"@id\":\"\/#\/schema\/logo\/image\/\"},\"sameAs\":[\"https:\/\/instagram.com\/suyana.spirit\"]}]}<\/script>\n<!-- \/ Yoast SEO Premium plugin. -->","yoast_head_json":{"title":"F\u00e8ves de tonka bio - Cacao c\u00e9r\u00e9monial &amp; encens et profondeur spirituelle | Suyana","description":"Dans notre boutique en ligne, vous trouverez tout ce dont vous avez besoin pour votre c\u00e9r\u00e9monie. Nos f\u00e8ves tonka bio compl\u00e8tent votre cacao de c\u00e9r\u00e9monie avec un ar\u00f4me extraordinaire.","robots":{"index":"index","follow":"follow","max-snippet":"max-snippet:-1","max-image-preview":"max-image-preview:large","max-video-preview":"max-video-preview:-1"},"canonical":"https:\/\/suyana.shop\/fr\/produit\/feves-tonka-bio","og_locale":"fr_FR","og_type":"article","og_title":"Bio Tonkabohnen gemahlen Wildsammlung aus Brasilien","og_description":"In unserem Online-Shop findest du alles f\u00fcr deine Zeremonie &#183; Unsere Bio Tonkabohnen erg\u00e4nzen deinen zeremoniellen Kakao mit einem au\u00dfergew\u00f6hnlichem Aroma.","og_url":"https:\/\/suyana.shop\/fr\/produit\/feves-tonka-bio","og_site_name":"Zeremonieller Kakao &amp; R\u00e4ucherwerk und spirituelle Tiefe | Suyana","article_modified_time":"2026-04-07T16:41:51+00:00","og_image":[{"width":2266,"height":1510,"url":"https:\/\/suyana.shop\/wp-content\/uploads\/2023\/05\/Suyana-x-Elimba-DSC00363-Bearbeitet-scaled-e1744114716376.jpg","type":"image\/jpeg"}],"twitter_card":"summary_large_image","twitter_misc":{"Dur\u00e9e de lecture estim\u00e9e":"3 minutes"},"schema":{"@context":"https:\/\/schema.org","@graph":[{"@type":"WebPage","@id":"https:\/\/suyana.shop\/fr\/produit\/feves-tonka-bio","url":"https:\/\/suyana.shop\/fr\/produit\/feves-tonka-bio","name":"F\u00e8ves de tonka bio - Cacao c\u00e9r\u00e9monial &amp; encens et profondeur spirituelle | Suyana","isPartOf":{"@id":"\/#website"},"primaryImageOfPage":{"@id":"https:\/\/suyana.shop\/fr\/produit\/feves-tonka-bio#primaryimage"},"image":{"@id":"https:\/\/suyana.shop\/fr\/produit\/feves-tonka-bio#primaryimage"},"thumbnailUrl":"https:\/\/suyana.shop\/wp-content\/uploads\/2023\/05\/Suyana-x-Elimba-DSC00363-Bearbeitet-scaled-e1744114716376.jpg?wsr","datePublished":"2023-05-23T10:42:32+00:00","dateModified":"2026-04-07T16:41:51+00:00","description":"Dans notre boutique en ligne, vous trouverez tout ce dont vous avez besoin pour votre c\u00e9r\u00e9monie. Nos f\u00e8ves tonka bio compl\u00e8tent votre cacao de c\u00e9r\u00e9monie avec un ar\u00f4me extraordinaire.","breadcrumb":{"@id":"https:\/\/suyana.shop\/fr\/produit\/feves-tonka-bio#breadcrumb"},"inLanguage":"fr-FR","potentialAction":[{"@type":"ReadAction","target":["https:\/\/suyana.shop\/fr\/produit\/feves-tonka-bio"]}]},{"@type":"ImageObject","inLanguage":"fr-FR","@id":"https:\/\/suyana.shop\/fr\/produit\/feves-tonka-bio#primaryimage","url":"https:\/\/suyana.shop\/wp-content\/uploads\/2023\/05\/Suyana-x-Elimba-DSC00363-Bearbeitet-scaled-e1744114716376.jpg?wsr","contentUrl":"https:\/\/suyana.shop\/wp-content\/uploads\/2023\/05\/Suyana-x-Elimba-DSC00363-Bearbeitet-scaled-e1744114716376.jpg?wsr","width":2266,"height":1510},{"@type":"BreadcrumbList","@id":"https:\/\/suyana.shop\/fr\/produit\/feves-tonka-bio#breadcrumb","itemListElement":[{"@type":"ListItem","position":1,"name":"Startseite","item":"https:\/\/suyana.shop\/"},{"@type":"ListItem","position":2,"name":"Bio Tonkabohnen gemahlen Wildsammlung aus Brasilien"}]},{"@type":"WebSite","@id":"\/#website","url":"\/","name":"Des c\u00e9r\u00e9monies de Cacao et br\u00fbler de l&#039;Encens et de la Profondeur spirituelle | Suyana","description":"Des C\u00e9r\u00e9monies De Cacao &amp; Kakaozeremonien","publisher":{"@id":"\/#organization"},"potentialAction":[{"@type":"SearchAction","target":{"@type":"EntryPoint","urlTemplate":"\/?s={search_term_string}"},"query-input":{"@type":"PropertyValueSpecification","valueRequired":true,"valueName":"search_term_string"}}],"inLanguage":"fr-FR"},{"@type":"Organization","@id":"\/#organization","name":"Suyana","url":"\/","logo":{"@type":"ImageObject","inLanguage":"fr-FR","@id":"\/#\/schema\/logo\/image\/","url":"https:\/\/suyana.shop\/wp-content\/uploads\/2022\/05\/suyana-logo-brown-small.png","contentUrl":"https:\/\/suyana.shop\/wp-content\/uploads\/2022\/05\/suyana-logo-brown-small.png","width":1387,"height":300,"caption":"Suyana"},"image":{"@id":"\/#\/schema\/logo\/image\/"},"sameAs":["https:\/\/instagram.com\/suyana.spirit"]}]}},"_links":{"self":[{"href":"https:\/\/suyana.shop\/fr\/wp-json\/wp\/v2\/product\/34465","targetHints":{"allow":["GET"]}}],"collection":[{"href":"https:\/\/suyana.shop\/fr\/wp-json\/wp\/v2\/product"}],"about":[{"href":"https:\/\/suyana.shop\/fr\/wp-json\/wp\/v2\/types\/product"}],"replies":[{"embeddable":true,"href":"https:\/\/suyana.shop\/fr\/wp-json\/wp\/v2\/comments?post=34465"}],"version-history":[{"count":4,"href":"https:\/\/suyana.shop\/fr\/wp-json\/wp\/v2\/product\/34465\/revisions"}],"predecessor-version":[{"id":573496,"href":"https:\/\/suyana.shop\/fr\/wp-json\/wp\/v2\/product\/34465\/revisions\/573496"}],"wp:featuredmedia":[{"embeddable":true,"href":"https:\/\/suyana.shop\/fr\/wp-json\/wp\/v2\/media\/568625"}],"wp:attachment":[{"href":"https:\/\/suyana.shop\/fr\/wp-json\/wp\/v2\/media?parent=34465"}],"wp:term":[{"taxonomy":"product_brand","embeddable":true,"href":"https:\/\/suyana.shop\/fr\/wp-json\/wp\/v2\/product_brand?post=34465"},{"taxonomy":"product_cat","embeddable":true,"href":"https:\/\/suyana.shop\/fr\/wp-json\/wp\/v2\/product_cat?post=34465"},{"taxonomy":"product_tag","embeddable":true,"href":"https:\/\/suyana.shop\/fr\/wp-json\/wp\/v2\/product_tag?post=34465"}],"curies":[{"name":"wp","href":"https:\/\/api.w.org\/{rel}","templated":true}]}}