{"id":38,"date":"2022-01-25T21:27:27","date_gmt":"2022-01-25T21:27:27","guid":{"rendered":"https:\/\/suyana.shop\/?post_type=product&#038;p=38"},"modified":"2026-02-25T11:16:10","modified_gmt":"2026-02-25T10:16:10","slug":"bois-dencens-palo-santo","status":"publish","type":"product","link":"https:\/\/suyana.shop\/fr\/produkt\/palo-santo-raeucherholz","title":{"rendered":"<b> Bois d&#039;encens Palo Santo <\/b>  de Piura, P\u00e9rou"},"content":{"rendered":"<p>&nbsp;<\/p>\n<p><img class=\"aligncenter\" src=\"\/wp-content\/uploads\/2022\/07\/Zeichenfla%CC%88che-5100.svg\" alt=\"\" width=\"203\" height=\"28\" \/><\/p>\n<h2 style=\"text-align: center;\">Palo Santo de Piura de Suyana<\/h2>\n<h4 style=\"text-align: center;\">Le bois d'encens Palo Santo caresse le c\u0153ur et l'\u00e2me, il apaise et inspire l'esprit.<\/h4>\n<div>\n<p>&nbsp;<\/p>\n<p style=\"text-align: center;\">Ce bois de fumage Palo Santo est naturel et a directement conquis nos c\u0153urs. Gr\u00e2ce \u00e0 sa fum\u00e9e agr\u00e9ablement enveloppante, douce et velout\u00e9e - avec des notes l\u00e9g\u00e8rement fruit\u00e9es - notre Palo Santo est pr\u00e9sent sans \u00eatre envahissant. Il caresse le c\u0153ur et l'\u00e2me, il apaise et inspire l'esprit : il te raconte une histoire, son histoire.<\/p>\n<p style=\"text-align: center;\">C&#039;est une histoire tr\u00e8s ancienne, car le fumage des r\u00e9sines et des bois ainsi que le br\u00fblage des herbes m\u00e9dicinales ont une longue tradition dans le monde entier : des parfums apaisants qui font tout simplement du bien ; La fum\u00e9e qui cr\u00e9e un lien entre l&#039;int\u00e9rieur et l&#039;ext\u00e9rieur, qui construit un pont entre la nature et les hommes et vous rapproche des dieux. Chasser les pens\u00e9es et les \u00e9nergies n\u00e9gatives, voire les d\u00e9mons, fait partie du tabagisme. Mais l&#039;encens ne poursuit pas seulement des objectifs religieux, mais \u00e9galement des objectifs m\u00e9dicaux sp\u00e9cifiques.<\/p>\n<p style=\"text-align: center;\">Depuis les temps pr\u00e9colombiens, on attribue au bois d'encens Palo Santo des vertus curatives qui auraient un effet positif sur les rhumes, les maux d'estomac, les maladies de peau, les maux de t\u00eate, l'asthme, le stress et la d\u00e9pression. On attribue \u00e0 l'arbre balsamique des effets purifiants, anti-inflammatoires et analg\u00e9siques, et m\u00eame antibiotiques.<\/p>\n<p>&nbsp;<\/p>\n<\/div>\n<p><img src=\"\/wp-content\/uploads\/2022\/07\/shop_palo_bg_05.jpg\" alt=\"\" \/><\/p>\n<p>&nbsp;<\/p>\n<p><img class=\"\" src=\"\/wp-content\/uploads\/2022\/07\/Zeichenfla%CC%88che-11100.svg\" alt=\"\" width=\"203\" height=\"22\" \/><\/p>\n<h3>Croissance &amp; collecte de notre bois d'encens sacr\u00e9 Palo Santo<\/h3>\n<div>\n<p>Bursera graveolens, son nom latin, est pr\u00e9sent naturellement dans certaines parties d\u2019Am\u00e9rique du Nord, centrale et du Sud. Notre Palo Santo provient exclusivement de for\u00eats naturelles s\u00e8ches le long de la c\u00f4te p\u00e9ruvienne dans la r\u00e9gion de Piura et y est prot\u00e9g\u00e9. Ici, Palo Santo n&#039;est pas plant\u00e9, abattu ou abattu, mais est autoris\u00e9 \u00e0 vivre sa \u00ab vie d&#039;arbre \u00bb de mani\u00e8re naturelle dans le cycle de la nature. Un arbre Palo Santo vit environ 100 ans jusqu\u2019\u00e0 ce qu\u2019il atteigne son \u00ab \u00e2ge biologique \u00bb. Le bois, les b\u00e2tons et les branches tombent et l&#039;arbre repose enfin sur le sol pour s&#039;abandonner compl\u00e8tement au cycle de la nature. Ce n&#039;est que maintenant sur le terrain que le Palo Santo gagne en maturit\u00e9, en forte teneur en r\u00e9sine et en parfum intense, unique et unique.<\/p>\n<p>Le bois tomb\u00e9 et l&#039;arbre lui-m\u00eame restent parfois sur place pendant 4 \u00e0 5 ans jusqu&#039;\u00e0 ce qu&#039;ils soient finalement ramass\u00e9s par les collectifs agricoles locaux. L&#039;entreprise foresti\u00e8re p\u00e9ruvienne (SERFOR) est attentive \u00e0 la quantit\u00e9 de bois ramass\u00e9e et d\u00e9termine ensuite la superficie de compensation \u00e0 reboiser.<\/p>\n<p>Nous avons choisi exactement ce Palo Santo car il r\u00e9pond \u00e0 nos exigences en mati\u00e8re de qualit\u00e9 des produits, de durabilit\u00e9, de pleine conscience et d&#039;appr\u00e9ciation ainsi que d&#039;\u00e9quit\u00e9. Le patrimoine traditionnel indig\u00e8ne est honor\u00e9 avec ce Palo Santo, son caract\u00e8re naturel est soigneusement pr\u00e9serv\u00e9 tout au long de son cycle de vie et l&#039;avenir des for\u00eats de Palo Santo ainsi que des communaut\u00e9s locales et de leurs habitants est pr\u00e9serv\u00e9.<\/p>\n<p>Allumez le Palo Santo de Piura de Suyana et abandonnez-vous \u00e0 ses effets magiques et \u00e0 son histoire de vie. Espiritu Nativo de Palo Santo pour toi.<\/p>\n<p>Il y a plus d&#039;encens \u00e0 d\u00e9couvrir ici : <a href=\"https:\/\/suyana.shop\/produkt\/weisser-salbei-raeucherbuendel-aus-kalifornien-der-heimat-des-salvia-apiana\">Lot d&#039;encens sauge blanche<\/a><\/p>\n<\/div>","protected":false},"excerpt":{"rendered":"<ul class=\"uk-list uk-margin-medium uk-width-xlarge\">\n<li class=\"el-item\">\n<div class=\"uk-grid-small uk-child-width-expand uk-flex-nowrap uk-grid\">\n<div>\n<div class=\"el-content uk-panel\"><em>id\u00e9al pour l'encens &amp; les c\u00e9r\u00e9monies<\/em><\/div>\n<\/div>\n<\/div>\n<\/li>\n<li class=\"el-item\">\n<div class=\"uk-grid-small uk-child-width-expand uk-flex-nowrap uk-grid\">\n<div>\n<div class=\"el-content uk-panel\"><em>forte teneur en r\u00e9sine, riche en huiles essentielles<\/em><\/div>\n<\/div>\n<\/div>\n<\/li>\n<li class=\"el-item\">\n<div class=\"uk-grid-small uk-child-width-expand uk-flex-nowrap uk-grid\">\n<div>\n<div class=\"el-content uk-panel\"><em>Parfums de pin, de noix de coco, d'agrumes &amp; de menthe<\/em><\/div>\n<\/div>\n<\/div>\n<\/li>\n<li class=\"el-item\">\n<div class=\"uk-grid-small uk-child-width-expand uk-flex-nowrap uk-grid\">\n<div>\n<div class=\"el-content uk-panel\"><em>inspirant, apaisant &amp; purifiant<\/em><\/div>\n<\/div>\n<\/div>\n<\/li>\n<li class=\"el-item\">\n<div class=\"uk-grid-small uk-child-width-expand uk-flex-nowrap uk-grid\">\n<div>\n<div class=\"el-content uk-panel\"><em>des stocks naturels, exclusivement naturels, sans d\u00e9forestation !<\/em><\/div>\n<\/div>\n<\/div>\n<\/li>\n<li class=\"el-item\">\n<div class=\"uk-grid-small uk-child-width-expand uk-flex-nowrap uk-grid\">\n<div>\n<div class=\"el-content uk-panel\"><em>Commerce direct \u00e9quitable avec les communaut\u00e9s locales et les collectifs<\/em><\/div>\n<\/div>\n<\/div>\n<\/li>\n<li class=\"el-item\">\n<div class=\"uk-grid-small uk-child-width-expand uk-flex-nowrap uk-grid\">\n<div>\n<div class=\"el-content uk-panel\">\n<p><em>Bois d&#039;encens Palo Santo\u00a0<\/em><\/p>\n<\/div>\n<\/div>\n<\/div>\n<\/li>\n<\/ul>","protected":false},"featured_media":572086,"comment_status":"closed","ping_status":"closed","template":"","meta":{"site-sidebar-layout":"default","site-content-layout":"","ast-site-content-layout":"default","site-content-style":"default","site-sidebar-style":"default","ast-global-header-display":"","ast-banner-title-visibility":"","ast-main-header-display":"","ast-hfb-above-header-display":"","ast-hfb-below-header-display":"","ast-hfb-mobile-header-display":"","site-post-title":"","ast-breadcrumbs-content":"","ast-featured-img":"","footer-sml-layout":"","ast-disable-related-posts":"","theme-transparent-header-meta":"default","adv-header-id-meta":"","stick-header-meta":"default","header-above-stick-meta":"","header-main-stick-meta":"","header-below-stick-meta":"","astra-migrate-meta-layouts":"set","ast-page-background-enabled":"default","ast-page-background-meta":{"desktop":{"background-color":"var(--ast-global-color-4)","background-image":"","background-repeat":"repeat","background-position":"center center","background-size":"auto","background-attachment":"scroll","background-type":"","background-media":"","overlay-type":"","overlay-color":"","overlay-opacity":"","overlay-gradient":""},"tablet":{"background-color":"","background-image":"","background-repeat":"repeat","background-position":"center center","background-size":"auto","background-attachment":"scroll","background-type":"","background-media":"","overlay-type":"","overlay-color":"","overlay-opacity":"","overlay-gradient":""},"mobile":{"background-color":"","background-image":"","background-repeat":"repeat","background-position":"center center","background-size":"auto","background-attachment":"scroll","background-type":"","background-media":"","overlay-type":"","overlay-color":"","overlay-opacity":"","overlay-gradient":""}},"ast-content-background-meta":{"desktop":{"background-color":"var(--ast-global-color-5)","background-image":"","background-repeat":"repeat","background-position":"center center","background-size":"auto","background-attachment":"scroll","background-type":"","background-media":"","overlay-type":"","overlay-color":"","overlay-opacity":"","overlay-gradient":""},"tablet":{"background-color":"var(--ast-global-color-5)","background-image":"","background-repeat":"repeat","background-position":"center center","background-size":"auto","background-attachment":"scroll","background-type":"","background-media":"","overlay-type":"","overlay-color":"","overlay-opacity":"","overlay-gradient":""},"mobile":{"background-color":"var(--ast-global-color-5)","background-image":"","background-repeat":"repeat","background-position":"center center","background-size":"auto","background-attachment":"scroll","background-type":"","background-media":"","overlay-type":"","overlay-color":"","overlay-opacity":"","overlay-gradient":""}}},"product_brand":[],"product_cat":[15,167],"product_tag":[],"class_list":{"0":"post-38","1":"product","2":"type-product","3":"status-publish","4":"has-post-thumbnail","6":"product_cat-alle-produkte","7":"product_cat-raeucherwerk","8":"desktop-align-left","9":"tablet-align-left","10":"mobile-align-left","11":"ast-product-gallery-layout-horizontal-slider","12":"ast-product-single-variable","13":"ast-product-tabs-layout-horizontal","15":"first","16":"instock","17":"taxable","18":"shipping-taxable","19":"purchasable","20":"product-type-variable"},"bundled_by":[],"bundle_stock_status":"instock","bundle_stock_quantity":null,"bundle_virtual":false,"bundle_layout":"","bundle_add_to_cart_form_location":"","bundle_editable_in_cart":false,"bundle_sold_individually_context":"","bundle_item_grouping":"","bundle_min_size":"","bundle_max_size":"","bundle_price":[],"bundled_items":[],"bundle_sell_ids":[],"yoast_head":"<!-- This site is optimized with the Yoast SEO Premium plugin v24.0 (Yoast SEO v26.9) - https:\/\/yoast.com\/product\/yoast-seo-premium-wordpress\/ -->\n<title>Suyana &#183; Palo Santo R\u00e4ucherholz aus Piura, Peru<\/title>\n<meta name=\"description\" content=\"In unserem Online-Shop findest du alles f\u00fcr deine Zeremonie &#183; Lass dich mitnehmen auf eine Reise in die Welt des Palo Santo R\u00e4ucherholz.\" \/>\n<meta name=\"robots\" content=\"index, follow, max-snippet:-1, max-image-preview:large, max-video-preview:-1\" \/>\n<link rel=\"canonical\" href=\"https:\/\/suyana.shop\/fr\/produit\/bois-dencens-palo-santo\/\" \/>\n<meta property=\"og:locale\" content=\"fr_FR\" \/>\n<meta property=\"og:type\" content=\"article\" \/>\n<meta property=\"og:title\" content=\"Palo Santo R\u00e4ucherh\u00f6lzer  aus Piura, Peru\" \/>\n<meta property=\"og:description\" content=\"In unserem Online-Shop findest du alles f\u00fcr deine Zeremonie &#183; Lass dich mitnehmen auf eine Reise in die Welt des Palo Santo R\u00e4ucherholz.\" \/>\n<meta property=\"og:url\" content=\"https:\/\/suyana.shop\/fr\/produit\/bois-dencens-palo-santo\/\" \/>\n<meta property=\"og:site_name\" content=\"Zeremonieller Kakao &amp; R\u00e4ucherwerk und spirituelle Tiefe | Suyana\" \/>\n<meta property=\"article:modified_time\" content=\"2026-02-25T10:16:10+00:00\" \/>\n<meta property=\"og:image\" content=\"https:\/\/suyana.shop\/wp-content\/uploads\/2022\/01\/DSC07682-scaled.jpg\" \/>\n\t<meta property=\"og:image:width\" content=\"2560\" \/>\n\t<meta property=\"og:image:height\" content=\"1707\" \/>\n\t<meta property=\"og:image:type\" content=\"image\/jpeg\" \/>\n<meta name=\"twitter:card\" content=\"summary_large_image\" \/>\n<meta name=\"twitter:label1\" content=\"Dur\u00e9e de lecture estim\u00e9e\" \/>\n\t<meta name=\"twitter:data1\" content=\"4 minutes\" \/>\n<script type=\"application\/ld+json\" class=\"yoast-schema-graph\">{\"@context\":\"https:\/\/schema.org\",\"@graph\":[{\"@type\":\"WebPage\",\"@id\":\"https:\/\/suyana.shop\/produkt\/palo-santo-raeucherholz\",\"url\":\"https:\/\/suyana.shop\/produkt\/palo-santo-raeucherholz\",\"name\":\"Suyana &#183; Palo Santo R\u00e4ucherholz aus Piura, Peru\",\"isPartOf\":{\"@id\":\"\/#website\"},\"primaryImageOfPage\":{\"@id\":\"https:\/\/suyana.shop\/produkt\/palo-santo-raeucherholz#primaryimage\"},\"image\":{\"@id\":\"https:\/\/suyana.shop\/produkt\/palo-santo-raeucherholz#primaryimage\"},\"thumbnailUrl\":\"https:\/\/suyana.shop\/wp-content\/uploads\/2022\/01\/DSC07682-scaled.jpg?wsr\",\"datePublished\":\"2022-01-25T21:27:27+00:00\",\"dateModified\":\"2026-02-25T10:16:10+00:00\",\"description\":\"In unserem Online-Shop findest du alles f\u00fcr deine Zeremonie &#183; Lass dich mitnehmen auf eine Reise in die Welt des Palo Santo R\u00e4ucherholz.\",\"breadcrumb\":{\"@id\":\"https:\/\/suyana.shop\/produkt\/palo-santo-raeucherholz#breadcrumb\"},\"inLanguage\":\"fr-FR\",\"potentialAction\":[{\"@type\":\"ReadAction\",\"target\":[\"https:\/\/suyana.shop\/produkt\/palo-santo-raeucherholz\"]}]},{\"@type\":\"ImageObject\",\"inLanguage\":\"fr-FR\",\"@id\":\"https:\/\/suyana.shop\/produkt\/palo-santo-raeucherholz#primaryimage\",\"url\":\"https:\/\/suyana.shop\/wp-content\/uploads\/2022\/01\/DSC07682-scaled.jpg?wsr\",\"contentUrl\":\"https:\/\/suyana.shop\/wp-content\/uploads\/2022\/01\/DSC07682-scaled.jpg?wsr\",\"width\":2560,\"height\":1707},{\"@type\":\"BreadcrumbList\",\"@id\":\"https:\/\/suyana.shop\/produkt\/palo-santo-raeucherholz#breadcrumb\",\"itemListElement\":[{\"@type\":\"ListItem\",\"position\":1,\"name\":\"Startseite\",\"item\":\"https:\/\/suyana.shop\/fr\/\"},{\"@type\":\"ListItem\",\"position\":2,\"name\":\"Palo Santo R\u00e4ucherh\u00f6lzer aus Piura, Peru\"}]},{\"@type\":\"WebSite\",\"@id\":\"\/#website\",\"url\":\"\/\",\"name\":\"Zeremonieller Kakao &amp; R\u00e4ucherwerk und spirituelle Tiefe | Suyana\",\"description\":\"Zeremonieller Kakao &amp; Kakaozeremonien\",\"publisher\":{\"@id\":\"\/#organization\"},\"potentialAction\":[{\"@type\":\"SearchAction\",\"target\":{\"@type\":\"EntryPoint\",\"urlTemplate\":\"\/?s={search_term_string}\"},\"query-input\":{\"@type\":\"PropertyValueSpecification\",\"valueRequired\":true,\"valueName\":\"search_term_string\"}}],\"inLanguage\":\"fr-FR\"},{\"@type\":\"Organization\",\"@id\":\"\/#organization\",\"name\":\"Suyana\",\"url\":\"\/\",\"logo\":{\"@type\":\"ImageObject\",\"inLanguage\":\"fr-FR\",\"@id\":\"\/#\/schema\/logo\/image\/\",\"url\":\"https:\/\/suyana.shop\/wp-content\/uploads\/2022\/05\/suyana-logo-brown-small.png\",\"contentUrl\":\"https:\/\/suyana.shop\/wp-content\/uploads\/2022\/05\/suyana-logo-brown-small.png\",\"width\":1387,\"height\":300,\"caption\":\"Suyana\"},\"image\":{\"@id\":\"\/#\/schema\/logo\/image\/\"},\"sameAs\":[\"https:\/\/instagram.com\/suyana.spirit\"]}]}<\/script>\n<!-- \/ Yoast SEO Premium plugin. -->","yoast_head_json":{"title":"Suyana \u00b7 Bois d&#039;encens Palo Santo de Piura, P\u00e9rou","description":"Dans notre boutique en ligne, vous trouverez tout ce dont vous avez besoin pour votre c\u00e9r\u00e9monie \u00b7 Laissez-nous vous emmener dans le monde du bois d&#039;encens Palo Santo.","robots":{"index":"index","follow":"follow","max-snippet":"max-snippet:-1","max-image-preview":"max-image-preview:large","max-video-preview":"max-video-preview:-1"},"canonical":"https:\/\/suyana.shop\/fr\/produit\/bois-dencens-palo-santo\/","og_locale":"fr_FR","og_type":"article","og_title":"Palo Santo R\u00e4ucherh\u00f6lzer  aus Piura, Peru","og_description":"In unserem Online-Shop findest du alles f\u00fcr deine Zeremonie &#183; Lass dich mitnehmen auf eine Reise in die Welt des Palo Santo R\u00e4ucherholz.","og_url":"https:\/\/suyana.shop\/fr\/produit\/bois-dencens-palo-santo\/","og_site_name":"Zeremonieller Kakao &amp; R\u00e4ucherwerk und spirituelle Tiefe | Suyana","article_modified_time":"2026-02-25T10:16:10+00:00","og_image":[{"width":2560,"height":1707,"url":"https:\/\/suyana.shop\/wp-content\/uploads\/2022\/01\/DSC07682-scaled.jpg","type":"image\/jpeg"}],"twitter_card":"summary_large_image","twitter_misc":{"Dur\u00e9e de lecture estim\u00e9e":"4 minutes"},"schema":{"@context":"https:\/\/schema.org","@graph":[{"@type":"WebPage","@id":"https:\/\/suyana.shop\/produkt\/palo-santo-raeucherholz","url":"https:\/\/suyana.shop\/produkt\/palo-santo-raeucherholz","name":"Suyana \u00b7 Bois d&#039;encens Palo Santo de Piura, P\u00e9rou","isPartOf":{"@id":"\/#website"},"primaryImageOfPage":{"@id":"https:\/\/suyana.shop\/produkt\/palo-santo-raeucherholz#primaryimage"},"image":{"@id":"https:\/\/suyana.shop\/produkt\/palo-santo-raeucherholz#primaryimage"},"thumbnailUrl":"https:\/\/suyana.shop\/wp-content\/uploads\/2022\/01\/DSC07682-scaled.jpg?wsr","datePublished":"2022-01-25T21:27:27+00:00","dateModified":"2026-02-25T10:16:10+00:00","description":"Dans notre boutique en ligne, vous trouverez tout ce dont vous avez besoin pour votre c\u00e9r\u00e9monie \u00b7 Laissez-nous vous emmener dans le monde du bois d&#039;encens Palo Santo.","breadcrumb":{"@id":"https:\/\/suyana.shop\/produkt\/palo-santo-raeucherholz#breadcrumb"},"inLanguage":"fr-FR","potentialAction":[{"@type":"ReadAction","target":["https:\/\/suyana.shop\/produkt\/palo-santo-raeucherholz"]}]},{"@type":"ImageObject","inLanguage":"fr-FR","@id":"https:\/\/suyana.shop\/produkt\/palo-santo-raeucherholz#primaryimage","url":"https:\/\/suyana.shop\/wp-content\/uploads\/2022\/01\/DSC07682-scaled.jpg?wsr","contentUrl":"https:\/\/suyana.shop\/wp-content\/uploads\/2022\/01\/DSC07682-scaled.jpg?wsr","width":2560,"height":1707},{"@type":"BreadcrumbList","@id":"https:\/\/suyana.shop\/produkt\/palo-santo-raeucherholz#breadcrumb","itemListElement":[{"@type":"ListItem","position":1,"name":"Startseite","item":"https:\/\/suyana.shop\/fr\/"},{"@type":"ListItem","position":2,"name":"Palo Santo R\u00e4ucherh\u00f6lzer aus Piura, Peru"}]},{"@type":"WebSite","@id":"\/#website","url":"\/","name":"Des c\u00e9r\u00e9monies de Cacao et br\u00fbler de l&#039;Encens et de la Profondeur spirituelle | Suyana","description":"Des C\u00e9r\u00e9monies De Cacao &amp; Kakaozeremonien","publisher":{"@id":"\/#organization"},"potentialAction":[{"@type":"SearchAction","target":{"@type":"EntryPoint","urlTemplate":"\/?s={search_term_string}"},"query-input":{"@type":"PropertyValueSpecification","valueRequired":true,"valueName":"search_term_string"}}],"inLanguage":"fr-FR"},{"@type":"Organization","@id":"\/#organization","name":"Suyana","url":"\/","logo":{"@type":"ImageObject","inLanguage":"fr-FR","@id":"\/#\/schema\/logo\/image\/","url":"https:\/\/suyana.shop\/wp-content\/uploads\/2022\/05\/suyana-logo-brown-small.png","contentUrl":"https:\/\/suyana.shop\/wp-content\/uploads\/2022\/05\/suyana-logo-brown-small.png","width":1387,"height":300,"caption":"Suyana"},"image":{"@id":"\/#\/schema\/logo\/image\/"},"sameAs":["https:\/\/instagram.com\/suyana.spirit"]}]}},"_links":{"self":[{"href":"https:\/\/suyana.shop\/fr\/wp-json\/wp\/v2\/product\/38","targetHints":{"allow":["GET"]}}],"collection":[{"href":"https:\/\/suyana.shop\/fr\/wp-json\/wp\/v2\/product"}],"about":[{"href":"https:\/\/suyana.shop\/fr\/wp-json\/wp\/v2\/types\/product"}],"replies":[{"embeddable":true,"href":"https:\/\/suyana.shop\/fr\/wp-json\/wp\/v2\/comments?post=38"}],"version-history":[{"count":0,"href":"https:\/\/suyana.shop\/fr\/wp-json\/wp\/v2\/product\/38\/revisions"}],"wp:featuredmedia":[{"embeddable":true,"href":"https:\/\/suyana.shop\/fr\/wp-json\/wp\/v2\/media\/572086"}],"wp:attachment":[{"href":"https:\/\/suyana.shop\/fr\/wp-json\/wp\/v2\/media?parent=38"}],"wp:term":[{"taxonomy":"product_brand","embeddable":true,"href":"https:\/\/suyana.shop\/fr\/wp-json\/wp\/v2\/product_brand?post=38"},{"taxonomy":"product_cat","embeddable":true,"href":"https:\/\/suyana.shop\/fr\/wp-json\/wp\/v2\/product_cat?post=38"},{"taxonomy":"product_tag","embeddable":true,"href":"https:\/\/suyana.shop\/fr\/wp-json\/wp\/v2\/product_tag?post=38"}],"curies":[{"name":"wp","href":"https:\/\/api.w.org\/{rel}","templated":true}]}}