{"id":565093,"date":"2024-11-21T16:32:29","date_gmt":"2024-11-21T15:32:29","guid":{"rendered":"https:\/\/suyana.shop\/?post_type=product&#038;p=565093"},"modified":"2026-04-09T07:38:58","modified_gmt":"2026-04-09T06:38:58","slug":"palo-santo-dans-une-elegante-boite-coulissante","status":"publish","type":"product","link":"https:\/\/suyana.shop\/fr\/produkt\/palo-santo-in-edler-schiebebox","title":{"rendered":"<b>Bo\u00eete de bois sacr\u00e9 <\/b> <br> 12 bois de Palo Santo dans une bo\u00eete en carton \u00e9l\u00e9gante"},"content":{"rendered":"<h2><strong>L'essence de la bo\u00eete Sacred Woods<br \/>\n<\/strong><\/h2>\n<p><span style=\"font-weight: 400;\">La bo\u00eete Sacred Woods apporte la force purifiante et bienfaisante du Palo Santo directement dans ta maison. Ce set exclusif comprend 12 bois soigneusement s\u00e9lectionn\u00e9s, emball\u00e9s avec style dans une bo\u00eete en carton raffin\u00e9e - id\u00e9al pour les rituels personnels, les c\u00e9r\u00e9monies spirituelles ou comme cadeau attentionn\u00e9.<\/span><\/p>\n<p><span style=\"font-weight: 400;\">Notre Palo Santo provient des for\u00eats s\u00e8ches prot\u00e9g\u00e9es de Piura, au P\u00e9rou, o\u00f9 il est r\u00e9colt\u00e9 de mani\u00e8re durable. Le bois provient exclusivement d'arbres tomb\u00e9s naturellement afin de prot\u00e9ger l'environnement et de pr\u00e9server la biodiversit\u00e9. Cette pratique respectueuse soutient les communaut\u00e9s locales et garantit une qualit\u00e9 sup\u00e9rieure.<\/span><\/p>\n<p><span style=\"font-weight: 400;\">Lorsqu'il est fum\u00e9, le Palo Santo d\u00e9gage une fum\u00e9e douce et chaude avec des notes fruit\u00e9es et terreuses qui cr\u00e9ent une atmosph\u00e8re apaisante et harmonisante. Il est traditionnellement utilis\u00e9 pour purifier \u00e9nerg\u00e9tiquement les pi\u00e8ces, r\u00e9duire le stress et favoriser un sentiment de paix et de clart\u00e9.<\/span><\/p>\n<p><span style=\"font-weight: 400;\">La bo\u00eete en carton raffin\u00e9e conserve les bois en toute s\u00e9curit\u00e9 et offre une solution pratique ainsi qu'esth\u00e9tique pour la vie quotidienne. Son \u00e9l\u00e9gance sobre en fait \u00e9galement un cadeau parfait pour les amateurs de pratiques spirituelles.<\/span><\/p>\n<p><strong>Recommandation d'utilisation :<\/strong><\/p>\n<ul>\n<li><span style=\"font-weight: 400;\"><strong>Fumer<\/strong>: Allume une extr\u00e9mit\u00e9 d'un morceau de bois de palo santo, laisse-le br\u00fbler bri\u00e8vement et souffle la flamme. La fum\u00e9e qui s'\u00e9l\u00e8ve purifie ton environnement et cr\u00e9e une atmosph\u00e8re bienfaisante.<\/span><\/li>\n<\/ul>\n<p><span style=\"font-weight: 400;\">La bo\u00eete Sacred Woods est plus qu'un simple kit - c'est une invitation \u00e0 vivre la magie purifiante et apaisante du bois sacr\u00e9 dans ta vie quotidienne. Que ce soit pour toi ou comme cadeau, ces bois offrent l'harmonie et la vigilance.<\/span><\/p>\n<p><span style=\"font-weight: 400;\">Sacred Woods Box - La magie du bois sacr\u00e9, emball\u00e9e avec style. \ud83c\udf3f\u2728<\/span><\/p>\n<p>&nbsp;<\/p>","protected":false},"excerpt":{"rendered":"<p><span style=\"font-weight: 400;\">\u229b 12 bois de palo santo collect\u00e9s de mani\u00e8re durable : parfait pour les c\u00e9r\u00e9monies d'encens, la m\u00e9ditation ou le nettoyage \u00e9nerg\u00e9tique.<\/span><\/p>\n<p><span style=\"font-weight: 400;\">\u229b Origine durable : collect\u00e9 avec soin \u00e0 partir d'arbres tomb\u00e9s naturellement de Piura, au P\u00e9rou.<\/span><\/p>\n<p><span style=\"font-weight: 400;\">\u229b Pure et harmonisante : une fum\u00e9e douce aux notes chaudes et fruit\u00e9es - id\u00e9ale pour les rituels attentifs.<\/span><\/p>\n<p><span style=\"font-weight: 400;\">\u229b Utilisation traditionnelle : utilis\u00e9e depuis des si\u00e8cles pour purifier les pi\u00e8ces et favoriser le bien-\u00eatre.<\/span><\/p>","protected":false},"featured_media":572016,"comment_status":"open","ping_status":"closed","template":"","meta":{"site-sidebar-layout":"default","site-content-layout":"","ast-site-content-layout":"default","site-content-style":"default","site-sidebar-style":"default","ast-global-header-display":"","ast-banner-title-visibility":"","ast-main-header-display":"","ast-hfb-above-header-display":"","ast-hfb-below-header-display":"","ast-hfb-mobile-header-display":"","site-post-title":"","ast-breadcrumbs-content":"","ast-featured-img":"","footer-sml-layout":"","ast-disable-related-posts":"","theme-transparent-header-meta":"default","adv-header-id-meta":"","stick-header-meta":"default","header-above-stick-meta":"","header-main-stick-meta":"","header-below-stick-meta":"","astra-migrate-meta-layouts":"set","ast-page-background-enabled":"default","ast-page-background-meta":{"desktop":{"background-color":"var(--ast-global-color-4)","background-image":"","background-repeat":"repeat","background-position":"center center","background-size":"auto","background-attachment":"scroll","background-type":"","background-media":"","overlay-type":"","overlay-color":"","overlay-opacity":"","overlay-gradient":""},"tablet":{"background-color":"","background-image":"","background-repeat":"repeat","background-position":"center center","background-size":"auto","background-attachment":"scroll","background-type":"","background-media":"","overlay-type":"","overlay-color":"","overlay-opacity":"","overlay-gradient":""},"mobile":{"background-color":"","background-image":"","background-repeat":"repeat","background-position":"center center","background-size":"auto","background-attachment":"scroll","background-type":"","background-media":"","overlay-type":"","overlay-color":"","overlay-opacity":"","overlay-gradient":""}},"ast-content-background-meta":{"desktop":{"background-color":"var(--ast-global-color-5)","background-image":"","background-repeat":"repeat","background-position":"center center","background-size":"auto","background-attachment":"scroll","background-type":"","background-media":"","overlay-type":"","overlay-color":"","overlay-opacity":"","overlay-gradient":""},"tablet":{"background-color":"var(--ast-global-color-5)","background-image":"","background-repeat":"repeat","background-position":"center center","background-size":"auto","background-attachment":"scroll","background-type":"","background-media":"","overlay-type":"","overlay-color":"","overlay-opacity":"","overlay-gradient":""},"mobile":{"background-color":"var(--ast-global-color-5)","background-image":"","background-repeat":"repeat","background-position":"center center","background-size":"auto","background-attachment":"scroll","background-type":"","background-media":"","overlay-type":"","overlay-color":"","overlay-opacity":"","overlay-gradient":""}}},"product_brand":[],"product_cat":[167,221],"product_tag":[],"class_list":{"0":"post-565093","1":"product","2":"type-product","3":"status-publish","4":"has-post-thumbnail","6":"product_cat-raeucherwerk","7":"product_cat-bundles","8":"desktop-align-left","9":"tablet-align-left","10":"mobile-align-left","11":"ast-product-gallery-layout-horizontal-slider","12":"ast-product-tabs-layout-horizontal","14":"first","15":"instock","16":"taxable","17":"shipping-taxable","18":"purchasable","19":"product-type-simple"},"bundled_by":["574673"],"bundle_stock_status":"instock","bundle_stock_quantity":113,"bundle_virtual":false,"bundle_layout":"","bundle_add_to_cart_form_location":"","bundle_editable_in_cart":false,"bundle_sold_individually_context":"","bundle_item_grouping":"","bundle_min_size":"","bundle_max_size":"","bundle_price":[],"bundled_items":[],"bundle_sell_ids":[],"yoast_head":"<!-- This site is optimized with the Yoast SEO Premium plugin v24.0 (Yoast SEO v26.9) - https:\/\/yoast.com\/product\/yoast-seo-premium-wordpress\/ -->\n<title>Zeremonieller Kakao &amp; R\u00e4ucherwerk und spirituelle Tiefe | Suyana &#183; Sacred Woods Box   12 Palo Santo H\u00f6lzer in edler Kartonbox<\/title>\n<meta name=\"description\" content=\"In unserem Online-Shop findest du alles f\u00fcr deine Zeremonie &#183; Lass dich mitnehmen auf eine Reise in die Welt des zeremoniellen Suyana Kakaos.\" \/>\n<meta name=\"robots\" content=\"index, follow, max-snippet:-1, max-image-preview:large, max-video-preview:-1\" \/>\n<link rel=\"canonical\" href=\"https:\/\/suyana.shop\/fr\/produit\/palo-santo-dans-une-elegante-boite-coulissante\" \/>\n<meta property=\"og:locale\" content=\"fr_FR\" \/>\n<meta property=\"og:type\" content=\"article\" \/>\n<meta property=\"og:title\" content=\"Sacred Woods Box   12 Palo Santo H\u00f6lzer in edler Kartonbox\" \/>\n<meta property=\"og:description\" content=\"In unserem Online-Shop findest du alles f\u00fcr deine Zeremonie &#183; Lass dich mitnehmen auf eine Reise in die Welt des zeremoniellen Suyana Kakaos.\" \/>\n<meta property=\"og:url\" content=\"https:\/\/suyana.shop\/fr\/produit\/palo-santo-dans-une-elegante-boite-coulissante\" \/>\n<meta property=\"og:site_name\" content=\"Zeremonieller Kakao &amp; R\u00e4ucherwerk und spirituelle Tiefe | Suyana\" \/>\n<meta property=\"article:modified_time\" content=\"2026-04-09T06:38:58+00:00\" \/>\n<meta property=\"og:image\" content=\"https:\/\/suyana.shop\/wp-content\/uploads\/2024\/11\/DSC07686-2-scaled.jpg\" \/>\n\t<meta property=\"og:image:width\" content=\"2560\" \/>\n\t<meta property=\"og:image:height\" content=\"1661\" \/>\n\t<meta property=\"og:image:type\" content=\"image\/jpeg\" \/>\n<meta name=\"twitter:card\" content=\"summary_large_image\" \/>\n<meta name=\"twitter:label1\" content=\"Dur\u00e9e de lecture estim\u00e9e\" \/>\n\t<meta name=\"twitter:data1\" content=\"2 minutes\" \/>\n<script type=\"application\/ld+json\" class=\"yoast-schema-graph\">{\"@context\":\"https:\/\/schema.org\",\"@graph\":[{\"@type\":\"WebPage\",\"@id\":\"https:\/\/suyana.shop\/fr\/produit\/palo-santo-dans-une-elegante-boite-coulissante\",\"url\":\"https:\/\/suyana.shop\/fr\/produit\/palo-santo-dans-une-elegante-boite-coulissante\",\"name\":\"Zeremonieller Kakao &amp; R\u00e4ucherwerk und spirituelle Tiefe | Suyana &#183; Sacred Woods Box 12 Palo Santo H\u00f6lzer in edler Kartonbox\",\"isPartOf\":{\"@id\":\"\/#website\"},\"primaryImageOfPage\":{\"@id\":\"https:\/\/suyana.shop\/fr\/produit\/palo-santo-dans-une-elegante-boite-coulissante#primaryimage\"},\"image\":{\"@id\":\"https:\/\/suyana.shop\/fr\/produit\/palo-santo-dans-une-elegante-boite-coulissante#primaryimage\"},\"thumbnailUrl\":\"https:\/\/suyana.shop\/wp-content\/uploads\/2024\/11\/DSC07686-2-scaled.jpg?wsr\",\"datePublished\":\"2024-11-21T15:32:29+00:00\",\"dateModified\":\"2026-04-09T06:38:58+00:00\",\"description\":\"In unserem Online-Shop findest du alles f\u00fcr deine Zeremonie &#183; Lass dich mitnehmen auf eine Reise in die Welt des zeremoniellen Suyana Kakaos.\",\"breadcrumb\":{\"@id\":\"https:\/\/suyana.shop\/fr\/produit\/palo-santo-dans-une-elegante-boite-coulissante#breadcrumb\"},\"inLanguage\":\"fr-FR\",\"potentialAction\":[{\"@type\":\"ReadAction\",\"target\":[\"https:\/\/suyana.shop\/fr\/produit\/palo-santo-dans-une-elegante-boite-coulissante\"]}]},{\"@type\":\"ImageObject\",\"inLanguage\":\"fr-FR\",\"@id\":\"https:\/\/suyana.shop\/fr\/produit\/palo-santo-dans-une-elegante-boite-coulissante#primaryimage\",\"url\":\"https:\/\/suyana.shop\/wp-content\/uploads\/2024\/11\/DSC07686-2-scaled.jpg?wsr\",\"contentUrl\":\"https:\/\/suyana.shop\/wp-content\/uploads\/2024\/11\/DSC07686-2-scaled.jpg?wsr\",\"width\":2560,\"height\":1661},{\"@type\":\"BreadcrumbList\",\"@id\":\"https:\/\/suyana.shop\/fr\/produit\/palo-santo-dans-une-elegante-boite-coulissante#breadcrumb\",\"itemListElement\":[{\"@type\":\"ListItem\",\"position\":1,\"name\":\"Startseite\",\"item\":\"https:\/\/suyana.shop\/fr\/\"},{\"@type\":\"ListItem\",\"position\":2,\"name\":\"Sacred Woods Box 12 Palo Santo H\u00f6lzer in edler Kartonbox\"}]},{\"@type\":\"WebSite\",\"@id\":\"\/#website\",\"url\":\"\/\",\"name\":\"Zeremonieller Kakao &amp; R\u00e4ucherwerk und spirituelle Tiefe | Suyana\",\"description\":\"Zeremonieller Kakao &amp; Kakaozeremonien\",\"publisher\":{\"@id\":\"\/#organization\"},\"potentialAction\":[{\"@type\":\"SearchAction\",\"target\":{\"@type\":\"EntryPoint\",\"urlTemplate\":\"\/?s={search_term_string}\"},\"query-input\":{\"@type\":\"PropertyValueSpecification\",\"valueRequired\":true,\"valueName\":\"search_term_string\"}}],\"inLanguage\":\"fr-FR\"},{\"@type\":\"Organization\",\"@id\":\"\/#organization\",\"name\":\"Suyana\",\"url\":\"\/\",\"logo\":{\"@type\":\"ImageObject\",\"inLanguage\":\"fr-FR\",\"@id\":\"\/#\/schema\/logo\/image\/\",\"url\":\"https:\/\/suyana.shop\/wp-content\/uploads\/2022\/05\/suyana-logo-brown-small.png\",\"contentUrl\":\"https:\/\/suyana.shop\/wp-content\/uploads\/2022\/05\/suyana-logo-brown-small.png\",\"width\":1387,\"height\":300,\"caption\":\"Suyana\"},\"image\":{\"@id\":\"\/#\/schema\/logo\/image\/\"},\"sameAs\":[\"https:\/\/instagram.com\/suyana.spirit\"]}]}<\/script>\n<!-- \/ Yoast SEO Premium plugin. -->","yoast_head_json":{"title":"Zeremonieller Kakao &amp; R\u00e4ucherwerk und spirituelle Tiefe | Suyana &#183; Sacred Woods Box   12 Palo Santo H\u00f6lzer in edler Kartonbox","description":"Dans notre boutique en ligne, vous trouverez tout ce dont vous avez besoin pour votre c\u00e9r\u00e9monie. \u00b7 Laissez-nous vous emmener dans le monde du cacao c\u00e9r\u00e9monial Suyana.","robots":{"index":"index","follow":"follow","max-snippet":"max-snippet:-1","max-image-preview":"max-image-preview:large","max-video-preview":"max-video-preview:-1"},"canonical":"https:\/\/suyana.shop\/fr\/produit\/palo-santo-dans-une-elegante-boite-coulissante","og_locale":"fr_FR","og_type":"article","og_title":"Sacred Woods Box   12 Palo Santo H\u00f6lzer in edler Kartonbox","og_description":"In unserem Online-Shop findest du alles f\u00fcr deine Zeremonie &#183; Lass dich mitnehmen auf eine Reise in die Welt des zeremoniellen Suyana Kakaos.","og_url":"https:\/\/suyana.shop\/fr\/produit\/palo-santo-dans-une-elegante-boite-coulissante","og_site_name":"Zeremonieller Kakao &amp; R\u00e4ucherwerk und spirituelle Tiefe | Suyana","article_modified_time":"2026-04-09T06:38:58+00:00","og_image":[{"width":2560,"height":1661,"url":"https:\/\/suyana.shop\/wp-content\/uploads\/2024\/11\/DSC07686-2-scaled.jpg","type":"image\/jpeg"}],"twitter_card":"summary_large_image","twitter_misc":{"Dur\u00e9e de lecture estim\u00e9e":"2 minutes"},"schema":{"@context":"https:\/\/schema.org","@graph":[{"@type":"WebPage","@id":"https:\/\/suyana.shop\/fr\/produit\/palo-santo-dans-une-elegante-boite-coulissante","url":"https:\/\/suyana.shop\/fr\/produit\/palo-santo-dans-une-elegante-boite-coulissante","name":"Cacao c\u00e9r\u00e9monial &amp; encens et profondeur spirituelle | Suyana - Sacred Woods Box 12 bois de Palo Santo dans une bo\u00eete en carton raffin\u00e9e","isPartOf":{"@id":"\/#website"},"primaryImageOfPage":{"@id":"https:\/\/suyana.shop\/fr\/produit\/palo-santo-dans-une-elegante-boite-coulissante#primaryimage"},"image":{"@id":"https:\/\/suyana.shop\/fr\/produit\/palo-santo-dans-une-elegante-boite-coulissante#primaryimage"},"thumbnailUrl":"https:\/\/suyana.shop\/wp-content\/uploads\/2024\/11\/DSC07686-2-scaled.jpg?wsr","datePublished":"2024-11-21T15:32:29+00:00","dateModified":"2026-04-09T06:38:58+00:00","description":"Dans notre boutique en ligne, vous trouverez tout ce dont vous avez besoin pour votre c\u00e9r\u00e9monie. \u00b7 Laissez-nous vous emmener dans le monde du cacao c\u00e9r\u00e9monial Suyana.","breadcrumb":{"@id":"https:\/\/suyana.shop\/fr\/produit\/palo-santo-dans-une-elegante-boite-coulissante#breadcrumb"},"inLanguage":"fr-FR","potentialAction":[{"@type":"ReadAction","target":["https:\/\/suyana.shop\/fr\/produit\/palo-santo-dans-une-elegante-boite-coulissante"]}]},{"@type":"ImageObject","inLanguage":"fr-FR","@id":"https:\/\/suyana.shop\/fr\/produit\/palo-santo-dans-une-elegante-boite-coulissante#primaryimage","url":"https:\/\/suyana.shop\/wp-content\/uploads\/2024\/11\/DSC07686-2-scaled.jpg?wsr","contentUrl":"https:\/\/suyana.shop\/wp-content\/uploads\/2024\/11\/DSC07686-2-scaled.jpg?wsr","width":2560,"height":1661},{"@type":"BreadcrumbList","@id":"https:\/\/suyana.shop\/fr\/produit\/palo-santo-dans-une-elegante-boite-coulissante#breadcrumb","itemListElement":[{"@type":"ListItem","position":1,"name":"Startseite","item":"https:\/\/suyana.shop\/fr\/"},{"@type":"ListItem","position":2,"name":"Sacred Woods Box 12 Palo Santo H\u00f6lzer in edler Kartonbox"}]},{"@type":"WebSite","@id":"\/#website","url":"\/","name":"Des c\u00e9r\u00e9monies de Cacao et br\u00fbler de l&#039;Encens et de la Profondeur spirituelle | Suyana","description":"Des C\u00e9r\u00e9monies De Cacao &amp; Kakaozeremonien","publisher":{"@id":"\/#organization"},"potentialAction":[{"@type":"SearchAction","target":{"@type":"EntryPoint","urlTemplate":"\/?s={search_term_string}"},"query-input":{"@type":"PropertyValueSpecification","valueRequired":true,"valueName":"search_term_string"}}],"inLanguage":"fr-FR"},{"@type":"Organization","@id":"\/#organization","name":"Suyana","url":"\/","logo":{"@type":"ImageObject","inLanguage":"fr-FR","@id":"\/#\/schema\/logo\/image\/","url":"https:\/\/suyana.shop\/wp-content\/uploads\/2022\/05\/suyana-logo-brown-small.png","contentUrl":"https:\/\/suyana.shop\/wp-content\/uploads\/2022\/05\/suyana-logo-brown-small.png","width":1387,"height":300,"caption":"Suyana"},"image":{"@id":"\/#\/schema\/logo\/image\/"},"sameAs":["https:\/\/instagram.com\/suyana.spirit"]}]}},"_links":{"self":[{"href":"https:\/\/suyana.shop\/fr\/wp-json\/wp\/v2\/product\/565093","targetHints":{"allow":["GET"]}}],"collection":[{"href":"https:\/\/suyana.shop\/fr\/wp-json\/wp\/v2\/product"}],"about":[{"href":"https:\/\/suyana.shop\/fr\/wp-json\/wp\/v2\/types\/product"}],"replies":[{"embeddable":true,"href":"https:\/\/suyana.shop\/fr\/wp-json\/wp\/v2\/comments?post=565093"}],"version-history":[{"count":1,"href":"https:\/\/suyana.shop\/fr\/wp-json\/wp\/v2\/product\/565093\/revisions"}],"predecessor-version":[{"id":573385,"href":"https:\/\/suyana.shop\/fr\/wp-json\/wp\/v2\/product\/565093\/revisions\/573385"}],"wp:featuredmedia":[{"embeddable":true,"href":"https:\/\/suyana.shop\/fr\/wp-json\/wp\/v2\/media\/572016"}],"wp:attachment":[{"href":"https:\/\/suyana.shop\/fr\/wp-json\/wp\/v2\/media?parent=565093"}],"wp:term":[{"taxonomy":"product_brand","embeddable":true,"href":"https:\/\/suyana.shop\/fr\/wp-json\/wp\/v2\/product_brand?post=565093"},{"taxonomy":"product_cat","embeddable":true,"href":"https:\/\/suyana.shop\/fr\/wp-json\/wp\/v2\/product_cat?post=565093"},{"taxonomy":"product_tag","embeddable":true,"href":"https:\/\/suyana.shop\/fr\/wp-json\/wp\/v2\/product_tag?post=565093"}],"curies":[{"name":"wp","href":"https:\/\/api.w.org\/{rel}","templated":true}]}}