{"id":566022,"date":"2024-12-06T16:33:16","date_gmt":"2024-12-06T15:33:16","guid":{"rendered":"https:\/\/suyana.shop\/?post_type=product&#038;p=566022"},"modified":"2026-03-16T11:49:10","modified_gmt":"2026-03-16T10:49:10","slug":"sacred-harmony-tepi-applicateur-de-rape-fait-main-a-bali","status":"publish","type":"product","link":"https:\/\/suyana.shop\/fr\/produkt\/sacred-harmony-tepi-handgefertigter-rape-applikator-aus-bali","title":{"rendered":"<b>Harmonie sacr\u00e9e Tepi<\/b> <br>- Applicateur de rap\u00e9 fait \u00e0 la main \u00e0 Bali"},"content":{"rendered":"<p><span style=\"font-weight: 400;\">Le <\/span><b>Harmonie sacr\u00e9e Tepi<\/b><span style=\"font-weight: 400;\"> est plus qu'un simple outil - c'est l'expression de la tradition, de l'artisanat et de la profondeur spirituelle. Soigneusement fabriqu\u00e9 \u00e0 la main par un projet familial \u00e0 Bali, cet applicateur Rap\u00e9 est taill\u00e9 dans un seul morceau de bois noble. La beaut\u00e9 naturelle des veines du bois fait de chaque tepi une pi\u00e8ce unique et incomparable. B\u00e9ni lors des c\u00e9r\u00e9monies sacr\u00e9es, le Tepi Sacred Harmony porte en lui l'\u00e9nergie spirituelle de Bali et enrichit tes rituels d'une mani\u00e8re profonde.<\/span><\/p>\n<p><span style=\"font-weight: 400;\">Avec ce tepi unique, tu apportes un peu d'art et de spiritualit\u00e9 balinaise dans ta pratique - pour des moments de rap\u00e9 harmonieux et significatifs.<\/span><\/p>\n<p><br style=\"font-weight: 400;\" \/><br style=\"font-weight: 400;\" \/><\/p>","protected":false},"excerpt":{"rendered":"<p><span style=\"font-weight: 400;\">Le <\/span><b>Sacred Harmony Tepi - Applicateur de rap\u00e9 fait \u00e0 la main \u00e0 Bali<\/b><span style=\"font-weight: 400;\"> est id\u00e9al pour les rituels profonds et les applications communautaires, inspir\u00e9s par la magie et la sagesse de la culture balinaise.<\/span><\/p>\n<p>&nbsp;<\/p>\n<ul>\n<li style=\"font-weight: 400;\" aria-level=\"1\"><b>Travail manuel traditionnel :<\/b><span style=\"font-weight: 400;\"> Fabriqu\u00e9 avec amour dans le cadre d'un projet familial balinais - chaque pi\u00e8ce est une \u0153uvre d'art.<\/span><\/li>\n<li style=\"font-weight: 400;\" aria-level=\"1\"><b>Variations de bois de haute qualit\u00e9 :<\/b><span style=\"font-weight: 400;\"> Fabriqu\u00e9 \u00e0 partir de bois noble, obtenu de mani\u00e8re durable, avec des veines fascinantes.<\/span><\/li>\n<li style=\"font-weight: 400;\" aria-level=\"1\"><b>Unique et incomparable :<\/b><span style=\"font-weight: 400;\"> Aucun tepi ne ressemble \u00e0 un autre - une v\u00e9ritable pi\u00e8ce unique pour ta pratique spirituelle.<\/span><\/li>\n<li style=\"font-weight: 400;\" aria-level=\"1\"><b>B\u00e9n\u00e9diction spirituelle :<\/b><span style=\"font-weight: 400;\"> B\u00e9n\u00e9fici\u00e9 lors de c\u00e9r\u00e9monies pour transmettre une \u00e9nergie puissante et positive.<\/span><\/li>\n<\/ul>\n<p><b>Durable et robuste :<\/b><span style=\"font-weight: 400;\"> Sculpt\u00e9 dans une seule pi\u00e8ce de bois, sans aucun additif chimique - durable et respectueux de l'environnement.<\/span><\/p>","protected":false},"featured_media":568611,"comment_status":"open","ping_status":"closed","template":"","meta":{"site-sidebar-layout":"default","site-content-layout":"","ast-site-content-layout":"default","site-content-style":"default","site-sidebar-style":"default","ast-global-header-display":"","ast-banner-title-visibility":"","ast-main-header-display":"","ast-hfb-above-header-display":"","ast-hfb-below-header-display":"","ast-hfb-mobile-header-display":"","site-post-title":"","ast-breadcrumbs-content":"","ast-featured-img":"","footer-sml-layout":"","ast-disable-related-posts":"","theme-transparent-header-meta":"default","adv-header-id-meta":"","stick-header-meta":"default","header-above-stick-meta":"","header-main-stick-meta":"","header-below-stick-meta":"","astra-migrate-meta-layouts":"set","ast-page-background-enabled":"default","ast-page-background-meta":{"desktop":{"background-color":"var(--ast-global-color-4)","background-image":"","background-repeat":"repeat","background-position":"center center","background-size":"auto","background-attachment":"scroll","background-type":"","background-media":"","overlay-type":"","overlay-color":"","overlay-opacity":"","overlay-gradient":""},"tablet":{"background-color":"","background-image":"","background-repeat":"repeat","background-position":"center center","background-size":"auto","background-attachment":"scroll","background-type":"","background-media":"","overlay-type":"","overlay-color":"","overlay-opacity":"","overlay-gradient":""},"mobile":{"background-color":"","background-image":"","background-repeat":"repeat","background-position":"center center","background-size":"auto","background-attachment":"scroll","background-type":"","background-media":"","overlay-type":"","overlay-color":"","overlay-opacity":"","overlay-gradient":""}},"ast-content-background-meta":{"desktop":{"background-color":"var(--ast-global-color-5)","background-image":"","background-repeat":"repeat","background-position":"center center","background-size":"auto","background-attachment":"scroll","background-type":"","background-media":"","overlay-type":"","overlay-color":"","overlay-opacity":"","overlay-gradient":""},"tablet":{"background-color":"var(--ast-global-color-5)","background-image":"","background-repeat":"repeat","background-position":"center center","background-size":"auto","background-attachment":"scroll","background-type":"","background-media":"","overlay-type":"","overlay-color":"","overlay-opacity":"","overlay-gradient":""},"mobile":{"background-color":"var(--ast-global-color-5)","background-image":"","background-repeat":"repeat","background-position":"center center","background-size":"auto","background-attachment":"scroll","background-type":"","background-media":"","overlay-type":"","overlay-color":"","overlay-opacity":"","overlay-gradient":""}}},"product_brand":[],"product_cat":[15,387,271,167],"product_tag":[],"class_list":{"0":"post-566022","1":"product","2":"type-product","3":"status-publish","4":"has-post-thumbnail","6":"product_cat-alle-produkte","7":"product_cat-rape","8":"product_cat-zubehoer","9":"product_cat-raeucherwerk","10":"desktop-align-left","11":"tablet-align-left","12":"mobile-align-left","13":"ast-product-gallery-layout-horizontal-slider","14":"ast-product-gallery-with-no-image","15":"ast-product-tabs-layout-horizontal","17":"first","18":"instock","19":"taxable","20":"shipping-taxable","21":"purchasable","22":"product-type-simple"},"bundled_by":[],"bundle_stock_status":"instock","bundle_stock_quantity":33,"bundle_virtual":false,"bundle_layout":"","bundle_add_to_cart_form_location":"","bundle_editable_in_cart":false,"bundle_sold_individually_context":"","bundle_item_grouping":"","bundle_min_size":"","bundle_max_size":"","bundle_price":[],"bundled_items":[],"bundle_sell_ids":[],"yoast_head":"<!-- This site is optimized with the Yoast SEO Premium plugin v24.0 (Yoast SEO v26.9) - https:\/\/yoast.com\/product\/yoast-seo-premium-wordpress\/ -->\n<title>Zeremonieller Kakao &amp; R\u00e4ucherwerk und spirituelle Tiefe | Suyana &#183; Sacred Harmony Tepi \u2013 Handgefertigter Rap\u00e9-Applikator aus Bali<\/title>\n<meta name=\"description\" content=\"In unserem Online-Shop findest du alles f\u00fcr deine Zeremonie &#183; Lass dich mitnehmen auf eine Reise in die Welt des zeremoniellen Suyana Kakaos.\" \/>\n<meta name=\"robots\" content=\"index, follow, max-snippet:-1, max-image-preview:large, max-video-preview:-1\" \/>\n<link rel=\"canonical\" href=\"https:\/\/suyana.shop\/fr\/produit\/sacred-harmony-tepi-applicateur-de-rape-fait-main-a-bali\/\" \/>\n<meta property=\"og:locale\" content=\"fr_FR\" \/>\n<meta property=\"og:type\" content=\"article\" \/>\n<meta property=\"og:title\" content=\"Sacred Harmony Tepi \u2013 Handgefertigter Rap\u00e9-Applikator aus Bali\" \/>\n<meta property=\"og:description\" content=\"In unserem Online-Shop findest du alles f\u00fcr deine Zeremonie &#183; Lass dich mitnehmen auf eine Reise in die Welt des zeremoniellen Suyana Kakaos.\" \/>\n<meta property=\"og:url\" content=\"https:\/\/suyana.shop\/fr\/produit\/sacred-harmony-tepi-applicateur-de-rape-fait-main-a-bali\/\" \/>\n<meta property=\"og:site_name\" content=\"Zeremonieller Kakao &amp; R\u00e4ucherwerk und spirituelle Tiefe | Suyana\" \/>\n<meta property=\"article:modified_time\" content=\"2026-03-16T10:49:10+00:00\" \/>\n<meta property=\"og:image\" content=\"https:\/\/suyana.shop\/wp-content\/uploads\/2024\/12\/Suyana-x-Elimba-DSC00352-scaled.jpg?wsr\" \/>\n\t<meta property=\"og:image:width\" content=\"2560\" \/>\n\t<meta property=\"og:image:height\" content=\"1707\" \/>\n\t<meta property=\"og:image:type\" content=\"image\/jpeg\" \/>\n<meta name=\"twitter:card\" content=\"summary_large_image\" \/>\n<meta name=\"twitter:label1\" content=\"Dur\u00e9e de lecture estim\u00e9e\" \/>\n\t<meta name=\"twitter:data1\" content=\"1 minute\" \/>\n<script type=\"application\/ld+json\" class=\"yoast-schema-graph\">{\"@context\":\"https:\/\/schema.org\",\"@graph\":[{\"@type\":\"WebPage\",\"@id\":\"https:\/\/suyana.shop\/es\/produkt\/sacred-harmony-tepi-handgefertigter-rape-applikator-aus-bali\",\"url\":\"https:\/\/suyana.shop\/es\/produkt\/sacred-harmony-tepi-handgefertigter-rape-applikator-aus-bali\",\"name\":\"Zeremonieller Kakao &amp; R\u00e4ucherwerk und spirituelle Tiefe | Suyana &#183; Sacred Harmony Tepi \u2013 Handgefertigter Rap\u00e9-Applikator aus Bali\",\"isPartOf\":{\"@id\":\"\/#website\"},\"primaryImageOfPage\":{\"@id\":\"https:\/\/suyana.shop\/es\/produkt\/sacred-harmony-tepi-handgefertigter-rape-applikator-aus-bali#primaryimage\"},\"image\":{\"@id\":\"https:\/\/suyana.shop\/es\/produkt\/sacred-harmony-tepi-handgefertigter-rape-applikator-aus-bali#primaryimage\"},\"thumbnailUrl\":\"https:\/\/suyana.shop\/wp-content\/uploads\/2024\/12\/Suyana-x-Elimba-DSC00352-scaled.jpg?wsr\",\"datePublished\":\"2024-12-06T15:33:16+00:00\",\"dateModified\":\"2026-03-16T10:49:10+00:00\",\"description\":\"In unserem Online-Shop findest du alles f\u00fcr deine Zeremonie &#183; Lass dich mitnehmen auf eine Reise in die Welt des zeremoniellen Suyana Kakaos.\",\"breadcrumb\":{\"@id\":\"https:\/\/suyana.shop\/es\/produkt\/sacred-harmony-tepi-handgefertigter-rape-applikator-aus-bali#breadcrumb\"},\"inLanguage\":\"fr-FR\",\"potentialAction\":[{\"@type\":\"ReadAction\",\"target\":[\"https:\/\/suyana.shop\/es\/produkt\/sacred-harmony-tepi-handgefertigter-rape-applikator-aus-bali\"]}]},{\"@type\":\"ImageObject\",\"inLanguage\":\"fr-FR\",\"@id\":\"https:\/\/suyana.shop\/es\/produkt\/sacred-harmony-tepi-handgefertigter-rape-applikator-aus-bali#primaryimage\",\"url\":\"https:\/\/suyana.shop\/wp-content\/uploads\/2024\/12\/Suyana-x-Elimba-DSC00352-scaled.jpg?wsr\",\"contentUrl\":\"https:\/\/suyana.shop\/wp-content\/uploads\/2024\/12\/Suyana-x-Elimba-DSC00352-scaled.jpg?wsr\",\"width\":2560,\"height\":1707},{\"@type\":\"BreadcrumbList\",\"@id\":\"https:\/\/suyana.shop\/es\/produkt\/sacred-harmony-tepi-handgefertigter-rape-applikator-aus-bali#breadcrumb\",\"itemListElement\":[{\"@type\":\"ListItem\",\"position\":1,\"name\":\"Startseite\",\"item\":\"https:\/\/suyana.shop\/fr\/\"},{\"@type\":\"ListItem\",\"position\":2,\"name\":\"Sacred Harmony Tepi \u2013 Handgefertigter Rap\u00e9-Applikator aus Bali\"}]},{\"@type\":\"WebSite\",\"@id\":\"\/#website\",\"url\":\"\/\",\"name\":\"Zeremonieller Kakao &amp; R\u00e4ucherwerk und spirituelle Tiefe | Suyana\",\"description\":\"Zeremonieller Kakao &amp; Kakaozeremonien\",\"publisher\":{\"@id\":\"\/#organization\"},\"potentialAction\":[{\"@type\":\"SearchAction\",\"target\":{\"@type\":\"EntryPoint\",\"urlTemplate\":\"\/?s={search_term_string}\"},\"query-input\":{\"@type\":\"PropertyValueSpecification\",\"valueRequired\":true,\"valueName\":\"search_term_string\"}}],\"inLanguage\":\"fr-FR\"},{\"@type\":\"Organization\",\"@id\":\"\/#organization\",\"name\":\"Suyana\",\"url\":\"\/\",\"logo\":{\"@type\":\"ImageObject\",\"inLanguage\":\"fr-FR\",\"@id\":\"\/#\/schema\/logo\/image\/\",\"url\":\"https:\/\/suyana.shop\/wp-content\/uploads\/2022\/05\/suyana-logo-brown-small.png\",\"contentUrl\":\"https:\/\/suyana.shop\/wp-content\/uploads\/2022\/05\/suyana-logo-brown-small.png\",\"width\":1387,\"height\":300,\"caption\":\"Suyana\"},\"image\":{\"@id\":\"\/#\/schema\/logo\/image\/\"},\"sameAs\":[\"https:\/\/instagram.com\/suyana.spirit\"]}]}<\/script>\n<!-- \/ Yoast SEO Premium plugin. -->","yoast_head_json":{"title":"Cacao c\u00e9r\u00e9monial &amp; encens et profondeur spirituelle | Suyana - Sacred Harmony Tepi - Applicateur de rap\u00e9 fait \u00e0 la main \u00e0 Bali","description":"Dans notre boutique en ligne, vous trouverez tout ce dont vous avez besoin pour votre c\u00e9r\u00e9monie. \u00b7 Laissez-nous vous emmener dans le monde du cacao c\u00e9r\u00e9monial Suyana.","robots":{"index":"index","follow":"follow","max-snippet":"max-snippet:-1","max-image-preview":"max-image-preview:large","max-video-preview":"max-video-preview:-1"},"canonical":"https:\/\/suyana.shop\/fr\/produit\/sacred-harmony-tepi-applicateur-de-rape-fait-main-a-bali\/","og_locale":"fr_FR","og_type":"article","og_title":"Sacred Harmony Tepi \u2013 Handgefertigter Rap\u00e9-Applikator aus Bali","og_description":"In unserem Online-Shop findest du alles f\u00fcr deine Zeremonie &#183; Lass dich mitnehmen auf eine Reise in die Welt des zeremoniellen Suyana Kakaos.","og_url":"https:\/\/suyana.shop\/fr\/produit\/sacred-harmony-tepi-applicateur-de-rape-fait-main-a-bali\/","og_site_name":"Zeremonieller Kakao &amp; R\u00e4ucherwerk und spirituelle Tiefe | Suyana","article_modified_time":"2026-03-16T10:49:10+00:00","og_image":[{"width":2560,"height":1707,"url":"https:\/\/suyana.shop\/wp-content\/uploads\/2024\/12\/Suyana-x-Elimba-DSC00352-scaled.jpg?wsr","type":"image\/jpeg"}],"twitter_card":"summary_large_image","twitter_misc":{"Dur\u00e9e de lecture estim\u00e9e":"1 minute"},"schema":{"@context":"https:\/\/schema.org","@graph":[{"@type":"WebPage","@id":"https:\/\/suyana.shop\/es\/produkt\/sacred-harmony-tepi-handgefertigter-rape-applikator-aus-bali","url":"https:\/\/suyana.shop\/es\/produkt\/sacred-harmony-tepi-handgefertigter-rape-applikator-aus-bali","name":"Cacao c\u00e9r\u00e9monial &amp; encens et profondeur spirituelle | Suyana - Sacred Harmony Tepi - Applicateur de rap\u00e9 fait \u00e0 la main \u00e0 Bali","isPartOf":{"@id":"\/#website"},"primaryImageOfPage":{"@id":"https:\/\/suyana.shop\/es\/produkt\/sacred-harmony-tepi-handgefertigter-rape-applikator-aus-bali#primaryimage"},"image":{"@id":"https:\/\/suyana.shop\/es\/produkt\/sacred-harmony-tepi-handgefertigter-rape-applikator-aus-bali#primaryimage"},"thumbnailUrl":"https:\/\/suyana.shop\/wp-content\/uploads\/2024\/12\/Suyana-x-Elimba-DSC00352-scaled.jpg?wsr","datePublished":"2024-12-06T15:33:16+00:00","dateModified":"2026-03-16T10:49:10+00:00","description":"Dans notre boutique en ligne, vous trouverez tout ce dont vous avez besoin pour votre c\u00e9r\u00e9monie. \u00b7 Laissez-nous vous emmener dans le monde du cacao c\u00e9r\u00e9monial Suyana.","breadcrumb":{"@id":"https:\/\/suyana.shop\/es\/produkt\/sacred-harmony-tepi-handgefertigter-rape-applikator-aus-bali#breadcrumb"},"inLanguage":"fr-FR","potentialAction":[{"@type":"ReadAction","target":["https:\/\/suyana.shop\/es\/produkt\/sacred-harmony-tepi-handgefertigter-rape-applikator-aus-bali"]}]},{"@type":"ImageObject","inLanguage":"fr-FR","@id":"https:\/\/suyana.shop\/es\/produkt\/sacred-harmony-tepi-handgefertigter-rape-applikator-aus-bali#primaryimage","url":"https:\/\/suyana.shop\/wp-content\/uploads\/2024\/12\/Suyana-x-Elimba-DSC00352-scaled.jpg?wsr","contentUrl":"https:\/\/suyana.shop\/wp-content\/uploads\/2024\/12\/Suyana-x-Elimba-DSC00352-scaled.jpg?wsr","width":2560,"height":1707},{"@type":"BreadcrumbList","@id":"https:\/\/suyana.shop\/es\/produkt\/sacred-harmony-tepi-handgefertigter-rape-applikator-aus-bali#breadcrumb","itemListElement":[{"@type":"ListItem","position":1,"name":"Startseite","item":"https:\/\/suyana.shop\/fr\/"},{"@type":"ListItem","position":2,"name":"Sacred Harmony Tepi \u2013 Handgefertigter Rap\u00e9-Applikator aus Bali"}]},{"@type":"WebSite","@id":"\/#website","url":"\/","name":"Des c\u00e9r\u00e9monies de Cacao et br\u00fbler de l&#039;Encens et de la Profondeur spirituelle | Suyana","description":"Des C\u00e9r\u00e9monies De Cacao &amp; Kakaozeremonien","publisher":{"@id":"\/#organization"},"potentialAction":[{"@type":"SearchAction","target":{"@type":"EntryPoint","urlTemplate":"\/?s={search_term_string}"},"query-input":{"@type":"PropertyValueSpecification","valueRequired":true,"valueName":"search_term_string"}}],"inLanguage":"fr-FR"},{"@type":"Organization","@id":"\/#organization","name":"Suyana","url":"\/","logo":{"@type":"ImageObject","inLanguage":"fr-FR","@id":"\/#\/schema\/logo\/image\/","url":"https:\/\/suyana.shop\/wp-content\/uploads\/2022\/05\/suyana-logo-brown-small.png","contentUrl":"https:\/\/suyana.shop\/wp-content\/uploads\/2022\/05\/suyana-logo-brown-small.png","width":1387,"height":300,"caption":"Suyana"},"image":{"@id":"\/#\/schema\/logo\/image\/"},"sameAs":["https:\/\/instagram.com\/suyana.spirit"]}]}},"_links":{"self":[{"href":"https:\/\/suyana.shop\/fr\/wp-json\/wp\/v2\/product\/566022","targetHints":{"allow":["GET"]}}],"collection":[{"href":"https:\/\/suyana.shop\/fr\/wp-json\/wp\/v2\/product"}],"about":[{"href":"https:\/\/suyana.shop\/fr\/wp-json\/wp\/v2\/types\/product"}],"replies":[{"embeddable":true,"href":"https:\/\/suyana.shop\/fr\/wp-json\/wp\/v2\/comments?post=566022"}],"version-history":[{"count":1,"href":"https:\/\/suyana.shop\/fr\/wp-json\/wp\/v2\/product\/566022\/revisions"}],"predecessor-version":[{"id":573339,"href":"https:\/\/suyana.shop\/fr\/wp-json\/wp\/v2\/product\/566022\/revisions\/573339"}],"wp:featuredmedia":[{"embeddable":true,"href":"https:\/\/suyana.shop\/fr\/wp-json\/wp\/v2\/media\/568611"}],"wp:attachment":[{"href":"https:\/\/suyana.shop\/fr\/wp-json\/wp\/v2\/media?parent=566022"}],"wp:term":[{"taxonomy":"product_brand","embeddable":true,"href":"https:\/\/suyana.shop\/fr\/wp-json\/wp\/v2\/product_brand?post=566022"},{"taxonomy":"product_cat","embeddable":true,"href":"https:\/\/suyana.shop\/fr\/wp-json\/wp\/v2\/product_cat?post=566022"},{"taxonomy":"product_tag","embeddable":true,"href":"https:\/\/suyana.shop\/fr\/wp-json\/wp\/v2\/product_tag?post=566022"}],"curies":[{"name":"wp","href":"https:\/\/api.w.org\/{rel}","templated":true}]}}