{"id":568731,"date":"2025-04-10T10:19:35","date_gmt":"2025-04-10T09:19:35","guid":{"rendered":"https:\/\/suyana.shop\/?post_type=product&#038;p=568731"},"modified":"2026-04-09T07:38:55","modified_gmt":"2026-04-09T06:38:55","slug":"ton-espoir-melange-depices","status":"publish","type":"product","link":"https:\/\/suyana.shop\/fr\/produkt\/deine-hoffnung-gewuerzmischung","title":{"rendered":"<b>Ton espoir<\/b> notre cr\u00e9ation d'\u00e9pices pour ton cacao"},"content":{"rendered":"<div data-elementor-type=\"product-post\" data-elementor-id=\"568731\" class=\"elementor elementor-568731\" data-elementor-post-type=\"product\">\n\t\t\t\t\t\t<section class=\"elementor-section elementor-top-section elementor-element elementor-element-a8881ba elementor-section-full_width elementor-section-height-min-height elementor-section-height-default elementor-section-items-middle\" data-id=\"a8881ba\" data-element_type=\"section\" data-e-type=\"section\" data-settings=\"{&quot;background_background&quot;:&quot;classic&quot;}\">\n\t\t\t\t\t\t<div class=\"elementor-container elementor-column-gap-default\">\n\t\t\t\t\t<div class=\"elementor-column elementor-col-100 elementor-top-column elementor-element elementor-element-51ea313\" data-id=\"51ea313\" data-element_type=\"column\" data-e-type=\"column\">\n\t\t\t<div class=\"elementor-widget-wrap elementor-element-populated\">\n\t\t\t\t\t\t<div class=\"elementor-element elementor-element-b02bdff elementor-widget elementor-widget-text-editor\" data-id=\"b02bdff\" data-element_type=\"widget\" data-e-type=\"widget\" data-widget_type=\"text-editor.default\">\n\t\t\t\t<div class=\"elementor-widget-container\">\n\t\t\t\t\t\t\t\t\t<h3>Deine Hoffnung &#8211; Gew\u00fcrzkreation f\u00fcr deinen Kakao<\/h3><p>Ce m\u00e9lange unique d'\u00e2mes de plantes a \u00e9t\u00e9 cr\u00e9\u00e9 par Frank von\u00a0<span style=\"text-decoration: underline;\"><a href=\"https:\/\/seidu.love\/\">SOIS TU<\/a><\/span> empfangen. Sie entstand in tiefer Verbindung mit den Pflanzen \u2013 als Br\u00fccke zwischen ihren Seelen und unserer eigenen. Eine Br\u00fccke, die uns erinnert: Die Pflanzen zeigen uns Wege in eine neue Welt. Eine Welt, die gr\u00fcner ist, lebendiger und getragen von Verbundenheit statt Trennung.\u00a0<\/p>\t\t\t\t\t\t\t\t<\/div>\n\t\t\t\t<\/div>\n\t\t\t\t\t<\/div>\n\t\t<\/div>\n\t\t\t\t\t<\/div>\n\t\t<\/section>\n\t\t\t\t<section class=\"elementor-section elementor-top-section elementor-element elementor-element-59d7852 elementor-section-boxed elementor-section-height-default elementor-section-height-default\" data-id=\"59d7852\" data-element_type=\"section\" data-e-type=\"section\">\n\t\t\t\t\t\t<div class=\"elementor-container elementor-column-gap-default\">\n\t\t\t\t\t<div class=\"elementor-column elementor-col-100 elementor-top-column elementor-element elementor-element-3e203cb\" data-id=\"3e203cb\" data-element_type=\"column\" data-e-type=\"column\">\n\t\t\t<div class=\"elementor-widget-wrap elementor-element-populated\">\n\t\t\t\t\t\t<div class=\"elementor-element elementor-element-bbae9fd elementor-widget elementor-widget-spacer\" data-id=\"bbae9fd\" data-element_type=\"widget\" data-e-type=\"widget\" data-widget_type=\"spacer.default\">\n\t\t\t\t<div class=\"elementor-widget-container\">\n\t\t\t\t\t\t\t<div class=\"elementor-spacer\">\n\t\t\t<div class=\"elementor-spacer-inner\"><\/div>\n\t\t<\/div>\n\t\t\t\t\t\t<\/div>\n\t\t\t\t<\/div>\n\t\t\t\t\t<\/div>\n\t\t<\/div>\n\t\t\t\t\t<\/div>\n\t\t<\/section>\n\t\t\t\t<section class=\"elementor-section elementor-top-section elementor-element elementor-element-a11667e elementor-section-boxed elementor-section-height-default elementor-section-height-default\" data-id=\"a11667e\" data-element_type=\"section\" data-e-type=\"section\">\n\t\t\t\t\t\t<div class=\"elementor-container elementor-column-gap-default\">\n\t\t\t\t\t<div class=\"elementor-column elementor-col-50 elementor-top-column elementor-element elementor-element-52b4030\" data-id=\"52b4030\" data-element_type=\"column\" data-e-type=\"column\">\n\t\t\t<div class=\"elementor-widget-wrap elementor-element-populated\">\n\t\t\t\t\t\t<div class=\"elementor-element elementor-element-c59515f elementor-widget elementor-widget-text-editor\" data-id=\"c59515f\" data-element_type=\"widget\" data-e-type=\"widget\" data-widget_type=\"text-editor.default\">\n\t\t\t\t<div class=\"elementor-widget-container\">\n\t\t\t\t\t\t\t\t\t<h3>Eine Hoffnung, die aus dem Herzen w\u00e4chst<\/h3><p>In deinem Kakao entfaltet diese Mischung ihre feine Pr\u00e4senz: Sie begleitet dich zur\u00fcck in dein Herz, \u00f6ffnet einen Raum f\u00fcr Zuversicht und l\u00e4sst Vertrauen wachsen. Hoffnung wird sp\u00fcrbar \u2013 nicht als fl\u00fcchtiger Gedanke, sondern als innere Gewissheit, dass alles da ist, was du brauchst. Einer Hoffnung, die aus dir selbst heraus erw\u00e4chst. Eine Einladung, Hoffnung nicht im Au\u00dfen zu suchen, sondern sie in dir selbst zu n\u00e4hren. Die so viel Energie und Licht in dir mobilisiert, dass selbst B\u00e4ume ausrei\u00dfen kein Problem mehr f\u00fcr dich darstellen sollte! Au\u00dfer nat\u00fcrlich, dass wir keine B\u00e4ume ausrei\u00dfen, sondern pflanzen wollen. Denn die neue Erde, auf die wir hoffen, ist gr\u00fcner. Sie ist ein Ort, an dem wir Menschen die Verbindung erkennen und leben, anstatt weiter die Trennung von allem real sein zu lassen. \u00a0<\/p><p><em>Laisse cette \u00e9pice s'\u00e9couler dans ton cacao -<\/em><br data-start=\"2151\" data-end=\"2154\" \/><em>R\u00fchre sie achtsam ein,<\/em><br data-start=\"2175\" data-end=\"2178\" \/><em>sens les plantes, sens le pouvoir, <\/em><br \/><em>und lass dich erinnern an das, <br \/>was in dir l\u00e4ngst leuchtet.<\/em><\/p><p><em>\u00a0<\/em><\/p><p><img class=\"alignleft\" src=\"https:\/\/suyana.shop\/wp-content\/uploads\/2022\/07\/Zeichenfla%CC%88che-5100.svg\" alt=\"\" width=\"189\" height=\"26\" data-trp-translate-id-src=\"54607\" data-trp-node-group-src=\"Images\" \/><\/p><p class=\"p1\">\u00a0<\/p>\t\t\t\t\t\t\t\t<\/div>\n\t\t\t\t<\/div>\n\t\t\t\t\t<\/div>\n\t\t<\/div>\n\t\t\t\t<div class=\"elementor-column elementor-col-50 elementor-top-column elementor-element elementor-element-2856f9d\" data-id=\"2856f9d\" data-element_type=\"column\" data-e-type=\"column\">\n\t\t\t<div class=\"elementor-widget-wrap elementor-element-populated\">\n\t\t\t\t\t\t<div class=\"elementor-element elementor-element-2ea6951 elementor-widget elementor-widget-image\" data-id=\"2ea6951\" data-element_type=\"widget\" data-e-type=\"widget\" data-widget_type=\"image.default\">\n\t\t\t\t<div class=\"elementor-widget-container\">\n\t\t\t\t\t\t\t\t\t\t\t\t\t\t\t<img fetchpriority=\"high\" width=\"813\" height=\"1024\" src=\"https:\/\/suyana.shop\/wp-content\/uploads\/2025\/04\/DSC07967-scaled-e1770214318548-813x1024.jpg\" class=\"attachment-large size-large wp-image-576715\" alt=\"\" srcset=\"https:\/\/suyana.shop\/wp-content\/uploads\/2025\/04\/DSC07967-scaled-e1770214318548-813x1024.jpg 813w, https:\/\/suyana.shop\/wp-content\/uploads\/2025\/04\/DSC07967-scaled-e1770214318548-238x300.jpg 238w, https:\/\/suyana.shop\/wp-content\/uploads\/2025\/04\/DSC07967-scaled-e1770214318548-768x967.jpg 768w, https:\/\/suyana.shop\/wp-content\/uploads\/2025\/04\/DSC07967-scaled-e1770214318548-1220x1536.jpg 1220w, https:\/\/suyana.shop\/wp-content\/uploads\/2025\/04\/DSC07967-scaled-e1770214318548-1626x2048.jpg 1626w, https:\/\/suyana.shop\/wp-content\/uploads\/2025\/04\/DSC07967-scaled-e1770214318548-10x12.jpg 10w, https:\/\/suyana.shop\/wp-content\/uploads\/2025\/04\/DSC07967-scaled-e1770214318548-600x756.jpg 600w, https:\/\/suyana.shop\/wp-content\/uploads\/2025\/04\/DSC07967-scaled-e1770214318548.jpg 1707w\" sizes=\"(max-width: 813px) 100vw, 813px\" \/>\t\t\t\t\t\t\t\t\t\t\t\t\t\t\t<\/div>\n\t\t\t\t<\/div>\n\t\t\t\t\t<\/div>\n\t\t<\/div>\n\t\t\t\t\t<\/div>\n\t\t<\/section>\n\t\t\t\t<section class=\"elementor-section elementor-top-section elementor-element elementor-element-01ae55c elementor-section-boxed elementor-section-height-default elementor-section-height-default\" data-id=\"01ae55c\" data-element_type=\"section\" data-e-type=\"section\">\n\t\t\t\t\t\t<div class=\"elementor-container elementor-column-gap-default\">\n\t\t\t\t\t<div class=\"elementor-column elementor-col-100 elementor-top-column elementor-element elementor-element-11bb2c2\" data-id=\"11bb2c2\" data-element_type=\"column\" data-e-type=\"column\">\n\t\t\t<div class=\"elementor-widget-wrap elementor-element-populated\">\n\t\t\t\t\t\t\t<\/div>\n\t\t<\/div>\n\t\t\t\t\t<\/div>\n\t\t<\/section>\n\t\t\t\t<section class=\"elementor-section elementor-top-section elementor-element elementor-element-82e8c5b elementor-section-full_width elementor-section-height-default elementor-section-height-default\" data-id=\"82e8c5b\" data-element_type=\"section\" data-e-type=\"section\" data-settings=\"{&quot;background_background&quot;:&quot;classic&quot;}\">\n\t\t\t\t\t\t\t<div class=\"elementor-background-overlay\"><\/div>\n\t\t\t\t\t\t\t<div class=\"elementor-container elementor-column-gap-default\">\n\t\t\t\t\t<div class=\"elementor-column elementor-col-100 elementor-top-column elementor-element elementor-element-e9f80da\" data-id=\"e9f80da\" data-element_type=\"column\" data-e-type=\"column\">\n\t\t\t<div class=\"elementor-widget-wrap elementor-element-populated\">\n\t\t\t\t\t\t<div class=\"elementor-element elementor-element-a201efd elementor-widget elementor-widget-text-editor\" data-id=\"a201efd\" data-element_type=\"widget\" data-e-type=\"widget\" data-widget_type=\"text-editor.default\">\n\t\t\t\t<div class=\"elementor-widget-container\">\n\t\t\t\t\t\t\t\t\t<h4 data-start=\"2277\" data-end=\"2321\">Die Affirmation f\u00fcr Deine Hoffnung<\/h4><p class=\"p1\"><em>\"Je me permets de m'\u00e9lever, de croire en moi et de vivre ma vision. <\/em><br \/><em>Je fais partie de la nouvelle terre et je fais refleurir mon espoir. Encore et encore\".<\/em><br \/>- Frank Rappenh\u00f6ner<\/p>\t\t\t\t\t\t\t\t<\/div>\n\t\t\t\t<\/div>\n\t\t\t\t\t<\/div>\n\t\t<\/div>\n\t\t\t\t\t<\/div>\n\t\t<\/section>\n\t\t\t\t<\/div>","protected":false},"excerpt":{"rendered":"<ul>\n<li><em>cr\u00e9ation exclusive d'\u00e9pices pour ton cacao Suyana<\/em><\/li>\n<li><em> en collaboration avec Frank de <a href=\"https:\/\/seidu.love\/\">SOIS TU<\/a>\u00a0<\/em><\/li>\n<li><em> Re\u00e7u par les \u00e2mes des plantes<\/em><\/li>\n<li><em>avec du sucre de fleur de coco, <\/em><em>Lucuma, <\/em><em>Alor vanille, <\/em><em>Racine de castor, <\/em><em>Tulsi, <\/em><em>Cannelle de Saigon, <\/em><em>Camu camu, <\/em><em>Poudre de baies de schisandra, <\/em><em>Hericium, <\/em><em>Maca Mix, <\/em><em>Bacopa, <\/em><em>Sel de flocons de soleil, <\/em><em>Putchicana chili<\/em><\/li>\n<\/ul>","protected":false},"featured_media":572013,"comment_status":"open","ping_status":"closed","template":"","meta":{"site-sidebar-layout":"no-sidebar","site-content-layout":"page-builder","ast-site-content-layout":"full-width-container","site-content-style":"default","site-sidebar-style":"default","ast-global-header-display":"","ast-banner-title-visibility":"","ast-main-header-display":"","ast-hfb-above-header-display":"","ast-hfb-below-header-display":"","ast-hfb-mobile-header-display":"","site-post-title":"disabled","ast-breadcrumbs-content":"","ast-featured-img":"disabled","footer-sml-layout":"","ast-disable-related-posts":"","theme-transparent-header-meta":"default","adv-header-id-meta":"","stick-header-meta":"default","header-above-stick-meta":"","header-main-stick-meta":"","header-below-stick-meta":"","astra-migrate-meta-layouts":"set","ast-page-background-enabled":"default","ast-page-background-meta":{"desktop":{"background-color":"var(--ast-global-color-4)","background-image":"","background-repeat":"repeat","background-position":"center center","background-size":"auto","background-attachment":"scroll","background-type":"","background-media":"","overlay-type":"","overlay-color":"","overlay-opacity":"","overlay-gradient":""},"tablet":{"background-color":"","background-image":"","background-repeat":"repeat","background-position":"center center","background-size":"auto","background-attachment":"scroll","background-type":"","background-media":"","overlay-type":"","overlay-color":"","overlay-opacity":"","overlay-gradient":""},"mobile":{"background-color":"","background-image":"","background-repeat":"repeat","background-position":"center center","background-size":"auto","background-attachment":"scroll","background-type":"","background-media":"","overlay-type":"","overlay-color":"","overlay-opacity":"","overlay-gradient":""}},"ast-content-background-meta":{"desktop":{"background-color":"var(--ast-global-color-5)","background-image":"","background-repeat":"repeat","background-position":"center center","background-size":"auto","background-attachment":"scroll","background-type":"","background-media":"","overlay-type":"","overlay-color":"","overlay-opacity":"","overlay-gradient":""},"tablet":{"background-color":"var(--ast-global-color-5)","background-image":"","background-repeat":"repeat","background-position":"center center","background-size":"auto","background-attachment":"scroll","background-type":"","background-media":"","overlay-type":"","overlay-color":"","overlay-opacity":"","overlay-gradient":""},"mobile":{"background-color":"var(--ast-global-color-5)","background-image":"","background-repeat":"repeat","background-position":"center center","background-size":"auto","background-attachment":"scroll","background-type":"","background-media":"","overlay-type":"","overlay-color":"","overlay-opacity":"","overlay-gradient":""}}},"product_brand":[],"product_cat":[15,187],"product_tag":[],"class_list":{"0":"post-568731","1":"product","2":"type-product","3":"status-publish","4":"has-post-thumbnail","6":"product_cat-alle-produkte","7":"product_cat-gewuerze","8":"desktop-align-left","9":"tablet-align-left","10":"mobile-align-left","11":"ast-product-gallery-layout-horizontal-slider","12":"ast-product-gallery-with-no-image","13":"ast-product-single-variable","14":"ast-product-tabs-layout-horizontal","16":"first","17":"instock","18":"taxable","19":"shipping-taxable","20":"purchasable","21":"product-type-variable"},"bundled_by":["574673","575793","576761"],"bundle_stock_status":"instock","bundle_stock_quantity":null,"bundle_virtual":false,"bundle_layout":"","bundle_add_to_cart_form_location":"","bundle_editable_in_cart":false,"bundle_sold_individually_context":"","bundle_item_grouping":"","bundle_min_size":"","bundle_max_size":"","bundle_price":[],"bundled_items":[],"bundle_sell_ids":[],"yoast_head":"<!-- This site is optimized with the Yoast SEO Premium plugin v24.0 (Yoast SEO v26.9) - https:\/\/yoast.com\/product\/yoast-seo-premium-wordpress\/ -->\n<title>Zeremonieller Kakao &amp; R\u00e4ucherwerk und spirituelle Tiefe | Suyana &#183; Deine Hoffnung unsere Gew\u00fcrzkreation f\u00fcr deinen Kakao<\/title>\n<meta name=\"description\" content=\"In unserem Online-Shop findest du alles f\u00fcr deine Zeremonie &#183; Lass dich mitnehmen auf eine Reise in die Welt des zeremoniellen Suyana Kakaos.\" \/>\n<meta name=\"robots\" content=\"index, follow, max-snippet:-1, max-image-preview:large, max-video-preview:-1\" \/>\n<link rel=\"canonical\" href=\"https:\/\/suyana.shop\/fr\/produit\/ton-espoir-melange-depices\" \/>\n<meta property=\"og:locale\" content=\"fr_FR\" \/>\n<meta property=\"og:type\" content=\"article\" \/>\n<meta property=\"og:title\" content=\"Deine Hoffnung unsere Gew\u00fcrzkreation f\u00fcr deinen Kakao\" \/>\n<meta property=\"og:description\" content=\"In unserem Online-Shop findest du alles f\u00fcr deine Zeremonie &#183; Lass dich mitnehmen auf eine Reise in die Welt des zeremoniellen Suyana Kakaos.\" \/>\n<meta property=\"og:url\" content=\"https:\/\/suyana.shop\/fr\/produit\/ton-espoir-melange-depices\" \/>\n<meta property=\"og:site_name\" content=\"Zeremonieller Kakao &amp; R\u00e4ucherwerk und spirituelle Tiefe | Suyana\" \/>\n<meta property=\"article:modified_time\" content=\"2026-04-09T06:38:55+00:00\" \/>\n<meta property=\"og:image\" content=\"https:\/\/suyana.shop\/wp-content\/uploads\/2025\/04\/DSC00363-1-1024x683.png\" \/>\n\t<meta property=\"og:image:width\" content=\"1024\" \/>\n\t<meta property=\"og:image:height\" content=\"683\" \/>\n\t<meta property=\"og:image:type\" content=\"image\/png\" \/>\n<meta name=\"twitter:card\" content=\"summary_large_image\" \/>\n<meta name=\"twitter:label1\" content=\"Dur\u00e9e de lecture estim\u00e9e\" \/>\n\t<meta name=\"twitter:data1\" content=\"3 minutes\" \/>\n<script type=\"application\/ld+json\" class=\"yoast-schema-graph\">{\"@context\":\"https:\/\/schema.org\",\"@graph\":[{\"@type\":\"WebPage\",\"@id\":\"https:\/\/suyana.shop\/fr\/produit\/ton-espoir-melange-depices\",\"url\":\"https:\/\/suyana.shop\/fr\/produit\/ton-espoir-melange-depices\",\"name\":\"Zeremonieller Kakao &amp; R\u00e4ucherwerk und spirituelle Tiefe | Suyana &#183; Deine Hoffnung unsere Gew\u00fcrzkreation f\u00fcr deinen Kakao\",\"isPartOf\":{\"@id\":\"\/#website\"},\"primaryImageOfPage\":{\"@id\":\"https:\/\/suyana.shop\/fr\/produit\/ton-espoir-melange-depices#primaryimage\"},\"image\":{\"@id\":\"https:\/\/suyana.shop\/fr\/produit\/ton-espoir-melange-depices#primaryimage\"},\"thumbnailUrl\":\"https:\/\/suyana.shop\/wp-content\/uploads\/2025\/04\/DSC00363-1-scaled.png?wsr\",\"datePublished\":\"2025-04-10T09:19:35+00:00\",\"dateModified\":\"2026-04-09T06:38:55+00:00\",\"description\":\"In unserem Online-Shop findest du alles f\u00fcr deine Zeremonie &#183; Lass dich mitnehmen auf eine Reise in die Welt des zeremoniellen Suyana Kakaos.\",\"breadcrumb\":{\"@id\":\"https:\/\/suyana.shop\/fr\/produit\/ton-espoir-melange-depices#breadcrumb\"},\"inLanguage\":\"fr-FR\",\"potentialAction\":[{\"@type\":\"ReadAction\",\"target\":[\"https:\/\/suyana.shop\/fr\/produit\/ton-espoir-melange-depices\"]}]},{\"@type\":\"ImageObject\",\"inLanguage\":\"fr-FR\",\"@id\":\"https:\/\/suyana.shop\/fr\/produit\/ton-espoir-melange-depices#primaryimage\",\"url\":\"https:\/\/suyana.shop\/wp-content\/uploads\/2025\/04\/DSC00363-1-scaled.png?wsr\",\"contentUrl\":\"https:\/\/suyana.shop\/wp-content\/uploads\/2025\/04\/DSC00363-1-scaled.png?wsr\",\"width\":2560,\"height\":1707},{\"@type\":\"BreadcrumbList\",\"@id\":\"https:\/\/suyana.shop\/fr\/produit\/ton-espoir-melange-depices#breadcrumb\",\"itemListElement\":[{\"@type\":\"ListItem\",\"position\":1,\"name\":\"Startseite\",\"item\":\"https:\/\/suyana.shop\/\"},{\"@type\":\"ListItem\",\"position\":2,\"name\":\"Deine Hoffnung unsere Gew\u00fcrzkreation f\u00fcr deinen Kakao\"}]},{\"@type\":\"WebSite\",\"@id\":\"\/#website\",\"url\":\"\/\",\"name\":\"Zeremonieller Kakao &amp; R\u00e4ucherwerk und spirituelle Tiefe | Suyana\",\"description\":\"Zeremonieller Kakao &amp; Kakaozeremonien\",\"publisher\":{\"@id\":\"\/#organization\"},\"potentialAction\":[{\"@type\":\"SearchAction\",\"target\":{\"@type\":\"EntryPoint\",\"urlTemplate\":\"\/?s={search_term_string}\"},\"query-input\":{\"@type\":\"PropertyValueSpecification\",\"valueRequired\":true,\"valueName\":\"search_term_string\"}}],\"inLanguage\":\"fr-FR\"},{\"@type\":\"Organization\",\"@id\":\"\/#organization\",\"name\":\"Suyana\",\"url\":\"\/\",\"logo\":{\"@type\":\"ImageObject\",\"inLanguage\":\"fr-FR\",\"@id\":\"\/#\/schema\/logo\/image\/\",\"url\":\"https:\/\/suyana.shop\/wp-content\/uploads\/2022\/05\/suyana-logo-brown-small.png\",\"contentUrl\":\"https:\/\/suyana.shop\/wp-content\/uploads\/2022\/05\/suyana-logo-brown-small.png\",\"width\":1387,\"height\":300,\"caption\":\"Suyana\"},\"image\":{\"@id\":\"\/#\/schema\/logo\/image\/\"},\"sameAs\":[\"https:\/\/instagram.com\/suyana.spirit\"]}]}<\/script>\n<!-- \/ Yoast SEO Premium plugin. -->","yoast_head_json":{"title":"Cacao c\u00e9r\u00e9monial &amp; encens et profondeur spirituelle | Suyana - Ton espoir notre cr\u00e9ation d'\u00e9pices pour ton cacao","description":"Dans notre boutique en ligne, vous trouverez tout ce dont vous avez besoin pour votre c\u00e9r\u00e9monie. \u00b7 Laissez-nous vous emmener dans le monde du cacao c\u00e9r\u00e9monial Suyana.","robots":{"index":"index","follow":"follow","max-snippet":"max-snippet:-1","max-image-preview":"max-image-preview:large","max-video-preview":"max-video-preview:-1"},"canonical":"https:\/\/suyana.shop\/fr\/produit\/ton-espoir-melange-depices","og_locale":"fr_FR","og_type":"article","og_title":"Deine Hoffnung unsere Gew\u00fcrzkreation f\u00fcr deinen Kakao","og_description":"In unserem Online-Shop findest du alles f\u00fcr deine Zeremonie &#183; Lass dich mitnehmen auf eine Reise in die Welt des zeremoniellen Suyana Kakaos.","og_url":"https:\/\/suyana.shop\/fr\/produit\/ton-espoir-melange-depices","og_site_name":"Zeremonieller Kakao &amp; R\u00e4ucherwerk und spirituelle Tiefe | Suyana","article_modified_time":"2026-04-09T06:38:55+00:00","og_image":[{"width":1024,"height":683,"url":"https:\/\/suyana.shop\/wp-content\/uploads\/2025\/04\/DSC00363-1-1024x683.png","type":"image\/png"}],"twitter_card":"summary_large_image","twitter_misc":{"Dur\u00e9e de lecture estim\u00e9e":"3 minutes"},"schema":{"@context":"https:\/\/schema.org","@graph":[{"@type":"WebPage","@id":"https:\/\/suyana.shop\/fr\/produit\/ton-espoir-melange-depices","url":"https:\/\/suyana.shop\/fr\/produit\/ton-espoir-melange-depices","name":"Cacao c\u00e9r\u00e9monial &amp; encens et profondeur spirituelle | Suyana - Ton espoir notre cr\u00e9ation d'\u00e9pices pour ton cacao","isPartOf":{"@id":"\/#website"},"primaryImageOfPage":{"@id":"https:\/\/suyana.shop\/fr\/produit\/ton-espoir-melange-depices#primaryimage"},"image":{"@id":"https:\/\/suyana.shop\/fr\/produit\/ton-espoir-melange-depices#primaryimage"},"thumbnailUrl":"https:\/\/suyana.shop\/wp-content\/uploads\/2025\/04\/DSC00363-1-scaled.png?wsr","datePublished":"2025-04-10T09:19:35+00:00","dateModified":"2026-04-09T06:38:55+00:00","description":"Dans notre boutique en ligne, vous trouverez tout ce dont vous avez besoin pour votre c\u00e9r\u00e9monie. \u00b7 Laissez-nous vous emmener dans le monde du cacao c\u00e9r\u00e9monial Suyana.","breadcrumb":{"@id":"https:\/\/suyana.shop\/fr\/produit\/ton-espoir-melange-depices#breadcrumb"},"inLanguage":"fr-FR","potentialAction":[{"@type":"ReadAction","target":["https:\/\/suyana.shop\/fr\/produit\/ton-espoir-melange-depices"]}]},{"@type":"ImageObject","inLanguage":"fr-FR","@id":"https:\/\/suyana.shop\/fr\/produit\/ton-espoir-melange-depices#primaryimage","url":"https:\/\/suyana.shop\/wp-content\/uploads\/2025\/04\/DSC00363-1-scaled.png?wsr","contentUrl":"https:\/\/suyana.shop\/wp-content\/uploads\/2025\/04\/DSC00363-1-scaled.png?wsr","width":2560,"height":1707},{"@type":"BreadcrumbList","@id":"https:\/\/suyana.shop\/fr\/produit\/ton-espoir-melange-depices#breadcrumb","itemListElement":[{"@type":"ListItem","position":1,"name":"Startseite","item":"https:\/\/suyana.shop\/"},{"@type":"ListItem","position":2,"name":"Deine Hoffnung unsere Gew\u00fcrzkreation f\u00fcr deinen Kakao"}]},{"@type":"WebSite","@id":"\/#website","url":"\/","name":"Des c\u00e9r\u00e9monies de Cacao et br\u00fbler de l&#039;Encens et de la Profondeur spirituelle | Suyana","description":"Des C\u00e9r\u00e9monies De Cacao &amp; Kakaozeremonien","publisher":{"@id":"\/#organization"},"potentialAction":[{"@type":"SearchAction","target":{"@type":"EntryPoint","urlTemplate":"\/?s={search_term_string}"},"query-input":{"@type":"PropertyValueSpecification","valueRequired":true,"valueName":"search_term_string"}}],"inLanguage":"fr-FR"},{"@type":"Organization","@id":"\/#organization","name":"Suyana","url":"\/","logo":{"@type":"ImageObject","inLanguage":"fr-FR","@id":"\/#\/schema\/logo\/image\/","url":"https:\/\/suyana.shop\/wp-content\/uploads\/2022\/05\/suyana-logo-brown-small.png","contentUrl":"https:\/\/suyana.shop\/wp-content\/uploads\/2022\/05\/suyana-logo-brown-small.png","width":1387,"height":300,"caption":"Suyana"},"image":{"@id":"\/#\/schema\/logo\/image\/"},"sameAs":["https:\/\/instagram.com\/suyana.spirit"]}]}},"_links":{"self":[{"href":"https:\/\/suyana.shop\/fr\/wp-json\/wp\/v2\/product\/568731","targetHints":{"allow":["GET"]}}],"collection":[{"href":"https:\/\/suyana.shop\/fr\/wp-json\/wp\/v2\/product"}],"about":[{"href":"https:\/\/suyana.shop\/fr\/wp-json\/wp\/v2\/types\/product"}],"replies":[{"embeddable":true,"href":"https:\/\/suyana.shop\/fr\/wp-json\/wp\/v2\/comments?post=568731"}],"version-history":[{"count":20,"href":"https:\/\/suyana.shop\/fr\/wp-json\/wp\/v2\/product\/568731\/revisions"}],"predecessor-version":[{"id":577389,"href":"https:\/\/suyana.shop\/fr\/wp-json\/wp\/v2\/product\/568731\/revisions\/577389"}],"wp:featuredmedia":[{"embeddable":true,"href":"https:\/\/suyana.shop\/fr\/wp-json\/wp\/v2\/media\/572013"}],"wp:attachment":[{"href":"https:\/\/suyana.shop\/fr\/wp-json\/wp\/v2\/media?parent=568731"}],"wp:term":[{"taxonomy":"product_brand","embeddable":true,"href":"https:\/\/suyana.shop\/fr\/wp-json\/wp\/v2\/product_brand?post=568731"},{"taxonomy":"product_cat","embeddable":true,"href":"https:\/\/suyana.shop\/fr\/wp-json\/wp\/v2\/product_cat?post=568731"},{"taxonomy":"product_tag","embeddable":true,"href":"https:\/\/suyana.shop\/fr\/wp-json\/wp\/v2\/product_tag?post=568731"}],"curies":[{"name":"wp","href":"https:\/\/api.w.org\/{rel}","templated":true}]}}