{"id":15,"date":"2022-01-25T21:20:28","date_gmt":"2022-01-25T21:20:28","guid":{"rendered":"https:\/\/suyana.shop\/widerruf"},"modified":"2025-07-21T15:18:12","modified_gmt":"2025-07-21T14:18:12","slug":"revoca","status":"publish","type":"page","link":"https:\/\/suyana.shop\/it\/widerruf","title":{"rendered":"Revoca"},"content":{"rendered":"<div data-elementor-type=\"wp-page\" data-elementor-id=\"15\" class=\"elementor elementor-15\" data-elementor-post-type=\"page\">\n\t\t\t\t\t\t<section class=\"elementor-section elementor-top-section elementor-element elementor-element-6713513c elementor-section-boxed elementor-section-height-default elementor-section-height-default\" data-id=\"6713513c\" data-element_type=\"section\" data-e-type=\"section\">\n\t\t\t\t\t\t<div class=\"elementor-container elementor-column-gap-default\">\n\t\t\t\t\t<div class=\"elementor-column elementor-col-100 elementor-top-column elementor-element elementor-element-18ac149c\" data-id=\"18ac149c\" data-element_type=\"column\" data-e-type=\"column\">\n\t\t\t<div class=\"elementor-widget-wrap elementor-element-populated\">\n\t\t\t\t\t\t<div class=\"elementor-element elementor-element-2cfe00c9 elementor-widget elementor-widget-text-editor\" data-id=\"2cfe00c9\" data-element_type=\"widget\" data-e-type=\"widget\" data-widget_type=\"text-editor.default\">\n\t\t\t\t<div class=\"elementor-widget-container\">\n\t\t\t\t\t\t\t\t\t<h1>Diritto di recesso<\/h1>\n<p><img class=\"\" src=\"\/wp-content\/uploads\/2022\/07\/Zeichenfla%CC%88che-5100.svg\" alt=\"\" width=\"105\" height=\"26\"\/><\/p>\n<div>\n<p><strong>Politica di cancellazione per i consumatori per un contratto in cui la merce viene consegnata in un&#039;unica consegna<\/strong><\/p>\n<h3>Diritto di recesso<\/h3>\n<p>Un consumatore \u00e8 qualsiasi persona fisica che conclude un negozio giuridico per scopi che non possono essere attribuiti principalmente alla sua attivit\u00e0 commerciale o professionale indipendente.<\/p>\n<h3>Diritto di recesso<\/h3>\n<p>Hai il diritto di recedere dal presente contratto entro quattordici giorni senza fornire alcuna motivazione. Il periodo di recesso \u00e8 di quattordici giorni dal giorno in cui tu o un terzo da te nominato che non \u00e8 il corriere ha preso possesso della merce. Per esercitare il diritto di recesso, \u00e8 necessario contattarci (inserire: nome\/azienda, indirizzo, numero di telefono, indirizzo e-mail e, se disponibile, numero di fax.) mediante una dichiarazione esplicita (ad esempio una lettera inviata tramite posta, fax o e-mail) informarti della tua decisione di recedere dal presente contratto. \u00c8 possibile utilizzare il modello di modulo di cancellazione allegato, sebbene non sia obbligatorio. Per rispettare il termine di recesso \u00e8 sufficiente che invii la notifica dell&#039;esercizio del diritto di recesso prima della scadenza del periodo di recesso.<\/p>\n<h3>Conseguenze della revoca<\/h3>\n<p>Se annulli il presente contratto, ti rimborseremo tutti i pagamenti ricevuti da te, compresi i costi di consegna (ad eccezione di eventuali costi aggiuntivi derivanti dalla scelta di un metodo di consegna diverso dalla consegna standard pi\u00f9 economica da noi offerta) da rimborsare immediatamente e al pi\u00f9 tardi entro quattordici giorni dal giorno in cui abbiamo ricevuto la notifica del recesso dal presente contratto. Per questo rimborso utilizziamo lo stesso metodo di pagamento da te utilizzato per la transazione originaria, a meno che non sia stato espressamente concordato con te qualcosa di diverso; in nessun caso ti verr\u00e0 addebitato alcun costo quale conseguenza di tale rimborso. Potremo rifiutare il rimborso finch\u00e9 non avremo ricevuto i beni oppure finch\u00e9 non avrai fornito la prova di aver rispedito i beni, a seconda di quale evento si verifichi per primo. \u00c8 necessario restituirci o consegnarci la merce immediatamente e comunque entro e non oltre quattordici giorni dal giorno in cui ci comunichi la risoluzione del presente contratto. Il termine \u00e8 rispettato se spedisci i beni prima della scadenza del periodo di quattordici giorni.<br \/>Sostieni i costi diretti della restituzione della merce.<br \/>Sei responsabile dell&#039;eventuale perdita di valore dei beni solo se tale perdita di valore \u00e8 dovuta a una manipolazione diversa da quella necessaria per stabilire la natura, le caratteristiche e la funzionalit\u00e0 dei beni.<\/p>\n<h3>Esempio di modulo di cancellazione<\/h3>\n<p>(Se desideri recedere dal contratto, compila questo modulo e rispediscilo.)<br \/>- A: <\/p>\n<p><span style=\"font-size: 16px;\">c\/o Milian Logistics GmbH , c\/o Suyana<br \/><\/span><span style=\"font-size: 16px;\">Via Rudolf Diesel 11<\/span> <br \/><span style=\"font-size: 16px;\">68169 Mannheim<\/span><\/p><p><span style=\"font-size: 16px;\">office@suyana.shop<\/span><\/p>\n<p>\u2013 Io\/noi (*) revoco il contratto da me\/noi (*) concluso per l&#039;acquisto dei seguenti beni (*)\/la fornitura del seguente servizio (*)<br \/>\u2013 Ordinato il (*)\/ricevuto il (*)<br \/>\u2013 Nome del(i) consumatore(i)<br \/>\u2013 Indirizzo del(i) consumatore(i)<br \/>\u2013 Firma del\/i consumatore\/i (solo per notifica cartacea)<br \/>- Data<br \/>\u2014\u2014\u2014\u2014\u2014\u2014\u2014\u2014\u2014\u2014\u2014\u2014\u2014<br \/>(*) Cancellare quanto non pertinente.<\/p>\n<p><em>Esclusione o scadenza anticipata del diritto di recesso<\/em><br \/>Il diritto di recesso non si applica ai contratti<br \/>per la fornitura di beni che non sono prefabbricati e per la cui produzione \u00e8 decisiva una selezione o determinazione individuale da parte del consumatore o che sono chiaramente adattati alle esigenze personali del consumatore;<br \/>per la consegna di beni che possono deteriorarsi rapidamente o la cui data di scadenza verrebbe superata rapidamente;<br \/>per la consegna di bevande alcoliche, il cui prezzo \u00e8 stato concordato al momento della conclusione del contratto, ma che pu\u00f2 essere consegnato non prima di 30 giorni dopo la conclusione del contratto e il cui valore attuale dipende dalle fluttuazioni del mercato sulle quali l&#039;imprenditore non ha alcuna influenza influenza;<br \/>per la consegna di giornali, riviste o periodici ad eccezione dei contratti di abbonamento.<br \/>Per i contratti il diritto di recesso scade anticipatamente<br \/>per la consegna di beni sigillati che non si prestano ad essere restituiti per motivi igienici o legati alla tutela della salute se il sigillo \u00e8 stato rimosso dopo la consegna;<br \/>per la consegna di beni se, per la loro natura, sono stati inseparabilmente mescolati con altri beni dopo la consegna;<\/p>\n<\/div>\n<p><\/p><\/div><\/div><\/div><\/div><\/div><\/section><\/div> ...<p class=\"ast-the-content-more-link\"> <a class=\"\" href=\"https:\/\/suyana.shop\/it\/widerruf\"> <span class=\"screen-reader-text\">Revoca<\/span>Leggi altro \"<\/a><\/p>","protected":false},"excerpt":{"rendered":"<p>Widerrufsbelehrung Widerrufsbelehrung f\u00fcr [&hellip;]<\/p>\n","protected":false},"author":1,"featured_media":0,"parent":0,"menu_order":0,"comment_status":"closed","ping_status":"closed","template":"","meta":{"site-sidebar-layout":"default","site-content-layout":"","ast-site-content-layout":"default","site-content-style":"default","site-sidebar-style":"default","ast-global-header-display":"","ast-banner-title-visibility":"","ast-main-header-display":"","ast-hfb-above-header-display":"","ast-hfb-below-header-display":"","ast-hfb-mobile-header-display":"","site-post-title":"","ast-breadcrumbs-content":"","ast-featured-img":"","footer-sml-layout":"","ast-disable-related-posts":"","theme-transparent-header-meta":"","adv-header-id-meta":"","stick-header-meta":"","header-above-stick-meta":"","header-main-stick-meta":"","header-below-stick-meta":"","astra-migrate-meta-layouts":"default","ast-page-background-enabled":"default","ast-page-background-meta":{"desktop":{"background-color":"var(--ast-global-color-4)","background-image":"","background-repeat":"repeat","background-position":"center center","background-size":"auto","background-attachment":"scroll","background-type":"","background-media":"","overlay-type":"","overlay-color":"","overlay-opacity":"","overlay-gradient":""},"tablet":{"background-color":"","background-image":"","background-repeat":"repeat","background-position":"center center","background-size":"auto","background-attachment":"scroll","background-type":"","background-media":"","overlay-type":"","overlay-color":"","overlay-opacity":"","overlay-gradient":""},"mobile":{"background-color":"","background-image":"","background-repeat":"repeat","background-position":"center center","background-size":"auto","background-attachment":"scroll","background-type":"","background-media":"","overlay-type":"","overlay-color":"","overlay-opacity":"","overlay-gradient":""}},"ast-content-background-meta":{"desktop":{"background-color":"var(--ast-global-color-5)","background-image":"","background-repeat":"repeat","background-position":"center center","background-size":"auto","background-attachment":"scroll","background-type":"","background-media":"","overlay-type":"","overlay-color":"","overlay-opacity":"","overlay-gradient":""},"tablet":{"background-color":"var(--ast-global-color-5)","background-image":"","background-repeat":"repeat","background-position":"center center","background-size":"auto","background-attachment":"scroll","background-type":"","background-media":"","overlay-type":"","overlay-color":"","overlay-opacity":"","overlay-gradient":""},"mobile":{"background-color":"var(--ast-global-color-5)","background-image":"","background-repeat":"repeat","background-position":"center center","background-size":"auto","background-attachment":"scroll","background-type":"","background-media":"","overlay-type":"","overlay-color":"","overlay-opacity":"","overlay-gradient":""}},"footnotes":""},"class_list":["post-15","page","type-page","status-publish","hentry"],"yoast_head":"<!-- This site is optimized with the Yoast SEO Premium plugin v24.0 (Yoast SEO v26.9) - https:\/\/yoast.com\/product\/yoast-seo-premium-wordpress\/ -->\n<title>Zeremonieller Kakao &amp; R\u00e4ucherwerk und spirituelle Tiefe | Suyana &#183; Widerruf<\/title>\n<meta name=\"description\" content=\"Alles f\u00fcr deine Zeremonie \u2661 Zeremonieller Kakao \u25e6 R\u00e4ucherwerk &amp; Heilpflanzen \u25e6 Gew\u00fcrze \u25e6 verantwortungsvoller Online-Shop \u25e6 lift your spirit!\" \/>\n<meta name=\"robots\" content=\"index, follow, max-snippet:-1, max-image-preview:large, max-video-preview:-1\" \/>\n<link rel=\"canonical\" href=\"https:\/\/suyana.shop\/it\/revoca\/\" \/>\n<meta property=\"og:locale\" content=\"it_IT\" \/>\n<meta property=\"og:type\" content=\"article\" \/>\n<meta property=\"og:title\" content=\"Widerruf\" \/>\n<meta property=\"og:description\" content=\"Alles f\u00fcr deine Zeremonie \u2661 Zeremonieller Kakao \u25e6 R\u00e4ucherwerk &amp; Heilpflanzen \u25e6 Gew\u00fcrze \u25e6 verantwortungsvoller Online-Shop \u25e6 lift your spirit!\" \/>\n<meta property=\"og:url\" content=\"https:\/\/suyana.shop\/it\/revoca\/\" \/>\n<meta property=\"og:site_name\" content=\"Zeremonieller Kakao &amp; R\u00e4ucherwerk und spirituelle Tiefe | Suyana\" \/>\n<meta property=\"article:modified_time\" content=\"2025-07-21T14:18:12+00:00\" \/>\n<meta name=\"twitter:card\" content=\"summary_large_image\" \/>\n<meta name=\"twitter:label1\" content=\"Tempo di lettura stimato\" \/>\n\t<meta name=\"twitter:data1\" content=\"4 minuti\" \/>\n<script type=\"application\/ld+json\" class=\"yoast-schema-graph\">{\"@context\":\"https:\/\/schema.org\",\"@graph\":[{\"@type\":\"WebPage\",\"@id\":\"https:\/\/suyana.shop\/widerruf\",\"url\":\"https:\/\/suyana.shop\/widerruf\",\"name\":\"Zeremonieller Kakao &amp; R\u00e4ucherwerk und spirituelle Tiefe | Suyana &#183; Widerruf\",\"isPartOf\":{\"@id\":\"\/#website\"},\"datePublished\":\"2022-01-25T21:20:28+00:00\",\"dateModified\":\"2025-07-21T14:18:12+00:00\",\"description\":\"Alles f\u00fcr deine Zeremonie \u2661 Zeremonieller Kakao \u25e6 R\u00e4ucherwerk & Heilpflanzen \u25e6 Gew\u00fcrze \u25e6 verantwortungsvoller Online-Shop \u25e6 lift your spirit!\",\"breadcrumb\":{\"@id\":\"https:\/\/suyana.shop\/widerruf#breadcrumb\"},\"inLanguage\":\"it-IT\",\"potentialAction\":[{\"@type\":\"ReadAction\",\"target\":[\"https:\/\/suyana.shop\/widerruf\"]}]},{\"@type\":\"BreadcrumbList\",\"@id\":\"https:\/\/suyana.shop\/widerruf#breadcrumb\",\"itemListElement\":[{\"@type\":\"ListItem\",\"position\":1,\"name\":\"Startseite\",\"item\":\"https:\/\/suyana.shop\/\"},{\"@type\":\"ListItem\",\"position\":2,\"name\":\"Widerruf\"}]},{\"@type\":\"WebSite\",\"@id\":\"\/#website\",\"url\":\"\/\",\"name\":\"Zeremonieller Kakao &amp; R\u00e4ucherwerk und spirituelle Tiefe | Suyana\",\"description\":\"Zeremonieller Kakao &amp; Kakaozeremonien\",\"publisher\":{\"@id\":\"\/#organization\"},\"potentialAction\":[{\"@type\":\"SearchAction\",\"target\":{\"@type\":\"EntryPoint\",\"urlTemplate\":\"\/?s={search_term_string}\"},\"query-input\":{\"@type\":\"PropertyValueSpecification\",\"valueRequired\":true,\"valueName\":\"search_term_string\"}}],\"inLanguage\":\"it-IT\"},{\"@type\":\"Organization\",\"@id\":\"\/#organization\",\"name\":\"Suyana\",\"url\":\"\/\",\"logo\":{\"@type\":\"ImageObject\",\"inLanguage\":\"it-IT\",\"@id\":\"\/#\/schema\/logo\/image\/\",\"url\":\"https:\/\/suyana.shop\/wp-content\/uploads\/2022\/05\/suyana-logo-brown-small.png\",\"contentUrl\":\"https:\/\/suyana.shop\/wp-content\/uploads\/2022\/05\/suyana-logo-brown-small.png\",\"width\":1387,\"height\":300,\"caption\":\"Suyana\"},\"image\":{\"@id\":\"\/#\/schema\/logo\/image\/\"},\"sameAs\":[\"https:\/\/instagram.com\/suyana.spirit\"]}]}<\/script>\n<!-- \/ Yoast SEO Premium plugin. -->","yoast_head_json":{"title":"Cacao e incenso cerimoniali e profondit\u00e0 spirituale | Suyana - Revocazione","description":"Tutto per la tua cerimonia \u2661 Cacao cerimoniale \u25e6 Incensi e piante medicinali \u25e6 Spezie \u25e6 Negozio online responsabile \u25e6 solleva il tuo spirito!","robots":{"index":"index","follow":"follow","max-snippet":"max-snippet:-1","max-image-preview":"max-image-preview:large","max-video-preview":"max-video-preview:-1"},"canonical":"https:\/\/suyana.shop\/it\/revoca\/","og_locale":"it_IT","og_type":"article","og_title":"Widerruf","og_description":"Alles f\u00fcr deine Zeremonie \u2661 Zeremonieller Kakao \u25e6 R\u00e4ucherwerk & Heilpflanzen \u25e6 Gew\u00fcrze \u25e6 verantwortungsvoller Online-Shop \u25e6 lift your spirit!","og_url":"https:\/\/suyana.shop\/it\/revoca\/","og_site_name":"Zeremonieller Kakao &amp; R\u00e4ucherwerk und spirituelle Tiefe | Suyana","article_modified_time":"2025-07-21T14:18:12+00:00","twitter_card":"summary_large_image","twitter_misc":{"Tempo di lettura stimato":"4 minuti"},"schema":{"@context":"https:\/\/schema.org","@graph":[{"@type":"WebPage","@id":"https:\/\/suyana.shop\/widerruf","url":"https:\/\/suyana.shop\/widerruf","name":"Cacao e incenso cerimoniali e profondit\u00e0 spirituale | Suyana - Revocazione","isPartOf":{"@id":"\/#website"},"datePublished":"2022-01-25T21:20:28+00:00","dateModified":"2025-07-21T14:18:12+00:00","description":"Tutto per la tua cerimonia \u2661 Cacao cerimoniale \u25e6 Incensi e piante medicinali \u25e6 Spezie \u25e6 Negozio online responsabile \u25e6 solleva il tuo spirito!","breadcrumb":{"@id":"https:\/\/suyana.shop\/widerruf#breadcrumb"},"inLanguage":"it-IT","potentialAction":[{"@type":"ReadAction","target":["https:\/\/suyana.shop\/widerruf"]}]},{"@type":"BreadcrumbList","@id":"https:\/\/suyana.shop\/widerruf#breadcrumb","itemListElement":[{"@type":"ListItem","position":1,"name":"Startseite","item":"https:\/\/suyana.shop\/"},{"@type":"ListItem","position":2,"name":"Widerruf"}]},{"@type":"WebSite","@id":"\/#website","url":"\/","name":"Il cerimoniale di cacao e incenso, e la profondit\u00e0 spirituale | Suyana","description":"Il Cerimoniale Di Cacao E Cacao Cerimonie","publisher":{"@id":"\/#organization"},"potentialAction":[{"@type":"SearchAction","target":{"@type":"EntryPoint","urlTemplate":"\/?s={search_term_string}"},"query-input":{"@type":"PropertyValueSpecification","valueRequired":true,"valueName":"search_term_string"}}],"inLanguage":"it-IT"},{"@type":"Organization","@id":"\/#organization","name":"Suyana","url":"\/","logo":{"@type":"ImageObject","inLanguage":"it-IT","@id":"\/#\/schema\/logo\/image\/","url":"https:\/\/suyana.shop\/wp-content\/uploads\/2022\/05\/suyana-logo-brown-small.png","contentUrl":"https:\/\/suyana.shop\/wp-content\/uploads\/2022\/05\/suyana-logo-brown-small.png","width":1387,"height":300,"caption":"Suyana"},"image":{"@id":"\/#\/schema\/logo\/image\/"},"sameAs":["https:\/\/instagram.com\/suyana.spirit"]}]}},"_links":{"self":[{"href":"https:\/\/suyana.shop\/it\/wp-json\/wp\/v2\/pages\/15","targetHints":{"allow":["GET"]}}],"collection":[{"href":"https:\/\/suyana.shop\/it\/wp-json\/wp\/v2\/pages"}],"about":[{"href":"https:\/\/suyana.shop\/it\/wp-json\/wp\/v2\/types\/page"}],"author":[{"embeddable":true,"href":"https:\/\/suyana.shop\/it\/wp-json\/wp\/v2\/users\/1"}],"replies":[{"embeddable":true,"href":"https:\/\/suyana.shop\/it\/wp-json\/wp\/v2\/comments?post=15"}],"version-history":[{"count":0,"href":"https:\/\/suyana.shop\/it\/wp-json\/wp\/v2\/pages\/15\/revisions"}],"wp:attachment":[{"href":"https:\/\/suyana.shop\/it\/wp-json\/wp\/v2\/media?parent=15"}],"curies":[{"name":"wp","href":"https:\/\/api.w.org\/{rel}","templated":true}]}}