{"id":20,"date":"2022-01-25T21:20:28","date_gmt":"2022-01-25T21:20:28","guid":{"rendered":"https:\/\/suyana.shop\/allgemeine_geschaeftsbedingungen"},"modified":"2025-03-24T17:30:12","modified_gmt":"2025-03-24T16:30:12","slug":"condizioni-generali-di-contratto","status":"publish","type":"page","link":"https:\/\/suyana.shop\/it\/allgemeine_geschaeftsbedingungen","title":{"rendered":"Condizioni generali di contratto"},"content":{"rendered":"<div data-elementor-type=\"wp-page\" data-elementor-id=\"20\" class=\"elementor elementor-20\" data-elementor-post-type=\"page\">\n\t\t\t\t\t\t<section class=\"elementor-section elementor-top-section elementor-element elementor-element-4f3dfea4 elementor-section-boxed elementor-section-height-default elementor-section-height-default\" data-id=\"4f3dfea4\" data-element_type=\"section\" data-e-type=\"section\">\n\t\t\t\t\t\t<div class=\"elementor-container elementor-column-gap-default\">\n\t\t\t\t\t<div class=\"elementor-column elementor-col-100 elementor-top-column elementor-element elementor-element-77bd943\" data-id=\"77bd943\" data-element_type=\"column\" data-e-type=\"column\">\n\t\t\t<div class=\"elementor-widget-wrap elementor-element-populated\">\n\t\t\t\t\t\t<div class=\"elementor-element elementor-element-51ada0eb elementor-widget elementor-widget-text-editor\" data-id=\"51ada0eb\" data-element_type=\"widget\" data-e-type=\"widget\" data-widget_type=\"text-editor.default\">\n\t\t\t\t<div class=\"elementor-widget-container\">\n\t\t\t\t\t\t\t\t\t<h1>Condizioni generali di contratto<\/h1><p><img class=\"\" src=\"\/wp-content\/uploads\/2022\/07\/suyana-squiggle.svg\" alt=\"\" width=\"103\" height=\"35\" \/><\/p><div><p style=\"text-align: left;\"><strong>Condizioni generali con informazioni per il cliente<\/strong><\/p><p style=\"text-align: left;\">1. Ambito<br \/>2. Offerte e descrizioni dei servizi<br \/>3. Processo di ordinazione e conclusione del contratto<br \/>4. Prezzi e spese di spedizione<br \/>5. Consegna, disponibilit\u00e0 della merce<br \/>6. Modalit\u00e0 di pagamento<br \/>7. Riserva di propriet\u00e0<br \/>8. Garanzia per difetti materiali e garanzia<br \/>9. Responsabilit\u00e0<br \/>10. Conservazione del testo contrattuale<br \/>11. Disposizioni finali<\/p><p>Termini e condizioni generali di Suyana GmbH<\/p><p>1. Ambito<br \/>1.1 Il rapporto commerciale tra Suyana GmbH, Luxemburger Stra\u00dfe 124, 50939 Colonia, Germania, rappresentata dai soci amministratori Elias El Gharbaoui &amp; Cem Gemici (di seguito \"Venditore\") e il cliente (di seguito \"Cliente\") \u00e8 regolato esclusivamente dalle seguenti Condizioni Generali nella versione valida al momento dell'ordine.<\/p><p>1.2 Puoi contattare il nostro servizio clienti per domande, reclami e obiezioni nei giorni feriali dalle 14:00 alle 20:00 al numero di telefono +49 177 6852817 e via e-mail all'indirizzo office@suyana.shop.<\/p><p>1.3 Un consumatore ai sensi delle presenti CGV \u00e8 una persona fisica che conclude un negozio giuridico per uno scopo che non pu\u00f2 essere attribuito principalmente alla sua attivit\u00e0 commerciale o professionale indipendente (Sezione 13 BGB).<\/p><p>1.4. Condizioni differenti da parte del cliente non verranno riconosciute a meno che il venditore non accetti espressamente la loro validit\u00e0.<\/p><p>2. Offerte e descrizioni dei servizi<br \/>La presentazione dei prodotti nel negozio online non costituisce un&#039;offerta giuridicamente vincolante, bens\u00ec un invito all&#039;ordine. Le descrizioni dei servizi nei cataloghi o sui siti web del venditore non hanno carattere di assicurazione o garanzia.<\/p><p>3. Processo di ordinazione e conclusione del contratto<br \/>3.1 Il cliente pu\u00f2 selezionare senza impegno i prodotti dell'assortimento del venditore e raccoglierli in un cosiddetto carrello della spesa utilizzando il pulsante \"Aggiungi al carrello\". La selezione dei prodotti pu\u00f2 essere modificata o cancellata all'interno del carrello. Il cliente pu\u00f2 quindi procedere al completamento del processo d'ordine all'interno del carrello cliccando sul pulsante \"Continua alla cassa\".<\/p><p>3.2 Il cliente invia una richiesta vincolante di acquisto dei prodotti presenti nel carrello cliccando sul pulsante \"Ordine con obbligo di pagamento\". Prima di inviare l'ordine, il cliente pu\u00f2 modificare e visualizzare i dati in qualsiasi momento e utilizzare la funzione \"indietro\" del browser per tornare al carrello o annullare completamente il processo d'ordine.<\/p><p>3.3 Il venditore invia quindi al cliente una conferma automatica di ricezione via e-mail, che elenca nuovamente l'ordine del cliente. La conferma documenta semplicemente la ricezione dell'ordine e non costituisce accettazione dell'offerta. Il contratto di acquisto \u00e8 concluso solo quando il venditore spedisce o consegna il prodotto ordinato entro due giorni o conferma la spedizione entro due giorni con una conferma d'ordine espressa o l'invio della fattura.<\/p><p>4. Prezzi e spese di spedizione<br \/>4.1 Tutti i prezzi sul sito web del venditore includono l'imposta sul valore aggiunto applicabile per legge.<\/p><p>4.2 Oltre ai prezzi indicati, il venditore addebita le spese di spedizione per la consegna, che vengono visualizzate dall'acquirente durante il processo di ordinazione.<\/p><p>5. Consegna, disponibilit\u00e0 della merce<br \/>5.1 Se \u00e8 stato concordato un pagamento anticipato, la consegna avverr\u00e0 dopo il ricevimento del pagamento.<\/p><p>5.2 Se la consegna della merce non avviene per colpa dell'acquirente nonostante tre tentativi di consegna, il venditore pu\u00f2 recedere dal contratto. I pagamenti effettuati saranno immediatamente rimborsati al cliente.<\/p><p>5.3 Se un prodotto ordinato non \u00e8 disponibile perch\u00e9 il venditore non lo fornisce senza alcuna colpa, il venditore pu\u00f2 recedere dal contratto. Il cliente ne sar\u00e0 immediatamente informato e i pagamenti gi\u00e0 effettuati saranno rimborsati.<\/p><p>6. Modalit\u00e0 di pagamento<br \/>6.1 Il cliente pu\u00f2 scegliere tra i metodi di pagamento disponibili.<\/p><p>6.2 Se \u00e8 possibile il pagamento tramite fattura, il pagamento deve essere effettuato entro 30 giorni dal ricevimento della merce e della fattura. Per tutti gli altri metodi di pagamento, il pagamento deve essere effettuato in anticipo senza alcuna detrazione.<\/p><p>6.3 Se per l'elaborazione dei pagamenti vengono incaricati fornitori terzi (ad esempio PayPal), si applicano i loro termini e condizioni generali.<\/p><p>7. Riserva di propriet\u00e0<br \/>La merce consegnata resta di propriet\u00e0 del venditore fino al completo pagamento.<\/p><p>8. Garanzia per difetti materiali e garanzia<br \/>8.1 La garanzia \u00e8 disciplinata dalle disposizioni di legge.<\/p><p>8.2 Una garanzia esiste solo se \u00e8 stata espressamente concessa.<\/p><p>9. Responsabilit\u00e0<br \/>9.1 Il Venditore sar\u00e0 responsabile senza limitazioni in caso di dolo o colpa grave.<\/p><p>9.2 In caso di violazione lievemente colposa degli obblighi materiali, il Venditore sar\u00e0 responsabile solo dei danni prevedibili tipici del contratto.<\/p><p>9.3 Le limitazioni di responsabilit\u00e0 non si applicano in caso di lesioni alla vita, all'incolumit\u00e0 fisica o alla salute, per difetti successivi all'assunzione di una garanzia o in caso di difetti occultati in modo fraudolento. La responsabilit\u00e0 ai sensi della Legge sulla Responsabilit\u00e0 del Prodotto rimane inalterata.<\/p><p>10. Conservazione del testo contrattuale<br \/>10.1 Il cliente pu\u00f2 stampare il testo del contratto prima di effettuare l'ordine.<\/p><p>10.2 Il venditore invia al cliente una conferma d'ordine con tutti i dati dell'ordine via e-mail. Il testo del contratto viene salvato, ma non pu\u00f2 essere recuperato online.<\/p><p>11. Disposizioni finali<br \/>11.1 Il foro competente e il luogo di adempimento \u00e8 Colonia se il cliente \u00e8 un commerciante o una persona giuridica di diritto pubblico.<\/p><p>11.2. La lingua contrattuale \u00e8 il tedesco.<\/p><p>11.3 Il venditore non \u00e8 disposto e non \u00e8 obbligato a partecipare a una procedura di risoluzione delle controversie davanti a un collegio arbitrale dei consumatori.<\/p><\/div>\t\t\t\t\t\t\t\t<\/div>\n\t\t\t\t<\/div>\n\t\t\t\t\t<\/div>\n\t\t<\/div>\n\t\t\t\t\t<\/div>\n\t\t<\/section>\n\t\t\t\t<\/div>","protected":false},"excerpt":{"rendered":"<p>Allgemeine Gesch\u00e4ftsbedingungen Allgemeine [&hellip;]<\/p>\n","protected":false},"author":1,"featured_media":0,"parent":0,"menu_order":0,"comment_status":"closed","ping_status":"closed","template":"","meta":{"site-sidebar-layout":"default","site-content-layout":"","ast-site-content-layout":"default","site-content-style":"default","site-sidebar-style":"default","ast-global-header-display":"","ast-banner-title-visibility":"","ast-main-header-display":"","ast-hfb-above-header-display":"","ast-hfb-below-header-display":"","ast-hfb-mobile-header-display":"","site-post-title":"","ast-breadcrumbs-content":"","ast-featured-img":"","footer-sml-layout":"","ast-disable-related-posts":"","theme-transparent-header-meta":"","adv-header-id-meta":"","stick-header-meta":"","header-above-stick-meta":"","header-main-stick-meta":"","header-below-stick-meta":"","astra-migrate-meta-layouts":"default","ast-page-background-enabled":"default","ast-page-background-meta":{"desktop":{"background-color":"var(--ast-global-color-4)","background-image":"","background-repeat":"repeat","background-position":"center center","background-size":"auto","background-attachment":"scroll","background-type":"","background-media":"","overlay-type":"","overlay-color":"","overlay-opacity":"","overlay-gradient":""},"tablet":{"background-color":"","background-image":"","background-repeat":"repeat","background-position":"center center","background-size":"auto","background-attachment":"scroll","background-type":"","background-media":"","overlay-type":"","overlay-color":"","overlay-opacity":"","overlay-gradient":""},"mobile":{"background-color":"","background-image":"","background-repeat":"repeat","background-position":"center center","background-size":"auto","background-attachment":"scroll","background-type":"","background-media":"","overlay-type":"","overlay-color":"","overlay-opacity":"","overlay-gradient":""}},"ast-content-background-meta":{"desktop":{"background-color":"var(--ast-global-color-5)","background-image":"","background-repeat":"repeat","background-position":"center center","background-size":"auto","background-attachment":"scroll","background-type":"","background-media":"","overlay-type":"","overlay-color":"","overlay-opacity":"","overlay-gradient":""},"tablet":{"background-color":"var(--ast-global-color-5)","background-image":"","background-repeat":"repeat","background-position":"center center","background-size":"auto","background-attachment":"scroll","background-type":"","background-media":"","overlay-type":"","overlay-color":"","overlay-opacity":"","overlay-gradient":""},"mobile":{"background-color":"var(--ast-global-color-5)","background-image":"","background-repeat":"repeat","background-position":"center center","background-size":"auto","background-attachment":"scroll","background-type":"","background-media":"","overlay-type":"","overlay-color":"","overlay-opacity":"","overlay-gradient":""}},"footnotes":""},"class_list":["post-20","page","type-page","status-publish","hentry"],"yoast_head":"<!-- This site is optimized with the Yoast SEO Premium plugin v24.0 (Yoast SEO v26.9) - https:\/\/yoast.com\/product\/yoast-seo-premium-wordpress\/ -->\n<title>Zeremonieller Kakao &amp; R\u00e4ucherwerk und spirituelle Tiefe | Suyana &#183; Allgemeine Gesch\u00e4ftsbedingungen<\/title>\n<meta name=\"description\" content=\"Allgemeine Gesch\u00e4ftsbedingungen mit KundInneninformationenAlles f\u00fcr deine Zeremonie \u2661 Zeremonieller Kakao \u25e6 R\u00e4ucherwerk &amp; Heilpflanzen \u25e6 Gew\u00fcrze \u25e6 verantwortungsvoller Online-Shop \u25e6 lift your spirit!\" \/>\n<meta name=\"robots\" content=\"index, follow, max-snippet:-1, max-image-preview:large, max-video-preview:-1\" \/>\n<link rel=\"canonical\" href=\"https:\/\/suyana.shop\/it\/condizioni-generali-di-contratto\/\" \/>\n<meta property=\"og:locale\" content=\"it_IT\" \/>\n<meta property=\"og:type\" content=\"article\" \/>\n<meta property=\"og:title\" content=\"Allgemeine Gesch\u00e4ftsbedingungen\" \/>\n<meta property=\"og:description\" content=\"Allgemeine Gesch\u00e4ftsbedingungen mit KundInneninformationenAlles f\u00fcr deine Zeremonie \u2661 Zeremonieller Kakao \u25e6 R\u00e4ucherwerk &amp; Heilpflanzen \u25e6 Gew\u00fcrze \u25e6 verantwortungsvoller Online-Shop \u25e6 lift your spirit!\" \/>\n<meta property=\"og:url\" content=\"https:\/\/suyana.shop\/it\/condizioni-generali-di-contratto\/\" \/>\n<meta property=\"og:site_name\" content=\"Zeremonieller Kakao &amp; R\u00e4ucherwerk und spirituelle Tiefe | Suyana\" \/>\n<meta property=\"article:modified_time\" content=\"2025-03-24T16:30:12+00:00\" \/>\n<meta name=\"twitter:card\" content=\"summary_large_image\" \/>\n<meta name=\"twitter:label1\" content=\"Tempo di lettura stimato\" \/>\n\t<meta name=\"twitter:data1\" content=\"5 minuti\" \/>\n<script type=\"application\/ld+json\" class=\"yoast-schema-graph\">{\"@context\":\"https:\/\/schema.org\",\"@graph\":[{\"@type\":\"WebPage\",\"@id\":\"https:\/\/suyana.shop\/en\/allgemeine_geschaeftsbedingungen\",\"url\":\"https:\/\/suyana.shop\/en\/allgemeine_geschaeftsbedingungen\",\"name\":\"Zeremonieller Kakao &amp; R\u00e4ucherwerk und spirituelle Tiefe | Suyana &#183; Allgemeine Gesch\u00e4ftsbedingungen\",\"isPartOf\":{\"@id\":\"\/#website\"},\"datePublished\":\"2022-01-25T21:20:28+00:00\",\"dateModified\":\"2025-03-24T16:30:12+00:00\",\"description\":\"Allgemeine Gesch\u00e4ftsbedingungen mit KundInneninformationenAlles f\u00fcr deine Zeremonie \u2661 Zeremonieller Kakao \u25e6 R\u00e4ucherwerk & Heilpflanzen \u25e6 Gew\u00fcrze \u25e6 verantwortungsvoller Online-Shop \u25e6 lift your spirit!\",\"breadcrumb\":{\"@id\":\"https:\/\/suyana.shop\/en\/allgemeine_geschaeftsbedingungen#breadcrumb\"},\"inLanguage\":\"it-IT\",\"potentialAction\":[{\"@type\":\"ReadAction\",\"target\":[\"https:\/\/suyana.shop\/en\/allgemeine_geschaeftsbedingungen\"]}]},{\"@type\":\"BreadcrumbList\",\"@id\":\"https:\/\/suyana.shop\/en\/allgemeine_geschaeftsbedingungen#breadcrumb\",\"itemListElement\":[{\"@type\":\"ListItem\",\"position\":1,\"name\":\"Startseite\",\"item\":\"https:\/\/suyana.shop\/it\/\"},{\"@type\":\"ListItem\",\"position\":2,\"name\":\"Allgemeine Gesch\u00e4ftsbedingungen\"}]},{\"@type\":\"WebSite\",\"@id\":\"\/#website\",\"url\":\"\/\",\"name\":\"Zeremonieller Kakao &amp; R\u00e4ucherwerk und spirituelle Tiefe | Suyana\",\"description\":\"Zeremonieller Kakao &amp; Kakaozeremonien\",\"publisher\":{\"@id\":\"\/#organization\"},\"potentialAction\":[{\"@type\":\"SearchAction\",\"target\":{\"@type\":\"EntryPoint\",\"urlTemplate\":\"\/?s={search_term_string}\"},\"query-input\":{\"@type\":\"PropertyValueSpecification\",\"valueRequired\":true,\"valueName\":\"search_term_string\"}}],\"inLanguage\":\"it-IT\"},{\"@type\":\"Organization\",\"@id\":\"\/#organization\",\"name\":\"Suyana\",\"url\":\"\/\",\"logo\":{\"@type\":\"ImageObject\",\"inLanguage\":\"it-IT\",\"@id\":\"\/#\/schema\/logo\/image\/\",\"url\":\"https:\/\/suyana.shop\/wp-content\/uploads\/2022\/05\/suyana-logo-brown-small.png\",\"contentUrl\":\"https:\/\/suyana.shop\/wp-content\/uploads\/2022\/05\/suyana-logo-brown-small.png\",\"width\":1387,\"height\":300,\"caption\":\"Suyana\"},\"image\":{\"@id\":\"\/#\/schema\/logo\/image\/\"},\"sameAs\":[\"https:\/\/instagram.com\/suyana.spirit\"]}]}<\/script>\n<!-- \/ Yoast SEO Premium plugin. -->","yoast_head_json":{"title":"Cacao e incenso per cerimonie e profondit\u00e0 spirituale | Suyana - Condizioni generali di vendita","description":"Condizioni generali con informazioni per il clienteTutto per la tua cerimonia \u2661 Cacao cerimoniale \u25e6 Incensi e piante medicinali \u25e6 Spezie \u25e6 Negozio online responsabile \u25e6 solleva il tuo spirito!","robots":{"index":"index","follow":"follow","max-snippet":"max-snippet:-1","max-image-preview":"max-image-preview:large","max-video-preview":"max-video-preview:-1"},"canonical":"https:\/\/suyana.shop\/it\/condizioni-generali-di-contratto\/","og_locale":"it_IT","og_type":"article","og_title":"Allgemeine Gesch\u00e4ftsbedingungen","og_description":"Allgemeine Gesch\u00e4ftsbedingungen mit KundInneninformationenAlles f\u00fcr deine Zeremonie \u2661 Zeremonieller Kakao \u25e6 R\u00e4ucherwerk & Heilpflanzen \u25e6 Gew\u00fcrze \u25e6 verantwortungsvoller Online-Shop \u25e6 lift your spirit!","og_url":"https:\/\/suyana.shop\/it\/condizioni-generali-di-contratto\/","og_site_name":"Zeremonieller Kakao &amp; R\u00e4ucherwerk und spirituelle Tiefe | Suyana","article_modified_time":"2025-03-24T16:30:12+00:00","twitter_card":"summary_large_image","twitter_misc":{"Tempo di lettura stimato":"5 minuti"},"schema":{"@context":"https:\/\/schema.org","@graph":[{"@type":"WebPage","@id":"https:\/\/suyana.shop\/en\/allgemeine_geschaeftsbedingungen","url":"https:\/\/suyana.shop\/en\/allgemeine_geschaeftsbedingungen","name":"Cacao e incenso per cerimonie e profondit\u00e0 spirituale | Suyana - Condizioni generali di vendita","isPartOf":{"@id":"\/#website"},"datePublished":"2022-01-25T21:20:28+00:00","dateModified":"2025-03-24T16:30:12+00:00","description":"Condizioni generali con informazioni per il clienteTutto per la tua cerimonia \u2661 Cacao cerimoniale \u25e6 Incensi e piante medicinali \u25e6 Spezie \u25e6 Negozio online responsabile \u25e6 solleva il tuo spirito!","breadcrumb":{"@id":"https:\/\/suyana.shop\/en\/allgemeine_geschaeftsbedingungen#breadcrumb"},"inLanguage":"it-IT","potentialAction":[{"@type":"ReadAction","target":["https:\/\/suyana.shop\/en\/allgemeine_geschaeftsbedingungen"]}]},{"@type":"BreadcrumbList","@id":"https:\/\/suyana.shop\/en\/allgemeine_geschaeftsbedingungen#breadcrumb","itemListElement":[{"@type":"ListItem","position":1,"name":"Startseite","item":"https:\/\/suyana.shop\/it\/"},{"@type":"ListItem","position":2,"name":"Allgemeine Gesch\u00e4ftsbedingungen"}]},{"@type":"WebSite","@id":"\/#website","url":"\/","name":"Il cerimoniale di cacao e incenso, e la profondit\u00e0 spirituale | Suyana","description":"Il Cerimoniale Di Cacao E Cacao Cerimonie","publisher":{"@id":"\/#organization"},"potentialAction":[{"@type":"SearchAction","target":{"@type":"EntryPoint","urlTemplate":"\/?s={search_term_string}"},"query-input":{"@type":"PropertyValueSpecification","valueRequired":true,"valueName":"search_term_string"}}],"inLanguage":"it-IT"},{"@type":"Organization","@id":"\/#organization","name":"Suyana","url":"\/","logo":{"@type":"ImageObject","inLanguage":"it-IT","@id":"\/#\/schema\/logo\/image\/","url":"https:\/\/suyana.shop\/wp-content\/uploads\/2022\/05\/suyana-logo-brown-small.png","contentUrl":"https:\/\/suyana.shop\/wp-content\/uploads\/2022\/05\/suyana-logo-brown-small.png","width":1387,"height":300,"caption":"Suyana"},"image":{"@id":"\/#\/schema\/logo\/image\/"},"sameAs":["https:\/\/instagram.com\/suyana.spirit"]}]}},"_links":{"self":[{"href":"https:\/\/suyana.shop\/it\/wp-json\/wp\/v2\/pages\/20","targetHints":{"allow":["GET"]}}],"collection":[{"href":"https:\/\/suyana.shop\/it\/wp-json\/wp\/v2\/pages"}],"about":[{"href":"https:\/\/suyana.shop\/it\/wp-json\/wp\/v2\/types\/page"}],"author":[{"embeddable":true,"href":"https:\/\/suyana.shop\/it\/wp-json\/wp\/v2\/users\/1"}],"replies":[{"embeddable":true,"href":"https:\/\/suyana.shop\/it\/wp-json\/wp\/v2\/comments?post=20"}],"version-history":[{"count":0,"href":"https:\/\/suyana.shop\/it\/wp-json\/wp\/v2\/pages\/20\/revisions"}],"wp:attachment":[{"href":"https:\/\/suyana.shop\/it\/wp-json\/wp\/v2\/media?parent=20"}],"curies":[{"name":"wp","href":"https:\/\/api.w.org\/{rel}","templated":true}]}}