{"id":31158,"date":"2022-07-18T14:11:44","date_gmt":"2022-07-18T14:11:44","guid":{"rendered":"https:\/\/suyana.shop\/?page_id=31158"},"modified":"2025-03-21T17:25:05","modified_gmt":"2025-03-21T16:25:05","slug":"la-cerimonia-del-cacao","status":"publish","type":"page","link":"https:\/\/suyana.shop\/it\/die-kakaozeremonie","title":{"rendered":"Cacao cerimonia"},"content":{"rendered":"<div data-elementor-type=\"wp-page\" data-elementor-id=\"31158\" class=\"elementor elementor-31158\" data-elementor-post-type=\"page\">\n\t\t\t\t\t\t<section class=\"elementor-section elementor-top-section elementor-element elementor-element-5db8351 elementor-section-boxed elementor-section-height-default elementor-section-height-default\" data-id=\"5db8351\" data-element_type=\"section\" data-e-type=\"section\">\n\t\t\t\t\t\t<div class=\"elementor-container elementor-column-gap-default\">\n\t\t\t\t\t<div class=\"elementor-column elementor-col-100 elementor-top-column elementor-element elementor-element-8c5b1b4\" data-id=\"8c5b1b4\" data-element_type=\"column\" data-e-type=\"column\">\n\t\t\t<div class=\"elementor-widget-wrap elementor-element-populated\">\n\t\t\t\t\t\t<div class=\"elementor-element elementor-element-837a32f elementor-widget elementor-widget-spacer\" data-id=\"837a32f\" data-element_type=\"widget\" data-e-type=\"widget\" data-widget_type=\"spacer.default\">\n\t\t\t\t<div class=\"elementor-widget-container\">\n\t\t\t\t\t\t\t<div class=\"elementor-spacer\">\n\t\t\t<div class=\"elementor-spacer-inner\"><\/div>\n\t\t<\/div>\n\t\t\t\t\t\t<\/div>\n\t\t\t\t<\/div>\n\t\t\t\t<div class=\"elementor-element elementor-element-6ea5e9e elementor-widget elementor-widget-heading\" data-id=\"6ea5e9e\" data-element_type=\"widget\" data-e-type=\"widget\" data-widget_type=\"heading.default\">\n\t\t\t\t<div class=\"elementor-widget-container\">\n\t\t\t\t\t<h1 class=\"elementor-heading-title elementor-size-default\">Il cacao: tra mito, scienza e rituale<\/h1>\t\t\t\t<\/div>\n\t\t\t\t<\/div>\n\t\t\t\t<div class=\"elementor-element elementor-element-d8dda80 elementor-widget elementor-widget-spacer\" data-id=\"d8dda80\" data-element_type=\"widget\" data-e-type=\"widget\" data-widget_type=\"spacer.default\">\n\t\t\t\t<div class=\"elementor-widget-container\">\n\t\t\t\t\t\t\t<div class=\"elementor-spacer\">\n\t\t\t<div class=\"elementor-spacer-inner\"><\/div>\n\t\t<\/div>\n\t\t\t\t\t\t<\/div>\n\t\t\t\t<\/div>\n\t\t\t\t\t<\/div>\n\t\t<\/div>\n\t\t\t\t\t<\/div>\n\t\t<\/section>\n\t\t\t\t<section class=\"elementor-section elementor-top-section elementor-element elementor-element-13619eb elementor-section-boxed elementor-section-height-default elementor-section-height-default\" data-id=\"13619eb\" data-element_type=\"section\" data-e-type=\"section\">\n\t\t\t\t\t\t<div class=\"elementor-container elementor-column-gap-default\">\n\t\t\t\t\t<div class=\"elementor-column elementor-col-50 elementor-top-column elementor-element elementor-element-a25c6f5\" data-id=\"a25c6f5\" data-element_type=\"column\" data-e-type=\"column\">\n\t\t\t<div class=\"elementor-widget-wrap elementor-element-populated\">\n\t\t\t\t\t\t<div class=\"elementor-element elementor-element-a971ada elementor-widget elementor-widget-heading\" data-id=\"a971ada\" data-element_type=\"widget\" data-e-type=\"widget\" data-widget_type=\"heading.default\">\n\t\t\t\t<div class=\"elementor-widget-container\">\n\t\t\t\t\t<h2 class=\"elementor-heading-title elementor-size-default\">Mitologia del cacao<\/h2>\t\t\t\t<\/div>\n\t\t\t\t<\/div>\n\t\t\t\t<div class=\"elementor-element elementor-element-e34b25b elementor-widget elementor-widget-heading\" data-id=\"e34b25b\" data-element_type=\"widget\" data-e-type=\"widget\" data-widget_type=\"heading.default\">\n\t\t\t\t<div class=\"elementor-widget-container\">\n\t\t\t\t\t<h3 class=\"elementor-heading-title elementor-size-default\">Come Quetzalcoatl port\u00f2 il cacao nel mondo\n<\/h3>\t\t\t\t<\/div>\n\t\t\t\t<\/div>\n\t\t\t\t<div class=\"elementor-element elementor-element-d436f17 elementor-widget elementor-widget-text-editor\" data-id=\"d436f17\" data-element_type=\"widget\" data-e-type=\"widget\" data-widget_type=\"text-editor.default\">\n\t\t\t\t<div class=\"elementor-widget-container\">\n\t\t\t\t\t\t\t\t\t<h3><span style=\"color: var( --e-global-color-text ); font-family: var( --e-global-typography-text-font-family ), Sans-serif; font-weight: 400; font-size: 16px; letter-spacing: 0px;\">Molti antichi miti americani circondano l'origine dell'albero del cacao e il modo in cui il cacao <\/span><span style=\"color: var( --e-global-color-text ); font-family: var( --e-global-typography-text-font-family ), Sans-serif; font-weight: 400; font-size: 16px; letter-spacing: 0px;\">o il cioccolato \u00e8 venuto al mondo. <\/span><span style=\"color: var( --e-global-color-text ); font-family: var( --e-global-typography-text-font-family ), Sans-serif; font-weight: 400; font-size: 16px; letter-spacing: 0px;\">Il cacao proviene da \"<\/span><span style=\"color: var( --e-global-color-text ); font-family: var( --e-global-typography-text-font-family ), Sans-serif; font-weight: 400; font-size: 16px; letter-spacing: 0px;\">cacahuatl\" <\/span><span style=\"color: var( --e-global-color-text ); font-family: var( --e-global-typography-text-font-family ), Sans-serif; font-weight: 400; font-size: 16px; letter-spacing: 0px;\">e pu\u00f2 essere combinato con<\/span><span style=\"color: var( --e-global-color-text ); font-family: var( --e-global-typography-text-font-family ), Sans-serif; font-weight: 400; font-size: 16px; letter-spacing: 0px;\"> Tradurre \"fava di cacao\"; <\/span><span style=\"color: var( --e-global-color-text ); font-family: var( --e-global-typography-text-font-family ), Sans-serif; font-weight: 400; font-size: 16px; letter-spacing: 0px;\">Cioccolato deriva da \"xoc\u00f3atl\" e significa <\/span><span style=\"color: var( --e-global-color-text ); font-family: var( --e-global-typography-text-font-family ), Sans-serif; font-weight: 400; font-size: 16px; letter-spacing: 0px;\">\"acqua amara\"<\/span><span style=\"color: var( --e-global-color-text ); font-family: var( --e-global-typography-text-font-family ), Sans-serif; font-weight: 400; font-size: 16px; letter-spacing: 0px;\">. Entrambi i termini sono aztechi e derivano dalla lingua nahuatl, una lingua che ancora oggi \u00e8 parlata da circa 1,5 milioni di persone in America Centrale.\u00a0 <\/span><span style=\"color: var( --e-global-color-text ); font-family: var( --e-global-typography-text-font-family ), Sans-serif; font-weight: 400; font-size: 16px; letter-spacing: 0px;\">si parla.<\/span><\/h3><p><span style=\"font-weight: 400;\">Un mito racconta come <\/span><span style=\"font-weight: 400;\">Quetzalcoatl<\/span><span style=\"font-weight: 400;\"> (\"serpente dalla coda luminosa\"), un <\/span><span style=\"font-weight: 400;\">La divinit\u00e0 <\/span><span style=\"font-weight: 400;\">dei Toltechi, degli Aztechi e dei Maya, perse la sua amata principessa in un attacco nemico. Fu uccisa perch\u00e9 non voleva rivelare al nemico un tesoro che Quetzalcoatl le aveva affidato. Il suo sangue bagn\u00f2 e fertilizz\u00f2 la terra dove era morta. Quetzalcoatl cre\u00f2 l\u00ec l'albero del cacao, il cui frutto era amaro come le sofferenze che sua moglie aveva sopportato per amore, forte come la virt\u00f9 che aveva dimostrato nelle avversit\u00e0 e rossastro come il sangue che aveva versato.\u00a0<\/span><\/p><p><span style=\"font-weight: 400;\">Un mito che, anche a livello linguistico, descrive in modo impressionante il sapore originariamente amaro del cioccolato, il colore rosso sangue del frutto del cacao e la vicinanza del <\/span><i><span style=\"font-weight: 400;\">Theobrama cacao<\/span><\/i><span style=\"font-weight: 400;\"> agli dei precolombiani. Il mito ci parla anche di un amore sconfinato, al di l\u00e0 della morte e rappresentato dal cacao. ...\u00a0<\/span><\/p><p>\u00a0<\/p>\t\t\t\t\t\t\t\t<\/div>\n\t\t\t\t<\/div>\n\t\t\t\t\t<\/div>\n\t\t<\/div>\n\t\t\t\t<div class=\"elementor-column elementor-col-50 elementor-top-column elementor-element elementor-element-2c96753\" data-id=\"2c96753\" data-element_type=\"column\" data-e-type=\"column\">\n\t\t\t<div class=\"elementor-widget-wrap elementor-element-populated\">\n\t\t\t\t\t\t<div class=\"elementor-element elementor-element-f371661 elementor-widget elementor-widget-image\" data-id=\"f371661\" data-element_type=\"widget\" data-e-type=\"widget\" data-widget_type=\"image.default\">\n\t\t\t\t<div class=\"elementor-widget-container\">\n\t\t\t\t\t\t\t\t\t\t\t\t\t\t\t<img fetchpriority=\"high\" width=\"899\" height=\"560\" src=\"https:\/\/suyana.shop\/wp-content\/uploads\/2024\/10\/home_zeremonie-a73f3d5f.webp\" class=\"attachment-large size-large wp-image-65401\" alt=\"Cerimonia del cacao con cacao cerimoniale e molti amici\" srcset=\"https:\/\/suyana.shop\/wp-content\/uploads\/2024\/10\/home_zeremonie-a73f3d5f.webp 899w, https:\/\/suyana.shop\/wp-content\/uploads\/2024\/10\/home_zeremonie-a73f3d5f-600x374.webp 600w, https:\/\/suyana.shop\/wp-content\/uploads\/2024\/10\/home_zeremonie-a73f3d5f-300x187.webp 300w, https:\/\/suyana.shop\/wp-content\/uploads\/2024\/10\/home_zeremonie-a73f3d5f-768x478.webp 768w, https:\/\/suyana.shop\/wp-content\/uploads\/2024\/10\/home_zeremonie-a73f3d5f-18x12.webp 18w\" sizes=\"(max-width: 899px) 100vw, 899px\" \/>\t\t\t\t\t\t\t\t\t\t\t\t\t\t\t<\/div>\n\t\t\t\t<\/div>\n\t\t\t\t\t<\/div>\n\t\t<\/div>\n\t\t\t\t\t<\/div>\n\t\t<\/section>\n\t\t\t\t<section class=\"elementor-section elementor-top-section elementor-element elementor-element-42fd941 elementor-section-boxed elementor-section-height-default elementor-section-height-default\" data-id=\"42fd941\" data-element_type=\"section\" data-e-type=\"section\">\n\t\t\t\t\t\t<div class=\"elementor-container elementor-column-gap-default\">\n\t\t\t\t\t<div class=\"elementor-column elementor-col-50 elementor-top-column elementor-element elementor-element-d34466b\" data-id=\"d34466b\" data-element_type=\"column\" data-e-type=\"column\">\n\t\t\t<div class=\"elementor-widget-wrap elementor-element-populated\">\n\t\t\t\t\t\t<div class=\"elementor-element elementor-element-9213ead elementor-widget elementor-widget-heading\" data-id=\"9213ead\" data-element_type=\"widget\" data-e-type=\"widget\" data-widget_type=\"heading.default\">\n\t\t\t\t<div class=\"elementor-widget-container\">\n\t\t\t\t\t<h2 class=\"elementor-heading-title elementor-size-default\">Cerimonia del cacao\u00a0<\/h2>\t\t\t\t<\/div>\n\t\t\t\t<\/div>\n\t\t\t\t<div class=\"elementor-element elementor-element-21a7ee2 elementor-widget elementor-widget-heading\" data-id=\"21a7ee2\" data-element_type=\"widget\" data-e-type=\"widget\" data-widget_type=\"heading.default\">\n\t\t\t\t<div class=\"elementor-widget-container\">\n\t\t\t\t\t<h3 class=\"elementor-heading-title elementor-size-default\">Ritrovati nella cerimonia del cacao\n<\/h3>\t\t\t\t<\/div>\n\t\t\t\t<\/div>\n\t\t\t\t<div class=\"elementor-element elementor-element-7858fa5 elementor-widget elementor-widget-text-editor\" data-id=\"7858fa5\" data-element_type=\"widget\" data-e-type=\"widget\" data-widget_type=\"text-editor.default\">\n\t\t\t\t<div class=\"elementor-widget-container\">\n\t\t\t\t\t\t\t\t\t<h3><span style=\"color: var( --e-global-color-text ); font-family: var( --e-global-typography-text-font-family ), Sans-serif; font-weight: var( --e-global-typography-text-font-weight ); font-size: 16px; letter-spacing: 0px;\">Per migliaia di anni, le antiche culture del Sudamerica hanno utilizzato <a href=\"https:\/\/suyana.shop\/\">Cerimoniale del cacao<\/a>per avvicinarsi agli dei, per acquisire forza fisica e spirituale, per scacciare le paure e trovare l'orientamento nella vita. Lo spirito viene liberato dal cacao, ci apriamo e lasciamo che la nostra voce interiore parli attraverso il cacao: Una voce che ti guida sul tuo cammino e ti permette di esprimerti in purezza e verit\u00e0 e di essere chi sei veramente. Proprio come ci insegna il mito di Quetzalcoatl e la nascita dell'albero di cacao: dall'amarezza della sofferenza nasce la dolcezza della vita. Nel cacao ritrovi la speranza, sperimenti la gratitudine per le cose e gli eventi belli della vita. Un amore per la vita e per te stesso; un amore che ti (ri)connette all'universo, all'interezza e all'unit\u00e0 con tutto ci\u00f2 che era, \u00e8 e sar\u00e0. ...<\/span><\/h3>\t\t\t\t\t\t\t\t<\/div>\n\t\t\t\t<\/div>\n\t\t\t\t\t<\/div>\n\t\t<\/div>\n\t\t\t\t<div class=\"elementor-column elementor-col-50 elementor-top-column elementor-element elementor-element-a0f07aa\" data-id=\"a0f07aa\" data-element_type=\"column\" data-e-type=\"column\">\n\t\t\t<div class=\"elementor-widget-wrap elementor-element-populated\">\n\t\t\t\t\t\t<div class=\"elementor-element elementor-element-930c9c5 elementor-widget elementor-widget-image\" data-id=\"930c9c5\" data-element_type=\"widget\" data-e-type=\"widget\" data-widget_type=\"image.default\">\n\t\t\t\t<div class=\"elementor-widget-container\">\n\t\t\t\t\t\t\t\t\t\t\t\t\t\t\t<img src=\"https:\/\/suyana.shop\/wp-content\/uploads\/2022\/03\/DSC_0024-scaled.jpg\" title=\"\" alt=\"\" loading=\"lazy\" \/>\t\t\t\t\t\t\t\t\t\t\t\t\t\t\t<\/div>\n\t\t\t\t<\/div>\n\t\t\t\t\t<\/div>\n\t\t<\/div>\n\t\t\t\t\t<\/div>\n\t\t<\/section>\n\t\t\t\t<section class=\"elementor-section elementor-top-section elementor-element elementor-element-39bdd83 elementor-section-full_width elementor-section-height-default elementor-section-height-default\" data-id=\"39bdd83\" data-element_type=\"section\" data-e-type=\"section\">\n\t\t\t\t\t\t<div class=\"elementor-container elementor-column-gap-default\">\n\t\t\t\t\t<div class=\"elementor-column elementor-col-100 elementor-top-column elementor-element elementor-element-588cecc\" data-id=\"588cecc\" data-element_type=\"column\" data-e-type=\"column\">\n\t\t\t<div class=\"elementor-widget-wrap elementor-element-populated\">\n\t\t\t\t\t\t<div class=\"elementor-element elementor-element-3e79629 elementor-widget elementor-widget-spacer\" data-id=\"3e79629\" data-element_type=\"widget\" data-e-type=\"widget\" data-widget_type=\"spacer.default\">\n\t\t\t\t<div class=\"elementor-widget-container\">\n\t\t\t\t\t\t\t<div class=\"elementor-spacer\">\n\t\t\t<div class=\"elementor-spacer-inner\"><\/div>\n\t\t<\/div>\n\t\t\t\t\t\t<\/div>\n\t\t\t\t<\/div>\n\t\t\t\t\t<\/div>\n\t\t<\/div>\n\t\t\t\t\t<\/div>\n\t\t<\/section>\n\t\t\t\t<\/div>","protected":false},"excerpt":{"rendered":"<p>Kakao &#8211; zwischen [&hellip;]<\/p>\n","protected":false},"author":1,"featured_media":0,"parent":0,"menu_order":0,"comment_status":"closed","ping_status":"closed","template":"","meta":{"site-sidebar-layout":"default","site-content-layout":"","ast-site-content-layout":"default","site-content-style":"default","site-sidebar-style":"default","ast-global-header-display":"","ast-banner-title-visibility":"","ast-main-header-display":"","ast-hfb-above-header-display":"","ast-hfb-below-header-display":"","ast-hfb-mobile-header-display":"","site-post-title":"","ast-breadcrumbs-content":"","ast-featured-img":"","footer-sml-layout":"","ast-disable-related-posts":"","theme-transparent-header-meta":"","adv-header-id-meta":"","stick-header-meta":"","header-above-stick-meta":"","header-main-stick-meta":"","header-below-stick-meta":"","astra-migrate-meta-layouts":"default","ast-page-background-enabled":"default","ast-page-background-meta":{"desktop":{"background-color":"var(--ast-global-color-4)","background-image":"","background-repeat":"repeat","background-position":"center center","background-size":"auto","background-attachment":"scroll","background-type":"","background-media":"","overlay-type":"","overlay-color":"","overlay-opacity":"","overlay-gradient":""},"tablet":{"background-color":"","background-image":"","background-repeat":"repeat","background-position":"center center","background-size":"auto","background-attachment":"scroll","background-type":"","background-media":"","overlay-type":"","overlay-color":"","overlay-opacity":"","overlay-gradient":""},"mobile":{"background-color":"","background-image":"","background-repeat":"repeat","background-position":"center center","background-size":"auto","background-attachment":"scroll","background-type":"","background-media":"","overlay-type":"","overlay-color":"","overlay-opacity":"","overlay-gradient":""}},"ast-content-background-meta":{"desktop":{"background-color":"var(--ast-global-color-5)","background-image":"","background-repeat":"repeat","background-position":"center center","background-size":"auto","background-attachment":"scroll","background-type":"","background-media":"","overlay-type":"","overlay-color":"","overlay-opacity":"","overlay-gradient":""},"tablet":{"background-color":"var(--ast-global-color-5)","background-image":"","background-repeat":"repeat","background-position":"center center","background-size":"auto","background-attachment":"scroll","background-type":"","background-media":"","overlay-type":"","overlay-color":"","overlay-opacity":"","overlay-gradient":""},"mobile":{"background-color":"var(--ast-global-color-5)","background-image":"","background-repeat":"repeat","background-position":"center center","background-size":"auto","background-attachment":"scroll","background-type":"","background-media":"","overlay-type":"","overlay-color":"","overlay-opacity":"","overlay-gradient":""}},"footnotes":""},"class_list":["post-31158","page","type-page","status-publish","hentry"],"yoast_head":"<!-- This site is optimized with the Yoast SEO Premium plugin v24.0 (Yoast SEO v26.9) - https:\/\/yoast.com\/product\/yoast-seo-premium-wordpress\/ -->\n<title>Kakaozeremonie &#183; Zeremonieller Kakao &amp; R\u00e4ucherwerk und spirituelle Tiefe | Suyana<\/title>\n<meta name=\"description\" content=\"Was ist eine Kakaozeremonie &amp; wie l\u00e4uft sie ab? Wie wirkt zeremonieller Kakao? Alle Infos zum schamanischen Brauch gibt&#039;s hier!\" \/>\n<meta name=\"robots\" content=\"index, follow, max-snippet:-1, max-image-preview:large, max-video-preview:-1\" \/>\n<link rel=\"canonical\" href=\"https:\/\/suyana.shop\/it\/la-cerimonia-del-cacao\/\" \/>\n<meta property=\"og:locale\" content=\"it_IT\" \/>\n<meta property=\"og:type\" content=\"article\" \/>\n<meta property=\"og:title\" content=\"Kakaozeremonie\" \/>\n<meta property=\"og:description\" content=\"Was ist eine Kakaozeremonie &amp; wie l\u00e4uft sie ab? Wie wirkt zeremonieller Kakao? Alle Infos zum schamanischen Brauch gibt&#039;s hier!\" \/>\n<meta property=\"og:url\" content=\"https:\/\/suyana.shop\/it\/la-cerimonia-del-cacao\/\" \/>\n<meta property=\"og:site_name\" content=\"Zeremonieller Kakao &amp; R\u00e4ucherwerk und spirituelle Tiefe | Suyana\" \/>\n<meta property=\"article:modified_time\" content=\"2025-03-21T16:25:05+00:00\" \/>\n<meta property=\"og:image\" content=\"https:\/\/suyana.shop\/wp-content\/uploads\/2024\/10\/home_zeremonie-a73f3d5f.webp\" \/>\n<meta name=\"twitter:card\" content=\"summary_large_image\" \/>\n<meta name=\"twitter:label1\" content=\"Tempo di lettura stimato\" \/>\n\t<meta name=\"twitter:data1\" content=\"3 minuti\" \/>\n<script type=\"application\/ld+json\" class=\"yoast-schema-graph\">{\"@context\":\"https:\/\/schema.org\",\"@graph\":[{\"@type\":\"WebPage\",\"@id\":\"https:\/\/suyana.shop\/die-kakaozeremonie\",\"url\":\"https:\/\/suyana.shop\/die-kakaozeremonie\",\"name\":\"Kakaozeremonie &#183; Zeremonieller Kakao &amp; R\u00e4ucherwerk und spirituelle Tiefe | Suyana\",\"isPartOf\":{\"@id\":\"\/#website\"},\"primaryImageOfPage\":{\"@id\":\"https:\/\/suyana.shop\/die-kakaozeremonie#primaryimage\"},\"image\":{\"@id\":\"https:\/\/suyana.shop\/die-kakaozeremonie#primaryimage\"},\"thumbnailUrl\":\"https:\/\/suyana.shop\/wp-content\/uploads\/2024\/10\/home_zeremonie-a73f3d5f.webp\",\"datePublished\":\"2022-07-18T14:11:44+00:00\",\"dateModified\":\"2025-03-21T16:25:05+00:00\",\"description\":\"Was ist eine Kakaozeremonie & wie l\u00e4uft sie ab? Wie wirkt zeremonieller Kakao? Alle Infos zum schamanischen Brauch gibt's hier!\",\"breadcrumb\":{\"@id\":\"https:\/\/suyana.shop\/die-kakaozeremonie#breadcrumb\"},\"inLanguage\":\"it-IT\",\"potentialAction\":[{\"@type\":\"ReadAction\",\"target\":[\"https:\/\/suyana.shop\/die-kakaozeremonie\"]}]},{\"@type\":\"ImageObject\",\"inLanguage\":\"it-IT\",\"@id\":\"https:\/\/suyana.shop\/die-kakaozeremonie#primaryimage\",\"url\":\"https:\/\/suyana.shop\/wp-content\/uploads\/2024\/10\/home_zeremonie-a73f3d5f.webp\",\"contentUrl\":\"https:\/\/suyana.shop\/wp-content\/uploads\/2024\/10\/home_zeremonie-a73f3d5f.webp\"},{\"@type\":\"BreadcrumbList\",\"@id\":\"https:\/\/suyana.shop\/die-kakaozeremonie#breadcrumb\",\"itemListElement\":[{\"@type\":\"ListItem\",\"position\":1,\"name\":\"Startseite\",\"item\":\"https:\/\/suyana.shop\/\"},{\"@type\":\"ListItem\",\"position\":2,\"name\":\"Kakaozeremonie\"}]},{\"@type\":\"WebSite\",\"@id\":\"\/#website\",\"url\":\"\/\",\"name\":\"Zeremonieller Kakao &amp; R\u00e4ucherwerk und spirituelle Tiefe | Suyana\",\"description\":\"Zeremonieller Kakao &amp; Kakaozeremonien\",\"publisher\":{\"@id\":\"\/#organization\"},\"potentialAction\":[{\"@type\":\"SearchAction\",\"target\":{\"@type\":\"EntryPoint\",\"urlTemplate\":\"\/?s={search_term_string}\"},\"query-input\":{\"@type\":\"PropertyValueSpecification\",\"valueRequired\":true,\"valueName\":\"search_term_string\"}}],\"inLanguage\":\"it-IT\"},{\"@type\":\"Organization\",\"@id\":\"\/#organization\",\"name\":\"Suyana\",\"url\":\"\/\",\"logo\":{\"@type\":\"ImageObject\",\"inLanguage\":\"it-IT\",\"@id\":\"\/#\/schema\/logo\/image\/\",\"url\":\"https:\/\/suyana.shop\/wp-content\/uploads\/2022\/05\/suyana-logo-brown-small.png\",\"contentUrl\":\"https:\/\/suyana.shop\/wp-content\/uploads\/2022\/05\/suyana-logo-brown-small.png\",\"width\":1387,\"height\":300,\"caption\":\"Suyana\"},\"image\":{\"@id\":\"\/#\/schema\/logo\/image\/\"},\"sameAs\":[\"https:\/\/instagram.com\/suyana.spirit\"]}]}<\/script>\n<!-- \/ Yoast SEO Premium plugin. -->","yoast_head_json":{"title":"Cerimonia del cacao - Cerimonia del cacao e dell'incenso e profondit\u00e0 spirituale | Suyana","description":"Cos&#039;\u00e8 la cerimonia del cacao e come funziona? Come funziona il cacao cerimoniale? Tutte le informazioni sull&#039;usanza sciamanica possono essere trovate qui!","robots":{"index":"index","follow":"follow","max-snippet":"max-snippet:-1","max-image-preview":"max-image-preview:large","max-video-preview":"max-video-preview:-1"},"canonical":"https:\/\/suyana.shop\/it\/la-cerimonia-del-cacao\/","og_locale":"it_IT","og_type":"article","og_title":"Kakaozeremonie","og_description":"Was ist eine Kakaozeremonie & wie l\u00e4uft sie ab? Wie wirkt zeremonieller Kakao? Alle Infos zum schamanischen Brauch gibt's hier!","og_url":"https:\/\/suyana.shop\/it\/la-cerimonia-del-cacao\/","og_site_name":"Zeremonieller Kakao &amp; R\u00e4ucherwerk und spirituelle Tiefe | Suyana","article_modified_time":"2025-03-21T16:25:05+00:00","og_image":[{"url":"https:\/\/suyana.shop\/wp-content\/uploads\/2024\/10\/home_zeremonie-a73f3d5f.webp","type":"","width":"","height":""}],"twitter_card":"summary_large_image","twitter_misc":{"Tempo di lettura stimato":"3 minuti"},"schema":{"@context":"https:\/\/schema.org","@graph":[{"@type":"WebPage","@id":"https:\/\/suyana.shop\/die-kakaozeremonie","url":"https:\/\/suyana.shop\/die-kakaozeremonie","name":"Cerimonia del cacao - Cerimonia del cacao e dell'incenso e profondit\u00e0 spirituale | Suyana","isPartOf":{"@id":"\/#website"},"primaryImageOfPage":{"@id":"https:\/\/suyana.shop\/die-kakaozeremonie#primaryimage"},"image":{"@id":"https:\/\/suyana.shop\/die-kakaozeremonie#primaryimage"},"thumbnailUrl":"https:\/\/suyana.shop\/wp-content\/uploads\/2024\/10\/home_zeremonie-a73f3d5f.webp","datePublished":"2022-07-18T14:11:44+00:00","dateModified":"2025-03-21T16:25:05+00:00","description":"Cos&#039;\u00e8 la cerimonia del cacao e come funziona? Come funziona il cacao cerimoniale? Tutte le informazioni sull&#039;usanza sciamanica possono essere trovate qui!","breadcrumb":{"@id":"https:\/\/suyana.shop\/die-kakaozeremonie#breadcrumb"},"inLanguage":"it-IT","potentialAction":[{"@type":"ReadAction","target":["https:\/\/suyana.shop\/die-kakaozeremonie"]}]},{"@type":"ImageObject","inLanguage":"it-IT","@id":"https:\/\/suyana.shop\/die-kakaozeremonie#primaryimage","url":"https:\/\/suyana.shop\/wp-content\/uploads\/2024\/10\/home_zeremonie-a73f3d5f.webp","contentUrl":"https:\/\/suyana.shop\/wp-content\/uploads\/2024\/10\/home_zeremonie-a73f3d5f.webp"},{"@type":"BreadcrumbList","@id":"https:\/\/suyana.shop\/die-kakaozeremonie#breadcrumb","itemListElement":[{"@type":"ListItem","position":1,"name":"Startseite","item":"https:\/\/suyana.shop\/"},{"@type":"ListItem","position":2,"name":"Kakaozeremonie"}]},{"@type":"WebSite","@id":"\/#website","url":"\/","name":"Il cerimoniale di cacao e incenso, e la profondit\u00e0 spirituale | Suyana","description":"Il Cerimoniale Di Cacao E Cacao Cerimonie","publisher":{"@id":"\/#organization"},"potentialAction":[{"@type":"SearchAction","target":{"@type":"EntryPoint","urlTemplate":"\/?s={search_term_string}"},"query-input":{"@type":"PropertyValueSpecification","valueRequired":true,"valueName":"search_term_string"}}],"inLanguage":"it-IT"},{"@type":"Organization","@id":"\/#organization","name":"Suyana","url":"\/","logo":{"@type":"ImageObject","inLanguage":"it-IT","@id":"\/#\/schema\/logo\/image\/","url":"https:\/\/suyana.shop\/wp-content\/uploads\/2022\/05\/suyana-logo-brown-small.png","contentUrl":"https:\/\/suyana.shop\/wp-content\/uploads\/2022\/05\/suyana-logo-brown-small.png","width":1387,"height":300,"caption":"Suyana"},"image":{"@id":"\/#\/schema\/logo\/image\/"},"sameAs":["https:\/\/instagram.com\/suyana.spirit"]}]}},"_links":{"self":[{"href":"https:\/\/suyana.shop\/it\/wp-json\/wp\/v2\/pages\/31158","targetHints":{"allow":["GET"]}}],"collection":[{"href":"https:\/\/suyana.shop\/it\/wp-json\/wp\/v2\/pages"}],"about":[{"href":"https:\/\/suyana.shop\/it\/wp-json\/wp\/v2\/types\/page"}],"author":[{"embeddable":true,"href":"https:\/\/suyana.shop\/it\/wp-json\/wp\/v2\/users\/1"}],"replies":[{"embeddable":true,"href":"https:\/\/suyana.shop\/it\/wp-json\/wp\/v2\/comments?post=31158"}],"version-history":[{"count":0,"href":"https:\/\/suyana.shop\/it\/wp-json\/wp\/v2\/pages\/31158\/revisions"}],"wp:attachment":[{"href":"https:\/\/suyana.shop\/it\/wp-json\/wp\/v2\/media?parent=31158"}],"curies":[{"name":"wp","href":"https:\/\/api.w.org\/{rel}","templated":true}]}}