{"id":36390,"date":"2023-11-22T14:15:03","date_gmt":"2023-11-22T13:15:03","guid":{"rendered":"https:\/\/suyana.shop\/?page_id=36390"},"modified":"2025-07-30T08:55:48","modified_gmt":"2025-07-30T07:55:48","slug":"comprare-lagarico-di-mosca","status":"publish","type":"page","link":"https:\/\/suyana.shop\/it\/fliegenpilze","title":{"rendered":"agarico volante"},"content":{"rendered":"<div data-elementor-type=\"wp-page\" data-elementor-id=\"36390\" class=\"elementor elementor-36390\" data-elementor-post-type=\"page\">\n\t\t\t\t\t\t<section class=\"elementor-section elementor-top-section elementor-element elementor-element-115dda5a elementor-section-boxed elementor-section-height-default elementor-section-height-default\" data-id=\"115dda5a\" data-element_type=\"section\" data-e-type=\"section\">\n\t\t\t\t\t\t<div class=\"elementor-container elementor-column-gap-default\">\n\t\t\t\t\t<div class=\"elementor-column elementor-col-100 elementor-top-column elementor-element elementor-element-19443494\" data-id=\"19443494\" data-element_type=\"column\" data-e-type=\"column\">\n\t\t\t<div class=\"elementor-widget-wrap elementor-element-populated\">\n\t\t\t\t\t\t<div class=\"elementor-element elementor-element-4357aed elementor-widget elementor-widget-heading\" data-id=\"4357aed\" data-element_type=\"widget\" data-e-type=\"widget\" data-widget_type=\"heading.default\">\n\t\t\t\t<div class=\"elementor-widget-container\">\n\t\t\t\t\t<h1 class=\"elementor-heading-title elementor-size-default\">agarico volante<\/h1>\t\t\t\t<\/div>\n\t\t\t\t<\/div>\n\t\t\t\t<div class=\"elementor-element elementor-element-48c81e67 elementor-widget elementor-widget-text-editor\" data-id=\"48c81e67\" data-element_type=\"widget\" data-e-type=\"widget\" data-widget_type=\"text-editor.default\">\n\t\t\t\t<div class=\"elementor-widget-container\">\n\t\t\t\t\t\t\t\t\t<p><span style=\"font-size: 16px;\">L'Amanita muscaria \u00e8 una straordinaria specie di fungo che si trova nelle foreste dell'emisfero settentrionale. Con il suo cappello rosso vivo, spesso punteggiato di punti bianchi, attira l'attenzione. Ma l'aspetto esteriore \u00e8 solo la punta dell'iceberg. Il fly agaric contiene una complessa miscela di composti, tra cui il muscimolo e l'acido ibotenico, che hanno effetti psicoattivi.<\/span><\/p><p><img src=\"\/wp-content\/uploads\/2023\/12\/Fliegen-Pilz-kaufen.jpg\" alt=\"Fumare l&#039;agarico volante\" \/><\/p><h1 class=\"product_title entry-title\"><b>Amanita Muscaria, polvere<\/b><br \/>dalle foreste selvagge della Lituania<\/h1><div><ul class=\"uk-list uk-margin-medium uk-width-xlarge\" data-id=\"page#14\"><li class=\"el-item\"><div class=\"uk-grid-small uk-child-width-expand uk-flex-nowrap uk-grid\"><div><div class=\"el-content uk-panel\">100% prodotto naturale, fenomeno selvatico<\/div><\/div><\/div><\/li><li class=\"el-item\"><div class=\"uk-grid-small uk-child-width-expand uk-flex-nowrap uk-grid\"><div class=\"uk-width-auto uk-first-column\"><span style=\"font-size: 16px;\">odore di fungo gradevole, vellutato e delicato<\/span><\/div><\/div><\/li><li class=\"el-item\"><div class=\"uk-grid-small uk-child-width-expand uk-flex-nowrap uk-grid\"><div class=\"uk-width-auto uk-first-column\"><span style=\"font-size: 16px;\">per una chiara concentrazione, fiducia in se stessi e forza interiore<\/span><\/div><\/div><\/li><li class=\"el-item\"><div class=\"uk-grid-small uk-child-width-expand uk-flex-nowrap uk-grid\"><div class=\"uk-width-auto uk-first-column\"><span style=\"font-size: 16px;\">raccolto con grande cura e amore da collezionisti locali<\/span><\/div><\/div><\/li><li class=\"el-item\"><div class=\"uk-grid-small uk-child-width-expand uk-flex-nowrap uk-grid\"><div class=\"uk-width-auto uk-first-column\"><span style=\"font-size: 16px;\">Commercio diretto equo e solidale e spedizione ecologica<\/span><\/div><\/div><\/li><\/ul><\/div><p><a href=\"https:\/\/suyana.shop\/produkt\/amanita-muscaria\">Acquista l'agarico della mosca<\/a><\/p><ul><li><h5>100% Prodotto naturale<\/h5><\/li><li><h5>Qualit\u00e0 UE<\/h5><\/li><li><h5>Forza interiore<\/h5><\/li><\/ul><div><h3>Il problema della mancanza di auto<\/h3><div><p>L'impotenza \u00e8 una condizione molto diffusa, caratterizzata da un esaurimento fisico, mentale o emotivo che pu\u00f2 compromettere gravemente il benessere generale... Ma c'\u00e8 una soluzione<\/p><\/div><\/div><p><img class=\"\" src=\"\/wp-content\/uploads\/2023\/12\/FliegenPilz_PNG.png\" alt=\"\" width=\"136\" height=\"136\" \/><\/p><div><h3>Soluzione al problema<\/h3><div><p>Pi\u00f9 forza e coraggio nella vita di tutti i giorni! La mosca agarica viene utilizzata in alcune pratiche sciamaniche come strumento per espandere la coscienza, per promuovere le intuizioni spirituali e la guarigione e per trovare nuova forza.\u00a0<\/p><\/div><\/div><ul><li><h3>IN CHE MODO L'AGARICO DELLA MOSCA INFLUISCE SUL CORAGGIO?<\/h3><div><p>Anche l'effetto della mosca agarica sul coraggio pu\u00f2 variare. Alcune persone riferiscono un aumento del coraggio e un maggiore senso di avventura o curiosit\u00e0, mentre altre possono provare ansia, confusione o incertezza. \u00c8 importante notare che gli effetti dell'agarico volante possono dipendere molto dallo stato mentale e dalle aspettative della persona.<\/p><\/div><\/li><li><h3>IN CHE MODO IL FLY AGARIC INFLUISCE SULLA DEBOLEZZA?<\/h3><div><p>L'effetto del fly agaric sulla forza fisica e mentale pu\u00f2 variare da persona a persona. Alcune persone riferiscono una certa debolezza o una sensazione di rilassamento, mentre altre possono sperimentare un aumento dell'energia o dell'irrequietezza. \u00c8 importante sottolineare che gli effetti fisici dell'agarico mosqueta dipendono molto dal dosaggio, dalla tolleranza individuale e da altri fattori.<\/p><\/div><\/li><\/ul><p style=\"text-align: left;\"><strong>Testimonianze<\/strong><\/p><div><p><img src=\"\/wp-content\/uploads\/2023\/12\/FM2.png\" alt=\"\" \/><\/p><h3>Florian Meise<\/h3><div><p style=\"text-align: left;\">\"Ho sperimentato la mosca agarica in combinazione con una cerimonia del cacao e poi ho trascorso l'intera giornata viaggiando con il cuore aperto, ma sempre con piena concentrazione e alta energia. Ero anche molto pi\u00f9 motivato rispetto alla maggior parte degli altri giorni e sono riuscito a realizzare i miei obiettivi con piena chiarezza\".<\/p><\/div><\/div><h1 class=\"product_title entry-title\">Polvere di agarico di mosca\u00a0<\/h1><div><div class=\"uk-grid-small uk-child-width-expand uk-flex-nowrap uk-grid\"><div class=\"el-content uk-panel\"><p>La nostra mosca agarica \u00e8 un vero e proprio fenomeno naturale, in quanto non pu\u00f2 essere addomesticata o addomesticata. Viene raccolta esclusivamente dalle foreste dove cresce e prospera naturalmente. Nonostante tutte le conquiste della scienza e della tecnologia, nessuno \u00e8 ancora riuscito a coltivare l'Amanita muscaria in condizioni artificiali. Questo fatto riflette il suo carattere selvaggio e non adulterato in modo quasi giocoso.<\/p><\/div><\/div><\/div><p><strong><a href=\"https:\/\/suyana.shop\/produkt\/amanita-muscaria\">Fliegenpilz in unserem Shop kaufen<\/a><\/strong><\/p><p><img class=\"\" src=\"\/wp-content\/uploads\/2023\/12\/Fliegenpilz-Pulver-scaled.jpeg\" alt=\"Fumare l&#039;agarico volante\" width=\"193\" height=\"176\" \/><img class=\"\" src=\"\/wp-content\/uploads\/2023\/11\/FliegenPilz-2-scaled.jpeg\" alt=\"Fumare l&#039;agarico volante\" width=\"193\" height=\"190\" \/><\/p><h1 class=\"product_title entry-title\">Acquista l'agarico della mosca\u00a0<\/h1><div><div class=\"uk-grid-small uk-child-width-expand uk-flex-nowrap uk-grid\"><div class=\"el-content uk-panel\"><p>La mosca agarica essiccata, nota anche come fungo della fortuna o fungo guru, \u00e8 un nome conosciuto in tutto il mondo grazie al suo aspetto sorprendente con il suo colore rosso brillante e le sue macchie bianche. Ci sono molti miti che circondano l'Amanita muscaria ed \u00e8 associata a una grande variet\u00e0 di significati, a volte anche contraddittori. Combina opposti come felicit\u00e0 e pericolo, vita e morte e affascina con questi contrasti.<\/p><p>Il carattere dell'Amanita Muscaria \u00e8 definito soprattutto dalla sua natura indomita. Ispira coraggio e determinazione a vivere il proprio io nella sua forma pi\u00f9 originale e senza filtri. Pu\u00f2 essere estroversa e vocale, ma anche selvaggia e disorganizzata. L'onest\u00e0 radicale caratterizza la sua natura. Sebbene sia molto saggio, \u00e8 anche amorevole. Se usato come incenso, emana una fragranza piacevolmente dolce e vellutata che accarezza i sensi dell'utilizzatore.<\/p><\/div><\/div><\/div><p><strong><a href=\"https:\/\/suyana.shop\/produkt\/amanita-muscaria\">Fliegenpilz in unserem Shop kaufen<\/a><\/strong><\/p>\t\t\t\t\t\t\t\t<\/div>\n\t\t\t\t<\/div>\n\t\t\t\t\t<\/div>\n\t\t<\/div>\n\t\t\t\t\t<\/div>\n\t\t<\/section>\n\t\t\t\t<\/div>","protected":false},"excerpt":{"rendered":"<p>Fliegenpilz Fliegenpilz (Amanita [&hellip;]<\/p>\n","protected":false},"author":265,"featured_media":0,"parent":0,"menu_order":0,"comment_status":"closed","ping_status":"closed","template":"elementor_header_footer","meta":{"site-sidebar-layout":"default","site-content-layout":"","ast-site-content-layout":"default","site-content-style":"default","site-sidebar-style":"default","ast-global-header-display":"","ast-banner-title-visibility":"","ast-main-header-display":"","ast-hfb-above-header-display":"","ast-hfb-below-header-display":"","ast-hfb-mobile-header-display":"","site-post-title":"","ast-breadcrumbs-content":"","ast-featured-img":"","footer-sml-layout":"","ast-disable-related-posts":"","theme-transparent-header-meta":"","adv-header-id-meta":"","stick-header-meta":"","header-above-stick-meta":"","header-main-stick-meta":"","header-below-stick-meta":"","astra-migrate-meta-layouts":"default","ast-page-background-enabled":"default","ast-page-background-meta":{"desktop":{"background-color":"var(--ast-global-color-4)","background-image":"","background-repeat":"repeat","background-position":"center center","background-size":"auto","background-attachment":"scroll","background-type":"","background-media":"","overlay-type":"","overlay-color":"","overlay-opacity":"","overlay-gradient":""},"tablet":{"background-color":"","background-image":"","background-repeat":"repeat","background-position":"center center","background-size":"auto","background-attachment":"scroll","background-type":"","background-media":"","overlay-type":"","overlay-color":"","overlay-opacity":"","overlay-gradient":""},"mobile":{"background-color":"","background-image":"","background-repeat":"repeat","background-position":"center center","background-size":"auto","background-attachment":"scroll","background-type":"","background-media":"","overlay-type":"","overlay-color":"","overlay-opacity":"","overlay-gradient":""}},"ast-content-background-meta":{"desktop":{"background-color":"var(--ast-global-color-5)","background-image":"","background-repeat":"repeat","background-position":"center center","background-size":"auto","background-attachment":"scroll","background-type":"","background-media":"","overlay-type":"","overlay-color":"","overlay-opacity":"","overlay-gradient":""},"tablet":{"background-color":"var(--ast-global-color-5)","background-image":"","background-repeat":"repeat","background-position":"center center","background-size":"auto","background-attachment":"scroll","background-type":"","background-media":"","overlay-type":"","overlay-color":"","overlay-opacity":"","overlay-gradient":""},"mobile":{"background-color":"var(--ast-global-color-5)","background-image":"","background-repeat":"repeat","background-position":"center center","background-size":"auto","background-attachment":"scroll","background-type":"","background-media":"","overlay-type":"","overlay-color":"","overlay-opacity":"","overlay-gradient":""}},"footnotes":""},"class_list":["post-36390","page","type-page","status-publish","hentry"],"yoast_head":"<!-- This site is optimized with the Yoast SEO Premium plugin v24.0 (Yoast SEO v26.9) - https:\/\/yoast.com\/product\/yoast-seo-premium-wordpress\/ -->\n<title>Zeremonieller Kakao &amp; R\u00e4ucherwerk und spirituelle Tiefe | Suyana &#183; Fliegenpilz Amanita muscaria<\/title>\n<meta name=\"description\" content=\"Du willst den Fliegenpilz (Amanita muscaria) kaufen? Bei uns findest du die beste Qualit\u00e4t mit Liebe handgepfl\u00fcckt in Litauen in Europa!\" \/>\n<meta name=\"robots\" content=\"index, follow, max-snippet:-1, max-image-preview:large, max-video-preview:-1\" \/>\n<link rel=\"canonical\" href=\"https:\/\/suyana.shop\/it\/comprare-lagarico-di-mosca\/\" \/>\n<meta property=\"og:locale\" content=\"it_IT\" \/>\n<meta property=\"og:type\" content=\"article\" \/>\n<meta property=\"og:title\" content=\"Fliegenpilz\" \/>\n<meta property=\"og:description\" content=\"Du willst den Fliegenpilz (Amanita muscaria) kaufen? Bei uns findest du die beste Qualit\u00e4t mit Liebe handgepfl\u00fcckt in Litauen in Europa!\" \/>\n<meta property=\"og:url\" content=\"https:\/\/suyana.shop\/it\/comprare-lagarico-di-mosca\/\" \/>\n<meta property=\"og:site_name\" content=\"Zeremonieller Kakao &amp; R\u00e4ucherwerk und spirituelle Tiefe | Suyana\" \/>\n<meta property=\"article:modified_time\" content=\"2025-07-30T07:55:48+00:00\" \/>\n<meta name=\"twitter:card\" content=\"summary_large_image\" \/>\n<meta name=\"twitter:label1\" content=\"Tempo di lettura stimato\" \/>\n\t<meta name=\"twitter:data1\" content=\"5 minuti\" \/>\n<script type=\"application\/ld+json\" class=\"yoast-schema-graph\">{\"@context\":\"https:\/\/schema.org\",\"@graph\":[{\"@type\":\"WebPage\",\"@id\":\"https:\/\/suyana.shop\/en\/buy-fly-agaric\",\"url\":\"https:\/\/suyana.shop\/en\/buy-fly-agaric\",\"name\":\"Zeremonieller Kakao &amp; R\u00e4ucherwerk und spirituelle Tiefe | Suyana &#183; Fliegenpilz Amanita muscaria\",\"isPartOf\":{\"@id\":\"\/#website\"},\"datePublished\":\"2023-11-22T13:15:03+00:00\",\"dateModified\":\"2025-07-30T07:55:48+00:00\",\"description\":\"Du willst den Fliegenpilz (Amanita muscaria) kaufen? Bei uns findest du die beste Qualit\u00e4t mit Liebe handgepfl\u00fcckt in Litauen in Europa!\",\"breadcrumb\":{\"@id\":\"https:\/\/suyana.shop\/en\/buy-fly-agaric#breadcrumb\"},\"inLanguage\":\"it-IT\",\"potentialAction\":[{\"@type\":\"ReadAction\",\"target\":[\"https:\/\/suyana.shop\/en\/buy-fly-agaric\"]}]},{\"@type\":\"BreadcrumbList\",\"@id\":\"https:\/\/suyana.shop\/en\/buy-fly-agaric#breadcrumb\",\"itemListElement\":[{\"@type\":\"ListItem\",\"position\":1,\"name\":\"Startseite\",\"item\":\"https:\/\/suyana.shop\/\"},{\"@type\":\"ListItem\",\"position\":2,\"name\":\"Fliegenpilz\"}]},{\"@type\":\"WebSite\",\"@id\":\"\/#website\",\"url\":\"\/\",\"name\":\"Zeremonieller Kakao &amp; R\u00e4ucherwerk und spirituelle Tiefe | Suyana\",\"description\":\"Zeremonieller Kakao &amp; Kakaozeremonien\",\"publisher\":{\"@id\":\"\/#organization\"},\"potentialAction\":[{\"@type\":\"SearchAction\",\"target\":{\"@type\":\"EntryPoint\",\"urlTemplate\":\"\/?s={search_term_string}\"},\"query-input\":{\"@type\":\"PropertyValueSpecification\",\"valueRequired\":true,\"valueName\":\"search_term_string\"}}],\"inLanguage\":\"it-IT\"},{\"@type\":\"Organization\",\"@id\":\"\/#organization\",\"name\":\"Suyana\",\"url\":\"\/\",\"logo\":{\"@type\":\"ImageObject\",\"inLanguage\":\"it-IT\",\"@id\":\"\/#\/schema\/logo\/image\/\",\"url\":\"https:\/\/suyana.shop\/wp-content\/uploads\/2022\/05\/suyana-logo-brown-small.png\",\"contentUrl\":\"https:\/\/suyana.shop\/wp-content\/uploads\/2022\/05\/suyana-logo-brown-small.png\",\"width\":1387,\"height\":300,\"caption\":\"Suyana\"},\"image\":{\"@id\":\"\/#\/schema\/logo\/image\/\"},\"sameAs\":[\"https:\/\/instagram.com\/suyana.spirit\"]}]}<\/script>\n<!-- \/ Yoast SEO Premium plugin. -->","yoast_head_json":{"title":"Cacao e incenso per cerimonie e profondit\u00e0 spirituale | Suyana - Fly agaric Amanita muscaria","description":"Vuoi acquistare la mosca agarica (Amanita muscaria)? Con noi troverai la migliore qualit\u00e0 raccolta a mano con amore in Lituania e in Europa!","robots":{"index":"index","follow":"follow","max-snippet":"max-snippet:-1","max-image-preview":"max-image-preview:large","max-video-preview":"max-video-preview:-1"},"canonical":"https:\/\/suyana.shop\/it\/comprare-lagarico-di-mosca\/","og_locale":"it_IT","og_type":"article","og_title":"Fliegenpilz","og_description":"Du willst den Fliegenpilz (Amanita muscaria) kaufen? Bei uns findest du die beste Qualit\u00e4t mit Liebe handgepfl\u00fcckt in Litauen in Europa!","og_url":"https:\/\/suyana.shop\/it\/comprare-lagarico-di-mosca\/","og_site_name":"Zeremonieller Kakao &amp; R\u00e4ucherwerk und spirituelle Tiefe | Suyana","article_modified_time":"2025-07-30T07:55:48+00:00","twitter_card":"summary_large_image","twitter_misc":{"Tempo di lettura stimato":"5 minuti"},"schema":{"@context":"https:\/\/schema.org","@graph":[{"@type":"WebPage","@id":"https:\/\/suyana.shop\/en\/buy-fly-agaric","url":"https:\/\/suyana.shop\/en\/buy-fly-agaric","name":"Cacao e incenso per cerimonie e profondit\u00e0 spirituale | Suyana - Fly agaric Amanita muscaria","isPartOf":{"@id":"\/#website"},"datePublished":"2023-11-22T13:15:03+00:00","dateModified":"2025-07-30T07:55:48+00:00","description":"Vuoi acquistare la mosca agarica (Amanita muscaria)? Con noi troverai la migliore qualit\u00e0 raccolta a mano con amore in Lituania e in Europa!","breadcrumb":{"@id":"https:\/\/suyana.shop\/en\/buy-fly-agaric#breadcrumb"},"inLanguage":"it-IT","potentialAction":[{"@type":"ReadAction","target":["https:\/\/suyana.shop\/en\/buy-fly-agaric"]}]},{"@type":"BreadcrumbList","@id":"https:\/\/suyana.shop\/en\/buy-fly-agaric#breadcrumb","itemListElement":[{"@type":"ListItem","position":1,"name":"Startseite","item":"https:\/\/suyana.shop\/"},{"@type":"ListItem","position":2,"name":"Fliegenpilz"}]},{"@type":"WebSite","@id":"\/#website","url":"\/","name":"Il cerimoniale di cacao e incenso, e la profondit\u00e0 spirituale | Suyana","description":"Il Cerimoniale Di Cacao E Cacao Cerimonie","publisher":{"@id":"\/#organization"},"potentialAction":[{"@type":"SearchAction","target":{"@type":"EntryPoint","urlTemplate":"\/?s={search_term_string}"},"query-input":{"@type":"PropertyValueSpecification","valueRequired":true,"valueName":"search_term_string"}}],"inLanguage":"it-IT"},{"@type":"Organization","@id":"\/#organization","name":"Suyana","url":"\/","logo":{"@type":"ImageObject","inLanguage":"it-IT","@id":"\/#\/schema\/logo\/image\/","url":"https:\/\/suyana.shop\/wp-content\/uploads\/2022\/05\/suyana-logo-brown-small.png","contentUrl":"https:\/\/suyana.shop\/wp-content\/uploads\/2022\/05\/suyana-logo-brown-small.png","width":1387,"height":300,"caption":"Suyana"},"image":{"@id":"\/#\/schema\/logo\/image\/"},"sameAs":["https:\/\/instagram.com\/suyana.spirit"]}]}},"_links":{"self":[{"href":"https:\/\/suyana.shop\/it\/wp-json\/wp\/v2\/pages\/36390","targetHints":{"allow":["GET"]}}],"collection":[{"href":"https:\/\/suyana.shop\/it\/wp-json\/wp\/v2\/pages"}],"about":[{"href":"https:\/\/suyana.shop\/it\/wp-json\/wp\/v2\/types\/page"}],"author":[{"embeddable":true,"href":"https:\/\/suyana.shop\/it\/wp-json\/wp\/v2\/users\/265"}],"replies":[{"embeddable":true,"href":"https:\/\/suyana.shop\/it\/wp-json\/wp\/v2\/comments?post=36390"}],"version-history":[{"count":0,"href":"https:\/\/suyana.shop\/it\/wp-json\/wp\/v2\/pages\/36390\/revisions"}],"wp:attachment":[{"href":"https:\/\/suyana.shop\/it\/wp-json\/wp\/v2\/media?parent=36390"}],"curies":[{"name":"wp","href":"https:\/\/api.w.org\/{rel}","templated":true}]}}