{"id":31440,"date":"2022-08-08T22:02:02","date_gmt":"2022-08-08T21:02:02","guid":{"rendered":"https:\/\/suyana.shop\/?post_type=product&#038;p=31440"},"modified":"2026-04-14T16:27:19","modified_gmt":"2026-04-14T15:27:19","slug":"cacao-pura-vida-del-costa-rica","status":"publish","type":"product","link":"https:\/\/suyana.shop\/it\/produkt\/pura-vida-kakao-aus-costa-rica","title":{"rendered":"<b>Pura Vida Di Cacao <\/b> <br> Cacao Trinitario dalla Costa Rica in forma di goccia"},"content":{"rendered":"<p>&nbsp;<\/p>\n<p><img class=\"aligncenter\" src=\"\/wp-content\/uploads\/2022\/07\/Zeichenfla%CC%88che-5100.svg\" alt=\"\" width=\"189\" height=\"26\" \/><\/p>\n<h2 style=\"text-align: center;\">Pura Vida Di Cacao<\/h2>\n<h4 style=\"text-align: center;\">pura forza vitale dal cuore della giungla costaricana attraverso il nostro cacao Pura Vida<\/h4>\n<div>\n<p>&nbsp;<\/p>\n<p style=\"text-align: center;\">Il cacao Pura Vida viene coltivato nel mezzo della giungla sempreverde vicino alla costa del Pacifico, in un luogo mistico dove un tempo c'era un cimitero indiano, da Bruno e il suo team con la passione per il cacao di qualit\u00e0 eccezionale. Indomito e selvaggio, colorato e fertile, questo \u00e8 ci\u00f2 che caratterizza lo spirito del cacao costaricano: pura vita in abbondanza.<\/p>\n<p style=\"text-align: center;\">Il progetto di Bruno \u00e8 caratterizzato da condizioni geografiche e botaniche ideali, nonch\u00e9 da una convivenza olistica concepita e praticata tra persone e natura.<\/p>\n<p>&nbsp;<\/p>\n<\/div>\n<p style=\"text-align: center;\"><a href=\"#energie\">energia vibrante nella sua fattoria<\/a> |\u00a0<a href=\"#land\">Terreno di 70 ha<\/a> |\u00a0<a href=\"#pflege\">cura costante delle piante<\/a> |\u00a0<a href=\"#anbau\">Coltivazione del cacao olisticamente sostenibile<\/a><\/p>\n<p>&nbsp;<\/p>\n<p><img src=\"\/wp-content\/uploads\/2022\/08\/shop_kakao_bg_06.jpg\" alt=\"Fave di cacao Pura Vida\" \/><\/p>\n<p>&nbsp;<\/p>\n<p><img class=\"\" src=\"\/wp-content\/uploads\/2022\/07\/Zeichenfla%CC%88che-5100.svg\" alt=\"\" width=\"189\" height=\"26\" \/><\/p>\n<h3>Energia vibrante nella fattoria del cacao Pura Vida<\/h3>\n<div>Contrariamente alle nostre aspettative, abbiamo trascorso mesi alla ricerca di cacao in Costa Rica che rispondesse ai nostri standard di qualit\u00e0. Ci siamo resi conto che non c'\u00e8 quasi nessuna coltivazione di cacao biologico in tutto il paese. Ma il nostro desiderio non \u00e8 rimasto senza risposta. Quando abbiamo conosciuto da vicino la passione di Bruno e i suoi frutti, abbiamo capito che questo era il posto giusto per noi. Abbiamo sentito subito l'energia pulsante della sua fattoria, un ex cimitero indiano. Le radici delle piante di cacao nascono letteralmente da anni di conoscenze indigene sul fagiolo miracoloso. Gi\u00e0 allora, la trib\u00f9 indigena dei BriBris, la cui energia \u00e8 conservata qui nella terra, aveva un rapporto speciale con il cacao. \u00c8 meraviglioso che il cacao ora prosperi proprio qui e possa trasmettere questo tesoro culturale di saggezza nei suoi frutti. Non vogliamo che tu o noi stessi perdiamo questa opportunit\u00e0!<\/div>\n<p>&nbsp;<\/p>\n<p><img class=\"\" src=\"\/wp-content\/uploads\/2022\/07\/Zeichenfla%CC%88che-11100.svg\" alt=\"\" width=\"231\" height=\"25\" \/><\/p>\n<h3>70ha di terreno con circa 36.000 piante di cacao<\/h3>\n<div>\n<p>Invece di perseguire l&#039;idea originale di costruire un condominio autonomo nella giungla, Bruno si \u00e8 lasciato guidare dal suo amore per il cacao 30 anni fa. Oggi, sui suoi 70 ettari di terreno, prosperano circa 36.000 piante di cacao. Oltre al cacao, inizialmente semin\u00f2 anche numerose altre piante, ma il suo legame energetico con l&#039;antica coltura del cacao fu fin dall&#039;inizio molto speciale. A nessuno sfugge che il cuore di Bruno batte tutto per il cacao Pura Vida quando dice un pensiero o una parola al riguardo; una luce scintillante brilla dai suoi occhi.<\/p>\n<\/div>\n<p>&nbsp;<\/p>\n<p><img loading=\"lazy\" class=\"\" src=\"\/wp-content\/uploads\/2022\/07\/suyana-squiggle.svg\" alt=\"\" width=\"128\" height=\"26\" \/><\/p>\n<h3>Cura costante delle piante con cacao Pura Vida<\/h3>\n<div>Coltivando e commerciando il cacao, Bruno contribuisce alla creazione di posti di lavoro locali e alla sicurezza sociale dei lavoratori. I posti di lavoro sono generalmente rari nel sud del Costa Rica<\/div>\n<div>\n<p>I pochi lavori offerti come lavoratori a giornata non offrono alcuna protezione in termini di assicurazione. Oltre alla coltivazione del cacao, Bruno garantisce la sopravvivenza di molte altre piante. Alcune di esse sono a rischio di estinzione, mentre altre vengono preservate per mantenere un ecosistema chiuso. Ad esempio, nella fattoria ci si preoccupa di garantire che ci siano abbastanza piante per fornire cibo agli insetti impollinatori e a quelli che combattono i parassiti. Questo modo olistico di pensare e agire caratterizza l'intera coltivazione del cacao di Bruno. I prodotti fitosanitari e i fertilizzanti sono prodotti esclusivamente con materiali organici che si trovano principalmente nella tenuta. Per mantenere la buona qualit\u00e0 del suolo e la sua ricchezza di micronutrienti, il terreno viene sempre ricoperto con talee verdi e altro materiale legnoso. Ma non \u00e8 solo in termini ecologici che i pensieri e le azioni di Bruno sono caratterizzati da una comprensione globale simbiotica. Vede anche il team come un organismo chiuso in cui ogni persona e la sua funzione sono considerate ugualmente importanti.<\/p>\n<p>Cura costante delle piante, mantenimento della massima salute e attenzione al rafforzamento e alla resilienza delle piante di cacao: queste sono le chiavi del successo di Bruno per colture sane e una resa sostenibile e lodevole.<\/p>\n<\/div>\n<p>&nbsp;<\/p>\n<p><img loading=\"lazy\" class=\"\" src=\"\/wp-content\/uploads\/2022\/07\/Zeichenfla%CC%88che-3100.svg\" alt=\"\" width=\"169\" height=\"26\" \/><\/p>\n<h3>Coltivazione di cacao Pura Vida olisticamente sostenibile<\/h3>\n<div>\n<p>In teoria, la Costa Rica offre le migliori condizioni per lo sviluppo di una coltivazione del cacao veramente sostenibile. Non solo il terreno \u00e8 considerato uno dei pi\u00f9 fertili al mondo, ma in nessun altro posto al mondo la comprensione della coltivazione \u00e8 presa cos\u00ec seriamente come qui. La sua azienda agricola \u00e8 anche un esempio di buone pratiche, dove anche l'infrastruttura sociale viene rafforzata. Inoltre, l'intero processo produttivo \u00e8 caratterizzato da un lavoro manuale attento e amorevole. Cordialit\u00e0 e passione: tutto ci\u00f2 conferisce al cacao un aroma molto particolare. Non vediamo l'ora di lavorare con Bruno e il suo team. Ancora di pi\u00f9 se ne farai parte anche tu.<\/p>\n<p>Hai domande specifiche sulla fattoria di Bruno e sulla nostra collaborazione con lui nel settore del cacao? Allora sentiti libero di contattarci in qualsiasi momento!<\/p>\n<\/div>","protected":false},"excerpt":{"rendered":"<ul>\n<li><em>Provenienza diretta, connessione personale - origine trasparente e nessun intermediario<\/em><\/li>\n<li><em><i>Coltivazione dei rari chicchi di Cacao Fino de Aroma in armonia con la natura e le persone attraverso un'attenta coltivazione mista da parte di piccoli agricoltori.<\/i><\/em><\/li>\n<li><em>Particolarmente pratico: in\u00a0<strong>Stampo a goccia<\/strong>\u00a0- Facile da dosare, senza tagliare o pesare<\/em><\/li>\n<li><i>Tutti i nostri cacao sono adatti per le cerimonie, ma ognuno di essi ha un effetto e un carattere speciale.<\/i><\/li>\n<li><em>Sapore unico, vellutato, nocciolato e complesso, speziato e con note di frutti di bosco.<\/em><\/li>\n<li><em>Stimolante e rivitalizzante - ti porta alla pienezza e al qui e ora a tutti i livelli, per una pura sensazione di arrivo.<\/em><\/li>\n<li><em>Perfetto per le occasioni di festa, le cerimonie comunitarie e i grandi raduni: un compagno vivace per la musica, la danza e la gioia condivisa.<\/em><\/li>\n<\/ul>\n<div class=\"product-accordion\">\n<details>\n<summary>Tabella nutrizionale<\/summary>\n<table>\n<tbody>\n<tr>\n<td>Energia<\/td>\n<td>2711 kj \/ 648 kcal<\/td>\n<\/tr>\n<tr>\n<td>Grasso<\/td>\n<td>54 g<\/td>\n<\/tr>\n<tr>\n<td>di cui acidi grassi saturi<\/td>\n<td>22 g<\/td>\n<\/tr>\n<tr>\n<td>carboidrati<\/td>\n<td>24 g<\/td>\n<\/tr>\n<tr>\n<td>lo stesso zucchero<\/td>\n<td>2 g<\/td>\n<\/tr>\n<tr>\n<td>proteina<\/td>\n<td>12 g<\/td>\n<\/tr>\n<tr>\n<td>Sale<\/td>\n<td>0,1 g<\/td>\n<\/tr>\n<\/tbody>\n<\/table>\n<\/details>\n<details>\n<summary>Contenuti<\/summary>\n<p>100% Massa di cacao<\/p>\n<\/details>\n<details>\n<summary>Immagazzinamento<\/summary>\n<p>Conservare in un luogo fresco e asciutto. Consumare entro 3 mesi dall'apertura.<\/p>\n<\/details>\n<\/div>","protected":false},"featured_media":568634,"comment_status":"open","ping_status":"closed","template":"","meta":{"site-sidebar-layout":"default","site-content-layout":"","ast-site-content-layout":"default","site-content-style":"default","site-sidebar-style":"default","ast-global-header-display":"","ast-banner-title-visibility":"","ast-main-header-display":"","ast-hfb-above-header-display":"","ast-hfb-below-header-display":"","ast-hfb-mobile-header-display":"","site-post-title":"","ast-breadcrumbs-content":"","ast-featured-img":"","footer-sml-layout":"","ast-disable-related-posts":"","theme-transparent-header-meta":"default","adv-header-id-meta":"","stick-header-meta":"default","header-above-stick-meta":"","header-main-stick-meta":"","header-below-stick-meta":"","astra-migrate-meta-layouts":"set","ast-page-background-enabled":"default","ast-page-background-meta":{"desktop":{"background-color":"var(--ast-global-color-4)","background-image":"","background-repeat":"repeat","background-position":"center center","background-size":"auto","background-attachment":"scroll","background-type":"","background-media":"","overlay-type":"","overlay-color":"","overlay-opacity":"","overlay-gradient":""},"tablet":{"background-color":"","background-image":"","background-repeat":"repeat","background-position":"center center","background-size":"auto","background-attachment":"scroll","background-type":"","background-media":"","overlay-type":"","overlay-color":"","overlay-opacity":"","overlay-gradient":""},"mobile":{"background-color":"","background-image":"","background-repeat":"repeat","background-position":"center center","background-size":"auto","background-attachment":"scroll","background-type":"","background-media":"","overlay-type":"","overlay-color":"","overlay-opacity":"","overlay-gradient":""}},"ast-content-background-meta":{"desktop":{"background-color":"var(--ast-global-color-5)","background-image":"","background-repeat":"repeat","background-position":"center center","background-size":"auto","background-attachment":"scroll","background-type":"","background-media":"","overlay-type":"","overlay-color":"","overlay-opacity":"","overlay-gradient":""},"tablet":{"background-color":"var(--ast-global-color-5)","background-image":"","background-repeat":"repeat","background-position":"center center","background-size":"auto","background-attachment":"scroll","background-type":"","background-media":"","overlay-type":"","overlay-color":"","overlay-opacity":"","overlay-gradient":""},"mobile":{"background-color":"var(--ast-global-color-5)","background-image":"","background-repeat":"repeat","background-position":"center center","background-size":"auto","background-attachment":"scroll","background-type":"","background-media":"","overlay-type":"","overlay-color":"","overlay-opacity":"","overlay-gradient":""}}},"product_brand":[],"product_cat":[15,168],"product_tag":[],"class_list":{"0":"post-31440","1":"product","2":"type-product","3":"status-publish","4":"has-post-thumbnail","6":"product_cat-alle-produkte","7":"product_cat-zeremonieller-kakao","8":"desktop-align-left","9":"tablet-align-left","10":"mobile-align-left","11":"ast-product-gallery-layout-horizontal-slider","12":"ast-product-single-variable","13":"ast-product-tabs-layout-horizontal","15":"first","16":"instock","17":"taxable","18":"shipping-taxable","19":"purchasable","20":"product-type-variable","21":"has-default-attributes"},"bundled_by":["31491","565067","574678","570647"],"bundle_stock_status":"instock","bundle_stock_quantity":null,"bundle_virtual":false,"bundle_layout":"","bundle_add_to_cart_form_location":"","bundle_editable_in_cart":false,"bundle_sold_individually_context":"","bundle_item_grouping":"","bundle_min_size":"","bundle_max_size":"","bundle_price":[],"bundled_items":[],"bundle_sell_ids":[],"yoast_head":"<!-- This site is optimized with the Yoast SEO Premium plugin v24.0 (Yoast SEO v26.9) - https:\/\/yoast.com\/product\/yoast-seo-premium-wordpress\/ -->\n<title>Pura Vida Kakao aus Uvita, Costa Rica &#183; Zeremonieller Kakao &amp; R\u00e4ucherwerk und spirituelle Tiefe | Suyana<\/title>\n<meta name=\"description\" content=\"In unserem Online-Shop findest du alles f\u00fcr deine Zeremonie &#183; Tauche jetzt mit dem Pura Vida Kakao in die spirituelle Welt der alten Indianer ein.\" \/>\n<meta name=\"robots\" content=\"index, follow, max-snippet:-1, max-image-preview:large, max-video-preview:-1\" \/>\n<link rel=\"canonical\" href=\"https:\/\/suyana.shop\/it\/prodotto\/cacao-pura-vida-del-costa-rica\/\" \/>\n<meta property=\"og:locale\" content=\"it_IT\" \/>\n<meta property=\"og:type\" content=\"article\" \/>\n<meta property=\"og:title\" content=\"Pura Vida Kakao   Trinitario-Kakao aus Costa Rica in Drop-Form\" \/>\n<meta property=\"og:description\" content=\"In unserem Online-Shop findest du alles f\u00fcr deine Zeremonie &#183; Tauche jetzt mit dem Pura Vida Kakao in die spirituelle Welt der alten Indianer ein.\" \/>\n<meta property=\"og:url\" content=\"https:\/\/suyana.shop\/it\/prodotto\/cacao-pura-vida-del-costa-rica\/\" \/>\n<meta property=\"og:site_name\" content=\"Zeremonieller Kakao &amp; R\u00e4ucherwerk und spirituelle Tiefe | Suyana\" \/>\n<meta property=\"article:modified_time\" content=\"2026-04-14T15:27:19+00:00\" \/>\n<meta property=\"og:image\" content=\"https:\/\/suyana.shop\/wp-content\/uploads\/2022\/08\/Suyana-x-Elimba-DSC00231-Bearbeitet-scaled-e1744116580839.jpg\" \/>\n\t<meta property=\"og:image:width\" content=\"2027\" \/>\n\t<meta property=\"og:image:height\" content=\"1348\" \/>\n\t<meta property=\"og:image:type\" content=\"image\/jpeg\" \/>\n<meta name=\"twitter:card\" content=\"summary_large_image\" \/>\n<meta name=\"twitter:label1\" content=\"Tempo di lettura stimato\" \/>\n\t<meta name=\"twitter:data1\" content=\"6 minuti\" \/>\n<script type=\"application\/ld+json\" class=\"yoast-schema-graph\">{\"@context\":\"https:\/\/schema.org\",\"@graph\":[{\"@type\":\"WebPage\",\"@id\":\"https:\/\/suyana.shop\/produkt\/pura-vida-kakao-aus-costa-rica\",\"url\":\"https:\/\/suyana.shop\/produkt\/pura-vida-kakao-aus-costa-rica\",\"name\":\"Pura Vida Kakao aus Uvita, Costa Rica &#183; Zeremonieller Kakao &amp; R\u00e4ucherwerk und spirituelle Tiefe | Suyana\",\"isPartOf\":{\"@id\":\"\/#website\"},\"primaryImageOfPage\":{\"@id\":\"https:\/\/suyana.shop\/produkt\/pura-vida-kakao-aus-costa-rica#primaryimage\"},\"image\":{\"@id\":\"https:\/\/suyana.shop\/produkt\/pura-vida-kakao-aus-costa-rica#primaryimage\"},\"thumbnailUrl\":\"https:\/\/suyana.shop\/wp-content\/uploads\/2022\/08\/Suyana-x-Elimba-DSC00231-Bearbeitet-scaled-e1744116580839.jpg?wsr\",\"datePublished\":\"2022-08-08T21:02:02+00:00\",\"dateModified\":\"2026-04-14T15:27:19+00:00\",\"description\":\"In unserem Online-Shop findest du alles f\u00fcr deine Zeremonie &#183; Tauche jetzt mit dem Pura Vida Kakao in die spirituelle Welt der alten Indianer ein.\",\"breadcrumb\":{\"@id\":\"https:\/\/suyana.shop\/produkt\/pura-vida-kakao-aus-costa-rica#breadcrumb\"},\"inLanguage\":\"it-IT\",\"potentialAction\":[{\"@type\":\"ReadAction\",\"target\":[\"https:\/\/suyana.shop\/produkt\/pura-vida-kakao-aus-costa-rica\"]}]},{\"@type\":\"ImageObject\",\"inLanguage\":\"it-IT\",\"@id\":\"https:\/\/suyana.shop\/produkt\/pura-vida-kakao-aus-costa-rica#primaryimage\",\"url\":\"https:\/\/suyana.shop\/wp-content\/uploads\/2022\/08\/Suyana-x-Elimba-DSC00231-Bearbeitet-scaled-e1744116580839.jpg?wsr\",\"contentUrl\":\"https:\/\/suyana.shop\/wp-content\/uploads\/2022\/08\/Suyana-x-Elimba-DSC00231-Bearbeitet-scaled-e1744116580839.jpg?wsr\",\"width\":2027,\"height\":1348},{\"@type\":\"BreadcrumbList\",\"@id\":\"https:\/\/suyana.shop\/produkt\/pura-vida-kakao-aus-costa-rica#breadcrumb\",\"itemListElement\":[{\"@type\":\"ListItem\",\"position\":1,\"name\":\"Startseite\",\"item\":\"https:\/\/suyana.shop\/it\/\"},{\"@type\":\"ListItem\",\"position\":2,\"name\":\"Pura Vida Kakao Trinitario-Kakao aus Costa Rica in Drop-Form\"}]},{\"@type\":\"WebSite\",\"@id\":\"\/#website\",\"url\":\"\/\",\"name\":\"Zeremonieller Kakao &amp; R\u00e4ucherwerk und spirituelle Tiefe | Suyana\",\"description\":\"Zeremonieller Kakao &amp; Kakaozeremonien\",\"publisher\":{\"@id\":\"\/#organization\"},\"potentialAction\":[{\"@type\":\"SearchAction\",\"target\":{\"@type\":\"EntryPoint\",\"urlTemplate\":\"\/?s={search_term_string}\"},\"query-input\":{\"@type\":\"PropertyValueSpecification\",\"valueRequired\":true,\"valueName\":\"search_term_string\"}}],\"inLanguage\":\"it-IT\"},{\"@type\":\"Organization\",\"@id\":\"\/#organization\",\"name\":\"Suyana\",\"url\":\"\/\",\"logo\":{\"@type\":\"ImageObject\",\"inLanguage\":\"it-IT\",\"@id\":\"\/#\/schema\/logo\/image\/\",\"url\":\"https:\/\/suyana.shop\/wp-content\/uploads\/2022\/05\/suyana-logo-brown-small.png\",\"contentUrl\":\"https:\/\/suyana.shop\/wp-content\/uploads\/2022\/05\/suyana-logo-brown-small.png\",\"width\":1387,\"height\":300,\"caption\":\"Suyana\"},\"image\":{\"@id\":\"\/#\/schema\/logo\/image\/\"},\"sameAs\":[\"https:\/\/instagram.com\/suyana.spirit\"]}]}<\/script>\n<!-- \/ Yoast SEO Premium plugin. -->","yoast_head_json":{"title":"Cacao Pura Vida da Uvita, Costa Rica - Cacao e incenso cerimoniale e profondit\u00e0 spirituale | Suyana","description":"Nel nostro shop online troverai tutto il necessario per la tua cerimonia \u00b7 Immergiti ora nel mondo spirituale degli antichi indiani con Pura Vida Cacao.","robots":{"index":"index","follow":"follow","max-snippet":"max-snippet:-1","max-image-preview":"max-image-preview:large","max-video-preview":"max-video-preview:-1"},"canonical":"https:\/\/suyana.shop\/it\/prodotto\/cacao-pura-vida-del-costa-rica\/","og_locale":"it_IT","og_type":"article","og_title":"Pura Vida Kakao   Trinitario-Kakao aus Costa Rica in Drop-Form","og_description":"In unserem Online-Shop findest du alles f\u00fcr deine Zeremonie &#183; Tauche jetzt mit dem Pura Vida Kakao in die spirituelle Welt der alten Indianer ein.","og_url":"https:\/\/suyana.shop\/it\/prodotto\/cacao-pura-vida-del-costa-rica\/","og_site_name":"Zeremonieller Kakao &amp; R\u00e4ucherwerk und spirituelle Tiefe | Suyana","article_modified_time":"2026-04-14T15:27:19+00:00","og_image":[{"width":2027,"height":1348,"url":"https:\/\/suyana.shop\/wp-content\/uploads\/2022\/08\/Suyana-x-Elimba-DSC00231-Bearbeitet-scaled-e1744116580839.jpg","type":"image\/jpeg"}],"twitter_card":"summary_large_image","twitter_misc":{"Tempo di lettura stimato":"6 minuti"},"schema":{"@context":"https:\/\/schema.org","@graph":[{"@type":"WebPage","@id":"https:\/\/suyana.shop\/produkt\/pura-vida-kakao-aus-costa-rica","url":"https:\/\/suyana.shop\/produkt\/pura-vida-kakao-aus-costa-rica","name":"Cacao Pura Vida da Uvita, Costa Rica - Cacao e incenso cerimoniale e profondit\u00e0 spirituale | Suyana","isPartOf":{"@id":"\/#website"},"primaryImageOfPage":{"@id":"https:\/\/suyana.shop\/produkt\/pura-vida-kakao-aus-costa-rica#primaryimage"},"image":{"@id":"https:\/\/suyana.shop\/produkt\/pura-vida-kakao-aus-costa-rica#primaryimage"},"thumbnailUrl":"https:\/\/suyana.shop\/wp-content\/uploads\/2022\/08\/Suyana-x-Elimba-DSC00231-Bearbeitet-scaled-e1744116580839.jpg?wsr","datePublished":"2022-08-08T21:02:02+00:00","dateModified":"2026-04-14T15:27:19+00:00","description":"Nel nostro shop online troverai tutto il necessario per la tua cerimonia \u00b7 Immergiti ora nel mondo spirituale degli antichi indiani con Pura Vida Cacao.","breadcrumb":{"@id":"https:\/\/suyana.shop\/produkt\/pura-vida-kakao-aus-costa-rica#breadcrumb"},"inLanguage":"it-IT","potentialAction":[{"@type":"ReadAction","target":["https:\/\/suyana.shop\/produkt\/pura-vida-kakao-aus-costa-rica"]}]},{"@type":"ImageObject","inLanguage":"it-IT","@id":"https:\/\/suyana.shop\/produkt\/pura-vida-kakao-aus-costa-rica#primaryimage","url":"https:\/\/suyana.shop\/wp-content\/uploads\/2022\/08\/Suyana-x-Elimba-DSC00231-Bearbeitet-scaled-e1744116580839.jpg?wsr","contentUrl":"https:\/\/suyana.shop\/wp-content\/uploads\/2022\/08\/Suyana-x-Elimba-DSC00231-Bearbeitet-scaled-e1744116580839.jpg?wsr","width":2027,"height":1348},{"@type":"BreadcrumbList","@id":"https:\/\/suyana.shop\/produkt\/pura-vida-kakao-aus-costa-rica#breadcrumb","itemListElement":[{"@type":"ListItem","position":1,"name":"Startseite","item":"https:\/\/suyana.shop\/it\/"},{"@type":"ListItem","position":2,"name":"Pura Vida Kakao Trinitario-Kakao aus Costa Rica in Drop-Form"}]},{"@type":"WebSite","@id":"\/#website","url":"\/","name":"Il cerimoniale di cacao e incenso, e la profondit\u00e0 spirituale | Suyana","description":"Il Cerimoniale Di Cacao E Cacao Cerimonie","publisher":{"@id":"\/#organization"},"potentialAction":[{"@type":"SearchAction","target":{"@type":"EntryPoint","urlTemplate":"\/?s={search_term_string}"},"query-input":{"@type":"PropertyValueSpecification","valueRequired":true,"valueName":"search_term_string"}}],"inLanguage":"it-IT"},{"@type":"Organization","@id":"\/#organization","name":"Suyana","url":"\/","logo":{"@type":"ImageObject","inLanguage":"it-IT","@id":"\/#\/schema\/logo\/image\/","url":"https:\/\/suyana.shop\/wp-content\/uploads\/2022\/05\/suyana-logo-brown-small.png","contentUrl":"https:\/\/suyana.shop\/wp-content\/uploads\/2022\/05\/suyana-logo-brown-small.png","width":1387,"height":300,"caption":"Suyana"},"image":{"@id":"\/#\/schema\/logo\/image\/"},"sameAs":["https:\/\/instagram.com\/suyana.spirit"]}]}},"_links":{"self":[{"href":"https:\/\/suyana.shop\/it\/wp-json\/wp\/v2\/product\/31440","targetHints":{"allow":["GET"]}}],"collection":[{"href":"https:\/\/suyana.shop\/it\/wp-json\/wp\/v2\/product"}],"about":[{"href":"https:\/\/suyana.shop\/it\/wp-json\/wp\/v2\/types\/product"}],"replies":[{"embeddable":true,"href":"https:\/\/suyana.shop\/it\/wp-json\/wp\/v2\/comments?post=31440"}],"version-history":[{"count":4,"href":"https:\/\/suyana.shop\/it\/wp-json\/wp\/v2\/product\/31440\/revisions"}],"predecessor-version":[{"id":573381,"href":"https:\/\/suyana.shop\/it\/wp-json\/wp\/v2\/product\/31440\/revisions\/573381"}],"wp:featuredmedia":[{"embeddable":true,"href":"https:\/\/suyana.shop\/it\/wp-json\/wp\/v2\/media\/568634"}],"wp:attachment":[{"href":"https:\/\/suyana.shop\/it\/wp-json\/wp\/v2\/media?parent=31440"}],"wp:term":[{"taxonomy":"product_brand","embeddable":true,"href":"https:\/\/suyana.shop\/it\/wp-json\/wp\/v2\/product_brand?post=31440"},{"taxonomy":"product_cat","embeddable":true,"href":"https:\/\/suyana.shop\/it\/wp-json\/wp\/v2\/product_cat?post=31440"},{"taxonomy":"product_tag","embeddable":true,"href":"https:\/\/suyana.shop\/it\/wp-json\/wp\/v2\/product_tag?post=31440"}],"curies":[{"name":"wp","href":"https:\/\/api.w.org\/{rel}","templated":true}]}} 