{"id":31455,"date":"2022-06-13T04:57:32","date_gmt":"2022-06-13T04:57:32","guid":{"rendered":"https:\/\/suyana.shop\/?post_type=product&#038;p=31455"},"modified":"2025-08-29T12:41:32","modified_gmt":"2025-08-29T11:41:32","slug":"fascio-di-incenso-alla-salvia-bianca-proveniente-dalla-california-patria-della-salvia-apiana","status":"publish","type":"product","link":"https:\/\/suyana.shop\/it\/produkt\/weisser-salbei-raeucherbuendel-aus-kalifornien-der-heimat-des-salvia-apiana","title":{"rendered":"<b> Fagottino di incenso alla salvia bianca <\/b>  Dalla California, patria della salvia apiana"},"content":{"rendered":"<p>&nbsp;<\/p>\n<p><img class=\"aligncenter\" src=\"\/wp-content\/uploads\/2022\/07\/Zeichenfla%CC%88che-5100.svg\" alt=\"\" width=\"203\" height=\"28\" \/><\/p>\n<h2 style=\"text-align: center;\">Pacchetto di incenso alla salvia bianca di Suyana<\/h2>\n<h3 style=\"text-align: center;\">dalla soleggiata e dorata California<\/h3>\n<div><\/div>\n<div style=\"text-align: center;\">L'enorme forza, il sapore resinoso ma delicato e l'originale storia tradizionale di questa salvia bianca ci hanno immediatamente affascinato e ci hanno fatto illuminare gli occhi. Nella tradizione delle culture indigene, le piante della nostra salvia bianca godono di un eccezionale grado di rispetto, cura e amore. La natura armoniosa e benevola di questa pianta la rende davvero speciale e ti invita ad assaporare la sua saggezza secolare.<\/div>\n<div><\/div>\n<div style=\"text-align: center;\"><a href=\"#wirkung\">Modalit\u00e0 di azione<\/a> |\u00a0<a href=\"#vorkommen\">Ricorrenza e crescita<\/a> |\u00a0<a href=\"#sammlung\">Raccolta e rilegatura tradizionale<\/a> |\u00a0<a href=\"#verwendung\">utilizzo<\/a><\/div>\n<p>&nbsp;<\/p>\n<p><img src=\"\/wp-content\/uploads\/2022\/07\/shop_salbei_trenner.jpg\" alt=\"Fagottino di incenso alla salvia bianca\" \/><\/p>\n<p>&nbsp;<\/p>\n<p><img class=\"\" src=\"\/wp-content\/uploads\/2022\/07\/Zeichenfla%CC%88che-11100.svg\" alt=\"\" width=\"203\" height=\"22\" \/><\/p>\n<h3>Effetti del fascio di incenso alla salvia<\/h3>\n<div>\n<p>Essendo una delle piante di incenso pi\u00f9 popolari, la salvia bianca ha una lunga tradizione nelle culture sciamaniche e indigene delle Americhe. \u00c8 giustamente uno degli incensi in assoluto. Il termine salvia deriva dalla parola &#039;salvare&#039;, che significa &#039;guarire&#039; e ne indica gi\u00e0 le propriet\u00e0 benefiche per la salute. La salvia era usata come alimento e pianta medicinale dalle trib\u00f9 indigene lungo la costa del Pacifico. Viene utilizzato ancora oggi per alleviare raffreddori e malattie respiratorie. Oltre al suo effetto a livello fisico, \u00e8 ideale per l&#039;uso rituale grazie al suo effetto purificante energetico. Esponendosi al fumo intenso e avvolgente della salvia bianca si innescano processi di pulizia interna ed esterna. La tua aura e il tuo spazio fisico vengono purificati. I nativi della California vedono la pianta della salvia bianca come un essere vivente dotato di spirito e anima. Gi\u00e0 allora bruciare la pianta era un modo per comunicare con il mondo spirituale e connettersi con lo spirito della pianta e della terra. Durante la combustione mirata chiedi allo spirito della salvia di dirigere la sua energia purificatrice e protettiva nella stanza, nel tuo corpo, nel tuo campo energetico e nella tua mente.<\/p>\n<p>A livello mentale la salvia bianca ha un effetto chiarificatore; ti aiuta a concentrarti su ci\u00f2 che \u00e8 importante. La sua natura protettiva e avvolgente crea uno spazio sicuro per lo sviluppo personale e la guarigione. Ci\u00f2 ti rende pi\u00f9 facile avanzare a livelli pi\u00f9 alti di coscienza e intensificare le connessioni spirituali. La salvia bianca \u00e8 un esaltatore dell&#039;umore che dona alle persone che festeggiano con essa gioia e leggerezza.<\/p>\n<p>Seguici su Instagram per saperne di pi\u00f9 sugli effetti, le conseguenze, ecc. dei nostri prodotti: <a href=\"https:\/\/www.instagram.com\/suyana.spirit\/\">suyana.spirito<\/a><\/p>\n<\/div>\n<p>&nbsp;<\/p>\n<p><img class=\"\" src=\"\/wp-content\/uploads\/2022\/07\/Zeichenfla%CC%88che-5100.svg\" alt=\"\" width=\"203\" height=\"28\" \/><\/p>\n<h3>Ricorrenza e crescita<\/h3>\n<div>\n<p>La salvia apiana, pianta erbacea sempreverde, cresce fino a un metro di altezza e sviluppa foglie lunghe da quattro a otto centimetri. Questi sono ricoperti di peli bianchi, che danno il nome alla pianta. La salvia bianca appartiene allo stesso genere della salvia comune (salvia officinalis), ma si distingue per il maggior contenuto di resina e il profumo pi\u00f9 intenso.<\/p>\n<p>La nostra salvia bianca \u00e8 originaria della soleggiata e dorata California, il Golden State. \u00c8 qui che il flower power e il movimento hippie hanno avuto origine negli anni '60 e dove lo spirito di una nuova era si esprime ancora oggi nella diversit\u00e0, nella colorazione e nella variet\u00e0 artistica, oltre che nella ricchezza naturale. Foreste verdi con gigantesche sequoie, imponenti catene montuose, vulcani incandescenti, deserti estremi, estese coste con spiagge di sabbia bianca e isole nel fresco blu del Pacifico: lo stato sud-occidentale della California \u00e8 caratterizzato da un'incommensurabile diversit\u00e0 sia in termini di paesaggio che di clima. Vera figlia del sole, la salvia bianca predilige le regioni collinari secche e calde lungo tutta la costa dello stato. Gli abitanti nativi conoscono bene i luoghi sacri in cui la salvia bianca si \u00e8 insediata. Qui tutti la trattano con grande gratitudine, apprezzamento e cura. Lo si percepisce quando la si fuma.<\/p>\n<\/div>\n<p>&nbsp;<\/p>\n<p><img loading=\"lazy\" class=\"\" src=\"\/wp-content\/uploads\/2022\/07\/Zeichenfla%CC%88che-3100.svg\" alt=\"\" width=\"202\" height=\"31\" \/><\/p>\n<h3>Raccolta e rilegatura tradizionale dei nostri fasci di incenso alla salvia<\/h3>\n<div>\n<p>Le foglie dei nostri fasci di incenso alla salvia bianca vengono raccolte con cura dai discendenti dei nativi della California nelle montagne e nelle regioni costiere, essiccate e poi impacchettate a mano con grande cura. Poich\u00e9 tutti i nostri partner locali hanno radici autoctone, trattano le piante, il suolo e tutta la natura che li circonda con particolare rispetto. L\u2019idea di sostenibilit\u00e0 \u00e8 sempre stata un pilastro nella vita e nella visione del mondo dei nativi americani.<\/p>\n<p>Una parte della nostra salvia bianca cresce spontaneamente su aree pubbliche approvate e una parte viene coltivata anche su propriet\u00e0 private. Per garantire un raccolto duraturo e in crescita, durante la raccolta vengono rimossi solo i germogli superiori. Questo stimola le piante a crescere e prosperare in modo organico. Come tutti i nostri prodotti, la salvia bianca \u00e8 un prodotto naturale 100% e quindi privo di qualsiasi trattamento chimico.<\/p>\n<p>La coltivazione naturale, la lavorazione tradizionale e originale e l&#039;alta qualit\u00e0 del prodotto ci hanno convinto a includere consapevolmente questi bastoncini di salvia nella nostra gamma selezionata. La loro efficacia dovrebbe ispirare anche voi e la vostra cerimonia.<\/p>\n<\/div>\n<p>&nbsp;<\/p>\n<p><img loading=\"lazy\" class=\"\" src=\"\/wp-content\/uploads\/2022\/07\/suyana-squiggle.svg\" alt=\"\" width=\"202\" height=\"41\" \/><\/p>\n<h3>Fasci di incenso alla salvia \u2013 Utilizzo<\/h3>\n<div>\n<p>Per beneficiare delle propriet\u00e0 curative della salvia, si accende la punta dello smudge stick. Quando alcune estremit\u00e0 delle foglie sono in fiamme, il fuoco viene spento con attenzione in modo che il bastoncino bruci solo senza fiamma. Per uno sviluppo ottimale del fumo e una sua distribuzione mirata \u00e8 utile una piuma o un oggetto simile per sventolare aria sul bastoncino. Per fare in modo che la brace continui a viaggiare lungo il fusto della foglia, \u00e8 opportuno soffiare delicatamente sulle punte. Poich\u00e9 quando si fuma vengono sempre rilasciate particelle piccole e luminose che cadono, \u00e8 necessario portare sempre con s\u00e9 una ciotola ignifuga piena di sabbia sotto il bastoncino. L&#039;incenso pu\u00f2 essere spostato liberamente nella stanza come desiderato. Ad esempio, \u00e8 possibile tracciare i contorni fisici o immergere le bevande rituali in una nuvola di fumo. Il potente fumo prodotto dalla salvia bianca rende possibile decorare l&#039;aria con bellissimi motivi: non ci sono limiti alla tua creativit\u00e0! \u00c8 particolarmente emozionante prestare attenzione al movimento del fumo poich\u00e9 riflette le energie della stanza. Mentre alle frequenze energetiche pi\u00f9 alte il fumo si muove liberamente, spensierato e quasi danzante, a vibrazioni pi\u00f9 basse vortica irrequieto o addirittura scompare. In questo caso, \u00e8 necessario prestare particolare attenzione a queste aree. Se si utilizza la salvia bianca per la pulizia degli spazi, \u00e8 consigliabile ventilare bene dopo il rituale per lasciare andare il vecchio e creare spazio per il nuovo. Svegliati, bellissimo Bambino Sole.<\/p>\n<p>Cosa dovresti assolutamente provare: <a href=\"https:\/\/suyana.shop\/produkt\/camu-camu\">Camu Camu<\/a><\/p>\n<\/div>","protected":false},"excerpt":{"rendered":"<ul>\n<li><em>particolarmente indicato per la pulizia energetica in un contesto rituale\/spazio cerimoniale<\/em><\/li>\n<li><em>Profumo intenso, equilibrato e di lunga durata<\/em><\/li>\n<li><em>aroma resinoso-dolce e detergente-fresco<\/em><\/li>\n<li><em>ricco di resina e olio essenziale<\/em><\/li>\n<li><em>forte sviluppo di fumo<\/em><\/li>\n<li><em>Migliora l'umore, favorisce la consapevolezza e la concentrazione<\/em><\/li>\n<li><em>prodotto naturale; Coltivazione priva di prodotti chimici<\/em><\/li>\n<\/ul>","protected":false},"featured_media":572081,"comment_status":"open","ping_status":"closed","template":"","meta":{"site-sidebar-layout":"default","site-content-layout":"","ast-site-content-layout":"default","site-content-style":"default","site-sidebar-style":"default","ast-global-header-display":"","ast-banner-title-visibility":"","ast-main-header-display":"","ast-hfb-above-header-display":"","ast-hfb-below-header-display":"","ast-hfb-mobile-header-display":"","site-post-title":"","ast-breadcrumbs-content":"","ast-featured-img":"","footer-sml-layout":"","ast-disable-related-posts":"","theme-transparent-header-meta":"default","adv-header-id-meta":"","stick-header-meta":"default","header-above-stick-meta":"","header-main-stick-meta":"","header-below-stick-meta":"","astra-migrate-meta-layouts":"set","ast-page-background-enabled":"default","ast-page-background-meta":{"desktop":{"background-color":"var(--ast-global-color-4)","background-image":"","background-repeat":"repeat","background-position":"center center","background-size":"auto","background-attachment":"scroll","background-type":"","background-media":"","overlay-type":"","overlay-color":"","overlay-opacity":"","overlay-gradient":""},"tablet":{"background-color":"","background-image":"","background-repeat":"repeat","background-position":"center center","background-size":"auto","background-attachment":"scroll","background-type":"","background-media":"","overlay-type":"","overlay-color":"","overlay-opacity":"","overlay-gradient":""},"mobile":{"background-color":"","background-image":"","background-repeat":"repeat","background-position":"center center","background-size":"auto","background-attachment":"scroll","background-type":"","background-media":"","overlay-type":"","overlay-color":"","overlay-opacity":"","overlay-gradient":""}},"ast-content-background-meta":{"desktop":{"background-color":"var(--ast-global-color-5)","background-image":"","background-repeat":"repeat","background-position":"center center","background-size":"auto","background-attachment":"scroll","background-type":"","background-media":"","overlay-type":"","overlay-color":"","overlay-opacity":"","overlay-gradient":""},"tablet":{"background-color":"var(--ast-global-color-5)","background-image":"","background-repeat":"repeat","background-position":"center center","background-size":"auto","background-attachment":"scroll","background-type":"","background-media":"","overlay-type":"","overlay-color":"","overlay-opacity":"","overlay-gradient":""},"mobile":{"background-color":"var(--ast-global-color-5)","background-image":"","background-repeat":"repeat","background-position":"center center","background-size":"auto","background-attachment":"scroll","background-type":"","background-media":"","overlay-type":"","overlay-color":"","overlay-opacity":"","overlay-gradient":""}}},"product_brand":[],"product_cat":[15,167,390],"product_tag":[],"class_list":{"0":"post-31455","1":"product","2":"type-product","3":"status-publish","4":"has-post-thumbnail","6":"product_cat-alle-produkte","7":"product_cat-raeucherwerk","8":"product_cat-weisser-salbei","9":"desktop-align-left","10":"tablet-align-left","11":"mobile-align-left","12":"ast-product-gallery-layout-horizontal-slider","13":"ast-product-single-variable","14":"ast-product-tabs-layout-horizontal","16":"first","17":"instock","18":"taxable","19":"shipping-taxable","20":"purchasable","21":"product-type-variable"},"bundled_by":[],"bundle_stock_status":"instock","bundle_stock_quantity":null,"bundle_virtual":false,"bundle_layout":"","bundle_add_to_cart_form_location":"","bundle_editable_in_cart":false,"bundle_sold_individually_context":"","bundle_item_grouping":"","bundle_min_size":"","bundle_max_size":"","bundle_price":[],"bundled_items":[],"bundle_sell_ids":[],"yoast_head":"<!-- This site is optimized with the Yoast SEO Premium plugin v24.0 (Yoast SEO v26.9) - https:\/\/yoast.com\/product\/yoast-seo-premium-wordpress\/ -->\n<title>Salbei R\u00e4ucherb\u00fcndel aus Kalifornien&#183; Zeremonieller Kakao &amp; R\u00e4ucherwerk und spirituelle Tiefe | Suyana<\/title>\n<meta name=\"description\" content=\"Wei\u00dfer Salbei R\u00e4ucherb\u00fcndel aus Kalifornien, der Heimat des Salvia Apiana. Langanhaltender &amp; ausgewogen-intensiver Duft. Naturprodukt, frei von Chemikalien.\" \/>\n<meta name=\"robots\" content=\"index, follow, max-snippet:-1, max-image-preview:large, max-video-preview:-1\" \/>\n<link rel=\"canonical\" href=\"https:\/\/suyana.shop\/it\/prodotto\/fascio-di-incenso-alla-salvia-bianca-proveniente-dalla-california-patria-della-salvia-apiana\/\" \/>\n<meta property=\"og:locale\" content=\"it_IT\" \/>\n<meta property=\"og:type\" content=\"article\" \/>\n<meta property=\"og:title\" content=\"Wei\u00dfer Salbei R\u00e4ucherb\u00fcndel  Aus Kalifornien, der Heimat des salvia apiana\" \/>\n<meta property=\"og:description\" content=\"Wei\u00dfer Salbei R\u00e4ucherb\u00fcndel aus Kalifornien, der Heimat des Salvia Apiana. Langanhaltender &amp; ausgewogen-intensiver Duft. Naturprodukt, frei von Chemikalien.\" \/>\n<meta property=\"og:url\" content=\"https:\/\/suyana.shop\/it\/prodotto\/fascio-di-incenso-alla-salvia-bianca-proveniente-dalla-california-patria-della-salvia-apiana\/\" \/>\n<meta property=\"og:site_name\" content=\"Zeremonieller Kakao &amp; R\u00e4ucherwerk und spirituelle Tiefe | Suyana\" \/>\n<meta property=\"article:modified_time\" content=\"2025-08-29T11:41:32+00:00\" \/>\n<meta property=\"og:image\" content=\"https:\/\/suyana.shop\/wp-content\/uploads\/2022\/06\/Rape-Starter-Kit-3-scaled.jpg\" \/>\n\t<meta property=\"og:image:width\" content=\"2560\" \/>\n\t<meta property=\"og:image:height\" content=\"1829\" \/>\n\t<meta property=\"og:image:type\" content=\"image\/jpeg\" \/>\n<meta name=\"twitter:card\" content=\"summary_large_image\" \/>\n<meta name=\"twitter:label1\" content=\"Tempo di lettura stimato\" \/>\n\t<meta name=\"twitter:data1\" content=\"7 minuti\" \/>\n<script type=\"application\/ld+json\" class=\"yoast-schema-graph\">{\"@context\":\"https:\/\/schema.org\",\"@graph\":[{\"@type\":\"WebPage\",\"@id\":\"https:\/\/suyana.shop\/produkt\/weisser-salbei-raeucherbuendel-aus-kalifornien-der-heimat-des-salvia-apiana\",\"url\":\"https:\/\/suyana.shop\/produkt\/weisser-salbei-raeucherbuendel-aus-kalifornien-der-heimat-des-salvia-apiana\",\"name\":\"Salbei R\u00e4ucherb\u00fcndel aus Kalifornien&#183; Zeremonieller Kakao &amp; R\u00e4ucherwerk und spirituelle Tiefe | Suyana\",\"isPartOf\":{\"@id\":\"\/#website\"},\"primaryImageOfPage\":{\"@id\":\"https:\/\/suyana.shop\/produkt\/weisser-salbei-raeucherbuendel-aus-kalifornien-der-heimat-des-salvia-apiana#primaryimage\"},\"image\":{\"@id\":\"https:\/\/suyana.shop\/produkt\/weisser-salbei-raeucherbuendel-aus-kalifornien-der-heimat-des-salvia-apiana#primaryimage\"},\"thumbnailUrl\":\"https:\/\/suyana.shop\/wp-content\/uploads\/2022\/06\/Rape-Starter-Kit-3-scaled.jpg?wsr\",\"datePublished\":\"2022-06-13T04:57:32+00:00\",\"dateModified\":\"2025-08-29T11:41:32+00:00\",\"description\":\"Wei\u00dfer Salbei R\u00e4ucherb\u00fcndel aus Kalifornien, der Heimat des Salvia Apiana. Langanhaltender & ausgewogen-intensiver Duft. Naturprodukt, frei von Chemikalien.\",\"breadcrumb\":{\"@id\":\"https:\/\/suyana.shop\/produkt\/weisser-salbei-raeucherbuendel-aus-kalifornien-der-heimat-des-salvia-apiana#breadcrumb\"},\"inLanguage\":\"it-IT\",\"potentialAction\":[{\"@type\":\"ReadAction\",\"target\":[\"https:\/\/suyana.shop\/produkt\/weisser-salbei-raeucherbuendel-aus-kalifornien-der-heimat-des-salvia-apiana\"]}]},{\"@type\":\"ImageObject\",\"inLanguage\":\"it-IT\",\"@id\":\"https:\/\/suyana.shop\/produkt\/weisser-salbei-raeucherbuendel-aus-kalifornien-der-heimat-des-salvia-apiana#primaryimage\",\"url\":\"https:\/\/suyana.shop\/wp-content\/uploads\/2022\/06\/Rape-Starter-Kit-3-scaled.jpg?wsr\",\"contentUrl\":\"https:\/\/suyana.shop\/wp-content\/uploads\/2022\/06\/Rape-Starter-Kit-3-scaled.jpg?wsr\",\"width\":2560,\"height\":1829},{\"@type\":\"BreadcrumbList\",\"@id\":\"https:\/\/suyana.shop\/produkt\/weisser-salbei-raeucherbuendel-aus-kalifornien-der-heimat-des-salvia-apiana#breadcrumb\",\"itemListElement\":[{\"@type\":\"ListItem\",\"position\":1,\"name\":\"Startseite\",\"item\":\"https:\/\/suyana.shop\/\"},{\"@type\":\"ListItem\",\"position\":2,\"name\":\"Wei\u00dfer Salbei R\u00e4ucherb\u00fcndel Aus Kalifornien, der Heimat des salvia apiana\"}]},{\"@type\":\"WebSite\",\"@id\":\"\/#website\",\"url\":\"\/\",\"name\":\"Zeremonieller Kakao &amp; R\u00e4ucherwerk und spirituelle Tiefe | Suyana\",\"description\":\"Zeremonieller Kakao &amp; Kakaozeremonien\",\"publisher\":{\"@id\":\"\/#organization\"},\"potentialAction\":[{\"@type\":\"SearchAction\",\"target\":{\"@type\":\"EntryPoint\",\"urlTemplate\":\"\/?s={search_term_string}\"},\"query-input\":{\"@type\":\"PropertyValueSpecification\",\"valueRequired\":true,\"valueName\":\"search_term_string\"}}],\"inLanguage\":\"it-IT\"},{\"@type\":\"Organization\",\"@id\":\"\/#organization\",\"name\":\"Suyana\",\"url\":\"\/\",\"logo\":{\"@type\":\"ImageObject\",\"inLanguage\":\"it-IT\",\"@id\":\"\/#\/schema\/logo\/image\/\",\"url\":\"https:\/\/suyana.shop\/wp-content\/uploads\/2022\/05\/suyana-logo-brown-small.png\",\"contentUrl\":\"https:\/\/suyana.shop\/wp-content\/uploads\/2022\/05\/suyana-logo-brown-small.png\",\"width\":1387,\"height\":300,\"caption\":\"Suyana\"},\"image\":{\"@id\":\"\/#\/schema\/logo\/image\/\"},\"sameAs\":[\"https:\/\/instagram.com\/suyana.spirit\"]}]}<\/script>\n<!-- \/ Yoast SEO Premium plugin. -->","yoast_head_json":{"title":"Pacchetto di incenso alla salvia dalla California - Cacao e incenso cerimoniale e profondit\u00e0 spirituale | Suyana","description":"Fasci di incenso alla salvia bianca dalla California, patria della Salvia Apiana. Profumo persistente ed equilibrato, intenso. Prodotto naturale, privo di sostanze chimiche.","robots":{"index":"index","follow":"follow","max-snippet":"max-snippet:-1","max-image-preview":"max-image-preview:large","max-video-preview":"max-video-preview:-1"},"canonical":"https:\/\/suyana.shop\/it\/prodotto\/fascio-di-incenso-alla-salvia-bianca-proveniente-dalla-california-patria-della-salvia-apiana\/","og_locale":"it_IT","og_type":"article","og_title":"Wei\u00dfer Salbei R\u00e4ucherb\u00fcndel  Aus Kalifornien, der Heimat des salvia apiana","og_description":"Wei\u00dfer Salbei R\u00e4ucherb\u00fcndel aus Kalifornien, der Heimat des Salvia Apiana. Langanhaltender & ausgewogen-intensiver Duft. Naturprodukt, frei von Chemikalien.","og_url":"https:\/\/suyana.shop\/it\/prodotto\/fascio-di-incenso-alla-salvia-bianca-proveniente-dalla-california-patria-della-salvia-apiana\/","og_site_name":"Zeremonieller Kakao &amp; R\u00e4ucherwerk und spirituelle Tiefe | Suyana","article_modified_time":"2025-08-29T11:41:32+00:00","og_image":[{"width":2560,"height":1829,"url":"https:\/\/suyana.shop\/wp-content\/uploads\/2022\/06\/Rape-Starter-Kit-3-scaled.jpg","type":"image\/jpeg"}],"twitter_card":"summary_large_image","twitter_misc":{"Tempo di lettura stimato":"7 minuti"},"schema":{"@context":"https:\/\/schema.org","@graph":[{"@type":"WebPage","@id":"https:\/\/suyana.shop\/produkt\/weisser-salbei-raeucherbuendel-aus-kalifornien-der-heimat-des-salvia-apiana","url":"https:\/\/suyana.shop\/produkt\/weisser-salbei-raeucherbuendel-aus-kalifornien-der-heimat-des-salvia-apiana","name":"Pacchetto di incenso alla salvia dalla California - Cacao e incenso cerimoniale e profondit\u00e0 spirituale | Suyana","isPartOf":{"@id":"\/#website"},"primaryImageOfPage":{"@id":"https:\/\/suyana.shop\/produkt\/weisser-salbei-raeucherbuendel-aus-kalifornien-der-heimat-des-salvia-apiana#primaryimage"},"image":{"@id":"https:\/\/suyana.shop\/produkt\/weisser-salbei-raeucherbuendel-aus-kalifornien-der-heimat-des-salvia-apiana#primaryimage"},"thumbnailUrl":"https:\/\/suyana.shop\/wp-content\/uploads\/2022\/06\/Rape-Starter-Kit-3-scaled.jpg?wsr","datePublished":"2022-06-13T04:57:32+00:00","dateModified":"2025-08-29T11:41:32+00:00","description":"Fasci di incenso alla salvia bianca dalla California, patria della Salvia Apiana. Profumo persistente ed equilibrato, intenso. Prodotto naturale, privo di sostanze chimiche.","breadcrumb":{"@id":"https:\/\/suyana.shop\/produkt\/weisser-salbei-raeucherbuendel-aus-kalifornien-der-heimat-des-salvia-apiana#breadcrumb"},"inLanguage":"it-IT","potentialAction":[{"@type":"ReadAction","target":["https:\/\/suyana.shop\/produkt\/weisser-salbei-raeucherbuendel-aus-kalifornien-der-heimat-des-salvia-apiana"]}]},{"@type":"ImageObject","inLanguage":"it-IT","@id":"https:\/\/suyana.shop\/produkt\/weisser-salbei-raeucherbuendel-aus-kalifornien-der-heimat-des-salvia-apiana#primaryimage","url":"https:\/\/suyana.shop\/wp-content\/uploads\/2022\/06\/Rape-Starter-Kit-3-scaled.jpg?wsr","contentUrl":"https:\/\/suyana.shop\/wp-content\/uploads\/2022\/06\/Rape-Starter-Kit-3-scaled.jpg?wsr","width":2560,"height":1829},{"@type":"BreadcrumbList","@id":"https:\/\/suyana.shop\/produkt\/weisser-salbei-raeucherbuendel-aus-kalifornien-der-heimat-des-salvia-apiana#breadcrumb","itemListElement":[{"@type":"ListItem","position":1,"name":"Startseite","item":"https:\/\/suyana.shop\/"},{"@type":"ListItem","position":2,"name":"Wei\u00dfer Salbei R\u00e4ucherb\u00fcndel Aus Kalifornien, der Heimat des salvia apiana"}]},{"@type":"WebSite","@id":"\/#website","url":"\/","name":"Il cerimoniale di cacao e incenso, e la profondit\u00e0 spirituale | Suyana","description":"Il Cerimoniale Di Cacao E Cacao Cerimonie","publisher":{"@id":"\/#organization"},"potentialAction":[{"@type":"SearchAction","target":{"@type":"EntryPoint","urlTemplate":"\/?s={search_term_string}"},"query-input":{"@type":"PropertyValueSpecification","valueRequired":true,"valueName":"search_term_string"}}],"inLanguage":"it-IT"},{"@type":"Organization","@id":"\/#organization","name":"Suyana","url":"\/","logo":{"@type":"ImageObject","inLanguage":"it-IT","@id":"\/#\/schema\/logo\/image\/","url":"https:\/\/suyana.shop\/wp-content\/uploads\/2022\/05\/suyana-logo-brown-small.png","contentUrl":"https:\/\/suyana.shop\/wp-content\/uploads\/2022\/05\/suyana-logo-brown-small.png","width":1387,"height":300,"caption":"Suyana"},"image":{"@id":"\/#\/schema\/logo\/image\/"},"sameAs":["https:\/\/instagram.com\/suyana.spirit"]}]}},"_links":{"self":[{"href":"https:\/\/suyana.shop\/it\/wp-json\/wp\/v2\/product\/31455","targetHints":{"allow":["GET"]}}],"collection":[{"href":"https:\/\/suyana.shop\/it\/wp-json\/wp\/v2\/product"}],"about":[{"href":"https:\/\/suyana.shop\/it\/wp-json\/wp\/v2\/types\/product"}],"replies":[{"embeddable":true,"href":"https:\/\/suyana.shop\/it\/wp-json\/wp\/v2\/comments?post=31455"}],"version-history":[{"count":0,"href":"https:\/\/suyana.shop\/it\/wp-json\/wp\/v2\/product\/31455\/revisions"}],"wp:featuredmedia":[{"embeddable":true,"href":"https:\/\/suyana.shop\/it\/wp-json\/wp\/v2\/media\/572081"}],"wp:attachment":[{"href":"https:\/\/suyana.shop\/it\/wp-json\/wp\/v2\/media?parent=31455"}],"wp:term":[{"taxonomy":"product_brand","embeddable":true,"href":"https:\/\/suyana.shop\/it\/wp-json\/wp\/v2\/product_brand?post=31455"},{"taxonomy":"product_cat","embeddable":true,"href":"https:\/\/suyana.shop\/it\/wp-json\/wp\/v2\/product_cat?post=31455"},{"taxonomy":"product_tag","embeddable":true,"href":"https:\/\/suyana.shop\/it\/wp-json\/wp\/v2\/product_tag?post=31455"}],"curies":[{"name":"wp","href":"https:\/\/api.w.org\/{rel}","templated":true}]}} 