{"id":33976,"date":"2023-03-02T15:59:07","date_gmt":"2023-03-02T14:59:07","guid":{"rendered":"https:\/\/suyana.shop\/?post_type=product&#038;p=33976"},"modified":"2026-04-04T17:25:59","modified_gmt":"2026-04-04T16:25:59","slug":"raeucherwerk-suyanas-raeucherbundle","status":"publish","type":"product","link":"https:\/\/suyana.shop\/it\/produkt\/raeucherwerk-suyanas-raeucherbundle-2","title":{"rendered":"<b>Il fascio di incenso di Suyana<\/b>"},"content":{"rendered":"<p><img class=\"aligncenter\" src=\"\/wp-content\/uploads\/2022\/07\/Zeichenfla%CC%88che-5100.svg\" alt=\"\" width=\"181\" height=\"25\" \/><\/p>\n<h2 style=\"text-align: center;\">Salvia Bianca e Palo Santo<\/h2>\n<h3 style=\"text-align: center;\">Una coppia abbinata che si armonizza perfettamente tra loro nel processo di affumicatura<\/h3>\n<div>\n<p style=\"text-align: center;\">Con il nostro pacchetto di incensi Suyana puoi provare due dei nostri incensi contemporaneamente. La salvia bianca e il palo santo si armonizzano perfettamente tra loro durante il processo di affumicatura: difficilmente si pu\u00f2 trovare una coppia pi\u00f9 adatta. Dopo che la salvia bianca purifica energicamente la stanza e noi a tutti i livelli, Palo Santo invita al benessere, al relax e alla serenit\u00e0.<\/p>\n<p style=\"text-align: center;\">Ti aspetta un pacchetto con 4 fagottini di incenso alla salvia bianca e 15 legni di Palo Santo che necessitano solo di essere accesi da te.<\/p>\n<p style=\"text-align: center;\">Qui puoi avere una breve panoramica dei nostri incensi. Nella rispettiva pagina del prodotto troverai anche informazioni dettagliate sull&#039;origine, le condizioni di crescita e le caratteristiche speciali delle due piante.<\/p>\n<h3 style=\"text-align: center;\"><\/h3>\n<h3 style=\"text-align: center;\">Fagottino di incenso alla salvia bianca<\/h3>\n<p style=\"text-align: center;\">L&#039;enorme potenza, l&#039;aroma resinoso ma raffinato e la storia originale e tradizionale di questo <a href=\"https:\/\/suyana.shop\/produkt\/weisser-salbei-raeucherbuendel-aus-kalifornien-der-heimat-des-salvia-apiana\">Salvia bianca<\/a> ci ha affascinato da subito. A livello mentale la salvia bianca ha un effetto chiarificatore; ti aiuta a concentrarti su ci\u00f2 che \u00e8 importante. La sua natura protettiva e avvolgente crea uno spazio sicuro per lo sviluppo personale e la guarigione. Esponendosi al fumo intenso e avvolgente della salvia bianca si innescano processi di pulizia interna ed esterna. La tua aura e il tuo spazio fisico vengono purificati. Ci\u00f2 ti rende pi\u00f9 facile avanzare a livelli pi\u00f9 alti di coscienza e intensificare le connessioni spirituali. La salvia bianca \u00e8 un esaltatore dell&#039;umore che ci dona gioia e leggerezza.<\/p>\n<h3 style=\"text-align: center;\"><\/h3>\n<h3 style=\"text-align: center;\">Legno di incenso di Palo Santo<\/h3>\n<p style=\"text-align: center;\">Il nostro <a href=\"https:\/\/suyana.shop\/produkt\/palo-santo\">Incenso di Palo Santo<\/a> \u00e8 natura pura e riconquista i nostri cuori ad ogni utilizzo. Grazie al suo fumo piacevolmente avvolgente, vellutato e morbido - con sentori leggermente fruttati - il nostro Palo Santo \u00e8 presente senza essere invadente. Accarezza il cuore e l&#039;anima, calma e ispira lo spirito. Questo lo rende il compagno perfetto per te nella vita di tutti i giorni, durante i processi creativi e nelle occasioni cerimoniali. Si dice che la pianta dell&#039;albero del balsamo abbia effetti purificanti, antinfiammatori e antidolorifici, persino antibiotici. Accendi il Palo Santo de Piura di Suyana e arrenditi ai suoi effetti magici e alla sua storia di vita unica. Espiritu Nativo de Palo Santo per te.<\/p>\n<\/div>\n<p style=\"text-align: center;\"><a href=\"\/produkt\/weisser-salbei-raeucherbuendel-aus-kalifornien-der-heimat-des-salvia-apiana\">Fagottino di incenso alla salvia bianca<\/a> |\u00a0<a href=\"\/produkt\/palo-santo\">Legno di incenso di Palo Santo<\/a><\/p>\n<p><img src=\"\/wp-content\/uploads\/2022\/07\/shop_palo_bg_05.jpg\" alt=\"\" \/><\/p>\n<div>\n<h3><\/h3>\n<h3>Puoi scoprire di pi\u00f9 su di noi su Instagram:<br \/>\n<a href=\"https:\/\/www.instagram.com\/suyana.spirit\/\">suyana.spirito<\/a><\/h3>\n<\/div>","protected":false},"excerpt":{"rendered":"<ul>\n<li><em>4 fasci di incenso alla salvia bianca e 15 legni di Palo Santo<\/em><\/li>\n<li><em>ideale per la pulizia e l&#039;armonizzazione energetica nei contesti rituali e nella vita di tutti i giorni<\/em><\/li>\n<li><em>forte sviluppo di fumo<\/em><\/li>\n<li><em>fragranza intensa e bilanciata a lunga durata con sfumature speciali<\/em><\/li>\n<li><em>effetto che apre il cuore con accenti individuali per ogni occasione<\/em><\/li>\n<li><em>Fonte esclusiva da varie regioni di coltivazione in tutto il mondo con un alto livello di fertilit\u00e0 e ricchezza<\/em><\/li>\n<li><em>Coltivato da piccoli agricoltori e aziende familiari locali<\/em><\/li>\n<li><em>elevati standard etici e trasparenza lungo tutta la filiera produttiva<\/em><\/li>\n<li><em>Commercio diretto equo e solidale e spedizione ecologica<\/em><\/li>\n<\/ul>","protected":false},"featured_media":572085,"comment_status":"closed","ping_status":"closed","template":"","meta":{"site-sidebar-layout":"default","site-content-layout":"","ast-site-content-layout":"default","site-content-style":"default","site-sidebar-style":"default","ast-global-header-display":"","ast-banner-title-visibility":"","ast-main-header-display":"","ast-hfb-above-header-display":"","ast-hfb-below-header-display":"","ast-hfb-mobile-header-display":"","site-post-title":"","ast-breadcrumbs-content":"","ast-featured-img":"","footer-sml-layout":"","ast-disable-related-posts":"","theme-transparent-header-meta":"default","adv-header-id-meta":"","stick-header-meta":"default","header-above-stick-meta":"","header-main-stick-meta":"","header-below-stick-meta":"","astra-migrate-meta-layouts":"set","ast-page-background-enabled":"default","ast-page-background-meta":{"desktop":{"background-color":"var(--ast-global-color-4)","background-image":"","background-repeat":"repeat","background-position":"center center","background-size":"auto","background-attachment":"scroll","background-type":"","background-media":"","overlay-type":"","overlay-color":"","overlay-opacity":"","overlay-gradient":""},"tablet":{"background-color":"","background-image":"","background-repeat":"repeat","background-position":"center center","background-size":"auto","background-attachment":"scroll","background-type":"","background-media":"","overlay-type":"","overlay-color":"","overlay-opacity":"","overlay-gradient":""},"mobile":{"background-color":"","background-image":"","background-repeat":"repeat","background-position":"center center","background-size":"auto","background-attachment":"scroll","background-type":"","background-media":"","overlay-type":"","overlay-color":"","overlay-opacity":"","overlay-gradient":""}},"ast-content-background-meta":{"desktop":{"background-color":"var(--ast-global-color-5)","background-image":"","background-repeat":"repeat","background-position":"center center","background-size":"auto","background-attachment":"scroll","background-type":"","background-media":"","overlay-type":"","overlay-color":"","overlay-opacity":"","overlay-gradient":""},"tablet":{"background-color":"var(--ast-global-color-5)","background-image":"","background-repeat":"repeat","background-position":"center center","background-size":"auto","background-attachment":"scroll","background-type":"","background-media":"","overlay-type":"","overlay-color":"","overlay-opacity":"","overlay-gradient":""},"mobile":{"background-color":"var(--ast-global-color-5)","background-image":"","background-repeat":"repeat","background-position":"center center","background-size":"auto","background-attachment":"scroll","background-type":"","background-media":"","overlay-type":"","overlay-color":"","overlay-opacity":"","overlay-gradient":""}}},"product_brand":[],"product_cat":[15,167,221,390],"product_tag":[],"class_list":{"0":"post-33976","1":"product","2":"type-product","3":"status-publish","4":"has-post-thumbnail","6":"product_cat-alle-produkte","7":"product_cat-raeucherwerk","8":"product_cat-bundles","9":"product_cat-weisser-salbei","10":"desktop-align-left","11":"tablet-align-left","12":"mobile-align-left","13":"ast-product-gallery-layout-horizontal-slider","14":"ast-product-tabs-layout-horizontal","16":"first","17":"instock","18":"taxable","19":"shipping-taxable","20":"purchasable","21":"product-type-simple"},"bundled_by":[],"bundle_stock_status":"instock","bundle_stock_quantity":22,"bundle_virtual":false,"bundle_layout":"","bundle_add_to_cart_form_location":"","bundle_editable_in_cart":false,"bundle_sold_individually_context":"","bundle_item_grouping":"","bundle_min_size":"","bundle_max_size":"","bundle_price":[],"bundled_items":[],"bundle_sell_ids":[],"yoast_head":"<!-- This site is optimized with the Yoast SEO Premium plugin v24.0 (Yoast SEO v26.9) - https:\/\/yoast.com\/product\/yoast-seo-premium-wordpress\/ -->\n<title>R\u00e4ucherwerk &#183; Suyanas R\u00e4ucherbundle &#183; Zeremonieller Kakao &amp; R\u00e4ucherwerk und spirituelle Tiefe | Suyana<\/title>\n<meta name=\"description\" content=\"In unserem Online-Shop findest du alles f\u00fcr deine Zeremonie &#183; Unser R\u00e4ucherwerk zeigt dir die Vielfalt und Besonderheiten der Welt des zeremoniellen.\" \/>\n<meta name=\"robots\" content=\"index, follow, max-snippet:-1, max-image-preview:large, max-video-preview:-1\" \/>\n<link rel=\"canonical\" href=\"https:\/\/suyana.shop\/it\/prodotto\/raeucherwerk-suyanas-raeucherbundle\" \/>\n<meta property=\"og:locale\" content=\"it_IT\" \/>\n<meta property=\"og:type\" content=\"article\" \/>\n<meta property=\"og:title\" content=\"Suyanas R\u00e4ucherbundle\" \/>\n<meta property=\"og:description\" content=\"In unserem Online-Shop findest du alles f\u00fcr deine Zeremonie &#183; Unser R\u00e4ucherwerk zeigt dir die Vielfalt und Besonderheiten der Welt des zeremoniellen.\" \/>\n<meta property=\"og:url\" content=\"https:\/\/suyana.shop\/it\/prodotto\/raeucherwerk-suyanas-raeucherbundle\" \/>\n<meta property=\"og:site_name\" content=\"Zeremonieller Kakao &amp; R\u00e4ucherwerk und spirituelle Tiefe | Suyana\" \/>\n<meta property=\"article:modified_time\" content=\"2026-04-04T16:25:59+00:00\" \/>\n<meta property=\"og:image\" content=\"https:\/\/suyana.shop\/wp-content\/uploads\/2023\/03\/DSC07678-scaled.jpg\" \/>\n\t<meta property=\"og:image:width\" content=\"2560\" \/>\n\t<meta property=\"og:image:height\" content=\"1707\" \/>\n\t<meta property=\"og:image:type\" content=\"image\/jpeg\" \/>\n<meta name=\"twitter:card\" content=\"summary_large_image\" \/>\n<meta name=\"twitter:label1\" content=\"Tempo di lettura stimato\" \/>\n\t<meta name=\"twitter:data1\" content=\"3 minuti\" \/>\n<script type=\"application\/ld+json\" class=\"yoast-schema-graph\">{\"@context\":\"https:\/\/schema.org\",\"@graph\":[{\"@type\":\"WebPage\",\"@id\":\"https:\/\/suyana.shop\/it\/prodotto\/raeucherwerk-suyanas-raeucherbundle\",\"url\":\"https:\/\/suyana.shop\/it\/prodotto\/raeucherwerk-suyanas-raeucherbundle\",\"name\":\"R\u00e4ucherwerk &#183; Suyanas R\u00e4ucherbundle &#183; Zeremonieller Kakao &amp; R\u00e4ucherwerk und spirituelle Tiefe | Suyana\",\"isPartOf\":{\"@id\":\"\/#website\"},\"primaryImageOfPage\":{\"@id\":\"https:\/\/suyana.shop\/it\/prodotto\/raeucherwerk-suyanas-raeucherbundle#primaryimage\"},\"image\":{\"@id\":\"https:\/\/suyana.shop\/it\/prodotto\/raeucherwerk-suyanas-raeucherbundle#primaryimage\"},\"thumbnailUrl\":\"https:\/\/suyana.shop\/wp-content\/uploads\/2023\/03\/DSC07678-scaled.jpg?wsr\",\"datePublished\":\"2023-03-02T14:59:07+00:00\",\"dateModified\":\"2026-04-04T16:25:59+00:00\",\"description\":\"In unserem Online-Shop findest du alles f\u00fcr deine Zeremonie &#183; Unser R\u00e4ucherwerk zeigt dir die Vielfalt und Besonderheiten der Welt des zeremoniellen.\",\"breadcrumb\":{\"@id\":\"https:\/\/suyana.shop\/it\/prodotto\/raeucherwerk-suyanas-raeucherbundle#breadcrumb\"},\"inLanguage\":\"it-IT\",\"potentialAction\":[{\"@type\":\"ReadAction\",\"target\":[\"https:\/\/suyana.shop\/it\/prodotto\/raeucherwerk-suyanas-raeucherbundle\"]}]},{\"@type\":\"ImageObject\",\"inLanguage\":\"it-IT\",\"@id\":\"https:\/\/suyana.shop\/it\/prodotto\/raeucherwerk-suyanas-raeucherbundle#primaryimage\",\"url\":\"https:\/\/suyana.shop\/wp-content\/uploads\/2023\/03\/DSC07678-scaled.jpg?wsr\",\"contentUrl\":\"https:\/\/suyana.shop\/wp-content\/uploads\/2023\/03\/DSC07678-scaled.jpg?wsr\",\"width\":2560,\"height\":1707},{\"@type\":\"BreadcrumbList\",\"@id\":\"https:\/\/suyana.shop\/it\/prodotto\/raeucherwerk-suyanas-raeucherbundle#breadcrumb\",\"itemListElement\":[{\"@type\":\"ListItem\",\"position\":1,\"name\":\"Startseite\",\"item\":\"https:\/\/suyana.shop\/it\/\"},{\"@type\":\"ListItem\",\"position\":2,\"name\":\"Suyanas R\u00e4ucherbundle\"}]},{\"@type\":\"WebSite\",\"@id\":\"\/#website\",\"url\":\"\/\",\"name\":\"Zeremonieller Kakao &amp; R\u00e4ucherwerk und spirituelle Tiefe | Suyana\",\"description\":\"Zeremonieller Kakao &amp; Kakaozeremonien\",\"publisher\":{\"@id\":\"\/#organization\"},\"potentialAction\":[{\"@type\":\"SearchAction\",\"target\":{\"@type\":\"EntryPoint\",\"urlTemplate\":\"\/?s={search_term_string}\"},\"query-input\":{\"@type\":\"PropertyValueSpecification\",\"valueRequired\":true,\"valueName\":\"search_term_string\"}}],\"inLanguage\":\"it-IT\"},{\"@type\":\"Organization\",\"@id\":\"\/#organization\",\"name\":\"Suyana\",\"url\":\"\/\",\"logo\":{\"@type\":\"ImageObject\",\"inLanguage\":\"it-IT\",\"@id\":\"\/#\/schema\/logo\/image\/\",\"url\":\"https:\/\/suyana.shop\/wp-content\/uploads\/2022\/05\/suyana-logo-brown-small.png\",\"contentUrl\":\"https:\/\/suyana.shop\/wp-content\/uploads\/2022\/05\/suyana-logo-brown-small.png\",\"width\":1387,\"height\":300,\"caption\":\"Suyana\"},\"image\":{\"@id\":\"\/#\/schema\/logo\/image\/\"},\"sameAs\":[\"https:\/\/instagram.com\/suyana.spirit\"]}]}<\/script>\n<!-- \/ Yoast SEO Premium plugin. -->","yoast_head_json":{"title":"Incenso - Pacchetto di incensi Suyana - Cacao e incenso cerimoniale e profondit\u00e0 spirituale | Suyana","description":"Nel nostro negozio online troverai tutto il necessario per la tua cerimonia. I nostri incensi ti mostrano la diversit\u00e0 e le particolarit\u00e0 del mondo del cerimoniale.","robots":{"index":"index","follow":"follow","max-snippet":"max-snippet:-1","max-image-preview":"max-image-preview:large","max-video-preview":"max-video-preview:-1"},"canonical":"https:\/\/suyana.shop\/it\/prodotto\/raeucherwerk-suyanas-raeucherbundle","og_locale":"it_IT","og_type":"article","og_title":"Suyanas R\u00e4ucherbundle","og_description":"In unserem Online-Shop findest du alles f\u00fcr deine Zeremonie &#183; Unser R\u00e4ucherwerk zeigt dir die Vielfalt und Besonderheiten der Welt des zeremoniellen.","og_url":"https:\/\/suyana.shop\/it\/prodotto\/raeucherwerk-suyanas-raeucherbundle","og_site_name":"Zeremonieller Kakao &amp; R\u00e4ucherwerk und spirituelle Tiefe | Suyana","article_modified_time":"2026-04-04T16:25:59+00:00","og_image":[{"width":2560,"height":1707,"url":"https:\/\/suyana.shop\/wp-content\/uploads\/2023\/03\/DSC07678-scaled.jpg","type":"image\/jpeg"}],"twitter_card":"summary_large_image","twitter_misc":{"Tempo di lettura stimato":"3 minuti"},"schema":{"@context":"https:\/\/schema.org","@graph":[{"@type":"WebPage","@id":"https:\/\/suyana.shop\/it\/prodotto\/raeucherwerk-suyanas-raeucherbundle","url":"https:\/\/suyana.shop\/it\/prodotto\/raeucherwerk-suyanas-raeucherbundle","name":"Incenso - Pacchetto di incensi Suyana - Cacao e incenso cerimoniale e profondit\u00e0 spirituale | Suyana","isPartOf":{"@id":"\/#website"},"primaryImageOfPage":{"@id":"https:\/\/suyana.shop\/it\/prodotto\/raeucherwerk-suyanas-raeucherbundle#primaryimage"},"image":{"@id":"https:\/\/suyana.shop\/it\/prodotto\/raeucherwerk-suyanas-raeucherbundle#primaryimage"},"thumbnailUrl":"https:\/\/suyana.shop\/wp-content\/uploads\/2023\/03\/DSC07678-scaled.jpg?wsr","datePublished":"2023-03-02T14:59:07+00:00","dateModified":"2026-04-04T16:25:59+00:00","description":"Nel nostro negozio online troverai tutto il necessario per la tua cerimonia. I nostri incensi ti mostrano la diversit\u00e0 e le particolarit\u00e0 del mondo del cerimoniale.","breadcrumb":{"@id":"https:\/\/suyana.shop\/it\/prodotto\/raeucherwerk-suyanas-raeucherbundle#breadcrumb"},"inLanguage":"it-IT","potentialAction":[{"@type":"ReadAction","target":["https:\/\/suyana.shop\/it\/prodotto\/raeucherwerk-suyanas-raeucherbundle"]}]},{"@type":"ImageObject","inLanguage":"it-IT","@id":"https:\/\/suyana.shop\/it\/prodotto\/raeucherwerk-suyanas-raeucherbundle#primaryimage","url":"https:\/\/suyana.shop\/wp-content\/uploads\/2023\/03\/DSC07678-scaled.jpg?wsr","contentUrl":"https:\/\/suyana.shop\/wp-content\/uploads\/2023\/03\/DSC07678-scaled.jpg?wsr","width":2560,"height":1707},{"@type":"BreadcrumbList","@id":"https:\/\/suyana.shop\/it\/prodotto\/raeucherwerk-suyanas-raeucherbundle#breadcrumb","itemListElement":[{"@type":"ListItem","position":1,"name":"Startseite","item":"https:\/\/suyana.shop\/it\/"},{"@type":"ListItem","position":2,"name":"Suyanas R\u00e4ucherbundle"}]},{"@type":"WebSite","@id":"\/#website","url":"\/","name":"Il cerimoniale di cacao e incenso, e la profondit\u00e0 spirituale | Suyana","description":"Il Cerimoniale Di Cacao E Cacao Cerimonie","publisher":{"@id":"\/#organization"},"potentialAction":[{"@type":"SearchAction","target":{"@type":"EntryPoint","urlTemplate":"\/?s={search_term_string}"},"query-input":{"@type":"PropertyValueSpecification","valueRequired":true,"valueName":"search_term_string"}}],"inLanguage":"it-IT"},{"@type":"Organization","@id":"\/#organization","name":"Suyana","url":"\/","logo":{"@type":"ImageObject","inLanguage":"it-IT","@id":"\/#\/schema\/logo\/image\/","url":"https:\/\/suyana.shop\/wp-content\/uploads\/2022\/05\/suyana-logo-brown-small.png","contentUrl":"https:\/\/suyana.shop\/wp-content\/uploads\/2022\/05\/suyana-logo-brown-small.png","width":1387,"height":300,"caption":"Suyana"},"image":{"@id":"\/#\/schema\/logo\/image\/"},"sameAs":["https:\/\/instagram.com\/suyana.spirit"]}]}},"_links":{"self":[{"href":"https:\/\/suyana.shop\/it\/wp-json\/wp\/v2\/product\/33976","targetHints":{"allow":["GET"]}}],"collection":[{"href":"https:\/\/suyana.shop\/it\/wp-json\/wp\/v2\/product"}],"about":[{"href":"https:\/\/suyana.shop\/it\/wp-json\/wp\/v2\/types\/product"}],"replies":[{"embeddable":true,"href":"https:\/\/suyana.shop\/it\/wp-json\/wp\/v2\/comments?post=33976"}],"version-history":[{"count":1,"href":"https:\/\/suyana.shop\/it\/wp-json\/wp\/v2\/product\/33976\/revisions"}],"predecessor-version":[{"id":576198,"href":"https:\/\/suyana.shop\/it\/wp-json\/wp\/v2\/product\/33976\/revisions\/576198"}],"wp:featuredmedia":[{"embeddable":true,"href":"https:\/\/suyana.shop\/it\/wp-json\/wp\/v2\/media\/572085"}],"wp:attachment":[{"href":"https:\/\/suyana.shop\/it\/wp-json\/wp\/v2\/media?parent=33976"}],"wp:term":[{"taxonomy":"product_brand","embeddable":true,"href":"https:\/\/suyana.shop\/it\/wp-json\/wp\/v2\/product_brand?post=33976"},{"taxonomy":"product_cat","embeddable":true,"href":"https:\/\/suyana.shop\/it\/wp-json\/wp\/v2\/product_cat?post=33976"},{"taxonomy":"product_tag","embeddable":true,"href":"https:\/\/suyana.shop\/it\/wp-json\/wp\/v2\/product_tag?post=33976"}],"curies":[{"name":"wp","href":"https:\/\/api.w.org\/{rel}","templated":true}]}}