{"id":33983,"date":"2023-03-03T13:36:23","date_gmt":"2023-03-03T12:36:23","guid":{"rendered":"https:\/\/suyana.shop\/?post_type=product&#038;p=33983"},"modified":"2025-11-27T14:36:31","modified_gmt":"2025-11-27T13:36:31","slug":"suyana-coupon","status":"publish","type":"product","link":"https:\/\/suyana.shop\/it\/produkt\/suyana-coupons-2","title":{"rendered":"<b>Buoni SUYANA<\/b>"},"content":{"rendered":"<h2>Ab sofort gibt es Suyana auch zu verschenken!<\/h2>\n<h2>Mit einem SUYANA COUPON verschenkst du quasi alles. Ob Klarheit, Fokus, innere St\u00e4rke, Selbstbewusstsein oder einfach nur Liebe.<\/h2>\n<div>\n<p>Auf der Suche nach einem passenden Geschenk? Du m\u00f6chtest jemandem eine Freude machen oder ihm einfach nur was Gutes tun?<\/p>\n<p>Anstatt f\u00fcr die andere Person zu entscheiden, lehn dich einfach zur\u00fcck, denn bei unserer Produktauswahl ist auf jeden Fall f\u00fcr jede(n) was dabei.<\/p>\n<p>Mit einem SUYANA COUPON verschenkst du quasi alles. Ob Klarheit, Fokus, innere St\u00e4rke, Selbstbewusstsein oder einfach nur Liebe.<br \/>\nEr verwandelt sich blitzschnell in alles, was das Herz begehrt, den Kopf befreit oder der Seele gut tut.<br \/>\nUnsere Pflanzen sind so vielseitig in ihren Wirkungen, dass dein Beschenkter\/deine Beschenkte sicher was f\u00fcr sich finden wird und mit einem Klick wird der Gutschein zu einem unvergesslichen Kakao-Fest mit Freunden, einer transformierenden Rap\u00e9-Session oder zum absoluten Energiebooster im Alltag.<\/p>\n<p>&nbsp;<\/p>\n<\/div>\n<p><img class=\"\" src=\"\/wp-content\/uploads\/2022\/07\/Zeichenfla%CC%88che-5100.svg\" alt=\"\" width=\"181\" height=\"25\" \/><\/p>\n<div>\n<p>Dieser Gutschein ist in unserem Onlineshop ( www.suyana.shop ) einl\u00f6sbar.<br \/>\nDer Gutschein wird innerhalb von maximal 48h nach Bezahlung postalisch und via Mail als PDF versendet.<br \/>\nAuf dem Gutschein steht ein Code der dann im Bestellprozess im Gutschein-Feld eingegeben werden kann.<br \/>\nPro Bestellung kann nur ein Gutschein angewandt werden.<br \/>\nMit einem Gutschein kannst du nur Artikel in unserem Online Shop kaufen.<br \/>\nWenn dein Gutscheinbetrag f\u00fcr deinen Einkauf nicht ausreicht, so kann der Restbetrag mit dem im Shop angebotenen Zahlungsmitteln beglichen werden.<br \/>\nG\u00fcltigkeit 3 Jahre nach Ausstellungsdatum.<\/p>\n<p>&nbsp;<\/p>\n<\/div>\n<h2>Entdecke unsere geliebten Suyana Bundles<!-- {\"type\":\"layout\",\"children\":[{\"type\":\"section\",\"props\":{\"image_position\":\"center-center\",\"padding\":\"large\",\"padding_remove_bottom\":true,\"padding_remove_top\":false,\"style\":\"default\",\"title_breakpoint\":\"xl\",\"title_position\":\"top-left\",\"title_rotation\":\"left\",\"vertical_align\":\"middle\",\"width\":\"large\"},\"children\":[{\"type\":\"row\",\"props\":{\"column_gap\":\"large\",\"divider\":false,\"layout\":\"1-5,4-5\",\"row_gap\":\"large\"},\"children\":[{\"type\":\"column\",\"props\":{\"image_position\":\"center-center\",\"position_sticky_breakpoint\":\"m\",\"width_medium\":\"1-5\"},\"children\":[{\"type\":\"image\",\"props\":{\"image\":\"wp-content\\\/uploads\\\/2022\\\/07\\\/icon_suyana.svg\",\"image_svg_color\":\"emphasis\",\"image_svg_inline\":true,\"image_width\":\"200\",\"margin\":\"default\",\"visibility\":\"m\"}}]},{\"type\":\"column\",\"props\":{\"image_position\":\"center-center\",\"position_sticky_breakpoint\":\"m\",\"vertical_align\":\"middle\",\"width_medium\":\"4-5\"},\"children\":[{\"type\":\"headline\",\"props\":{\"block_align_breakpoint\":\"m\",\"block_align_fallback\":\"center\",\"content\":\"Ab sofort gibt es Suyana auch zu verschenken!\",\"margin\":\"medium\",\"margin_remove_top\":false,\"text_align\":\"left\",\"text_align_breakpoint\":\"m\",\"text_align_fallback\":\"center\",\"title_element\":\"h2\",\"title_style\":\"heading-medium\"}}]}]}],\"name\":\"Intro\"},{\"type\":\"section\",\"props\":{\"image_position\":\"center-center\",\"padding_remove_bottom\":false,\"style\":\"default\",\"title_breakpoint\":\"xl\",\"title_position\":\"top-left\",\"title_rotation\":\"left\",\"vertical_align\":\"middle\",\"width\":\"large\"},\"children\":[{\"type\":\"row\",\"props\":{\"column_gap\":\"large\",\"layout\":\"2-5,3-5\",\"margin\":\"xlarge\",\"row_gap\":\"large\"},\"children\":[{\"type\":\"column\",\"props\":{\"image_position\":\"center-center\",\"position_sticky_breakpoint\":\"m\",\"width_medium\":\"2-5\"},\"children\":[{\"type\":\"woo_images\"}]},{\"type\":\"column\",\"props\":{\"image_position\":\"center-center\",\"padding\":\"none\",\"position_sticky_breakpoint\":\"m\",\"width_medium\":\"3-5\"},\"children\":[{\"type\":\"woo_title\"},{\"type\":\"woo_price\"},{\"type\":\"headline\",\"props\":{\"content\":\"Mit einem SUYANA COUPON verschenkst du quasi alles. Ob Klarheit, Fokus, innere St\\u00e4rke, Selbstbewusstsein oder einfach nur Liebe.\",\"margin\":\"default\",\"margin_remove_top\":false,\"maxwidth\":\"xlarge\",\"text_align\":\"left\",\"title_element\":\"h2\",\"title_style\":\"h3\"}},{\"type\":\"text\",\"props\":{\"block_align_fallback\":\"center\",\"column_breakpoint\":\"m\",\"content\":\"\n\nAuf der Suche nach einem passenden Geschenk? Du m\\u00f6chtest jemandem eine Freude machen oder ihm einfach nur was Gutes tun?<\\\/p>\\n\\n\n\nAnstatt f\\u00fcr die andere Person zu entscheiden, lehn dich einfach zur\\u00fcck, denn bei unserer Produktauswahl ist auf jeden Fall f\\u00fcr jede(n) was dabei.<\\\/p>\\n\\n\n\nMit einem SUYANA COUPON verschenkst du quasi alles. Ob Klarheit, Fokus, innere St\\u00e4rke, Selbstbewusstsein oder einfach nur Liebe. \\nEr verwandelt sich blitzschnell in alles, was das Herz begehrt, den Kopf befreit oder der Seele gut tut.\\nUnsere Pflanzen sind so vielseitig in ihren Wirkungen, dass dein Beschenkter\\\/deine Beschenkte sicher was f\\u00fcr sich finden wird und mit einem Klick wird der Gutschein zu einem unvergesslichen Kakao-Fest mit Freunden, einer  transformierenden Rap\\u00e9-Session oder zum absoluten Energiebooster im Alltag.<\\\/p>\\n\",\"margin\":\"medium\",\"margin_remove_top\":false,\"maxwidth\":\"xlarge\",\"text_align\":\"left\"}},{\"type\":\"woo_add_to_cart\",\"props\":{\"maxwidth\":\"xlarge\"}},{\"type\":\"woo_meta\"}]}]},{\"type\":\"row\",\"children\":[{\"type\":\"column\",\"props\":{\"image_position\":\"center-center\",\"position_sticky_breakpoint\":\"m\"},\"children\":[{\"type\":\"image\",\"props\":{\"image\":\"wp-content\\\/uploads\\\/2022\\\/07\\\/Zeichenfla\\u0308che-5100.svg\",\"image_svg_color\":\"secondary\",\"image_svg_inline\":true,\"image_width\":\"200\",\"margin\":\"medium\",\"text_align\":\"center\"}},{\"type\":\"text\",\"props\":{\"block_align\":\"center\",\"column_breakpoint\":\"m\",\"content\":\"\n\nDieser Gutschein ist in unserem Onlineshop ( www.suyana.shop ) einl\\u00f6sbar. <br \\\/>Der Gutschein wird innerhalb von maximal 48h nach Bezahlung postalisch und via Mail als PDF versendet. <br \\\/>Auf dem Gutschein steht ein Code der dann im Bestellprozess im Gutschein-Feld eingegeben werden kann. <br \\\/>Pro Bestellung kann nur ein Gutschein angewandt werden. <br \\\/>Mit einem Gutschein kannst du nur Artikel in unserem Online Shop kaufen. <br \\\/>Wenn dein Gutscheinbetrag f\\u00fcr deinen Einkauf nicht ausreicht, so kann der Restbetrag mit dem im Shop angebotenen Zahlungsmitteln beglichen werden. <br \\\/>G\\u00fcltigkeit 3 Jahre nach Ausstellungsdatum.<\\\/p>\",\"margin\":\"default\",\"text_align\":\"center\",\"text_color\":\"emphasis\",\"text_style\":\"meta\"}}]}]}],\"name\":\"Produkt\"},{\"type\":\"section\",\"props\":{\"image_position\":\"center-center\",\"padding\":\"large\",\"style\":\"primary\",\"title_breakpoint\":\"xl\",\"title_position\":\"top-left\",\"title_rotation\":\"left\",\"vertical_align\":\"middle\",\"width\":\"xlarge\"},\"children\":[{\"type\":\"row\",\"children\":[{\"type\":\"column\",\"props\":{\"image_position\":\"center-center\",\"position_sticky_breakpoint\":\"m\",\"width_medium\":\"1-1\"},\"children\":[{\"type\":\"headline\",\"props\":{\"content\":\"Entdecke unsere geliebten Suyana Bundles\",\"margin\":\"large\",\"text_align\":\"center\",\"title_element\":\"h2\",\"title_style\":\"h2\"}},{\"type\":\"woo_products\",\"props\":{\"cat_operator\":\"IN\",\"category\":\"suyana-bundles\",\"columns\":4,\"limit\":4,\"order\":\"desc\",\"orderby\":\"date\",\"paginate\":\"false\",\"product_visibility\":\"visible\",\"show_count\":true,\"show_ordering\":true,\"show_rating\":false,\"show_title\":true,\"tag_operator\":\"IN\",\"terms_operator\":\"IN\",\"type\":\"products\"}}]}]}],\"name\":\"Lieblingsprodukte\"}],\"version\":\"4.0.8\"} --><\/h2>\n","protected":false},"excerpt":{"rendered":"<ul>\n<li>Cerchi un regalo adatto? Vuoi rendere felice qualcuno o semplicemente fare qualcosa di buono per lui?<\/li>\n<li>Da oggi Suyana \u00e8 disponibile anche in regalo!<\/li>\n<\/ul>","protected":false},"featured_media":63959,"comment_status":"closed","ping_status":"closed","template":"","meta":{"site-sidebar-layout":"default","site-content-layout":"","ast-site-content-layout":"default","site-content-style":"default","site-sidebar-style":"default","ast-global-header-display":"","ast-banner-title-visibility":"","ast-main-header-display":"","ast-hfb-above-header-display":"","ast-hfb-below-header-display":"","ast-hfb-mobile-header-display":"","site-post-title":"","ast-breadcrumbs-content":"","ast-featured-img":"","footer-sml-layout":"","ast-disable-related-posts":"","theme-transparent-header-meta":"default","adv-header-id-meta":"","stick-header-meta":"default","header-above-stick-meta":"","header-main-stick-meta":"","header-below-stick-meta":"","astra-migrate-meta-layouts":"set","ast-page-background-enabled":"default","ast-page-background-meta":{"desktop":{"background-color":"var(--ast-global-color-4)","background-image":"","background-repeat":"repeat","background-position":"center center","background-size":"auto","background-attachment":"scroll","background-type":"","background-media":"","overlay-type":"","overlay-color":"","overlay-opacity":"","overlay-gradient":""},"tablet":{"background-color":"","background-image":"","background-repeat":"repeat","background-position":"center center","background-size":"auto","background-attachment":"scroll","background-type":"","background-media":"","overlay-type":"","overlay-color":"","overlay-opacity":"","overlay-gradient":""},"mobile":{"background-color":"","background-image":"","background-repeat":"repeat","background-position":"center center","background-size":"auto","background-attachment":"scroll","background-type":"","background-media":"","overlay-type":"","overlay-color":"","overlay-opacity":"","overlay-gradient":""}},"ast-content-background-meta":{"desktop":{"background-color":"var(--ast-global-color-5)","background-image":"","background-repeat":"repeat","background-position":"center center","background-size":"auto","background-attachment":"scroll","background-type":"","background-media":"","overlay-type":"","overlay-color":"","overlay-opacity":"","overlay-gradient":""},"tablet":{"background-color":"var(--ast-global-color-5)","background-image":"","background-repeat":"repeat","background-position":"center center","background-size":"auto","background-attachment":"scroll","background-type":"","background-media":"","overlay-type":"","overlay-color":"","overlay-opacity":"","overlay-gradient":""},"mobile":{"background-color":"var(--ast-global-color-5)","background-image":"","background-repeat":"repeat","background-position":"center center","background-size":"auto","background-attachment":"scroll","background-type":"","background-media":"","overlay-type":"","overlay-color":"","overlay-opacity":"","overlay-gradient":""}}},"product_brand":[],"product_cat":[15,271],"product_tag":[],"class_list":{"0":"post-33983","1":"product","2":"type-product","3":"status-publish","4":"has-post-thumbnail","6":"product_cat-alle-produkte","7":"product_cat-zubehoer","8":"desktop-align-left","9":"tablet-align-left","10":"mobile-align-left","11":"ast-product-gallery-layout-horizontal-slider","12":"ast-product-gallery-with-no-image","13":"ast-product-single-variable","14":"ast-product-tabs-layout-horizontal","16":"first","17":"instock","18":"taxable","19":"shipping-taxable","20":"purchasable","21":"product-type-variable"},"bundled_by":[],"bundle_stock_status":"instock","bundle_stock_quantity":null,"bundle_virtual":false,"bundle_layout":"","bundle_add_to_cart_form_location":"","bundle_editable_in_cart":false,"bundle_sold_individually_context":"","bundle_item_grouping":"","bundle_min_size":"","bundle_max_size":"","bundle_price":[],"bundled_items":[],"bundle_sell_ids":[],"yoast_head":"<!-- This site is optimized with the Yoast SEO Premium plugin v24.0 (Yoast SEO v26.9) - https:\/\/yoast.com\/product\/yoast-seo-premium-wordpress\/ -->\n<title>Zeremonieller Kakao &amp; R\u00e4ucherwerk und spirituelle Tiefe | Suyana &#183; SUYANA Coupons<\/title>\n<meta name=\"description\" content=\"In unserem Online-Shop findest du alles f\u00fcr deine Zeremonie &#183; Lass dich mitnehmen auf eine Reise in die Welt des zeremoniellen Suyana Kakaos.\" \/>\n<meta name=\"robots\" content=\"index, follow, max-snippet:-1, max-image-preview:large, max-video-preview:-1\" \/>\n<link rel=\"canonical\" href=\"https:\/\/suyana.shop\/it\/prodotto\/suyana-coupon\/\" \/>\n<meta property=\"og:locale\" content=\"it_IT\" \/>\n<meta property=\"og:type\" content=\"article\" \/>\n<meta property=\"og:title\" content=\"SUYANA Coupons\" \/>\n<meta property=\"og:description\" content=\"In unserem Online-Shop findest du alles f\u00fcr deine Zeremonie &#183; Lass dich mitnehmen auf eine Reise in die Welt des zeremoniellen Suyana Kakaos.\" \/>\n<meta property=\"og:url\" content=\"https:\/\/suyana.shop\/it\/prodotto\/suyana-coupon\/\" \/>\n<meta property=\"og:site_name\" content=\"Zeremonieller Kakao &amp; R\u00e4ucherwerk und spirituelle Tiefe | Suyana\" \/>\n<meta property=\"article:modified_time\" content=\"2025-11-27T13:36:31+00:00\" \/>\n<meta property=\"og:image\" content=\"https:\/\/suyana.shop\/wp-content\/uploads\/2024\/10\/home_intro_suyana_02-eee91f41.webp\" \/>\n\t<meta property=\"og:image:width\" content=\"1060\" \/>\n\t<meta property=\"og:image:height\" content=\"1400\" \/>\n\t<meta property=\"og:image:type\" content=\"image\/webp\" \/>\n<meta name=\"twitter:card\" content=\"summary_large_image\" \/>\n<meta name=\"twitter:label1\" content=\"Tempo di lettura stimato\" \/>\n\t<meta name=\"twitter:data1\" content=\"2 minuti\" \/>\n<script type=\"application\/ld+json\" class=\"yoast-schema-graph\">{\"@context\":\"https:\/\/schema.org\",\"@graph\":[{\"@type\":\"WebPage\",\"@id\":\"https:\/\/suyana.shop\/produkt\/suyana-coupons-2\",\"url\":\"https:\/\/suyana.shop\/produkt\/suyana-coupons-2\",\"name\":\"Zeremonieller Kakao &amp; R\u00e4ucherwerk und spirituelle Tiefe | Suyana &#183; SUYANA Coupons\",\"isPartOf\":{\"@id\":\"\/#website\"},\"primaryImageOfPage\":{\"@id\":\"https:\/\/suyana.shop\/produkt\/suyana-coupons-2#primaryimage\"},\"image\":{\"@id\":\"https:\/\/suyana.shop\/produkt\/suyana-coupons-2#primaryimage\"},\"thumbnailUrl\":\"https:\/\/suyana.shop\/wp-content\/uploads\/2024\/10\/home_intro_suyana_02-eee91f41.webp?wsr\",\"datePublished\":\"2023-03-03T12:36:23+00:00\",\"dateModified\":\"2025-11-27T13:36:31+00:00\",\"description\":\"In unserem Online-Shop findest du alles f\u00fcr deine Zeremonie &#183; Lass dich mitnehmen auf eine Reise in die Welt des zeremoniellen Suyana Kakaos.\",\"breadcrumb\":{\"@id\":\"https:\/\/suyana.shop\/produkt\/suyana-coupons-2#breadcrumb\"},\"inLanguage\":\"it-IT\",\"potentialAction\":[{\"@type\":\"ReadAction\",\"target\":[\"https:\/\/suyana.shop\/produkt\/suyana-coupons-2\"]}]},{\"@type\":\"ImageObject\",\"inLanguage\":\"it-IT\",\"@id\":\"https:\/\/suyana.shop\/produkt\/suyana-coupons-2#primaryimage\",\"url\":\"https:\/\/suyana.shop\/wp-content\/uploads\/2024\/10\/home_intro_suyana_02-eee91f41.webp?wsr\",\"contentUrl\":\"https:\/\/suyana.shop\/wp-content\/uploads\/2024\/10\/home_intro_suyana_02-eee91f41.webp?wsr\",\"width\":1060,\"height\":1400},{\"@type\":\"BreadcrumbList\",\"@id\":\"https:\/\/suyana.shop\/produkt\/suyana-coupons-2#breadcrumb\",\"itemListElement\":[{\"@type\":\"ListItem\",\"position\":1,\"name\":\"Startseite\",\"item\":\"https:\/\/suyana.shop\/\"},{\"@type\":\"ListItem\",\"position\":2,\"name\":\"SUYANA Coupons\"}]},{\"@type\":\"WebSite\",\"@id\":\"\/#website\",\"url\":\"\/\",\"name\":\"Zeremonieller Kakao &amp; R\u00e4ucherwerk und spirituelle Tiefe | Suyana\",\"description\":\"Zeremonieller Kakao &amp; Kakaozeremonien\",\"publisher\":{\"@id\":\"\/#organization\"},\"potentialAction\":[{\"@type\":\"SearchAction\",\"target\":{\"@type\":\"EntryPoint\",\"urlTemplate\":\"\/?s={search_term_string}\"},\"query-input\":{\"@type\":\"PropertyValueSpecification\",\"valueRequired\":true,\"valueName\":\"search_term_string\"}}],\"inLanguage\":\"it-IT\"},{\"@type\":\"Organization\",\"@id\":\"\/#organization\",\"name\":\"Suyana\",\"url\":\"\/\",\"logo\":{\"@type\":\"ImageObject\",\"inLanguage\":\"it-IT\",\"@id\":\"\/#\/schema\/logo\/image\/\",\"url\":\"https:\/\/suyana.shop\/wp-content\/uploads\/2022\/05\/suyana-logo-brown-small.png\",\"contentUrl\":\"https:\/\/suyana.shop\/wp-content\/uploads\/2022\/05\/suyana-logo-brown-small.png\",\"width\":1387,\"height\":300,\"caption\":\"Suyana\"},\"image\":{\"@id\":\"\/#\/schema\/logo\/image\/\"},\"sameAs\":[\"https:\/\/instagram.com\/suyana.spirit\"]}]}<\/script>\n<!-- \/ Yoast SEO Premium plugin. -->","yoast_head_json":{"title":"Cacao e incenso per cerimonie e profondit\u00e0 spirituale | Suyana - Coupon SUYANA","description":"Nel nostro shop online troverai tutto il necessario per la tua cerimonia \u00b7 Lasciati condurre in un viaggio nel mondo del cacao cerimoniale Suyana.","robots":{"index":"index","follow":"follow","max-snippet":"max-snippet:-1","max-image-preview":"max-image-preview:large","max-video-preview":"max-video-preview:-1"},"canonical":"https:\/\/suyana.shop\/it\/prodotto\/suyana-coupon\/","og_locale":"it_IT","og_type":"article","og_title":"SUYANA Coupons","og_description":"In unserem Online-Shop findest du alles f\u00fcr deine Zeremonie &#183; Lass dich mitnehmen auf eine Reise in die Welt des zeremoniellen Suyana Kakaos.","og_url":"https:\/\/suyana.shop\/it\/prodotto\/suyana-coupon\/","og_site_name":"Zeremonieller Kakao &amp; R\u00e4ucherwerk und spirituelle Tiefe | Suyana","article_modified_time":"2025-11-27T13:36:31+00:00","og_image":[{"width":1060,"height":1400,"url":"https:\/\/suyana.shop\/wp-content\/uploads\/2024\/10\/home_intro_suyana_02-eee91f41.webp","type":"image\/webp"}],"twitter_card":"summary_large_image","twitter_misc":{"Tempo di lettura stimato":"2 minuti"},"schema":{"@context":"https:\/\/schema.org","@graph":[{"@type":"WebPage","@id":"https:\/\/suyana.shop\/produkt\/suyana-coupons-2","url":"https:\/\/suyana.shop\/produkt\/suyana-coupons-2","name":"Cacao e incenso per cerimonie e profondit\u00e0 spirituale | Suyana - Coupon SUYANA","isPartOf":{"@id":"\/#website"},"primaryImageOfPage":{"@id":"https:\/\/suyana.shop\/produkt\/suyana-coupons-2#primaryimage"},"image":{"@id":"https:\/\/suyana.shop\/produkt\/suyana-coupons-2#primaryimage"},"thumbnailUrl":"https:\/\/suyana.shop\/wp-content\/uploads\/2024\/10\/home_intro_suyana_02-eee91f41.webp?wsr","datePublished":"2023-03-03T12:36:23+00:00","dateModified":"2025-11-27T13:36:31+00:00","description":"Nel nostro shop online troverai tutto il necessario per la tua cerimonia \u00b7 Lasciati condurre in un viaggio nel mondo del cacao cerimoniale Suyana.","breadcrumb":{"@id":"https:\/\/suyana.shop\/produkt\/suyana-coupons-2#breadcrumb"},"inLanguage":"it-IT","potentialAction":[{"@type":"ReadAction","target":["https:\/\/suyana.shop\/produkt\/suyana-coupons-2"]}]},{"@type":"ImageObject","inLanguage":"it-IT","@id":"https:\/\/suyana.shop\/produkt\/suyana-coupons-2#primaryimage","url":"https:\/\/suyana.shop\/wp-content\/uploads\/2024\/10\/home_intro_suyana_02-eee91f41.webp?wsr","contentUrl":"https:\/\/suyana.shop\/wp-content\/uploads\/2024\/10\/home_intro_suyana_02-eee91f41.webp?wsr","width":1060,"height":1400},{"@type":"BreadcrumbList","@id":"https:\/\/suyana.shop\/produkt\/suyana-coupons-2#breadcrumb","itemListElement":[{"@type":"ListItem","position":1,"name":"Startseite","item":"https:\/\/suyana.shop\/"},{"@type":"ListItem","position":2,"name":"SUYANA Coupons"}]},{"@type":"WebSite","@id":"\/#website","url":"\/","name":"Il cerimoniale di cacao e incenso, e la profondit\u00e0 spirituale | Suyana","description":"Il Cerimoniale Di Cacao E Cacao Cerimonie","publisher":{"@id":"\/#organization"},"potentialAction":[{"@type":"SearchAction","target":{"@type":"EntryPoint","urlTemplate":"\/?s={search_term_string}"},"query-input":{"@type":"PropertyValueSpecification","valueRequired":true,"valueName":"search_term_string"}}],"inLanguage":"it-IT"},{"@type":"Organization","@id":"\/#organization","name":"Suyana","url":"\/","logo":{"@type":"ImageObject","inLanguage":"it-IT","@id":"\/#\/schema\/logo\/image\/","url":"https:\/\/suyana.shop\/wp-content\/uploads\/2022\/05\/suyana-logo-brown-small.png","contentUrl":"https:\/\/suyana.shop\/wp-content\/uploads\/2022\/05\/suyana-logo-brown-small.png","width":1387,"height":300,"caption":"Suyana"},"image":{"@id":"\/#\/schema\/logo\/image\/"},"sameAs":["https:\/\/instagram.com\/suyana.spirit"]}]}},"_links":{"self":[{"href":"https:\/\/suyana.shop\/it\/wp-json\/wp\/v2\/product\/33983","targetHints":{"allow":["GET"]}}],"collection":[{"href":"https:\/\/suyana.shop\/it\/wp-json\/wp\/v2\/product"}],"about":[{"href":"https:\/\/suyana.shop\/it\/wp-json\/wp\/v2\/types\/product"}],"replies":[{"embeddable":true,"href":"https:\/\/suyana.shop\/it\/wp-json\/wp\/v2\/comments?post=33983"}],"version-history":[{"count":0,"href":"https:\/\/suyana.shop\/it\/wp-json\/wp\/v2\/product\/33983\/revisions"}],"wp:featuredmedia":[{"embeddable":true,"href":"https:\/\/suyana.shop\/it\/wp-json\/wp\/v2\/media\/63959"}],"wp:attachment":[{"href":"https:\/\/suyana.shop\/it\/wp-json\/wp\/v2\/media?parent=33983"}],"wp:term":[{"taxonomy":"product_brand","embeddable":true,"href":"https:\/\/suyana.shop\/it\/wp-json\/wp\/v2\/product_brand?post=33983"},{"taxonomy":"product_cat","embeddable":true,"href":"https:\/\/suyana.shop\/it\/wp-json\/wp\/v2\/product_cat?post=33983"},{"taxonomy":"product_tag","embeddable":true,"href":"https:\/\/suyana.shop\/it\/wp-json\/wp\/v2\/product_tag?post=33983"}],"curies":[{"name":"wp","href":"https:\/\/api.w.org\/{rel}","templated":true}]}}