{"id":34465,"date":"2023-05-23T11:42:32","date_gmt":"2023-05-23T10:42:32","guid":{"rendered":"https:\/\/suyana.shop\/?post_type=product&#038;p=34465"},"modified":"2026-04-07T17:41:51","modified_gmt":"2026-04-07T16:41:51","slug":"fave-tonka-biologiche","status":"publish","type":"product","link":"https:\/\/suyana.shop\/it\/produkt\/bio-tonkabohnen","title":{"rendered":"<b>Fave Tonka macinate biologiche<\/b> Collezione selvaggia dal Brasile"},"content":{"rendered":"<div data-elementor-type=\"product-post\" data-elementor-id=\"34465\" class=\"elementor elementor-34465\" data-elementor-post-type=\"product\">\n\t\t\t\t\t\t<section class=\"elementor-section elementor-top-section elementor-element elementor-element-c20d2f5 elementor-section-boxed elementor-section-height-default elementor-section-height-default\" data-id=\"c20d2f5\" data-element_type=\"section\" data-e-type=\"section\">\n\t\t\t\t\t\t<div class=\"elementor-container elementor-column-gap-default\">\n\t\t\t\t\t<div class=\"elementor-column elementor-col-100 elementor-top-column elementor-element elementor-element-46724d9b\" data-id=\"46724d9b\" data-element_type=\"column\" data-e-type=\"column\">\n\t\t\t<div class=\"elementor-widget-wrap elementor-element-populated\">\n\t\t\t\t\t\t<div class=\"elementor-element elementor-element-4c7df72a elementor-widget elementor-widget-text-editor\" data-id=\"4c7df72a\" data-element_type=\"widget\" data-e-type=\"widget\" data-widget_type=\"text-editor.default\">\n\t\t\t\t<div class=\"elementor-widget-container\">\n\t\t\t\t\t\t\t\t\t<p><img class=\"aligncenter\" src=\"\/wp-content\/uploads\/2022\/07\/Zeichenfla%CC%88che-5100.svg\" alt=\"\" width=\"181\" height=\"25\" \/><\/p><h2 style=\"text-align: center;\">Fave Tonka biologiche<\/h2><h4 style=\"text-align: center;\">Nel tuo cacao cerimoniale, le fave tonka rivelano tutto il loro amore e la loro energia<\/h4><div><p>\u00a0<\/p><p style=\"text-align: center;\">Benvenuti nel magico mondo delle fave tonka biologiche di Suyana! Questi piccoli tesori amorevoli del Brasile, gi\u00e0 macinati per te, sono un vero tesoro per i nostri sensi. Lascia che ti raccontiamo la loro magia e i benefici per il tuo cacao cerimoniale.<\/p><p style=\"text-align: center;\">Le nostre fave tonka biologiche provengono dalle soleggiate regioni del Brasile, dove crescono con amorevole cura e rispetto per la natura. Ogni chicco viene raccolto con cura, essiccato e macinato in una polvere fine per garantire che i suoi sapori e la sua magia vengano conservati.<\/p><p style=\"text-align: center;\">Nel tuo cacao cerimoniale, le fave tonka rivelano tutto il loro amore e la loro energia. Quando aprirai la confezione, il tuo cuore si riempir\u00e0 di un profumo meraviglioso che ti trasporter\u00e0 in un mondo di sensualit\u00e0. Le fave tonka macinate aggiungono un sapore unico al tuo cacao. Il suo carattere speziato \u00e8 accompagnato da una delicata sfumatura vanigliata e mandorlata. Ogni sorso diventa una tenera lettera d&#039;amore per i tuoi sensi.<\/p><p style=\"text-align: center;\">Come Suyana, per noi \u00e8 importante offrire prodotti sostenibili e di alta qualit\u00e0. Le nostre fave tonka biologiche provenienti dal Brasile sono un simbolo della diversit\u00e0 e dei preziosi doni della natura. Manteniamo strette collaborazioni con gli agricoltori locali e sosteniamo un\u2019agricoltura equa ed ecologicamente responsabile.<\/p><p style=\"text-align: center;\">Immergiti nell&#039;amorevole mondo delle fave tonka biologiche e goditi il gusto unico che donano al tuo cacao cerimoniale. Senti l&#039;amore e la cura che mettiamo in ogni singolo prodotto e lasciati incantare dalla magia delle fave tonka. Suyana ti accompagna nel tuo viaggio culinario verso il divertimento e l&#039;armonia.<\/p><p style=\"text-align: center;\"><em>Suggerimento<\/em>La fava tonka \u00e8 una spezia naturale eccezionalmente aromatica - ma proprio a causa dei suoi ingredienti intensivi, dovrebbe essere evitata durante la gravidanza e l'allattamento.\u00a0<\/p><\/div><div><p>\u00a0<\/p><\/div><p><img src=\"\/wp-content\/uploads\/2023\/05\/shop_tonkabohne_bg.jpg\" alt=\"\" \/><\/p>\t\t\t\t\t\t\t\t<\/div>\n\t\t\t\t<\/div>\n\t\t\t\t\t<\/div>\n\t\t<\/div>\n\t\t\t\t\t<\/div>\n\t\t<\/section>\n\t\t\t\t<\/div>","protected":false},"excerpt":{"rendered":"<ul>\n<li><em>Fave tonka biologiche raccolte in Brasile<\/em><\/li>\n<li><em>Profumo inebriante e gusto unico con note speziate, vanigliate e mandorlate<\/em><\/li>\n<li><em>Dona al tuo cacao cerimoniale un tocco speciale e magico<\/em><\/li>\n<li><em>Coltivato in modo sostenibile ed ecologicamente responsabile per preservare la natura e il gusto<\/em><\/li>\n<\/ul>","protected":false},"featured_media":568625,"comment_status":"closed","ping_status":"closed","template":"","meta":{"site-sidebar-layout":"default","site-content-layout":"","ast-site-content-layout":"default","site-content-style":"default","site-sidebar-style":"default","ast-global-header-display":"","ast-banner-title-visibility":"","ast-main-header-display":"","ast-hfb-above-header-display":"","ast-hfb-below-header-display":"","ast-hfb-mobile-header-display":"","site-post-title":"","ast-breadcrumbs-content":"","ast-featured-img":"","footer-sml-layout":"","ast-disable-related-posts":"","theme-transparent-header-meta":"default","adv-header-id-meta":"","stick-header-meta":"default","header-above-stick-meta":"","header-main-stick-meta":"","header-below-stick-meta":"","astra-migrate-meta-layouts":"set","ast-page-background-enabled":"default","ast-page-background-meta":{"desktop":{"background-color":"var(--ast-global-color-4)","background-image":"","background-repeat":"repeat","background-position":"center center","background-size":"auto","background-attachment":"scroll","background-type":"","background-media":"","overlay-type":"","overlay-color":"","overlay-opacity":"","overlay-gradient":""},"tablet":{"background-color":"","background-image":"","background-repeat":"repeat","background-position":"center center","background-size":"auto","background-attachment":"scroll","background-type":"","background-media":"","overlay-type":"","overlay-color":"","overlay-opacity":"","overlay-gradient":""},"mobile":{"background-color":"","background-image":"","background-repeat":"repeat","background-position":"center center","background-size":"auto","background-attachment":"scroll","background-type":"","background-media":"","overlay-type":"","overlay-color":"","overlay-opacity":"","overlay-gradient":""}},"ast-content-background-meta":{"desktop":{"background-color":"var(--ast-global-color-5)","background-image":"","background-repeat":"repeat","background-position":"center center","background-size":"auto","background-attachment":"scroll","background-type":"","background-media":"","overlay-type":"","overlay-color":"","overlay-opacity":"","overlay-gradient":""},"tablet":{"background-color":"var(--ast-global-color-5)","background-image":"","background-repeat":"repeat","background-position":"center center","background-size":"auto","background-attachment":"scroll","background-type":"","background-media":"","overlay-type":"","overlay-color":"","overlay-opacity":"","overlay-gradient":""},"mobile":{"background-color":"var(--ast-global-color-5)","background-image":"","background-repeat":"repeat","background-position":"center center","background-size":"auto","background-attachment":"scroll","background-type":"","background-media":"","overlay-type":"","overlay-color":"","overlay-opacity":"","overlay-gradient":""}}},"product_brand":[],"product_cat":[15,187],"product_tag":[],"class_list":{"0":"post-34465","1":"product","2":"type-product","3":"status-publish","4":"has-post-thumbnail","6":"product_cat-alle-produkte","7":"product_cat-gewuerze","8":"desktop-align-left","9":"tablet-align-left","10":"mobile-align-left","11":"ast-product-gallery-layout-horizontal-slider","12":"ast-product-single-variable","13":"ast-product-tabs-layout-horizontal","15":"first","16":"instock","17":"taxable","18":"shipping-taxable","19":"purchasable","20":"product-type-variable"},"bundled_by":["574675"],"bundle_stock_status":"instock","bundle_stock_quantity":null,"bundle_virtual":false,"bundle_layout":"","bundle_add_to_cart_form_location":"","bundle_editable_in_cart":false,"bundle_sold_individually_context":"","bundle_item_grouping":"","bundle_min_size":"","bundle_max_size":"","bundle_price":[],"bundled_items":[],"bundle_sell_ids":[],"yoast_head":"<!-- This site is optimized with the Yoast SEO Premium plugin v24.0 (Yoast SEO v26.9) - https:\/\/yoast.com\/product\/yoast-seo-premium-wordpress\/ -->\n<title>Bio Tonkabohnen &#183; Zeremonieller Kakao &amp; R\u00e4ucherwerk und spirituelle Tiefe | Suyana<\/title>\n<meta name=\"description\" content=\"In unserem Online-Shop findest du alles f\u00fcr deine Zeremonie &#183; Unsere Bio Tonkabohnen erg\u00e4nzen deinen zeremoniellen Kakao mit einem au\u00dfergew\u00f6hnlichem Aroma.\" \/>\n<meta name=\"robots\" content=\"index, follow, max-snippet:-1, max-image-preview:large, max-video-preview:-1\" \/>\n<link rel=\"canonical\" href=\"https:\/\/suyana.shop\/it\/prodotto\/fave-tonka-biologiche\/\" \/>\n<meta property=\"og:locale\" content=\"it_IT\" \/>\n<meta property=\"og:type\" content=\"article\" \/>\n<meta property=\"og:title\" content=\"Bio Tonkabohnen gemahlen Wildsammlung aus Brasilien\" \/>\n<meta property=\"og:description\" content=\"In unserem Online-Shop findest du alles f\u00fcr deine Zeremonie &#183; Unsere Bio Tonkabohnen erg\u00e4nzen deinen zeremoniellen Kakao mit einem au\u00dfergew\u00f6hnlichem Aroma.\" \/>\n<meta property=\"og:url\" content=\"https:\/\/suyana.shop\/it\/prodotto\/fave-tonka-biologiche\/\" \/>\n<meta property=\"og:site_name\" content=\"Zeremonieller Kakao &amp; R\u00e4ucherwerk und spirituelle Tiefe | Suyana\" \/>\n<meta property=\"article:modified_time\" content=\"2026-04-07T16:41:51+00:00\" \/>\n<meta property=\"og:image\" content=\"https:\/\/suyana.shop\/wp-content\/uploads\/2023\/05\/Suyana-x-Elimba-DSC00363-Bearbeitet-scaled-e1744114716376.jpg\" \/>\n\t<meta property=\"og:image:width\" content=\"2266\" \/>\n\t<meta property=\"og:image:height\" content=\"1510\" \/>\n\t<meta property=\"og:image:type\" content=\"image\/jpeg\" \/>\n<meta name=\"twitter:card\" content=\"summary_large_image\" \/>\n<meta name=\"twitter:label1\" content=\"Tempo di lettura stimato\" \/>\n\t<meta name=\"twitter:data1\" content=\"3 minuti\" \/>\n<script type=\"application\/ld+json\" class=\"yoast-schema-graph\">{\"@context\":\"https:\/\/schema.org\",\"@graph\":[{\"@type\":\"WebPage\",\"@id\":\"https:\/\/suyana.shop\/fr\/produit\/feves-tonka-bio\",\"url\":\"https:\/\/suyana.shop\/fr\/produit\/feves-tonka-bio\",\"name\":\"Bio Tonkabohnen &#183; Zeremonieller Kakao &amp; R\u00e4ucherwerk und spirituelle Tiefe | Suyana\",\"isPartOf\":{\"@id\":\"\/#website\"},\"primaryImageOfPage\":{\"@id\":\"https:\/\/suyana.shop\/fr\/produit\/feves-tonka-bio#primaryimage\"},\"image\":{\"@id\":\"https:\/\/suyana.shop\/fr\/produit\/feves-tonka-bio#primaryimage\"},\"thumbnailUrl\":\"https:\/\/suyana.shop\/wp-content\/uploads\/2023\/05\/Suyana-x-Elimba-DSC00363-Bearbeitet-scaled-e1744114716376.jpg?wsr\",\"datePublished\":\"2023-05-23T10:42:32+00:00\",\"dateModified\":\"2026-04-07T16:41:51+00:00\",\"description\":\"In unserem Online-Shop findest du alles f\u00fcr deine Zeremonie &#183; Unsere Bio Tonkabohnen erg\u00e4nzen deinen zeremoniellen Kakao mit einem au\u00dfergew\u00f6hnlichem Aroma.\",\"breadcrumb\":{\"@id\":\"https:\/\/suyana.shop\/fr\/produit\/feves-tonka-bio#breadcrumb\"},\"inLanguage\":\"it-IT\",\"potentialAction\":[{\"@type\":\"ReadAction\",\"target\":[\"https:\/\/suyana.shop\/fr\/produit\/feves-tonka-bio\"]}]},{\"@type\":\"ImageObject\",\"inLanguage\":\"it-IT\",\"@id\":\"https:\/\/suyana.shop\/fr\/produit\/feves-tonka-bio#primaryimage\",\"url\":\"https:\/\/suyana.shop\/wp-content\/uploads\/2023\/05\/Suyana-x-Elimba-DSC00363-Bearbeitet-scaled-e1744114716376.jpg?wsr\",\"contentUrl\":\"https:\/\/suyana.shop\/wp-content\/uploads\/2023\/05\/Suyana-x-Elimba-DSC00363-Bearbeitet-scaled-e1744114716376.jpg?wsr\",\"width\":2266,\"height\":1510},{\"@type\":\"BreadcrumbList\",\"@id\":\"https:\/\/suyana.shop\/fr\/produit\/feves-tonka-bio#breadcrumb\",\"itemListElement\":[{\"@type\":\"ListItem\",\"position\":1,\"name\":\"Startseite\",\"item\":\"https:\/\/suyana.shop\/\"},{\"@type\":\"ListItem\",\"position\":2,\"name\":\"Bio Tonkabohnen gemahlen Wildsammlung aus Brasilien\"}]},{\"@type\":\"WebSite\",\"@id\":\"\/#website\",\"url\":\"\/\",\"name\":\"Zeremonieller Kakao &amp; R\u00e4ucherwerk und spirituelle Tiefe | Suyana\",\"description\":\"Zeremonieller Kakao &amp; Kakaozeremonien\",\"publisher\":{\"@id\":\"\/#organization\"},\"potentialAction\":[{\"@type\":\"SearchAction\",\"target\":{\"@type\":\"EntryPoint\",\"urlTemplate\":\"\/?s={search_term_string}\"},\"query-input\":{\"@type\":\"PropertyValueSpecification\",\"valueRequired\":true,\"valueName\":\"search_term_string\"}}],\"inLanguage\":\"it-IT\"},{\"@type\":\"Organization\",\"@id\":\"\/#organization\",\"name\":\"Suyana\",\"url\":\"\/\",\"logo\":{\"@type\":\"ImageObject\",\"inLanguage\":\"it-IT\",\"@id\":\"\/#\/schema\/logo\/image\/\",\"url\":\"https:\/\/suyana.shop\/wp-content\/uploads\/2022\/05\/suyana-logo-brown-small.png\",\"contentUrl\":\"https:\/\/suyana.shop\/wp-content\/uploads\/2022\/05\/suyana-logo-brown-small.png\",\"width\":1387,\"height\":300,\"caption\":\"Suyana\"},\"image\":{\"@id\":\"\/#\/schema\/logo\/image\/\"},\"sameAs\":[\"https:\/\/instagram.com\/suyana.spirit\"]}]}<\/script>\n<!-- \/ Yoast SEO Premium plugin. -->","yoast_head_json":{"title":"Fave Tonka biologiche - Cacao e incenso cerimoniale e profondit\u00e0 spirituale | Suyana","description":"Nel nostro negozio online troverai tutto il necessario per la tua cerimonia. Le nostre fave tonka bio completano il tuo cacao da cerimonia con un aroma straordinario.","robots":{"index":"index","follow":"follow","max-snippet":"max-snippet:-1","max-image-preview":"max-image-preview:large","max-video-preview":"max-video-preview:-1"},"canonical":"https:\/\/suyana.shop\/it\/prodotto\/fave-tonka-biologiche\/","og_locale":"it_IT","og_type":"article","og_title":"Bio Tonkabohnen gemahlen Wildsammlung aus Brasilien","og_description":"In unserem Online-Shop findest du alles f\u00fcr deine Zeremonie &#183; Unsere Bio Tonkabohnen erg\u00e4nzen deinen zeremoniellen Kakao mit einem au\u00dfergew\u00f6hnlichem Aroma.","og_url":"https:\/\/suyana.shop\/it\/prodotto\/fave-tonka-biologiche\/","og_site_name":"Zeremonieller Kakao &amp; R\u00e4ucherwerk und spirituelle Tiefe | Suyana","article_modified_time":"2026-04-07T16:41:51+00:00","og_image":[{"width":2266,"height":1510,"url":"https:\/\/suyana.shop\/wp-content\/uploads\/2023\/05\/Suyana-x-Elimba-DSC00363-Bearbeitet-scaled-e1744114716376.jpg","type":"image\/jpeg"}],"twitter_card":"summary_large_image","twitter_misc":{"Tempo di lettura stimato":"3 minuti"},"schema":{"@context":"https:\/\/schema.org","@graph":[{"@type":"WebPage","@id":"https:\/\/suyana.shop\/fr\/produit\/feves-tonka-bio","url":"https:\/\/suyana.shop\/fr\/produit\/feves-tonka-bio","name":"Fave Tonka biologiche - Cacao e incenso cerimoniale e profondit\u00e0 spirituale | Suyana","isPartOf":{"@id":"\/#website"},"primaryImageOfPage":{"@id":"https:\/\/suyana.shop\/fr\/produit\/feves-tonka-bio#primaryimage"},"image":{"@id":"https:\/\/suyana.shop\/fr\/produit\/feves-tonka-bio#primaryimage"},"thumbnailUrl":"https:\/\/suyana.shop\/wp-content\/uploads\/2023\/05\/Suyana-x-Elimba-DSC00363-Bearbeitet-scaled-e1744114716376.jpg?wsr","datePublished":"2023-05-23T10:42:32+00:00","dateModified":"2026-04-07T16:41:51+00:00","description":"Nel nostro negozio online troverai tutto il necessario per la tua cerimonia. Le nostre fave tonka bio completano il tuo cacao da cerimonia con un aroma straordinario.","breadcrumb":{"@id":"https:\/\/suyana.shop\/fr\/produit\/feves-tonka-bio#breadcrumb"},"inLanguage":"it-IT","potentialAction":[{"@type":"ReadAction","target":["https:\/\/suyana.shop\/fr\/produit\/feves-tonka-bio"]}]},{"@type":"ImageObject","inLanguage":"it-IT","@id":"https:\/\/suyana.shop\/fr\/produit\/feves-tonka-bio#primaryimage","url":"https:\/\/suyana.shop\/wp-content\/uploads\/2023\/05\/Suyana-x-Elimba-DSC00363-Bearbeitet-scaled-e1744114716376.jpg?wsr","contentUrl":"https:\/\/suyana.shop\/wp-content\/uploads\/2023\/05\/Suyana-x-Elimba-DSC00363-Bearbeitet-scaled-e1744114716376.jpg?wsr","width":2266,"height":1510},{"@type":"BreadcrumbList","@id":"https:\/\/suyana.shop\/fr\/produit\/feves-tonka-bio#breadcrumb","itemListElement":[{"@type":"ListItem","position":1,"name":"Startseite","item":"https:\/\/suyana.shop\/"},{"@type":"ListItem","position":2,"name":"Bio Tonkabohnen gemahlen Wildsammlung aus Brasilien"}]},{"@type":"WebSite","@id":"\/#website","url":"\/","name":"Il cerimoniale di cacao e incenso, e la profondit\u00e0 spirituale | Suyana","description":"Il Cerimoniale Di Cacao E Cacao Cerimonie","publisher":{"@id":"\/#organization"},"potentialAction":[{"@type":"SearchAction","target":{"@type":"EntryPoint","urlTemplate":"\/?s={search_term_string}"},"query-input":{"@type":"PropertyValueSpecification","valueRequired":true,"valueName":"search_term_string"}}],"inLanguage":"it-IT"},{"@type":"Organization","@id":"\/#organization","name":"Suyana","url":"\/","logo":{"@type":"ImageObject","inLanguage":"it-IT","@id":"\/#\/schema\/logo\/image\/","url":"https:\/\/suyana.shop\/wp-content\/uploads\/2022\/05\/suyana-logo-brown-small.png","contentUrl":"https:\/\/suyana.shop\/wp-content\/uploads\/2022\/05\/suyana-logo-brown-small.png","width":1387,"height":300,"caption":"Suyana"},"image":{"@id":"\/#\/schema\/logo\/image\/"},"sameAs":["https:\/\/instagram.com\/suyana.spirit"]}]}},"_links":{"self":[{"href":"https:\/\/suyana.shop\/it\/wp-json\/wp\/v2\/product\/34465","targetHints":{"allow":["GET"]}}],"collection":[{"href":"https:\/\/suyana.shop\/it\/wp-json\/wp\/v2\/product"}],"about":[{"href":"https:\/\/suyana.shop\/it\/wp-json\/wp\/v2\/types\/product"}],"replies":[{"embeddable":true,"href":"https:\/\/suyana.shop\/it\/wp-json\/wp\/v2\/comments?post=34465"}],"version-history":[{"count":4,"href":"https:\/\/suyana.shop\/it\/wp-json\/wp\/v2\/product\/34465\/revisions"}],"predecessor-version":[{"id":573496,"href":"https:\/\/suyana.shop\/it\/wp-json\/wp\/v2\/product\/34465\/revisions\/573496"}],"wp:featuredmedia":[{"embeddable":true,"href":"https:\/\/suyana.shop\/it\/wp-json\/wp\/v2\/media\/568625"}],"wp:attachment":[{"href":"https:\/\/suyana.shop\/it\/wp-json\/wp\/v2\/media?parent=34465"}],"wp:term":[{"taxonomy":"product_brand","embeddable":true,"href":"https:\/\/suyana.shop\/it\/wp-json\/wp\/v2\/product_brand?post=34465"},{"taxonomy":"product_cat","embeddable":true,"href":"https:\/\/suyana.shop\/it\/wp-json\/wp\/v2\/product_cat?post=34465"},{"taxonomy":"product_tag","embeddable":true,"href":"https:\/\/suyana.shop\/it\/wp-json\/wp\/v2\/product_tag?post=34465"}],"curies":[{"name":"wp","href":"https:\/\/api.w.org\/{rel}","templated":true}]}} 