{"id":38,"date":"2022-01-25T21:27:27","date_gmt":"2022-01-25T21:27:27","guid":{"rendered":"https:\/\/suyana.shop\/?post_type=product&#038;p=38"},"modified":"2026-02-25T11:16:10","modified_gmt":"2026-02-25T10:16:10","slug":"legno-di-incenso-di-palo-santo","status":"publish","type":"product","link":"https:\/\/suyana.shop\/it\/produkt\/palo-santo-raeucherholz","title":{"rendered":"<b> Legni d&#039;incenso di Palo Santo <\/b>  da Piura, Per\u00f9"},"content":{"rendered":"<p>&nbsp;<\/p>\n<p><img class=\"aligncenter\" src=\"\/wp-content\/uploads\/2022\/07\/Zeichenfla%CC%88che-5100.svg\" alt=\"\" width=\"203\" height=\"28\" \/><\/p>\n<h2 style=\"text-align: center;\">Palo Santo de Piura di Suyana<\/h2>\n<h4 style=\"text-align: center;\">Il legno d'incenso di Palo Santo accarezza il cuore e l'anima, calma e ispira la mente.<\/h4>\n<div>\n<p>&nbsp;<\/p>\n<p style=\"text-align: center;\">Questo legno d'incenso Palo Santo \u00e8 pura natura e ha conquistato subito i nostri cuori. Grazie al suo fumo piacevolmente avvolgente e vellutato - con fragranze leggermente fruttate - il nostro Palo Santo \u00e8 presente senza essere invadente. Accarezza il cuore e l'anima, calma e ispira la mente: ti racconta una storia, la sua storia.<\/p>\n<p style=\"text-align: center;\">\u00c8 una storia molto antica, perch\u00e9 l&#039;affumicatura di resine e legni cos\u00ec come la combustione di erbe medicinali ha una lunga tradizione in tutto il mondo: profumi rilassanti che semplicemente fanno bene; Fumo che crea una connessione tra l&#039;interno e l&#039;esterno, che costruisce un ponte tra la natura e le persone e avvicina agli dei. Allontanare pensieri ed energie negative o addirittura demoni fa parte del fumo. Ma con l&#039;incenso vengono perseguiti non solo scopi religiosi, ma anche specifici scopi medici.<\/p>\n<p style=\"text-align: center;\">Sin dall'epoca precolombiana, si dice che il legno d'incenso di Palo Santo abbia poteri curativi che hanno un effetto positivo su raffreddori, disturbi di stomaco, malattie della pelle, mal di testa, asma, stress e depressione. Si dice che l'albero del balsamo abbia effetti depurativi, antinfiammatori, antidolorifici e persino antibiotici.<\/p>\n<p>&nbsp;<\/p>\n<\/div>\n<p><img src=\"\/wp-content\/uploads\/2022\/07\/shop_palo_bg_05.jpg\" alt=\"\" \/><\/p>\n<p>&nbsp;<\/p>\n<p><img class=\"\" src=\"\/wp-content\/uploads\/2022\/07\/Zeichenfla%CC%88che-11100.svg\" alt=\"\" width=\"203\" height=\"22\" \/><\/p>\n<h3>Crescita e raccolta del nostro sacro legno d'incenso di Palo Santo<\/h3>\n<div>\n<p>Bursera graveolens, il suo nome latino, si trova naturalmente in alcune parti del Nord, Centro e Sud America. Il nostro Palo Santo proviene esclusivamente da foreste secche naturali lungo la costa peruviana nella regione di Piura ed \u00e8 l\u00ec protetto. Qui il Palo Santo non viene piantato, abbattuto o tagliato, ma gli viene permesso di vivere la sua \u201cvita da albero\u201d in modo naturale nel ciclo della natura. Un albero di Palo Santo vive circa 100 anni fino a raggiungere la sua \u201cet\u00e0 biologica\u201d. Legno, legnetti e rami cadono e l&#039;albero finalmente si adagia a terra per abbandonarsi completamente al ciclo della natura. Solo ora sul terreno il Palo Santo acquisisce la maturit\u00e0, il suo forte contenuto di resina e il suo profumo intenso, individuale e inconfondibile.<\/p>\n<p>Il legno caduto e l&#039;albero stesso a volte rimangono in giro fino a 4-5 anni finch\u00e9 non vengono finalmente raccolti dai collettivi agricoli locali. L&#039;azienda forestale peruviana (SERFOR) presta attenzione alla quantit\u00e0 di legno raccolto e poi determina l&#039;area di compensazione che deve essere rimboschita.<\/p>\n<p>Abbiamo scelto proprio questo Palo Santo perch\u00e9 soddisfa le nostre esigenze di qualit\u00e0 del prodotto, sostenibilit\u00e0, consapevolezza, apprezzamento e correttezza. Con questo Palo Santo viene onorato il tradizionale patrimonio indigeno, la sua naturalezza \u00e8 attentamente preservata nel suo ciclo di vita e viene preservato il futuro delle foreste di Palo Santo, delle comunit\u00e0 locali e dei loro residenti.<\/p>\n<p>Accendi il Palo Santo de Piura di Suyana e arrenditi ai suoi effetti magici e alla sua storia di vita. Espiritu Nativo de Palo Santo per te.<\/p>\n<p>C&#039;\u00e8 altro incenso da scoprire qui: <a href=\"https:\/\/suyana.shop\/produkt\/weisser-salbei-raeucherbuendel-aus-kalifornien-der-heimat-des-salvia-apiana\">Fagottino di incenso alla salvia bianca<\/a><\/p>\n<\/div>","protected":false},"excerpt":{"rendered":"<ul class=\"uk-list uk-margin-medium uk-width-xlarge\">\n<li class=\"el-item\">\n<div class=\"uk-grid-small uk-child-width-expand uk-flex-nowrap uk-grid\">\n<div>\n<div class=\"el-content uk-panel\"><em>Ideale per fumare e per le cerimonie<\/em><\/div>\n<\/div>\n<\/div>\n<\/li>\n<li class=\"el-item\">\n<div class=\"uk-grid-small uk-child-width-expand uk-flex-nowrap uk-grid\">\n<div>\n<div class=\"el-content uk-panel\"><em>forte contenuto di resina, ricco di oli essenziali<\/em><\/div>\n<\/div>\n<\/div>\n<\/li>\n<li class=\"el-item\">\n<div class=\"uk-grid-small uk-child-width-expand uk-flex-nowrap uk-grid\">\n<div>\n<div class=\"el-content uk-panel\"><em>Note di fragranza di pino, cocco, agrumi e menta<\/em><\/div>\n<\/div>\n<\/div>\n<\/li>\n<li class=\"el-item\">\n<div class=\"uk-grid-small uk-child-width-expand uk-flex-nowrap uk-grid\">\n<div>\n<div class=\"el-content uk-panel\"><em>ispirante, calmante e purificante<\/em><\/div>\n<\/div>\n<\/div>\n<\/li>\n<li class=\"el-item\">\n<div class=\"uk-grid-small uk-child-width-expand uk-flex-nowrap uk-grid\">\n<div>\n<div class=\"el-content uk-panel\"><em>stock naturali, esclusivamente naturali, senza deforestazione!<\/em><\/div>\n<\/div>\n<\/div>\n<\/li>\n<li class=\"el-item\">\n<div class=\"uk-grid-small uk-child-width-expand uk-flex-nowrap uk-grid\">\n<div>\n<div class=\"el-content uk-panel\"><em>commercio diretto equo e solidale con comunit\u00e0 e collettivi locali<\/em><\/div>\n<\/div>\n<\/div>\n<\/li>\n<li class=\"el-item\">\n<div class=\"uk-grid-small uk-child-width-expand uk-flex-nowrap uk-grid\">\n<div>\n<div class=\"el-content uk-panel\">\n<p><em>Legno di incenso di Palo Santo\u00a0<\/em><\/p>\n<\/div>\n<\/div>\n<\/div>\n<\/li>\n<\/ul>","protected":false},"featured_media":572086,"comment_status":"closed","ping_status":"closed","template":"","meta":{"site-sidebar-layout":"default","site-content-layout":"","ast-site-content-layout":"default","site-content-style":"default","site-sidebar-style":"default","ast-global-header-display":"","ast-banner-title-visibility":"","ast-main-header-display":"","ast-hfb-above-header-display":"","ast-hfb-below-header-display":"","ast-hfb-mobile-header-display":"","site-post-title":"","ast-breadcrumbs-content":"","ast-featured-img":"","footer-sml-layout":"","ast-disable-related-posts":"","theme-transparent-header-meta":"default","adv-header-id-meta":"","stick-header-meta":"default","header-above-stick-meta":"","header-main-stick-meta":"","header-below-stick-meta":"","astra-migrate-meta-layouts":"set","ast-page-background-enabled":"default","ast-page-background-meta":{"desktop":{"background-color":"var(--ast-global-color-4)","background-image":"","background-repeat":"repeat","background-position":"center center","background-size":"auto","background-attachment":"scroll","background-type":"","background-media":"","overlay-type":"","overlay-color":"","overlay-opacity":"","overlay-gradient":""},"tablet":{"background-color":"","background-image":"","background-repeat":"repeat","background-position":"center center","background-size":"auto","background-attachment":"scroll","background-type":"","background-media":"","overlay-type":"","overlay-color":"","overlay-opacity":"","overlay-gradient":""},"mobile":{"background-color":"","background-image":"","background-repeat":"repeat","background-position":"center center","background-size":"auto","background-attachment":"scroll","background-type":"","background-media":"","overlay-type":"","overlay-color":"","overlay-opacity":"","overlay-gradient":""}},"ast-content-background-meta":{"desktop":{"background-color":"var(--ast-global-color-5)","background-image":"","background-repeat":"repeat","background-position":"center center","background-size":"auto","background-attachment":"scroll","background-type":"","background-media":"","overlay-type":"","overlay-color":"","overlay-opacity":"","overlay-gradient":""},"tablet":{"background-color":"var(--ast-global-color-5)","background-image":"","background-repeat":"repeat","background-position":"center center","background-size":"auto","background-attachment":"scroll","background-type":"","background-media":"","overlay-type":"","overlay-color":"","overlay-opacity":"","overlay-gradient":""},"mobile":{"background-color":"var(--ast-global-color-5)","background-image":"","background-repeat":"repeat","background-position":"center center","background-size":"auto","background-attachment":"scroll","background-type":"","background-media":"","overlay-type":"","overlay-color":"","overlay-opacity":"","overlay-gradient":""}}},"product_brand":[],"product_cat":[15,167],"product_tag":[],"class_list":{"0":"post-38","1":"product","2":"type-product","3":"status-publish","4":"has-post-thumbnail","6":"product_cat-alle-produkte","7":"product_cat-raeucherwerk","8":"desktop-align-left","9":"tablet-align-left","10":"mobile-align-left","11":"ast-product-gallery-layout-horizontal-slider","12":"ast-product-single-variable","13":"ast-product-tabs-layout-horizontal","15":"first","16":"instock","17":"taxable","18":"shipping-taxable","19":"purchasable","20":"product-type-variable"},"bundled_by":[],"bundle_stock_status":"instock","bundle_stock_quantity":null,"bundle_virtual":false,"bundle_layout":"","bundle_add_to_cart_form_location":"","bundle_editable_in_cart":false,"bundle_sold_individually_context":"","bundle_item_grouping":"","bundle_min_size":"","bundle_max_size":"","bundle_price":[],"bundled_items":[],"bundle_sell_ids":[],"yoast_head":"<!-- This site is optimized with the Yoast SEO Premium plugin v24.0 (Yoast SEO v26.9) - https:\/\/yoast.com\/product\/yoast-seo-premium-wordpress\/ -->\n<title>Suyana &#183; Palo Santo R\u00e4ucherholz aus Piura, Peru<\/title>\n<meta name=\"description\" content=\"In unserem Online-Shop findest du alles f\u00fcr deine Zeremonie &#183; Lass dich mitnehmen auf eine Reise in die Welt des Palo Santo R\u00e4ucherholz.\" \/>\n<meta name=\"robots\" content=\"index, follow, max-snippet:-1, max-image-preview:large, max-video-preview:-1\" \/>\n<link rel=\"canonical\" href=\"https:\/\/suyana.shop\/it\/prodotto\/legno-di-incenso-di-palo-santo\" \/>\n<meta property=\"og:locale\" content=\"it_IT\" \/>\n<meta property=\"og:type\" content=\"article\" \/>\n<meta property=\"og:title\" content=\"Palo Santo R\u00e4ucherh\u00f6lzer  aus Piura, Peru\" \/>\n<meta property=\"og:description\" content=\"In unserem Online-Shop findest du alles f\u00fcr deine Zeremonie &#183; Lass dich mitnehmen auf eine Reise in die Welt des Palo Santo R\u00e4ucherholz.\" \/>\n<meta property=\"og:url\" content=\"https:\/\/suyana.shop\/it\/prodotto\/legno-di-incenso-di-palo-santo\" \/>\n<meta property=\"og:site_name\" content=\"Zeremonieller Kakao &amp; R\u00e4ucherwerk und spirituelle Tiefe | Suyana\" \/>\n<meta property=\"article:modified_time\" content=\"2026-02-25T10:16:10+00:00\" \/>\n<meta property=\"og:image\" content=\"https:\/\/suyana.shop\/wp-content\/uploads\/2022\/01\/DSC07682-scaled.jpg\" \/>\n\t<meta property=\"og:image:width\" content=\"2560\" \/>\n\t<meta property=\"og:image:height\" content=\"1707\" \/>\n\t<meta property=\"og:image:type\" content=\"image\/jpeg\" \/>\n<meta name=\"twitter:card\" content=\"summary_large_image\" \/>\n<meta name=\"twitter:label1\" content=\"Tempo di lettura stimato\" \/>\n\t<meta name=\"twitter:data1\" content=\"4 minuti\" \/>\n<script type=\"application\/ld+json\" class=\"yoast-schema-graph\">{\"@context\":\"https:\/\/schema.org\",\"@graph\":[{\"@type\":\"WebPage\",\"@id\":\"https:\/\/suyana.shop\/it\/prodotto\/legno-di-incenso-di-palo-santo\",\"url\":\"https:\/\/suyana.shop\/it\/prodotto\/legno-di-incenso-di-palo-santo\",\"name\":\"Suyana &#183; Palo Santo R\u00e4ucherholz aus Piura, Peru\",\"isPartOf\":{\"@id\":\"\/#website\"},\"primaryImageOfPage\":{\"@id\":\"https:\/\/suyana.shop\/it\/prodotto\/legno-di-incenso-di-palo-santo#primaryimage\"},\"image\":{\"@id\":\"https:\/\/suyana.shop\/it\/prodotto\/legno-di-incenso-di-palo-santo#primaryimage\"},\"thumbnailUrl\":\"https:\/\/suyana.shop\/wp-content\/uploads\/2022\/01\/DSC07682-scaled.jpg?wsr\",\"datePublished\":\"2022-01-25T21:27:27+00:00\",\"dateModified\":\"2026-02-25T10:16:10+00:00\",\"description\":\"In unserem Online-Shop findest du alles f\u00fcr deine Zeremonie &#183; Lass dich mitnehmen auf eine Reise in die Welt des Palo Santo R\u00e4ucherholz.\",\"breadcrumb\":{\"@id\":\"https:\/\/suyana.shop\/it\/prodotto\/legno-di-incenso-di-palo-santo#breadcrumb\"},\"inLanguage\":\"it-IT\",\"potentialAction\":[{\"@type\":\"ReadAction\",\"target\":[\"https:\/\/suyana.shop\/it\/prodotto\/legno-di-incenso-di-palo-santo\"]}]},{\"@type\":\"ImageObject\",\"inLanguage\":\"it-IT\",\"@id\":\"https:\/\/suyana.shop\/it\/prodotto\/legno-di-incenso-di-palo-santo#primaryimage\",\"url\":\"https:\/\/suyana.shop\/wp-content\/uploads\/2022\/01\/DSC07682-scaled.jpg?wsr\",\"contentUrl\":\"https:\/\/suyana.shop\/wp-content\/uploads\/2022\/01\/DSC07682-scaled.jpg?wsr\",\"width\":2560,\"height\":1707},{\"@type\":\"BreadcrumbList\",\"@id\":\"https:\/\/suyana.shop\/it\/prodotto\/legno-di-incenso-di-palo-santo#breadcrumb\",\"itemListElement\":[{\"@type\":\"ListItem\",\"position\":1,\"name\":\"Startseite\",\"item\":\"https:\/\/suyana.shop\/it\/\"},{\"@type\":\"ListItem\",\"position\":2,\"name\":\"Palo Santo R\u00e4ucherh\u00f6lzer aus Piura, Peru\"}]},{\"@type\":\"WebSite\",\"@id\":\"\/#website\",\"url\":\"\/\",\"name\":\"Zeremonieller Kakao &amp; R\u00e4ucherwerk und spirituelle Tiefe | Suyana\",\"description\":\"Zeremonieller Kakao &amp; Kakaozeremonien\",\"publisher\":{\"@id\":\"\/#organization\"},\"potentialAction\":[{\"@type\":\"SearchAction\",\"target\":{\"@type\":\"EntryPoint\",\"urlTemplate\":\"\/?s={search_term_string}\"},\"query-input\":{\"@type\":\"PropertyValueSpecification\",\"valueRequired\":true,\"valueName\":\"search_term_string\"}}],\"inLanguage\":\"it-IT\"},{\"@type\":\"Organization\",\"@id\":\"\/#organization\",\"name\":\"Suyana\",\"url\":\"\/\",\"logo\":{\"@type\":\"ImageObject\",\"inLanguage\":\"it-IT\",\"@id\":\"\/#\/schema\/logo\/image\/\",\"url\":\"https:\/\/suyana.shop\/wp-content\/uploads\/2022\/05\/suyana-logo-brown-small.png\",\"contentUrl\":\"https:\/\/suyana.shop\/wp-content\/uploads\/2022\/05\/suyana-logo-brown-small.png\",\"width\":1387,\"height\":300,\"caption\":\"Suyana\"},\"image\":{\"@id\":\"\/#\/schema\/logo\/image\/\"},\"sameAs\":[\"https:\/\/instagram.com\/suyana.spirit\"]}]}<\/script>\n<!-- \/ Yoast SEO Premium plugin. -->","yoast_head_json":{"title":"Suyana \u00b7 Legno di incenso Palo Santo di Piura, Per\u00f9","description":"Nel nostro shop online troverai tutto il necessario per la tua cerimonia \u00b7 Lasciati condurre in un viaggio nel mondo dell&#039;incenso in legno di Palo Santo.","robots":{"index":"index","follow":"follow","max-snippet":"max-snippet:-1","max-image-preview":"max-image-preview:large","max-video-preview":"max-video-preview:-1"},"canonical":"https:\/\/suyana.shop\/it\/prodotto\/legno-di-incenso-di-palo-santo","og_locale":"it_IT","og_type":"article","og_title":"Palo Santo R\u00e4ucherh\u00f6lzer  aus Piura, Peru","og_description":"In unserem Online-Shop findest du alles f\u00fcr deine Zeremonie &#183; Lass dich mitnehmen auf eine Reise in die Welt des Palo Santo R\u00e4ucherholz.","og_url":"https:\/\/suyana.shop\/it\/prodotto\/legno-di-incenso-di-palo-santo","og_site_name":"Zeremonieller Kakao &amp; R\u00e4ucherwerk und spirituelle Tiefe | Suyana","article_modified_time":"2026-02-25T10:16:10+00:00","og_image":[{"width":2560,"height":1707,"url":"https:\/\/suyana.shop\/wp-content\/uploads\/2022\/01\/DSC07682-scaled.jpg","type":"image\/jpeg"}],"twitter_card":"summary_large_image","twitter_misc":{"Tempo di lettura stimato":"4 minuti"},"schema":{"@context":"https:\/\/schema.org","@graph":[{"@type":"WebPage","@id":"https:\/\/suyana.shop\/it\/prodotto\/legno-di-incenso-di-palo-santo","url":"https:\/\/suyana.shop\/it\/prodotto\/legno-di-incenso-di-palo-santo","name":"Suyana \u00b7 Legno di incenso Palo Santo di Piura, Per\u00f9","isPartOf":{"@id":"\/#website"},"primaryImageOfPage":{"@id":"https:\/\/suyana.shop\/it\/prodotto\/legno-di-incenso-di-palo-santo#primaryimage"},"image":{"@id":"https:\/\/suyana.shop\/it\/prodotto\/legno-di-incenso-di-palo-santo#primaryimage"},"thumbnailUrl":"https:\/\/suyana.shop\/wp-content\/uploads\/2022\/01\/DSC07682-scaled.jpg?wsr","datePublished":"2022-01-25T21:27:27+00:00","dateModified":"2026-02-25T10:16:10+00:00","description":"Nel nostro shop online troverai tutto il necessario per la tua cerimonia \u00b7 Lasciati condurre in un viaggio nel mondo dell&#039;incenso in legno di Palo Santo.","breadcrumb":{"@id":"https:\/\/suyana.shop\/it\/prodotto\/legno-di-incenso-di-palo-santo#breadcrumb"},"inLanguage":"it-IT","potentialAction":[{"@type":"ReadAction","target":["https:\/\/suyana.shop\/it\/prodotto\/legno-di-incenso-di-palo-santo"]}]},{"@type":"ImageObject","inLanguage":"it-IT","@id":"https:\/\/suyana.shop\/it\/prodotto\/legno-di-incenso-di-palo-santo#primaryimage","url":"https:\/\/suyana.shop\/wp-content\/uploads\/2022\/01\/DSC07682-scaled.jpg?wsr","contentUrl":"https:\/\/suyana.shop\/wp-content\/uploads\/2022\/01\/DSC07682-scaled.jpg?wsr","width":2560,"height":1707},{"@type":"BreadcrumbList","@id":"https:\/\/suyana.shop\/it\/prodotto\/legno-di-incenso-di-palo-santo#breadcrumb","itemListElement":[{"@type":"ListItem","position":1,"name":"Startseite","item":"https:\/\/suyana.shop\/it\/"},{"@type":"ListItem","position":2,"name":"Palo Santo R\u00e4ucherh\u00f6lzer aus Piura, Peru"}]},{"@type":"WebSite","@id":"\/#website","url":"\/","name":"Il cerimoniale di cacao e incenso, e la profondit\u00e0 spirituale | Suyana","description":"Il Cerimoniale Di Cacao E Cacao Cerimonie","publisher":{"@id":"\/#organization"},"potentialAction":[{"@type":"SearchAction","target":{"@type":"EntryPoint","urlTemplate":"\/?s={search_term_string}"},"query-input":{"@type":"PropertyValueSpecification","valueRequired":true,"valueName":"search_term_string"}}],"inLanguage":"it-IT"},{"@type":"Organization","@id":"\/#organization","name":"Suyana","url":"\/","logo":{"@type":"ImageObject","inLanguage":"it-IT","@id":"\/#\/schema\/logo\/image\/","url":"https:\/\/suyana.shop\/wp-content\/uploads\/2022\/05\/suyana-logo-brown-small.png","contentUrl":"https:\/\/suyana.shop\/wp-content\/uploads\/2022\/05\/suyana-logo-brown-small.png","width":1387,"height":300,"caption":"Suyana"},"image":{"@id":"\/#\/schema\/logo\/image\/"},"sameAs":["https:\/\/instagram.com\/suyana.spirit"]}]}},"_links":{"self":[{"href":"https:\/\/suyana.shop\/it\/wp-json\/wp\/v2\/product\/38","targetHints":{"allow":["GET"]}}],"collection":[{"href":"https:\/\/suyana.shop\/it\/wp-json\/wp\/v2\/product"}],"about":[{"href":"https:\/\/suyana.shop\/it\/wp-json\/wp\/v2\/types\/product"}],"replies":[{"embeddable":true,"href":"https:\/\/suyana.shop\/it\/wp-json\/wp\/v2\/comments?post=38"}],"version-history":[{"count":0,"href":"https:\/\/suyana.shop\/it\/wp-json\/wp\/v2\/product\/38\/revisions"}],"wp:featuredmedia":[{"embeddable":true,"href":"https:\/\/suyana.shop\/it\/wp-json\/wp\/v2\/media\/572086"}],"wp:attachment":[{"href":"https:\/\/suyana.shop\/it\/wp-json\/wp\/v2\/media?parent=38"}],"wp:term":[{"taxonomy":"product_brand","embeddable":true,"href":"https:\/\/suyana.shop\/it\/wp-json\/wp\/v2\/product_brand?post=38"},{"taxonomy":"product_cat","embeddable":true,"href":"https:\/\/suyana.shop\/it\/wp-json\/wp\/v2\/product_cat?post=38"},{"taxonomy":"product_tag","embeddable":true,"href":"https:\/\/suyana.shop\/it\/wp-json\/wp\/v2\/product_tag?post=38"}],"curies":[{"name":"wp","href":"https:\/\/api.w.org\/{rel}","templated":true}]}}