{"id":565093,"date":"2024-11-21T16:32:29","date_gmt":"2024-11-21T15:32:29","guid":{"rendered":"https:\/\/suyana.shop\/?post_type=product&#038;p=565093"},"modified":"2026-04-09T07:38:58","modified_gmt":"2026-04-09T06:38:58","slug":"palo-santo-in-unelegante-scatola-scorrevole","status":"publish","type":"product","link":"https:\/\/suyana.shop\/it\/produkt\/palo-santo-in-edler-schiebebox","title":{"rendered":"<b>Scatola del Bosco Sacro <\/b> <br> 12 legni di Palo Santo in un'elegante scatola di cartone"},"content":{"rendered":"<h2><strong>L'essenza della Scatola del Bosco Sacro<br \/>\n<\/strong><\/h2>\n<p><span style=\"font-weight: 400;\">La Scatola dei Legni Sacri porta il potere purificante e calmante del Palo Santo direttamente a casa tua. Questo esclusivo set comprende 12 legni accuratamente selezionati, confezionati in un'elegante scatola di cartone - ideale per rituali personali, cerimonie spirituali o come regalo consapevole.<\/span><\/p>\n<p><span style=\"font-weight: 400;\">Il nostro Palo Santo proviene dalle foreste secche protette di Piura, in Per\u00f9, dove viene raccolto in modo sostenibile. Il legno proviene esclusivamente da alberi caduti naturalmente per proteggere l'ambiente e preservare la biodiversit\u00e0. Questa pratica consapevole sostiene le comunit\u00e0 locali e garantisce la massima qualit\u00e0.<\/span><\/p>\n<p><span style=\"font-weight: 400;\">Quando viene fumato, il Palo Santo rilascia un fumo delicato e caldo con note fruttate e di terra che creano un'atmosfera calmante e armonizzante. Tradizionalmente viene utilizzato per purificare energeticamente gli ambienti, ridurre lo stress e promuovere una sensazione di pace e chiarezza.<\/span><\/p>\n<p><span style=\"font-weight: 400;\">L'elegante scatola di cartone mantiene i legni al sicuro e offre una soluzione pratica ed estetica per l'uso quotidiano. La sua semplice eleganza la rende anche un regalo perfetto per gli amanti delle pratiche spirituali.<\/span><\/p>\n<p><strong>Raccomandazione d'uso:<\/strong><\/p>\n<ul>\n<li><span style=\"font-weight: 400;\"><strong>Fumo<\/strong>Accendi un'estremit\u00e0 di un pezzo di legno di Palo Santo, lascialo bruciare brevemente e spegni la fiamma. Il fumo che si sprigiona purifica l'ambiente circostante e crea un'atmosfera rilassante.<\/span><\/li>\n<\/ul>\n<p><span style=\"font-weight: 400;\">La Scatola dei Legni Sacri \u00e8 pi\u00f9 di un semplice set: \u00e8 un invito a sperimentare la magia purificante e calmante del legno sacro nella tua vita quotidiana. Che sia per te o come regalo, questi legni portano armonia e consapevolezza.<\/span><\/p>\n<p><span style=\"font-weight: 400;\">Scatola di legno sacro - La magia del legno sacro, confezionata con stile. \ud83c\udf3f\u2728<\/span><\/p>\n<p>&nbsp;<\/p>","protected":false},"excerpt":{"rendered":"<p><span style=\"font-weight: 400;\">\u229b 12 legni di Palo Santo raccolti in modo sostenibile: perfetti per cerimonie di incenso, meditazione o pulizia energetica.<\/span><\/p>\n<p><span style=\"font-weight: 400;\">\u229b Origine sostenibile: raccolto con cura da alberi caduti naturalmente a Piura, in Per\u00f9.<\/span><\/p>\n<p><span style=\"font-weight: 400;\">\u229b Puro e armonizzante: fumo delicato con note calde e fruttate, ideale per i rituali mentali.<\/span><\/p>\n<p><span style=\"font-weight: 400;\">\u229b Uso tradizionale: usato da secoli per purificare gli ambienti e promuovere il benessere.<\/span><\/p>","protected":false},"featured_media":572016,"comment_status":"open","ping_status":"closed","template":"","meta":{"site-sidebar-layout":"default","site-content-layout":"","ast-site-content-layout":"default","site-content-style":"default","site-sidebar-style":"default","ast-global-header-display":"","ast-banner-title-visibility":"","ast-main-header-display":"","ast-hfb-above-header-display":"","ast-hfb-below-header-display":"","ast-hfb-mobile-header-display":"","site-post-title":"","ast-breadcrumbs-content":"","ast-featured-img":"","footer-sml-layout":"","ast-disable-related-posts":"","theme-transparent-header-meta":"default","adv-header-id-meta":"","stick-header-meta":"default","header-above-stick-meta":"","header-main-stick-meta":"","header-below-stick-meta":"","astra-migrate-meta-layouts":"set","ast-page-background-enabled":"default","ast-page-background-meta":{"desktop":{"background-color":"var(--ast-global-color-4)","background-image":"","background-repeat":"repeat","background-position":"center center","background-size":"auto","background-attachment":"scroll","background-type":"","background-media":"","overlay-type":"","overlay-color":"","overlay-opacity":"","overlay-gradient":""},"tablet":{"background-color":"","background-image":"","background-repeat":"repeat","background-position":"center center","background-size":"auto","background-attachment":"scroll","background-type":"","background-media":"","overlay-type":"","overlay-color":"","overlay-opacity":"","overlay-gradient":""},"mobile":{"background-color":"","background-image":"","background-repeat":"repeat","background-position":"center center","background-size":"auto","background-attachment":"scroll","background-type":"","background-media":"","overlay-type":"","overlay-color":"","overlay-opacity":"","overlay-gradient":""}},"ast-content-background-meta":{"desktop":{"background-color":"var(--ast-global-color-5)","background-image":"","background-repeat":"repeat","background-position":"center center","background-size":"auto","background-attachment":"scroll","background-type":"","background-media":"","overlay-type":"","overlay-color":"","overlay-opacity":"","overlay-gradient":""},"tablet":{"background-color":"var(--ast-global-color-5)","background-image":"","background-repeat":"repeat","background-position":"center center","background-size":"auto","background-attachment":"scroll","background-type":"","background-media":"","overlay-type":"","overlay-color":"","overlay-opacity":"","overlay-gradient":""},"mobile":{"background-color":"var(--ast-global-color-5)","background-image":"","background-repeat":"repeat","background-position":"center center","background-size":"auto","background-attachment":"scroll","background-type":"","background-media":"","overlay-type":"","overlay-color":"","overlay-opacity":"","overlay-gradient":""}}},"product_brand":[],"product_cat":[167,221],"product_tag":[],"class_list":{"0":"post-565093","1":"product","2":"type-product","3":"status-publish","4":"has-post-thumbnail","6":"product_cat-raeucherwerk","7":"product_cat-bundles","8":"desktop-align-left","9":"tablet-align-left","10":"mobile-align-left","11":"ast-product-gallery-layout-horizontal-slider","12":"ast-product-tabs-layout-horizontal","14":"first","15":"instock","16":"taxable","17":"shipping-taxable","18":"purchasable","19":"product-type-simple"},"bundled_by":["574673"],"bundle_stock_status":"instock","bundle_stock_quantity":113,"bundle_virtual":false,"bundle_layout":"","bundle_add_to_cart_form_location":"","bundle_editable_in_cart":false,"bundle_sold_individually_context":"","bundle_item_grouping":"","bundle_min_size":"","bundle_max_size":"","bundle_price":[],"bundled_items":[],"bundle_sell_ids":[],"yoast_head":"<!-- This site is optimized with the Yoast SEO Premium plugin v24.0 (Yoast SEO v26.9) - https:\/\/yoast.com\/product\/yoast-seo-premium-wordpress\/ -->\n<title>Zeremonieller Kakao &amp; R\u00e4ucherwerk und spirituelle Tiefe | Suyana &#183; Sacred Woods Box   12 Palo Santo H\u00f6lzer in edler Kartonbox<\/title>\n<meta name=\"description\" content=\"In unserem Online-Shop findest du alles f\u00fcr deine Zeremonie &#183; Lass dich mitnehmen auf eine Reise in die Welt des zeremoniellen Suyana Kakaos.\" \/>\n<meta name=\"robots\" content=\"index, follow, max-snippet:-1, max-image-preview:large, max-video-preview:-1\" \/>\n<link rel=\"canonical\" href=\"https:\/\/suyana.shop\/it\/prodotto\/palo-santo-in-unelegante-scatola-scorrevole\/\" \/>\n<meta property=\"og:locale\" content=\"it_IT\" \/>\n<meta property=\"og:type\" content=\"article\" \/>\n<meta property=\"og:title\" content=\"Sacred Woods Box   12 Palo Santo H\u00f6lzer in edler Kartonbox\" \/>\n<meta property=\"og:description\" content=\"In unserem Online-Shop findest du alles f\u00fcr deine Zeremonie &#183; Lass dich mitnehmen auf eine Reise in die Welt des zeremoniellen Suyana Kakaos.\" \/>\n<meta property=\"og:url\" content=\"https:\/\/suyana.shop\/it\/prodotto\/palo-santo-in-unelegante-scatola-scorrevole\/\" \/>\n<meta property=\"og:site_name\" content=\"Zeremonieller Kakao &amp; R\u00e4ucherwerk und spirituelle Tiefe | Suyana\" \/>\n<meta property=\"article:modified_time\" content=\"2026-04-09T06:38:58+00:00\" \/>\n<meta property=\"og:image\" content=\"https:\/\/suyana.shop\/wp-content\/uploads\/2024\/11\/DSC07686-2-scaled.jpg\" \/>\n\t<meta property=\"og:image:width\" content=\"2560\" \/>\n\t<meta property=\"og:image:height\" content=\"1661\" \/>\n\t<meta property=\"og:image:type\" content=\"image\/jpeg\" \/>\n<meta name=\"twitter:card\" content=\"summary_large_image\" \/>\n<meta name=\"twitter:label1\" content=\"Tempo di lettura stimato\" \/>\n\t<meta name=\"twitter:data1\" content=\"2 minuti\" \/>\n<script type=\"application\/ld+json\" class=\"yoast-schema-graph\">{\"@context\":\"https:\/\/schema.org\",\"@graph\":[{\"@type\":\"WebPage\",\"@id\":\"https:\/\/suyana.shop\/fr\/produit\/palo-santo-dans-une-elegante-boite-coulissante\",\"url\":\"https:\/\/suyana.shop\/fr\/produit\/palo-santo-dans-une-elegante-boite-coulissante\",\"name\":\"Zeremonieller Kakao &amp; R\u00e4ucherwerk und spirituelle Tiefe | Suyana &#183; Sacred Woods Box 12 Palo Santo H\u00f6lzer in edler Kartonbox\",\"isPartOf\":{\"@id\":\"\/#website\"},\"primaryImageOfPage\":{\"@id\":\"https:\/\/suyana.shop\/fr\/produit\/palo-santo-dans-une-elegante-boite-coulissante#primaryimage\"},\"image\":{\"@id\":\"https:\/\/suyana.shop\/fr\/produit\/palo-santo-dans-une-elegante-boite-coulissante#primaryimage\"},\"thumbnailUrl\":\"https:\/\/suyana.shop\/wp-content\/uploads\/2024\/11\/DSC07686-2-scaled.jpg?wsr\",\"datePublished\":\"2024-11-21T15:32:29+00:00\",\"dateModified\":\"2026-04-09T06:38:58+00:00\",\"description\":\"In unserem Online-Shop findest du alles f\u00fcr deine Zeremonie &#183; Lass dich mitnehmen auf eine Reise in die Welt des zeremoniellen Suyana Kakaos.\",\"breadcrumb\":{\"@id\":\"https:\/\/suyana.shop\/fr\/produit\/palo-santo-dans-une-elegante-boite-coulissante#breadcrumb\"},\"inLanguage\":\"it-IT\",\"potentialAction\":[{\"@type\":\"ReadAction\",\"target\":[\"https:\/\/suyana.shop\/fr\/produit\/palo-santo-dans-une-elegante-boite-coulissante\"]}]},{\"@type\":\"ImageObject\",\"inLanguage\":\"it-IT\",\"@id\":\"https:\/\/suyana.shop\/fr\/produit\/palo-santo-dans-une-elegante-boite-coulissante#primaryimage\",\"url\":\"https:\/\/suyana.shop\/wp-content\/uploads\/2024\/11\/DSC07686-2-scaled.jpg?wsr\",\"contentUrl\":\"https:\/\/suyana.shop\/wp-content\/uploads\/2024\/11\/DSC07686-2-scaled.jpg?wsr\",\"width\":2560,\"height\":1661},{\"@type\":\"BreadcrumbList\",\"@id\":\"https:\/\/suyana.shop\/fr\/produit\/palo-santo-dans-une-elegante-boite-coulissante#breadcrumb\",\"itemListElement\":[{\"@type\":\"ListItem\",\"position\":1,\"name\":\"Startseite\",\"item\":\"https:\/\/suyana.shop\/fr\/\"},{\"@type\":\"ListItem\",\"position\":2,\"name\":\"Sacred Woods Box 12 Palo Santo H\u00f6lzer in edler Kartonbox\"}]},{\"@type\":\"WebSite\",\"@id\":\"\/#website\",\"url\":\"\/\",\"name\":\"Zeremonieller Kakao &amp; R\u00e4ucherwerk und spirituelle Tiefe | Suyana\",\"description\":\"Zeremonieller Kakao &amp; Kakaozeremonien\",\"publisher\":{\"@id\":\"\/#organization\"},\"potentialAction\":[{\"@type\":\"SearchAction\",\"target\":{\"@type\":\"EntryPoint\",\"urlTemplate\":\"\/?s={search_term_string}\"},\"query-input\":{\"@type\":\"PropertyValueSpecification\",\"valueRequired\":true,\"valueName\":\"search_term_string\"}}],\"inLanguage\":\"it-IT\"},{\"@type\":\"Organization\",\"@id\":\"\/#organization\",\"name\":\"Suyana\",\"url\":\"\/\",\"logo\":{\"@type\":\"ImageObject\",\"inLanguage\":\"it-IT\",\"@id\":\"\/#\/schema\/logo\/image\/\",\"url\":\"https:\/\/suyana.shop\/wp-content\/uploads\/2022\/05\/suyana-logo-brown-small.png\",\"contentUrl\":\"https:\/\/suyana.shop\/wp-content\/uploads\/2022\/05\/suyana-logo-brown-small.png\",\"width\":1387,\"height\":300,\"caption\":\"Suyana\"},\"image\":{\"@id\":\"\/#\/schema\/logo\/image\/\"},\"sameAs\":[\"https:\/\/instagram.com\/suyana.spirit\"]}]}<\/script>\n<!-- \/ Yoast SEO Premium plugin. -->","yoast_head_json":{"title":"Zeremonieller Kakao &amp; R\u00e4ucherwerk und spirituelle Tiefe | Suyana &#183; Sacred Woods Box   12 Palo Santo H\u00f6lzer in edler Kartonbox","description":"Nel nostro shop online troverai tutto il necessario per la tua cerimonia \u00b7 Lasciati condurre in un viaggio nel mondo del cacao cerimoniale Suyana.","robots":{"index":"index","follow":"follow","max-snippet":"max-snippet:-1","max-image-preview":"max-image-preview:large","max-video-preview":"max-video-preview:-1"},"canonical":"https:\/\/suyana.shop\/it\/prodotto\/palo-santo-in-unelegante-scatola-scorrevole\/","og_locale":"it_IT","og_type":"article","og_title":"Sacred Woods Box   12 Palo Santo H\u00f6lzer in edler Kartonbox","og_description":"In unserem Online-Shop findest du alles f\u00fcr deine Zeremonie &#183; Lass dich mitnehmen auf eine Reise in die Welt des zeremoniellen Suyana Kakaos.","og_url":"https:\/\/suyana.shop\/it\/prodotto\/palo-santo-in-unelegante-scatola-scorrevole\/","og_site_name":"Zeremonieller Kakao &amp; R\u00e4ucherwerk und spirituelle Tiefe | Suyana","article_modified_time":"2026-04-09T06:38:58+00:00","og_image":[{"width":2560,"height":1661,"url":"https:\/\/suyana.shop\/wp-content\/uploads\/2024\/11\/DSC07686-2-scaled.jpg","type":"image\/jpeg"}],"twitter_card":"summary_large_image","twitter_misc":{"Tempo di lettura stimato":"2 minuti"},"schema":{"@context":"https:\/\/schema.org","@graph":[{"@type":"WebPage","@id":"https:\/\/suyana.shop\/fr\/produit\/palo-santo-dans-une-elegante-boite-coulissante","url":"https:\/\/suyana.shop\/fr\/produit\/palo-santo-dans-une-elegante-boite-coulissante","name":"Cacao e incenso per cerimonie e profondit\u00e0 spirituale | Suyana - Sacred Woods Box 12 legni di Palo Santo in un'elegante scatola di cartone","isPartOf":{"@id":"\/#website"},"primaryImageOfPage":{"@id":"https:\/\/suyana.shop\/fr\/produit\/palo-santo-dans-une-elegante-boite-coulissante#primaryimage"},"image":{"@id":"https:\/\/suyana.shop\/fr\/produit\/palo-santo-dans-une-elegante-boite-coulissante#primaryimage"},"thumbnailUrl":"https:\/\/suyana.shop\/wp-content\/uploads\/2024\/11\/DSC07686-2-scaled.jpg?wsr","datePublished":"2024-11-21T15:32:29+00:00","dateModified":"2026-04-09T06:38:58+00:00","description":"Nel nostro shop online troverai tutto il necessario per la tua cerimonia \u00b7 Lasciati condurre in un viaggio nel mondo del cacao cerimoniale Suyana.","breadcrumb":{"@id":"https:\/\/suyana.shop\/fr\/produit\/palo-santo-dans-une-elegante-boite-coulissante#breadcrumb"},"inLanguage":"it-IT","potentialAction":[{"@type":"ReadAction","target":["https:\/\/suyana.shop\/fr\/produit\/palo-santo-dans-une-elegante-boite-coulissante"]}]},{"@type":"ImageObject","inLanguage":"it-IT","@id":"https:\/\/suyana.shop\/fr\/produit\/palo-santo-dans-une-elegante-boite-coulissante#primaryimage","url":"https:\/\/suyana.shop\/wp-content\/uploads\/2024\/11\/DSC07686-2-scaled.jpg?wsr","contentUrl":"https:\/\/suyana.shop\/wp-content\/uploads\/2024\/11\/DSC07686-2-scaled.jpg?wsr","width":2560,"height":1661},{"@type":"BreadcrumbList","@id":"https:\/\/suyana.shop\/fr\/produit\/palo-santo-dans-une-elegante-boite-coulissante#breadcrumb","itemListElement":[{"@type":"ListItem","position":1,"name":"Startseite","item":"https:\/\/suyana.shop\/fr\/"},{"@type":"ListItem","position":2,"name":"Sacred Woods Box 12 Palo Santo H\u00f6lzer in edler Kartonbox"}]},{"@type":"WebSite","@id":"\/#website","url":"\/","name":"Il cerimoniale di cacao e incenso, e la profondit\u00e0 spirituale | Suyana","description":"Il Cerimoniale Di Cacao E Cacao Cerimonie","publisher":{"@id":"\/#organization"},"potentialAction":[{"@type":"SearchAction","target":{"@type":"EntryPoint","urlTemplate":"\/?s={search_term_string}"},"query-input":{"@type":"PropertyValueSpecification","valueRequired":true,"valueName":"search_term_string"}}],"inLanguage":"it-IT"},{"@type":"Organization","@id":"\/#organization","name":"Suyana","url":"\/","logo":{"@type":"ImageObject","inLanguage":"it-IT","@id":"\/#\/schema\/logo\/image\/","url":"https:\/\/suyana.shop\/wp-content\/uploads\/2022\/05\/suyana-logo-brown-small.png","contentUrl":"https:\/\/suyana.shop\/wp-content\/uploads\/2022\/05\/suyana-logo-brown-small.png","width":1387,"height":300,"caption":"Suyana"},"image":{"@id":"\/#\/schema\/logo\/image\/"},"sameAs":["https:\/\/instagram.com\/suyana.spirit"]}]}},"_links":{"self":[{"href":"https:\/\/suyana.shop\/it\/wp-json\/wp\/v2\/product\/565093","targetHints":{"allow":["GET"]}}],"collection":[{"href":"https:\/\/suyana.shop\/it\/wp-json\/wp\/v2\/product"}],"about":[{"href":"https:\/\/suyana.shop\/it\/wp-json\/wp\/v2\/types\/product"}],"replies":[{"embeddable":true,"href":"https:\/\/suyana.shop\/it\/wp-json\/wp\/v2\/comments?post=565093"}],"version-history":[{"count":1,"href":"https:\/\/suyana.shop\/it\/wp-json\/wp\/v2\/product\/565093\/revisions"}],"predecessor-version":[{"id":573385,"href":"https:\/\/suyana.shop\/it\/wp-json\/wp\/v2\/product\/565093\/revisions\/573385"}],"wp:featuredmedia":[{"embeddable":true,"href":"https:\/\/suyana.shop\/it\/wp-json\/wp\/v2\/media\/572016"}],"wp:attachment":[{"href":"https:\/\/suyana.shop\/it\/wp-json\/wp\/v2\/media?parent=565093"}],"wp:term":[{"taxonomy":"product_brand","embeddable":true,"href":"https:\/\/suyana.shop\/it\/wp-json\/wp\/v2\/product_brand?post=565093"},{"taxonomy":"product_cat","embeddable":true,"href":"https:\/\/suyana.shop\/it\/wp-json\/wp\/v2\/product_cat?post=565093"},{"taxonomy":"product_tag","embeddable":true,"href":"https:\/\/suyana.shop\/it\/wp-json\/wp\/v2\/product_tag?post=565093"}],"curies":[{"name":"wp","href":"https:\/\/api.w.org\/{rel}","templated":true}]}}